{"id":57851,"date":"2021-02-02T14:55:45","date_gmt":"2021-02-02T13:55:45","guid":{"rendered":"https:\/\/anasounds.com\/?post_type=product&#038;p=57851"},"modified":"2026-01-09T18:37:01","modified_gmt":"2026-01-09T17:37:01","slug":"kit-tournevis-multifonction-et-pince-22-pieces","status":"publish","type":"product","link":"https:\/\/anasounds.com\/fr\/produit\/kit-tournevis-multifonction-et-pince-22-pieces\/","title":{"rendered":"tournevis multifonction et pince 22 pi\u00e8ces | pour visser absolument tout"},"content":{"rendered":"<h3 style=\"text-align: center;\">un tournevis multifonction ultra polyvalent !<\/h3>\n<p style=\"text-align: center;\">Dans ce kit, tu as un tournevis multifonction avec 20 embouts diff\u00e9rents. De quoi visser et d\u00e9visser tout ce que tu veux !<br \/>\nEn plus il y a une pince, tr\u00e8s pratique pour attraper et placer les petits composants.<\/p>\n<p style=\"text-align: center;\">Le tout est rang\u00e9 dans un petit \u00e9tui pratique \u00e0 emmener partout !<\/p>\n","protected":false},"excerpt":{"rendered":"<p>Un tournevis avec 20 embouts et une pince pr\u00e9cise.<\/p>\n","protected":false},"featured_media":57892,"comment_status":"open","ping_status":"closed","template":"","meta":[],"product_brand":[],"product_cat":[522,1047],"product_tag":[],"class_list":{"0":"post-57851","1":"product","2":"type-product","3":"status-publish","4":"has-post-thumbnail","6":"product_cat-outils-fx-teacher","7":"product_cat-outils-pour-pedales","9":"first","10":"instock","11":"taxable","12":"shipping-taxable","13":"purchasable","14":"product-type-simple"},"supplier_id":83677,"supplier_sku":"","barcode":null,"atum_controlled":true,"out_stock_date":null,"out_stock_threshold":null,"inheritable":false,"inbound_stock":5,"stock_on_hold":0,"sold_today":0,"sales_last_days":0,"reserved_stock":0,"customer_returns":0,"warehouse_damage":0,"lost_in_post":0,"other_logs":0,"out_stock_days":0,"lost_sales":0,"has_location":false,"update_date":"2026-04-04T01:02:14","atum_locations":[],"atum_stock_status":"instock","restock_status":false,"low_stock_amount":"","sales_update_date":"2026-04-04T01:02:14","calc_backorders":0,"yoast_head":"<!-- This site is optimized with the Yoast SEO plugin v26.5 - https:\/\/yoast.com\/wordpress\/plugins\/seo\/ -->\n<title>tournevis multifonction et pince 22 pi\u00e8ces | pour visser absolument tout | Anasounds<\/title>\n<meta name=\"description\" content=\"Un tournevis multifonction avec 20 embouts et une pince pr\u00e9cise pour attraper les composants les plus petits.\" \/>\n<meta name=\"robots\" content=\"index, follow, max-snippet:-1, max-image-preview:large, max-video-preview:-1\" \/>\n<link rel=\"canonical\" href=\"https:\/\/anasounds.com\/fr\/produit\/kit-tournevis-multifonction-et-pince-22-pieces\/\" \/>\n<meta property=\"og:locale\" content=\"fr_FR\" \/>\n<meta property=\"og:type\" content=\"article\" \/>\n<meta property=\"og:title\" content=\"tournevis multifonction et pince 22 pi\u00e8ces | pour visser absolument tout | Anasounds\" \/>\n<meta property=\"og:description\" content=\"Un tournevis multifonction avec 20 embouts et une pince pr\u00e9cise pour attraper les composants les plus petits.\" \/>\n<meta property=\"og:url\" content=\"https:\/\/anasounds.com\/fr\/produit\/kit-tournevis-multifonction-et-pince-22-pieces\/\" \/>\n<meta property=\"og:site_name\" content=\"Anasounds\" \/>\n<meta property=\"article:publisher\" content=\"https:\/\/www.facebook.com\/AnasoundsFX\/\" \/>\n<meta property=\"article:modified_time\" content=\"2026-01-09T17:37:01+00:00\" \/>\n<meta property=\"og:image\" content=\"https:\/\/anasounds.com\/wp-content\/uploads\/2021\/02\/kit-outils-22.jpg\" \/>\n\t<meta property=\"og:image:width\" content=\"800\" \/>\n\t<meta property=\"og:image:height\" content=\"800\" \/>\n\t<meta property=\"og:image:type\" content=\"image\/jpeg\" \/>\n<meta name=\"twitter:card\" content=\"summary_large_image\" \/>\n<script type=\"application\/ld+json\" class=\"yoast-schema-graph\">{\"@context\":\"https:\/\/schema.org\",\"@graph\":[{\"@type\":\"WebPage\",\"@id\":\"https:\/\/anasounds.com\/fr\/produit\/kit-tournevis-multifonction-et-pince-22-pieces\/\",\"url\":\"https:\/\/anasounds.com\/fr\/produit\/kit-tournevis-multifonction-et-pince-22-pieces\/\",\"name\":\"tournevis multifonction et pince 22 pi\u00e8ces | pour visser absolument tout | Anasounds\",\"isPartOf\":{\"@id\":\"https:\/\/anasounds.com\/#website\"},\"primaryImageOfPage\":{\"@id\":\"https:\/\/anasounds.com\/fr\/produit\/kit-tournevis-multifonction-et-pince-22-pieces\/#primaryimage\"},\"image\":{\"@id\":\"https:\/\/anasounds.com\/fr\/produit\/kit-tournevis-multifonction-et-pince-22-pieces\/#primaryimage\"},\"thumbnailUrl\":\"https:\/\/anasounds.com\/wp-content\/uploads\/2021\/02\/kit-outils-22.jpg\",\"datePublished\":\"2021-02-02T13:55:45+00:00\",\"dateModified\":\"2026-01-09T17:37:01+00:00\",\"description\":\"Un tournevis multifonction avec 20 embouts et une pince pr\u00e9cise pour attraper les composants les plus petits.\",\"breadcrumb\":{\"@id\":\"https:\/\/anasounds.com\/fr\/produit\/kit-tournevis-multifonction-et-pince-22-pieces\/#breadcrumb\"},\"inLanguage\":\"fr-FR\",\"potentialAction\":[{\"@type\":\"ReadAction\",\"target\":[\"https:\/\/anasounds.com\/fr\/produit\/kit-tournevis-multifonction-et-pince-22-pieces\/\"]}]},{\"@type\":\"ImageObject\",\"inLanguage\":\"fr-FR\",\"@id\":\"https:\/\/anasounds.com\/fr\/produit\/kit-tournevis-multifonction-et-pince-22-pieces\/#primaryimage\",\"url\":\"https:\/\/anasounds.com\/wp-content\/uploads\/2021\/02\/kit-outils-22.jpg\",\"contentUrl\":\"https:\/\/anasounds.com\/wp-content\/uploads\/2021\/02\/kit-outils-22.jpg\",\"width\":800,\"height\":800},{\"@type\":\"BreadcrumbList\",\"@id\":\"https:\/\/anasounds.com\/fr\/produit\/kit-tournevis-multifonction-et-pince-22-pieces\/#breadcrumb\",\"itemListElement\":[{\"@type\":\"ListItem\",\"position\":1,\"name\":\"Home\",\"item\":\"https:\/\/anasounds.com\/fr\/\"},{\"@type\":\"ListItem\",\"position\":2,\"name\":\"boutique\",\"item\":\"https:\/\/anasounds.com\/fr\/shop\/\"},{\"@type\":\"ListItem\",\"position\":3,\"name\":\"tournevis multifonction et pince 22 pi\u00e8ces | pour visser absolument tout\"}]},{\"@type\":\"WebSite\",\"@id\":\"https:\/\/anasounds.com\/#website\",\"url\":\"https:\/\/anasounds.com\/\",\"name\":\"Anasounds\",\"description\":\"P\u00e9dales \u00e0 la Fran\u00e7aise\",\"publisher\":{\"@id\":\"https:\/\/anasounds.com\/#organization\"},\"potentialAction\":[{\"@type\":\"SearchAction\",\"target\":{\"@type\":\"EntryPoint\",\"urlTemplate\":\"https:\/\/anasounds.com\/?s={search_term_string}\"},\"query-input\":{\"@type\":\"PropertyValueSpecification\",\"valueRequired\":true,\"valueName\":\"search_term_string\"}}],\"inLanguage\":\"fr-FR\"},{\"@type\":\"Organization\",\"@id\":\"https:\/\/anasounds.com\/#organization\",\"name\":\"Anasounds\",\"url\":\"https:\/\/anasounds.com\/\",\"logo\":{\"@type\":\"ImageObject\",\"inLanguage\":\"fr-FR\",\"@id\":\"https:\/\/anasounds.com\/#\/schema\/logo\/image\/\",\"url\":\"https:\/\/anasounds.com\/wp-content\/uploads\/2017\/10\/Logomadeinfrnoirblc.png\",\"contentUrl\":\"https:\/\/anasounds.com\/wp-content\/uploads\/2017\/10\/Logomadeinfrnoirblc.png\",\"width\":300,\"height\":300,\"caption\":\"Anasounds\"},\"image\":{\"@id\":\"https:\/\/anasounds.com\/#\/schema\/logo\/image\/\"},\"sameAs\":[\"https:\/\/www.facebook.com\/AnasoundsFX\/\",\"https:\/\/www.instagram.com\/anasounds\/\",\"https:\/\/www.youtube.com\/user\/AnaSoundsFR\"]}]}<\/script>\n<!-- \/ Yoast SEO plugin. -->","yoast_head_json":{"title":"tournevis multifonction et pince 22 pi\u00e8ces | pour visser absolument tout | Anasounds","description":"Un tournevis multifonction avec 20 embouts et une pince pr\u00e9cise pour attraper les composants les plus petits.","robots":{"index":"index","follow":"follow","max-snippet":"max-snippet:-1","max-image-preview":"max-image-preview:large","max-video-preview":"max-video-preview:-1"},"canonical":"https:\/\/anasounds.com\/fr\/produit\/kit-tournevis-multifonction-et-pince-22-pieces\/","og_locale":"fr_FR","og_type":"article","og_title":"tournevis multifonction et pince 22 pi\u00e8ces | pour visser absolument tout | Anasounds","og_description":"Un tournevis multifonction avec 20 embouts et une pince pr\u00e9cise pour attraper les composants les plus petits.","og_url":"https:\/\/anasounds.com\/fr\/produit\/kit-tournevis-multifonction-et-pince-22-pieces\/","og_site_name":"Anasounds","article_publisher":"https:\/\/www.facebook.com\/AnasoundsFX\/","article_modified_time":"2026-01-09T17:37:01+00:00","og_image":[{"width":800,"height":800,"url":"https:\/\/anasounds.com\/wp-content\/uploads\/2021\/02\/kit-outils-22.jpg","type":"image\/jpeg"}],"twitter_card":"summary_large_image","schema":{"@context":"https:\/\/schema.org","@graph":[{"@type":"WebPage","@id":"https:\/\/anasounds.com\/fr\/produit\/kit-tournevis-multifonction-et-pince-22-pieces\/","url":"https:\/\/anasounds.com\/fr\/produit\/kit-tournevis-multifonction-et-pince-22-pieces\/","name":"tournevis multifonction et pince 22 pi\u00e8ces | pour visser absolument tout | Anasounds","isPartOf":{"@id":"https:\/\/anasounds.com\/#website"},"primaryImageOfPage":{"@id":"https:\/\/anasounds.com\/fr\/produit\/kit-tournevis-multifonction-et-pince-22-pieces\/#primaryimage"},"image":{"@id":"https:\/\/anasounds.com\/fr\/produit\/kit-tournevis-multifonction-et-pince-22-pieces\/#primaryimage"},"thumbnailUrl":"https:\/\/anasounds.com\/wp-content\/uploads\/2021\/02\/kit-outils-22.jpg","datePublished":"2021-02-02T13:55:45+00:00","dateModified":"2026-01-09T17:37:01+00:00","description":"Un tournevis multifonction avec 20 embouts et une pince pr\u00e9cise pour attraper les composants les plus petits.","breadcrumb":{"@id":"https:\/\/anasounds.com\/fr\/produit\/kit-tournevis-multifonction-et-pince-22-pieces\/#breadcrumb"},"inLanguage":"fr-FR","potentialAction":[{"@type":"ReadAction","target":["https:\/\/anasounds.com\/fr\/produit\/kit-tournevis-multifonction-et-pince-22-pieces\/"]}]},{"@type":"ImageObject","inLanguage":"fr-FR","@id":"https:\/\/anasounds.com\/fr\/produit\/kit-tournevis-multifonction-et-pince-22-pieces\/#primaryimage","url":"https:\/\/anasounds.com\/wp-content\/uploads\/2021\/02\/kit-outils-22.jpg","contentUrl":"https:\/\/anasounds.com\/wp-content\/uploads\/2021\/02\/kit-outils-22.jpg","width":800,"height":800},{"@type":"BreadcrumbList","@id":"https:\/\/anasounds.com\/fr\/produit\/kit-tournevis-multifonction-et-pince-22-pieces\/#breadcrumb","itemListElement":[{"@type":"ListItem","position":1,"name":"Home","item":"https:\/\/anasounds.com\/fr\/"},{"@type":"ListItem","position":2,"name":"boutique","item":"https:\/\/anasounds.com\/fr\/shop\/"},{"@type":"ListItem","position":3,"name":"tournevis multifonction et pince 22 pi\u00e8ces | pour visser absolument tout"}]},{"@type":"WebSite","@id":"https:\/\/anasounds.com\/#website","url":"https:\/\/anasounds.com\/","name":"Anasounds","description":"P\u00e9dales \u00e0 la Fran\u00e7aise","publisher":{"@id":"https:\/\/anasounds.com\/#organization"},"potentialAction":[{"@type":"SearchAction","target":{"@type":"EntryPoint","urlTemplate":"https:\/\/anasounds.com\/?s={search_term_string}"},"query-input":{"@type":"PropertyValueSpecification","valueRequired":true,"valueName":"search_term_string"}}],"inLanguage":"fr-FR"},{"@type":"Organization","@id":"https:\/\/anasounds.com\/#organization","name":"Anasounds","url":"https:\/\/anasounds.com\/","logo":{"@type":"ImageObject","inLanguage":"fr-FR","@id":"https:\/\/anasounds.com\/#\/schema\/logo\/image\/","url":"https:\/\/anasounds.com\/wp-content\/uploads\/2017\/10\/Logomadeinfrnoirblc.png","contentUrl":"https:\/\/anasounds.com\/wp-content\/uploads\/2017\/10\/Logomadeinfrnoirblc.png","width":300,"height":300,"caption":"Anasounds"},"image":{"@id":"https:\/\/anasounds.com\/#\/schema\/logo\/image\/"},"sameAs":["https:\/\/www.facebook.com\/AnasoundsFX\/","https:\/\/www.instagram.com\/anasounds\/","https:\/\/www.youtube.com\/user\/AnaSoundsFR"]}]}},"_links":{"self":[{"href":"https:\/\/anasounds.com\/fr\/wp-json\/wp\/v2\/product\/57851","targetHints":{"allow":["GET"]}}],"collection":[{"href":"https:\/\/anasounds.com\/fr\/wp-json\/wp\/v2\/product"}],"about":[{"href":"https:\/\/anasounds.com\/fr\/wp-json\/wp\/v2\/types\/product"}],"replies":[{"embeddable":true,"href":"https:\/\/anasounds.com\/fr\/wp-json\/wp\/v2\/comments?post=57851"}],"wp:featuredmedia":[{"embeddable":true,"href":"https:\/\/anasounds.com\/fr\/wp-json\/wp\/v2\/media\/57892"}],"wp:attachment":[{"href":"https:\/\/anasounds.com\/fr\/wp-json\/wp\/v2\/media?parent=57851"}],"wp:term":[{"taxonomy":"product_brand","embeddable":true,"href":"https:\/\/anasounds.com\/fr\/wp-json\/wp\/v2\/product_brand?post=57851"},{"taxonomy":"product_cat","embeddable":true,"href":"https:\/\/anasounds.com\/fr\/wp-json\/wp\/v2\/product_cat?post=57851"},{"taxonomy":"product_tag","embeddable":true,"href":"https:\/\/anasounds.com\/fr\/wp-json\/wp\/v2\/product_tag?post=57851"}],"curies":[{"name":"wp","href":"https:\/\/api.w.org\/{rel}","templated":true}]}}