{"id":57858,"date":"2021-02-02T15:36:29","date_gmt":"2021-02-02T14:36:29","guid":{"rendered":"https:\/\/anasounds.com\/?post_type=product&#038;p=57858"},"modified":"2026-04-07T15:54:10","modified_gmt":"2026-04-07T13:54:10","slug":"plan-de-travail-en-silicone-pour-travailler-dans-les-meilleures-conditions","status":"publish","type":"product","link":"https:\/\/anasounds.com\/fr\/produit\/plan-de-travail-en-silicone-pour-travailler-dans-les-meilleures-conditions\/","title":{"rendered":"plan de travail en silicone | pour travailler dans les meilleures conditions"},"content":{"rendered":"<h3 style=\"text-align: center;\">pour un travail organis\u00e9<\/h3>\n<p style=\"text-align: center;\">Avec ce plan de travail, tu pourras travailler dans les meilleures conditions, en organisant tes <a href=\"https:\/\/anasounds.com\/fr\/categorie-produit\/fx-teacher\/outils-fx-teacher\/\">outils<\/a> tout en prot\u00e9geant ton bureau.<br \/>\nIl est r\u00e9sistant \u00e0 la chaleur, tu peux souder dessus sans probl\u00e8me !<\/p>\n<p style=\"text-align: center;\">Il y a des emplacements magn\u00e9tiques pour ne pas perdre tes vis, embouts m\u00e9talliques&#8230; Et plein de petits rangements, pour tout avoir \u00e0 port\u00e9e de main.<\/p>\n<p style=\"text-align: center;\">Dimensions : 45 x 30 cm.<\/p>\n","protected":false},"excerpt":{"rendered":"<p>Plan de travail en silicone pour soudure.<\/p>\n","protected":false},"featured_media":57894,"comment_status":"open","ping_status":"closed","template":"","meta":[],"product_brand":[],"product_cat":[522,1047,1048],"product_tag":[],"class_list":{"0":"post-57858","1":"product","2":"type-product","3":"status-publish","4":"has-post-thumbnail","6":"product_cat-outils-fx-teacher","7":"product_cat-outils-pour-pedales","8":"product_cat-outils-pour-cables-diy","10":"first","11":"instock","12":"taxable","13":"shipping-taxable","14":"purchasable","15":"product-type-simple"},"supplier_id":83677,"supplier_sku":"","barcode":null,"atum_controlled":true,"out_stock_date":null,"out_stock_threshold":null,"inheritable":false,"inbound_stock":0,"stock_on_hold":0,"sold_today":0,"sales_last_days":0,"reserved_stock":0,"customer_returns":0,"warehouse_damage":0,"lost_in_post":0,"other_logs":0,"out_stock_days":0,"lost_sales":0,"has_location":false,"update_date":"2026-04-14T01:07:20","atum_locations":[],"atum_stock_status":"instock","restock_status":false,"low_stock_amount":"","sales_update_date":"2026-04-14T01:07:20","calc_backorders":null,"yoast_head":"<!-- This site is optimized with the Yoast SEO plugin v26.5 - https:\/\/yoast.com\/wordpress\/plugins\/seo\/ -->\n<title>plan de travail en silicone | pour travailler dans les meilleures conditions | Anasounds<\/title>\n<meta name=\"description\" content=\"Un plan de travail en silicone pour prot\u00e9ger ton bureau de la soudure, tout en organisant tes outils gr\u00e2ce aux rangements int\u00e9gr\u00e9s.\" \/>\n<meta name=\"robots\" content=\"index, follow, max-snippet:-1, max-image-preview:large, max-video-preview:-1\" \/>\n<link rel=\"canonical\" href=\"https:\/\/anasounds.com\/fr\/produit\/plan-de-travail-en-silicone-pour-travailler-dans-les-meilleures-conditions\/\" \/>\n<meta property=\"og:locale\" content=\"fr_FR\" \/>\n<meta property=\"og:type\" content=\"article\" \/>\n<meta property=\"og:title\" content=\"plan de travail en silicone | pour travailler dans les meilleures conditions | Anasounds\" \/>\n<meta property=\"og:description\" content=\"Un plan de travail en silicone pour prot\u00e9ger ton bureau de la soudure, tout en organisant tes outils gr\u00e2ce aux rangements int\u00e9gr\u00e9s.\" \/>\n<meta property=\"og:url\" content=\"https:\/\/anasounds.com\/fr\/produit\/plan-de-travail-en-silicone-pour-travailler-dans-les-meilleures-conditions\/\" \/>\n<meta property=\"og:site_name\" content=\"Anasounds\" \/>\n<meta property=\"article:publisher\" content=\"https:\/\/www.facebook.com\/AnasoundsFX\/\" \/>\n<meta property=\"article:modified_time\" content=\"2026-04-07T13:54:10+00:00\" \/>\n<meta property=\"og:image\" content=\"https:\/\/anasounds.com\/wp-content\/uploads\/2021\/02\/plan-de-travail-1.jpeg\" \/>\n\t<meta property=\"og:image:width\" content=\"1000\" \/>\n\t<meta property=\"og:image:height\" content=\"1000\" \/>\n\t<meta property=\"og:image:type\" content=\"image\/jpeg\" \/>\n<meta name=\"twitter:card\" content=\"summary_large_image\" \/>\n<meta name=\"twitter:label1\" content=\"Dur\u00e9e de lecture estim\u00e9e\" \/>\n\t<meta name=\"twitter:data1\" content=\"1 minute\" \/>\n<script type=\"application\/ld+json\" class=\"yoast-schema-graph\">{\"@context\":\"https:\/\/schema.org\",\"@graph\":[{\"@type\":\"WebPage\",\"@id\":\"https:\/\/anasounds.com\/fr\/produit\/plan-de-travail-en-silicone-pour-travailler-dans-les-meilleures-conditions\/\",\"url\":\"https:\/\/anasounds.com\/fr\/produit\/plan-de-travail-en-silicone-pour-travailler-dans-les-meilleures-conditions\/\",\"name\":\"plan de travail en silicone | pour travailler dans les meilleures conditions | Anasounds\",\"isPartOf\":{\"@id\":\"https:\/\/anasounds.com\/#website\"},\"primaryImageOfPage\":{\"@id\":\"https:\/\/anasounds.com\/fr\/produit\/plan-de-travail-en-silicone-pour-travailler-dans-les-meilleures-conditions\/#primaryimage\"},\"image\":{\"@id\":\"https:\/\/anasounds.com\/fr\/produit\/plan-de-travail-en-silicone-pour-travailler-dans-les-meilleures-conditions\/#primaryimage\"},\"thumbnailUrl\":\"https:\/\/anasounds.com\/wp-content\/uploads\/2021\/02\/plan-de-travail-1.jpeg\",\"datePublished\":\"2021-02-02T14:36:29+00:00\",\"dateModified\":\"2026-04-07T13:54:10+00:00\",\"description\":\"Un plan de travail en silicone pour prot\u00e9ger ton bureau de la soudure, tout en organisant tes outils gr\u00e2ce aux rangements int\u00e9gr\u00e9s.\",\"breadcrumb\":{\"@id\":\"https:\/\/anasounds.com\/fr\/produit\/plan-de-travail-en-silicone-pour-travailler-dans-les-meilleures-conditions\/#breadcrumb\"},\"inLanguage\":\"fr-FR\",\"potentialAction\":[{\"@type\":\"ReadAction\",\"target\":[\"https:\/\/anasounds.com\/fr\/produit\/plan-de-travail-en-silicone-pour-travailler-dans-les-meilleures-conditions\/\"]}]},{\"@type\":\"ImageObject\",\"inLanguage\":\"fr-FR\",\"@id\":\"https:\/\/anasounds.com\/fr\/produit\/plan-de-travail-en-silicone-pour-travailler-dans-les-meilleures-conditions\/#primaryimage\",\"url\":\"https:\/\/anasounds.com\/wp-content\/uploads\/2021\/02\/plan-de-travail-1.jpeg\",\"contentUrl\":\"https:\/\/anasounds.com\/wp-content\/uploads\/2021\/02\/plan-de-travail-1.jpeg\",\"width\":1000,\"height\":1000},{\"@type\":\"BreadcrumbList\",\"@id\":\"https:\/\/anasounds.com\/fr\/produit\/plan-de-travail-en-silicone-pour-travailler-dans-les-meilleures-conditions\/#breadcrumb\",\"itemListElement\":[{\"@type\":\"ListItem\",\"position\":1,\"name\":\"Home\",\"item\":\"https:\/\/anasounds.com\/fr\/\"},{\"@type\":\"ListItem\",\"position\":2,\"name\":\"boutique\",\"item\":\"https:\/\/anasounds.com\/fr\/shop\/\"},{\"@type\":\"ListItem\",\"position\":3,\"name\":\"plan de travail en silicone | pour travailler dans les meilleures conditions\"}]},{\"@type\":\"WebSite\",\"@id\":\"https:\/\/anasounds.com\/#website\",\"url\":\"https:\/\/anasounds.com\/\",\"name\":\"Anasounds\",\"description\":\"P\u00e9dales \u00e0 la Fran\u00e7aise\",\"publisher\":{\"@id\":\"https:\/\/anasounds.com\/#organization\"},\"potentialAction\":[{\"@type\":\"SearchAction\",\"target\":{\"@type\":\"EntryPoint\",\"urlTemplate\":\"https:\/\/anasounds.com\/?s={search_term_string}\"},\"query-input\":{\"@type\":\"PropertyValueSpecification\",\"valueRequired\":true,\"valueName\":\"search_term_string\"}}],\"inLanguage\":\"fr-FR\"},{\"@type\":\"Organization\",\"@id\":\"https:\/\/anasounds.com\/#organization\",\"name\":\"Anasounds\",\"url\":\"https:\/\/anasounds.com\/\",\"logo\":{\"@type\":\"ImageObject\",\"inLanguage\":\"fr-FR\",\"@id\":\"https:\/\/anasounds.com\/#\/schema\/logo\/image\/\",\"url\":\"https:\/\/anasounds.com\/wp-content\/uploads\/2017\/10\/Logomadeinfrnoirblc.png\",\"contentUrl\":\"https:\/\/anasounds.com\/wp-content\/uploads\/2017\/10\/Logomadeinfrnoirblc.png\",\"width\":300,\"height\":300,\"caption\":\"Anasounds\"},\"image\":{\"@id\":\"https:\/\/anasounds.com\/#\/schema\/logo\/image\/\"},\"sameAs\":[\"https:\/\/www.facebook.com\/AnasoundsFX\/\",\"https:\/\/www.instagram.com\/anasounds\/\",\"https:\/\/www.youtube.com\/user\/AnaSoundsFR\"]}]}<\/script>\n<!-- \/ Yoast SEO plugin. -->","yoast_head_json":{"title":"plan de travail en silicone | pour travailler dans les meilleures conditions | Anasounds","description":"Un plan de travail en silicone pour prot\u00e9ger ton bureau de la soudure, tout en organisant tes outils gr\u00e2ce aux rangements int\u00e9gr\u00e9s.","robots":{"index":"index","follow":"follow","max-snippet":"max-snippet:-1","max-image-preview":"max-image-preview:large","max-video-preview":"max-video-preview:-1"},"canonical":"https:\/\/anasounds.com\/fr\/produit\/plan-de-travail-en-silicone-pour-travailler-dans-les-meilleures-conditions\/","og_locale":"fr_FR","og_type":"article","og_title":"plan de travail en silicone | pour travailler dans les meilleures conditions | Anasounds","og_description":"Un plan de travail en silicone pour prot\u00e9ger ton bureau de la soudure, tout en organisant tes outils gr\u00e2ce aux rangements int\u00e9gr\u00e9s.","og_url":"https:\/\/anasounds.com\/fr\/produit\/plan-de-travail-en-silicone-pour-travailler-dans-les-meilleures-conditions\/","og_site_name":"Anasounds","article_publisher":"https:\/\/www.facebook.com\/AnasoundsFX\/","article_modified_time":"2026-04-07T13:54:10+00:00","og_image":[{"width":1000,"height":1000,"url":"https:\/\/anasounds.com\/wp-content\/uploads\/2021\/02\/plan-de-travail-1.jpeg","type":"image\/jpeg"}],"twitter_card":"summary_large_image","twitter_misc":{"Dur\u00e9e de lecture estim\u00e9e":"1 minute"},"schema":{"@context":"https:\/\/schema.org","@graph":[{"@type":"WebPage","@id":"https:\/\/anasounds.com\/fr\/produit\/plan-de-travail-en-silicone-pour-travailler-dans-les-meilleures-conditions\/","url":"https:\/\/anasounds.com\/fr\/produit\/plan-de-travail-en-silicone-pour-travailler-dans-les-meilleures-conditions\/","name":"plan de travail en silicone | pour travailler dans les meilleures conditions | Anasounds","isPartOf":{"@id":"https:\/\/anasounds.com\/#website"},"primaryImageOfPage":{"@id":"https:\/\/anasounds.com\/fr\/produit\/plan-de-travail-en-silicone-pour-travailler-dans-les-meilleures-conditions\/#primaryimage"},"image":{"@id":"https:\/\/anasounds.com\/fr\/produit\/plan-de-travail-en-silicone-pour-travailler-dans-les-meilleures-conditions\/#primaryimage"},"thumbnailUrl":"https:\/\/anasounds.com\/wp-content\/uploads\/2021\/02\/plan-de-travail-1.jpeg","datePublished":"2021-02-02T14:36:29+00:00","dateModified":"2026-04-07T13:54:10+00:00","description":"Un plan de travail en silicone pour prot\u00e9ger ton bureau de la soudure, tout en organisant tes outils gr\u00e2ce aux rangements int\u00e9gr\u00e9s.","breadcrumb":{"@id":"https:\/\/anasounds.com\/fr\/produit\/plan-de-travail-en-silicone-pour-travailler-dans-les-meilleures-conditions\/#breadcrumb"},"inLanguage":"fr-FR","potentialAction":[{"@type":"ReadAction","target":["https:\/\/anasounds.com\/fr\/produit\/plan-de-travail-en-silicone-pour-travailler-dans-les-meilleures-conditions\/"]}]},{"@type":"ImageObject","inLanguage":"fr-FR","@id":"https:\/\/anasounds.com\/fr\/produit\/plan-de-travail-en-silicone-pour-travailler-dans-les-meilleures-conditions\/#primaryimage","url":"https:\/\/anasounds.com\/wp-content\/uploads\/2021\/02\/plan-de-travail-1.jpeg","contentUrl":"https:\/\/anasounds.com\/wp-content\/uploads\/2021\/02\/plan-de-travail-1.jpeg","width":1000,"height":1000},{"@type":"BreadcrumbList","@id":"https:\/\/anasounds.com\/fr\/produit\/plan-de-travail-en-silicone-pour-travailler-dans-les-meilleures-conditions\/#breadcrumb","itemListElement":[{"@type":"ListItem","position":1,"name":"Home","item":"https:\/\/anasounds.com\/fr\/"},{"@type":"ListItem","position":2,"name":"boutique","item":"https:\/\/anasounds.com\/fr\/shop\/"},{"@type":"ListItem","position":3,"name":"plan de travail en silicone | pour travailler dans les meilleures conditions"}]},{"@type":"WebSite","@id":"https:\/\/anasounds.com\/#website","url":"https:\/\/anasounds.com\/","name":"Anasounds","description":"P\u00e9dales \u00e0 la Fran\u00e7aise","publisher":{"@id":"https:\/\/anasounds.com\/#organization"},"potentialAction":[{"@type":"SearchAction","target":{"@type":"EntryPoint","urlTemplate":"https:\/\/anasounds.com\/?s={search_term_string}"},"query-input":{"@type":"PropertyValueSpecification","valueRequired":true,"valueName":"search_term_string"}}],"inLanguage":"fr-FR"},{"@type":"Organization","@id":"https:\/\/anasounds.com\/#organization","name":"Anasounds","url":"https:\/\/anasounds.com\/","logo":{"@type":"ImageObject","inLanguage":"fr-FR","@id":"https:\/\/anasounds.com\/#\/schema\/logo\/image\/","url":"https:\/\/anasounds.com\/wp-content\/uploads\/2017\/10\/Logomadeinfrnoirblc.png","contentUrl":"https:\/\/anasounds.com\/wp-content\/uploads\/2017\/10\/Logomadeinfrnoirblc.png","width":300,"height":300,"caption":"Anasounds"},"image":{"@id":"https:\/\/anasounds.com\/#\/schema\/logo\/image\/"},"sameAs":["https:\/\/www.facebook.com\/AnasoundsFX\/","https:\/\/www.instagram.com\/anasounds\/","https:\/\/www.youtube.com\/user\/AnaSoundsFR"]}]}},"_links":{"self":[{"href":"https:\/\/anasounds.com\/fr\/wp-json\/wp\/v2\/product\/57858","targetHints":{"allow":["GET"]}}],"collection":[{"href":"https:\/\/anasounds.com\/fr\/wp-json\/wp\/v2\/product"}],"about":[{"href":"https:\/\/anasounds.com\/fr\/wp-json\/wp\/v2\/types\/product"}],"replies":[{"embeddable":true,"href":"https:\/\/anasounds.com\/fr\/wp-json\/wp\/v2\/comments?post=57858"}],"wp:featuredmedia":[{"embeddable":true,"href":"https:\/\/anasounds.com\/fr\/wp-json\/wp\/v2\/media\/57894"}],"wp:attachment":[{"href":"https:\/\/anasounds.com\/fr\/wp-json\/wp\/v2\/media?parent=57858"}],"wp:term":[{"taxonomy":"product_brand","embeddable":true,"href":"https:\/\/anasounds.com\/fr\/wp-json\/wp\/v2\/product_brand?post=57858"},{"taxonomy":"product_cat","embeddable":true,"href":"https:\/\/anasounds.com\/fr\/wp-json\/wp\/v2\/product_cat?post=57858"},{"taxonomy":"product_tag","embeddable":true,"href":"https:\/\/anasounds.com\/fr\/wp-json\/wp\/v2\/product_tag?post=57858"}],"curies":[{"name":"wp","href":"https:\/\/api.w.org\/{rel}","templated":true}]}}