{"id":57861,"date":"2021-02-02T15:58:13","date_gmt":"2021-02-02T14:58:13","guid":{"rendered":"https:\/\/anasounds.com\/?post_type=product&#038;p=57861"},"modified":"2025-04-17T16:02:03","modified_gmt":"2025-04-17T14:02:03","slug":"extracteur-de-fumee-pour-soudure","status":"publish","type":"product","link":"https:\/\/anasounds.com\/fr\/produit\/extracteur-de-fumee-pour-soudure\/","title":{"rendered":"extracteur de fum\u00e9e pour soudure"},"content":{"rendered":"<h3 style=\"text-align: center;\">pour ne plus inhaler de fum\u00e9e<\/h3>\n<p style=\"text-align: center;\">Cet extracteur permet d&rsquo;aspirer la fum\u00e9e et les poussi\u00e8res, pour souder dans les meilleures conditions.<br \/>\nIl \u00e9limine aussi les odeurs et bact\u00e9ries gr\u00e2ce \u00e0 ses <a href=\"https:\/\/anasounds.com\/fr\/?post_type=product&#038;p=57864\">3 couches de filtres<\/a>, pour un air toujours pur.<\/p>\n<p style=\"text-align: center;\">Il est aussi silencieux et tr\u00e8s pratique \u00e0 utiliser gr\u00e2ce \u00e0 son tuyau flexible.<\/p>\n<p style=\"text-align: center;\">Dimensions : 28,5 x 24,5 x 34,5 cm.<\/p>\n","protected":false},"excerpt":{"rendered":"<p>Pour aspirer la fum\u00e9e pendant la soudure.<\/p>\n","protected":false},"featured_media":57898,"comment_status":"open","ping_status":"closed","template":"","meta":[],"product_brand":[],"product_cat":[522,1047,1048],"product_tag":[],"class_list":{"0":"post-57861","1":"product","2":"type-product","3":"status-publish","4":"has-post-thumbnail","6":"product_cat-outils-fx-teacher","7":"product_cat-outils-pour-pedales","8":"product_cat-outils-pour-cables-diy","10":"first","11":"instock","12":"taxable","13":"shipping-taxable","14":"purchasable","15":"product-type-simple"},"supplier_id":null,"supplier_sku":"","barcode":null,"atum_controlled":true,"out_stock_date":null,"out_stock_threshold":null,"inheritable":false,"inbound_stock":0,"stock_on_hold":0,"sold_today":0,"sales_last_days":0,"reserved_stock":0,"customer_returns":0,"warehouse_damage":0,"lost_in_post":0,"other_logs":0,"out_stock_days":0,"lost_sales":0,"has_location":false,"update_date":"2026-04-09T01:01:37","atum_locations":[],"atum_stock_status":"instock","restock_status":false,"low_stock_amount":"","sales_update_date":"2026-04-09T01:01:37","calc_backorders":0,"yoast_head":"<!-- This site is optimized with the Yoast SEO plugin v26.5 - https:\/\/yoast.com\/wordpress\/plugins\/seo\/ -->\n<title>extracteur de fum\u00e9e pour soudure | Anasounds<\/title>\n<meta name=\"description\" content=\"Un extracteur de fum\u00e9e, pour aspirer les fum\u00e9es et poussi\u00e8res, en \u00e9liminant les odeurs et bact\u00e9ries.\" \/>\n<meta name=\"robots\" content=\"index, follow, max-snippet:-1, max-image-preview:large, max-video-preview:-1\" \/>\n<link rel=\"canonical\" href=\"https:\/\/anasounds.com\/fr\/produit\/extracteur-de-fumee-pour-soudure\/\" \/>\n<meta property=\"og:locale\" content=\"fr_FR\" \/>\n<meta property=\"og:type\" content=\"article\" \/>\n<meta property=\"og:title\" content=\"extracteur de fum\u00e9e pour soudure | Anasounds\" \/>\n<meta property=\"og:description\" content=\"Un extracteur de fum\u00e9e, pour aspirer les fum\u00e9es et poussi\u00e8res, en \u00e9liminant les odeurs et bact\u00e9ries.\" \/>\n<meta property=\"og:url\" content=\"https:\/\/anasounds.com\/fr\/produit\/extracteur-de-fumee-pour-soudure\/\" \/>\n<meta property=\"og:site_name\" content=\"Anasounds\" \/>\n<meta property=\"article:publisher\" content=\"https:\/\/www.facebook.com\/AnasoundsFX\/\" \/>\n<meta property=\"article:modified_time\" content=\"2025-04-17T14:02:03+00:00\" \/>\n<meta property=\"og:image\" content=\"https:\/\/anasounds.com\/wp-content\/uploads\/2021\/02\/extracteur-de-fumee-1.jpg\" \/>\n\t<meta property=\"og:image:width\" content=\"800\" \/>\n\t<meta property=\"og:image:height\" content=\"800\" \/>\n\t<meta property=\"og:image:type\" content=\"image\/jpeg\" \/>\n<meta name=\"twitter:card\" content=\"summary_large_image\" \/>\n<meta name=\"twitter:label1\" content=\"Dur\u00e9e de lecture estim\u00e9e\" \/>\n\t<meta name=\"twitter:data1\" content=\"1 minute\" \/>\n<script type=\"application\/ld+json\" class=\"yoast-schema-graph\">{\"@context\":\"https:\/\/schema.org\",\"@graph\":[{\"@type\":\"WebPage\",\"@id\":\"https:\/\/anasounds.com\/fr\/produit\/extracteur-de-fumee-pour-soudure\/\",\"url\":\"https:\/\/anasounds.com\/fr\/produit\/extracteur-de-fumee-pour-soudure\/\",\"name\":\"extracteur de fum\u00e9e pour soudure | Anasounds\",\"isPartOf\":{\"@id\":\"https:\/\/anasounds.com\/#website\"},\"primaryImageOfPage\":{\"@id\":\"https:\/\/anasounds.com\/fr\/produit\/extracteur-de-fumee-pour-soudure\/#primaryimage\"},\"image\":{\"@id\":\"https:\/\/anasounds.com\/fr\/produit\/extracteur-de-fumee-pour-soudure\/#primaryimage\"},\"thumbnailUrl\":\"https:\/\/anasounds.com\/wp-content\/uploads\/2021\/02\/extracteur-de-fumee-1.jpg\",\"datePublished\":\"2021-02-02T14:58:13+00:00\",\"dateModified\":\"2025-04-17T14:02:03+00:00\",\"description\":\"Un extracteur de fum\u00e9e, pour aspirer les fum\u00e9es et poussi\u00e8res, en \u00e9liminant les odeurs et bact\u00e9ries.\",\"breadcrumb\":{\"@id\":\"https:\/\/anasounds.com\/fr\/produit\/extracteur-de-fumee-pour-soudure\/#breadcrumb\"},\"inLanguage\":\"fr-FR\",\"potentialAction\":[{\"@type\":\"ReadAction\",\"target\":[\"https:\/\/anasounds.com\/fr\/produit\/extracteur-de-fumee-pour-soudure\/\"]}]},{\"@type\":\"ImageObject\",\"inLanguage\":\"fr-FR\",\"@id\":\"https:\/\/anasounds.com\/fr\/produit\/extracteur-de-fumee-pour-soudure\/#primaryimage\",\"url\":\"https:\/\/anasounds.com\/wp-content\/uploads\/2021\/02\/extracteur-de-fumee-1.jpg\",\"contentUrl\":\"https:\/\/anasounds.com\/wp-content\/uploads\/2021\/02\/extracteur-de-fumee-1.jpg\",\"width\":800,\"height\":800},{\"@type\":\"BreadcrumbList\",\"@id\":\"https:\/\/anasounds.com\/fr\/produit\/extracteur-de-fumee-pour-soudure\/#breadcrumb\",\"itemListElement\":[{\"@type\":\"ListItem\",\"position\":1,\"name\":\"Home\",\"item\":\"https:\/\/anasounds.com\/fr\/\"},{\"@type\":\"ListItem\",\"position\":2,\"name\":\"boutique\",\"item\":\"https:\/\/anasounds.com\/fr\/shop\/\"},{\"@type\":\"ListItem\",\"position\":3,\"name\":\"extracteur de fum\u00e9e pour soudure\"}]},{\"@type\":\"WebSite\",\"@id\":\"https:\/\/anasounds.com\/#website\",\"url\":\"https:\/\/anasounds.com\/\",\"name\":\"Anasounds\",\"description\":\"P\u00e9dales \u00e0 la Fran\u00e7aise\",\"publisher\":{\"@id\":\"https:\/\/anasounds.com\/#organization\"},\"potentialAction\":[{\"@type\":\"SearchAction\",\"target\":{\"@type\":\"EntryPoint\",\"urlTemplate\":\"https:\/\/anasounds.com\/?s={search_term_string}\"},\"query-input\":{\"@type\":\"PropertyValueSpecification\",\"valueRequired\":true,\"valueName\":\"search_term_string\"}}],\"inLanguage\":\"fr-FR\"},{\"@type\":\"Organization\",\"@id\":\"https:\/\/anasounds.com\/#organization\",\"name\":\"Anasounds\",\"url\":\"https:\/\/anasounds.com\/\",\"logo\":{\"@type\":\"ImageObject\",\"inLanguage\":\"fr-FR\",\"@id\":\"https:\/\/anasounds.com\/#\/schema\/logo\/image\/\",\"url\":\"https:\/\/anasounds.com\/wp-content\/uploads\/2017\/10\/Logomadeinfrnoirblc.png\",\"contentUrl\":\"https:\/\/anasounds.com\/wp-content\/uploads\/2017\/10\/Logomadeinfrnoirblc.png\",\"width\":300,\"height\":300,\"caption\":\"Anasounds\"},\"image\":{\"@id\":\"https:\/\/anasounds.com\/#\/schema\/logo\/image\/\"},\"sameAs\":[\"https:\/\/www.facebook.com\/AnasoundsFX\/\",\"https:\/\/www.instagram.com\/anasounds\/\",\"https:\/\/www.youtube.com\/user\/AnaSoundsFR\"]}]}<\/script>\n<!-- \/ Yoast SEO plugin. -->","yoast_head_json":{"title":"extracteur de fum\u00e9e pour soudure | Anasounds","description":"Un extracteur de fum\u00e9e, pour aspirer les fum\u00e9es et poussi\u00e8res, en \u00e9liminant les odeurs et bact\u00e9ries.","robots":{"index":"index","follow":"follow","max-snippet":"max-snippet:-1","max-image-preview":"max-image-preview:large","max-video-preview":"max-video-preview:-1"},"canonical":"https:\/\/anasounds.com\/fr\/produit\/extracteur-de-fumee-pour-soudure\/","og_locale":"fr_FR","og_type":"article","og_title":"extracteur de fum\u00e9e pour soudure | Anasounds","og_description":"Un extracteur de fum\u00e9e, pour aspirer les fum\u00e9es et poussi\u00e8res, en \u00e9liminant les odeurs et bact\u00e9ries.","og_url":"https:\/\/anasounds.com\/fr\/produit\/extracteur-de-fumee-pour-soudure\/","og_site_name":"Anasounds","article_publisher":"https:\/\/www.facebook.com\/AnasoundsFX\/","article_modified_time":"2025-04-17T14:02:03+00:00","og_image":[{"width":800,"height":800,"url":"https:\/\/anasounds.com\/wp-content\/uploads\/2021\/02\/extracteur-de-fumee-1.jpg","type":"image\/jpeg"}],"twitter_card":"summary_large_image","twitter_misc":{"Dur\u00e9e de lecture estim\u00e9e":"1 minute"},"schema":{"@context":"https:\/\/schema.org","@graph":[{"@type":"WebPage","@id":"https:\/\/anasounds.com\/fr\/produit\/extracteur-de-fumee-pour-soudure\/","url":"https:\/\/anasounds.com\/fr\/produit\/extracteur-de-fumee-pour-soudure\/","name":"extracteur de fum\u00e9e pour soudure | Anasounds","isPartOf":{"@id":"https:\/\/anasounds.com\/#website"},"primaryImageOfPage":{"@id":"https:\/\/anasounds.com\/fr\/produit\/extracteur-de-fumee-pour-soudure\/#primaryimage"},"image":{"@id":"https:\/\/anasounds.com\/fr\/produit\/extracteur-de-fumee-pour-soudure\/#primaryimage"},"thumbnailUrl":"https:\/\/anasounds.com\/wp-content\/uploads\/2021\/02\/extracteur-de-fumee-1.jpg","datePublished":"2021-02-02T14:58:13+00:00","dateModified":"2025-04-17T14:02:03+00:00","description":"Un extracteur de fum\u00e9e, pour aspirer les fum\u00e9es et poussi\u00e8res, en \u00e9liminant les odeurs et bact\u00e9ries.","breadcrumb":{"@id":"https:\/\/anasounds.com\/fr\/produit\/extracteur-de-fumee-pour-soudure\/#breadcrumb"},"inLanguage":"fr-FR","potentialAction":[{"@type":"ReadAction","target":["https:\/\/anasounds.com\/fr\/produit\/extracteur-de-fumee-pour-soudure\/"]}]},{"@type":"ImageObject","inLanguage":"fr-FR","@id":"https:\/\/anasounds.com\/fr\/produit\/extracteur-de-fumee-pour-soudure\/#primaryimage","url":"https:\/\/anasounds.com\/wp-content\/uploads\/2021\/02\/extracteur-de-fumee-1.jpg","contentUrl":"https:\/\/anasounds.com\/wp-content\/uploads\/2021\/02\/extracteur-de-fumee-1.jpg","width":800,"height":800},{"@type":"BreadcrumbList","@id":"https:\/\/anasounds.com\/fr\/produit\/extracteur-de-fumee-pour-soudure\/#breadcrumb","itemListElement":[{"@type":"ListItem","position":1,"name":"Home","item":"https:\/\/anasounds.com\/fr\/"},{"@type":"ListItem","position":2,"name":"boutique","item":"https:\/\/anasounds.com\/fr\/shop\/"},{"@type":"ListItem","position":3,"name":"extracteur de fum\u00e9e pour soudure"}]},{"@type":"WebSite","@id":"https:\/\/anasounds.com\/#website","url":"https:\/\/anasounds.com\/","name":"Anasounds","description":"P\u00e9dales \u00e0 la Fran\u00e7aise","publisher":{"@id":"https:\/\/anasounds.com\/#organization"},"potentialAction":[{"@type":"SearchAction","target":{"@type":"EntryPoint","urlTemplate":"https:\/\/anasounds.com\/?s={search_term_string}"},"query-input":{"@type":"PropertyValueSpecification","valueRequired":true,"valueName":"search_term_string"}}],"inLanguage":"fr-FR"},{"@type":"Organization","@id":"https:\/\/anasounds.com\/#organization","name":"Anasounds","url":"https:\/\/anasounds.com\/","logo":{"@type":"ImageObject","inLanguage":"fr-FR","@id":"https:\/\/anasounds.com\/#\/schema\/logo\/image\/","url":"https:\/\/anasounds.com\/wp-content\/uploads\/2017\/10\/Logomadeinfrnoirblc.png","contentUrl":"https:\/\/anasounds.com\/wp-content\/uploads\/2017\/10\/Logomadeinfrnoirblc.png","width":300,"height":300,"caption":"Anasounds"},"image":{"@id":"https:\/\/anasounds.com\/#\/schema\/logo\/image\/"},"sameAs":["https:\/\/www.facebook.com\/AnasoundsFX\/","https:\/\/www.instagram.com\/anasounds\/","https:\/\/www.youtube.com\/user\/AnaSoundsFR"]}]}},"_links":{"self":[{"href":"https:\/\/anasounds.com\/fr\/wp-json\/wp\/v2\/product\/57861","targetHints":{"allow":["GET"]}}],"collection":[{"href":"https:\/\/anasounds.com\/fr\/wp-json\/wp\/v2\/product"}],"about":[{"href":"https:\/\/anasounds.com\/fr\/wp-json\/wp\/v2\/types\/product"}],"replies":[{"embeddable":true,"href":"https:\/\/anasounds.com\/fr\/wp-json\/wp\/v2\/comments?post=57861"}],"wp:featuredmedia":[{"embeddable":true,"href":"https:\/\/anasounds.com\/fr\/wp-json\/wp\/v2\/media\/57898"}],"wp:attachment":[{"href":"https:\/\/anasounds.com\/fr\/wp-json\/wp\/v2\/media?parent=57861"}],"wp:term":[{"taxonomy":"product_brand","embeddable":true,"href":"https:\/\/anasounds.com\/fr\/wp-json\/wp\/v2\/product_brand?post=57861"},{"taxonomy":"product_cat","embeddable":true,"href":"https:\/\/anasounds.com\/fr\/wp-json\/wp\/v2\/product_cat?post=57861"},{"taxonomy":"product_tag","embeddable":true,"href":"https:\/\/anasounds.com\/fr\/wp-json\/wp\/v2\/product_tag?post=57861"}],"curies":[{"name":"wp","href":"https:\/\/api.w.org\/{rel}","templated":true}]}}