{"id":60043,"date":"2021-03-10T18:47:21","date_gmt":"2021-03-10T17:47:21","guid":{"rendered":"https:\/\/anasounds.com\/?post_type=product&#038;p=60043"},"modified":"2025-12-21T19:24:44","modified_gmt":"2025-12-21T18:24:44","slug":"aclam-starter-kit","status":"publish","type":"product","link":"https:\/\/anasounds.com\/fr\/produit\/aclam-starter-kit\/","title":{"rendered":"Aclam Starter Kit | Comprend les accessoires indispensables"},"content":{"rendered":"<h3 style=\"text-align: center;\">aclam starter kit<\/h3>\n<p style=\"text-align: center;\">Le Starter Kit <a href=\"https:\/\/www.aclamguitars.com\/\">d&rsquo;Aclam<\/a> comprend le pedalboard Smart Track\u00ae S1 &#8211; Top routing avec la valise souple sp\u00e9cifique \u00e0 celui-ci.<br \/>\nUtilisez les 20 fixations fournies avec le pedalboard pour installer jusqu&rsquo;\u00e0 5 p\u00e9dales d&rsquo;effets de taille standard.<br \/>\nLa m\u00e9thode de fixation Smart Track\u00ae vous permettra de reconfigurer le pedalboard autant de fois que n\u00e9cessaire, de mani\u00e8re rapide et propre.<\/p>\n<p style=\"text-align: center;\">Avec le support PSU &#8211; Universal Simple, vous pouvez placer votre alimentation pr\u00e9f\u00e9r\u00e9e sous le pedalboard.<\/p>\n<p style=\"text-align: center;\">L&rsquo;accessoire de gestion des c\u00e2bles <a href=\"https:\/\/anasounds.com\/fr\/produit\/aclam-tidy-cables-pack\/\">Tidy Cables <\/a>vous aidera \u00e0 acheminer tous les c\u00e2bles de mani\u00e8re ordonn\u00e9e et efficace.<\/p>\n<p style=\"text-align: center;\">La plupart de ces accessoires sont achet\u00e9s lors d&rsquo;une deuxi\u00e8me commande.<br \/>\nAlors ne perdez pas cette occasion d&rsquo;obtenir tout ce dont vous avez besoin en une seule fois avec le meilleur pedalboard d&rsquo;entr\u00e9e de gamme disponible.<\/p>\n<p>&nbsp;<\/p>\n<h3 style=\"text-align: center;\">petit mais g\u00e9nial<\/h3>\n<p style=\"text-align: center;\">Le meilleur pedalboard d&rsquo;entr\u00e9e de gamme d&rsquo;Aclam, le Smart Track S1\u00ae &#8211; top routing,<br \/>\nposs\u00e8de des caract\u00e9ristiques modulaires qui vous permettront d&rsquo;\u00e9tendre votre collection de p\u00e9dales sans avoir \u00e0 acheter un nouveau pedalboard.<br \/>\nPour doubler la capacit\u00e9, il vous suffira de vous procurer le Pedalboard Side de 30 cm et un Pedalboard Track de taille S pour continuer \u00e0 faire \u00e9voluer votre mat\u00e9riel.<\/p>\n<p style=\"text-align: center;\">Utilisez l&rsquo;\u00e9tui souple pour transporter ce pedalboard l\u00e9ger et petit avec facilit\u00e9 et style.<br \/>\nIl dispose m\u00eame d&rsquo;une poche ext\u00e9rieure avec fermeture \u00e9clair. Pour garder \u00e0 port\u00e9e de main les m\u00e9diators, les c\u00e2bles et autres petits accessoires.<\/p>\n<p>&nbsp;<\/p>\n<h3 style=\"text-align: center;\">rapport qualit\u00e9-prix<\/h3>\n<p style=\"text-align: center;\">Le Starter Kit d&rsquo;Aclam comprend des accessoires dont le prix est r\u00e9duit par rapport \u00e0 ceux achet\u00e9s s\u00e9par\u00e9ment.<br \/>\nVous pouvez donc \u00eatre s\u00fbr d&rsquo;avoir choisi le pedalboard offrant le meilleur rapport qualit\u00e9-prix.<\/p>\n","protected":false},"excerpt":{"rendered":"<p style=\"text-align: center;\">Le meilleur pedalboard d&rsquo;entr\u00e9e de gamme d&rsquo;Aclam, le Smart Track\u00ae S1, a \u00e9t\u00e9 regroup\u00e9 avec les accessoires indispensables pour offrir le meilleur rapport qualit\u00e9-prix lorsqu&rsquo;il s&rsquo;agit de monter 4 \u00e0 5 p\u00e9dales.<br \/>\nVous aurez tout ce dont vous avez besoin pour assembler imm\u00e9diatement le meilleur pedalboard pour vos besoins !<\/p>\n","protected":false},"featured_media":69007,"comment_status":"open","ping_status":"closed","template":"","meta":[],"product_brand":[],"product_cat":[751,1122],"product_tag":[715,201,1117],"class_list":{"0":"post-60043","1":"product","2":"type-product","3":"status-publish","4":"has-post-thumbnail","6":"product_cat-aclam","7":"product_cat-top-routing","8":"product_tag-aclam","9":"product_tag-pedalboard","10":"product_tag-starter-kit","12":"first","13":"outofstock","14":"taxable","15":"shipping-taxable","16":"purchasable","17":"product-type-simple"},"supplier_id":83522,"supplier_sku":"","barcode":null,"atum_controlled":true,"out_stock_date":"2025-12-21 19:24:44","out_stock_threshold":null,"inheritable":false,"inbound_stock":0,"stock_on_hold":0,"sold_today":0,"sales_last_days":0,"reserved_stock":0,"customer_returns":0,"warehouse_damage":0,"lost_in_post":0,"other_logs":0,"out_stock_days":120,"lost_sales":0,"has_location":false,"update_date":"2026-04-21T01:11:00","atum_locations":[],"atum_stock_status":"outofstock","restock_status":false,"low_stock_amount":"","sales_update_date":"2026-04-21T01:11:00","calc_backorders":null,"yoast_head":"<!-- This site is optimized with the Yoast SEO plugin v26.5 - https:\/\/yoast.com\/wordpress\/plugins\/seo\/ -->\n<title>Aclam Starter Kit | Comprend les accessoires indispensables<\/title>\n<meta name=\"description\" content=\"Le Starter Kit d&#039;Aclam est le meilleur pedalboard d&#039;entr\u00e9e de gamme avec les accessoires indispensables dont nous savons que vous avez besoin\" \/>\n<meta name=\"robots\" content=\"index, follow, max-snippet:-1, max-image-preview:large, max-video-preview:-1\" \/>\n<link rel=\"canonical\" href=\"https:\/\/anasounds.com\/fr\/produit\/aclam-starter-kit\/\" \/>\n<meta property=\"og:locale\" content=\"fr_FR\" \/>\n<meta property=\"og:type\" content=\"article\" \/>\n<meta property=\"og:title\" content=\"Aclam Starter Kit | Comprend les accessoires indispensables\" \/>\n<meta property=\"og:description\" content=\"Le Starter Kit d&#039;Aclam est le meilleur pedalboard d&#039;entr\u00e9e de gamme avec les accessoires indispensables dont nous savons que vous avez besoin\" \/>\n<meta property=\"og:url\" content=\"https:\/\/anasounds.com\/fr\/produit\/aclam-starter-kit\/\" \/>\n<meta property=\"og:site_name\" content=\"Anasounds\" \/>\n<meta property=\"article:publisher\" content=\"https:\/\/www.facebook.com\/AnasoundsFX\/\" \/>\n<meta property=\"article:modified_time\" content=\"2025-12-21T18:24:44+00:00\" \/>\n<meta property=\"og:image\" content=\"https:\/\/anasounds.com\/wp-content\/uploads\/2021\/03\/aclamstarterkitillu.jpg\" \/>\n\t<meta property=\"og:image:width\" content=\"1080\" \/>\n\t<meta property=\"og:image:height\" content=\"1080\" \/>\n\t<meta property=\"og:image:type\" content=\"image\/jpeg\" \/>\n<meta name=\"twitter:card\" content=\"summary_large_image\" \/>\n<meta name=\"twitter:label1\" content=\"Dur\u00e9e de lecture estim\u00e9e\" \/>\n\t<meta name=\"twitter:data1\" content=\"2 minutes\" \/>\n<script type=\"application\/ld+json\" class=\"yoast-schema-graph\">{\"@context\":\"https:\/\/schema.org\",\"@graph\":[{\"@type\":\"WebPage\",\"@id\":\"https:\/\/anasounds.com\/fr\/produit\/aclam-starter-kit\/\",\"url\":\"https:\/\/anasounds.com\/fr\/produit\/aclam-starter-kit\/\",\"name\":\"Aclam Starter Kit | Comprend les accessoires indispensables\",\"isPartOf\":{\"@id\":\"https:\/\/anasounds.com\/#website\"},\"primaryImageOfPage\":{\"@id\":\"https:\/\/anasounds.com\/fr\/produit\/aclam-starter-kit\/#primaryimage\"},\"image\":{\"@id\":\"https:\/\/anasounds.com\/fr\/produit\/aclam-starter-kit\/#primaryimage\"},\"thumbnailUrl\":\"https:\/\/anasounds.com\/wp-content\/uploads\/2021\/03\/aclamstarterkitillu.jpg\",\"datePublished\":\"2021-03-10T17:47:21+00:00\",\"dateModified\":\"2025-12-21T18:24:44+00:00\",\"description\":\"Le Starter Kit d'Aclam est le meilleur pedalboard d'entr\u00e9e de gamme avec les accessoires indispensables dont nous savons que vous avez besoin\",\"breadcrumb\":{\"@id\":\"https:\/\/anasounds.com\/fr\/produit\/aclam-starter-kit\/#breadcrumb\"},\"inLanguage\":\"fr-FR\",\"potentialAction\":[{\"@type\":\"ReadAction\",\"target\":[\"https:\/\/anasounds.com\/fr\/produit\/aclam-starter-kit\/\"]}]},{\"@type\":\"ImageObject\",\"inLanguage\":\"fr-FR\",\"@id\":\"https:\/\/anasounds.com\/fr\/produit\/aclam-starter-kit\/#primaryimage\",\"url\":\"https:\/\/anasounds.com\/wp-content\/uploads\/2021\/03\/aclamstarterkitillu.jpg\",\"contentUrl\":\"https:\/\/anasounds.com\/wp-content\/uploads\/2021\/03\/aclamstarterkitillu.jpg\",\"width\":1080,\"height\":1080},{\"@type\":\"BreadcrumbList\",\"@id\":\"https:\/\/anasounds.com\/fr\/produit\/aclam-starter-kit\/#breadcrumb\",\"itemListElement\":[{\"@type\":\"ListItem\",\"position\":1,\"name\":\"Home\",\"item\":\"https:\/\/anasounds.com\/fr\/\"},{\"@type\":\"ListItem\",\"position\":2,\"name\":\"boutique\",\"item\":\"https:\/\/anasounds.com\/fr\/shop\/\"},{\"@type\":\"ListItem\",\"position\":3,\"name\":\"Aclam Starter Kit | Comprend les accessoires indispensables\"}]},{\"@type\":\"WebSite\",\"@id\":\"https:\/\/anasounds.com\/#website\",\"url\":\"https:\/\/anasounds.com\/\",\"name\":\"Anasounds\",\"description\":\"P\u00e9dales \u00e0 la Fran\u00e7aise\",\"publisher\":{\"@id\":\"https:\/\/anasounds.com\/#organization\"},\"potentialAction\":[{\"@type\":\"SearchAction\",\"target\":{\"@type\":\"EntryPoint\",\"urlTemplate\":\"https:\/\/anasounds.com\/?s={search_term_string}\"},\"query-input\":{\"@type\":\"PropertyValueSpecification\",\"valueRequired\":true,\"valueName\":\"search_term_string\"}}],\"inLanguage\":\"fr-FR\"},{\"@type\":\"Organization\",\"@id\":\"https:\/\/anasounds.com\/#organization\",\"name\":\"Anasounds\",\"url\":\"https:\/\/anasounds.com\/\",\"logo\":{\"@type\":\"ImageObject\",\"inLanguage\":\"fr-FR\",\"@id\":\"https:\/\/anasounds.com\/#\/schema\/logo\/image\/\",\"url\":\"https:\/\/anasounds.com\/wp-content\/uploads\/2017\/10\/Logomadeinfrnoirblc.png\",\"contentUrl\":\"https:\/\/anasounds.com\/wp-content\/uploads\/2017\/10\/Logomadeinfrnoirblc.png\",\"width\":300,\"height\":300,\"caption\":\"Anasounds\"},\"image\":{\"@id\":\"https:\/\/anasounds.com\/#\/schema\/logo\/image\/\"},\"sameAs\":[\"https:\/\/www.facebook.com\/AnasoundsFX\/\",\"https:\/\/www.instagram.com\/anasounds\/\",\"https:\/\/www.youtube.com\/user\/AnaSoundsFR\"]}]}<\/script>\n<!-- \/ Yoast SEO plugin. -->","yoast_head_json":{"title":"Aclam Starter Kit | Comprend les accessoires indispensables","description":"Le Starter Kit d'Aclam est le meilleur pedalboard d'entr\u00e9e de gamme avec les accessoires indispensables dont nous savons que vous avez besoin","robots":{"index":"index","follow":"follow","max-snippet":"max-snippet:-1","max-image-preview":"max-image-preview:large","max-video-preview":"max-video-preview:-1"},"canonical":"https:\/\/anasounds.com\/fr\/produit\/aclam-starter-kit\/","og_locale":"fr_FR","og_type":"article","og_title":"Aclam Starter Kit | Comprend les accessoires indispensables","og_description":"Le Starter Kit d'Aclam est le meilleur pedalboard d'entr\u00e9e de gamme avec les accessoires indispensables dont nous savons que vous avez besoin","og_url":"https:\/\/anasounds.com\/fr\/produit\/aclam-starter-kit\/","og_site_name":"Anasounds","article_publisher":"https:\/\/www.facebook.com\/AnasoundsFX\/","article_modified_time":"2025-12-21T18:24:44+00:00","og_image":[{"width":1080,"height":1080,"url":"https:\/\/anasounds.com\/wp-content\/uploads\/2021\/03\/aclamstarterkitillu.jpg","type":"image\/jpeg"}],"twitter_card":"summary_large_image","twitter_misc":{"Dur\u00e9e de lecture estim\u00e9e":"2 minutes"},"schema":{"@context":"https:\/\/schema.org","@graph":[{"@type":"WebPage","@id":"https:\/\/anasounds.com\/fr\/produit\/aclam-starter-kit\/","url":"https:\/\/anasounds.com\/fr\/produit\/aclam-starter-kit\/","name":"Aclam Starter Kit | Comprend les accessoires indispensables","isPartOf":{"@id":"https:\/\/anasounds.com\/#website"},"primaryImageOfPage":{"@id":"https:\/\/anasounds.com\/fr\/produit\/aclam-starter-kit\/#primaryimage"},"image":{"@id":"https:\/\/anasounds.com\/fr\/produit\/aclam-starter-kit\/#primaryimage"},"thumbnailUrl":"https:\/\/anasounds.com\/wp-content\/uploads\/2021\/03\/aclamstarterkitillu.jpg","datePublished":"2021-03-10T17:47:21+00:00","dateModified":"2025-12-21T18:24:44+00:00","description":"Le Starter Kit d'Aclam est le meilleur pedalboard d'entr\u00e9e de gamme avec les accessoires indispensables dont nous savons que vous avez besoin","breadcrumb":{"@id":"https:\/\/anasounds.com\/fr\/produit\/aclam-starter-kit\/#breadcrumb"},"inLanguage":"fr-FR","potentialAction":[{"@type":"ReadAction","target":["https:\/\/anasounds.com\/fr\/produit\/aclam-starter-kit\/"]}]},{"@type":"ImageObject","inLanguage":"fr-FR","@id":"https:\/\/anasounds.com\/fr\/produit\/aclam-starter-kit\/#primaryimage","url":"https:\/\/anasounds.com\/wp-content\/uploads\/2021\/03\/aclamstarterkitillu.jpg","contentUrl":"https:\/\/anasounds.com\/wp-content\/uploads\/2021\/03\/aclamstarterkitillu.jpg","width":1080,"height":1080},{"@type":"BreadcrumbList","@id":"https:\/\/anasounds.com\/fr\/produit\/aclam-starter-kit\/#breadcrumb","itemListElement":[{"@type":"ListItem","position":1,"name":"Home","item":"https:\/\/anasounds.com\/fr\/"},{"@type":"ListItem","position":2,"name":"boutique","item":"https:\/\/anasounds.com\/fr\/shop\/"},{"@type":"ListItem","position":3,"name":"Aclam Starter Kit | Comprend les accessoires indispensables"}]},{"@type":"WebSite","@id":"https:\/\/anasounds.com\/#website","url":"https:\/\/anasounds.com\/","name":"Anasounds","description":"P\u00e9dales \u00e0 la Fran\u00e7aise","publisher":{"@id":"https:\/\/anasounds.com\/#organization"},"potentialAction":[{"@type":"SearchAction","target":{"@type":"EntryPoint","urlTemplate":"https:\/\/anasounds.com\/?s={search_term_string}"},"query-input":{"@type":"PropertyValueSpecification","valueRequired":true,"valueName":"search_term_string"}}],"inLanguage":"fr-FR"},{"@type":"Organization","@id":"https:\/\/anasounds.com\/#organization","name":"Anasounds","url":"https:\/\/anasounds.com\/","logo":{"@type":"ImageObject","inLanguage":"fr-FR","@id":"https:\/\/anasounds.com\/#\/schema\/logo\/image\/","url":"https:\/\/anasounds.com\/wp-content\/uploads\/2017\/10\/Logomadeinfrnoirblc.png","contentUrl":"https:\/\/anasounds.com\/wp-content\/uploads\/2017\/10\/Logomadeinfrnoirblc.png","width":300,"height":300,"caption":"Anasounds"},"image":{"@id":"https:\/\/anasounds.com\/#\/schema\/logo\/image\/"},"sameAs":["https:\/\/www.facebook.com\/AnasoundsFX\/","https:\/\/www.instagram.com\/anasounds\/","https:\/\/www.youtube.com\/user\/AnaSoundsFR"]}]}},"_links":{"self":[{"href":"https:\/\/anasounds.com\/fr\/wp-json\/wp\/v2\/product\/60043","targetHints":{"allow":["GET"]}}],"collection":[{"href":"https:\/\/anasounds.com\/fr\/wp-json\/wp\/v2\/product"}],"about":[{"href":"https:\/\/anasounds.com\/fr\/wp-json\/wp\/v2\/types\/product"}],"replies":[{"embeddable":true,"href":"https:\/\/anasounds.com\/fr\/wp-json\/wp\/v2\/comments?post=60043"}],"wp:featuredmedia":[{"embeddable":true,"href":"https:\/\/anasounds.com\/fr\/wp-json\/wp\/v2\/media\/69007"}],"wp:attachment":[{"href":"https:\/\/anasounds.com\/fr\/wp-json\/wp\/v2\/media?parent=60043"}],"wp:term":[{"taxonomy":"product_brand","embeddable":true,"href":"https:\/\/anasounds.com\/fr\/wp-json\/wp\/v2\/product_brand?post=60043"},{"taxonomy":"product_cat","embeddable":true,"href":"https:\/\/anasounds.com\/fr\/wp-json\/wp\/v2\/product_cat?post=60043"},{"taxonomy":"product_tag","embeddable":true,"href":"https:\/\/anasounds.com\/fr\/wp-json\/wp\/v2\/product_tag?post=60043"}],"curies":[{"name":"wp","href":"https:\/\/api.w.org\/{rel}","templated":true}]}}