{"id":60068,"date":"2021-03-11T10:05:31","date_gmt":"2021-03-11T09:05:31","guid":{"rendered":"https:\/\/anasounds.com\/?post_type=product&#038;p=60068"},"modified":"2025-12-21T19:24:44","modified_gmt":"2025-12-21T18:24:44","slug":"aclam-advanced-kit-xs2-top-routing","status":"publish","type":"product","link":"https:\/\/anasounds.com\/fr\/produit\/aclam-advanced-kit-xs2-top-routing\/","title":{"rendered":"Aclam advanced kit XS2 | Top routing"},"content":{"rendered":"<h3 style=\"text-align: center;\">aclam advanced kit xs2<\/h3>\n<p style=\"text-align: center;\">Avec le Advanced Kit XS2 &#8211; Top Routing <a href=\"https:\/\/www.aclamguitars.com\/\">d&rsquo;Aclam<\/a>, vous recevrez le pedalboard Smart Tack\u00ae XS2 &#8211; top routing,<br \/>\nqui vous permettra de fixer vos p\u00e9dales en utilisant la seule option sans adh\u00e9sif du march\u00e9, la m\u00e9thode de fixation Smart Track\u00ae.<\/p>\n<p style=\"text-align: center;\">Ces pedalboards personnalis\u00e9s peuvent accueillir jusqu&rsquo;\u00e0 7 p\u00e9dales.<br \/>\nEt avec sa configuration top routing, vous pouvez faire passer les c\u00e2bles \u00e0 travers les sillons de la face sup\u00e9rieure du pedalboard.<br \/>\nUtilisez le <a href=\"https:\/\/anasounds.com\/fr\/produit\/aclam-tidy-cables-pack\/\">Tidy Cables Pack <\/a>inclus pour garder les c\u00e2bles bien rang\u00e9s et ordonn\u00e9s.<\/p>\n<p style=\"text-align: center;\">Avec le support d&rsquo;alimentation universel simple, vous pouvez exploiter au maximum la face sup\u00e9rieure du pedalboard pour vos p\u00e9dales d&rsquo;effets,<br \/>\nen pla\u00e7ant l&rsquo;alimentation sous le pedalboard.<br \/>\nGr\u00e2ce aux pieds r\u00e9glables, vous pouvez r\u00e9gler la hauteur du pedalboard pour accueillir l&rsquo;unit\u00e9 d&rsquo;alimentation en dessous.<\/p>\n<p>&nbsp;<\/p>\n<h3 style=\"text-align: center;\">les accessoires indispensables<\/h3>\n<p style=\"text-align: center;\">L&rsquo;Advanced Kit XS2 &#8211; Top Routing d&rsquo;Aclam comprend les accessoires qui sont g\u00e9n\u00e9ralement achet\u00e9s avec le pedalboard. Ou dans d&rsquo;autres cas dans une deuxi\u00e8me commande.<br \/>\n\u00c9vitez les d\u00e9penses suppl\u00e9mentaires avec ce kit et commencez \u00e0 configurer vos pedalboards personnalis\u00e9s d\u00e8s que vous les recevez.<\/p>\n<p style=\"text-align: center;\">Compl\u00e9tez votre kit avec n&rsquo;importe quel autre accessoire compatible tel que des plateaux, d&rsquo;autres organisateurs de c\u00e2bles ou des \u00e9tuis.<\/p>\n<p>&nbsp;<\/p>\n<h3 style=\"text-align: center;\">rapport qualit\u00e9-prix<\/h3>\n<p style=\"text-align: center;\">L&rsquo;Advanced Kit XS2 &#8211; top routing d&rsquo;Aclam comprend le pedalboard en aluminium anodis\u00e9, r\u00e9put\u00e9 pour sa l\u00e9g\u00e8ret\u00e9 et sa robustesse, ainsi que les accessoires mentionn\u00e9s.<br \/>\nNe manquez pas l&rsquo;occasion de regrouper vos besoins essentiels en un seul produit.<\/p>\n","protected":false},"excerpt":{"rendered":"<p style=\"text-align: center;\">Le kit Smart Track\u00ae XS2 &#8211; Top Routing d&rsquo;Aclam comprend les pedalboards personnalis\u00e9s ainsi que les accessoires indispensables qui sont g\u00e9n\u00e9ralement achet\u00e9s avec le pedalboard, mais \u00e0 un prix inf\u00e9rieur.<br \/>\nAvec l&rsquo;Advanced Kit XS2 &#8211; top routing, vous obtiendrez le support d&rsquo;alimentation et l&rsquo;organisateur de c\u00e2bles \u00e0 un prix avantageux afin que vous puissiez construire vos pedalboards personnalis\u00e9s d\u00e8s le premier jour.<\/p>\n","protected":false},"featured_media":69019,"comment_status":"open","ping_status":"closed","template":"","meta":[],"product_brand":[],"product_cat":[751,1122],"product_tag":[715,1118,201],"class_list":{"0":"post-60068","1":"product","2":"type-product","3":"status-publish","4":"has-post-thumbnail","6":"product_cat-aclam","7":"product_cat-top-routing","8":"product_tag-aclam","9":"product_tag-advanced-kit","10":"product_tag-pedalboard","12":"first","13":"outofstock","14":"sold-individually","15":"taxable","16":"shipping-taxable","17":"purchasable","18":"product-type-simple"},"supplier_id":83522,"supplier_sku":"","barcode":null,"atum_controlled":true,"out_stock_date":"2025-12-21 19:24:44","out_stock_threshold":null,"inheritable":false,"inbound_stock":0,"stock_on_hold":0,"sold_today":0,"sales_last_days":0,"reserved_stock":0,"customer_returns":0,"warehouse_damage":0,"lost_in_post":0,"other_logs":0,"out_stock_days":107,"lost_sales":0,"has_location":false,"update_date":"2026-04-08T01:02:50","atum_locations":[],"atum_stock_status":"outofstock","restock_status":false,"low_stock_amount":"","sales_update_date":"2026-04-08T01:02:50","calc_backorders":null,"yoast_head":"<!-- This site is optimized with the Yoast SEO plugin v26.5 - https:\/\/yoast.com\/wordpress\/plugins\/seo\/ -->\n<title>Aclam advanced kit XS2 | Top routing<\/title>\n<meta name=\"description\" content=\"L&#039;Advanced Kit XS2 d&#039;Aclam - top routing comprend les \u00e9l\u00e9ments de base pour construire le pedalboard personnalis\u00e9 de vos r\u00eaves.\" \/>\n<meta name=\"robots\" content=\"index, follow, max-snippet:-1, max-image-preview:large, max-video-preview:-1\" \/>\n<link rel=\"canonical\" href=\"https:\/\/anasounds.com\/fr\/produit\/aclam-advanced-kit-xs2-top-routing\/\" \/>\n<meta property=\"og:locale\" content=\"fr_FR\" \/>\n<meta property=\"og:type\" content=\"article\" \/>\n<meta property=\"og:title\" content=\"Aclam advanced kit XS2 | Top routing\" \/>\n<meta property=\"og:description\" content=\"L&#039;Advanced Kit XS2 d&#039;Aclam - top routing comprend les \u00e9l\u00e9ments de base pour construire le pedalboard personnalis\u00e9 de vos r\u00eaves.\" \/>\n<meta property=\"og:url\" content=\"https:\/\/anasounds.com\/fr\/produit\/aclam-advanced-kit-xs2-top-routing\/\" \/>\n<meta property=\"og:site_name\" content=\"Anasounds\" \/>\n<meta property=\"article:publisher\" content=\"https:\/\/www.facebook.com\/AnasoundsFX\/\" \/>\n<meta property=\"article:modified_time\" content=\"2025-12-21T18:24:44+00:00\" \/>\n<meta property=\"og:image\" content=\"https:\/\/anasounds.com\/wp-content\/uploads\/2021\/03\/aclamkitxs2topillu.jpg\" \/>\n\t<meta property=\"og:image:width\" content=\"1080\" \/>\n\t<meta property=\"og:image:height\" content=\"1080\" \/>\n\t<meta property=\"og:image:type\" content=\"image\/jpeg\" \/>\n<meta name=\"twitter:card\" content=\"summary_large_image\" \/>\n<meta name=\"twitter:label1\" content=\"Dur\u00e9e de lecture estim\u00e9e\" \/>\n\t<meta name=\"twitter:data1\" content=\"2 minutes\" \/>\n<script type=\"application\/ld+json\" class=\"yoast-schema-graph\">{\"@context\":\"https:\/\/schema.org\",\"@graph\":[{\"@type\":\"WebPage\",\"@id\":\"https:\/\/anasounds.com\/fr\/produit\/aclam-advanced-kit-xs2-top-routing\/\",\"url\":\"https:\/\/anasounds.com\/fr\/produit\/aclam-advanced-kit-xs2-top-routing\/\",\"name\":\"Aclam advanced kit XS2 | Top routing\",\"isPartOf\":{\"@id\":\"https:\/\/anasounds.com\/#website\"},\"primaryImageOfPage\":{\"@id\":\"https:\/\/anasounds.com\/fr\/produit\/aclam-advanced-kit-xs2-top-routing\/#primaryimage\"},\"image\":{\"@id\":\"https:\/\/anasounds.com\/fr\/produit\/aclam-advanced-kit-xs2-top-routing\/#primaryimage\"},\"thumbnailUrl\":\"https:\/\/anasounds.com\/wp-content\/uploads\/2021\/03\/aclamkitxs2topillu.jpg\",\"datePublished\":\"2021-03-11T09:05:31+00:00\",\"dateModified\":\"2025-12-21T18:24:44+00:00\",\"description\":\"L'Advanced Kit XS2 d'Aclam - top routing comprend les \u00e9l\u00e9ments de base pour construire le pedalboard personnalis\u00e9 de vos r\u00eaves.\",\"breadcrumb\":{\"@id\":\"https:\/\/anasounds.com\/fr\/produit\/aclam-advanced-kit-xs2-top-routing\/#breadcrumb\"},\"inLanguage\":\"fr-FR\",\"potentialAction\":[{\"@type\":\"ReadAction\",\"target\":[\"https:\/\/anasounds.com\/fr\/produit\/aclam-advanced-kit-xs2-top-routing\/\"]}]},{\"@type\":\"ImageObject\",\"inLanguage\":\"fr-FR\",\"@id\":\"https:\/\/anasounds.com\/fr\/produit\/aclam-advanced-kit-xs2-top-routing\/#primaryimage\",\"url\":\"https:\/\/anasounds.com\/wp-content\/uploads\/2021\/03\/aclamkitxs2topillu.jpg\",\"contentUrl\":\"https:\/\/anasounds.com\/wp-content\/uploads\/2021\/03\/aclamkitxs2topillu.jpg\",\"width\":1080,\"height\":1080},{\"@type\":\"BreadcrumbList\",\"@id\":\"https:\/\/anasounds.com\/fr\/produit\/aclam-advanced-kit-xs2-top-routing\/#breadcrumb\",\"itemListElement\":[{\"@type\":\"ListItem\",\"position\":1,\"name\":\"Home\",\"item\":\"https:\/\/anasounds.com\/fr\/\"},{\"@type\":\"ListItem\",\"position\":2,\"name\":\"boutique\",\"item\":\"https:\/\/anasounds.com\/fr\/shop\/\"},{\"@type\":\"ListItem\",\"position\":3,\"name\":\"Aclam advanced kit XS2 | Top routing\"}]},{\"@type\":\"WebSite\",\"@id\":\"https:\/\/anasounds.com\/#website\",\"url\":\"https:\/\/anasounds.com\/\",\"name\":\"Anasounds\",\"description\":\"P\u00e9dales \u00e0 la Fran\u00e7aise\",\"publisher\":{\"@id\":\"https:\/\/anasounds.com\/#organization\"},\"potentialAction\":[{\"@type\":\"SearchAction\",\"target\":{\"@type\":\"EntryPoint\",\"urlTemplate\":\"https:\/\/anasounds.com\/?s={search_term_string}\"},\"query-input\":{\"@type\":\"PropertyValueSpecification\",\"valueRequired\":true,\"valueName\":\"search_term_string\"}}],\"inLanguage\":\"fr-FR\"},{\"@type\":\"Organization\",\"@id\":\"https:\/\/anasounds.com\/#organization\",\"name\":\"Anasounds\",\"url\":\"https:\/\/anasounds.com\/\",\"logo\":{\"@type\":\"ImageObject\",\"inLanguage\":\"fr-FR\",\"@id\":\"https:\/\/anasounds.com\/#\/schema\/logo\/image\/\",\"url\":\"https:\/\/anasounds.com\/wp-content\/uploads\/2017\/10\/Logomadeinfrnoirblc.png\",\"contentUrl\":\"https:\/\/anasounds.com\/wp-content\/uploads\/2017\/10\/Logomadeinfrnoirblc.png\",\"width\":300,\"height\":300,\"caption\":\"Anasounds\"},\"image\":{\"@id\":\"https:\/\/anasounds.com\/#\/schema\/logo\/image\/\"},\"sameAs\":[\"https:\/\/www.facebook.com\/AnasoundsFX\/\",\"https:\/\/www.instagram.com\/anasounds\/\",\"https:\/\/www.youtube.com\/user\/AnaSoundsFR\"]}]}<\/script>\n<!-- \/ Yoast SEO plugin. -->","yoast_head_json":{"title":"Aclam advanced kit XS2 | Top routing","description":"L'Advanced Kit XS2 d'Aclam - top routing comprend les \u00e9l\u00e9ments de base pour construire le pedalboard personnalis\u00e9 de vos r\u00eaves.","robots":{"index":"index","follow":"follow","max-snippet":"max-snippet:-1","max-image-preview":"max-image-preview:large","max-video-preview":"max-video-preview:-1"},"canonical":"https:\/\/anasounds.com\/fr\/produit\/aclam-advanced-kit-xs2-top-routing\/","og_locale":"fr_FR","og_type":"article","og_title":"Aclam advanced kit XS2 | Top routing","og_description":"L'Advanced Kit XS2 d'Aclam - top routing comprend les \u00e9l\u00e9ments de base pour construire le pedalboard personnalis\u00e9 de vos r\u00eaves.","og_url":"https:\/\/anasounds.com\/fr\/produit\/aclam-advanced-kit-xs2-top-routing\/","og_site_name":"Anasounds","article_publisher":"https:\/\/www.facebook.com\/AnasoundsFX\/","article_modified_time":"2025-12-21T18:24:44+00:00","og_image":[{"width":1080,"height":1080,"url":"https:\/\/anasounds.com\/wp-content\/uploads\/2021\/03\/aclamkitxs2topillu.jpg","type":"image\/jpeg"}],"twitter_card":"summary_large_image","twitter_misc":{"Dur\u00e9e de lecture estim\u00e9e":"2 minutes"},"schema":{"@context":"https:\/\/schema.org","@graph":[{"@type":"WebPage","@id":"https:\/\/anasounds.com\/fr\/produit\/aclam-advanced-kit-xs2-top-routing\/","url":"https:\/\/anasounds.com\/fr\/produit\/aclam-advanced-kit-xs2-top-routing\/","name":"Aclam advanced kit XS2 | Top routing","isPartOf":{"@id":"https:\/\/anasounds.com\/#website"},"primaryImageOfPage":{"@id":"https:\/\/anasounds.com\/fr\/produit\/aclam-advanced-kit-xs2-top-routing\/#primaryimage"},"image":{"@id":"https:\/\/anasounds.com\/fr\/produit\/aclam-advanced-kit-xs2-top-routing\/#primaryimage"},"thumbnailUrl":"https:\/\/anasounds.com\/wp-content\/uploads\/2021\/03\/aclamkitxs2topillu.jpg","datePublished":"2021-03-11T09:05:31+00:00","dateModified":"2025-12-21T18:24:44+00:00","description":"L'Advanced Kit XS2 d'Aclam - top routing comprend les \u00e9l\u00e9ments de base pour construire le pedalboard personnalis\u00e9 de vos r\u00eaves.","breadcrumb":{"@id":"https:\/\/anasounds.com\/fr\/produit\/aclam-advanced-kit-xs2-top-routing\/#breadcrumb"},"inLanguage":"fr-FR","potentialAction":[{"@type":"ReadAction","target":["https:\/\/anasounds.com\/fr\/produit\/aclam-advanced-kit-xs2-top-routing\/"]}]},{"@type":"ImageObject","inLanguage":"fr-FR","@id":"https:\/\/anasounds.com\/fr\/produit\/aclam-advanced-kit-xs2-top-routing\/#primaryimage","url":"https:\/\/anasounds.com\/wp-content\/uploads\/2021\/03\/aclamkitxs2topillu.jpg","contentUrl":"https:\/\/anasounds.com\/wp-content\/uploads\/2021\/03\/aclamkitxs2topillu.jpg","width":1080,"height":1080},{"@type":"BreadcrumbList","@id":"https:\/\/anasounds.com\/fr\/produit\/aclam-advanced-kit-xs2-top-routing\/#breadcrumb","itemListElement":[{"@type":"ListItem","position":1,"name":"Home","item":"https:\/\/anasounds.com\/fr\/"},{"@type":"ListItem","position":2,"name":"boutique","item":"https:\/\/anasounds.com\/fr\/shop\/"},{"@type":"ListItem","position":3,"name":"Aclam advanced kit XS2 | Top routing"}]},{"@type":"WebSite","@id":"https:\/\/anasounds.com\/#website","url":"https:\/\/anasounds.com\/","name":"Anasounds","description":"P\u00e9dales \u00e0 la Fran\u00e7aise","publisher":{"@id":"https:\/\/anasounds.com\/#organization"},"potentialAction":[{"@type":"SearchAction","target":{"@type":"EntryPoint","urlTemplate":"https:\/\/anasounds.com\/?s={search_term_string}"},"query-input":{"@type":"PropertyValueSpecification","valueRequired":true,"valueName":"search_term_string"}}],"inLanguage":"fr-FR"},{"@type":"Organization","@id":"https:\/\/anasounds.com\/#organization","name":"Anasounds","url":"https:\/\/anasounds.com\/","logo":{"@type":"ImageObject","inLanguage":"fr-FR","@id":"https:\/\/anasounds.com\/#\/schema\/logo\/image\/","url":"https:\/\/anasounds.com\/wp-content\/uploads\/2017\/10\/Logomadeinfrnoirblc.png","contentUrl":"https:\/\/anasounds.com\/wp-content\/uploads\/2017\/10\/Logomadeinfrnoirblc.png","width":300,"height":300,"caption":"Anasounds"},"image":{"@id":"https:\/\/anasounds.com\/#\/schema\/logo\/image\/"},"sameAs":["https:\/\/www.facebook.com\/AnasoundsFX\/","https:\/\/www.instagram.com\/anasounds\/","https:\/\/www.youtube.com\/user\/AnaSoundsFR"]}]}},"_links":{"self":[{"href":"https:\/\/anasounds.com\/fr\/wp-json\/wp\/v2\/product\/60068","targetHints":{"allow":["GET"]}}],"collection":[{"href":"https:\/\/anasounds.com\/fr\/wp-json\/wp\/v2\/product"}],"about":[{"href":"https:\/\/anasounds.com\/fr\/wp-json\/wp\/v2\/types\/product"}],"replies":[{"embeddable":true,"href":"https:\/\/anasounds.com\/fr\/wp-json\/wp\/v2\/comments?post=60068"}],"wp:featuredmedia":[{"embeddable":true,"href":"https:\/\/anasounds.com\/fr\/wp-json\/wp\/v2\/media\/69019"}],"wp:attachment":[{"href":"https:\/\/anasounds.com\/fr\/wp-json\/wp\/v2\/media?parent=60068"}],"wp:term":[{"taxonomy":"product_brand","embeddable":true,"href":"https:\/\/anasounds.com\/fr\/wp-json\/wp\/v2\/product_brand?post=60068"},{"taxonomy":"product_cat","embeddable":true,"href":"https:\/\/anasounds.com\/fr\/wp-json\/wp\/v2\/product_cat?post=60068"},{"taxonomy":"product_tag","embeddable":true,"href":"https:\/\/anasounds.com\/fr\/wp-json\/wp\/v2\/product_tag?post=60068"}],"curies":[{"name":"wp","href":"https:\/\/api.w.org\/{rel}","templated":true}]}}