{"id":60072,"date":"2021-03-11T10:29:37","date_gmt":"2021-03-11T09:29:37","guid":{"rendered":"https:\/\/anasounds.com\/?post_type=product&#038;p=60072"},"modified":"2025-12-21T19:24:43","modified_gmt":"2025-12-21T18:24:43","slug":"aclam-advanced-kit-s2-top-routing","status":"publish","type":"product","link":"https:\/\/anasounds.com\/fr\/produit\/aclam-advanced-kit-s2-top-routing\/","title":{"rendered":"Aclam Advanced Kit S2 | Top routing"},"content":{"rendered":"<h3 style=\"text-align: center;\">aclam advanced kit s2<\/h3>\n<p style=\"text-align: center;\">L&rsquo;Advanced Kit S2 &#8211; Top Routing <a href=\"https:\/\/www.aclamguitars.com\/\">d&rsquo;Aclam <\/a>comprend le pedalboard Smart Tack\u00ae S2 &#8211; top routing avec l&rsquo;\u00e9tui souple sp\u00e9cialement con\u00e7u pour lui.<br \/>\nVous recevrez 40 fixations pour installer jusqu&rsquo;\u00e0 10 p\u00e9dales d&rsquo;effets de taille standard en utilisant la m\u00e9thode de fixation Smart Track\u00ae.<\/p>\n<p style=\"text-align: center;\">Le PSU Support Universal Simple vous permettra de placer votre alimentation pr\u00e9f\u00e9r\u00e9e sous le pedalboard. Plus de perte d&rsquo;espace sur le dessus pour les p\u00e9dales d&rsquo;effets.<\/p>\n<p style=\"text-align: center;\">Enfin, le <a href=\"https:\/\/anasounds.com\/fr\/produit\/aclam-tidy-cables-pack\/\">Tidy Cables Pack <\/a>vous aidera \u00e0 acheminer tous les c\u00e2bles de mani\u00e8re ordonn\u00e9e et soign\u00e9e.<br \/>\nN&rsquo;oubliez pas que les mod\u00e8les top routing maintiennent les c\u00e2bles sur le dessus du pedalboard, mais qu&rsquo;ils peuvent \u00eatre achemin\u00e9s sans probl\u00e8me dans les rainures du pedalboard.<br \/>\nVous serez pr\u00eat \u00e0 trouver rapidement les probl\u00e8mes de connexion sans avoir \u00e0 retourner le pedalboard.<\/p>\n<p>&nbsp;<\/p>\n<h3 style=\"text-align: center;\">inclus dans le kit<\/h3>\n<p style=\"text-align: center;\">Le pedalboard le plus vendu d&rsquo;Aclam, le Smart Track S2\u00ae &#8211; top routing, poss\u00e8de des caract\u00e9ristiques modulaires qui le diff\u00e9rencient des autres propositions du march\u00e9<br \/>\n(hormis le syst\u00e8me unique de fixation des p\u00e9dales).<br \/>\nAyant r\u00e9alis\u00e9 que la plupart (sinon la totalit\u00e9) des utilisateurs de Smart Track\u00ae ont t\u00f4t ou tard achet\u00e9 le support d&rsquo;alimentation et l&rsquo;organisateur de c\u00e2bles,<br \/>\nnous avons d\u00e9cid\u00e9 de gagner du temps et de l&rsquo;argent avec le Advanced Kit S2 &#8211; Top Routing.<\/p>\n<p style=\"text-align: center;\">Compl\u00e9tez le meilleur pedalboard possible avec d&rsquo;autres accessoires, tels que le <a href=\"\/?p=43016\">Upper <\/a>si vous avez besoin d&rsquo;une rang\u00e9e de p\u00e9dales sur\u00e9lev\u00e9e,<br \/>\nle <a href=\"\/?p=43062\">Wahpper <\/a>si vous voulez soulever quelques p\u00e9dales tout en gardant un espace plat pour votre Wah wah, ou d&rsquo;autres organisateurs de c\u00e2bles et supports d&rsquo;alimentation.<\/p>\n<p style=\"text-align: center;\">La sacoche souple incluse dans le pack vous aidera toujours \u00e0 d\u00e9placer tout votre mat\u00e9riel sans ajouter de poids et \u00e0 prot\u00e9ger vos p\u00e9dales.<br \/>\nQuels que soient les accessoires que vous choisissez d&rsquo;utiliser, l&rsquo;\u00e9tui en nylon d&rsquo;Aclam pour ce pedalboard pourra accueillir le board et les accessoires.<\/p>\n<p>&nbsp;<\/p>\n<h3 style=\"text-align: center;\">faites des \u00e9conomies<\/h3>\n<p style=\"text-align: center;\">L&rsquo;Advanced Kit S2 &#8211; top routing d&rsquo;Aclam comprend des accessoires \u00e0 un prix plus bas que s&rsquo;ils \u00e9taient achet\u00e9s s\u00e9par\u00e9ment,<br \/>\nalors regardez ce dont vous avez besoin et envisagez cette option si vous voulez le meilleur rapport qualit\u00e9-prix possible.<\/p>\n","protected":false},"excerpt":{"rendered":"<p style=\"text-align: center;\">Le meilleur pedalboard d&rsquo;Aclam en termes de taille se pr\u00e9sente sous la forme d&rsquo;un pack \u00e9conomique, l&rsquo;Advanced Kit S2 &#8211; top routing.<br \/>\nIncluant la premi\u00e8re gamme de pedalboards non adh\u00e9sifs du march\u00e9, c&rsquo;est la meilleure option de pedalboard pour ceux qui aiment reconfigurer leur board de mani\u00e8re rapide, propre et intelligente.<br \/>\nCe bundle comprendra les accessoires les plus vendus afin que vous puissiez commencer \u00e0 construire le meilleur pedalboard pour vos besoins d\u00e8s le jour o\u00f9 vous le recevrez.<\/p>\n","protected":false},"featured_media":69001,"comment_status":"open","ping_status":"closed","template":"","meta":[],"product_brand":[],"product_cat":[751,1122],"product_tag":[715,1118,201],"class_list":{"0":"post-60072","1":"product","2":"type-product","3":"status-publish","4":"has-post-thumbnail","6":"product_cat-aclam","7":"product_cat-top-routing","8":"product_tag-aclam","9":"product_tag-advanced-kit","10":"product_tag-pedalboard","12":"first","13":"outofstock","14":"taxable","15":"shipping-taxable","16":"purchasable","17":"product-type-simple"},"supplier_id":83522,"supplier_sku":"","barcode":null,"atum_controlled":true,"out_stock_date":"2025-12-21 19:24:43","out_stock_threshold":null,"inheritable":false,"inbound_stock":0,"stock_on_hold":0,"sold_today":0,"sales_last_days":0,"reserved_stock":0,"customer_returns":0,"warehouse_damage":0,"lost_in_post":0,"other_logs":0,"out_stock_days":126,"lost_sales":0,"has_location":false,"update_date":"2026-04-27T01:14:21","atum_locations":[],"atum_stock_status":"outofstock","restock_status":false,"low_stock_amount":"","sales_update_date":"2026-04-27T01:14:21","calc_backorders":null,"yoast_head":"<!-- This site is optimized with the Yoast SEO plugin v26.5 - https:\/\/yoast.com\/wordpress\/plugins\/seo\/ -->\n<title>Aclam Advanced Kit S2 | Top routing | customisez votre propre pedalboard<\/title>\n<meta name=\"description\" content=\"L&#039;Advanced Kit S2 d&#039;Aclam - top routing comprend les \u00e9l\u00e9ments de base pour construire le pedalboard personnalis\u00e9 de vos r\u00eaves.\" \/>\n<meta name=\"robots\" content=\"index, follow, max-snippet:-1, max-image-preview:large, max-video-preview:-1\" \/>\n<link rel=\"canonical\" href=\"https:\/\/anasounds.com\/fr\/produit\/aclam-advanced-kit-s2-top-routing\/\" \/>\n<meta property=\"og:locale\" content=\"fr_FR\" \/>\n<meta property=\"og:type\" content=\"article\" \/>\n<meta property=\"og:title\" content=\"Aclam Advanced Kit S2 | Top routing | customisez votre propre pedalboard\" \/>\n<meta property=\"og:description\" content=\"L&#039;Advanced Kit S2 d&#039;Aclam - top routing comprend les \u00e9l\u00e9ments de base pour construire le pedalboard personnalis\u00e9 de vos r\u00eaves.\" \/>\n<meta property=\"og:url\" content=\"https:\/\/anasounds.com\/fr\/produit\/aclam-advanced-kit-s2-top-routing\/\" \/>\n<meta property=\"og:site_name\" content=\"Anasounds\" \/>\n<meta property=\"article:publisher\" content=\"https:\/\/www.facebook.com\/AnasoundsFX\/\" \/>\n<meta property=\"article:modified_time\" content=\"2025-12-21T18:24:43+00:00\" \/>\n<meta property=\"og:image\" content=\"https:\/\/anasounds.com\/wp-content\/uploads\/2021\/03\/aclamkits2topillu.jpg\" \/>\n\t<meta property=\"og:image:width\" content=\"1080\" \/>\n\t<meta property=\"og:image:height\" content=\"1080\" \/>\n\t<meta property=\"og:image:type\" content=\"image\/jpeg\" \/>\n<meta name=\"twitter:card\" content=\"summary_large_image\" \/>\n<meta name=\"twitter:label1\" content=\"Dur\u00e9e de lecture estim\u00e9e\" \/>\n\t<meta name=\"twitter:data1\" content=\"2 minutes\" \/>\n<script type=\"application\/ld+json\" class=\"yoast-schema-graph\">{\"@context\":\"https:\/\/schema.org\",\"@graph\":[{\"@type\":\"WebPage\",\"@id\":\"https:\/\/anasounds.com\/fr\/produit\/aclam-advanced-kit-s2-top-routing\/\",\"url\":\"https:\/\/anasounds.com\/fr\/produit\/aclam-advanced-kit-s2-top-routing\/\",\"name\":\"Aclam Advanced Kit S2 | Top routing | customisez votre propre pedalboard\",\"isPartOf\":{\"@id\":\"https:\/\/anasounds.com\/#website\"},\"primaryImageOfPage\":{\"@id\":\"https:\/\/anasounds.com\/fr\/produit\/aclam-advanced-kit-s2-top-routing\/#primaryimage\"},\"image\":{\"@id\":\"https:\/\/anasounds.com\/fr\/produit\/aclam-advanced-kit-s2-top-routing\/#primaryimage\"},\"thumbnailUrl\":\"https:\/\/anasounds.com\/wp-content\/uploads\/2021\/03\/aclamkits2topillu.jpg\",\"datePublished\":\"2021-03-11T09:29:37+00:00\",\"dateModified\":\"2025-12-21T18:24:43+00:00\",\"description\":\"L'Advanced Kit S2 d'Aclam - top routing comprend les \u00e9l\u00e9ments de base pour construire le pedalboard personnalis\u00e9 de vos r\u00eaves.\",\"breadcrumb\":{\"@id\":\"https:\/\/anasounds.com\/fr\/produit\/aclam-advanced-kit-s2-top-routing\/#breadcrumb\"},\"inLanguage\":\"fr-FR\",\"potentialAction\":[{\"@type\":\"ReadAction\",\"target\":[\"https:\/\/anasounds.com\/fr\/produit\/aclam-advanced-kit-s2-top-routing\/\"]}]},{\"@type\":\"ImageObject\",\"inLanguage\":\"fr-FR\",\"@id\":\"https:\/\/anasounds.com\/fr\/produit\/aclam-advanced-kit-s2-top-routing\/#primaryimage\",\"url\":\"https:\/\/anasounds.com\/wp-content\/uploads\/2021\/03\/aclamkits2topillu.jpg\",\"contentUrl\":\"https:\/\/anasounds.com\/wp-content\/uploads\/2021\/03\/aclamkits2topillu.jpg\",\"width\":1080,\"height\":1080},{\"@type\":\"BreadcrumbList\",\"@id\":\"https:\/\/anasounds.com\/fr\/produit\/aclam-advanced-kit-s2-top-routing\/#breadcrumb\",\"itemListElement\":[{\"@type\":\"ListItem\",\"position\":1,\"name\":\"Home\",\"item\":\"https:\/\/anasounds.com\/fr\/\"},{\"@type\":\"ListItem\",\"position\":2,\"name\":\"boutique\",\"item\":\"https:\/\/anasounds.com\/fr\/shop\/\"},{\"@type\":\"ListItem\",\"position\":3,\"name\":\"Aclam Advanced Kit S2 | Top routing\"}]},{\"@type\":\"WebSite\",\"@id\":\"https:\/\/anasounds.com\/#website\",\"url\":\"https:\/\/anasounds.com\/\",\"name\":\"Anasounds\",\"description\":\"P\u00e9dales \u00e0 la Fran\u00e7aise\",\"publisher\":{\"@id\":\"https:\/\/anasounds.com\/#organization\"},\"potentialAction\":[{\"@type\":\"SearchAction\",\"target\":{\"@type\":\"EntryPoint\",\"urlTemplate\":\"https:\/\/anasounds.com\/?s={search_term_string}\"},\"query-input\":{\"@type\":\"PropertyValueSpecification\",\"valueRequired\":true,\"valueName\":\"search_term_string\"}}],\"inLanguage\":\"fr-FR\"},{\"@type\":\"Organization\",\"@id\":\"https:\/\/anasounds.com\/#organization\",\"name\":\"Anasounds\",\"url\":\"https:\/\/anasounds.com\/\",\"logo\":{\"@type\":\"ImageObject\",\"inLanguage\":\"fr-FR\",\"@id\":\"https:\/\/anasounds.com\/#\/schema\/logo\/image\/\",\"url\":\"https:\/\/anasounds.com\/wp-content\/uploads\/2017\/10\/Logomadeinfrnoirblc.png\",\"contentUrl\":\"https:\/\/anasounds.com\/wp-content\/uploads\/2017\/10\/Logomadeinfrnoirblc.png\",\"width\":300,\"height\":300,\"caption\":\"Anasounds\"},\"image\":{\"@id\":\"https:\/\/anasounds.com\/#\/schema\/logo\/image\/\"},\"sameAs\":[\"https:\/\/www.facebook.com\/AnasoundsFX\/\",\"https:\/\/www.instagram.com\/anasounds\/\",\"https:\/\/www.youtube.com\/user\/AnaSoundsFR\"]}]}<\/script>\n<!-- \/ Yoast SEO plugin. -->","yoast_head_json":{"title":"Aclam Advanced Kit S2 | Top routing | customisez votre propre pedalboard","description":"L'Advanced Kit S2 d'Aclam - top routing comprend les \u00e9l\u00e9ments de base pour construire le pedalboard personnalis\u00e9 de vos r\u00eaves.","robots":{"index":"index","follow":"follow","max-snippet":"max-snippet:-1","max-image-preview":"max-image-preview:large","max-video-preview":"max-video-preview:-1"},"canonical":"https:\/\/anasounds.com\/fr\/produit\/aclam-advanced-kit-s2-top-routing\/","og_locale":"fr_FR","og_type":"article","og_title":"Aclam Advanced Kit S2 | Top routing | customisez votre propre pedalboard","og_description":"L'Advanced Kit S2 d'Aclam - top routing comprend les \u00e9l\u00e9ments de base pour construire le pedalboard personnalis\u00e9 de vos r\u00eaves.","og_url":"https:\/\/anasounds.com\/fr\/produit\/aclam-advanced-kit-s2-top-routing\/","og_site_name":"Anasounds","article_publisher":"https:\/\/www.facebook.com\/AnasoundsFX\/","article_modified_time":"2025-12-21T18:24:43+00:00","og_image":[{"width":1080,"height":1080,"url":"https:\/\/anasounds.com\/wp-content\/uploads\/2021\/03\/aclamkits2topillu.jpg","type":"image\/jpeg"}],"twitter_card":"summary_large_image","twitter_misc":{"Dur\u00e9e de lecture estim\u00e9e":"2 minutes"},"schema":{"@context":"https:\/\/schema.org","@graph":[{"@type":"WebPage","@id":"https:\/\/anasounds.com\/fr\/produit\/aclam-advanced-kit-s2-top-routing\/","url":"https:\/\/anasounds.com\/fr\/produit\/aclam-advanced-kit-s2-top-routing\/","name":"Aclam Advanced Kit S2 | Top routing | customisez votre propre pedalboard","isPartOf":{"@id":"https:\/\/anasounds.com\/#website"},"primaryImageOfPage":{"@id":"https:\/\/anasounds.com\/fr\/produit\/aclam-advanced-kit-s2-top-routing\/#primaryimage"},"image":{"@id":"https:\/\/anasounds.com\/fr\/produit\/aclam-advanced-kit-s2-top-routing\/#primaryimage"},"thumbnailUrl":"https:\/\/anasounds.com\/wp-content\/uploads\/2021\/03\/aclamkits2topillu.jpg","datePublished":"2021-03-11T09:29:37+00:00","dateModified":"2025-12-21T18:24:43+00:00","description":"L'Advanced Kit S2 d'Aclam - top routing comprend les \u00e9l\u00e9ments de base pour construire le pedalboard personnalis\u00e9 de vos r\u00eaves.","breadcrumb":{"@id":"https:\/\/anasounds.com\/fr\/produit\/aclam-advanced-kit-s2-top-routing\/#breadcrumb"},"inLanguage":"fr-FR","potentialAction":[{"@type":"ReadAction","target":["https:\/\/anasounds.com\/fr\/produit\/aclam-advanced-kit-s2-top-routing\/"]}]},{"@type":"ImageObject","inLanguage":"fr-FR","@id":"https:\/\/anasounds.com\/fr\/produit\/aclam-advanced-kit-s2-top-routing\/#primaryimage","url":"https:\/\/anasounds.com\/wp-content\/uploads\/2021\/03\/aclamkits2topillu.jpg","contentUrl":"https:\/\/anasounds.com\/wp-content\/uploads\/2021\/03\/aclamkits2topillu.jpg","width":1080,"height":1080},{"@type":"BreadcrumbList","@id":"https:\/\/anasounds.com\/fr\/produit\/aclam-advanced-kit-s2-top-routing\/#breadcrumb","itemListElement":[{"@type":"ListItem","position":1,"name":"Home","item":"https:\/\/anasounds.com\/fr\/"},{"@type":"ListItem","position":2,"name":"boutique","item":"https:\/\/anasounds.com\/fr\/shop\/"},{"@type":"ListItem","position":3,"name":"Aclam Advanced Kit S2 | Top routing"}]},{"@type":"WebSite","@id":"https:\/\/anasounds.com\/#website","url":"https:\/\/anasounds.com\/","name":"Anasounds","description":"P\u00e9dales \u00e0 la Fran\u00e7aise","publisher":{"@id":"https:\/\/anasounds.com\/#organization"},"potentialAction":[{"@type":"SearchAction","target":{"@type":"EntryPoint","urlTemplate":"https:\/\/anasounds.com\/?s={search_term_string}"},"query-input":{"@type":"PropertyValueSpecification","valueRequired":true,"valueName":"search_term_string"}}],"inLanguage":"fr-FR"},{"@type":"Organization","@id":"https:\/\/anasounds.com\/#organization","name":"Anasounds","url":"https:\/\/anasounds.com\/","logo":{"@type":"ImageObject","inLanguage":"fr-FR","@id":"https:\/\/anasounds.com\/#\/schema\/logo\/image\/","url":"https:\/\/anasounds.com\/wp-content\/uploads\/2017\/10\/Logomadeinfrnoirblc.png","contentUrl":"https:\/\/anasounds.com\/wp-content\/uploads\/2017\/10\/Logomadeinfrnoirblc.png","width":300,"height":300,"caption":"Anasounds"},"image":{"@id":"https:\/\/anasounds.com\/#\/schema\/logo\/image\/"},"sameAs":["https:\/\/www.facebook.com\/AnasoundsFX\/","https:\/\/www.instagram.com\/anasounds\/","https:\/\/www.youtube.com\/user\/AnaSoundsFR"]}]}},"_links":{"self":[{"href":"https:\/\/anasounds.com\/fr\/wp-json\/wp\/v2\/product\/60072","targetHints":{"allow":["GET"]}}],"collection":[{"href":"https:\/\/anasounds.com\/fr\/wp-json\/wp\/v2\/product"}],"about":[{"href":"https:\/\/anasounds.com\/fr\/wp-json\/wp\/v2\/types\/product"}],"replies":[{"embeddable":true,"href":"https:\/\/anasounds.com\/fr\/wp-json\/wp\/v2\/comments?post=60072"}],"wp:featuredmedia":[{"embeddable":true,"href":"https:\/\/anasounds.com\/fr\/wp-json\/wp\/v2\/media\/69001"}],"wp:attachment":[{"href":"https:\/\/anasounds.com\/fr\/wp-json\/wp\/v2\/media?parent=60072"}],"wp:term":[{"taxonomy":"product_brand","embeddable":true,"href":"https:\/\/anasounds.com\/fr\/wp-json\/wp\/v2\/product_brand?post=60072"},{"taxonomy":"product_cat","embeddable":true,"href":"https:\/\/anasounds.com\/fr\/wp-json\/wp\/v2\/product_cat?post=60072"},{"taxonomy":"product_tag","embeddable":true,"href":"https:\/\/anasounds.com\/fr\/wp-json\/wp\/v2\/product_tag?post=60072"}],"curies":[{"name":"wp","href":"https:\/\/api.w.org\/{rel}","templated":true}]}}