{"id":60076,"date":"2021-03-11T10:50:35","date_gmt":"2021-03-11T09:50:35","guid":{"rendered":"https:\/\/anasounds.com\/?post_type=product&#038;p=60076"},"modified":"2025-12-21T19:24:43","modified_gmt":"2025-12-21T18:24:43","slug":"aclam-advanced-kit-l2-top-routing","status":"publish","type":"product","link":"https:\/\/anasounds.com\/fr\/produit\/aclam-advanced-kit-l2-top-routing\/","title":{"rendered":"Aclam advanced kit L2 | top routing"},"content":{"rendered":"<h3 style=\"text-align: center;\">aclam advanced kit l2<\/h3>\n<p style=\"text-align: center;\">L&rsquo;Advanced Kit L2 &#8211; Top Routing <a href=\"https:\/\/www.aclamguitars.com\/\">d&rsquo;Aclam <\/a>comprend le pedalboard Smart Tack\u00ae L2 &#8211; top routing avec son \u00e9tui souple.<br \/>\nUtilisez les 56 fixations que vous recevez pour installer jusqu&rsquo;\u00e0 14 p\u00e9dales d&rsquo;effets de taille standard sur ce grand pedalboard.<br \/>\nVous pouvez r\u00e9utiliser les fixations autant de fois que n\u00e9cessaire. Sans endommager les p\u00e9dales d&rsquo;effets avec de la colle, des adh\u00e9sifs ou des substituts.<\/p>\n<p style=\"text-align: center;\">Le PSU Support Universal Simple vous permettra de placer l&rsquo;alimentation sous le pedalboard. Gr\u00e2ce \u00e0 l&rsquo;inclinaison obtenue avec les pieds arri\u00e8re r\u00e9glables.<\/p>\n<p style=\"text-align: center;\">Le routage des c\u00e2bles est facilit\u00e9 par le <a href=\"https:\/\/anasounds.com\/fr\/produit\/aclam-tidy-cables-pack\/\">Tidy Cables Pack <\/a>inclus dans le bundle, utilisez les rainures pour cacher les c\u00e2bles et construire un grand pedalboard bien rang\u00e9.<\/p>\n<p>&nbsp;<\/p>\n<h3 style=\"text-align: center;\">t\u00f4t ou tard<\/h3>\n<p style=\"text-align: center;\">Ayant observ\u00e9 que t\u00f4t ou tard (plus t\u00f4t que tard) les utilisateurs de pedalboard reviennent vers nous pour ce support d&rsquo;alimentation qu&rsquo;ils n&rsquo;ont pas achet\u00e9 avec le pedalboard;<br \/>\nou ces clips pour ranger le c\u00e2blage qui ne semblait pas \u00eatre n\u00e9cessaire avant de recevoir le pedalboard;<br \/>\nnous avons pens\u00e9 qu&rsquo;il serait plus \u00e9conomique et plus rapide de proposer un pack avec ces accessoires indispensables.<\/p>\n<p style=\"text-align: center;\">Le grand pedalboard d&rsquo;Aclam, le Smart Track L2\u00ae &#8211; top routing, est inclus dans ce kit afin que vous puissiez regrouper les \u00e9l\u00e9ments de base dans une m\u00eame commande.<br \/>\nSoyez intelligent et obtenez ce dont nous savons que vous aurez besoin au co\u00fbt le plus bas possible.<\/p>\n<p style=\"text-align: center;\">L&rsquo;\u00e9tui souple inclus dans le pack est totalement compatible avec tous les accessoires qui peuvent \u00eatre assembl\u00e9s sur le pedalboard.<\/p>\n<p>&nbsp;<\/p>\n<h3 style=\"text-align: center;\">kit \u00e9conomique<\/h3>\n<p style=\"text-align: center;\">L&rsquo;Advanced Kit L2 &#8211; top routing d&rsquo;Aclam comprend le support d&rsquo;alimentation et les accessoires de gestion des c\u00e2bles dans un format group\u00e9.<br \/>\nAfin que vous puissiez \u00e9conomiser du temps et de l&rsquo;argent d\u00e8s le d\u00e9but.<\/p>\n","protected":false},"excerpt":{"rendered":"<p style=\"text-align: center;\">Le grand pedalboard d&rsquo;Aclam, le Smart Track\u00ae L2 &#8211; top routing, dispose \u00e9galement d&rsquo;un pack \u00e9conomique avec les accessoires les plus vendus.<br \/>\nCe grand pedalboard est accompagn\u00e9 d&rsquo;un support d&rsquo;alimentation Universal Simple, qui vous permet de placer votre alimentation facilement, et de l&rsquo;organisateur de c\u00e2bles Tidy Cables Pack, qui vous permet de garder les c\u00e2bles bien achemin\u00e9s, propres et bien rang\u00e9s.<br \/>\nUtilisez l&rsquo;\u00e9tui souple inclus dans le pack pour transporter votre grand pedalboard avec des p\u00e9dales d&rsquo;effets toujours prot\u00e9g\u00e9es.<\/p>\n","protected":false},"featured_media":69017,"comment_status":"open","ping_status":"closed","template":"","meta":[],"product_brand":[],"product_cat":[751,1122],"product_tag":[715,1118,201],"class_list":{"0":"post-60076","1":"product","2":"type-product","3":"status-publish","4":"has-post-thumbnail","6":"product_cat-aclam","7":"product_cat-top-routing","8":"product_tag-aclam","9":"product_tag-advanced-kit","10":"product_tag-pedalboard","12":"first","13":"outofstock","14":"taxable","15":"shipping-taxable","16":"purchasable","17":"product-type-simple"},"supplier_id":83522,"supplier_sku":"","barcode":null,"atum_controlled":true,"out_stock_date":"2025-12-21 19:24:43","out_stock_threshold":null,"inheritable":false,"inbound_stock":0,"stock_on_hold":0,"sold_today":0,"sales_last_days":0,"reserved_stock":0,"customer_returns":0,"warehouse_damage":0,"lost_in_post":0,"other_logs":0,"out_stock_days":119,"lost_sales":0,"has_location":false,"update_date":"2026-04-20T01:10:15","atum_locations":[],"atum_stock_status":"outofstock","restock_status":false,"low_stock_amount":"","sales_update_date":"2026-04-20T01:10:15","calc_backorders":null,"yoast_head":"<!-- This site is optimized with the Yoast SEO plugin v26.5 - https:\/\/yoast.com\/wordpress\/plugins\/seo\/ -->\n<title>Aclam advanced kit L2 | top routing<\/title>\n<meta name=\"description\" content=\"L&#039;Advanced Kit L2 d&#039;Aclam - top routing comprend les \u00e9l\u00e9ments de base pour construire le pedalboard personnalis\u00e9 de vos r\u00eaves.\" \/>\n<meta name=\"robots\" content=\"index, follow, max-snippet:-1, max-image-preview:large, max-video-preview:-1\" \/>\n<link rel=\"canonical\" href=\"https:\/\/anasounds.com\/fr\/produit\/aclam-advanced-kit-l2-top-routing\/\" \/>\n<meta property=\"og:locale\" content=\"fr_FR\" \/>\n<meta property=\"og:type\" content=\"article\" \/>\n<meta property=\"og:title\" content=\"Aclam advanced kit L2 | top routing\" \/>\n<meta property=\"og:description\" content=\"L&#039;Advanced Kit L2 d&#039;Aclam - top routing comprend les \u00e9l\u00e9ments de base pour construire le pedalboard personnalis\u00e9 de vos r\u00eaves.\" \/>\n<meta property=\"og:url\" content=\"https:\/\/anasounds.com\/fr\/produit\/aclam-advanced-kit-l2-top-routing\/\" \/>\n<meta property=\"og:site_name\" content=\"Anasounds\" \/>\n<meta property=\"article:publisher\" content=\"https:\/\/www.facebook.com\/AnasoundsFX\/\" \/>\n<meta property=\"article:modified_time\" content=\"2025-12-21T18:24:43+00:00\" \/>\n<meta property=\"og:image\" content=\"https:\/\/anasounds.com\/wp-content\/uploads\/2021\/03\/aclamkitl2topillu-1.jpg\" \/>\n\t<meta property=\"og:image:width\" content=\"1080\" \/>\n\t<meta property=\"og:image:height\" content=\"1080\" \/>\n\t<meta property=\"og:image:type\" content=\"image\/jpeg\" \/>\n<meta name=\"twitter:card\" content=\"summary_large_image\" \/>\n<meta name=\"twitter:label1\" content=\"Dur\u00e9e de lecture estim\u00e9e\" \/>\n\t<meta name=\"twitter:data1\" content=\"2 minutes\" \/>\n<script type=\"application\/ld+json\" class=\"yoast-schema-graph\">{\"@context\":\"https:\/\/schema.org\",\"@graph\":[{\"@type\":\"WebPage\",\"@id\":\"https:\/\/anasounds.com\/fr\/produit\/aclam-advanced-kit-l2-top-routing\/\",\"url\":\"https:\/\/anasounds.com\/fr\/produit\/aclam-advanced-kit-l2-top-routing\/\",\"name\":\"Aclam advanced kit L2 | top routing\",\"isPartOf\":{\"@id\":\"https:\/\/anasounds.com\/#website\"},\"primaryImageOfPage\":{\"@id\":\"https:\/\/anasounds.com\/fr\/produit\/aclam-advanced-kit-l2-top-routing\/#primaryimage\"},\"image\":{\"@id\":\"https:\/\/anasounds.com\/fr\/produit\/aclam-advanced-kit-l2-top-routing\/#primaryimage\"},\"thumbnailUrl\":\"https:\/\/anasounds.com\/wp-content\/uploads\/2021\/03\/aclamkitl2topillu-1.jpg\",\"datePublished\":\"2021-03-11T09:50:35+00:00\",\"dateModified\":\"2025-12-21T18:24:43+00:00\",\"description\":\"L'Advanced Kit L2 d'Aclam - top routing comprend les \u00e9l\u00e9ments de base pour construire le pedalboard personnalis\u00e9 de vos r\u00eaves.\",\"breadcrumb\":{\"@id\":\"https:\/\/anasounds.com\/fr\/produit\/aclam-advanced-kit-l2-top-routing\/#breadcrumb\"},\"inLanguage\":\"fr-FR\",\"potentialAction\":[{\"@type\":\"ReadAction\",\"target\":[\"https:\/\/anasounds.com\/fr\/produit\/aclam-advanced-kit-l2-top-routing\/\"]}]},{\"@type\":\"ImageObject\",\"inLanguage\":\"fr-FR\",\"@id\":\"https:\/\/anasounds.com\/fr\/produit\/aclam-advanced-kit-l2-top-routing\/#primaryimage\",\"url\":\"https:\/\/anasounds.com\/wp-content\/uploads\/2021\/03\/aclamkitl2topillu-1.jpg\",\"contentUrl\":\"https:\/\/anasounds.com\/wp-content\/uploads\/2021\/03\/aclamkitl2topillu-1.jpg\",\"width\":1080,\"height\":1080},{\"@type\":\"BreadcrumbList\",\"@id\":\"https:\/\/anasounds.com\/fr\/produit\/aclam-advanced-kit-l2-top-routing\/#breadcrumb\",\"itemListElement\":[{\"@type\":\"ListItem\",\"position\":1,\"name\":\"Home\",\"item\":\"https:\/\/anasounds.com\/fr\/\"},{\"@type\":\"ListItem\",\"position\":2,\"name\":\"boutique\",\"item\":\"https:\/\/anasounds.com\/fr\/shop\/\"},{\"@type\":\"ListItem\",\"position\":3,\"name\":\"Aclam advanced kit L2 | top routing\"}]},{\"@type\":\"WebSite\",\"@id\":\"https:\/\/anasounds.com\/#website\",\"url\":\"https:\/\/anasounds.com\/\",\"name\":\"Anasounds\",\"description\":\"P\u00e9dales \u00e0 la Fran\u00e7aise\",\"publisher\":{\"@id\":\"https:\/\/anasounds.com\/#organization\"},\"potentialAction\":[{\"@type\":\"SearchAction\",\"target\":{\"@type\":\"EntryPoint\",\"urlTemplate\":\"https:\/\/anasounds.com\/?s={search_term_string}\"},\"query-input\":{\"@type\":\"PropertyValueSpecification\",\"valueRequired\":true,\"valueName\":\"search_term_string\"}}],\"inLanguage\":\"fr-FR\"},{\"@type\":\"Organization\",\"@id\":\"https:\/\/anasounds.com\/#organization\",\"name\":\"Anasounds\",\"url\":\"https:\/\/anasounds.com\/\",\"logo\":{\"@type\":\"ImageObject\",\"inLanguage\":\"fr-FR\",\"@id\":\"https:\/\/anasounds.com\/#\/schema\/logo\/image\/\",\"url\":\"https:\/\/anasounds.com\/wp-content\/uploads\/2017\/10\/Logomadeinfrnoirblc.png\",\"contentUrl\":\"https:\/\/anasounds.com\/wp-content\/uploads\/2017\/10\/Logomadeinfrnoirblc.png\",\"width\":300,\"height\":300,\"caption\":\"Anasounds\"},\"image\":{\"@id\":\"https:\/\/anasounds.com\/#\/schema\/logo\/image\/\"},\"sameAs\":[\"https:\/\/www.facebook.com\/AnasoundsFX\/\",\"https:\/\/www.instagram.com\/anasounds\/\",\"https:\/\/www.youtube.com\/user\/AnaSoundsFR\"]}]}<\/script>\n<!-- \/ Yoast SEO plugin. -->","yoast_head_json":{"title":"Aclam advanced kit L2 | top routing","description":"L'Advanced Kit L2 d'Aclam - top routing comprend les \u00e9l\u00e9ments de base pour construire le pedalboard personnalis\u00e9 de vos r\u00eaves.","robots":{"index":"index","follow":"follow","max-snippet":"max-snippet:-1","max-image-preview":"max-image-preview:large","max-video-preview":"max-video-preview:-1"},"canonical":"https:\/\/anasounds.com\/fr\/produit\/aclam-advanced-kit-l2-top-routing\/","og_locale":"fr_FR","og_type":"article","og_title":"Aclam advanced kit L2 | top routing","og_description":"L'Advanced Kit L2 d'Aclam - top routing comprend les \u00e9l\u00e9ments de base pour construire le pedalboard personnalis\u00e9 de vos r\u00eaves.","og_url":"https:\/\/anasounds.com\/fr\/produit\/aclam-advanced-kit-l2-top-routing\/","og_site_name":"Anasounds","article_publisher":"https:\/\/www.facebook.com\/AnasoundsFX\/","article_modified_time":"2025-12-21T18:24:43+00:00","og_image":[{"width":1080,"height":1080,"url":"https:\/\/anasounds.com\/wp-content\/uploads\/2021\/03\/aclamkitl2topillu-1.jpg","type":"image\/jpeg"}],"twitter_card":"summary_large_image","twitter_misc":{"Dur\u00e9e de lecture estim\u00e9e":"2 minutes"},"schema":{"@context":"https:\/\/schema.org","@graph":[{"@type":"WebPage","@id":"https:\/\/anasounds.com\/fr\/produit\/aclam-advanced-kit-l2-top-routing\/","url":"https:\/\/anasounds.com\/fr\/produit\/aclam-advanced-kit-l2-top-routing\/","name":"Aclam advanced kit L2 | top routing","isPartOf":{"@id":"https:\/\/anasounds.com\/#website"},"primaryImageOfPage":{"@id":"https:\/\/anasounds.com\/fr\/produit\/aclam-advanced-kit-l2-top-routing\/#primaryimage"},"image":{"@id":"https:\/\/anasounds.com\/fr\/produit\/aclam-advanced-kit-l2-top-routing\/#primaryimage"},"thumbnailUrl":"https:\/\/anasounds.com\/wp-content\/uploads\/2021\/03\/aclamkitl2topillu-1.jpg","datePublished":"2021-03-11T09:50:35+00:00","dateModified":"2025-12-21T18:24:43+00:00","description":"L'Advanced Kit L2 d'Aclam - top routing comprend les \u00e9l\u00e9ments de base pour construire le pedalboard personnalis\u00e9 de vos r\u00eaves.","breadcrumb":{"@id":"https:\/\/anasounds.com\/fr\/produit\/aclam-advanced-kit-l2-top-routing\/#breadcrumb"},"inLanguage":"fr-FR","potentialAction":[{"@type":"ReadAction","target":["https:\/\/anasounds.com\/fr\/produit\/aclam-advanced-kit-l2-top-routing\/"]}]},{"@type":"ImageObject","inLanguage":"fr-FR","@id":"https:\/\/anasounds.com\/fr\/produit\/aclam-advanced-kit-l2-top-routing\/#primaryimage","url":"https:\/\/anasounds.com\/wp-content\/uploads\/2021\/03\/aclamkitl2topillu-1.jpg","contentUrl":"https:\/\/anasounds.com\/wp-content\/uploads\/2021\/03\/aclamkitl2topillu-1.jpg","width":1080,"height":1080},{"@type":"BreadcrumbList","@id":"https:\/\/anasounds.com\/fr\/produit\/aclam-advanced-kit-l2-top-routing\/#breadcrumb","itemListElement":[{"@type":"ListItem","position":1,"name":"Home","item":"https:\/\/anasounds.com\/fr\/"},{"@type":"ListItem","position":2,"name":"boutique","item":"https:\/\/anasounds.com\/fr\/shop\/"},{"@type":"ListItem","position":3,"name":"Aclam advanced kit L2 | top routing"}]},{"@type":"WebSite","@id":"https:\/\/anasounds.com\/#website","url":"https:\/\/anasounds.com\/","name":"Anasounds","description":"P\u00e9dales \u00e0 la Fran\u00e7aise","publisher":{"@id":"https:\/\/anasounds.com\/#organization"},"potentialAction":[{"@type":"SearchAction","target":{"@type":"EntryPoint","urlTemplate":"https:\/\/anasounds.com\/?s={search_term_string}"},"query-input":{"@type":"PropertyValueSpecification","valueRequired":true,"valueName":"search_term_string"}}],"inLanguage":"fr-FR"},{"@type":"Organization","@id":"https:\/\/anasounds.com\/#organization","name":"Anasounds","url":"https:\/\/anasounds.com\/","logo":{"@type":"ImageObject","inLanguage":"fr-FR","@id":"https:\/\/anasounds.com\/#\/schema\/logo\/image\/","url":"https:\/\/anasounds.com\/wp-content\/uploads\/2017\/10\/Logomadeinfrnoirblc.png","contentUrl":"https:\/\/anasounds.com\/wp-content\/uploads\/2017\/10\/Logomadeinfrnoirblc.png","width":300,"height":300,"caption":"Anasounds"},"image":{"@id":"https:\/\/anasounds.com\/#\/schema\/logo\/image\/"},"sameAs":["https:\/\/www.facebook.com\/AnasoundsFX\/","https:\/\/www.instagram.com\/anasounds\/","https:\/\/www.youtube.com\/user\/AnaSoundsFR"]}]}},"_links":{"self":[{"href":"https:\/\/anasounds.com\/fr\/wp-json\/wp\/v2\/product\/60076","targetHints":{"allow":["GET"]}}],"collection":[{"href":"https:\/\/anasounds.com\/fr\/wp-json\/wp\/v2\/product"}],"about":[{"href":"https:\/\/anasounds.com\/fr\/wp-json\/wp\/v2\/types\/product"}],"replies":[{"embeddable":true,"href":"https:\/\/anasounds.com\/fr\/wp-json\/wp\/v2\/comments?post=60076"}],"wp:featuredmedia":[{"embeddable":true,"href":"https:\/\/anasounds.com\/fr\/wp-json\/wp\/v2\/media\/69017"}],"wp:attachment":[{"href":"https:\/\/anasounds.com\/fr\/wp-json\/wp\/v2\/media?parent=60076"}],"wp:term":[{"taxonomy":"product_brand","embeddable":true,"href":"https:\/\/anasounds.com\/fr\/wp-json\/wp\/v2\/product_brand?post=60076"},{"taxonomy":"product_cat","embeddable":true,"href":"https:\/\/anasounds.com\/fr\/wp-json\/wp\/v2\/product_cat?post=60076"},{"taxonomy":"product_tag","embeddable":true,"href":"https:\/\/anasounds.com\/fr\/wp-json\/wp\/v2\/product_tag?post=60076"}],"curies":[{"name":"wp","href":"https:\/\/api.w.org\/{rel}","templated":true}]}}