{"id":60084,"date":"2021-03-11T11:25:22","date_gmt":"2021-03-11T10:25:22","guid":{"rendered":"https:\/\/anasounds.com\/?post_type=product&#038;p=60084"},"modified":"2025-12-21T19:24:43","modified_gmt":"2025-12-21T18:24:43","slug":"aclam-advanced-kit-s2-free-routing","status":"publish","type":"product","link":"https:\/\/anasounds.com\/fr\/produit\/aclam-advanced-kit-s2-free-routing\/","title":{"rendered":"Aclam Advanced Kit S2 | Free routing"},"content":{"rendered":"<h3 style=\"text-align: center;\">gestion des c\u00e2bles<\/h3>\n<p style=\"text-align: center;\">L&rsquo;Advanced Kit S2 &#8211; free Routing <a href=\"https:\/\/www.aclamguitars.com\/\">d&rsquo;Aclam<\/a> comprend le pedalboard Smart Tack\u00ae S2 &#8211; free routing avec la sacoche souple sp\u00e9cialement con\u00e7ue pour lui,<br \/>\nafin que vous puissiez le d\u00e9placer facilement.<br \/>\nLe kit comprend suffisamment d&rsquo;attaches pour permettre de fixer jusqu&rsquo;\u00e0 10 p\u00e9dales d&rsquo;effets de taille standard en utilisant la m\u00e9thode de fixation Smart Track\u00ae.<\/p>\n<p style=\"text-align: center;\">Les pedalboards Free Routing sont dot\u00e9s d&rsquo;une conception \u00e0 lattes permettant de faire passer les c\u00e2bles du haut vers le bas du pedalboard.<\/p>\n<p style=\"text-align: center;\">Le PSU Support Universal Simple vous permet de disposer de plus d&rsquo;espace sur le pedalboard. Car vous pouvez cacher l&rsquo;alimentation en dessous.<\/p>\n<p style=\"text-align: center;\">Enfin, le <a href=\"https:\/\/anasounds.com\/fr\/produit\/aclam-tidy-cables-pack\/\">Tidy Cables Pack <\/a>vous permet de ranger les c\u00e2bles le long du pedalboard. Il est tr\u00e8s utile pour trier les c\u00e2bles qui pendent sous le board et construire le pedalboard parfait.<\/p>\n<p>&nbsp;<\/p>\n<h3 style=\"text-align: center;\">les bon accessoires<\/h3>\n<p style=\"text-align: center;\">Le format de pedalboard le plus vendu d&rsquo;Aclam, le S2, est maintenant disponible avec des espaces pour faire passer les c\u00e2bles au travers.<br \/>\nAvec les m\u00eames caract\u00e9ristiques modulaires et les m\u00eames compatibilit\u00e9s d&rsquo;accessoires.<br \/>\nConstruisez votre pedalboard parfait d\u00e8s sa sortie de la bo\u00eete en utilisant les accessoires indispensables inclus dans ce pack.<\/p>\n<p style=\"text-align: center;\">La sacoche souple incluse dans le pack Advanced Kit S2 &#8211; Free Routing sera utile pour se d\u00e9placer sans ajouter de poids inutile et prot\u00e9ger ce qui compte vraiment.<br \/>\nCompatible avec toutes les combinaisons d&rsquo;accessoires, \u00e0 l&rsquo;exception du Wahpper+, cette housse en nylon est un must have si vous pr\u00e9voyez d&#8217;emmener votre pedalboard en balade.<\/p>\n<p>&nbsp;<\/p>\n<h3 style=\"text-align: center;\">\u00e9conomisez de la l&rsquo;argent<\/h3>\n<p style=\"text-align: center;\">L&rsquo;Advanced Kit S2 d&rsquo;Aclam &#8211; free routing comprend des accessoires \u00e0 un prix sp\u00e9cial. Et vous n&rsquo;aurez pas \u00e0 payer de frais de port suppl\u00e9mentaires pour les commander ult\u00e9rieurement.<br \/>\nLe pedalboard parfait avec le meilleur rapport qualit\u00e9-prix.<\/p>\n","protected":false},"excerpt":{"rendered":"<p style=\"text-align: center;\">Le pack de pedalboard parfait pour ceux qui ne veulent pas ab\u00eemer leurs p\u00e9dales en utilisant des colles ou autres. Le mod\u00e8le Free Routing consiste en un pedalboard \u00e0 lattes avec des espaces pour faire passer les c\u00e2bles, contrairement aux mod\u00e8les Top Routing.<br \/>\nObtenez tout le n\u00e9cessaire en un seul achat, avec le support de PSU et les accessoires d&rsquo;organisation des c\u00e2bles.<\/p>\n","protected":false},"featured_media":68988,"comment_status":"open","ping_status":"closed","template":"","meta":[],"product_brand":[],"product_cat":[751,1123],"product_tag":[715,1118,201],"class_list":{"0":"post-60084","1":"product","2":"type-product","3":"status-publish","4":"has-post-thumbnail","6":"product_cat-aclam","7":"product_cat-free-routing","8":"product_tag-aclam","9":"product_tag-advanced-kit","10":"product_tag-pedalboard","12":"first","13":"outofstock","14":"taxable","15":"shipping-taxable","16":"purchasable","17":"product-type-simple"},"supplier_id":83522,"supplier_sku":"","barcode":null,"atum_controlled":true,"out_stock_date":"2025-12-21 19:24:43","out_stock_threshold":null,"inheritable":false,"inbound_stock":0,"stock_on_hold":0,"sold_today":0,"sales_last_days":0,"reserved_stock":0,"customer_returns":0,"warehouse_damage":0,"lost_in_post":0,"other_logs":0,"out_stock_days":107,"lost_sales":0,"has_location":false,"update_date":"2026-04-08T01:02:53","atum_locations":[],"atum_stock_status":"outofstock","restock_status":false,"low_stock_amount":"","sales_update_date":"2026-04-08T01:02:53","calc_backorders":null,"yoast_head":"<!-- This site is optimized with the Yoast SEO plugin v26.5 - https:\/\/yoast.com\/wordpress\/plugins\/seo\/ -->\n<title>Aclam Advanced Kit S2 | Free routing pedalboard !<\/title>\n<meta name=\"description\" content=\"L&#039;Advanced Kit S2 d&#039;Aclam - free routing comprend les \u00e9l\u00e9ments de base pour construire le pedalboard personnalis\u00e9 de vos r\u00eaves.\" \/>\n<meta name=\"robots\" content=\"index, follow, max-snippet:-1, max-image-preview:large, max-video-preview:-1\" \/>\n<link rel=\"canonical\" href=\"https:\/\/anasounds.com\/fr\/produit\/aclam-advanced-kit-s2-free-routing\/\" \/>\n<meta property=\"og:locale\" content=\"fr_FR\" \/>\n<meta property=\"og:type\" content=\"article\" \/>\n<meta property=\"og:title\" content=\"Aclam Advanced Kit S2 | Free routing pedalboard !\" \/>\n<meta property=\"og:description\" content=\"L&#039;Advanced Kit S2 d&#039;Aclam - free routing comprend les \u00e9l\u00e9ments de base pour construire le pedalboard personnalis\u00e9 de vos r\u00eaves.\" \/>\n<meta property=\"og:url\" content=\"https:\/\/anasounds.com\/fr\/produit\/aclam-advanced-kit-s2-free-routing\/\" \/>\n<meta property=\"og:site_name\" content=\"Anasounds\" \/>\n<meta property=\"article:publisher\" content=\"https:\/\/www.facebook.com\/AnasoundsFX\/\" \/>\n<meta property=\"article:modified_time\" content=\"2025-12-21T18:24:43+00:00\" \/>\n<meta property=\"og:image\" content=\"https:\/\/anasounds.com\/wp-content\/uploads\/2021\/03\/aclamkits2illu.jpg\" \/>\n\t<meta property=\"og:image:width\" content=\"1080\" \/>\n\t<meta property=\"og:image:height\" content=\"1080\" \/>\n\t<meta property=\"og:image:type\" content=\"image\/jpeg\" \/>\n<meta name=\"twitter:card\" content=\"summary_large_image\" \/>\n<meta name=\"twitter:label1\" content=\"Dur\u00e9e de lecture estim\u00e9e\" \/>\n\t<meta name=\"twitter:data1\" content=\"2 minutes\" \/>\n<script type=\"application\/ld+json\" class=\"yoast-schema-graph\">{\"@context\":\"https:\/\/schema.org\",\"@graph\":[{\"@type\":\"WebPage\",\"@id\":\"https:\/\/anasounds.com\/fr\/produit\/aclam-advanced-kit-s2-free-routing\/\",\"url\":\"https:\/\/anasounds.com\/fr\/produit\/aclam-advanced-kit-s2-free-routing\/\",\"name\":\"Aclam Advanced Kit S2 | Free routing pedalboard !\",\"isPartOf\":{\"@id\":\"https:\/\/anasounds.com\/#website\"},\"primaryImageOfPage\":{\"@id\":\"https:\/\/anasounds.com\/fr\/produit\/aclam-advanced-kit-s2-free-routing\/#primaryimage\"},\"image\":{\"@id\":\"https:\/\/anasounds.com\/fr\/produit\/aclam-advanced-kit-s2-free-routing\/#primaryimage\"},\"thumbnailUrl\":\"https:\/\/anasounds.com\/wp-content\/uploads\/2021\/03\/aclamkits2illu.jpg\",\"datePublished\":\"2021-03-11T10:25:22+00:00\",\"dateModified\":\"2025-12-21T18:24:43+00:00\",\"description\":\"L'Advanced Kit S2 d'Aclam - free routing comprend les \u00e9l\u00e9ments de base pour construire le pedalboard personnalis\u00e9 de vos r\u00eaves.\",\"breadcrumb\":{\"@id\":\"https:\/\/anasounds.com\/fr\/produit\/aclam-advanced-kit-s2-free-routing\/#breadcrumb\"},\"inLanguage\":\"fr-FR\",\"potentialAction\":[{\"@type\":\"ReadAction\",\"target\":[\"https:\/\/anasounds.com\/fr\/produit\/aclam-advanced-kit-s2-free-routing\/\"]}]},{\"@type\":\"ImageObject\",\"inLanguage\":\"fr-FR\",\"@id\":\"https:\/\/anasounds.com\/fr\/produit\/aclam-advanced-kit-s2-free-routing\/#primaryimage\",\"url\":\"https:\/\/anasounds.com\/wp-content\/uploads\/2021\/03\/aclamkits2illu.jpg\",\"contentUrl\":\"https:\/\/anasounds.com\/wp-content\/uploads\/2021\/03\/aclamkits2illu.jpg\",\"width\":1080,\"height\":1080},{\"@type\":\"BreadcrumbList\",\"@id\":\"https:\/\/anasounds.com\/fr\/produit\/aclam-advanced-kit-s2-free-routing\/#breadcrumb\",\"itemListElement\":[{\"@type\":\"ListItem\",\"position\":1,\"name\":\"Home\",\"item\":\"https:\/\/anasounds.com\/fr\/\"},{\"@type\":\"ListItem\",\"position\":2,\"name\":\"boutique\",\"item\":\"https:\/\/anasounds.com\/fr\/shop\/\"},{\"@type\":\"ListItem\",\"position\":3,\"name\":\"Aclam Advanced Kit S2 | Free routing\"}]},{\"@type\":\"WebSite\",\"@id\":\"https:\/\/anasounds.com\/#website\",\"url\":\"https:\/\/anasounds.com\/\",\"name\":\"Anasounds\",\"description\":\"P\u00e9dales \u00e0 la Fran\u00e7aise\",\"publisher\":{\"@id\":\"https:\/\/anasounds.com\/#organization\"},\"potentialAction\":[{\"@type\":\"SearchAction\",\"target\":{\"@type\":\"EntryPoint\",\"urlTemplate\":\"https:\/\/anasounds.com\/?s={search_term_string}\"},\"query-input\":{\"@type\":\"PropertyValueSpecification\",\"valueRequired\":true,\"valueName\":\"search_term_string\"}}],\"inLanguage\":\"fr-FR\"},{\"@type\":\"Organization\",\"@id\":\"https:\/\/anasounds.com\/#organization\",\"name\":\"Anasounds\",\"url\":\"https:\/\/anasounds.com\/\",\"logo\":{\"@type\":\"ImageObject\",\"inLanguage\":\"fr-FR\",\"@id\":\"https:\/\/anasounds.com\/#\/schema\/logo\/image\/\",\"url\":\"https:\/\/anasounds.com\/wp-content\/uploads\/2017\/10\/Logomadeinfrnoirblc.png\",\"contentUrl\":\"https:\/\/anasounds.com\/wp-content\/uploads\/2017\/10\/Logomadeinfrnoirblc.png\",\"width\":300,\"height\":300,\"caption\":\"Anasounds\"},\"image\":{\"@id\":\"https:\/\/anasounds.com\/#\/schema\/logo\/image\/\"},\"sameAs\":[\"https:\/\/www.facebook.com\/AnasoundsFX\/\",\"https:\/\/www.instagram.com\/anasounds\/\",\"https:\/\/www.youtube.com\/user\/AnaSoundsFR\"]}]}<\/script>\n<!-- \/ Yoast SEO plugin. -->","yoast_head_json":{"title":"Aclam Advanced Kit S2 | Free routing pedalboard !","description":"L'Advanced Kit S2 d'Aclam - free routing comprend les \u00e9l\u00e9ments de base pour construire le pedalboard personnalis\u00e9 de vos r\u00eaves.","robots":{"index":"index","follow":"follow","max-snippet":"max-snippet:-1","max-image-preview":"max-image-preview:large","max-video-preview":"max-video-preview:-1"},"canonical":"https:\/\/anasounds.com\/fr\/produit\/aclam-advanced-kit-s2-free-routing\/","og_locale":"fr_FR","og_type":"article","og_title":"Aclam Advanced Kit S2 | Free routing pedalboard !","og_description":"L'Advanced Kit S2 d'Aclam - free routing comprend les \u00e9l\u00e9ments de base pour construire le pedalboard personnalis\u00e9 de vos r\u00eaves.","og_url":"https:\/\/anasounds.com\/fr\/produit\/aclam-advanced-kit-s2-free-routing\/","og_site_name":"Anasounds","article_publisher":"https:\/\/www.facebook.com\/AnasoundsFX\/","article_modified_time":"2025-12-21T18:24:43+00:00","og_image":[{"width":1080,"height":1080,"url":"https:\/\/anasounds.com\/wp-content\/uploads\/2021\/03\/aclamkits2illu.jpg","type":"image\/jpeg"}],"twitter_card":"summary_large_image","twitter_misc":{"Dur\u00e9e de lecture estim\u00e9e":"2 minutes"},"schema":{"@context":"https:\/\/schema.org","@graph":[{"@type":"WebPage","@id":"https:\/\/anasounds.com\/fr\/produit\/aclam-advanced-kit-s2-free-routing\/","url":"https:\/\/anasounds.com\/fr\/produit\/aclam-advanced-kit-s2-free-routing\/","name":"Aclam Advanced Kit S2 | Free routing pedalboard !","isPartOf":{"@id":"https:\/\/anasounds.com\/#website"},"primaryImageOfPage":{"@id":"https:\/\/anasounds.com\/fr\/produit\/aclam-advanced-kit-s2-free-routing\/#primaryimage"},"image":{"@id":"https:\/\/anasounds.com\/fr\/produit\/aclam-advanced-kit-s2-free-routing\/#primaryimage"},"thumbnailUrl":"https:\/\/anasounds.com\/wp-content\/uploads\/2021\/03\/aclamkits2illu.jpg","datePublished":"2021-03-11T10:25:22+00:00","dateModified":"2025-12-21T18:24:43+00:00","description":"L'Advanced Kit S2 d'Aclam - free routing comprend les \u00e9l\u00e9ments de base pour construire le pedalboard personnalis\u00e9 de vos r\u00eaves.","breadcrumb":{"@id":"https:\/\/anasounds.com\/fr\/produit\/aclam-advanced-kit-s2-free-routing\/#breadcrumb"},"inLanguage":"fr-FR","potentialAction":[{"@type":"ReadAction","target":["https:\/\/anasounds.com\/fr\/produit\/aclam-advanced-kit-s2-free-routing\/"]}]},{"@type":"ImageObject","inLanguage":"fr-FR","@id":"https:\/\/anasounds.com\/fr\/produit\/aclam-advanced-kit-s2-free-routing\/#primaryimage","url":"https:\/\/anasounds.com\/wp-content\/uploads\/2021\/03\/aclamkits2illu.jpg","contentUrl":"https:\/\/anasounds.com\/wp-content\/uploads\/2021\/03\/aclamkits2illu.jpg","width":1080,"height":1080},{"@type":"BreadcrumbList","@id":"https:\/\/anasounds.com\/fr\/produit\/aclam-advanced-kit-s2-free-routing\/#breadcrumb","itemListElement":[{"@type":"ListItem","position":1,"name":"Home","item":"https:\/\/anasounds.com\/fr\/"},{"@type":"ListItem","position":2,"name":"boutique","item":"https:\/\/anasounds.com\/fr\/shop\/"},{"@type":"ListItem","position":3,"name":"Aclam Advanced Kit S2 | Free routing"}]},{"@type":"WebSite","@id":"https:\/\/anasounds.com\/#website","url":"https:\/\/anasounds.com\/","name":"Anasounds","description":"P\u00e9dales \u00e0 la Fran\u00e7aise","publisher":{"@id":"https:\/\/anasounds.com\/#organization"},"potentialAction":[{"@type":"SearchAction","target":{"@type":"EntryPoint","urlTemplate":"https:\/\/anasounds.com\/?s={search_term_string}"},"query-input":{"@type":"PropertyValueSpecification","valueRequired":true,"valueName":"search_term_string"}}],"inLanguage":"fr-FR"},{"@type":"Organization","@id":"https:\/\/anasounds.com\/#organization","name":"Anasounds","url":"https:\/\/anasounds.com\/","logo":{"@type":"ImageObject","inLanguage":"fr-FR","@id":"https:\/\/anasounds.com\/#\/schema\/logo\/image\/","url":"https:\/\/anasounds.com\/wp-content\/uploads\/2017\/10\/Logomadeinfrnoirblc.png","contentUrl":"https:\/\/anasounds.com\/wp-content\/uploads\/2017\/10\/Logomadeinfrnoirblc.png","width":300,"height":300,"caption":"Anasounds"},"image":{"@id":"https:\/\/anasounds.com\/#\/schema\/logo\/image\/"},"sameAs":["https:\/\/www.facebook.com\/AnasoundsFX\/","https:\/\/www.instagram.com\/anasounds\/","https:\/\/www.youtube.com\/user\/AnaSoundsFR"]}]}},"_links":{"self":[{"href":"https:\/\/anasounds.com\/fr\/wp-json\/wp\/v2\/product\/60084","targetHints":{"allow":["GET"]}}],"collection":[{"href":"https:\/\/anasounds.com\/fr\/wp-json\/wp\/v2\/product"}],"about":[{"href":"https:\/\/anasounds.com\/fr\/wp-json\/wp\/v2\/types\/product"}],"replies":[{"embeddable":true,"href":"https:\/\/anasounds.com\/fr\/wp-json\/wp\/v2\/comments?post=60084"}],"wp:featuredmedia":[{"embeddable":true,"href":"https:\/\/anasounds.com\/fr\/wp-json\/wp\/v2\/media\/68988"}],"wp:attachment":[{"href":"https:\/\/anasounds.com\/fr\/wp-json\/wp\/v2\/media?parent=60084"}],"wp:term":[{"taxonomy":"product_brand","embeddable":true,"href":"https:\/\/anasounds.com\/fr\/wp-json\/wp\/v2\/product_brand?post=60084"},{"taxonomy":"product_cat","embeddable":true,"href":"https:\/\/anasounds.com\/fr\/wp-json\/wp\/v2\/product_cat?post=60084"},{"taxonomy":"product_tag","embeddable":true,"href":"https:\/\/anasounds.com\/fr\/wp-json\/wp\/v2\/product_tag?post=60084"}],"curies":[{"name":"wp","href":"https:\/\/api.w.org\/{rel}","templated":true}]}}