{"id":60088,"date":"2021-03-11T11:42:45","date_gmt":"2021-03-11T10:42:45","guid":{"rendered":"https:\/\/anasounds.com\/?post_type=product&#038;p=60088"},"modified":"2025-12-21T19:24:43","modified_gmt":"2025-12-21T18:24:43","slug":"aclam-advanced-kit-l2-free-routing","status":"publish","type":"product","link":"https:\/\/anasounds.com\/fr\/produit\/aclam-advanced-kit-l2-free-routing\/","title":{"rendered":"Aclam Advanced Kit L2 | le free routing pedalboard !"},"content":{"rendered":"<h3 style=\"text-align: center;\">inclus dans le kit l2<\/h3>\n<p style=\"text-align: center;\">L&rsquo;Advanced Kit L2 &#8211; Free Routing <a href=\"https:\/\/www.aclamguitars.com\/\">d&rsquo;Aclam <\/a>comprend le pedalboard Smart Tack\u00ae L2 &#8211; free routing avec son \u00e9tui souple.<br \/>\nInstallez jusqu&rsquo;\u00e0 14 p\u00e9dales d&rsquo;effets de taille standard sur ce grand pedalboard.<br \/>\nR\u00e9utilisez les fixations autant de fois que n\u00e9cessaire pour trouver la meilleure fa\u00e7on d&rsquo;organiser vos p\u00e9dales d&rsquo;effets, sans colle ni adh\u00e9sif.<\/p>\n<p style=\"text-align: center;\">Le support d&rsquo;alimentation universel simple permettra de placer l&rsquo;alimentation sous le pedalboard.<br \/>\nAfin que vous puissiez utiliser tout l&rsquo;espace de ce grand pedalboard pour y installer des p\u00e9dales d&rsquo;effets.<\/p>\n<p style=\"text-align: center;\">Le <a href=\"https:\/\/anasounds.com\/fr\/produit\/aclam-tidy-cables-pack\/\">Tidy Cables Pack <\/a>inclus dans ce grand pedalboard vous permettra d&rsquo;organiser vos c\u00e2bles de mani\u00e8re ordonn\u00e9e et facile.<br \/>\nUtilisez les rainures du pedalboard pour utiliser ces clips simples mais efficaces.<\/p>\n<p>&nbsp;<\/p>\n<h3 style=\"text-align: center;\">pourquoi choisir ce bundle<\/h3>\n<p style=\"text-align: center;\">Il est difficile de comprendre les possibilit\u00e9s offertes par la gamme de pedalboards Smart Track d&rsquo;Aclam avant d&rsquo;avoir jou\u00e9 avec.<br \/>\nC&rsquo;est alors que l&rsquo;on se rend compte qu&rsquo;un range-c\u00e2bles serait bien utile, ou que l&rsquo;alimentation qui prend tant de place aurait pu \u00eatre plac\u00e9e sous le pedalboard.<br \/>\nC&rsquo;est pourquoi ce pack a \u00e9t\u00e9 cr\u00e9\u00e9, un \u00e9chantillon des accessoires indispensables parmi les nombreuses options disponibles.<br \/>\nPour personnaliser et construire le meilleur pedalboard possible.<\/p>\n<p style=\"text-align: center;\">Le grand pedalboard d&rsquo;Aclam, le Smart Track L2\u00ae &#8211; free routing, est le choix des amateurs de p\u00e9dales d&rsquo;effets qui ont besoin de quelque chose d&rsquo;adaptable et de fiable.<br \/>\nGr\u00e2ce \u00e0 son design en lattes, avec suffisamment d&rsquo;espace pour faire passer les c\u00e2bles, vous aurez une infinit\u00e9 d&rsquo;options pour construire le rig parfait.<\/p>\n<p style=\"text-align: center;\">L&rsquo;\u00e9tui souple inclus dans le pack est compatible avec tous les accessoires de la gamme actuelle, \u00e0 l&rsquo;exception du Wahpper+.<\/p>\n<p>&nbsp;<\/p>\n<h3 style=\"text-align: center;\">kit smart track free routing<\/h3>\n<p style=\"text-align: center;\">Le Advanced Kit L2 &#8211; free routing d&rsquo;Aclam comprend un support d&rsquo;alimentation et des accessoires de gestion des c\u00e2bles.<br \/>\nPour vous permettre de gagner du temps et de l&rsquo;argent.<\/p>\n","protected":false},"excerpt":{"rendered":"<p style=\"text-align: center;\">Ce pack \u00e9conomique, qui comprend les accessoires les plus vendus, est l&rsquo;option parfaite si vous souhaitez vous initier avec un pedalboard enti\u00e8rement fonctionnel.<br \/>\nG\u00e9rez le c\u00e2blage avec l&rsquo;organisateur de c\u00e2bles Tidy Cables Pack, tandis que vous cachez votre alimentation sous le pedalboard Advanced Kit L2 &#8211; Free Routing \u00e0 l&rsquo;aide du PSU Support Universal Simple.<br \/>\nAvec la housse souple incluse dans ce grand pedalboard, vous pourrez transporter votre mat\u00e9riel facilement et le prot\u00e9ger.<\/p>\n","protected":false},"featured_media":68942,"comment_status":"open","ping_status":"closed","template":"","meta":[],"product_brand":[],"product_cat":[751,1123],"product_tag":[715,1118,201],"class_list":{"0":"post-60088","1":"product","2":"type-product","3":"status-publish","4":"has-post-thumbnail","6":"product_cat-aclam","7":"product_cat-free-routing","8":"product_tag-aclam","9":"product_tag-advanced-kit","10":"product_tag-pedalboard","12":"first","13":"outofstock","14":"taxable","15":"shipping-taxable","16":"purchasable","17":"product-type-simple"},"supplier_id":83522,"supplier_sku":"","barcode":null,"atum_controlled":true,"out_stock_date":"2025-12-21 19:24:43","out_stock_threshold":null,"inheritable":false,"inbound_stock":0,"stock_on_hold":0,"sold_today":0,"sales_last_days":0,"reserved_stock":0,"customer_returns":0,"warehouse_damage":0,"lost_in_post":0,"other_logs":0,"out_stock_days":114,"lost_sales":0,"has_location":false,"update_date":"2026-04-15T01:07:01","atum_locations":[],"atum_stock_status":"outofstock","restock_status":false,"low_stock_amount":"","sales_update_date":"2026-04-15T01:07:00","calc_backorders":null,"yoast_head":"<!-- This site is optimized with the Yoast SEO plugin v26.5 - https:\/\/yoast.com\/wordpress\/plugins\/seo\/ -->\n<title>Aclam Advanced Kit L2 | le free routing pedalboard !<\/title>\n<meta name=\"description\" content=\"L&#039;Advanced Kit L2 d&#039;Aclam - free routing comprend les \u00e9l\u00e9ments de base pour construire le pedalboard personnalis\u00e9 de vos r\u00eaves.\" \/>\n<meta name=\"robots\" content=\"index, follow, max-snippet:-1, max-image-preview:large, max-video-preview:-1\" \/>\n<link rel=\"canonical\" href=\"https:\/\/anasounds.com\/fr\/produit\/aclam-advanced-kit-l2-free-routing\/\" \/>\n<meta property=\"og:locale\" content=\"fr_FR\" \/>\n<meta property=\"og:type\" content=\"article\" \/>\n<meta property=\"og:title\" content=\"Aclam Advanced Kit L2 | le free routing pedalboard !\" \/>\n<meta property=\"og:description\" content=\"L&#039;Advanced Kit L2 d&#039;Aclam - free routing comprend les \u00e9l\u00e9ments de base pour construire le pedalboard personnalis\u00e9 de vos r\u00eaves.\" \/>\n<meta property=\"og:url\" content=\"https:\/\/anasounds.com\/fr\/produit\/aclam-advanced-kit-l2-free-routing\/\" \/>\n<meta property=\"og:site_name\" content=\"Anasounds\" \/>\n<meta property=\"article:publisher\" content=\"https:\/\/www.facebook.com\/AnasoundsFX\/\" \/>\n<meta property=\"article:modified_time\" content=\"2025-12-21T18:24:43+00:00\" \/>\n<meta property=\"og:image\" content=\"https:\/\/anasounds.com\/wp-content\/uploads\/2021\/03\/aclamkitl2xd.jpg\" \/>\n\t<meta property=\"og:image:width\" content=\"1080\" \/>\n\t<meta property=\"og:image:height\" content=\"1080\" \/>\n\t<meta property=\"og:image:type\" content=\"image\/jpeg\" \/>\n<meta name=\"twitter:card\" content=\"summary_large_image\" \/>\n<meta name=\"twitter:label1\" content=\"Dur\u00e9e de lecture estim\u00e9e\" \/>\n\t<meta name=\"twitter:data1\" content=\"2 minutes\" \/>\n<script type=\"application\/ld+json\" class=\"yoast-schema-graph\">{\"@context\":\"https:\/\/schema.org\",\"@graph\":[{\"@type\":\"WebPage\",\"@id\":\"https:\/\/anasounds.com\/fr\/produit\/aclam-advanced-kit-l2-free-routing\/\",\"url\":\"https:\/\/anasounds.com\/fr\/produit\/aclam-advanced-kit-l2-free-routing\/\",\"name\":\"Aclam Advanced Kit L2 | le free routing pedalboard !\",\"isPartOf\":{\"@id\":\"https:\/\/anasounds.com\/#website\"},\"primaryImageOfPage\":{\"@id\":\"https:\/\/anasounds.com\/fr\/produit\/aclam-advanced-kit-l2-free-routing\/#primaryimage\"},\"image\":{\"@id\":\"https:\/\/anasounds.com\/fr\/produit\/aclam-advanced-kit-l2-free-routing\/#primaryimage\"},\"thumbnailUrl\":\"https:\/\/anasounds.com\/wp-content\/uploads\/2021\/03\/aclamkitl2xd.jpg\",\"datePublished\":\"2021-03-11T10:42:45+00:00\",\"dateModified\":\"2025-12-21T18:24:43+00:00\",\"description\":\"L'Advanced Kit L2 d'Aclam - free routing comprend les \u00e9l\u00e9ments de base pour construire le pedalboard personnalis\u00e9 de vos r\u00eaves.\",\"breadcrumb\":{\"@id\":\"https:\/\/anasounds.com\/fr\/produit\/aclam-advanced-kit-l2-free-routing\/#breadcrumb\"},\"inLanguage\":\"fr-FR\",\"potentialAction\":[{\"@type\":\"ReadAction\",\"target\":[\"https:\/\/anasounds.com\/fr\/produit\/aclam-advanced-kit-l2-free-routing\/\"]}]},{\"@type\":\"ImageObject\",\"inLanguage\":\"fr-FR\",\"@id\":\"https:\/\/anasounds.com\/fr\/produit\/aclam-advanced-kit-l2-free-routing\/#primaryimage\",\"url\":\"https:\/\/anasounds.com\/wp-content\/uploads\/2021\/03\/aclamkitl2xd.jpg\",\"contentUrl\":\"https:\/\/anasounds.com\/wp-content\/uploads\/2021\/03\/aclamkitl2xd.jpg\",\"width\":1080,\"height\":1080},{\"@type\":\"BreadcrumbList\",\"@id\":\"https:\/\/anasounds.com\/fr\/produit\/aclam-advanced-kit-l2-free-routing\/#breadcrumb\",\"itemListElement\":[{\"@type\":\"ListItem\",\"position\":1,\"name\":\"Home\",\"item\":\"https:\/\/anasounds.com\/fr\/\"},{\"@type\":\"ListItem\",\"position\":2,\"name\":\"boutique\",\"item\":\"https:\/\/anasounds.com\/fr\/shop\/\"},{\"@type\":\"ListItem\",\"position\":3,\"name\":\"Aclam Advanced Kit L2 | le free routing pedalboard !\"}]},{\"@type\":\"WebSite\",\"@id\":\"https:\/\/anasounds.com\/#website\",\"url\":\"https:\/\/anasounds.com\/\",\"name\":\"Anasounds\",\"description\":\"P\u00e9dales \u00e0 la Fran\u00e7aise\",\"publisher\":{\"@id\":\"https:\/\/anasounds.com\/#organization\"},\"potentialAction\":[{\"@type\":\"SearchAction\",\"target\":{\"@type\":\"EntryPoint\",\"urlTemplate\":\"https:\/\/anasounds.com\/?s={search_term_string}\"},\"query-input\":{\"@type\":\"PropertyValueSpecification\",\"valueRequired\":true,\"valueName\":\"search_term_string\"}}],\"inLanguage\":\"fr-FR\"},{\"@type\":\"Organization\",\"@id\":\"https:\/\/anasounds.com\/#organization\",\"name\":\"Anasounds\",\"url\":\"https:\/\/anasounds.com\/\",\"logo\":{\"@type\":\"ImageObject\",\"inLanguage\":\"fr-FR\",\"@id\":\"https:\/\/anasounds.com\/#\/schema\/logo\/image\/\",\"url\":\"https:\/\/anasounds.com\/wp-content\/uploads\/2017\/10\/Logomadeinfrnoirblc.png\",\"contentUrl\":\"https:\/\/anasounds.com\/wp-content\/uploads\/2017\/10\/Logomadeinfrnoirblc.png\",\"width\":300,\"height\":300,\"caption\":\"Anasounds\"},\"image\":{\"@id\":\"https:\/\/anasounds.com\/#\/schema\/logo\/image\/\"},\"sameAs\":[\"https:\/\/www.facebook.com\/AnasoundsFX\/\",\"https:\/\/www.instagram.com\/anasounds\/\",\"https:\/\/www.youtube.com\/user\/AnaSoundsFR\"]}]}<\/script>\n<!-- \/ Yoast SEO plugin. -->","yoast_head_json":{"title":"Aclam Advanced Kit L2 | le free routing pedalboard !","description":"L'Advanced Kit L2 d'Aclam - free routing comprend les \u00e9l\u00e9ments de base pour construire le pedalboard personnalis\u00e9 de vos r\u00eaves.","robots":{"index":"index","follow":"follow","max-snippet":"max-snippet:-1","max-image-preview":"max-image-preview:large","max-video-preview":"max-video-preview:-1"},"canonical":"https:\/\/anasounds.com\/fr\/produit\/aclam-advanced-kit-l2-free-routing\/","og_locale":"fr_FR","og_type":"article","og_title":"Aclam Advanced Kit L2 | le free routing pedalboard !","og_description":"L'Advanced Kit L2 d'Aclam - free routing comprend les \u00e9l\u00e9ments de base pour construire le pedalboard personnalis\u00e9 de vos r\u00eaves.","og_url":"https:\/\/anasounds.com\/fr\/produit\/aclam-advanced-kit-l2-free-routing\/","og_site_name":"Anasounds","article_publisher":"https:\/\/www.facebook.com\/AnasoundsFX\/","article_modified_time":"2025-12-21T18:24:43+00:00","og_image":[{"width":1080,"height":1080,"url":"https:\/\/anasounds.com\/wp-content\/uploads\/2021\/03\/aclamkitl2xd.jpg","type":"image\/jpeg"}],"twitter_card":"summary_large_image","twitter_misc":{"Dur\u00e9e de lecture estim\u00e9e":"2 minutes"},"schema":{"@context":"https:\/\/schema.org","@graph":[{"@type":"WebPage","@id":"https:\/\/anasounds.com\/fr\/produit\/aclam-advanced-kit-l2-free-routing\/","url":"https:\/\/anasounds.com\/fr\/produit\/aclam-advanced-kit-l2-free-routing\/","name":"Aclam Advanced Kit L2 | le free routing pedalboard !","isPartOf":{"@id":"https:\/\/anasounds.com\/#website"},"primaryImageOfPage":{"@id":"https:\/\/anasounds.com\/fr\/produit\/aclam-advanced-kit-l2-free-routing\/#primaryimage"},"image":{"@id":"https:\/\/anasounds.com\/fr\/produit\/aclam-advanced-kit-l2-free-routing\/#primaryimage"},"thumbnailUrl":"https:\/\/anasounds.com\/wp-content\/uploads\/2021\/03\/aclamkitl2xd.jpg","datePublished":"2021-03-11T10:42:45+00:00","dateModified":"2025-12-21T18:24:43+00:00","description":"L'Advanced Kit L2 d'Aclam - free routing comprend les \u00e9l\u00e9ments de base pour construire le pedalboard personnalis\u00e9 de vos r\u00eaves.","breadcrumb":{"@id":"https:\/\/anasounds.com\/fr\/produit\/aclam-advanced-kit-l2-free-routing\/#breadcrumb"},"inLanguage":"fr-FR","potentialAction":[{"@type":"ReadAction","target":["https:\/\/anasounds.com\/fr\/produit\/aclam-advanced-kit-l2-free-routing\/"]}]},{"@type":"ImageObject","inLanguage":"fr-FR","@id":"https:\/\/anasounds.com\/fr\/produit\/aclam-advanced-kit-l2-free-routing\/#primaryimage","url":"https:\/\/anasounds.com\/wp-content\/uploads\/2021\/03\/aclamkitl2xd.jpg","contentUrl":"https:\/\/anasounds.com\/wp-content\/uploads\/2021\/03\/aclamkitl2xd.jpg","width":1080,"height":1080},{"@type":"BreadcrumbList","@id":"https:\/\/anasounds.com\/fr\/produit\/aclam-advanced-kit-l2-free-routing\/#breadcrumb","itemListElement":[{"@type":"ListItem","position":1,"name":"Home","item":"https:\/\/anasounds.com\/fr\/"},{"@type":"ListItem","position":2,"name":"boutique","item":"https:\/\/anasounds.com\/fr\/shop\/"},{"@type":"ListItem","position":3,"name":"Aclam Advanced Kit L2 | le free routing pedalboard !"}]},{"@type":"WebSite","@id":"https:\/\/anasounds.com\/#website","url":"https:\/\/anasounds.com\/","name":"Anasounds","description":"P\u00e9dales \u00e0 la Fran\u00e7aise","publisher":{"@id":"https:\/\/anasounds.com\/#organization"},"potentialAction":[{"@type":"SearchAction","target":{"@type":"EntryPoint","urlTemplate":"https:\/\/anasounds.com\/?s={search_term_string}"},"query-input":{"@type":"PropertyValueSpecification","valueRequired":true,"valueName":"search_term_string"}}],"inLanguage":"fr-FR"},{"@type":"Organization","@id":"https:\/\/anasounds.com\/#organization","name":"Anasounds","url":"https:\/\/anasounds.com\/","logo":{"@type":"ImageObject","inLanguage":"fr-FR","@id":"https:\/\/anasounds.com\/#\/schema\/logo\/image\/","url":"https:\/\/anasounds.com\/wp-content\/uploads\/2017\/10\/Logomadeinfrnoirblc.png","contentUrl":"https:\/\/anasounds.com\/wp-content\/uploads\/2017\/10\/Logomadeinfrnoirblc.png","width":300,"height":300,"caption":"Anasounds"},"image":{"@id":"https:\/\/anasounds.com\/#\/schema\/logo\/image\/"},"sameAs":["https:\/\/www.facebook.com\/AnasoundsFX\/","https:\/\/www.instagram.com\/anasounds\/","https:\/\/www.youtube.com\/user\/AnaSoundsFR"]}]}},"_links":{"self":[{"href":"https:\/\/anasounds.com\/fr\/wp-json\/wp\/v2\/product\/60088","targetHints":{"allow":["GET"]}}],"collection":[{"href":"https:\/\/anasounds.com\/fr\/wp-json\/wp\/v2\/product"}],"about":[{"href":"https:\/\/anasounds.com\/fr\/wp-json\/wp\/v2\/types\/product"}],"replies":[{"embeddable":true,"href":"https:\/\/anasounds.com\/fr\/wp-json\/wp\/v2\/comments?post=60088"}],"wp:featuredmedia":[{"embeddable":true,"href":"https:\/\/anasounds.com\/fr\/wp-json\/wp\/v2\/media\/68942"}],"wp:attachment":[{"href":"https:\/\/anasounds.com\/fr\/wp-json\/wp\/v2\/media?parent=60088"}],"wp:term":[{"taxonomy":"product_brand","embeddable":true,"href":"https:\/\/anasounds.com\/fr\/wp-json\/wp\/v2\/product_brand?post=60088"},{"taxonomy":"product_cat","embeddable":true,"href":"https:\/\/anasounds.com\/fr\/wp-json\/wp\/v2\/product_cat?post=60088"},{"taxonomy":"product_tag","embeddable":true,"href":"https:\/\/anasounds.com\/fr\/wp-json\/wp\/v2\/product_tag?post=60088"}],"curies":[{"name":"wp","href":"https:\/\/api.w.org\/{rel}","templated":true}]}}