{"id":6961,"date":"2018-03-07T10:47:47","date_gmt":"2018-03-07T09:47:47","guid":{"rendered":"https:\/\/anasounds.com\/?post_type=product&#038;p=6961"},"modified":"2023-11-25T22:57:06","modified_gmt":"2023-11-25T21:57:06","slug":"utopia-edition-limitee-saturax","status":"publish","type":"product","link":"https:\/\/anasounds.com\/fr\/produit\/utopia-edition-limitee-saturax\/","title":{"rendered":"utopia &#8211; \u00e9dition limit\u00e9e saturax"},"content":{"rendered":"<p style=\"text-align: center;\">hey folks !<\/p>\n<p style=\"text-align: center;\">notre compatriote robin de la cha\u00eene youtube saturax vient de cr\u00e9er son \u00e9dition limit\u00e9e artiste via le service custom shop. c&rsquo;est le moment d&rsquo;obtenir la v\u00f4tre !<\/p>\n<p style=\"text-align: center;\">si vous souhaitez en savoir plus sur la utopia, <a href=\"https:\/\/anasounds.com\/fr\/produits\/origins-pedals\/utopia\/\">c&rsquo;est par l\u00e0<\/a>,<br \/>\npour d\u00e9couvrir comment il l&rsquo;a con\u00e7u, <a href=\"https:\/\/www.youtube.com\/watch?v=XKgs5kcl2Q0\">c&rsquo;est ici<\/a>,<br \/>\nenfin, pour <a href=\"https:\/\/anasounds.com\/wp-content\/uploads\/2017\/06\/Utopia-EN.pdf\">t\u00e9l\u00e9charger<\/a> le manuel d&rsquo;utilisation de la utopia.<\/p>\n<p style=\"text-align: center;\">cette \u00e9dition limit\u00e9e est disponible d\u00e8s aujourd&rsquo;hui et jusqu&rsquo;au 31 mars seulement !<\/p>\n","protected":false},"excerpt":{"rendered":"<p>notre compatriote robin de la cha\u00eene youtube saturax vient de cr\u00e9er son \u00e9dition limit\u00e9e artiste via le service custom shop. c&rsquo;est le moment d&rsquo;obtenir la v\u00f4tre !<\/p>\n","protected":false},"featured_media":6960,"comment_status":"open","ping_status":"closed","template":"","meta":[],"product_brand":[],"product_cat":[272],"product_tag":[76],"class_list":{"0":"post-6961","1":"product","2":"type-product","3":"status-publish","4":"has-post-thumbnail","6":"product_cat-delay-fr","7":"product_tag-utopia","9":"first","10":"outofstock","11":"taxable","12":"shipping-taxable","13":"purchasable","14":"product-type-simple"},"supplier_id":83515,"supplier_sku":"","barcode":null,"atum_controlled":true,"out_stock_date":"2023-11-25 21:05:26","out_stock_threshold":null,"inheritable":false,"inbound_stock":0,"stock_on_hold":0,"sold_today":0,"sales_last_days":0,"reserved_stock":0,"customer_returns":0,"warehouse_damage":0,"lost_in_post":0,"other_logs":0,"out_stock_days":861,"lost_sales":0,"has_location":false,"update_date":"2026-04-05T01:00:35","atum_locations":[],"atum_stock_status":"outofstock","restock_status":false,"low_stock_amount":"","sales_update_date":"2026-04-05T01:00:35","calc_backorders":null,"yoast_head":"<!-- This site is optimized with the Yoast SEO plugin v26.5 - https:\/\/yoast.com\/wordpress\/plugins\/seo\/ -->\n<title>utopia - \u00e9dition limit\u00e9e saturax | Anasounds<\/title>\n<meta name=\"robots\" content=\"index, follow, max-snippet:-1, max-image-preview:large, max-video-preview:-1\" \/>\n<link rel=\"canonical\" href=\"https:\/\/anasounds.com\/fr\/produit\/utopia-edition-limitee-saturax\/\" \/>\n<meta property=\"og:locale\" content=\"fr_FR\" \/>\n<meta property=\"og:type\" content=\"article\" \/>\n<meta property=\"og:title\" content=\"utopia - \u00e9dition limit\u00e9e saturax | Anasounds\" \/>\n<meta property=\"og:description\" content=\"notre compatriote robin de la cha\u00eene youtube saturax vient de cr\u00e9er son \u00e9dition limit\u00e9e artiste via le service custom shop. c&#039;est le moment d&#039;obtenir la v\u00f4tre !\" \/>\n<meta property=\"og:url\" content=\"https:\/\/anasounds.com\/fr\/produit\/utopia-edition-limitee-saturax\/\" \/>\n<meta property=\"og:site_name\" content=\"Anasounds\" \/>\n<meta property=\"article:publisher\" content=\"https:\/\/www.facebook.com\/AnasoundsFX\/\" \/>\n<meta property=\"article:modified_time\" content=\"2023-11-25T21:57:06+00:00\" \/>\n<meta property=\"og:image\" content=\"https:\/\/anasounds.com\/wp-content\/uploads\/2018\/03\/saturaxcustomface.jpg\" \/>\n\t<meta property=\"og:image:width\" content=\"1200\" \/>\n\t<meta property=\"og:image:height\" content=\"1200\" \/>\n\t<meta property=\"og:image:type\" content=\"image\/jpeg\" \/>\n<meta name=\"twitter:card\" content=\"summary_large_image\" \/>\n<meta name=\"twitter:label1\" content=\"Dur\u00e9e de lecture estim\u00e9e\" \/>\n\t<meta name=\"twitter:data1\" content=\"1 minute\" \/>\n<script type=\"application\/ld+json\" class=\"yoast-schema-graph\">{\"@context\":\"https:\/\/schema.org\",\"@graph\":[{\"@type\":\"WebPage\",\"@id\":\"https:\/\/anasounds.com\/fr\/produit\/utopia-edition-limitee-saturax\/\",\"url\":\"https:\/\/anasounds.com\/fr\/produit\/utopia-edition-limitee-saturax\/\",\"name\":\"utopia - \u00e9dition limit\u00e9e saturax | Anasounds\",\"isPartOf\":{\"@id\":\"https:\/\/anasounds.com\/#website\"},\"primaryImageOfPage\":{\"@id\":\"https:\/\/anasounds.com\/fr\/produit\/utopia-edition-limitee-saturax\/#primaryimage\"},\"image\":{\"@id\":\"https:\/\/anasounds.com\/fr\/produit\/utopia-edition-limitee-saturax\/#primaryimage\"},\"thumbnailUrl\":\"https:\/\/anasounds.com\/wp-content\/uploads\/2018\/03\/saturaxcustomface.jpg\",\"datePublished\":\"2018-03-07T09:47:47+00:00\",\"dateModified\":\"2023-11-25T21:57:06+00:00\",\"breadcrumb\":{\"@id\":\"https:\/\/anasounds.com\/fr\/produit\/utopia-edition-limitee-saturax\/#breadcrumb\"},\"inLanguage\":\"fr-FR\",\"potentialAction\":[{\"@type\":\"ReadAction\",\"target\":[\"https:\/\/anasounds.com\/fr\/produit\/utopia-edition-limitee-saturax\/\"]}]},{\"@type\":\"ImageObject\",\"inLanguage\":\"fr-FR\",\"@id\":\"https:\/\/anasounds.com\/fr\/produit\/utopia-edition-limitee-saturax\/#primaryimage\",\"url\":\"https:\/\/anasounds.com\/wp-content\/uploads\/2018\/03\/saturaxcustomface.jpg\",\"contentUrl\":\"https:\/\/anasounds.com\/wp-content\/uploads\/2018\/03\/saturaxcustomface.jpg\",\"width\":1200,\"height\":1200},{\"@type\":\"BreadcrumbList\",\"@id\":\"https:\/\/anasounds.com\/fr\/produit\/utopia-edition-limitee-saturax\/#breadcrumb\",\"itemListElement\":[{\"@type\":\"ListItem\",\"position\":1,\"name\":\"Home\",\"item\":\"https:\/\/anasounds.com\/fr\/\"},{\"@type\":\"ListItem\",\"position\":2,\"name\":\"boutique\",\"item\":\"https:\/\/anasounds.com\/fr\/shop\/\"},{\"@type\":\"ListItem\",\"position\":3,\"name\":\"utopia &#8211; \u00e9dition limit\u00e9e saturax\"}]},{\"@type\":\"WebSite\",\"@id\":\"https:\/\/anasounds.com\/#website\",\"url\":\"https:\/\/anasounds.com\/\",\"name\":\"Anasounds\",\"description\":\"P\u00e9dales \u00e0 la Fran\u00e7aise\",\"publisher\":{\"@id\":\"https:\/\/anasounds.com\/#organization\"},\"potentialAction\":[{\"@type\":\"SearchAction\",\"target\":{\"@type\":\"EntryPoint\",\"urlTemplate\":\"https:\/\/anasounds.com\/?s={search_term_string}\"},\"query-input\":{\"@type\":\"PropertyValueSpecification\",\"valueRequired\":true,\"valueName\":\"search_term_string\"}}],\"inLanguage\":\"fr-FR\"},{\"@type\":\"Organization\",\"@id\":\"https:\/\/anasounds.com\/#organization\",\"name\":\"Anasounds\",\"url\":\"https:\/\/anasounds.com\/\",\"logo\":{\"@type\":\"ImageObject\",\"inLanguage\":\"fr-FR\",\"@id\":\"https:\/\/anasounds.com\/#\/schema\/logo\/image\/\",\"url\":\"https:\/\/anasounds.com\/wp-content\/uploads\/2017\/10\/Logomadeinfrnoirblc.png\",\"contentUrl\":\"https:\/\/anasounds.com\/wp-content\/uploads\/2017\/10\/Logomadeinfrnoirblc.png\",\"width\":300,\"height\":300,\"caption\":\"Anasounds\"},\"image\":{\"@id\":\"https:\/\/anasounds.com\/#\/schema\/logo\/image\/\"},\"sameAs\":[\"https:\/\/www.facebook.com\/AnasoundsFX\/\",\"https:\/\/www.instagram.com\/anasounds\/\",\"https:\/\/www.youtube.com\/user\/AnaSoundsFR\"]}]}<\/script>\n<!-- \/ Yoast SEO plugin. -->","yoast_head_json":{"title":"utopia - \u00e9dition limit\u00e9e saturax | Anasounds","robots":{"index":"index","follow":"follow","max-snippet":"max-snippet:-1","max-image-preview":"max-image-preview:large","max-video-preview":"max-video-preview:-1"},"canonical":"https:\/\/anasounds.com\/fr\/produit\/utopia-edition-limitee-saturax\/","og_locale":"fr_FR","og_type":"article","og_title":"utopia - \u00e9dition limit\u00e9e saturax | Anasounds","og_description":"notre compatriote robin de la cha\u00eene youtube saturax vient de cr\u00e9er son \u00e9dition limit\u00e9e artiste via le service custom shop. c'est le moment d'obtenir la v\u00f4tre !","og_url":"https:\/\/anasounds.com\/fr\/produit\/utopia-edition-limitee-saturax\/","og_site_name":"Anasounds","article_publisher":"https:\/\/www.facebook.com\/AnasoundsFX\/","article_modified_time":"2023-11-25T21:57:06+00:00","og_image":[{"width":1200,"height":1200,"url":"https:\/\/anasounds.com\/wp-content\/uploads\/2018\/03\/saturaxcustomface.jpg","type":"image\/jpeg"}],"twitter_card":"summary_large_image","twitter_misc":{"Dur\u00e9e de lecture estim\u00e9e":"1 minute"},"schema":{"@context":"https:\/\/schema.org","@graph":[{"@type":"WebPage","@id":"https:\/\/anasounds.com\/fr\/produit\/utopia-edition-limitee-saturax\/","url":"https:\/\/anasounds.com\/fr\/produit\/utopia-edition-limitee-saturax\/","name":"utopia - \u00e9dition limit\u00e9e saturax | Anasounds","isPartOf":{"@id":"https:\/\/anasounds.com\/#website"},"primaryImageOfPage":{"@id":"https:\/\/anasounds.com\/fr\/produit\/utopia-edition-limitee-saturax\/#primaryimage"},"image":{"@id":"https:\/\/anasounds.com\/fr\/produit\/utopia-edition-limitee-saturax\/#primaryimage"},"thumbnailUrl":"https:\/\/anasounds.com\/wp-content\/uploads\/2018\/03\/saturaxcustomface.jpg","datePublished":"2018-03-07T09:47:47+00:00","dateModified":"2023-11-25T21:57:06+00:00","breadcrumb":{"@id":"https:\/\/anasounds.com\/fr\/produit\/utopia-edition-limitee-saturax\/#breadcrumb"},"inLanguage":"fr-FR","potentialAction":[{"@type":"ReadAction","target":["https:\/\/anasounds.com\/fr\/produit\/utopia-edition-limitee-saturax\/"]}]},{"@type":"ImageObject","inLanguage":"fr-FR","@id":"https:\/\/anasounds.com\/fr\/produit\/utopia-edition-limitee-saturax\/#primaryimage","url":"https:\/\/anasounds.com\/wp-content\/uploads\/2018\/03\/saturaxcustomface.jpg","contentUrl":"https:\/\/anasounds.com\/wp-content\/uploads\/2018\/03\/saturaxcustomface.jpg","width":1200,"height":1200},{"@type":"BreadcrumbList","@id":"https:\/\/anasounds.com\/fr\/produit\/utopia-edition-limitee-saturax\/#breadcrumb","itemListElement":[{"@type":"ListItem","position":1,"name":"Home","item":"https:\/\/anasounds.com\/fr\/"},{"@type":"ListItem","position":2,"name":"boutique","item":"https:\/\/anasounds.com\/fr\/shop\/"},{"@type":"ListItem","position":3,"name":"utopia &#8211; \u00e9dition limit\u00e9e saturax"}]},{"@type":"WebSite","@id":"https:\/\/anasounds.com\/#website","url":"https:\/\/anasounds.com\/","name":"Anasounds","description":"P\u00e9dales \u00e0 la Fran\u00e7aise","publisher":{"@id":"https:\/\/anasounds.com\/#organization"},"potentialAction":[{"@type":"SearchAction","target":{"@type":"EntryPoint","urlTemplate":"https:\/\/anasounds.com\/?s={search_term_string}"},"query-input":{"@type":"PropertyValueSpecification","valueRequired":true,"valueName":"search_term_string"}}],"inLanguage":"fr-FR"},{"@type":"Organization","@id":"https:\/\/anasounds.com\/#organization","name":"Anasounds","url":"https:\/\/anasounds.com\/","logo":{"@type":"ImageObject","inLanguage":"fr-FR","@id":"https:\/\/anasounds.com\/#\/schema\/logo\/image\/","url":"https:\/\/anasounds.com\/wp-content\/uploads\/2017\/10\/Logomadeinfrnoirblc.png","contentUrl":"https:\/\/anasounds.com\/wp-content\/uploads\/2017\/10\/Logomadeinfrnoirblc.png","width":300,"height":300,"caption":"Anasounds"},"image":{"@id":"https:\/\/anasounds.com\/#\/schema\/logo\/image\/"},"sameAs":["https:\/\/www.facebook.com\/AnasoundsFX\/","https:\/\/www.instagram.com\/anasounds\/","https:\/\/www.youtube.com\/user\/AnaSoundsFR"]}]}},"_links":{"self":[{"href":"https:\/\/anasounds.com\/fr\/wp-json\/wp\/v2\/product\/6961","targetHints":{"allow":["GET"]}}],"collection":[{"href":"https:\/\/anasounds.com\/fr\/wp-json\/wp\/v2\/product"}],"about":[{"href":"https:\/\/anasounds.com\/fr\/wp-json\/wp\/v2\/types\/product"}],"replies":[{"embeddable":true,"href":"https:\/\/anasounds.com\/fr\/wp-json\/wp\/v2\/comments?post=6961"}],"wp:featuredmedia":[{"embeddable":true,"href":"https:\/\/anasounds.com\/fr\/wp-json\/wp\/v2\/media\/6960"}],"wp:attachment":[{"href":"https:\/\/anasounds.com\/fr\/wp-json\/wp\/v2\/media?parent=6961"}],"wp:term":[{"taxonomy":"product_brand","embeddable":true,"href":"https:\/\/anasounds.com\/fr\/wp-json\/wp\/v2\/product_brand?post=6961"},{"taxonomy":"product_cat","embeddable":true,"href":"https:\/\/anasounds.com\/fr\/wp-json\/wp\/v2\/product_cat?post=6961"},{"taxonomy":"product_tag","embeddable":true,"href":"https:\/\/anasounds.com\/fr\/wp-json\/wp\/v2\/product_tag?post=6961"}],"curies":[{"name":"wp","href":"https:\/\/api.w.org\/{rel}","templated":true}]}}