{"id":70773,"date":"2021-09-27T17:46:34","date_gmt":"2021-09-27T15:46:34","guid":{"rendered":"https:\/\/anasounds.com\/?post_type=product&#038;p=70773"},"modified":"2025-01-17T14:40:20","modified_gmt":"2025-01-17T13:40:20","slug":"savage-original-mk1-reissue","status":"publish","type":"product","link":"https:\/\/anasounds.com\/fr\/produit\/savage-original-mk1-reissue\/","title":{"rendered":"Savage Originale mk1 reissue"},"content":{"rendered":"<h3 style=\"text-align: center;\">la transparence n&rsquo;est pas un mythe<\/h3>\n<p style=\"text-align: center;\">C\u2019est par la Savage que l\u2019aventure Anasounds a vraiment commenc\u00e9.<br \/>\nPuisque de nombreux guitaristes voulaient cette fameuse overdrive \u201ctransparente\u201d\u00a0popularis\u00e9e par John Mayer, Jeff Beck ou Joe Perry (Aerosmith),<br \/>\net que l\u2019originale \u00e9tait devenue financi\u00e8rement inaccessible sur le march\u00e9 de l\u2019occasion,<br \/>\nnous avons commenc\u00e9 \u00e0 proposer des r\u00e9pliques en modifiant progressivement certaines parties du circuit\u00a0pour arriver \u00e0 la version la plus musicale possible.<\/p>\n<p style=\"text-align: center;\"><a href=\"https:\/\/anasounds.com\/wp-content\/uploads\/2021\/09\/Sans-titre-1.jpg\"><img loading=\"lazy\" decoding=\"async\" class=\"aligncenter wp-image-70788 size-large\" src=\"https:\/\/anasounds.com\/wp-content\/uploads\/2021\/09\/Sans-titre-1-1200x675.jpg\" alt=\"\" width=\"1200\" height=\"675\" srcset=\"https:\/\/anasounds.com\/wp-content\/uploads\/2021\/09\/Sans-titre-1-1200x675.jpg 1200w, https:\/\/anasounds.com\/wp-content\/uploads\/2021\/09\/Sans-titre-1-700x394.jpg 700w, https:\/\/anasounds.com\/wp-content\/uploads\/2021\/09\/Sans-titre-1-768x432.jpg 768w, https:\/\/anasounds.com\/wp-content\/uploads\/2021\/09\/Sans-titre-1-1536x864.jpg 1536w, https:\/\/anasounds.com\/wp-content\/uploads\/2021\/09\/Sans-titre-1-1209x680.jpg 1209w, https:\/\/anasounds.com\/wp-content\/uploads\/2021\/09\/Sans-titre-1.jpg 1920w\" sizes=\"auto, (max-width: 1200px) 100vw, 1200px\" \/><\/a><\/p>\n<h3 style=\"text-align: center;\">plut\u00f4t savage mk1 ou mk2 ?<\/h3>\n<p style=\"text-align: center;\">Cette version de la Savage, la mk1 \u00e0 bo\u00eetier grand format,<br \/>\nest une r\u00e9\u00e9dition de la premi\u00e8re face \u00e0 la demande de nombreux guitaristes \u00e0 la recherche de ce son bien pr\u00e9cis.<\/p>\n<p style=\"text-align: center;\">La Savage mk1 avait la particularit\u00e9 de sonner plus chaud et plus vintage que la <a href=\"https:\/\/anasounds.com\/fr\/produit\/savage\/\">mk2.<\/a><br \/>\nEn effet, la gestion du clipping \u00e9tait diff\u00e9rente et certaines valeurs de composants ont \u00e9t\u00e9 chang\u00e9es.<br \/>\nEn sortant la mk2 nous souhaitions nous diriger vers un overdrive le plus transparent possible, ce qui est chose faite.<\/p>\n<p style=\"text-align: center;\">La mk1 proposait \u00e9galement 2 switchs en fa\u00e7ade,<br \/>\nle premier permet de modifier le voicing du circuit l\u00e9gendaire,<br \/>\ntandis que le second permet d&rsquo;explorer diff\u00e9rents clipping.<\/p>\n<p style=\"text-align: center;\"><a href=\"https:\/\/anasounds.com\/wp-content\/uploads\/2021\/09\/7X4A9988-scaled.jpg\"><img loading=\"lazy\" decoding=\"async\" class=\"size-large wp-image-70803 aligncenter\" src=\"https:\/\/anasounds.com\/wp-content\/uploads\/2021\/09\/7X4A9988-1200x833.jpg\" alt=\"\" width=\"1200\" height=\"833\" srcset=\"https:\/\/anasounds.com\/wp-content\/uploads\/2021\/09\/7X4A9988-1200x833.jpg 1200w, https:\/\/anasounds.com\/wp-content\/uploads\/2021\/09\/7X4A9988-700x486.jpg 700w, https:\/\/anasounds.com\/wp-content\/uploads\/2021\/09\/7X4A9988-768x533.jpg 768w, https:\/\/anasounds.com\/wp-content\/uploads\/2021\/09\/7X4A9988-1536x1066.jpg 1536w, https:\/\/anasounds.com\/wp-content\/uploads\/2021\/09\/7X4A9988-2048x1421.jpg 2048w, https:\/\/anasounds.com\/wp-content\/uploads\/2021\/09\/7X4A9988-1209x839.jpg 1209w\" sizes=\"auto, (max-width: 1200px) 100vw, 1200px\" \/><\/a><\/p>\n<h3 style=\"text-align: center;\">une \u00e9dition limit\u00e9e avec un packaging exclusif<\/h3>\n<p style=\"text-align: center;\">Afin de rester coh\u00e9rent avec notre gamme de p\u00e9dale puis,\u00a0de fournir suffisamment de p\u00e9dales pour notre communaut\u00e9 hyperactive;<br \/>\nNous avons d\u00e9cid\u00e9 de nous limiter \u00e0 250 exemplaires num\u00e9rot\u00e9s, avec un packaging exclusif.<br \/>\nIl n&rsquo;y aura \u00e9videmment pas de r\u00e9\u00e9dition de la r\u00e9\u00e9dition&#8230;<br \/>\nBon okay&#8230; On en fait 150 de plus pour qu&rsquo;il y en ait assez pour tout le monde !<\/p>\n","protected":false},"excerpt":{"rendered":"<p style=\"text-align: left;\">La Savage mk1 est une overdrive \u00e0 la fois chaude,<br \/>\nclaire et extr\u00eamement r\u00e9active \u00e0 la dynamique du jeu,<br \/>\nparfaite en rock, pop, folk ou blues.<\/p>\n","protected":false},"featured_media":70834,"comment_status":"open","ping_status":"closed","template":"","meta":[],"product_brand":[],"product_cat":[661,277,268],"product_tag":[1438,58,1437],"class_list":{"0":"post-70773","1":"product","2":"type-product","3":"status-publish","4":"has-post-thumbnail","6":"product_cat-nouveau","7":"product_cat-overdrive-fr","8":"product_cat-pedales-anasounds","9":"product_tag-reeditezlagrosse","10":"product_tag-savage","11":"product_tag-savage-mk1","13":"first","14":"outofstock","15":"taxable","16":"shipping-taxable","17":"purchasable","18":"product-type-simple"},"supplier_id":83515,"supplier_sku":"","barcode":null,"atum_controlled":true,"out_stock_date":"2022-07-05 10:03:58","out_stock_threshold":null,"inheritable":false,"inbound_stock":0,"stock_on_hold":0,"sold_today":0,"sales_last_days":0,"reserved_stock":0,"customer_returns":0,"warehouse_damage":0,"lost_in_post":0,"other_logs":0,"out_stock_days":1388,"lost_sales":0,"has_location":false,"update_date":"2026-04-24T01:10:11","atum_locations":[],"atum_stock_status":"outofstock","restock_status":false,"low_stock_amount":"","sales_update_date":"2026-04-24T01:10:11","calc_backorders":null,"yoast_head":"<!-- This site is optimized with the Yoast SEO plugin v26.5 - https:\/\/yoast.com\/wordpress\/plugins\/seo\/ -->\n<title>Savage Originale mk1 reissue | Anasounds<\/title>\n<meta name=\"description\" content=\"La Savage mk1 est une overdrive \u00e0 la fois chaude, claire et extr\u00eamement r\u00e9active \u00e0 la dynamique du jeu, parfaite en rock, pop, folk ou blues.\u2028\" \/>\n<meta name=\"robots\" content=\"index, follow, max-snippet:-1, max-image-preview:large, max-video-preview:-1\" \/>\n<link rel=\"canonical\" href=\"https:\/\/anasounds.com\/fr\/produit\/savage-original-mk1-reissue\/\" \/>\n<meta property=\"og:locale\" content=\"fr_FR\" \/>\n<meta property=\"og:type\" content=\"article\" \/>\n<meta property=\"og:title\" content=\"Savage Originale mk1 reissue | Anasounds\" \/>\n<meta property=\"og:description\" content=\"La Savage mk1 est une overdrive \u00e0 la fois chaude, claire et extr\u00eamement r\u00e9active \u00e0 la dynamique du jeu, parfaite en rock, pop, folk ou blues.\u2028\" \/>\n<meta property=\"og:url\" content=\"https:\/\/anasounds.com\/fr\/produit\/savage-original-mk1-reissue\/\" \/>\n<meta property=\"og:site_name\" content=\"Anasounds\" \/>\n<meta property=\"article:publisher\" content=\"https:\/\/www.facebook.com\/AnasoundsFX\/\" \/>\n<meta property=\"article:modified_time\" content=\"2025-01-17T13:40:20+00:00\" \/>\n<meta property=\"og:image\" content=\"https:\/\/anasounds.com\/wp-content\/uploads\/2021\/09\/face-1.jpg\" \/>\n\t<meta property=\"og:image:width\" content=\"1500\" \/>\n\t<meta property=\"og:image:height\" content=\"1500\" \/>\n\t<meta property=\"og:image:type\" content=\"image\/jpeg\" \/>\n<meta name=\"twitter:card\" content=\"summary_large_image\" \/>\n<meta name=\"twitter:label1\" content=\"Dur\u00e9e de lecture estim\u00e9e\" \/>\n\t<meta name=\"twitter:data1\" content=\"2 minutes\" \/>\n<script type=\"application\/ld+json\" class=\"yoast-schema-graph\">{\"@context\":\"https:\/\/schema.org\",\"@graph\":[{\"@type\":\"WebPage\",\"@id\":\"https:\/\/anasounds.com\/fr\/produit\/savage-original-mk1-reissue\/\",\"url\":\"https:\/\/anasounds.com\/fr\/produit\/savage-original-mk1-reissue\/\",\"name\":\"Savage Originale mk1 reissue | Anasounds\",\"isPartOf\":{\"@id\":\"https:\/\/anasounds.com\/#website\"},\"primaryImageOfPage\":{\"@id\":\"https:\/\/anasounds.com\/fr\/produit\/savage-original-mk1-reissue\/#primaryimage\"},\"image\":{\"@id\":\"https:\/\/anasounds.com\/fr\/produit\/savage-original-mk1-reissue\/#primaryimage\"},\"thumbnailUrl\":\"https:\/\/anasounds.com\/wp-content\/uploads\/2021\/09\/face-1.jpg\",\"datePublished\":\"2021-09-27T15:46:34+00:00\",\"dateModified\":\"2025-01-17T13:40:20+00:00\",\"description\":\"La Savage mk1 est une overdrive \u00e0 la fois chaude, claire et extr\u00eamement r\u00e9active \u00e0 la dynamique du jeu, parfaite en rock, pop, folk ou blues.\\u2028\",\"breadcrumb\":{\"@id\":\"https:\/\/anasounds.com\/fr\/produit\/savage-original-mk1-reissue\/#breadcrumb\"},\"inLanguage\":\"fr-FR\",\"potentialAction\":[{\"@type\":\"ReadAction\",\"target\":[\"https:\/\/anasounds.com\/fr\/produit\/savage-original-mk1-reissue\/\"]}]},{\"@type\":\"ImageObject\",\"inLanguage\":\"fr-FR\",\"@id\":\"https:\/\/anasounds.com\/fr\/produit\/savage-original-mk1-reissue\/#primaryimage\",\"url\":\"https:\/\/anasounds.com\/wp-content\/uploads\/2021\/09\/face-1.jpg\",\"contentUrl\":\"https:\/\/anasounds.com\/wp-content\/uploads\/2021\/09\/face-1.jpg\",\"width\":1500,\"height\":1500},{\"@type\":\"BreadcrumbList\",\"@id\":\"https:\/\/anasounds.com\/fr\/produit\/savage-original-mk1-reissue\/#breadcrumb\",\"itemListElement\":[{\"@type\":\"ListItem\",\"position\":1,\"name\":\"Home\",\"item\":\"https:\/\/anasounds.com\/fr\/\"},{\"@type\":\"ListItem\",\"position\":2,\"name\":\"boutique\",\"item\":\"https:\/\/anasounds.com\/fr\/shop\/\"},{\"@type\":\"ListItem\",\"position\":3,\"name\":\"Savage Originale mk1 reissue\"}]},{\"@type\":\"WebSite\",\"@id\":\"https:\/\/anasounds.com\/#website\",\"url\":\"https:\/\/anasounds.com\/\",\"name\":\"Anasounds\",\"description\":\"P\u00e9dales \u00e0 la Fran\u00e7aise\",\"publisher\":{\"@id\":\"https:\/\/anasounds.com\/#organization\"},\"potentialAction\":[{\"@type\":\"SearchAction\",\"target\":{\"@type\":\"EntryPoint\",\"urlTemplate\":\"https:\/\/anasounds.com\/?s={search_term_string}\"},\"query-input\":{\"@type\":\"PropertyValueSpecification\",\"valueRequired\":true,\"valueName\":\"search_term_string\"}}],\"inLanguage\":\"fr-FR\"},{\"@type\":\"Organization\",\"@id\":\"https:\/\/anasounds.com\/#organization\",\"name\":\"Anasounds\",\"url\":\"https:\/\/anasounds.com\/\",\"logo\":{\"@type\":\"ImageObject\",\"inLanguage\":\"fr-FR\",\"@id\":\"https:\/\/anasounds.com\/#\/schema\/logo\/image\/\",\"url\":\"https:\/\/anasounds.com\/wp-content\/uploads\/2017\/10\/Logomadeinfrnoirblc.png\",\"contentUrl\":\"https:\/\/anasounds.com\/wp-content\/uploads\/2017\/10\/Logomadeinfrnoirblc.png\",\"width\":300,\"height\":300,\"caption\":\"Anasounds\"},\"image\":{\"@id\":\"https:\/\/anasounds.com\/#\/schema\/logo\/image\/\"},\"sameAs\":[\"https:\/\/www.facebook.com\/AnasoundsFX\/\",\"https:\/\/www.instagram.com\/anasounds\/\",\"https:\/\/www.youtube.com\/user\/AnaSoundsFR\"]}]}<\/script>\n<!-- \/ Yoast SEO plugin. -->","yoast_head_json":{"title":"Savage Originale mk1 reissue | Anasounds","description":"La Savage mk1 est une overdrive \u00e0 la fois chaude, claire et extr\u00eamement r\u00e9active \u00e0 la dynamique du jeu, parfaite en rock, pop, folk ou blues.\u2028","robots":{"index":"index","follow":"follow","max-snippet":"max-snippet:-1","max-image-preview":"max-image-preview:large","max-video-preview":"max-video-preview:-1"},"canonical":"https:\/\/anasounds.com\/fr\/produit\/savage-original-mk1-reissue\/","og_locale":"fr_FR","og_type":"article","og_title":"Savage Originale mk1 reissue | Anasounds","og_description":"La Savage mk1 est une overdrive \u00e0 la fois chaude, claire et extr\u00eamement r\u00e9active \u00e0 la dynamique du jeu, parfaite en rock, pop, folk ou blues.\u2028","og_url":"https:\/\/anasounds.com\/fr\/produit\/savage-original-mk1-reissue\/","og_site_name":"Anasounds","article_publisher":"https:\/\/www.facebook.com\/AnasoundsFX\/","article_modified_time":"2025-01-17T13:40:20+00:00","og_image":[{"width":1500,"height":1500,"url":"https:\/\/anasounds.com\/wp-content\/uploads\/2021\/09\/face-1.jpg","type":"image\/jpeg"}],"twitter_card":"summary_large_image","twitter_misc":{"Dur\u00e9e de lecture estim\u00e9e":"2 minutes"},"schema":{"@context":"https:\/\/schema.org","@graph":[{"@type":"WebPage","@id":"https:\/\/anasounds.com\/fr\/produit\/savage-original-mk1-reissue\/","url":"https:\/\/anasounds.com\/fr\/produit\/savage-original-mk1-reissue\/","name":"Savage Originale mk1 reissue | Anasounds","isPartOf":{"@id":"https:\/\/anasounds.com\/#website"},"primaryImageOfPage":{"@id":"https:\/\/anasounds.com\/fr\/produit\/savage-original-mk1-reissue\/#primaryimage"},"image":{"@id":"https:\/\/anasounds.com\/fr\/produit\/savage-original-mk1-reissue\/#primaryimage"},"thumbnailUrl":"https:\/\/anasounds.com\/wp-content\/uploads\/2021\/09\/face-1.jpg","datePublished":"2021-09-27T15:46:34+00:00","dateModified":"2025-01-17T13:40:20+00:00","description":"La Savage mk1 est une overdrive \u00e0 la fois chaude, claire et extr\u00eamement r\u00e9active \u00e0 la dynamique du jeu, parfaite en rock, pop, folk ou blues.\u2028","breadcrumb":{"@id":"https:\/\/anasounds.com\/fr\/produit\/savage-original-mk1-reissue\/#breadcrumb"},"inLanguage":"fr-FR","potentialAction":[{"@type":"ReadAction","target":["https:\/\/anasounds.com\/fr\/produit\/savage-original-mk1-reissue\/"]}]},{"@type":"ImageObject","inLanguage":"fr-FR","@id":"https:\/\/anasounds.com\/fr\/produit\/savage-original-mk1-reissue\/#primaryimage","url":"https:\/\/anasounds.com\/wp-content\/uploads\/2021\/09\/face-1.jpg","contentUrl":"https:\/\/anasounds.com\/wp-content\/uploads\/2021\/09\/face-1.jpg","width":1500,"height":1500},{"@type":"BreadcrumbList","@id":"https:\/\/anasounds.com\/fr\/produit\/savage-original-mk1-reissue\/#breadcrumb","itemListElement":[{"@type":"ListItem","position":1,"name":"Home","item":"https:\/\/anasounds.com\/fr\/"},{"@type":"ListItem","position":2,"name":"boutique","item":"https:\/\/anasounds.com\/fr\/shop\/"},{"@type":"ListItem","position":3,"name":"Savage Originale mk1 reissue"}]},{"@type":"WebSite","@id":"https:\/\/anasounds.com\/#website","url":"https:\/\/anasounds.com\/","name":"Anasounds","description":"P\u00e9dales \u00e0 la Fran\u00e7aise","publisher":{"@id":"https:\/\/anasounds.com\/#organization"},"potentialAction":[{"@type":"SearchAction","target":{"@type":"EntryPoint","urlTemplate":"https:\/\/anasounds.com\/?s={search_term_string}"},"query-input":{"@type":"PropertyValueSpecification","valueRequired":true,"valueName":"search_term_string"}}],"inLanguage":"fr-FR"},{"@type":"Organization","@id":"https:\/\/anasounds.com\/#organization","name":"Anasounds","url":"https:\/\/anasounds.com\/","logo":{"@type":"ImageObject","inLanguage":"fr-FR","@id":"https:\/\/anasounds.com\/#\/schema\/logo\/image\/","url":"https:\/\/anasounds.com\/wp-content\/uploads\/2017\/10\/Logomadeinfrnoirblc.png","contentUrl":"https:\/\/anasounds.com\/wp-content\/uploads\/2017\/10\/Logomadeinfrnoirblc.png","width":300,"height":300,"caption":"Anasounds"},"image":{"@id":"https:\/\/anasounds.com\/#\/schema\/logo\/image\/"},"sameAs":["https:\/\/www.facebook.com\/AnasoundsFX\/","https:\/\/www.instagram.com\/anasounds\/","https:\/\/www.youtube.com\/user\/AnaSoundsFR"]}]}},"_links":{"self":[{"href":"https:\/\/anasounds.com\/fr\/wp-json\/wp\/v2\/product\/70773","targetHints":{"allow":["GET"]}}],"collection":[{"href":"https:\/\/anasounds.com\/fr\/wp-json\/wp\/v2\/product"}],"about":[{"href":"https:\/\/anasounds.com\/fr\/wp-json\/wp\/v2\/types\/product"}],"replies":[{"embeddable":true,"href":"https:\/\/anasounds.com\/fr\/wp-json\/wp\/v2\/comments?post=70773"}],"wp:featuredmedia":[{"embeddable":true,"href":"https:\/\/anasounds.com\/fr\/wp-json\/wp\/v2\/media\/70834"}],"wp:attachment":[{"href":"https:\/\/anasounds.com\/fr\/wp-json\/wp\/v2\/media?parent=70773"}],"wp:term":[{"taxonomy":"product_brand","embeddable":true,"href":"https:\/\/anasounds.com\/fr\/wp-json\/wp\/v2\/product_brand?post=70773"},{"taxonomy":"product_cat","embeddable":true,"href":"https:\/\/anasounds.com\/fr\/wp-json\/wp\/v2\/product_cat?post=70773"},{"taxonomy":"product_tag","embeddable":true,"href":"https:\/\/anasounds.com\/fr\/wp-json\/wp\/v2\/product_tag?post=70773"}],"curies":[{"name":"wp","href":"https:\/\/api.w.org\/{rel}","templated":true}]}}