{"id":7268,"date":"2018-04-01T17:07:27","date_gmt":"2018-04-01T15:07:27","guid":{"rendered":"https:\/\/anasounds.com\/?post_type=product&#038;p=7268"},"modified":"2023-11-25T22:57:00","modified_gmt":"2023-11-25T21:57:00","slug":"savage-extended","status":"publish","type":"product","link":"https:\/\/anasounds.com\/fr\/produit\/savage-extended\/","title":{"rendered":"Extended Savage"},"content":{"rendered":"<p style=\"text-align: center;\">une nouvelle version de la savage alliant les b\u00e9n\u00e9fices de la mk1 et la mk2 dans un petit boitier!<\/p>\n<p style=\"text-align: center;\">nous avons gard\u00e9 le m\u00eame circuit que la mk2, utilisant les contr\u00f4les de tone, gain et volume mais il y a en plus un switch de clipping et un potard de voicing.<br \/>\nen switchant le clipping, vous pourrez passer de diodes silicium aux diodes germanium (celles de\u00a0la klon)<br \/>\npuis vous pourrez changer le voicing de l&rsquo;effet en passant d&rsquo;un son chaud et vintage \u00e0 un registre plus modern et tranchant!<\/p>\n<p style=\"text-align: center;\">de plus, magali nous a concoct\u00e9 une jolie fa\u00e7ade\u00a0alliant plexi et argent en gravure noire \u00e0 la place du traditionnel acajou!<\/p>\n<p style=\"text-align: center;\">cette \u00e9dition limit\u00e9e est seulement disponible en pr\u00e9-commande, ces pr\u00e9commandes sont ouvertes entre le 1er avril et le 13 mai.<br \/>\npendant les pr\u00e9commandes nous aurons tout de m\u00eame 2 dates de fabrication\/livraison, le 23 avril et le 16 mai.<br \/>\npour des raisons pratiques de production, il faudra attendre une de ces dates pour recevoir sa p\u00e9dale \ud83d\ude42<br \/>\napr\u00e8s le 13 mai nous ne proposerons plus de savage extended, c&rsquo;est donc le moment de profiter d&rsquo;une p\u00e9dale unique !<\/p>\n<p style=\"text-align: center;\">\n","protected":false},"excerpt":{"rendered":"<p>une nouvelle version de la savage, entre la mk1 et la mk2 mais en petit format!<\/p>\n","protected":false},"featured_media":7338,"comment_status":"open","ping_status":"closed","template":"","meta":[],"product_brand":[],"product_cat":[277],"product_tag":[59,58],"class_list":{"0":"post-7268","1":"product","2":"type-product","3":"status-publish","4":"has-post-thumbnail","6":"product_cat-overdrive-fr","7":"product_tag-overdrive","8":"product_tag-savage","10":"first","11":"outofstock","12":"taxable","13":"shipping-taxable","14":"purchasable","15":"product-type-simple"},"supplier_id":83515,"supplier_sku":"","barcode":null,"atum_controlled":true,"out_stock_date":"2022-07-05 10:21:41","out_stock_threshold":null,"inheritable":false,"inbound_stock":0,"stock_on_hold":0,"sold_today":0,"sales_last_days":0,"reserved_stock":0,"customer_returns":0,"warehouse_damage":0,"lost_in_post":0,"other_logs":0,"out_stock_days":1367,"lost_sales":0,"has_location":false,"update_date":"2026-04-03T00:58:57","atum_locations":[],"atum_stock_status":"outofstock","restock_status":false,"low_stock_amount":"","sales_update_date":"2026-04-03T00:58:56","calc_backorders":null,"yoast_head":"<!-- This site is optimized with the Yoast SEO plugin v26.5 - https:\/\/yoast.com\/wordpress\/plugins\/seo\/ -->\n<title>Extended Savage | Anasounds<\/title>\n<meta name=\"robots\" content=\"index, follow, max-snippet:-1, max-image-preview:large, max-video-preview:-1\" \/>\n<link rel=\"canonical\" href=\"https:\/\/anasounds.com\/fr\/produit\/savage-extended\/\" \/>\n<meta property=\"og:locale\" content=\"fr_FR\" \/>\n<meta property=\"og:type\" content=\"article\" \/>\n<meta property=\"og:title\" content=\"Extended Savage | Anasounds\" \/>\n<meta property=\"og:description\" content=\"une nouvelle version de la savage, entre la mk1 et la mk2 mais en petit format!\" \/>\n<meta property=\"og:url\" content=\"https:\/\/anasounds.com\/fr\/produit\/savage-extended\/\" \/>\n<meta property=\"og:site_name\" content=\"Anasounds\" \/>\n<meta property=\"article:publisher\" content=\"https:\/\/www.facebook.com\/AnasoundsFX\/\" \/>\n<meta property=\"article:modified_time\" content=\"2023-11-25T21:57:00+00:00\" \/>\n<meta property=\"og:image\" content=\"https:\/\/anasounds.com\/wp-content\/uploads\/2018\/04\/d\u00e9tourage.jpg\" \/>\n\t<meta property=\"og:image:width\" content=\"2000\" \/>\n\t<meta property=\"og:image:height\" content=\"2000\" \/>\n\t<meta property=\"og:image:type\" content=\"image\/jpeg\" \/>\n<meta name=\"twitter:card\" content=\"summary_large_image\" \/>\n<meta name=\"twitter:label1\" content=\"Dur\u00e9e de lecture estim\u00e9e\" \/>\n\t<meta name=\"twitter:data1\" content=\"1 minute\" \/>\n<script type=\"application\/ld+json\" class=\"yoast-schema-graph\">{\"@context\":\"https:\/\/schema.org\",\"@graph\":[{\"@type\":\"WebPage\",\"@id\":\"https:\/\/anasounds.com\/fr\/produit\/savage-extended\/\",\"url\":\"https:\/\/anasounds.com\/fr\/produit\/savage-extended\/\",\"name\":\"Extended Savage | Anasounds\",\"isPartOf\":{\"@id\":\"https:\/\/anasounds.com\/#website\"},\"primaryImageOfPage\":{\"@id\":\"https:\/\/anasounds.com\/fr\/produit\/savage-extended\/#primaryimage\"},\"image\":{\"@id\":\"https:\/\/anasounds.com\/fr\/produit\/savage-extended\/#primaryimage\"},\"thumbnailUrl\":\"https:\/\/anasounds.com\/wp-content\/uploads\/2018\/04\/d\u00e9tourage.jpg\",\"datePublished\":\"2018-04-01T15:07:27+00:00\",\"dateModified\":\"2023-11-25T21:57:00+00:00\",\"breadcrumb\":{\"@id\":\"https:\/\/anasounds.com\/fr\/produit\/savage-extended\/#breadcrumb\"},\"inLanguage\":\"fr-FR\",\"potentialAction\":[{\"@type\":\"ReadAction\",\"target\":[\"https:\/\/anasounds.com\/fr\/produit\/savage-extended\/\"]}]},{\"@type\":\"ImageObject\",\"inLanguage\":\"fr-FR\",\"@id\":\"https:\/\/anasounds.com\/fr\/produit\/savage-extended\/#primaryimage\",\"url\":\"https:\/\/anasounds.com\/wp-content\/uploads\/2018\/04\/d\u00e9tourage.jpg\",\"contentUrl\":\"https:\/\/anasounds.com\/wp-content\/uploads\/2018\/04\/d\u00e9tourage.jpg\",\"width\":2000,\"height\":2000},{\"@type\":\"BreadcrumbList\",\"@id\":\"https:\/\/anasounds.com\/fr\/produit\/savage-extended\/#breadcrumb\",\"itemListElement\":[{\"@type\":\"ListItem\",\"position\":1,\"name\":\"Home\",\"item\":\"https:\/\/anasounds.com\/fr\/\"},{\"@type\":\"ListItem\",\"position\":2,\"name\":\"boutique\",\"item\":\"https:\/\/anasounds.com\/fr\/shop\/\"},{\"@type\":\"ListItem\",\"position\":3,\"name\":\"Extended Savage\"}]},{\"@type\":\"WebSite\",\"@id\":\"https:\/\/anasounds.com\/#website\",\"url\":\"https:\/\/anasounds.com\/\",\"name\":\"Anasounds\",\"description\":\"P\u00e9dales \u00e0 la Fran\u00e7aise\",\"publisher\":{\"@id\":\"https:\/\/anasounds.com\/#organization\"},\"potentialAction\":[{\"@type\":\"SearchAction\",\"target\":{\"@type\":\"EntryPoint\",\"urlTemplate\":\"https:\/\/anasounds.com\/?s={search_term_string}\"},\"query-input\":{\"@type\":\"PropertyValueSpecification\",\"valueRequired\":true,\"valueName\":\"search_term_string\"}}],\"inLanguage\":\"fr-FR\"},{\"@type\":\"Organization\",\"@id\":\"https:\/\/anasounds.com\/#organization\",\"name\":\"Anasounds\",\"url\":\"https:\/\/anasounds.com\/\",\"logo\":{\"@type\":\"ImageObject\",\"inLanguage\":\"fr-FR\",\"@id\":\"https:\/\/anasounds.com\/#\/schema\/logo\/image\/\",\"url\":\"https:\/\/anasounds.com\/wp-content\/uploads\/2017\/10\/Logomadeinfrnoirblc.png\",\"contentUrl\":\"https:\/\/anasounds.com\/wp-content\/uploads\/2017\/10\/Logomadeinfrnoirblc.png\",\"width\":300,\"height\":300,\"caption\":\"Anasounds\"},\"image\":{\"@id\":\"https:\/\/anasounds.com\/#\/schema\/logo\/image\/\"},\"sameAs\":[\"https:\/\/www.facebook.com\/AnasoundsFX\/\",\"https:\/\/www.instagram.com\/anasounds\/\",\"https:\/\/www.youtube.com\/user\/AnaSoundsFR\"]}]}<\/script>\n<!-- \/ Yoast SEO plugin. -->","yoast_head_json":{"title":"Extended Savage | Anasounds","robots":{"index":"index","follow":"follow","max-snippet":"max-snippet:-1","max-image-preview":"max-image-preview:large","max-video-preview":"max-video-preview:-1"},"canonical":"https:\/\/anasounds.com\/fr\/produit\/savage-extended\/","og_locale":"fr_FR","og_type":"article","og_title":"Extended Savage | Anasounds","og_description":"une nouvelle version de la savage, entre la mk1 et la mk2 mais en petit format!","og_url":"https:\/\/anasounds.com\/fr\/produit\/savage-extended\/","og_site_name":"Anasounds","article_publisher":"https:\/\/www.facebook.com\/AnasoundsFX\/","article_modified_time":"2023-11-25T21:57:00+00:00","og_image":[{"width":2000,"height":2000,"url":"https:\/\/anasounds.com\/wp-content\/uploads\/2018\/04\/d\u00e9tourage.jpg","type":"image\/jpeg"}],"twitter_card":"summary_large_image","twitter_misc":{"Dur\u00e9e de lecture estim\u00e9e":"1 minute"},"schema":{"@context":"https:\/\/schema.org","@graph":[{"@type":"WebPage","@id":"https:\/\/anasounds.com\/fr\/produit\/savage-extended\/","url":"https:\/\/anasounds.com\/fr\/produit\/savage-extended\/","name":"Extended Savage | Anasounds","isPartOf":{"@id":"https:\/\/anasounds.com\/#website"},"primaryImageOfPage":{"@id":"https:\/\/anasounds.com\/fr\/produit\/savage-extended\/#primaryimage"},"image":{"@id":"https:\/\/anasounds.com\/fr\/produit\/savage-extended\/#primaryimage"},"thumbnailUrl":"https:\/\/anasounds.com\/wp-content\/uploads\/2018\/04\/d\u00e9tourage.jpg","datePublished":"2018-04-01T15:07:27+00:00","dateModified":"2023-11-25T21:57:00+00:00","breadcrumb":{"@id":"https:\/\/anasounds.com\/fr\/produit\/savage-extended\/#breadcrumb"},"inLanguage":"fr-FR","potentialAction":[{"@type":"ReadAction","target":["https:\/\/anasounds.com\/fr\/produit\/savage-extended\/"]}]},{"@type":"ImageObject","inLanguage":"fr-FR","@id":"https:\/\/anasounds.com\/fr\/produit\/savage-extended\/#primaryimage","url":"https:\/\/anasounds.com\/wp-content\/uploads\/2018\/04\/d\u00e9tourage.jpg","contentUrl":"https:\/\/anasounds.com\/wp-content\/uploads\/2018\/04\/d\u00e9tourage.jpg","width":2000,"height":2000},{"@type":"BreadcrumbList","@id":"https:\/\/anasounds.com\/fr\/produit\/savage-extended\/#breadcrumb","itemListElement":[{"@type":"ListItem","position":1,"name":"Home","item":"https:\/\/anasounds.com\/fr\/"},{"@type":"ListItem","position":2,"name":"boutique","item":"https:\/\/anasounds.com\/fr\/shop\/"},{"@type":"ListItem","position":3,"name":"Extended Savage"}]},{"@type":"WebSite","@id":"https:\/\/anasounds.com\/#website","url":"https:\/\/anasounds.com\/","name":"Anasounds","description":"P\u00e9dales \u00e0 la Fran\u00e7aise","publisher":{"@id":"https:\/\/anasounds.com\/#organization"},"potentialAction":[{"@type":"SearchAction","target":{"@type":"EntryPoint","urlTemplate":"https:\/\/anasounds.com\/?s={search_term_string}"},"query-input":{"@type":"PropertyValueSpecification","valueRequired":true,"valueName":"search_term_string"}}],"inLanguage":"fr-FR"},{"@type":"Organization","@id":"https:\/\/anasounds.com\/#organization","name":"Anasounds","url":"https:\/\/anasounds.com\/","logo":{"@type":"ImageObject","inLanguage":"fr-FR","@id":"https:\/\/anasounds.com\/#\/schema\/logo\/image\/","url":"https:\/\/anasounds.com\/wp-content\/uploads\/2017\/10\/Logomadeinfrnoirblc.png","contentUrl":"https:\/\/anasounds.com\/wp-content\/uploads\/2017\/10\/Logomadeinfrnoirblc.png","width":300,"height":300,"caption":"Anasounds"},"image":{"@id":"https:\/\/anasounds.com\/#\/schema\/logo\/image\/"},"sameAs":["https:\/\/www.facebook.com\/AnasoundsFX\/","https:\/\/www.instagram.com\/anasounds\/","https:\/\/www.youtube.com\/user\/AnaSoundsFR"]}]}},"_links":{"self":[{"href":"https:\/\/anasounds.com\/fr\/wp-json\/wp\/v2\/product\/7268","targetHints":{"allow":["GET"]}}],"collection":[{"href":"https:\/\/anasounds.com\/fr\/wp-json\/wp\/v2\/product"}],"about":[{"href":"https:\/\/anasounds.com\/fr\/wp-json\/wp\/v2\/types\/product"}],"replies":[{"embeddable":true,"href":"https:\/\/anasounds.com\/fr\/wp-json\/wp\/v2\/comments?post=7268"}],"wp:featuredmedia":[{"embeddable":true,"href":"https:\/\/anasounds.com\/fr\/wp-json\/wp\/v2\/media\/7338"}],"wp:attachment":[{"href":"https:\/\/anasounds.com\/fr\/wp-json\/wp\/v2\/media?parent=7268"}],"wp:term":[{"taxonomy":"product_brand","embeddable":true,"href":"https:\/\/anasounds.com\/fr\/wp-json\/wp\/v2\/product_brand?post=7268"},{"taxonomy":"product_cat","embeddable":true,"href":"https:\/\/anasounds.com\/fr\/wp-json\/wp\/v2\/product_cat?post=7268"},{"taxonomy":"product_tag","embeddable":true,"href":"https:\/\/anasounds.com\/fr\/wp-json\/wp\/v2\/product_tag?post=7268"}],"curies":[{"name":"wp","href":"https:\/\/api.w.org\/{rel}","templated":true}]}}