{"id":75956,"date":"2021-11-17T17:44:42","date_gmt":"2021-11-17T16:44:42","guid":{"rendered":"https:\/\/anasounds.com\/?post_type=product&#038;p=75956"},"modified":"2026-03-02T10:06:46","modified_gmt":"2026-03-02T09:06:46","slug":"feed-me-pedale-deja-assemblee","status":"publish","type":"product","link":"https:\/\/anasounds.com\/fr\/produit\/feed-me-pedale-deja-assemblee\/","title":{"rendered":"Feed Me mk3 &#8211; p\u00e9dale d\u00e9j\u00e0 assembl\u00e9e"},"content":{"rendered":"<h1 style=\"text-align: center;\">une fuzz mythique, customisable \u00e0 l&rsquo;extr\u00eame<\/h1>\r\n<h1 style=\"text-align: center;\"><\/h1>\r\n<p style=\"text-align: center;\">Depuis les d\u00e9buts de FX Teacher, l\u2019id\u00e9e de r\u00e9aliser une fuzz dans l\u2019esprit dans la fameuse britannique \u00e0 deux transistors du milieu des ann\u00e9es 60 \u00e9tait dans les tuyaux.\r\nEn effet, c\u2019est un circuit tellement simple et qui sonne si bien (probablement le meilleur rapport simplicit\u00e9 \/ musicalit\u00e9 qui soit) qu\u2019il paraissait logique de s\u2019en servir pour s\u2019initier au montage de p\u00e9dales.\r\nMais \u00e9videmment nous n\u2019allions pas nous contenter de sortir une fuzz basique de plus sur le march\u00e9, et nous avons donc profit\u00e9 de la demande des guitaristes \u00e0 la recherche d\u2019une version plus \u00e9labor\u00e9e de notre Feed Me\r\npour la faire passer dans la gamme FX Teacher.<\/p>\r\n<p style=\"text-align: center;\">Cette troisi\u00e8me version de la Feed Me peut donc \u00eatre achet\u00e9e en kit \u00e0 monter soi-m\u00eame ou d\u00e9j\u00e0 assembl\u00e9e par nos experts maison (le choix le plus s\u00fbr si vous ne fa\u00eetes pas la diff\u00e9rence entre un fer \u00e0 souder et un jack).\r\nEt comme toujours chez FX Teacher, vous avez le choix entre certains composants, en l&rsquo;occurrence des valeurs diff\u00e9rentes pour le switch qui coupe les graves,\r\nafin d\u2019obtenir un effet plus ou moins drastique en fonction de l\u2019ampli sur lequel vous serez branch\u00e9.<\/p>\r\n<p style=\"text-align: center;\">Mais la grosse nouveaut\u00e9 est la fonction Crack qui s\u2019enclenche gr\u00e2ce \u00e0 un toggle switch, et qui vous donne acc\u00e8s \u00e0 un deuxi\u00e8me son sans avoir \u00e0 modifier aucun de vos r\u00e9glages.\r\nLe potard Smash devient alors actif et contr\u00f4le \u00e0 quel point vos transistors gal\u00e8rent, au point de ne plus avoir aucun sustain pour arriver au fameux effet de fuzz gat\u00e9e qui requiert g\u00e9n\u00e9ralement une p\u00e9dale \u00e0 part enti\u00e8re.\r\nDeux sons l\u00e9gendaires pour les fous de fuzz de tout poil.<\/p>\r\n\r\n<h1 style=\"text-align: center;\">contenu de ce pack<\/h1>\r\n<p style=\"text-align: center;\">Une p\u00e9dale Feed Me assembl\u00e9e, test\u00e9e et r\u00e9gl\u00e9e par notre \u00e9quipe. Bref, compl\u00e8tement finie, pr\u00eate \u00e0 \u00eatre branch\u00e9e.\r\nUn petit sachet de composants bonus \u00e0 visser sur un bornier, pour mieux personnaliser ta fuzz.<\/p>\r\n\r\n<h1 style=\"text-align: center;\">infos compl\u00e9mentaires<\/h1>\r\n<p style=\"text-align: center;\">Pour d\u00e9couvrir en d\u00e9tails la Feed Me, c&rsquo;est sur <a href=\"https:\/\/anasounds.com\/fr\/feed-me-fx-teacher\/\" target=\"_blank\" rel=\"noopener noreferrer\">cette page.<\/a><\/p>\r\n<p style=\"text-align: center;\">Pour commander la version d\u00e9j\u00e0 assembl\u00e9e, c&rsquo;est bien ici. Il suffit d&rsquo;ajouter le produit au panier.<\/p>\r\n<p style=\"text-align: center;\">Pour commander la version en kit et la fabriquer soi-m\u00eame, c&rsquo;est par <a href=\"https:\/\/anasounds.com\/fr\/produit\/feed-me-kit-complet\/\" target=\"_blank\" rel=\"noopener\">ici.<\/a><\/p><!-- \/wp:post-content -->","protected":false},"excerpt":{"rendered":"<p>La FX Teacher Feed Me mk3 vous donne acc\u00e8s \u00e0 deux versions de la fuzz vintage, radicalement diff\u00e9rentes, d\u2019un simple coup de switch. Polyvalente et radicale.<\/p>\n","protected":false},"featured_media":80490,"comment_status":"open","ping_status":"closed","template":"","meta":[],"product_brand":[],"product_cat":[661,1555,275,267,713],"product_tag":[],"class_list":{"0":"post-75956","1":"product","2":"type-product","3":"status-publish","4":"has-post-thumbnail","6":"product_cat-nouveau","7":"product_cat-type-d-effet","8":"product_cat-fuzz-fr","9":"product_cat-fx-teacher","10":"product_cat-fx-teacher-assemblee","12":"first","13":"instock","14":"taxable","15":"shipping-taxable","16":"purchasable","17":"product-type-simple"},"supplier_id":83515,"supplier_sku":"","barcode":null,"atum_controlled":true,"out_stock_date":null,"out_stock_threshold":null,"inheritable":false,"inbound_stock":0,"stock_on_hold":0,"sold_today":0,"sales_last_days":0,"reserved_stock":0,"customer_returns":0,"warehouse_damage":0,"lost_in_post":0,"other_logs":0,"out_stock_days":0,"lost_sales":0,"has_location":false,"update_date":"2026-04-07T01:03:16","atum_locations":[],"atum_stock_status":"instock","restock_status":false,"low_stock_amount":"","sales_update_date":"2026-04-07T01:03:15","calc_backorders":0,"yoast_head":"<!-- This site is optimized with the Yoast SEO plugin v26.5 - https:\/\/yoast.com\/wordpress\/plugins\/seo\/ -->\n<title>Feed Me mk3 - p\u00e9dale d\u00e9j\u00e0 assembl\u00e9e | Anasounds<\/title>\n<meta name=\"description\" content=\"La version assembl\u00e9e de la Feed Me, fuzz bas\u00e9e sur un mod\u00e8le mythique, pouvant aller plus loin gr\u00e2ce aux options de personnalisation !\" \/>\n<meta name=\"robots\" content=\"index, follow, max-snippet:-1, max-image-preview:large, max-video-preview:-1\" \/>\n<link rel=\"canonical\" href=\"https:\/\/anasounds.com\/fr\/produit\/feed-me-pedale-deja-assemblee\/\" \/>\n<meta property=\"og:locale\" content=\"fr_FR\" \/>\n<meta property=\"og:type\" content=\"article\" \/>\n<meta property=\"og:title\" content=\"Feed Me mk3 - p\u00e9dale d\u00e9j\u00e0 assembl\u00e9e | Anasounds\" \/>\n<meta property=\"og:description\" content=\"La version assembl\u00e9e de la Feed Me, fuzz bas\u00e9e sur un mod\u00e8le mythique, pouvant aller plus loin gr\u00e2ce aux options de personnalisation !\" \/>\n<meta property=\"og:url\" content=\"https:\/\/anasounds.com\/fr\/produit\/feed-me-pedale-deja-assemblee\/\" \/>\n<meta property=\"og:site_name\" content=\"Anasounds\" \/>\n<meta property=\"article:publisher\" content=\"https:\/\/www.facebook.com\/AnasoundsFX\/\" \/>\n<meta property=\"article:modified_time\" content=\"2026-03-02T09:06:46+00:00\" \/>\n<meta property=\"og:image\" content=\"https:\/\/anasounds.com\/wp-content\/uploads\/2021\/11\/Feed-Me-MK3-face.jpg\" \/>\n\t<meta property=\"og:image:width\" content=\"2048\" \/>\n\t<meta property=\"og:image:height\" content=\"2048\" \/>\n\t<meta property=\"og:image:type\" content=\"image\/jpeg\" \/>\n<meta name=\"twitter:card\" content=\"summary_large_image\" \/>\n<meta name=\"twitter:label1\" content=\"Dur\u00e9e de lecture estim\u00e9e\" \/>\n\t<meta name=\"twitter:data1\" content=\"2 minutes\" \/>\n<script type=\"application\/ld+json\" class=\"yoast-schema-graph\">{\"@context\":\"https:\/\/schema.org\",\"@graph\":[{\"@type\":\"WebPage\",\"@id\":\"https:\/\/anasounds.com\/fr\/produit\/feed-me-pedale-deja-assemblee\/\",\"url\":\"https:\/\/anasounds.com\/fr\/produit\/feed-me-pedale-deja-assemblee\/\",\"name\":\"Feed Me mk3 - p\u00e9dale d\u00e9j\u00e0 assembl\u00e9e | Anasounds\",\"isPartOf\":{\"@id\":\"https:\/\/anasounds.com\/#website\"},\"primaryImageOfPage\":{\"@id\":\"https:\/\/anasounds.com\/fr\/produit\/feed-me-pedale-deja-assemblee\/#primaryimage\"},\"image\":{\"@id\":\"https:\/\/anasounds.com\/fr\/produit\/feed-me-pedale-deja-assemblee\/#primaryimage\"},\"thumbnailUrl\":\"https:\/\/anasounds.com\/wp-content\/uploads\/2021\/11\/Feed-Me-MK3-face.jpg\",\"datePublished\":\"2021-11-17T16:44:42+00:00\",\"dateModified\":\"2026-03-02T09:06:46+00:00\",\"description\":\"La version assembl\u00e9e de la Feed Me, fuzz bas\u00e9e sur un mod\u00e8le mythique, pouvant aller plus loin gr\u00e2ce aux options de personnalisation !\",\"breadcrumb\":{\"@id\":\"https:\/\/anasounds.com\/fr\/produit\/feed-me-pedale-deja-assemblee\/#breadcrumb\"},\"inLanguage\":\"fr-FR\",\"potentialAction\":[{\"@type\":\"ReadAction\",\"target\":[\"https:\/\/anasounds.com\/fr\/produit\/feed-me-pedale-deja-assemblee\/\"]}]},{\"@type\":\"ImageObject\",\"inLanguage\":\"fr-FR\",\"@id\":\"https:\/\/anasounds.com\/fr\/produit\/feed-me-pedale-deja-assemblee\/#primaryimage\",\"url\":\"https:\/\/anasounds.com\/wp-content\/uploads\/2021\/11\/Feed-Me-MK3-face.jpg\",\"contentUrl\":\"https:\/\/anasounds.com\/wp-content\/uploads\/2021\/11\/Feed-Me-MK3-face.jpg\",\"width\":2048,\"height\":2048},{\"@type\":\"BreadcrumbList\",\"@id\":\"https:\/\/anasounds.com\/fr\/produit\/feed-me-pedale-deja-assemblee\/#breadcrumb\",\"itemListElement\":[{\"@type\":\"ListItem\",\"position\":1,\"name\":\"Home\",\"item\":\"https:\/\/anasounds.com\/fr\/\"},{\"@type\":\"ListItem\",\"position\":2,\"name\":\"boutique\",\"item\":\"https:\/\/anasounds.com\/fr\/shop\/\"},{\"@type\":\"ListItem\",\"position\":3,\"name\":\"Feed Me mk3 &#8211; p\u00e9dale d\u00e9j\u00e0 assembl\u00e9e\"}]},{\"@type\":\"WebSite\",\"@id\":\"https:\/\/anasounds.com\/#website\",\"url\":\"https:\/\/anasounds.com\/\",\"name\":\"Anasounds\",\"description\":\"P\u00e9dales \u00e0 la Fran\u00e7aise\",\"publisher\":{\"@id\":\"https:\/\/anasounds.com\/#organization\"},\"potentialAction\":[{\"@type\":\"SearchAction\",\"target\":{\"@type\":\"EntryPoint\",\"urlTemplate\":\"https:\/\/anasounds.com\/?s={search_term_string}\"},\"query-input\":{\"@type\":\"PropertyValueSpecification\",\"valueRequired\":true,\"valueName\":\"search_term_string\"}}],\"inLanguage\":\"fr-FR\"},{\"@type\":\"Organization\",\"@id\":\"https:\/\/anasounds.com\/#organization\",\"name\":\"Anasounds\",\"url\":\"https:\/\/anasounds.com\/\",\"logo\":{\"@type\":\"ImageObject\",\"inLanguage\":\"fr-FR\",\"@id\":\"https:\/\/anasounds.com\/#\/schema\/logo\/image\/\",\"url\":\"https:\/\/anasounds.com\/wp-content\/uploads\/2017\/10\/Logomadeinfrnoirblc.png\",\"contentUrl\":\"https:\/\/anasounds.com\/wp-content\/uploads\/2017\/10\/Logomadeinfrnoirblc.png\",\"width\":300,\"height\":300,\"caption\":\"Anasounds\"},\"image\":{\"@id\":\"https:\/\/anasounds.com\/#\/schema\/logo\/image\/\"},\"sameAs\":[\"https:\/\/www.facebook.com\/AnasoundsFX\/\",\"https:\/\/www.instagram.com\/anasounds\/\",\"https:\/\/www.youtube.com\/user\/AnaSoundsFR\"]}]}<\/script>\n<!-- \/ Yoast SEO plugin. -->","yoast_head_json":{"title":"Feed Me mk3 - p\u00e9dale d\u00e9j\u00e0 assembl\u00e9e | Anasounds","description":"La version assembl\u00e9e de la Feed Me, fuzz bas\u00e9e sur un mod\u00e8le mythique, pouvant aller plus loin gr\u00e2ce aux options de personnalisation !","robots":{"index":"index","follow":"follow","max-snippet":"max-snippet:-1","max-image-preview":"max-image-preview:large","max-video-preview":"max-video-preview:-1"},"canonical":"https:\/\/anasounds.com\/fr\/produit\/feed-me-pedale-deja-assemblee\/","og_locale":"fr_FR","og_type":"article","og_title":"Feed Me mk3 - p\u00e9dale d\u00e9j\u00e0 assembl\u00e9e | Anasounds","og_description":"La version assembl\u00e9e de la Feed Me, fuzz bas\u00e9e sur un mod\u00e8le mythique, pouvant aller plus loin gr\u00e2ce aux options de personnalisation !","og_url":"https:\/\/anasounds.com\/fr\/produit\/feed-me-pedale-deja-assemblee\/","og_site_name":"Anasounds","article_publisher":"https:\/\/www.facebook.com\/AnasoundsFX\/","article_modified_time":"2026-03-02T09:06:46+00:00","og_image":[{"width":2048,"height":2048,"url":"https:\/\/anasounds.com\/wp-content\/uploads\/2021\/11\/Feed-Me-MK3-face.jpg","type":"image\/jpeg"}],"twitter_card":"summary_large_image","twitter_misc":{"Dur\u00e9e de lecture estim\u00e9e":"2 minutes"},"schema":{"@context":"https:\/\/schema.org","@graph":[{"@type":"WebPage","@id":"https:\/\/anasounds.com\/fr\/produit\/feed-me-pedale-deja-assemblee\/","url":"https:\/\/anasounds.com\/fr\/produit\/feed-me-pedale-deja-assemblee\/","name":"Feed Me mk3 - p\u00e9dale d\u00e9j\u00e0 assembl\u00e9e | Anasounds","isPartOf":{"@id":"https:\/\/anasounds.com\/#website"},"primaryImageOfPage":{"@id":"https:\/\/anasounds.com\/fr\/produit\/feed-me-pedale-deja-assemblee\/#primaryimage"},"image":{"@id":"https:\/\/anasounds.com\/fr\/produit\/feed-me-pedale-deja-assemblee\/#primaryimage"},"thumbnailUrl":"https:\/\/anasounds.com\/wp-content\/uploads\/2021\/11\/Feed-Me-MK3-face.jpg","datePublished":"2021-11-17T16:44:42+00:00","dateModified":"2026-03-02T09:06:46+00:00","description":"La version assembl\u00e9e de la Feed Me, fuzz bas\u00e9e sur un mod\u00e8le mythique, pouvant aller plus loin gr\u00e2ce aux options de personnalisation !","breadcrumb":{"@id":"https:\/\/anasounds.com\/fr\/produit\/feed-me-pedale-deja-assemblee\/#breadcrumb"},"inLanguage":"fr-FR","potentialAction":[{"@type":"ReadAction","target":["https:\/\/anasounds.com\/fr\/produit\/feed-me-pedale-deja-assemblee\/"]}]},{"@type":"ImageObject","inLanguage":"fr-FR","@id":"https:\/\/anasounds.com\/fr\/produit\/feed-me-pedale-deja-assemblee\/#primaryimage","url":"https:\/\/anasounds.com\/wp-content\/uploads\/2021\/11\/Feed-Me-MK3-face.jpg","contentUrl":"https:\/\/anasounds.com\/wp-content\/uploads\/2021\/11\/Feed-Me-MK3-face.jpg","width":2048,"height":2048},{"@type":"BreadcrumbList","@id":"https:\/\/anasounds.com\/fr\/produit\/feed-me-pedale-deja-assemblee\/#breadcrumb","itemListElement":[{"@type":"ListItem","position":1,"name":"Home","item":"https:\/\/anasounds.com\/fr\/"},{"@type":"ListItem","position":2,"name":"boutique","item":"https:\/\/anasounds.com\/fr\/shop\/"},{"@type":"ListItem","position":3,"name":"Feed Me mk3 &#8211; p\u00e9dale d\u00e9j\u00e0 assembl\u00e9e"}]},{"@type":"WebSite","@id":"https:\/\/anasounds.com\/#website","url":"https:\/\/anasounds.com\/","name":"Anasounds","description":"P\u00e9dales \u00e0 la Fran\u00e7aise","publisher":{"@id":"https:\/\/anasounds.com\/#organization"},"potentialAction":[{"@type":"SearchAction","target":{"@type":"EntryPoint","urlTemplate":"https:\/\/anasounds.com\/?s={search_term_string}"},"query-input":{"@type":"PropertyValueSpecification","valueRequired":true,"valueName":"search_term_string"}}],"inLanguage":"fr-FR"},{"@type":"Organization","@id":"https:\/\/anasounds.com\/#organization","name":"Anasounds","url":"https:\/\/anasounds.com\/","logo":{"@type":"ImageObject","inLanguage":"fr-FR","@id":"https:\/\/anasounds.com\/#\/schema\/logo\/image\/","url":"https:\/\/anasounds.com\/wp-content\/uploads\/2017\/10\/Logomadeinfrnoirblc.png","contentUrl":"https:\/\/anasounds.com\/wp-content\/uploads\/2017\/10\/Logomadeinfrnoirblc.png","width":300,"height":300,"caption":"Anasounds"},"image":{"@id":"https:\/\/anasounds.com\/#\/schema\/logo\/image\/"},"sameAs":["https:\/\/www.facebook.com\/AnasoundsFX\/","https:\/\/www.instagram.com\/anasounds\/","https:\/\/www.youtube.com\/user\/AnaSoundsFR"]}]}},"_links":{"self":[{"href":"https:\/\/anasounds.com\/fr\/wp-json\/wp\/v2\/product\/75956","targetHints":{"allow":["GET"]}}],"collection":[{"href":"https:\/\/anasounds.com\/fr\/wp-json\/wp\/v2\/product"}],"about":[{"href":"https:\/\/anasounds.com\/fr\/wp-json\/wp\/v2\/types\/product"}],"replies":[{"embeddable":true,"href":"https:\/\/anasounds.com\/fr\/wp-json\/wp\/v2\/comments?post=75956"}],"wp:featuredmedia":[{"embeddable":true,"href":"https:\/\/anasounds.com\/fr\/wp-json\/wp\/v2\/media\/80490"}],"wp:attachment":[{"href":"https:\/\/anasounds.com\/fr\/wp-json\/wp\/v2\/media?parent=75956"}],"wp:term":[{"taxonomy":"product_brand","embeddable":true,"href":"https:\/\/anasounds.com\/fr\/wp-json\/wp\/v2\/product_brand?post=75956"},{"taxonomy":"product_cat","embeddable":true,"href":"https:\/\/anasounds.com\/fr\/wp-json\/wp\/v2\/product_cat?post=75956"},{"taxonomy":"product_tag","embeddable":true,"href":"https:\/\/anasounds.com\/fr\/wp-json\/wp\/v2\/product_tag?post=75956"}],"curies":[{"name":"wp","href":"https:\/\/api.w.org\/{rel}","templated":true}]}}