{"id":76077,"date":"2021-11-19T11:16:25","date_gmt":"2021-11-19T10:16:25","guid":{"rendered":"https:\/\/anasounds.com\/?post_type=product&#038;p=76077"},"modified":"2025-12-30T21:14:57","modified_gmt":"2025-12-30T20:14:57","slug":"feed-me-kit-electronique","status":"publish","type":"product","link":"https:\/\/anasounds.com\/fr\/produit\/feed-me-kit-electronique\/","title":{"rendered":"Feed Me mk3 &#8211; kit \u00e9lectronique"},"content":{"rendered":"<h1 style=\"text-align: center;\">une fuzz mythique customisable \u00e0 l&rsquo;extr\u00eame<\/h1>\r\n<h1 style=\"text-align: center;\"><\/h1>\r\n<p style=\"text-align: center;\">Le kit \u00e9lectronique de la Feed Me permet d&rsquo;assembler et customiser soi-m\u00eame le design de sa p\u00e9dale, en choisissant le boitier et le type de footswitch s\u00e9par\u00e9ment.\r\nLe kit Feed Me s&rsquo;inspire de cette fameuse p\u00e9dale de fuzz ronde des ann\u00e9es 60, modifi\u00e9e par Roger Mayer.\r\nR\u00e9put\u00e9e pour son grain et ses aigus per\u00e7ants, elle permet d&rsquo;obtenir des fuzz puissantes, mais aussi des cleans ultra chaleureux\r\nen jouant au volume de la guitare.\r\nLe circuit extr\u00eamement simple laisse une grande part \u00e0 la modification, ce qu&rsquo;on ne s&rsquo;est pas priv\u00e9 de faire,\r\nen proposant une r\u00e9interpr\u00e9tation ultra polyvalente, permettant d&rsquo;aller bien plus loin que le mod\u00e8le original !<\/p>\r\n\r\n<h1 style=\"text-align: center;\">la feed me d\u00e9sormais en kit !<\/h1>\r\n<p style=\"text-align: center;\">Apr\u00e8s la mk1, qui apportait d\u00e9j\u00e0 pas mal d&rsquo;am\u00e9liorations au circuit, puis la mk2, \u00e0 l&rsquo;esprit plug and play sans potards,\r\nla Feed Me passe d\u00e9sormais dans la gamme FX Teacher, avec tout un tas d&rsquo;options de customisations ajout\u00e9es,\r\npour une fuzz unique permettant d&rsquo;\u00eatre travaill\u00e9e dans les moindres d\u00e9tails !<\/p>\r\n<p style=\"text-align: center;\">De la sonorit\u00e9 du mod\u00e8le original des ann\u00e9es 60, en allant \u00e0 des sonorit\u00e9s ultra massives et lourdes avec le r\u00e9glage de basses custom,\r\nla Feed Me permet aussi plusieurs r\u00e9glages de bias, pour des sonorit\u00e9s velcro ou gated fuzz. Une palette de sons incroyable !<\/p>\r\n\r\n<h1 style=\"text-align: center;\">contenu de ce pack<\/h1>\r\n<p style=\"text-align: center;\">Tout le n\u00e9cessaire pour fabriquer la partie \u00e9lectronique de ta Feed Me de A \u00e0 Z ! C&rsquo;est \u00e0 dire :<\/p>\r\n<p style=\"text-align: center;\">Le kit \u00e9lectronique Feed Me avec tous les composants n\u00e9cessaires. (r\u00e9sistances, capa, diodes, IC, potards&#8230;)\r\nUn PCB Feed Me.\r\nUn sachet de composants bonus pour mieux la personnaliser.<\/p>\r\n\r\n<h1 style=\"text-align: center;\">ce qu&rsquo;il pourrait te manquer pour monter ce kit<\/h1>\r\n<p style=\"text-align: center;\">Un<a href=\"https:\/\/anasounds.com\/fr\/produit\/feed-me-kit-boitier\/\" target=\"_blank\" rel=\"noopener noreferrer\">\u00a0kit boitier<\/a> Feed Me ou un <a href=\"https:\/\/anasounds.com\/fr\/produit\/1590n1\/\" target=\"_blank\" rel=\"noopener noreferrer\">boitier vierge<\/a> \u00e0 personnaliser.\r\nUn kit true bypass \u00e0 <a href=\"https:\/\/anasounds.com\/fr\/produit\/3pdt\/\" target=\"_blank\" rel=\"noopener noreferrer\">3PDT<\/a> ou \u00e0 <a href=\"https:\/\/anasounds.com\/fr\/produit\/kit-true-bypass-relais\/\" target=\"_blank\" rel=\"noopener noreferrer\">relais.<\/a>\r\nUn <a href=\"https:\/\/anasounds.com\/fr\/produit\/testeur-methode-fx-teacher\/\" target=\"_blank\" rel=\"noopener noreferrer\">testeur<\/a> pour suivre la m\u00e9thode de montage FX Teacher.\r\nDes outils de soudure, voici notre <a href=\"https:\/\/anasounds.com\/fr\/categorie-produit\/fx-teacher\/outils-fx-teacher\/\" target=\"_blank\" rel=\"noopener noreferrer\">s\u00e9lection<\/a> si tu n&rsquo;as pas tout.<\/p>\r\n\r\n<h1 style=\"text-align: center;\">infos compl\u00e9mentaires<\/h1>\r\n<p style=\"text-align: center;\">Pour d\u00e9couvrir en d\u00e9tails la Feed Me, c&rsquo;est sur <a href=\"https:\/\/anasounds.com\/fr\/feed-me-fx-teacher\/\" target=\"_blank\" rel=\"noopener noreferrer\">cette page.<\/a><\/p>\r\n<p style=\"text-align: center;\">Pour la fabriquer c&rsquo;est bien ici. Il suffit d&rsquo;ajouter ce produit au panier puis,\r\nde suivre le tutoriel d&rsquo;assemblage par <a href=\"https:\/\/anasounds.com\/fr\/assembler-son-kit-de-fuzz-feed-me\/\" target=\"_blank\" rel=\"noopener noreferrer\">ici.<\/a><\/p>\r\n<p style=\"text-align: center;\">Pour la Feed Me d\u00e9j\u00e0 mont\u00e9e, c&rsquo;est par <a href=\"https:\/\/anasounds.com\/fr\/produit\/feed-me-pedale-deja-assemblee\/\" target=\"_blank\" rel=\"noopener\">ici.<\/a><\/p><!-- \/wp:post-content -->","protected":false},"excerpt":{"rendered":"<p>Le kit \u00e9lectronique de la Feed Me seul.<br \/>\nPour customiser le design de sa p\u00e9dale, avec un boitier s\u00e9par\u00e9.<\/p>\n","protected":false},"featured_media":80906,"comment_status":"open","ping_status":"closed","template":"","meta":[],"product_brand":[],"product_cat":[267,1557],"product_tag":[],"class_list":{"0":"post-76077","1":"product","2":"type-product","3":"status-publish","4":"has-post-thumbnail","6":"product_cat-fx-teacher","7":"product_cat-kits-pieces-detachees","9":"first","10":"instock","11":"taxable","12":"shipping-taxable","13":"purchasable","14":"product-type-simple"},"supplier_id":83515,"supplier_sku":"","barcode":null,"atum_controlled":true,"out_stock_date":null,"out_stock_threshold":null,"inheritable":false,"inbound_stock":0,"stock_on_hold":0,"sold_today":0,"sales_last_days":0,"reserved_stock":0,"customer_returns":0,"warehouse_damage":0,"lost_in_post":0,"other_logs":0,"out_stock_days":0,"lost_sales":0,"has_location":false,"update_date":"2026-04-09T01:03:16","atum_locations":[],"atum_stock_status":"instock","restock_status":false,"low_stock_amount":"","sales_update_date":"2026-04-09T01:03:15","calc_backorders":0,"yoast_head":"<!-- This site is optimized with the Yoast SEO plugin v26.5 - https:\/\/yoast.com\/wordpress\/plugins\/seo\/ -->\n<title>Feed Me mk3 - kit \u00e9lectronique | Anasounds<\/title>\n<meta name=\"description\" content=\"Le kit \u00e9lectronique de la Feed Me seul, pour personnaliser le design de sa p\u00e9dale en choisissant et customisant soi m\u00eame un boitier !\" \/>\n<meta name=\"robots\" content=\"index, follow, max-snippet:-1, max-image-preview:large, max-video-preview:-1\" \/>\n<link rel=\"canonical\" href=\"https:\/\/anasounds.com\/fr\/produit\/feed-me-kit-electronique\/\" \/>\n<meta property=\"og:locale\" content=\"fr_FR\" \/>\n<meta property=\"og:type\" content=\"article\" \/>\n<meta property=\"og:title\" content=\"Feed Me mk3 - kit \u00e9lectronique | Anasounds\" \/>\n<meta property=\"og:description\" content=\"Le kit \u00e9lectronique de la Feed Me seul, pour personnaliser le design de sa p\u00e9dale en choisissant et customisant soi m\u00eame un boitier !\" \/>\n<meta property=\"og:url\" content=\"https:\/\/anasounds.com\/fr\/produit\/feed-me-kit-electronique\/\" \/>\n<meta property=\"og:site_name\" content=\"Anasounds\" \/>\n<meta property=\"article:publisher\" content=\"https:\/\/www.facebook.com\/AnasoundsFX\/\" \/>\n<meta property=\"article:modified_time\" content=\"2025-12-30T20:14:57+00:00\" \/>\n<meta property=\"og:image\" content=\"https:\/\/anasounds.com\/wp-content\/uploads\/2021\/11\/8-2.png\" \/>\n\t<meta property=\"og:image:width\" content=\"931\" \/>\n\t<meta property=\"og:image:height\" content=\"931\" \/>\n\t<meta property=\"og:image:type\" content=\"image\/png\" \/>\n<meta name=\"twitter:card\" content=\"summary_large_image\" \/>\n<meta name=\"twitter:label1\" content=\"Dur\u00e9e de lecture estim\u00e9e\" \/>\n\t<meta name=\"twitter:data1\" content=\"2 minutes\" \/>\n<script type=\"application\/ld+json\" class=\"yoast-schema-graph\">{\"@context\":\"https:\/\/schema.org\",\"@graph\":[{\"@type\":\"WebPage\",\"@id\":\"https:\/\/anasounds.com\/fr\/produit\/feed-me-kit-electronique\/\",\"url\":\"https:\/\/anasounds.com\/fr\/produit\/feed-me-kit-electronique\/\",\"name\":\"Feed Me mk3 - kit \u00e9lectronique | Anasounds\",\"isPartOf\":{\"@id\":\"https:\/\/anasounds.com\/#website\"},\"primaryImageOfPage\":{\"@id\":\"https:\/\/anasounds.com\/fr\/produit\/feed-me-kit-electronique\/#primaryimage\"},\"image\":{\"@id\":\"https:\/\/anasounds.com\/fr\/produit\/feed-me-kit-electronique\/#primaryimage\"},\"thumbnailUrl\":\"https:\/\/anasounds.com\/wp-content\/uploads\/2021\/11\/8-2.png\",\"datePublished\":\"2021-11-19T10:16:25+00:00\",\"dateModified\":\"2025-12-30T20:14:57+00:00\",\"description\":\"Le kit \u00e9lectronique de la Feed Me seul, pour personnaliser le design de sa p\u00e9dale en choisissant et customisant soi m\u00eame un boitier !\",\"breadcrumb\":{\"@id\":\"https:\/\/anasounds.com\/fr\/produit\/feed-me-kit-electronique\/#breadcrumb\"},\"inLanguage\":\"fr-FR\",\"potentialAction\":[{\"@type\":\"ReadAction\",\"target\":[\"https:\/\/anasounds.com\/fr\/produit\/feed-me-kit-electronique\/\"]}]},{\"@type\":\"ImageObject\",\"inLanguage\":\"fr-FR\",\"@id\":\"https:\/\/anasounds.com\/fr\/produit\/feed-me-kit-electronique\/#primaryimage\",\"url\":\"https:\/\/anasounds.com\/wp-content\/uploads\/2021\/11\/8-2.png\",\"contentUrl\":\"https:\/\/anasounds.com\/wp-content\/uploads\/2021\/11\/8-2.png\",\"width\":931,\"height\":931},{\"@type\":\"BreadcrumbList\",\"@id\":\"https:\/\/anasounds.com\/fr\/produit\/feed-me-kit-electronique\/#breadcrumb\",\"itemListElement\":[{\"@type\":\"ListItem\",\"position\":1,\"name\":\"Home\",\"item\":\"https:\/\/anasounds.com\/fr\/\"},{\"@type\":\"ListItem\",\"position\":2,\"name\":\"boutique\",\"item\":\"https:\/\/anasounds.com\/fr\/shop\/\"},{\"@type\":\"ListItem\",\"position\":3,\"name\":\"Feed Me mk3 &#8211; kit \u00e9lectronique\"}]},{\"@type\":\"WebSite\",\"@id\":\"https:\/\/anasounds.com\/#website\",\"url\":\"https:\/\/anasounds.com\/\",\"name\":\"Anasounds\",\"description\":\"P\u00e9dales \u00e0 la Fran\u00e7aise\",\"publisher\":{\"@id\":\"https:\/\/anasounds.com\/#organization\"},\"potentialAction\":[{\"@type\":\"SearchAction\",\"target\":{\"@type\":\"EntryPoint\",\"urlTemplate\":\"https:\/\/anasounds.com\/?s={search_term_string}\"},\"query-input\":{\"@type\":\"PropertyValueSpecification\",\"valueRequired\":true,\"valueName\":\"search_term_string\"}}],\"inLanguage\":\"fr-FR\"},{\"@type\":\"Organization\",\"@id\":\"https:\/\/anasounds.com\/#organization\",\"name\":\"Anasounds\",\"url\":\"https:\/\/anasounds.com\/\",\"logo\":{\"@type\":\"ImageObject\",\"inLanguage\":\"fr-FR\",\"@id\":\"https:\/\/anasounds.com\/#\/schema\/logo\/image\/\",\"url\":\"https:\/\/anasounds.com\/wp-content\/uploads\/2017\/10\/Logomadeinfrnoirblc.png\",\"contentUrl\":\"https:\/\/anasounds.com\/wp-content\/uploads\/2017\/10\/Logomadeinfrnoirblc.png\",\"width\":300,\"height\":300,\"caption\":\"Anasounds\"},\"image\":{\"@id\":\"https:\/\/anasounds.com\/#\/schema\/logo\/image\/\"},\"sameAs\":[\"https:\/\/www.facebook.com\/AnasoundsFX\/\",\"https:\/\/www.instagram.com\/anasounds\/\",\"https:\/\/www.youtube.com\/user\/AnaSoundsFR\"]}]}<\/script>\n<!-- \/ Yoast SEO plugin. -->","yoast_head_json":{"title":"Feed Me mk3 - kit \u00e9lectronique | Anasounds","description":"Le kit \u00e9lectronique de la Feed Me seul, pour personnaliser le design de sa p\u00e9dale en choisissant et customisant soi m\u00eame un boitier !","robots":{"index":"index","follow":"follow","max-snippet":"max-snippet:-1","max-image-preview":"max-image-preview:large","max-video-preview":"max-video-preview:-1"},"canonical":"https:\/\/anasounds.com\/fr\/produit\/feed-me-kit-electronique\/","og_locale":"fr_FR","og_type":"article","og_title":"Feed Me mk3 - kit \u00e9lectronique | Anasounds","og_description":"Le kit \u00e9lectronique de la Feed Me seul, pour personnaliser le design de sa p\u00e9dale en choisissant et customisant soi m\u00eame un boitier !","og_url":"https:\/\/anasounds.com\/fr\/produit\/feed-me-kit-electronique\/","og_site_name":"Anasounds","article_publisher":"https:\/\/www.facebook.com\/AnasoundsFX\/","article_modified_time":"2025-12-30T20:14:57+00:00","og_image":[{"width":931,"height":931,"url":"https:\/\/anasounds.com\/wp-content\/uploads\/2021\/11\/8-2.png","type":"image\/png"}],"twitter_card":"summary_large_image","twitter_misc":{"Dur\u00e9e de lecture estim\u00e9e":"2 minutes"},"schema":{"@context":"https:\/\/schema.org","@graph":[{"@type":"WebPage","@id":"https:\/\/anasounds.com\/fr\/produit\/feed-me-kit-electronique\/","url":"https:\/\/anasounds.com\/fr\/produit\/feed-me-kit-electronique\/","name":"Feed Me mk3 - kit \u00e9lectronique | Anasounds","isPartOf":{"@id":"https:\/\/anasounds.com\/#website"},"primaryImageOfPage":{"@id":"https:\/\/anasounds.com\/fr\/produit\/feed-me-kit-electronique\/#primaryimage"},"image":{"@id":"https:\/\/anasounds.com\/fr\/produit\/feed-me-kit-electronique\/#primaryimage"},"thumbnailUrl":"https:\/\/anasounds.com\/wp-content\/uploads\/2021\/11\/8-2.png","datePublished":"2021-11-19T10:16:25+00:00","dateModified":"2025-12-30T20:14:57+00:00","description":"Le kit \u00e9lectronique de la Feed Me seul, pour personnaliser le design de sa p\u00e9dale en choisissant et customisant soi m\u00eame un boitier !","breadcrumb":{"@id":"https:\/\/anasounds.com\/fr\/produit\/feed-me-kit-electronique\/#breadcrumb"},"inLanguage":"fr-FR","potentialAction":[{"@type":"ReadAction","target":["https:\/\/anasounds.com\/fr\/produit\/feed-me-kit-electronique\/"]}]},{"@type":"ImageObject","inLanguage":"fr-FR","@id":"https:\/\/anasounds.com\/fr\/produit\/feed-me-kit-electronique\/#primaryimage","url":"https:\/\/anasounds.com\/wp-content\/uploads\/2021\/11\/8-2.png","contentUrl":"https:\/\/anasounds.com\/wp-content\/uploads\/2021\/11\/8-2.png","width":931,"height":931},{"@type":"BreadcrumbList","@id":"https:\/\/anasounds.com\/fr\/produit\/feed-me-kit-electronique\/#breadcrumb","itemListElement":[{"@type":"ListItem","position":1,"name":"Home","item":"https:\/\/anasounds.com\/fr\/"},{"@type":"ListItem","position":2,"name":"boutique","item":"https:\/\/anasounds.com\/fr\/shop\/"},{"@type":"ListItem","position":3,"name":"Feed Me mk3 &#8211; kit \u00e9lectronique"}]},{"@type":"WebSite","@id":"https:\/\/anasounds.com\/#website","url":"https:\/\/anasounds.com\/","name":"Anasounds","description":"P\u00e9dales \u00e0 la Fran\u00e7aise","publisher":{"@id":"https:\/\/anasounds.com\/#organization"},"potentialAction":[{"@type":"SearchAction","target":{"@type":"EntryPoint","urlTemplate":"https:\/\/anasounds.com\/?s={search_term_string}"},"query-input":{"@type":"PropertyValueSpecification","valueRequired":true,"valueName":"search_term_string"}}],"inLanguage":"fr-FR"},{"@type":"Organization","@id":"https:\/\/anasounds.com\/#organization","name":"Anasounds","url":"https:\/\/anasounds.com\/","logo":{"@type":"ImageObject","inLanguage":"fr-FR","@id":"https:\/\/anasounds.com\/#\/schema\/logo\/image\/","url":"https:\/\/anasounds.com\/wp-content\/uploads\/2017\/10\/Logomadeinfrnoirblc.png","contentUrl":"https:\/\/anasounds.com\/wp-content\/uploads\/2017\/10\/Logomadeinfrnoirblc.png","width":300,"height":300,"caption":"Anasounds"},"image":{"@id":"https:\/\/anasounds.com\/#\/schema\/logo\/image\/"},"sameAs":["https:\/\/www.facebook.com\/AnasoundsFX\/","https:\/\/www.instagram.com\/anasounds\/","https:\/\/www.youtube.com\/user\/AnaSoundsFR"]}]}},"_links":{"self":[{"href":"https:\/\/anasounds.com\/fr\/wp-json\/wp\/v2\/product\/76077","targetHints":{"allow":["GET"]}}],"collection":[{"href":"https:\/\/anasounds.com\/fr\/wp-json\/wp\/v2\/product"}],"about":[{"href":"https:\/\/anasounds.com\/fr\/wp-json\/wp\/v2\/types\/product"}],"replies":[{"embeddable":true,"href":"https:\/\/anasounds.com\/fr\/wp-json\/wp\/v2\/comments?post=76077"}],"wp:featuredmedia":[{"embeddable":true,"href":"https:\/\/anasounds.com\/fr\/wp-json\/wp\/v2\/media\/80906"}],"wp:attachment":[{"href":"https:\/\/anasounds.com\/fr\/wp-json\/wp\/v2\/media?parent=76077"}],"wp:term":[{"taxonomy":"product_brand","embeddable":true,"href":"https:\/\/anasounds.com\/fr\/wp-json\/wp\/v2\/product_brand?post=76077"},{"taxonomy":"product_cat","embeddable":true,"href":"https:\/\/anasounds.com\/fr\/wp-json\/wp\/v2\/product_cat?post=76077"},{"taxonomy":"product_tag","embeddable":true,"href":"https:\/\/anasounds.com\/fr\/wp-json\/wp\/v2\/product_tag?post=76077"}],"curies":[{"name":"wp","href":"https:\/\/api.w.org\/{rel}","templated":true}]}}