{"id":76079,"date":"2021-11-19T11:33:36","date_gmt":"2021-11-19T10:33:36","guid":{"rendered":"https:\/\/anasounds.com\/?post_type=product&#038;p=76079"},"modified":"2024-06-28T16:27:47","modified_gmt":"2024-06-28T14:27:47","slug":"feed-me-kit-boitier","status":"publish","type":"product","link":"https:\/\/anasounds.com\/fr\/produit\/feed-me-kit-boitier\/","title":{"rendered":"Feed Me mk3 &#8211; kit boitier"},"content":{"rendered":"<h1 style=\"text-align: center;\">une fuzz mythique customisable \u00e0 l&rsquo;extr\u00eame<\/h1>\r\n<h1 style=\"text-align: center;\"><\/h1>\r\n<p style=\"text-align: center;\">Le kit boitier de la Feed Me propose un boitier au design tout fait, pour assembler sa propre p\u00e9dale avec les kits \u00e9lectronique et true bypass 3PDT ou \u00e0 relais.\r\nLe kit Feed Me s&rsquo;inspire de cette fameuse p\u00e9dale de fuzz ronde des ann\u00e9es 60, modifi\u00e9e par Roger Mayer.\r\nR\u00e9put\u00e9e pour son grain et ses aigus per\u00e7ants, elle permet d&rsquo;obtenir des fuzz puissantes, mais aussi des cleans ultra chaleureux\r\nen jouant au volume de la guitare.\r\nLe circuit extr\u00eamement simple laisse une grande part \u00e0 la modification, ce qu&rsquo;on ne s&rsquo;est pas priv\u00e9 de faire,\r\nen proposant une r\u00e9interpr\u00e9tation ultra polyvalente, permettant d&rsquo;aller bien plus loin que le mod\u00e8le original !<\/p>\r\n\r\n<h1 style=\"text-align: center;\">la feed me d\u00e9sormais en kit !<\/h1>\r\n<p style=\"text-align: center;\">Apr\u00e8s la mk1, qui apportait d\u00e9j\u00e0 pas mal d&rsquo;am\u00e9liorations au circuit, puis la mk2, \u00e0 l&rsquo;esprit plug and play sans potards,\r\nla Feed Me passe d\u00e9sormais dans la gamme FX Teacher, avec tout un tas d&rsquo;options de customisations ajout\u00e9es,\r\npour une fuzz unique permettant d&rsquo;\u00eatre travaill\u00e9e dans les moindres d\u00e9tails !<\/p>\r\n<p style=\"text-align: center;\">De la sonorit\u00e9 du mod\u00e8le original des ann\u00e9es 60, en allant \u00e0 des sonorit\u00e9s ultra massives et lourdes avec le r\u00e9glage de basses custom,\r\nla Feed Me permet aussi plusieurs r\u00e9glages de bias, pour des sonorit\u00e9s velcro ou gated fuzz. Une palette de sons incroyable !<\/p>\r\n\r\n<h1 style=\"text-align: center;\">contenu de ce pack<\/h1>\r\n<p style=\"text-align: center;\">Un kit boitier Feed Me avec le design Anasounds et tous les trous d\u00e9j\u00e0 perc\u00e9s.\r\nTrois knobs transparents.\r\nUn jack d&rsquo;alimentation viss\u00e9 et coll\u00e9 \u00e0 la bo\u00eete.<\/p>\r\n\r\n<h1 style=\"text-align: center;\">ce qu&rsquo;il pourrait te manquer pour monter ce kit<\/h1>\r\n<p style=\"text-align: center;\">Un <a href=\"https:\/\/anasounds.com\/fr\/produit\/testeur-methode-fx-teacher\/\" target=\"_blank\" rel=\"noopener\">testeur<\/a> pour la m\u00e9thode FX Teacher.\r\nDes outils de soudure, voici notre <a href=\"https:\/\/anasounds.com\/fr\/categorie-produit\/fx-teacher\/outils-fx-teacher\/\" target=\"_blank\" rel=\"noopener noreferrer\">s\u00e9lection<\/a> si tu n&rsquo;en as pas assez.\r\nUn kit Feed Me &#8211; \u00a0<a href=\"https:\/\/anasounds.com\/fr\/produit\/feed-me-kit-electronique\/\" target=\"_blank\" rel=\"noopener noreferrer\">composants \u00e9lectroniques.<\/a>\r\nUn kit true bypass \u00e0<a href=\"https:\/\/anasounds.com\/fr\/produit\/kit-true-bypass-3pdt\/\" target=\"_blank\" rel=\"noopener noreferrer\"> 3PDT <\/a>ou \u00e0 <a href=\"https:\/\/anasounds.com\/fr\/produit\/kit-true-bypass-relais\/\" target=\"_blank\" rel=\"noopener noreferrer\">relais.<\/a><\/p>\r\n\r\n<h1 style=\"text-align: center;\">infos compl\u00e9mentaires<\/h1>\r\n<p style=\"text-align: center;\">Pour d\u00e9couvrir en d\u00e9tails la Feed Me, c&rsquo;est sur <a href=\"https:\/\/anasounds.com\/fr\/feed-me-fx-teacher\/\" target=\"_blank\" rel=\"noopener noreferrer\">cette page.<\/a><\/p>\r\n<p style=\"text-align: center;\">Pour la fabriquer c&rsquo;est bien ici. Il suffit d&rsquo;ajouter ce produit au panier puis,\r\nde suivre le tutoriel d&rsquo;assemblage par <a href=\"https:\/\/anasounds.com\/fr\/assembler-son-kit-de-fuzz-feed-me\/\" target=\"_blank\" rel=\"noopener noreferrer\">ici.<\/a><\/p>\r\n<p style=\"text-align: center;\">Pour la Feed Me d\u00e9j\u00e0 mont\u00e9e, c&rsquo;est par <a href=\"https:\/\/anasounds.com\/fr\/produit\/feed-me-pedale-deja-assemblee\/\" target=\"_blank\" rel=\"noopener noreferrer\">ici.<\/a><\/p>\r\n<p style=\"text-align: center;\"><\/p><!-- \/wp:post-content -->","protected":false},"excerpt":{"rendered":"<p>Le kit boitier de la Feed Me.<\/p>\n<p>Pour un boitier de remplacement,<br \/>\nou pour laisser le choix de la partie \u00e9lectronique,<br \/>\navec diff\u00e9rentes options de true bypass.<\/p>\n","protected":false},"featured_media":80900,"comment_status":"open","ping_status":"closed","template":"","meta":[],"product_brand":[],"product_cat":[267,1557],"product_tag":[],"class_list":{"0":"post-76079","1":"product","2":"type-product","3":"status-publish","4":"has-post-thumbnail","6":"product_cat-fx-teacher","7":"product_cat-kits-pieces-detachees","9":"first","10":"instock","11":"taxable","12":"shipping-taxable","13":"purchasable","14":"product-type-simple"},"supplier_id":83515,"supplier_sku":"","barcode":null,"atum_controlled":true,"out_stock_date":null,"out_stock_threshold":null,"inheritable":false,"inbound_stock":0,"stock_on_hold":0,"sold_today":0,"sales_last_days":0,"reserved_stock":0,"customer_returns":0,"warehouse_damage":0,"lost_in_post":0,"other_logs":0,"out_stock_days":0,"lost_sales":0,"has_location":false,"update_date":"2026-04-18T01:05:25","atum_locations":[],"atum_stock_status":"instock","restock_status":false,"low_stock_amount":"","sales_update_date":"2026-04-18T01:05:25","calc_backorders":0,"yoast_head":"<!-- This site is optimized with the Yoast SEO plugin v26.5 - https:\/\/yoast.com\/wordpress\/plugins\/seo\/ -->\n<title>Feed Me mk3 - kit boitier | Anasounds<\/title>\n<meta name=\"description\" content=\"Le kit boitier de la Feed Me, pour choisir s\u00e9par\u00e9ment la partie \u00e9lectronique avec un kit true bypass 3PDT ou relais.\" \/>\n<meta name=\"robots\" content=\"index, follow, max-snippet:-1, max-image-preview:large, max-video-preview:-1\" \/>\n<link rel=\"canonical\" href=\"https:\/\/anasounds.com\/fr\/produit\/feed-me-kit-boitier\/\" \/>\n<meta property=\"og:locale\" content=\"fr_FR\" \/>\n<meta property=\"og:type\" content=\"article\" \/>\n<meta property=\"og:title\" content=\"Feed Me mk3 - kit boitier | Anasounds\" \/>\n<meta property=\"og:description\" content=\"Le kit boitier de la Feed Me, pour choisir s\u00e9par\u00e9ment la partie \u00e9lectronique avec un kit true bypass 3PDT ou relais.\" \/>\n<meta property=\"og:url\" content=\"https:\/\/anasounds.com\/fr\/produit\/feed-me-kit-boitier\/\" \/>\n<meta property=\"og:site_name\" content=\"Anasounds\" \/>\n<meta property=\"article:publisher\" content=\"https:\/\/www.facebook.com\/AnasoundsFX\/\" \/>\n<meta property=\"article:modified_time\" content=\"2024-06-28T14:27:47+00:00\" \/>\n<meta property=\"og:image\" content=\"https:\/\/anasounds.com\/wp-content\/uploads\/2021\/11\/11-1.png\" \/>\n\t<meta property=\"og:image:width\" content=\"1500\" \/>\n\t<meta property=\"og:image:height\" content=\"1500\" \/>\n\t<meta property=\"og:image:type\" content=\"image\/png\" \/>\n<meta name=\"twitter:card\" content=\"summary_large_image\" \/>\n<meta name=\"twitter:label1\" content=\"Dur\u00e9e de lecture estim\u00e9e\" \/>\n\t<meta name=\"twitter:data1\" content=\"2 minutes\" \/>\n<script type=\"application\/ld+json\" class=\"yoast-schema-graph\">{\"@context\":\"https:\/\/schema.org\",\"@graph\":[{\"@type\":\"WebPage\",\"@id\":\"https:\/\/anasounds.com\/fr\/produit\/feed-me-kit-boitier\/\",\"url\":\"https:\/\/anasounds.com\/fr\/produit\/feed-me-kit-boitier\/\",\"name\":\"Feed Me mk3 - kit boitier | Anasounds\",\"isPartOf\":{\"@id\":\"https:\/\/anasounds.com\/#website\"},\"primaryImageOfPage\":{\"@id\":\"https:\/\/anasounds.com\/fr\/produit\/feed-me-kit-boitier\/#primaryimage\"},\"image\":{\"@id\":\"https:\/\/anasounds.com\/fr\/produit\/feed-me-kit-boitier\/#primaryimage\"},\"thumbnailUrl\":\"https:\/\/anasounds.com\/wp-content\/uploads\/2021\/11\/11-1.png\",\"datePublished\":\"2021-11-19T10:33:36+00:00\",\"dateModified\":\"2024-06-28T14:27:47+00:00\",\"description\":\"Le kit boitier de la Feed Me, pour choisir s\u00e9par\u00e9ment la partie \u00e9lectronique avec un kit true bypass 3PDT ou relais.\",\"breadcrumb\":{\"@id\":\"https:\/\/anasounds.com\/fr\/produit\/feed-me-kit-boitier\/#breadcrumb\"},\"inLanguage\":\"fr-FR\",\"potentialAction\":[{\"@type\":\"ReadAction\",\"target\":[\"https:\/\/anasounds.com\/fr\/produit\/feed-me-kit-boitier\/\"]}]},{\"@type\":\"ImageObject\",\"inLanguage\":\"fr-FR\",\"@id\":\"https:\/\/anasounds.com\/fr\/produit\/feed-me-kit-boitier\/#primaryimage\",\"url\":\"https:\/\/anasounds.com\/wp-content\/uploads\/2021\/11\/11-1.png\",\"contentUrl\":\"https:\/\/anasounds.com\/wp-content\/uploads\/2021\/11\/11-1.png\",\"width\":1500,\"height\":1500},{\"@type\":\"BreadcrumbList\",\"@id\":\"https:\/\/anasounds.com\/fr\/produit\/feed-me-kit-boitier\/#breadcrumb\",\"itemListElement\":[{\"@type\":\"ListItem\",\"position\":1,\"name\":\"Home\",\"item\":\"https:\/\/anasounds.com\/fr\/\"},{\"@type\":\"ListItem\",\"position\":2,\"name\":\"boutique\",\"item\":\"https:\/\/anasounds.com\/fr\/shop\/\"},{\"@type\":\"ListItem\",\"position\":3,\"name\":\"Feed Me mk3 &#8211; kit boitier\"}]},{\"@type\":\"WebSite\",\"@id\":\"https:\/\/anasounds.com\/#website\",\"url\":\"https:\/\/anasounds.com\/\",\"name\":\"Anasounds\",\"description\":\"P\u00e9dales \u00e0 la Fran\u00e7aise\",\"publisher\":{\"@id\":\"https:\/\/anasounds.com\/#organization\"},\"potentialAction\":[{\"@type\":\"SearchAction\",\"target\":{\"@type\":\"EntryPoint\",\"urlTemplate\":\"https:\/\/anasounds.com\/?s={search_term_string}\"},\"query-input\":{\"@type\":\"PropertyValueSpecification\",\"valueRequired\":true,\"valueName\":\"search_term_string\"}}],\"inLanguage\":\"fr-FR\"},{\"@type\":\"Organization\",\"@id\":\"https:\/\/anasounds.com\/#organization\",\"name\":\"Anasounds\",\"url\":\"https:\/\/anasounds.com\/\",\"logo\":{\"@type\":\"ImageObject\",\"inLanguage\":\"fr-FR\",\"@id\":\"https:\/\/anasounds.com\/#\/schema\/logo\/image\/\",\"url\":\"https:\/\/anasounds.com\/wp-content\/uploads\/2017\/10\/Logomadeinfrnoirblc.png\",\"contentUrl\":\"https:\/\/anasounds.com\/wp-content\/uploads\/2017\/10\/Logomadeinfrnoirblc.png\",\"width\":300,\"height\":300,\"caption\":\"Anasounds\"},\"image\":{\"@id\":\"https:\/\/anasounds.com\/#\/schema\/logo\/image\/\"},\"sameAs\":[\"https:\/\/www.facebook.com\/AnasoundsFX\/\",\"https:\/\/www.instagram.com\/anasounds\/\",\"https:\/\/www.youtube.com\/user\/AnaSoundsFR\"]}]}<\/script>\n<!-- \/ Yoast SEO plugin. -->","yoast_head_json":{"title":"Feed Me mk3 - kit boitier | Anasounds","description":"Le kit boitier de la Feed Me, pour choisir s\u00e9par\u00e9ment la partie \u00e9lectronique avec un kit true bypass 3PDT ou relais.","robots":{"index":"index","follow":"follow","max-snippet":"max-snippet:-1","max-image-preview":"max-image-preview:large","max-video-preview":"max-video-preview:-1"},"canonical":"https:\/\/anasounds.com\/fr\/produit\/feed-me-kit-boitier\/","og_locale":"fr_FR","og_type":"article","og_title":"Feed Me mk3 - kit boitier | Anasounds","og_description":"Le kit boitier de la Feed Me, pour choisir s\u00e9par\u00e9ment la partie \u00e9lectronique avec un kit true bypass 3PDT ou relais.","og_url":"https:\/\/anasounds.com\/fr\/produit\/feed-me-kit-boitier\/","og_site_name":"Anasounds","article_publisher":"https:\/\/www.facebook.com\/AnasoundsFX\/","article_modified_time":"2024-06-28T14:27:47+00:00","og_image":[{"width":1500,"height":1500,"url":"https:\/\/anasounds.com\/wp-content\/uploads\/2021\/11\/11-1.png","type":"image\/png"}],"twitter_card":"summary_large_image","twitter_misc":{"Dur\u00e9e de lecture estim\u00e9e":"2 minutes"},"schema":{"@context":"https:\/\/schema.org","@graph":[{"@type":"WebPage","@id":"https:\/\/anasounds.com\/fr\/produit\/feed-me-kit-boitier\/","url":"https:\/\/anasounds.com\/fr\/produit\/feed-me-kit-boitier\/","name":"Feed Me mk3 - kit boitier | Anasounds","isPartOf":{"@id":"https:\/\/anasounds.com\/#website"},"primaryImageOfPage":{"@id":"https:\/\/anasounds.com\/fr\/produit\/feed-me-kit-boitier\/#primaryimage"},"image":{"@id":"https:\/\/anasounds.com\/fr\/produit\/feed-me-kit-boitier\/#primaryimage"},"thumbnailUrl":"https:\/\/anasounds.com\/wp-content\/uploads\/2021\/11\/11-1.png","datePublished":"2021-11-19T10:33:36+00:00","dateModified":"2024-06-28T14:27:47+00:00","description":"Le kit boitier de la Feed Me, pour choisir s\u00e9par\u00e9ment la partie \u00e9lectronique avec un kit true bypass 3PDT ou relais.","breadcrumb":{"@id":"https:\/\/anasounds.com\/fr\/produit\/feed-me-kit-boitier\/#breadcrumb"},"inLanguage":"fr-FR","potentialAction":[{"@type":"ReadAction","target":["https:\/\/anasounds.com\/fr\/produit\/feed-me-kit-boitier\/"]}]},{"@type":"ImageObject","inLanguage":"fr-FR","@id":"https:\/\/anasounds.com\/fr\/produit\/feed-me-kit-boitier\/#primaryimage","url":"https:\/\/anasounds.com\/wp-content\/uploads\/2021\/11\/11-1.png","contentUrl":"https:\/\/anasounds.com\/wp-content\/uploads\/2021\/11\/11-1.png","width":1500,"height":1500},{"@type":"BreadcrumbList","@id":"https:\/\/anasounds.com\/fr\/produit\/feed-me-kit-boitier\/#breadcrumb","itemListElement":[{"@type":"ListItem","position":1,"name":"Home","item":"https:\/\/anasounds.com\/fr\/"},{"@type":"ListItem","position":2,"name":"boutique","item":"https:\/\/anasounds.com\/fr\/shop\/"},{"@type":"ListItem","position":3,"name":"Feed Me mk3 &#8211; kit boitier"}]},{"@type":"WebSite","@id":"https:\/\/anasounds.com\/#website","url":"https:\/\/anasounds.com\/","name":"Anasounds","description":"P\u00e9dales \u00e0 la Fran\u00e7aise","publisher":{"@id":"https:\/\/anasounds.com\/#organization"},"potentialAction":[{"@type":"SearchAction","target":{"@type":"EntryPoint","urlTemplate":"https:\/\/anasounds.com\/?s={search_term_string}"},"query-input":{"@type":"PropertyValueSpecification","valueRequired":true,"valueName":"search_term_string"}}],"inLanguage":"fr-FR"},{"@type":"Organization","@id":"https:\/\/anasounds.com\/#organization","name":"Anasounds","url":"https:\/\/anasounds.com\/","logo":{"@type":"ImageObject","inLanguage":"fr-FR","@id":"https:\/\/anasounds.com\/#\/schema\/logo\/image\/","url":"https:\/\/anasounds.com\/wp-content\/uploads\/2017\/10\/Logomadeinfrnoirblc.png","contentUrl":"https:\/\/anasounds.com\/wp-content\/uploads\/2017\/10\/Logomadeinfrnoirblc.png","width":300,"height":300,"caption":"Anasounds"},"image":{"@id":"https:\/\/anasounds.com\/#\/schema\/logo\/image\/"},"sameAs":["https:\/\/www.facebook.com\/AnasoundsFX\/","https:\/\/www.instagram.com\/anasounds\/","https:\/\/www.youtube.com\/user\/AnaSoundsFR"]}]}},"_links":{"self":[{"href":"https:\/\/anasounds.com\/fr\/wp-json\/wp\/v2\/product\/76079","targetHints":{"allow":["GET"]}}],"collection":[{"href":"https:\/\/anasounds.com\/fr\/wp-json\/wp\/v2\/product"}],"about":[{"href":"https:\/\/anasounds.com\/fr\/wp-json\/wp\/v2\/types\/product"}],"replies":[{"embeddable":true,"href":"https:\/\/anasounds.com\/fr\/wp-json\/wp\/v2\/comments?post=76079"}],"wp:featuredmedia":[{"embeddable":true,"href":"https:\/\/anasounds.com\/fr\/wp-json\/wp\/v2\/media\/80900"}],"wp:attachment":[{"href":"https:\/\/anasounds.com\/fr\/wp-json\/wp\/v2\/media?parent=76079"}],"wp:term":[{"taxonomy":"product_brand","embeddable":true,"href":"https:\/\/anasounds.com\/fr\/wp-json\/wp\/v2\/product_brand?post=76079"},{"taxonomy":"product_cat","embeddable":true,"href":"https:\/\/anasounds.com\/fr\/wp-json\/wp\/v2\/product_cat?post=76079"},{"taxonomy":"product_tag","embeddable":true,"href":"https:\/\/anasounds.com\/fr\/wp-json\/wp\/v2\/product_tag?post=76079"}],"curies":[{"name":"wp","href":"https:\/\/api.w.org\/{rel}","templated":true}]}}