{"id":7880,"date":"2018-05-22T18:10:57","date_gmt":"2018-05-22T16:10:57","guid":{"rendered":"https:\/\/anasounds.com\/?post_type=product&#038;p=7880"},"modified":"2026-03-02T10:06:45","modified_gmt":"2026-03-02T09:06:45","slug":"high-voltage-bamboo","status":"publish","type":"product","link":"https:\/\/anasounds.com\/fr\/produit\/high-voltage-bamboo\/","title":{"rendered":"high voltage &#8211; bamboo"},"content":{"rendered":"<div class=\"page\" style=\"text-align: left;\" title=\"Page 1\">\n<div class=\"section\">\n<div class=\"layoutArea\">\n<div class=\"column\">\n<h1 style=\"text-align: center;\">retrouvez le son d&rsquo;ac\/dc gr\u00e2ce \u00e0 la high voltage !<\/h1>\n<div class=\"page\" style=\"text-align: center;\" title=\"Page 1\">\n<div class=\"section\">\n<div class=\"layoutArea\">\n<div class=\"column\">\n<p>comme le disait malcolm young \u201cnobody would pay attention to anything that was going on until you kicked them right in the teeth with it. \u00bb, c\u2019est dans cet esprit que la distorsion high voltage a \u00e9t\u00e9 con\u00e7ue, pour claquer en pleine face du public. gr\u00e2ce \u00e0 son bass killer switch, les rythmiques sont puissantes et elles percent facilement dans le mix! finies les disto poisseuses et bourr\u00e9es de gain qui bavent partout. seulement du son, de la dynamique et de l\u2019\u00e9nergie.<\/p>\n<p>c\u2019est dans cette optique que l\u2019\u00e9quipe anasounds, conseill\u00e9e par des fans d\u2019ac\/dc, a d\u00e9velopp\u00e9 cette nouvelle p\u00e9dale. il a \u00e9t\u00e9 question dans un premier temps de se rapprocher d\u2019un marshall plexi pouss\u00e9 \u00e0 burne puis finalement de faire une analyse fr\u00e9quentielle de \u00ab it\u2019s a long way to the top (if u wanna rock\u2019n\u2019roll) \u00bb de l\u2019album high voltage. les accords de l\u2019intro sont si puissants, si clairs et si reconnaissables, qu\u2019il \u00e9tait temps de sortir une p\u00e9dale permettant de retrouver leur grain plus facilement.<\/p>\n<p>ne vous m\u00e9prenez pas, avec tous les r\u00e9glages disponibles, il est \u00e9galement tr\u00e8s facile de cr\u00e9er son propre grain. mais c\u2019est dans cet esprit que anasounds a cr\u00e9\u00e9 la high voltage.<\/p>\n<\/div>\n<\/div>\n<\/div>\n<\/div>\n<h3 style=\"text-align: center;\">c\u00f4t\u00e9 r\u00e9glages,<\/h3>\n<div class=\"page\" style=\"text-align: center;\" title=\"Page 1\">\n<div class=\"section\">\n<div class=\"layoutArea\">\n<div class=\"column\">\n<p>vous retrouverez le classique potard de gain, qui part d\u2019un od transparent et finit sur une distorsion bien puissante avec des humbuckers. \u00e9videmment, on ne parle pas d\u2019une grosse compression m\u00e9tal, mais plut\u00f4t d\u2019un ampli plexi pouss\u00e9 jusqu\u2019\u00e0 ses retranchements voir m\u00eame d\u2019un jcm800 qui commence \u00e0 rugir.<\/p>\n<p>le deuxi\u00e8me potard contr\u00f4le le volume de sortie, cet \u00e9l\u00e9ment simple mais tellement efficace puisqu\u2019il offre pr\u00e8s de 40v de dynamique. poussez le \u00e0 fond, baissez un peu le gain et vous verrez de quoi on parle.<br \/>\nenfin, la tone de cet distorsion a \u00e9t\u00e9 un vrai sujet pour anasounds. une disto classique prend souvent toutes les fr\u00e9quences et les amplifient sans discernement. dans ce cas, les gras bavent, les aigues vous percent un tympan et vous \u00eates perdus dans le mix. c\u2019est pourquoi le potard de Tone est accompagn\u00e9 d\u2019un switch en fa\u00e7ade permettant de couper les graves, pour percer facilement dans le mix tant que le bassiste fait partie du groupe. on peut \u00e9galement, rajouter du bas, pour un rendu impressionnant \u00e0 bas volume, pour jouer \u00e0 la maison par exemple !<\/p>\n<\/div>\n<\/div>\n<\/div>\n<\/div>\n<\/div>\n<\/div>\n<\/div>\n<\/div>\n<div class=\"page\" style=\"text-align: center;\" title=\"Page 2\">\n<div class=\"section\">\n<div class=\"layoutArea\">\n<div class=\"column\">\n<h3>c\u00f4t\u00e9 trimpots,<\/h3>\n<div class=\"page\" title=\"Page 1\">\n<div class=\"section\">\n<div class=\"layoutArea\">\n<div class=\"column\">\n<p>le trimpot magique de voicing est toujours pr\u00e9sent, permettant de faire davantage saturer l\u2019effet ou d\u2019avoir un son plus rond et chaud.<br \/>\nil est accompagn\u00e9 d\u2019un coupe haut qui est activ\u00e9 par d\u00e9faut, car il suffit d\u2019\u00e9couter leur morceaux pour se rendre compte qu\u2019au dessus de 4khz, il ne reste plus rien chez malcolm !<\/p>\n<p>&nbsp;<\/p>\n<\/div>\n<\/div>\n<\/div>\n<\/div>\n<h3><a href=\"https:\/\/anasounds.com\/wp-content\/uploads\/2018\/05\/noticehighvoltagefr.pdf\">t\u00e9l\u00e9chargez le manuel complet ici<\/a><\/h3>\n<h3>ou trouvez plus d&rsquo;infos sur la page produit <a href=\"https:\/\/anasounds.com\/fr\/produit\/high-voltage-bamboo\/\">ici<\/a><\/h3>\n<p>&nbsp;<\/p>\n<\/div>\n<\/div>\n<\/div>\n<\/div>\n","protected":false},"excerpt":{"rendered":"<p style=\"text-align: center;\">retrouvez le son d&rsquo;ac\/dc gr\u00e2ce \u00e0 la high voltage !<\/p>\n","protected":false},"featured_media":91773,"comment_status":"open","ping_status":"closed","template":"","meta":[],"product_brand":[],"product_cat":[433],"product_tag":[434,435,436,65,437],"class_list":{"0":"post-7880","1":"product","2":"type-product","3":"status-publish","4":"has-post-thumbnail","6":"product_cat-distortion-fr","7":"product_tag-ac-dc-fr","8":"product_tag-disto-fr","9":"product_tag-distorsion-fr","10":"product_tag-distortion","11":"product_tag-high-voltage-fr","13":"first","14":"instock","15":"taxable","16":"shipping-taxable","17":"purchasable","18":"product-type-simple"},"supplier_id":83515,"supplier_sku":"","barcode":null,"atum_controlled":true,"out_stock_date":null,"out_stock_threshold":null,"inheritable":false,"inbound_stock":0,"stock_on_hold":0,"sold_today":0,"sales_last_days":0,"reserved_stock":0,"customer_returns":0,"warehouse_damage":0,"lost_in_post":0,"other_logs":0,"out_stock_days":0,"lost_sales":0,"has_location":false,"update_date":"2026-04-15T01:07:26","atum_locations":[],"atum_stock_status":"instock","restock_status":false,"low_stock_amount":"","sales_update_date":"2026-04-15T01:07:25","calc_backorders":0,"yoast_head":"<!-- This site is optimized with the Yoast SEO plugin v26.5 - https:\/\/yoast.com\/wordpress\/plugins\/seo\/ -->\n<title>ANASOUNDS - HIGH VOLTAGE | Plexi distortion pedal<\/title>\n<meta name=\"description\" content=\"Find back the tone from AC\/DC with this plexi distortion pedal!\" \/>\n<meta name=\"robots\" content=\"index, follow, max-snippet:-1, max-image-preview:large, max-video-preview:-1\" \/>\n<link rel=\"canonical\" href=\"https:\/\/anasounds.com\/fr\/produit\/high-voltage-bamboo\/\" \/>\n<meta property=\"og:locale\" content=\"fr_FR\" \/>\n<meta property=\"og:type\" content=\"article\" \/>\n<meta property=\"og:title\" content=\"ANASOUNDS - HIGH VOLTAGE | Plexi distortion pedal\" \/>\n<meta property=\"og:description\" content=\"Find back the tone from AC\/DC with this plexi distortion pedal!\" \/>\n<meta property=\"og:url\" content=\"https:\/\/anasounds.com\/fr\/produit\/high-voltage-bamboo\/\" \/>\n<meta property=\"og:site_name\" content=\"Anasounds\" \/>\n<meta property=\"article:publisher\" content=\"https:\/\/www.facebook.com\/AnasoundsFX\/\" \/>\n<meta property=\"article:modified_time\" content=\"2026-03-02T09:06:45+00:00\" \/>\n<meta property=\"og:image\" content=\"https:\/\/anasounds.com\/wp-content\/uploads\/2018\/05\/Anasounds_high_voltage.jpg\" \/>\n\t<meta property=\"og:image:width\" content=\"1500\" \/>\n\t<meta property=\"og:image:height\" content=\"1500\" \/>\n\t<meta property=\"og:image:type\" content=\"image\/jpeg\" \/>\n<meta name=\"twitter:card\" content=\"summary_large_image\" \/>\n<meta name=\"twitter:label1\" content=\"Dur\u00e9e de lecture estim\u00e9e\" \/>\n\t<meta name=\"twitter:data1\" content=\"3 minutes\" \/>\n<script type=\"application\/ld+json\" class=\"yoast-schema-graph\">{\"@context\":\"https:\/\/schema.org\",\"@graph\":[{\"@type\":\"WebPage\",\"@id\":\"https:\/\/anasounds.com\/fr\/produit\/high-voltage-bamboo\/\",\"url\":\"https:\/\/anasounds.com\/fr\/produit\/high-voltage-bamboo\/\",\"name\":\"ANASOUNDS - HIGH VOLTAGE | Plexi distortion pedal\",\"isPartOf\":{\"@id\":\"https:\/\/anasounds.com\/#website\"},\"primaryImageOfPage\":{\"@id\":\"https:\/\/anasounds.com\/fr\/produit\/high-voltage-bamboo\/#primaryimage\"},\"image\":{\"@id\":\"https:\/\/anasounds.com\/fr\/produit\/high-voltage-bamboo\/#primaryimage\"},\"thumbnailUrl\":\"https:\/\/anasounds.com\/wp-content\/uploads\/2018\/05\/Anasounds_high_voltage.jpg\",\"datePublished\":\"2018-05-22T16:10:57+00:00\",\"dateModified\":\"2026-03-02T09:06:45+00:00\",\"description\":\"Find back the tone from AC\/DC with this plexi distortion pedal!\",\"breadcrumb\":{\"@id\":\"https:\/\/anasounds.com\/fr\/produit\/high-voltage-bamboo\/#breadcrumb\"},\"inLanguage\":\"fr-FR\",\"potentialAction\":[{\"@type\":\"ReadAction\",\"target\":[\"https:\/\/anasounds.com\/fr\/produit\/high-voltage-bamboo\/\"]}]},{\"@type\":\"ImageObject\",\"inLanguage\":\"fr-FR\",\"@id\":\"https:\/\/anasounds.com\/fr\/produit\/high-voltage-bamboo\/#primaryimage\",\"url\":\"https:\/\/anasounds.com\/wp-content\/uploads\/2018\/05\/Anasounds_high_voltage.jpg\",\"contentUrl\":\"https:\/\/anasounds.com\/wp-content\/uploads\/2018\/05\/Anasounds_high_voltage.jpg\",\"width\":1500,\"height\":1500},{\"@type\":\"BreadcrumbList\",\"@id\":\"https:\/\/anasounds.com\/fr\/produit\/high-voltage-bamboo\/#breadcrumb\",\"itemListElement\":[{\"@type\":\"ListItem\",\"position\":1,\"name\":\"Home\",\"item\":\"https:\/\/anasounds.com\/fr\/\"},{\"@type\":\"ListItem\",\"position\":2,\"name\":\"boutique\",\"item\":\"https:\/\/anasounds.com\/fr\/shop\/\"},{\"@type\":\"ListItem\",\"position\":3,\"name\":\"high voltage &#8211; bamboo\"}]},{\"@type\":\"WebSite\",\"@id\":\"https:\/\/anasounds.com\/#website\",\"url\":\"https:\/\/anasounds.com\/\",\"name\":\"Anasounds\",\"description\":\"P\u00e9dales \u00e0 la Fran\u00e7aise\",\"publisher\":{\"@id\":\"https:\/\/anasounds.com\/#organization\"},\"potentialAction\":[{\"@type\":\"SearchAction\",\"target\":{\"@type\":\"EntryPoint\",\"urlTemplate\":\"https:\/\/anasounds.com\/?s={search_term_string}\"},\"query-input\":{\"@type\":\"PropertyValueSpecification\",\"valueRequired\":true,\"valueName\":\"search_term_string\"}}],\"inLanguage\":\"fr-FR\"},{\"@type\":\"Organization\",\"@id\":\"https:\/\/anasounds.com\/#organization\",\"name\":\"Anasounds\",\"url\":\"https:\/\/anasounds.com\/\",\"logo\":{\"@type\":\"ImageObject\",\"inLanguage\":\"fr-FR\",\"@id\":\"https:\/\/anasounds.com\/#\/schema\/logo\/image\/\",\"url\":\"https:\/\/anasounds.com\/wp-content\/uploads\/2017\/10\/Logomadeinfrnoirblc.png\",\"contentUrl\":\"https:\/\/anasounds.com\/wp-content\/uploads\/2017\/10\/Logomadeinfrnoirblc.png\",\"width\":300,\"height\":300,\"caption\":\"Anasounds\"},\"image\":{\"@id\":\"https:\/\/anasounds.com\/#\/schema\/logo\/image\/\"},\"sameAs\":[\"https:\/\/www.facebook.com\/AnasoundsFX\/\",\"https:\/\/www.instagram.com\/anasounds\/\",\"https:\/\/www.youtube.com\/user\/AnaSoundsFR\"]}]}<\/script>\n<!-- \/ Yoast SEO plugin. -->","yoast_head_json":{"title":"ANASOUNDS - HIGH VOLTAGE | Plexi distortion pedal","description":"Find back the tone from AC\/DC with this plexi distortion pedal!","robots":{"index":"index","follow":"follow","max-snippet":"max-snippet:-1","max-image-preview":"max-image-preview:large","max-video-preview":"max-video-preview:-1"},"canonical":"https:\/\/anasounds.com\/fr\/produit\/high-voltage-bamboo\/","og_locale":"fr_FR","og_type":"article","og_title":"ANASOUNDS - HIGH VOLTAGE | Plexi distortion pedal","og_description":"Find back the tone from AC\/DC with this plexi distortion pedal!","og_url":"https:\/\/anasounds.com\/fr\/produit\/high-voltage-bamboo\/","og_site_name":"Anasounds","article_publisher":"https:\/\/www.facebook.com\/AnasoundsFX\/","article_modified_time":"2026-03-02T09:06:45+00:00","og_image":[{"width":1500,"height":1500,"url":"https:\/\/anasounds.com\/wp-content\/uploads\/2018\/05\/Anasounds_high_voltage.jpg","type":"image\/jpeg"}],"twitter_card":"summary_large_image","twitter_misc":{"Dur\u00e9e de lecture estim\u00e9e":"3 minutes"},"schema":{"@context":"https:\/\/schema.org","@graph":[{"@type":"WebPage","@id":"https:\/\/anasounds.com\/fr\/produit\/high-voltage-bamboo\/","url":"https:\/\/anasounds.com\/fr\/produit\/high-voltage-bamboo\/","name":"ANASOUNDS - HIGH VOLTAGE | Plexi distortion pedal","isPartOf":{"@id":"https:\/\/anasounds.com\/#website"},"primaryImageOfPage":{"@id":"https:\/\/anasounds.com\/fr\/produit\/high-voltage-bamboo\/#primaryimage"},"image":{"@id":"https:\/\/anasounds.com\/fr\/produit\/high-voltage-bamboo\/#primaryimage"},"thumbnailUrl":"https:\/\/anasounds.com\/wp-content\/uploads\/2018\/05\/Anasounds_high_voltage.jpg","datePublished":"2018-05-22T16:10:57+00:00","dateModified":"2026-03-02T09:06:45+00:00","description":"Find back the tone from AC\/DC with this plexi distortion pedal!","breadcrumb":{"@id":"https:\/\/anasounds.com\/fr\/produit\/high-voltage-bamboo\/#breadcrumb"},"inLanguage":"fr-FR","potentialAction":[{"@type":"ReadAction","target":["https:\/\/anasounds.com\/fr\/produit\/high-voltage-bamboo\/"]}]},{"@type":"ImageObject","inLanguage":"fr-FR","@id":"https:\/\/anasounds.com\/fr\/produit\/high-voltage-bamboo\/#primaryimage","url":"https:\/\/anasounds.com\/wp-content\/uploads\/2018\/05\/Anasounds_high_voltage.jpg","contentUrl":"https:\/\/anasounds.com\/wp-content\/uploads\/2018\/05\/Anasounds_high_voltage.jpg","width":1500,"height":1500},{"@type":"BreadcrumbList","@id":"https:\/\/anasounds.com\/fr\/produit\/high-voltage-bamboo\/#breadcrumb","itemListElement":[{"@type":"ListItem","position":1,"name":"Home","item":"https:\/\/anasounds.com\/fr\/"},{"@type":"ListItem","position":2,"name":"boutique","item":"https:\/\/anasounds.com\/fr\/shop\/"},{"@type":"ListItem","position":3,"name":"high voltage &#8211; bamboo"}]},{"@type":"WebSite","@id":"https:\/\/anasounds.com\/#website","url":"https:\/\/anasounds.com\/","name":"Anasounds","description":"P\u00e9dales \u00e0 la Fran\u00e7aise","publisher":{"@id":"https:\/\/anasounds.com\/#organization"},"potentialAction":[{"@type":"SearchAction","target":{"@type":"EntryPoint","urlTemplate":"https:\/\/anasounds.com\/?s={search_term_string}"},"query-input":{"@type":"PropertyValueSpecification","valueRequired":true,"valueName":"search_term_string"}}],"inLanguage":"fr-FR"},{"@type":"Organization","@id":"https:\/\/anasounds.com\/#organization","name":"Anasounds","url":"https:\/\/anasounds.com\/","logo":{"@type":"ImageObject","inLanguage":"fr-FR","@id":"https:\/\/anasounds.com\/#\/schema\/logo\/image\/","url":"https:\/\/anasounds.com\/wp-content\/uploads\/2017\/10\/Logomadeinfrnoirblc.png","contentUrl":"https:\/\/anasounds.com\/wp-content\/uploads\/2017\/10\/Logomadeinfrnoirblc.png","width":300,"height":300,"caption":"Anasounds"},"image":{"@id":"https:\/\/anasounds.com\/#\/schema\/logo\/image\/"},"sameAs":["https:\/\/www.facebook.com\/AnasoundsFX\/","https:\/\/www.instagram.com\/anasounds\/","https:\/\/www.youtube.com\/user\/AnaSoundsFR"]}]}},"_links":{"self":[{"href":"https:\/\/anasounds.com\/fr\/wp-json\/wp\/v2\/product\/7880","targetHints":{"allow":["GET"]}}],"collection":[{"href":"https:\/\/anasounds.com\/fr\/wp-json\/wp\/v2\/product"}],"about":[{"href":"https:\/\/anasounds.com\/fr\/wp-json\/wp\/v2\/types\/product"}],"replies":[{"embeddable":true,"href":"https:\/\/anasounds.com\/fr\/wp-json\/wp\/v2\/comments?post=7880"}],"wp:featuredmedia":[{"embeddable":true,"href":"https:\/\/anasounds.com\/fr\/wp-json\/wp\/v2\/media\/91773"}],"wp:attachment":[{"href":"https:\/\/anasounds.com\/fr\/wp-json\/wp\/v2\/media?parent=7880"}],"wp:term":[{"taxonomy":"product_brand","embeddable":true,"href":"https:\/\/anasounds.com\/fr\/wp-json\/wp\/v2\/product_brand?post=7880"},{"taxonomy":"product_cat","embeddable":true,"href":"https:\/\/anasounds.com\/fr\/wp-json\/wp\/v2\/product_cat?post=7880"},{"taxonomy":"product_tag","embeddable":true,"href":"https:\/\/anasounds.com\/fr\/wp-json\/wp\/v2\/product_tag?post=7880"}],"curies":[{"name":"wp","href":"https:\/\/api.w.org\/{rel}","templated":true}]}}