{"id":82272,"date":"2022-04-26T15:52:15","date_gmt":"2022-04-26T13:52:15","guid":{"rendered":"https:\/\/anasounds.com\/?post_type=product&#038;p=82272"},"modified":"2024-06-28T16:27:47","modified_gmt":"2024-06-28T14:27:47","slug":"kit-true-bypass-3pdt-nouvelle-version","status":"publish","type":"product","link":"https:\/\/anasounds.com\/fr\/produit\/kit-true-bypass-3pdt-nouvelle-version\/","title":{"rendered":"Kit true bypass &#8211; 3pdt v2"},"content":{"rendered":"<h2 style=\"text-align: center;\">v1 ou v2 ?<\/h2>\n<p style=\"text-align: center;\">Avec nos nouveaux kits FX Teacher, on a d\u00e9cid\u00e9 de faire \u00e9voluer le footswitch. En effet, le 3PDT est la pi\u00e8ce qui est la plus soumise aux contraintes,<br \/>\naussi bien pendant l&rsquo;assemblage du kit \u00e0 cause de sa sensibilit\u00e9 \u00e0 la chaleur du fer \u00e0 souder, que lors de l&rsquo;utilisation de la p\u00e9dale, \u00e0 la maison ou en live.<\/p>\n<p style=\"text-align: center;\">Les anciens kits true bypass V1 se soudaient directement au pcb principal avec deux rang\u00e9es de 4 pins.<br \/>\nCes pins sont d\u00e9licats \u00e0 souder, et sont souvent mont\u00e9s de travers, ce qui pose probl\u00e8me lors de la mise en boite.<br \/>\nEt surtout, une fois assembl\u00e9, le dessouder est une op\u00e9ration minutieuse qui risque d&rsquo;abimer la p\u00e9dale !<\/p>\n<p style=\"text-align: center;\">On a donc d\u00e9velopp\u00e9 sur les nouveaux kits un syst\u00e8me de footswitch amovible, les true bypass V2, que l&rsquo;on peut remplacer sans avoir \u00e0 dessouder quoi que ce soit !<br \/>\nQue ce soit pour remplacer un footswitch cass\u00e9 ou mal soud\u00e9 sur un kit DIY, ou passer sur un soft switch sans clic \u00e0 relais, le footswitch peut \u00eatre interchang\u00e9 \u00e0 volont\u00e9.<\/p>\n<p style=\"text-align: center;\"><a href=\"https:\/\/anasounds.com\/wp-content\/uploads\/2022\/04\/6T9A1122-1-edited-1.jpg\"><img loading=\"lazy\" decoding=\"async\" class=\"wp-image-82255 alignnone\" src=\"https:\/\/anasounds.com\/wp-content\/uploads\/2022\/04\/6T9A1122-1-edited-1-700x700.jpg\" alt=\"\" width=\"450\" height=\"450\" srcset=\"https:\/\/anasounds.com\/wp-content\/uploads\/2022\/04\/6T9A1122-1-edited-1-700x700.jpg 700w, https:\/\/anasounds.com\/wp-content\/uploads\/2022\/04\/6T9A1122-1-edited-1-1200x1200.jpg 1200w, https:\/\/anasounds.com\/wp-content\/uploads\/2022\/04\/6T9A1122-1-edited-1-500x500.jpg 500w, https:\/\/anasounds.com\/wp-content\/uploads\/2022\/04\/6T9A1122-1-edited-1-768x767.jpg 768w, https:\/\/anasounds.com\/wp-content\/uploads\/2022\/04\/6T9A1122-1-edited-1-1209x1208.jpg 1209w, https:\/\/anasounds.com\/wp-content\/uploads\/2022\/04\/6T9A1122-1-edited-1-100x100.jpg 100w, https:\/\/anasounds.com\/wp-content\/uploads\/2022\/04\/6T9A1122-1-edited-1.jpg 1366w\" sizes=\"auto, (max-width: 450px) 100vw, 450px\" \/>\u00a0 \u00a0 \u00a0 \u00a0 \u00a0 \u00a0 \u00a0 \u00a0 \u00a0 \u00a0 \u00a0<\/a><a href=\"https:\/\/anasounds.com\/wp-content\/uploads\/2022\/09\/pins-true-bypass.jpg\"><img loading=\"lazy\" decoding=\"async\" class=\"wp-image-85542 alignnone\" src=\"https:\/\/anasounds.com\/wp-content\/uploads\/2022\/09\/pins-true-bypass-700x700.jpg\" alt=\"\" width=\"450\" height=\"450\" srcset=\"https:\/\/anasounds.com\/wp-content\/uploads\/2022\/09\/pins-true-bypass-700x700.jpg 700w, https:\/\/anasounds.com\/wp-content\/uploads\/2022\/09\/pins-true-bypass-500x500.jpg 500w, https:\/\/anasounds.com\/wp-content\/uploads\/2022\/09\/pins-true-bypass-768x768.jpg 768w, https:\/\/anasounds.com\/wp-content\/uploads\/2022\/09\/pins-true-bypass-100x100.jpg 100w, https:\/\/anasounds.com\/wp-content\/uploads\/2022\/09\/pins-true-bypass.jpg 1088w\" sizes=\"auto, (max-width: 450px) 100vw, 450px\" \/><\/a><br \/>\n<strong>V1\u00a0 \u00a0 \u00a0 \u00a0 \u00a0 \u00a0 \u00a0 \u00a0 \u00a0 \u00a0 \u00a0 \u00a0 \u00a0 \u00a0 \u00a0 \u00a0 \u00a0 \u00a0 \u00a0 \u00a0 \u00a0 \u00a0 \u00a0 \u00a0 \u00a0 \u00a0 \u00a0 \u00a0 \u00a0 \u00a0 \u00a0 \u00a0 \u00a0 \u00a0 \u00a0 \u00a0 \u00a0 \u00a0 \u00a0 \u00a0 \u00a0 \u00a0 \u00a0 \u00a0 \u00a0 \u00a0 \u00a0 \u00a0 \u00a0 \u00a0 \u00a0 \u00a0 \u00a0 \u00a0 \u00a0 \u00a0 \u00a0 \u00a0 \u00a0 \u00a0 \u00a0 \u00a0 \u00a0 \u00a0 \u00a0 \u00a0 \u00a0 \u00a0 \u00a0 \u00a0 \u00a0 \u00a0 \u00a0 \u00a0 \u00a0 \u00a0 \u00a0 \u00a0 \u00a0 \u00a0 \u00a0 \u00a0 \u00a0 \u00a0 \u00a0 \u00a0 \u00a0 V2<\/strong><\/p>\n<h2 style=\"text-align: center;\">quel mod\u00e8le de true bypass choisir ?<\/h2>\n<p style=\"text-align: center;\">Tu dois changer le footswitch d&rsquo;un ancien kit qui utilise deux rang\u00e9es de connecteurs 4 pins ?<br \/>\nLes nouveaux kits V2 ne sont pas compatibles, mais on propose toujours les anciennes versions V1 des <a href=\"https:\/\/anasounds.com\/fr\/produit\/kit-true-bypass-3pdt\/\" target=\"_blank\" rel=\"noopener\">true bypass 3PDT<\/a> et <a href=\"https:\/\/anasounds.com\/fr\/produit\/kit-true-bypass-relais\/\" target=\"_blank\" rel=\"noopener\">true bypass \u00e0 relais<\/a>.<br \/>\nMalheureusement, il faudra passer par l&rsquo;\u00e9tape fer et pompe \u00e0 dessouder.<\/p>\n<p style=\"text-align: center;\">Tu es bricoleur et tu as d\u00e9j\u00e0 assembl\u00e9 un kit FX Teacher r\u00e9cent qui utilise le nouveau footswitch V2 avec un connecteur 2&#215;6 pins ? Alors assembler un kit true bypass ne te fera pas peur !<br \/>\nTu as le choix entre ce kit 3PDT classique, ou <a href=\"https:\/\/anasounds.com\/fr\/produit\/kit-true-bypass-relais-nouvelle-version\/\" target=\"_blank\" rel=\"noopener\">le mod\u00e8le \u00e0 relais<\/a>, un peu plus cher, mais qui est plus r\u00e9sistant dans le temps, et utilise un soft switch, qui ne fait pas de clic quand on appuie dessus.<\/p>\n<p style=\"text-align: center;\">Tu as command\u00e9 une p\u00e9dale d\u00e9j\u00e0 assembl\u00e9e, car la soudure ce n&rsquo;est pas pour toi ? On propose \u00e9galement les kits V2 <a href=\"https:\/\/anasounds.com\/fr\/produit\/module-true-bypass-3pdt-deja-assemble\/\" target=\"_blank\" rel=\"noopener\">3PDT<\/a> et <a href=\"https:\/\/anasounds.com\/fr\/produit\/module-true-bypass-relais-deja-assemble\/\" target=\"_blank\" rel=\"noopener\">\u00e0 relais<\/a> d\u00e9j\u00e0 assembl\u00e9s.<br \/>\nTu n&rsquo;as plus qu&rsquo;\u00e0 d\u00e9visser ton ancien footswitch et connecter le nouveau dans la p\u00e9dale. V\u00e9rifie bien avant de commander que tu as bien la nouvelle version de footswitch \u00e0 l&rsquo;int\u00e9rieur de la p\u00e9dale.<\/p>\n<h2 style=\"text-align: center;\">comment l&rsquo;assembler<\/h2>\n<p style=\"text-align: center;\">Pour assembler le kit, tu as juste \u00e0 suivre les instructions de notre <a href=\"https:\/\/anasounds.com\/fr\/le-true-bypass\/\" target=\"_blank\" rel=\"noopener noreferrer\">article<\/a> sur le true bypass. On t&rsquo;explique aussi l&rsquo;int\u00e9r\u00eat et le fonctionnement du true bypass.<\/p>\n<h2 style=\"text-align: center;\">contenu du kit<\/h2>\n<p style=\"text-align: center;\">Un 3PDT avec contacts plaqu\u00e9s or<br \/>\nUn PCB pour 3PDT FX Teacher<br \/>\nUn connecteur pour relier le kit \u00e0 la p\u00e9dale<br \/>\nUne r\u00e9sistance de 1M Ohms<br \/>\nDeux jacks femelle st\u00e9r\u00e9o<br \/>\nDu fil<\/p>\n<p style=\"text-align: center;\">\n","protected":false},"excerpt":{"rendered":"<p style=\"text-align: center;\">Un kit true bypass 3PDT sans c\u00e2blage du footswitch,<br \/>\ninterchangeable avec le soft switch \u00e0 relais sans avoir \u00e0 dessouder !<\/p>\n","protected":false},"featured_media":86352,"comment_status":"open","ping_status":"closed","template":"","meta":[],"product_brand":[],"product_cat":[659],"product_tag":[],"class_list":{"0":"post-82272","1":"product","2":"type-product","3":"status-publish","4":"has-post-thumbnail","6":"product_cat-kits-essentiels","8":"first","9":"instock","10":"taxable","11":"shipping-taxable","12":"purchasable","13":"product-type-simple"},"supplier_id":83515,"supplier_sku":"","barcode":null,"atum_controlled":true,"out_stock_date":null,"out_stock_threshold":null,"inheritable":false,"inbound_stock":0,"stock_on_hold":0,"sold_today":0,"sales_last_days":0,"reserved_stock":0,"customer_returns":0,"warehouse_damage":0,"lost_in_post":0,"other_logs":0,"out_stock_days":0,"lost_sales":0,"has_location":false,"update_date":"2026-04-15T01:07:08","atum_locations":[],"atum_stock_status":"instock","restock_status":false,"low_stock_amount":"","sales_update_date":"2026-04-15T01:07:07","calc_backorders":0,"yoast_head":"<!-- This site is optimized with the Yoast SEO plugin v26.5 - https:\/\/yoast.com\/wordpress\/plugins\/seo\/ -->\n<title>Kit true bypass - 3pdt v2 | Anasounds - FX Teacher<\/title>\n<meta name=\"description\" content=\"Un kit true bypass 3PDT, pour changer le footswitch de sa p\u00e9dale sans avoir \u00e0 dessouder quoi que ce soit !\" \/>\n<meta name=\"robots\" content=\"index, follow, max-snippet:-1, max-image-preview:large, max-video-preview:-1\" \/>\n<link rel=\"canonical\" href=\"https:\/\/anasounds.com\/fr\/produit\/kit-true-bypass-3pdt-nouvelle-version\/\" \/>\n<meta property=\"og:locale\" content=\"fr_FR\" \/>\n<meta property=\"og:type\" content=\"article\" \/>\n<meta property=\"og:title\" content=\"Kit true bypass - 3pdt v2 | Anasounds - FX Teacher\" \/>\n<meta property=\"og:description\" content=\"Un kit true bypass 3PDT, pour changer le footswitch de sa p\u00e9dale sans avoir \u00e0 dessouder quoi que ce soit !\" \/>\n<meta property=\"og:url\" content=\"https:\/\/anasounds.com\/fr\/produit\/kit-true-bypass-3pdt-nouvelle-version\/\" \/>\n<meta property=\"og:site_name\" content=\"Anasounds\" \/>\n<meta property=\"article:publisher\" content=\"https:\/\/www.facebook.com\/AnasoundsFX\/\" \/>\n<meta property=\"article:modified_time\" content=\"2024-06-28T14:27:47+00:00\" \/>\n<meta property=\"og:image\" content=\"https:\/\/anasounds.com\/wp-content\/uploads\/2022\/04\/kit_3pdt_true_bypass_2x6.jpg\" \/>\n\t<meta property=\"og:image:width\" content=\"1500\" \/>\n\t<meta property=\"og:image:height\" content=\"1500\" \/>\n\t<meta property=\"og:image:type\" content=\"image\/jpeg\" \/>\n<meta name=\"twitter:card\" content=\"summary_large_image\" \/>\n<meta name=\"twitter:label1\" content=\"Dur\u00e9e de lecture estim\u00e9e\" \/>\n\t<meta name=\"twitter:data1\" content=\"3 minutes\" \/>\n<script type=\"application\/ld+json\" class=\"yoast-schema-graph\">{\"@context\":\"https:\/\/schema.org\",\"@graph\":[{\"@type\":\"WebPage\",\"@id\":\"https:\/\/anasounds.com\/fr\/produit\/kit-true-bypass-3pdt-nouvelle-version\/\",\"url\":\"https:\/\/anasounds.com\/fr\/produit\/kit-true-bypass-3pdt-nouvelle-version\/\",\"name\":\"Kit true bypass - 3pdt v2 | Anasounds - FX Teacher\",\"isPartOf\":{\"@id\":\"https:\/\/anasounds.com\/#website\"},\"primaryImageOfPage\":{\"@id\":\"https:\/\/anasounds.com\/fr\/produit\/kit-true-bypass-3pdt-nouvelle-version\/#primaryimage\"},\"image\":{\"@id\":\"https:\/\/anasounds.com\/fr\/produit\/kit-true-bypass-3pdt-nouvelle-version\/#primaryimage\"},\"thumbnailUrl\":\"https:\/\/anasounds.com\/wp-content\/uploads\/2022\/04\/kit_3pdt_true_bypass_2x6.jpg\",\"datePublished\":\"2022-04-26T13:52:15+00:00\",\"dateModified\":\"2024-06-28T14:27:47+00:00\",\"description\":\"Un kit true bypass 3PDT, pour changer le footswitch de sa p\u00e9dale sans avoir \u00e0 dessouder quoi que ce soit !\",\"breadcrumb\":{\"@id\":\"https:\/\/anasounds.com\/fr\/produit\/kit-true-bypass-3pdt-nouvelle-version\/#breadcrumb\"},\"inLanguage\":\"fr-FR\",\"potentialAction\":[{\"@type\":\"ReadAction\",\"target\":[\"https:\/\/anasounds.com\/fr\/produit\/kit-true-bypass-3pdt-nouvelle-version\/\"]}]},{\"@type\":\"ImageObject\",\"inLanguage\":\"fr-FR\",\"@id\":\"https:\/\/anasounds.com\/fr\/produit\/kit-true-bypass-3pdt-nouvelle-version\/#primaryimage\",\"url\":\"https:\/\/anasounds.com\/wp-content\/uploads\/2022\/04\/kit_3pdt_true_bypass_2x6.jpg\",\"contentUrl\":\"https:\/\/anasounds.com\/wp-content\/uploads\/2022\/04\/kit_3pdt_true_bypass_2x6.jpg\",\"width\":1500,\"height\":1500},{\"@type\":\"BreadcrumbList\",\"@id\":\"https:\/\/anasounds.com\/fr\/produit\/kit-true-bypass-3pdt-nouvelle-version\/#breadcrumb\",\"itemListElement\":[{\"@type\":\"ListItem\",\"position\":1,\"name\":\"Home\",\"item\":\"https:\/\/anasounds.com\/fr\/\"},{\"@type\":\"ListItem\",\"position\":2,\"name\":\"boutique\",\"item\":\"https:\/\/anasounds.com\/fr\/shop\/\"},{\"@type\":\"ListItem\",\"position\":3,\"name\":\"Kit true bypass &#8211; 3pdt v2\"}]},{\"@type\":\"WebSite\",\"@id\":\"https:\/\/anasounds.com\/#website\",\"url\":\"https:\/\/anasounds.com\/\",\"name\":\"Anasounds\",\"description\":\"P\u00e9dales \u00e0 la Fran\u00e7aise\",\"publisher\":{\"@id\":\"https:\/\/anasounds.com\/#organization\"},\"potentialAction\":[{\"@type\":\"SearchAction\",\"target\":{\"@type\":\"EntryPoint\",\"urlTemplate\":\"https:\/\/anasounds.com\/?s={search_term_string}\"},\"query-input\":{\"@type\":\"PropertyValueSpecification\",\"valueRequired\":true,\"valueName\":\"search_term_string\"}}],\"inLanguage\":\"fr-FR\"},{\"@type\":\"Organization\",\"@id\":\"https:\/\/anasounds.com\/#organization\",\"name\":\"Anasounds\",\"url\":\"https:\/\/anasounds.com\/\",\"logo\":{\"@type\":\"ImageObject\",\"inLanguage\":\"fr-FR\",\"@id\":\"https:\/\/anasounds.com\/#\/schema\/logo\/image\/\",\"url\":\"https:\/\/anasounds.com\/wp-content\/uploads\/2017\/10\/Logomadeinfrnoirblc.png\",\"contentUrl\":\"https:\/\/anasounds.com\/wp-content\/uploads\/2017\/10\/Logomadeinfrnoirblc.png\",\"width\":300,\"height\":300,\"caption\":\"Anasounds\"},\"image\":{\"@id\":\"https:\/\/anasounds.com\/#\/schema\/logo\/image\/\"},\"sameAs\":[\"https:\/\/www.facebook.com\/AnasoundsFX\/\",\"https:\/\/www.instagram.com\/anasounds\/\",\"https:\/\/www.youtube.com\/user\/AnaSoundsFR\"]}]}<\/script>\n<!-- \/ Yoast SEO plugin. -->","yoast_head_json":{"title":"Kit true bypass - 3pdt v2 | Anasounds - FX Teacher","description":"Un kit true bypass 3PDT, pour changer le footswitch de sa p\u00e9dale sans avoir \u00e0 dessouder quoi que ce soit !","robots":{"index":"index","follow":"follow","max-snippet":"max-snippet:-1","max-image-preview":"max-image-preview:large","max-video-preview":"max-video-preview:-1"},"canonical":"https:\/\/anasounds.com\/fr\/produit\/kit-true-bypass-3pdt-nouvelle-version\/","og_locale":"fr_FR","og_type":"article","og_title":"Kit true bypass - 3pdt v2 | Anasounds - FX Teacher","og_description":"Un kit true bypass 3PDT, pour changer le footswitch de sa p\u00e9dale sans avoir \u00e0 dessouder quoi que ce soit !","og_url":"https:\/\/anasounds.com\/fr\/produit\/kit-true-bypass-3pdt-nouvelle-version\/","og_site_name":"Anasounds","article_publisher":"https:\/\/www.facebook.com\/AnasoundsFX\/","article_modified_time":"2024-06-28T14:27:47+00:00","og_image":[{"width":1500,"height":1500,"url":"https:\/\/anasounds.com\/wp-content\/uploads\/2022\/04\/kit_3pdt_true_bypass_2x6.jpg","type":"image\/jpeg"}],"twitter_card":"summary_large_image","twitter_misc":{"Dur\u00e9e de lecture estim\u00e9e":"3 minutes"},"schema":{"@context":"https:\/\/schema.org","@graph":[{"@type":"WebPage","@id":"https:\/\/anasounds.com\/fr\/produit\/kit-true-bypass-3pdt-nouvelle-version\/","url":"https:\/\/anasounds.com\/fr\/produit\/kit-true-bypass-3pdt-nouvelle-version\/","name":"Kit true bypass - 3pdt v2 | Anasounds - FX Teacher","isPartOf":{"@id":"https:\/\/anasounds.com\/#website"},"primaryImageOfPage":{"@id":"https:\/\/anasounds.com\/fr\/produit\/kit-true-bypass-3pdt-nouvelle-version\/#primaryimage"},"image":{"@id":"https:\/\/anasounds.com\/fr\/produit\/kit-true-bypass-3pdt-nouvelle-version\/#primaryimage"},"thumbnailUrl":"https:\/\/anasounds.com\/wp-content\/uploads\/2022\/04\/kit_3pdt_true_bypass_2x6.jpg","datePublished":"2022-04-26T13:52:15+00:00","dateModified":"2024-06-28T14:27:47+00:00","description":"Un kit true bypass 3PDT, pour changer le footswitch de sa p\u00e9dale sans avoir \u00e0 dessouder quoi que ce soit !","breadcrumb":{"@id":"https:\/\/anasounds.com\/fr\/produit\/kit-true-bypass-3pdt-nouvelle-version\/#breadcrumb"},"inLanguage":"fr-FR","potentialAction":[{"@type":"ReadAction","target":["https:\/\/anasounds.com\/fr\/produit\/kit-true-bypass-3pdt-nouvelle-version\/"]}]},{"@type":"ImageObject","inLanguage":"fr-FR","@id":"https:\/\/anasounds.com\/fr\/produit\/kit-true-bypass-3pdt-nouvelle-version\/#primaryimage","url":"https:\/\/anasounds.com\/wp-content\/uploads\/2022\/04\/kit_3pdt_true_bypass_2x6.jpg","contentUrl":"https:\/\/anasounds.com\/wp-content\/uploads\/2022\/04\/kit_3pdt_true_bypass_2x6.jpg","width":1500,"height":1500},{"@type":"BreadcrumbList","@id":"https:\/\/anasounds.com\/fr\/produit\/kit-true-bypass-3pdt-nouvelle-version\/#breadcrumb","itemListElement":[{"@type":"ListItem","position":1,"name":"Home","item":"https:\/\/anasounds.com\/fr\/"},{"@type":"ListItem","position":2,"name":"boutique","item":"https:\/\/anasounds.com\/fr\/shop\/"},{"@type":"ListItem","position":3,"name":"Kit true bypass &#8211; 3pdt v2"}]},{"@type":"WebSite","@id":"https:\/\/anasounds.com\/#website","url":"https:\/\/anasounds.com\/","name":"Anasounds","description":"P\u00e9dales \u00e0 la Fran\u00e7aise","publisher":{"@id":"https:\/\/anasounds.com\/#organization"},"potentialAction":[{"@type":"SearchAction","target":{"@type":"EntryPoint","urlTemplate":"https:\/\/anasounds.com\/?s={search_term_string}"},"query-input":{"@type":"PropertyValueSpecification","valueRequired":true,"valueName":"search_term_string"}}],"inLanguage":"fr-FR"},{"@type":"Organization","@id":"https:\/\/anasounds.com\/#organization","name":"Anasounds","url":"https:\/\/anasounds.com\/","logo":{"@type":"ImageObject","inLanguage":"fr-FR","@id":"https:\/\/anasounds.com\/#\/schema\/logo\/image\/","url":"https:\/\/anasounds.com\/wp-content\/uploads\/2017\/10\/Logomadeinfrnoirblc.png","contentUrl":"https:\/\/anasounds.com\/wp-content\/uploads\/2017\/10\/Logomadeinfrnoirblc.png","width":300,"height":300,"caption":"Anasounds"},"image":{"@id":"https:\/\/anasounds.com\/#\/schema\/logo\/image\/"},"sameAs":["https:\/\/www.facebook.com\/AnasoundsFX\/","https:\/\/www.instagram.com\/anasounds\/","https:\/\/www.youtube.com\/user\/AnaSoundsFR"]}]}},"_links":{"self":[{"href":"https:\/\/anasounds.com\/fr\/wp-json\/wp\/v2\/product\/82272","targetHints":{"allow":["GET"]}}],"collection":[{"href":"https:\/\/anasounds.com\/fr\/wp-json\/wp\/v2\/product"}],"about":[{"href":"https:\/\/anasounds.com\/fr\/wp-json\/wp\/v2\/types\/product"}],"replies":[{"embeddable":true,"href":"https:\/\/anasounds.com\/fr\/wp-json\/wp\/v2\/comments?post=82272"}],"wp:featuredmedia":[{"embeddable":true,"href":"https:\/\/anasounds.com\/fr\/wp-json\/wp\/v2\/media\/86352"}],"wp:attachment":[{"href":"https:\/\/anasounds.com\/fr\/wp-json\/wp\/v2\/media?parent=82272"}],"wp:term":[{"taxonomy":"product_brand","embeddable":true,"href":"https:\/\/anasounds.com\/fr\/wp-json\/wp\/v2\/product_brand?post=82272"},{"taxonomy":"product_cat","embeddable":true,"href":"https:\/\/anasounds.com\/fr\/wp-json\/wp\/v2\/product_cat?post=82272"},{"taxonomy":"product_tag","embeddable":true,"href":"https:\/\/anasounds.com\/fr\/wp-json\/wp\/v2\/product_tag?post=82272"}],"curies":[{"name":"wp","href":"https:\/\/api.w.org\/{rel}","templated":true}]}}