{"id":82294,"date":"2022-04-28T11:15:17","date_gmt":"2022-04-28T09:15:17","guid":{"rendered":"https:\/\/anasounds.com\/?post_type=product&#038;p=82294"},"modified":"2022-09-28T13:45:59","modified_gmt":"2022-09-28T11:45:59","slug":"module-true-bypass-relais-deja-assemble","status":"publish","type":"product","link":"https:\/\/anasounds.com\/fr\/produit\/module-true-bypass-relais-deja-assemble\/","title":{"rendered":"Module true bypass relais v2 &#8211; d\u00e9j\u00e0 assembl\u00e9"},"content":{"rendered":"<h2 style=\"text-align: center;\">v1 ou v2 ?<\/h2>\n<p style=\"text-align: center;\">Avec nos nouveaux kits FX Teacher, on a d\u00e9cid\u00e9 de faire \u00e9voluer le footswitch.<br \/>\nEn effet, tu as peut \u00eatre envie d&rsquo;upgrader ton kit avec ce true bypass \u00e0 relais, plus r\u00e9sistant et sans clic \u00e0 l&rsquo;activation ?<br \/>\nOu simplement changer un 3PDT cass\u00e9, sans avoir \u00e0 dessouder quoi que ce soit ?<\/p>\n<p style=\"text-align: center;\">Les anciens kits true bypass V1 \u00e9taient \u00e0 souder directement sur le PCB de la p\u00e9dale, avec des pins pas toujours facile \u00e0 placer correctement.<br \/>\nOn a donc d\u00e9velopp\u00e9 sur les nouveaux kits un syst\u00e8me de footswitch amovible V2, que l&rsquo;on peut remplacer sans rien dessouder !<br \/>\nQue ce soit pour remplacer un footswitch cass\u00e9 ou mal soud\u00e9 sur un kit DIY, ou passer sur un soft switch sans clic \u00e0 relais, le footswitch peut \u00eatre interchang\u00e9 \u00e0 volont\u00e9.<\/p>\n<p style=\"text-align: center;\"><a href=\"https:\/\/anasounds.com\/wp-content\/uploads\/2022\/04\/6T9A1122-1-edited-1.jpg\"><img loading=\"lazy\" decoding=\"async\" class=\"wp-image-82255 alignnone\" src=\"https:\/\/anasounds.com\/wp-content\/uploads\/2022\/04\/6T9A1122-1-edited-1-700x700.jpg\" alt=\"\" width=\"450\" height=\"450\" srcset=\"https:\/\/anasounds.com\/wp-content\/uploads\/2022\/04\/6T9A1122-1-edited-1-700x700.jpg 700w, https:\/\/anasounds.com\/wp-content\/uploads\/2022\/04\/6T9A1122-1-edited-1-1200x1200.jpg 1200w, https:\/\/anasounds.com\/wp-content\/uploads\/2022\/04\/6T9A1122-1-edited-1-500x500.jpg 500w, https:\/\/anasounds.com\/wp-content\/uploads\/2022\/04\/6T9A1122-1-edited-1-768x767.jpg 768w, https:\/\/anasounds.com\/wp-content\/uploads\/2022\/04\/6T9A1122-1-edited-1-1209x1208.jpg 1209w, https:\/\/anasounds.com\/wp-content\/uploads\/2022\/04\/6T9A1122-1-edited-1-100x100.jpg 100w, https:\/\/anasounds.com\/wp-content\/uploads\/2022\/04\/6T9A1122-1-edited-1.jpg 1366w\" sizes=\"auto, (max-width: 450px) 100vw, 450px\" \/>\u00a0 \u00a0 \u00a0 \u00a0 \u00a0 \u00a0 \u00a0 \u00a0 \u00a0 \u00a0 \u00a0<\/a><a href=\"https:\/\/anasounds.com\/wp-content\/uploads\/2022\/09\/pins-true-bypass.jpg\"><img loading=\"lazy\" decoding=\"async\" class=\"wp-image-85542 alignnone\" src=\"https:\/\/anasounds.com\/wp-content\/uploads\/2022\/09\/pins-true-bypass-700x700.jpg\" alt=\"\" width=\"450\" height=\"450\" srcset=\"https:\/\/anasounds.com\/wp-content\/uploads\/2022\/09\/pins-true-bypass-700x700.jpg 700w, https:\/\/anasounds.com\/wp-content\/uploads\/2022\/09\/pins-true-bypass-500x500.jpg 500w, https:\/\/anasounds.com\/wp-content\/uploads\/2022\/09\/pins-true-bypass-768x768.jpg 768w, https:\/\/anasounds.com\/wp-content\/uploads\/2022\/09\/pins-true-bypass-100x100.jpg 100w, https:\/\/anasounds.com\/wp-content\/uploads\/2022\/09\/pins-true-bypass.jpg 1088w\" sizes=\"auto, (max-width: 450px) 100vw, 450px\" \/><\/a><br \/>\n<strong>V1\u00a0 \u00a0 \u00a0 \u00a0 \u00a0 \u00a0 \u00a0 \u00a0 \u00a0 \u00a0 \u00a0 \u00a0 \u00a0 \u00a0 \u00a0 \u00a0 \u00a0 \u00a0 \u00a0 \u00a0 \u00a0 \u00a0 \u00a0 \u00a0 \u00a0 \u00a0 \u00a0 \u00a0 \u00a0 \u00a0 \u00a0 \u00a0 \u00a0 \u00a0 \u00a0 \u00a0 \u00a0 \u00a0 \u00a0 \u00a0 \u00a0 \u00a0 \u00a0 \u00a0 \u00a0 \u00a0 \u00a0 \u00a0 \u00a0 \u00a0 \u00a0 \u00a0 \u00a0 \u00a0 \u00a0 \u00a0 \u00a0 \u00a0 \u00a0 \u00a0 \u00a0 \u00a0 \u00a0 \u00a0 \u00a0 \u00a0 \u00a0 \u00a0 \u00a0 \u00a0 \u00a0 \u00a0 \u00a0 \u00a0 \u00a0 \u00a0 \u00a0 \u00a0 \u00a0 \u00a0 \u00a0 \u00a0 \u00a0 \u00a0 \u00a0 \u00a0 \u00a0 V2<\/strong><\/p>\n<h2 style=\"text-align: center;\">quel mod\u00e8le de true bypass choisir ?<\/h2>\n<p style=\"text-align: center;\">Tu poss\u00e8des un ancien kit qui utilise deux rang\u00e9es de connecteurs 4 pins pour le footswitch ?<br \/>\nLes nouveaux kits V2 ne sont pas compatibles, mais les anciennes versions V1 des <a href=\"https:\/\/anasounds.com\/fr\/produit\/kit-true-bypass-3pdt\/\" target=\"_blank\" rel=\"noopener\">true bypass 3PDT<\/a> et <a href=\"https:\/\/anasounds.com\/fr\/produit\/kit-true-bypass-relais\/\" target=\"_blank\" rel=\"noopener\">true bypass \u00e0 relais<\/a> sont toujours disponibles.<br \/>\nMalheureusement, il faudra passer par l&rsquo;\u00e9tape fer et pompe \u00e0 dessouder !<\/p>\n<p style=\"text-align: center;\">Tu as un kit r\u00e9cent avec un connecteur 2&#215;6 pins et tu as envie de le faire \u00e9voluer avec un true bypass \u00e0 relais, sans passer par l&rsquo;\u00e9tape DIY ? Tu es au bon endroit !<br \/>\nCe module \u00e0 relais V2 est d\u00e9j\u00e0 assembl\u00e9 pour toi, tu as juste \u00e0 d\u00e9visser l&rsquo;ancien footswitch et connecter le nouveau module \u00e0 l&rsquo;int\u00e9rieur de la p\u00e9dale, sans avoir \u00e0 souder\/dessouder.<br \/>\nLe true bypass \u00e0 relais te permettra d&rsquo;avoir un footswitch beaucoup plus r\u00e9sistant sur ta p\u00e9dale, et surtout silencieux, sans faire de clic quand on appuie dessus !<br \/>\nEt si tu as juste besoin de changer un 3PDT cass\u00e9, le <a href=\"https:\/\/anasounds.com\/fr\/produit\/module-true-bypass-3pdt-deja-assemble\/\" target=\"_blank\" rel=\"noopener\">module true bypass 3PDT<\/a> est aussi disponible d\u00e9j\u00e0 assembl\u00e9.<\/p>\n<p style=\"text-align: center;\">Tu n&rsquo;as pas peur d&rsquo;utiliser le fer \u00e0 souder ? Ou tu as besoin d&rsquo;un true bypass pour un projet DIY ?<br \/>\nAlors les deux kits <a href=\"https:\/\/anasounds.com\/fr\/produit\/kit-true-bypass-3pdt-nouvelle-version\/\" target=\"_blank\" rel=\"noopener\">true bypass 3PDT<\/a> et <a href=\"https:\/\/anasounds.com\/fr\/produit\/kit-true-bypass-relais-nouvelle-version\/\" target=\"_blank\" rel=\"noopener\">true bypass \u00e0 relais<\/a> sont aussi disponibles en kit, avec des jacks suppl\u00e9mentaires.<\/p>\n<p style=\"text-align: center;\">\n","protected":false},"excerpt":{"rendered":"<p style=\"text-align: center;\">Un module true bypass \u00e0 relais d\u00e9j\u00e0 assembl\u00e9, compatible avec les p\u00e9dales FX Teacher sans avoir \u00e0 souder !<br \/>\nPour upgrader le footswitch de sa p\u00e9dale par un mod\u00e8le silencieux sans clic, et plus r\u00e9sistant dans le temps.<\/p>\n","protected":false},"featured_media":86362,"comment_status":"open","ping_status":"closed","template":"","meta":[],"product_brand":[],"product_cat":[659],"product_tag":[],"class_list":{"0":"post-82294","1":"product","2":"type-product","3":"status-publish","4":"has-post-thumbnail","6":"product_cat-kits-essentiels","8":"first","9":"instock","10":"taxable","11":"shipping-taxable","12":"purchasable","13":"product-type-simple"},"supplier_id":83515,"supplier_sku":"","barcode":null,"atum_controlled":true,"out_stock_date":null,"out_stock_threshold":null,"inheritable":false,"inbound_stock":0,"stock_on_hold":0,"sold_today":0,"sales_last_days":0,"reserved_stock":0,"customer_returns":0,"warehouse_damage":0,"lost_in_post":0,"other_logs":0,"out_stock_days":0,"lost_sales":0,"has_location":false,"update_date":"2026-04-12T01:01:31","atum_locations":[],"atum_stock_status":"instock","restock_status":false,"low_stock_amount":"","sales_update_date":"2026-04-12T01:01:31","calc_backorders":null,"yoast_head":"<!-- This site is optimized with the Yoast SEO plugin v26.5 - https:\/\/yoast.com\/wordpress\/plugins\/seo\/ -->\n<title>Module true bypass relais v2 - d\u00e9j\u00e0 assembl\u00e9 | Anasounds - FX Teacher<\/title>\n<meta name=\"description\" content=\"Un module true bypass relais, pour upgrader le footswitch de sa p\u00e9dale par un mod\u00e8le sans clic et plus r\u00e9sistant, sans avoir \u00e0 dessouder !\" \/>\n<meta name=\"robots\" content=\"index, follow, max-snippet:-1, max-image-preview:large, max-video-preview:-1\" \/>\n<link rel=\"canonical\" href=\"https:\/\/anasounds.com\/fr\/produit\/module-true-bypass-relais-deja-assemble\/\" \/>\n<meta property=\"og:locale\" content=\"fr_FR\" \/>\n<meta property=\"og:type\" content=\"article\" \/>\n<meta property=\"og:title\" content=\"Module true bypass relais v2 - d\u00e9j\u00e0 assembl\u00e9 | Anasounds - FX Teacher\" \/>\n<meta property=\"og:description\" content=\"Un module true bypass relais, pour upgrader le footswitch de sa p\u00e9dale par un mod\u00e8le sans clic et plus r\u00e9sistant, sans avoir \u00e0 dessouder !\" \/>\n<meta property=\"og:url\" content=\"https:\/\/anasounds.com\/fr\/produit\/module-true-bypass-relais-deja-assemble\/\" \/>\n<meta property=\"og:site_name\" content=\"Anasounds\" \/>\n<meta property=\"article:publisher\" content=\"https:\/\/www.facebook.com\/AnasoundsFX\/\" \/>\n<meta property=\"article:modified_time\" content=\"2022-09-28T11:45:59+00:00\" \/>\n<meta property=\"og:image\" content=\"https:\/\/anasounds.com\/wp-content\/uploads\/2022\/04\/module_relais_true_bypass_2x6.jpg\" \/>\n\t<meta property=\"og:image:width\" content=\"1500\" \/>\n\t<meta property=\"og:image:height\" content=\"1500\" \/>\n\t<meta property=\"og:image:type\" content=\"image\/jpeg\" \/>\n<meta name=\"twitter:card\" content=\"summary_large_image\" \/>\n<meta name=\"twitter:label1\" content=\"Dur\u00e9e de lecture estim\u00e9e\" \/>\n\t<meta name=\"twitter:data1\" content=\"3 minutes\" \/>\n<script type=\"application\/ld+json\" class=\"yoast-schema-graph\">{\"@context\":\"https:\/\/schema.org\",\"@graph\":[{\"@type\":\"WebPage\",\"@id\":\"https:\/\/anasounds.com\/fr\/produit\/module-true-bypass-relais-deja-assemble\/\",\"url\":\"https:\/\/anasounds.com\/fr\/produit\/module-true-bypass-relais-deja-assemble\/\",\"name\":\"Module true bypass relais v2 - d\u00e9j\u00e0 assembl\u00e9 | Anasounds - FX Teacher\",\"isPartOf\":{\"@id\":\"https:\/\/anasounds.com\/#website\"},\"primaryImageOfPage\":{\"@id\":\"https:\/\/anasounds.com\/fr\/produit\/module-true-bypass-relais-deja-assemble\/#primaryimage\"},\"image\":{\"@id\":\"https:\/\/anasounds.com\/fr\/produit\/module-true-bypass-relais-deja-assemble\/#primaryimage\"},\"thumbnailUrl\":\"https:\/\/anasounds.com\/wp-content\/uploads\/2022\/04\/module_relais_true_bypass_2x6.jpg\",\"datePublished\":\"2022-04-28T09:15:17+00:00\",\"dateModified\":\"2022-09-28T11:45:59+00:00\",\"description\":\"Un module true bypass relais, pour upgrader le footswitch de sa p\u00e9dale par un mod\u00e8le sans clic et plus r\u00e9sistant, sans avoir \u00e0 dessouder !\",\"breadcrumb\":{\"@id\":\"https:\/\/anasounds.com\/fr\/produit\/module-true-bypass-relais-deja-assemble\/#breadcrumb\"},\"inLanguage\":\"fr-FR\",\"potentialAction\":[{\"@type\":\"ReadAction\",\"target\":[\"https:\/\/anasounds.com\/fr\/produit\/module-true-bypass-relais-deja-assemble\/\"]}]},{\"@type\":\"ImageObject\",\"inLanguage\":\"fr-FR\",\"@id\":\"https:\/\/anasounds.com\/fr\/produit\/module-true-bypass-relais-deja-assemble\/#primaryimage\",\"url\":\"https:\/\/anasounds.com\/wp-content\/uploads\/2022\/04\/module_relais_true_bypass_2x6.jpg\",\"contentUrl\":\"https:\/\/anasounds.com\/wp-content\/uploads\/2022\/04\/module_relais_true_bypass_2x6.jpg\",\"width\":1500,\"height\":1500},{\"@type\":\"BreadcrumbList\",\"@id\":\"https:\/\/anasounds.com\/fr\/produit\/module-true-bypass-relais-deja-assemble\/#breadcrumb\",\"itemListElement\":[{\"@type\":\"ListItem\",\"position\":1,\"name\":\"Home\",\"item\":\"https:\/\/anasounds.com\/fr\/\"},{\"@type\":\"ListItem\",\"position\":2,\"name\":\"boutique\",\"item\":\"https:\/\/anasounds.com\/fr\/shop\/\"},{\"@type\":\"ListItem\",\"position\":3,\"name\":\"Module true bypass relais v2 &#8211; d\u00e9j\u00e0 assembl\u00e9\"}]},{\"@type\":\"WebSite\",\"@id\":\"https:\/\/anasounds.com\/#website\",\"url\":\"https:\/\/anasounds.com\/\",\"name\":\"Anasounds\",\"description\":\"P\u00e9dales \u00e0 la Fran\u00e7aise\",\"publisher\":{\"@id\":\"https:\/\/anasounds.com\/#organization\"},\"potentialAction\":[{\"@type\":\"SearchAction\",\"target\":{\"@type\":\"EntryPoint\",\"urlTemplate\":\"https:\/\/anasounds.com\/?s={search_term_string}\"},\"query-input\":{\"@type\":\"PropertyValueSpecification\",\"valueRequired\":true,\"valueName\":\"search_term_string\"}}],\"inLanguage\":\"fr-FR\"},{\"@type\":\"Organization\",\"@id\":\"https:\/\/anasounds.com\/#organization\",\"name\":\"Anasounds\",\"url\":\"https:\/\/anasounds.com\/\",\"logo\":{\"@type\":\"ImageObject\",\"inLanguage\":\"fr-FR\",\"@id\":\"https:\/\/anasounds.com\/#\/schema\/logo\/image\/\",\"url\":\"https:\/\/anasounds.com\/wp-content\/uploads\/2017\/10\/Logomadeinfrnoirblc.png\",\"contentUrl\":\"https:\/\/anasounds.com\/wp-content\/uploads\/2017\/10\/Logomadeinfrnoirblc.png\",\"width\":300,\"height\":300,\"caption\":\"Anasounds\"},\"image\":{\"@id\":\"https:\/\/anasounds.com\/#\/schema\/logo\/image\/\"},\"sameAs\":[\"https:\/\/www.facebook.com\/AnasoundsFX\/\",\"https:\/\/www.instagram.com\/anasounds\/\",\"https:\/\/www.youtube.com\/user\/AnaSoundsFR\"]}]}<\/script>\n<!-- \/ Yoast SEO plugin. -->","yoast_head_json":{"title":"Module true bypass relais v2 - d\u00e9j\u00e0 assembl\u00e9 | Anasounds - FX Teacher","description":"Un module true bypass relais, pour upgrader le footswitch de sa p\u00e9dale par un mod\u00e8le sans clic et plus r\u00e9sistant, sans avoir \u00e0 dessouder !","robots":{"index":"index","follow":"follow","max-snippet":"max-snippet:-1","max-image-preview":"max-image-preview:large","max-video-preview":"max-video-preview:-1"},"canonical":"https:\/\/anasounds.com\/fr\/produit\/module-true-bypass-relais-deja-assemble\/","og_locale":"fr_FR","og_type":"article","og_title":"Module true bypass relais v2 - d\u00e9j\u00e0 assembl\u00e9 | Anasounds - FX Teacher","og_description":"Un module true bypass relais, pour upgrader le footswitch de sa p\u00e9dale par un mod\u00e8le sans clic et plus r\u00e9sistant, sans avoir \u00e0 dessouder !","og_url":"https:\/\/anasounds.com\/fr\/produit\/module-true-bypass-relais-deja-assemble\/","og_site_name":"Anasounds","article_publisher":"https:\/\/www.facebook.com\/AnasoundsFX\/","article_modified_time":"2022-09-28T11:45:59+00:00","og_image":[{"width":1500,"height":1500,"url":"https:\/\/anasounds.com\/wp-content\/uploads\/2022\/04\/module_relais_true_bypass_2x6.jpg","type":"image\/jpeg"}],"twitter_card":"summary_large_image","twitter_misc":{"Dur\u00e9e de lecture estim\u00e9e":"3 minutes"},"schema":{"@context":"https:\/\/schema.org","@graph":[{"@type":"WebPage","@id":"https:\/\/anasounds.com\/fr\/produit\/module-true-bypass-relais-deja-assemble\/","url":"https:\/\/anasounds.com\/fr\/produit\/module-true-bypass-relais-deja-assemble\/","name":"Module true bypass relais v2 - d\u00e9j\u00e0 assembl\u00e9 | Anasounds - FX Teacher","isPartOf":{"@id":"https:\/\/anasounds.com\/#website"},"primaryImageOfPage":{"@id":"https:\/\/anasounds.com\/fr\/produit\/module-true-bypass-relais-deja-assemble\/#primaryimage"},"image":{"@id":"https:\/\/anasounds.com\/fr\/produit\/module-true-bypass-relais-deja-assemble\/#primaryimage"},"thumbnailUrl":"https:\/\/anasounds.com\/wp-content\/uploads\/2022\/04\/module_relais_true_bypass_2x6.jpg","datePublished":"2022-04-28T09:15:17+00:00","dateModified":"2022-09-28T11:45:59+00:00","description":"Un module true bypass relais, pour upgrader le footswitch de sa p\u00e9dale par un mod\u00e8le sans clic et plus r\u00e9sistant, sans avoir \u00e0 dessouder !","breadcrumb":{"@id":"https:\/\/anasounds.com\/fr\/produit\/module-true-bypass-relais-deja-assemble\/#breadcrumb"},"inLanguage":"fr-FR","potentialAction":[{"@type":"ReadAction","target":["https:\/\/anasounds.com\/fr\/produit\/module-true-bypass-relais-deja-assemble\/"]}]},{"@type":"ImageObject","inLanguage":"fr-FR","@id":"https:\/\/anasounds.com\/fr\/produit\/module-true-bypass-relais-deja-assemble\/#primaryimage","url":"https:\/\/anasounds.com\/wp-content\/uploads\/2022\/04\/module_relais_true_bypass_2x6.jpg","contentUrl":"https:\/\/anasounds.com\/wp-content\/uploads\/2022\/04\/module_relais_true_bypass_2x6.jpg","width":1500,"height":1500},{"@type":"BreadcrumbList","@id":"https:\/\/anasounds.com\/fr\/produit\/module-true-bypass-relais-deja-assemble\/#breadcrumb","itemListElement":[{"@type":"ListItem","position":1,"name":"Home","item":"https:\/\/anasounds.com\/fr\/"},{"@type":"ListItem","position":2,"name":"boutique","item":"https:\/\/anasounds.com\/fr\/shop\/"},{"@type":"ListItem","position":3,"name":"Module true bypass relais v2 &#8211; d\u00e9j\u00e0 assembl\u00e9"}]},{"@type":"WebSite","@id":"https:\/\/anasounds.com\/#website","url":"https:\/\/anasounds.com\/","name":"Anasounds","description":"P\u00e9dales \u00e0 la Fran\u00e7aise","publisher":{"@id":"https:\/\/anasounds.com\/#organization"},"potentialAction":[{"@type":"SearchAction","target":{"@type":"EntryPoint","urlTemplate":"https:\/\/anasounds.com\/?s={search_term_string}"},"query-input":{"@type":"PropertyValueSpecification","valueRequired":true,"valueName":"search_term_string"}}],"inLanguage":"fr-FR"},{"@type":"Organization","@id":"https:\/\/anasounds.com\/#organization","name":"Anasounds","url":"https:\/\/anasounds.com\/","logo":{"@type":"ImageObject","inLanguage":"fr-FR","@id":"https:\/\/anasounds.com\/#\/schema\/logo\/image\/","url":"https:\/\/anasounds.com\/wp-content\/uploads\/2017\/10\/Logomadeinfrnoirblc.png","contentUrl":"https:\/\/anasounds.com\/wp-content\/uploads\/2017\/10\/Logomadeinfrnoirblc.png","width":300,"height":300,"caption":"Anasounds"},"image":{"@id":"https:\/\/anasounds.com\/#\/schema\/logo\/image\/"},"sameAs":["https:\/\/www.facebook.com\/AnasoundsFX\/","https:\/\/www.instagram.com\/anasounds\/","https:\/\/www.youtube.com\/user\/AnaSoundsFR"]}]}},"_links":{"self":[{"href":"https:\/\/anasounds.com\/fr\/wp-json\/wp\/v2\/product\/82294","targetHints":{"allow":["GET"]}}],"collection":[{"href":"https:\/\/anasounds.com\/fr\/wp-json\/wp\/v2\/product"}],"about":[{"href":"https:\/\/anasounds.com\/fr\/wp-json\/wp\/v2\/types\/product"}],"replies":[{"embeddable":true,"href":"https:\/\/anasounds.com\/fr\/wp-json\/wp\/v2\/comments?post=82294"}],"wp:featuredmedia":[{"embeddable":true,"href":"https:\/\/anasounds.com\/fr\/wp-json\/wp\/v2\/media\/86362"}],"wp:attachment":[{"href":"https:\/\/anasounds.com\/fr\/wp-json\/wp\/v2\/media?parent=82294"}],"wp:term":[{"taxonomy":"product_brand","embeddable":true,"href":"https:\/\/anasounds.com\/fr\/wp-json\/wp\/v2\/product_brand?post=82294"},{"taxonomy":"product_cat","embeddable":true,"href":"https:\/\/anasounds.com\/fr\/wp-json\/wp\/v2\/product_cat?post=82294"},{"taxonomy":"product_tag","embeddable":true,"href":"https:\/\/anasounds.com\/fr\/wp-json\/wp\/v2\/product_tag?post=82294"}],"curies":[{"name":"wp","href":"https:\/\/api.w.org\/{rel}","templated":true}]}}