{"id":82623,"date":"2022-05-25T13:00:15","date_gmt":"2022-05-25T11:00:15","guid":{"rendered":"https:\/\/anasounds.com\/?post_type=product&#038;p=82623"},"modified":"2023-11-25T22:43:35","modified_gmt":"2023-11-25T21:43:35","slug":"full-story-edition-collector","status":"publish","type":"product","link":"https:\/\/anasounds.com\/fr\/produit\/full-story-edition-collector\/","title":{"rendered":"Full Story \u00e9dition collector"},"content":{"rendered":"<h2 style=\"text-align: center;\">le concept full story<\/h2>\n<p style=\"text-align: center;\">Tout a commenc\u00e9 par <a href=\"https:\/\/www.youtube.com\/watch?v=j1rBGdSGFyo\" target=\"_blank\" rel=\"noopener\">un \u00e9pisode de PALF<\/a>\u00a0tourn\u00e9 courant 2020 sur la grande histoire de la Big Muff. Nous avons r\u00e9uni quelques clones modernes de cette l\u00e9gendaire disto \/ fuzz cr\u00e9\u00e9 en 1969,<br \/>\nainsi qu\u2019une version r\u00e9cente qui promettait d\u2019obtenir le son de plusieurs versions historiques, et une Ram\u2019s Head d\u2019\u00e9poque.<br \/>\nComme on pouvait s\u2019y attendre, cette derni\u00e8re nous a durablement traumatis\u00e9s et nous avons donc cherch\u00e9 \u00e0 comprendre sa magie.<br \/>\nEt cette magie ne se r\u00e9sume pas \u00e0 un simple circuit de clone que l\u2019on peut trouver facilement sur Internet : chaque exemplaire d\u2019\u00e9poque a ses diff\u00e9rences,<br \/>\nsa personnalit\u00e9 propre et ce qu\u2019il fait qu\u2019il marche particuli\u00e8rement bien ou pas.<br \/>\nEt c\u2019est en \u00e7a qu\u2019il est impossible de r\u00e9unir toutes ces personnalit\u00e9s en une seule bo\u00eete sans compromettre ce qui les rend sp\u00e9ciales, sans limer les dents de ces superbes f\u00e9lins.<\/p>\n<p style=\"text-align: center;\">\u00c0 force de voir passer des disto \/ fuzz des ann\u00e9es 70 et 90, nous avons fini par d\u00e9finir sept couleurs qui nous ont paru particuli\u00e8rement int\u00e9ressantes et musicalement pertinentes.<br \/>\nPuis il nous fallait un moyen de les mettre \u00e0 vos pieds sans pour autant vous obliger \u00e0 acheter sept p\u00e9dales s\u00e9par\u00e9es. Notre solution : la Full Story et ses Tone Cards.<\/p>\n<h2 style=\"text-align: center;\">une \u00e9dition limit\u00e9e collector<\/h2>\n<p style=\"text-align: center;\">Chacune des sept Tone Cards livr\u00e9e dans la luxueuse bo\u00eete de cette \u00e9dition limit\u00e9e \u00e0 250 exemplaires repr\u00e9sente une \u00e9poque diff\u00e9rente et une tendance diff\u00e9rente.<br \/>\nBesoin d\u2019un sustain infini \u00e0 la David Gilmour ? La Ram\u2019s Head est l\u00e0 pour \u00e7a ! Besoin d\u2019agression \u00e0 la Jack White ? La Red &amp; Black sera parfaite pour \u00e7a !<br \/>\nEnvie d\u2019envoyer des riffs garage \u00e0 la Black Keys ? La Green Russian \u00e9videmment ! Un petit coup de stoner ? Facile, on sort la Black Russian !<\/p>\n<p style=\"text-align: center;\">Et \u00e7a n\u2019est que le d\u00e9but, puisque la Full Story permet de cumuler deux versions diff\u00e9rentes, soit en passant de l\u2019une \u00e0 l\u2019autre soit en les stackant,<br \/>\net si le r\u00e9sultat n\u2019est pas assez colossal et sursatur\u00e9, il suffit de rajouter le treble booster int\u00e9gr\u00e9, avec ses 4 voicings diff\u00e9rents et son simulateur d&rsquo;imp\u00e9dance de guitare.<br \/>\nLe syst\u00e8me est simple d\u2019utilisation, mais le r\u00e9sultat est musicalement tr\u00e8s inspirant et surtout sans aucun compromis dans sa fid\u00e9lit\u00e9 par rapport aux sons d\u2019\u00e9poque.<br \/>\nVenez d\u00e9couvrir votre nuance !<\/p>\n<h2 style=\"text-align: center;\">le contenu de la full story \u00e9dition collector<\/h2>\n<p style=\"text-align: center;\">La Full Story en \u00e9dition collector sera livr\u00e9e dans un coffret unique con\u00e7u sp\u00e9cialement pour cette p\u00e9dale en \u00e9dition limit\u00e9e \u00e0 250 exemplaires, pas un de plus.<br \/>\nLe packaging est fait main par des artisans en Espagne, avec une boite contenant les 7 Tone Cards.<br \/>\nL&rsquo;\u00e9dition limit\u00e9e donne donc acc\u00e8s aux 7 versions les plus mythiques de la c\u00e9l\u00e8bre disto \/ fuzz dans cette p\u00e9dale.<br \/>\nPour plus d&rsquo;informations, rendez-vous sur la <a href=\"https:\/\/anasounds.com\/fr\/full-story-edition-collector\/\" target=\"_blank\" rel=\"noopener\">page de pr\u00e9sentation<\/a> de la Full Story.<\/p>\n","protected":false},"excerpt":{"rendered":"<p style=\"text-align: center;\">La Anasounds Full Story en \u00e9dition collector revisite l&rsquo;histoire d&rsquo;une c\u00e9l\u00e8bre disto \/ fuzz massive au sustain \u00e9norme. Cette \u00e9dition contient 7 Tone Cards qui s&rsquo;inspirent de 7 versions toutes plus historiques les unes que les autres.<\/p>\n<p style=\"text-align: center;\"><b>TOUT VENDU EN MOINS DE 48H&#8230; MAIS IL N&rsquo;EST PAS TROP TARD VOUS !<br \/>\nNous avons \u00e9galement vendu quelques Full Story \u00e9dition collector \u00e0 nos points de vente partenaires :<br \/>\nMichenaud<br \/>\n<\/b><b>Lordel Musique<br \/>\nLa Cl\u00e9 de Sol<br \/>\nGuitare Village<br \/>\nLe Guitarium<br \/>\nMichel Musique<br \/>\nZeshop (La R\u00e9union)<br \/>\nThe Works (Suisse)<br \/>\n<\/b><b>Marclay (Suisse)<br \/>\nFaites une recherche sur le net, appelez votre magasin favoris, ils l&rsquo;ont s\u00fbrement !<br \/>\nSi malgr\u00e9 tout il n&rsquo;y en a pas, laissez nous un message, on saura vous guider.<\/b><\/p>\n","protected":false},"featured_media":82918,"comment_status":"open","ping_status":"closed","template":"","meta":[],"product_brand":[],"product_cat":[661,1555,269,433,275,268,1485],"product_tag":[],"class_list":{"0":"post-82623","1":"product","2":"type-product","3":"status-publish","4":"has-post-thumbnail","6":"product_cat-nouveau","7":"product_cat-type-d-effet","8":"product_cat-booster-fr","9":"product_cat-distortion-fr","10":"product_cat-fuzz-fr","11":"product_cat-pedales-anasounds","12":"product_cat-full-story","14":"first","15":"outofstock","16":"taxable","17":"shipping-taxable","18":"purchasable","19":"product-type-simple"},"supplier_id":83515,"supplier_sku":"","barcode":null,"atum_controlled":true,"out_stock_date":"2022-07-05 10:01:50","out_stock_threshold":null,"inheritable":false,"inbound_stock":0,"stock_on_hold":0,"sold_today":0,"sales_last_days":0,"reserved_stock":0,"customer_returns":0,"warehouse_damage":0,"lost_in_post":0,"other_logs":0,"out_stock_days":1371,"lost_sales":0,"has_location":false,"update_date":"2026-04-07T00:59:49","atum_locations":[],"atum_stock_status":"outofstock","restock_status":false,"low_stock_amount":"","sales_update_date":"2026-04-07T00:59:48","calc_backorders":null,"yoast_head":"<!-- This site is optimized with the Yoast SEO plugin v26.5 - https:\/\/yoast.com\/wordpress\/plugins\/seo\/ -->\n<title>Full Story \u00e9dition collector | Anasounds<\/title>\n<meta name=\"description\" content=\"La Anasounds Full Story en \u00e9dition collector revisite 7 versions l\u00e9gendaires d&#039;une c\u00e9l\u00e8bre disto fuzz massive au sustain infini.\" \/>\n<meta name=\"robots\" content=\"index, follow, max-snippet:-1, max-image-preview:large, max-video-preview:-1\" \/>\n<link rel=\"canonical\" href=\"https:\/\/anasounds.com\/fr\/produit\/full-story-edition-collector\/\" \/>\n<meta property=\"og:locale\" content=\"fr_FR\" \/>\n<meta property=\"og:type\" content=\"article\" \/>\n<meta property=\"og:title\" content=\"Full Story \u00e9dition collector | Anasounds\" \/>\n<meta property=\"og:description\" content=\"La Anasounds Full Story en \u00e9dition collector revisite 7 versions l\u00e9gendaires d&#039;une c\u00e9l\u00e8bre disto fuzz massive au sustain infini.\" \/>\n<meta property=\"og:url\" content=\"https:\/\/anasounds.com\/fr\/produit\/full-story-edition-collector\/\" \/>\n<meta property=\"og:site_name\" content=\"Anasounds\" \/>\n<meta property=\"article:publisher\" content=\"https:\/\/www.facebook.com\/AnasoundsFX\/\" \/>\n<meta property=\"article:modified_time\" content=\"2023-11-25T21:43:35+00:00\" \/>\n<meta property=\"og:image\" content=\"https:\/\/anasounds.com\/wp-content\/uploads\/2022\/05\/1.jpg\" \/>\n\t<meta property=\"og:image:width\" content=\"1500\" \/>\n\t<meta property=\"og:image:height\" content=\"1500\" \/>\n\t<meta property=\"og:image:type\" content=\"image\/jpeg\" \/>\n<meta name=\"twitter:card\" content=\"summary_large_image\" \/>\n<meta name=\"twitter:label1\" content=\"Dur\u00e9e de lecture estim\u00e9e\" \/>\n\t<meta name=\"twitter:data1\" content=\"3 minutes\" \/>\n<script type=\"application\/ld+json\" class=\"yoast-schema-graph\">{\"@context\":\"https:\/\/schema.org\",\"@graph\":[{\"@type\":\"WebPage\",\"@id\":\"https:\/\/anasounds.com\/fr\/produit\/full-story-edition-collector\/\",\"url\":\"https:\/\/anasounds.com\/fr\/produit\/full-story-edition-collector\/\",\"name\":\"Full Story \u00e9dition collector | Anasounds\",\"isPartOf\":{\"@id\":\"https:\/\/anasounds.com\/#website\"},\"primaryImageOfPage\":{\"@id\":\"https:\/\/anasounds.com\/fr\/produit\/full-story-edition-collector\/#primaryimage\"},\"image\":{\"@id\":\"https:\/\/anasounds.com\/fr\/produit\/full-story-edition-collector\/#primaryimage\"},\"thumbnailUrl\":\"https:\/\/anasounds.com\/wp-content\/uploads\/2022\/05\/1.jpg\",\"datePublished\":\"2022-05-25T11:00:15+00:00\",\"dateModified\":\"2023-11-25T21:43:35+00:00\",\"description\":\"La Anasounds Full Story en \u00e9dition collector revisite 7 versions l\u00e9gendaires d'une c\u00e9l\u00e8bre disto fuzz massive au sustain infini.\",\"breadcrumb\":{\"@id\":\"https:\/\/anasounds.com\/fr\/produit\/full-story-edition-collector\/#breadcrumb\"},\"inLanguage\":\"fr-FR\",\"potentialAction\":[{\"@type\":\"ReadAction\",\"target\":[\"https:\/\/anasounds.com\/fr\/produit\/full-story-edition-collector\/\"]}]},{\"@type\":\"ImageObject\",\"inLanguage\":\"fr-FR\",\"@id\":\"https:\/\/anasounds.com\/fr\/produit\/full-story-edition-collector\/#primaryimage\",\"url\":\"https:\/\/anasounds.com\/wp-content\/uploads\/2022\/05\/1.jpg\",\"contentUrl\":\"https:\/\/anasounds.com\/wp-content\/uploads\/2022\/05\/1.jpg\",\"width\":1500,\"height\":1500},{\"@type\":\"BreadcrumbList\",\"@id\":\"https:\/\/anasounds.com\/fr\/produit\/full-story-edition-collector\/#breadcrumb\",\"itemListElement\":[{\"@type\":\"ListItem\",\"position\":1,\"name\":\"Home\",\"item\":\"https:\/\/anasounds.com\/fr\/\"},{\"@type\":\"ListItem\",\"position\":2,\"name\":\"boutique\",\"item\":\"https:\/\/anasounds.com\/fr\/shop\/\"},{\"@type\":\"ListItem\",\"position\":3,\"name\":\"Full Story \u00e9dition collector\"}]},{\"@type\":\"WebSite\",\"@id\":\"https:\/\/anasounds.com\/#website\",\"url\":\"https:\/\/anasounds.com\/\",\"name\":\"Anasounds\",\"description\":\"P\u00e9dales \u00e0 la Fran\u00e7aise\",\"publisher\":{\"@id\":\"https:\/\/anasounds.com\/#organization\"},\"potentialAction\":[{\"@type\":\"SearchAction\",\"target\":{\"@type\":\"EntryPoint\",\"urlTemplate\":\"https:\/\/anasounds.com\/?s={search_term_string}\"},\"query-input\":{\"@type\":\"PropertyValueSpecification\",\"valueRequired\":true,\"valueName\":\"search_term_string\"}}],\"inLanguage\":\"fr-FR\"},{\"@type\":\"Organization\",\"@id\":\"https:\/\/anasounds.com\/#organization\",\"name\":\"Anasounds\",\"url\":\"https:\/\/anasounds.com\/\",\"logo\":{\"@type\":\"ImageObject\",\"inLanguage\":\"fr-FR\",\"@id\":\"https:\/\/anasounds.com\/#\/schema\/logo\/image\/\",\"url\":\"https:\/\/anasounds.com\/wp-content\/uploads\/2017\/10\/Logomadeinfrnoirblc.png\",\"contentUrl\":\"https:\/\/anasounds.com\/wp-content\/uploads\/2017\/10\/Logomadeinfrnoirblc.png\",\"width\":300,\"height\":300,\"caption\":\"Anasounds\"},\"image\":{\"@id\":\"https:\/\/anasounds.com\/#\/schema\/logo\/image\/\"},\"sameAs\":[\"https:\/\/www.facebook.com\/AnasoundsFX\/\",\"https:\/\/www.instagram.com\/anasounds\/\",\"https:\/\/www.youtube.com\/user\/AnaSoundsFR\"]}]}<\/script>\n<!-- \/ Yoast SEO plugin. -->","yoast_head_json":{"title":"Full Story \u00e9dition collector | Anasounds","description":"La Anasounds Full Story en \u00e9dition collector revisite 7 versions l\u00e9gendaires d'une c\u00e9l\u00e8bre disto fuzz massive au sustain infini.","robots":{"index":"index","follow":"follow","max-snippet":"max-snippet:-1","max-image-preview":"max-image-preview:large","max-video-preview":"max-video-preview:-1"},"canonical":"https:\/\/anasounds.com\/fr\/produit\/full-story-edition-collector\/","og_locale":"fr_FR","og_type":"article","og_title":"Full Story \u00e9dition collector | Anasounds","og_description":"La Anasounds Full Story en \u00e9dition collector revisite 7 versions l\u00e9gendaires d'une c\u00e9l\u00e8bre disto fuzz massive au sustain infini.","og_url":"https:\/\/anasounds.com\/fr\/produit\/full-story-edition-collector\/","og_site_name":"Anasounds","article_publisher":"https:\/\/www.facebook.com\/AnasoundsFX\/","article_modified_time":"2023-11-25T21:43:35+00:00","og_image":[{"width":1500,"height":1500,"url":"https:\/\/anasounds.com\/wp-content\/uploads\/2022\/05\/1.jpg","type":"image\/jpeg"}],"twitter_card":"summary_large_image","twitter_misc":{"Dur\u00e9e de lecture estim\u00e9e":"3 minutes"},"schema":{"@context":"https:\/\/schema.org","@graph":[{"@type":"WebPage","@id":"https:\/\/anasounds.com\/fr\/produit\/full-story-edition-collector\/","url":"https:\/\/anasounds.com\/fr\/produit\/full-story-edition-collector\/","name":"Full Story \u00e9dition collector | Anasounds","isPartOf":{"@id":"https:\/\/anasounds.com\/#website"},"primaryImageOfPage":{"@id":"https:\/\/anasounds.com\/fr\/produit\/full-story-edition-collector\/#primaryimage"},"image":{"@id":"https:\/\/anasounds.com\/fr\/produit\/full-story-edition-collector\/#primaryimage"},"thumbnailUrl":"https:\/\/anasounds.com\/wp-content\/uploads\/2022\/05\/1.jpg","datePublished":"2022-05-25T11:00:15+00:00","dateModified":"2023-11-25T21:43:35+00:00","description":"La Anasounds Full Story en \u00e9dition collector revisite 7 versions l\u00e9gendaires d'une c\u00e9l\u00e8bre disto fuzz massive au sustain infini.","breadcrumb":{"@id":"https:\/\/anasounds.com\/fr\/produit\/full-story-edition-collector\/#breadcrumb"},"inLanguage":"fr-FR","potentialAction":[{"@type":"ReadAction","target":["https:\/\/anasounds.com\/fr\/produit\/full-story-edition-collector\/"]}]},{"@type":"ImageObject","inLanguage":"fr-FR","@id":"https:\/\/anasounds.com\/fr\/produit\/full-story-edition-collector\/#primaryimage","url":"https:\/\/anasounds.com\/wp-content\/uploads\/2022\/05\/1.jpg","contentUrl":"https:\/\/anasounds.com\/wp-content\/uploads\/2022\/05\/1.jpg","width":1500,"height":1500},{"@type":"BreadcrumbList","@id":"https:\/\/anasounds.com\/fr\/produit\/full-story-edition-collector\/#breadcrumb","itemListElement":[{"@type":"ListItem","position":1,"name":"Home","item":"https:\/\/anasounds.com\/fr\/"},{"@type":"ListItem","position":2,"name":"boutique","item":"https:\/\/anasounds.com\/fr\/shop\/"},{"@type":"ListItem","position":3,"name":"Full Story \u00e9dition collector"}]},{"@type":"WebSite","@id":"https:\/\/anasounds.com\/#website","url":"https:\/\/anasounds.com\/","name":"Anasounds","description":"P\u00e9dales \u00e0 la Fran\u00e7aise","publisher":{"@id":"https:\/\/anasounds.com\/#organization"},"potentialAction":[{"@type":"SearchAction","target":{"@type":"EntryPoint","urlTemplate":"https:\/\/anasounds.com\/?s={search_term_string}"},"query-input":{"@type":"PropertyValueSpecification","valueRequired":true,"valueName":"search_term_string"}}],"inLanguage":"fr-FR"},{"@type":"Organization","@id":"https:\/\/anasounds.com\/#organization","name":"Anasounds","url":"https:\/\/anasounds.com\/","logo":{"@type":"ImageObject","inLanguage":"fr-FR","@id":"https:\/\/anasounds.com\/#\/schema\/logo\/image\/","url":"https:\/\/anasounds.com\/wp-content\/uploads\/2017\/10\/Logomadeinfrnoirblc.png","contentUrl":"https:\/\/anasounds.com\/wp-content\/uploads\/2017\/10\/Logomadeinfrnoirblc.png","width":300,"height":300,"caption":"Anasounds"},"image":{"@id":"https:\/\/anasounds.com\/#\/schema\/logo\/image\/"},"sameAs":["https:\/\/www.facebook.com\/AnasoundsFX\/","https:\/\/www.instagram.com\/anasounds\/","https:\/\/www.youtube.com\/user\/AnaSoundsFR"]}]}},"_links":{"self":[{"href":"https:\/\/anasounds.com\/fr\/wp-json\/wp\/v2\/product\/82623","targetHints":{"allow":["GET"]}}],"collection":[{"href":"https:\/\/anasounds.com\/fr\/wp-json\/wp\/v2\/product"}],"about":[{"href":"https:\/\/anasounds.com\/fr\/wp-json\/wp\/v2\/types\/product"}],"replies":[{"embeddable":true,"href":"https:\/\/anasounds.com\/fr\/wp-json\/wp\/v2\/comments?post=82623"}],"wp:featuredmedia":[{"embeddable":true,"href":"https:\/\/anasounds.com\/fr\/wp-json\/wp\/v2\/media\/82918"}],"wp:attachment":[{"href":"https:\/\/anasounds.com\/fr\/wp-json\/wp\/v2\/media?parent=82623"}],"wp:term":[{"taxonomy":"product_brand","embeddable":true,"href":"https:\/\/anasounds.com\/fr\/wp-json\/wp\/v2\/product_brand?post=82623"},{"taxonomy":"product_cat","embeddable":true,"href":"https:\/\/anasounds.com\/fr\/wp-json\/wp\/v2\/product_cat?post=82623"},{"taxonomy":"product_tag","embeddable":true,"href":"https:\/\/anasounds.com\/fr\/wp-json\/wp\/v2\/product_tag?post=82623"}],"curies":[{"name":"wp","href":"https:\/\/api.w.org\/{rel}","templated":true}]}}