{"id":84712,"date":"2022-08-25T11:07:04","date_gmt":"2022-08-25T09:07:04","guid":{"rendered":"https:\/\/anasounds.com\/?post_type=product&#038;p=84712"},"modified":"2026-03-27T19:59:11","modified_gmt":"2026-03-27T18:59:11","slug":"full-story-anasounds","status":"publish","type":"product","link":"https:\/\/anasounds.com\/fr\/produit\/full-story-anasounds\/","title":{"rendered":"full story anasounds"},"content":{"rendered":"<h3 style=\"text-align: center;\">inspir\u00e9e d&rsquo;une l\u00e9gende de la disto-fuzz<\/h3>\n<p style=\"text-align: center;\">La disto-fuzz massive am\u00e9ricaine est un son incontournable de l\u2019arsenal de tout guitariste qui se respecte, que l\u2019on ait \u00e0 l\u2019origine cherch\u00e9 \u00e0 retrouver le son<br \/>\nde David Gilmour, de Jack White, de J. Mascis ou encore de Billy Corgan.<br \/>\nOn appr\u00e9cie l\u2019\u00e9norme son bien creus\u00e9 qu\u2019elle donne aux riffs les plus simples, mais aussi le sustain infini qu\u2019elle permet d\u2019atteindre en solo pour un jeu profond\u00e9ment lyrique.<br \/>\nLe probl\u00e8me est que cette p\u00e9dale existe depuis plus de cinquante ans et qu\u2019il y a \u00e0 la fois de nombreux mod\u00e8les originaux (dont certains sont devenus financi\u00e8rement inaccessibles)<br \/>\net d\u2019innombrables clones et variations. Comment choisir la sienne ?<\/p>\n<h3 style=\"text-align: center;\">une p\u00e9dale aux multiples facettes<\/h3>\n<p style=\"text-align: center;\">Et d\u2019ailleurs qui a dit qu\u2019il fallait choisir ? En concevant la Full Story, nous avons voulu permettre au guitariste de trouver la couleur de disto-fuzz qui lui correspondait le mieux,<br \/>\nce qui est pass\u00e9 par le concept des Tone Cards.<br \/>\nCe syst\u00e8me, con\u00e7u sp\u00e9cialement pour la Full Story, permet de loger une partie de circuit sur des cartes amovibles afin de choisir sa version<br \/>\nsans les compromis sonores que sous-entendent les p\u00e9dales multi-fuzz habituelles.<\/p>\n<p style=\"text-align: center;\">Et puisque les guitaristes n\u2019aiment pas choisir, la Full Story permet d\u2019accueillir deux Tone Cards.<br \/>\nLa p\u00e9dale est livr\u00e9e d\u2019origine avec deux voicings de disto-fuzz massive imagin\u00e9es pour deux utilisations \u201cid\u00e9ales\u201d de cet effet :<br \/>\nune \u201cmain fuzz\u201d inspir\u00e9e de la premi\u00e8re version russe de la disto-fuzz massive datant des ann\u00e9es 90, mais avec des m\u00e9diums plus creus\u00e9s,<br \/>\ntandis que la \u201csecondary fuzz\u201d s\u2019inspire de la toute premi\u00e8re version sortie en 1969 avec des graves moins baveux.<\/p>\n<h3 style=\"text-align: center;\">deux canaux pour plus de possibilit\u00e9s<\/h3>\n<p style=\"text-align: center;\">Deux groupes de trois boutons permettent de r\u00e9gler chaque fuzz de fa\u00e7on ind\u00e9pendante (un second footswitch sert \u00e0 passer d\u2019une fuzz \u00e0 l\u2019autre),<br \/>\net un switch \u201cMid\u201d change radicalement le caract\u00e8re de la disto-fuzz en ramenant des m\u00e9diums, transformant ainsi un gros son de riff en un son solo incandescent.<\/p>\n<p style=\"text-align: center;\">Mais ce n\u2019est que le d\u00e9but de l\u2019exploration, puisque la Full Story est compatible avec de tr\u00e8s nombreuses Tone Cards vendues s\u00e9par\u00e9ment :<br \/>\nvous n\u2019avez pas fini de vous poser de grandes questions existentielles sur les nuances de disto-fuzz.<\/p>\n","protected":false},"excerpt":{"rendered":"<p>La Full Story Anasounds vous propose un voyage dans l\u2019histoire passionnante de la distorsion-fuzz massive la plus populaire depuis 1969 avec la qualit\u00e9 sonore et la flexibilit\u00e9 d\u2019une fabrication moderne.<\/p>\n","protected":false},"featured_media":84734,"comment_status":"open","ping_status":"closed","template":"","meta":[],"product_brand":[],"product_cat":[661,1555,433,275,268,1485],"product_tag":[1517,67,1520],"class_list":{"0":"post-84712","1":"product","2":"type-product","3":"status-publish","4":"has-post-thumbnail","6":"product_cat-nouveau","7":"product_cat-type-d-effet","8":"product_cat-distortion-fr","9":"product_cat-fuzz-fr","10":"product_cat-pedales-anasounds","11":"product_cat-full-story","12":"product_tag-full-story","13":"product_tag-fuzz","14":"product_tag-tone-cards","16":"first","17":"outofstock","18":"taxable","19":"shipping-taxable","20":"purchasable","21":"product-type-simple"},"supplier_id":83515,"supplier_sku":"","barcode":null,"atum_controlled":true,"out_stock_date":"2026-03-27 19:57:44","out_stock_threshold":null,"inheritable":false,"inbound_stock":0,"stock_on_hold":0,"sold_today":0,"sales_last_days":0,"reserved_stock":0,"customer_returns":0,"warehouse_damage":0,"lost_in_post":0,"other_logs":0,"out_stock_days":17,"lost_sales":0,"has_location":false,"update_date":"2026-04-14T01:07:02","atum_locations":[],"atum_stock_status":"outofstock","restock_status":false,"low_stock_amount":"","sales_update_date":"2026-04-14T01:07:02","calc_backorders":null,"yoast_head":"<!-- This site is optimized with the Yoast SEO plugin v26.5 - https:\/\/yoast.com\/wordpress\/plugins\/seo\/ -->\n<title>full story anasounds | Anasounds<\/title>\n<meta name=\"description\" content=\"La Anasounds Full Story propose deux versions id\u00e9ales de la fameuse disto-fuzz massive am\u00e9ricaine, les deux \u00e9tant r\u00e9glables ind\u00e9pendamment pour passer de l\u2019une \u00e0 l\u2019autre via footswitch.\" \/>\n<meta name=\"robots\" content=\"index, follow, max-snippet:-1, max-image-preview:large, max-video-preview:-1\" \/>\n<link rel=\"canonical\" href=\"https:\/\/anasounds.com\/fr\/produit\/full-story-anasounds\/\" \/>\n<meta property=\"og:locale\" content=\"fr_FR\" \/>\n<meta property=\"og:type\" content=\"article\" \/>\n<meta property=\"og:title\" content=\"full story anasounds | Anasounds\" \/>\n<meta property=\"og:description\" content=\"La Anasounds Full Story propose deux versions id\u00e9ales de la fameuse disto-fuzz massive am\u00e9ricaine, les deux \u00e9tant r\u00e9glables ind\u00e9pendamment pour passer de l\u2019une \u00e0 l\u2019autre via footswitch.\" \/>\n<meta property=\"og:url\" content=\"https:\/\/anasounds.com\/fr\/produit\/full-story-anasounds\/\" \/>\n<meta property=\"og:site_name\" content=\"Anasounds\" \/>\n<meta property=\"article:publisher\" content=\"https:\/\/www.facebook.com\/AnasoundsFX\/\" \/>\n<meta property=\"article:modified_time\" content=\"2026-03-27T18:59:11+00:00\" \/>\n<meta property=\"og:image\" content=\"https:\/\/anasounds.com\/wp-content\/uploads\/2022\/08\/FullStory-Anasounds-2.jpg\" \/>\n\t<meta property=\"og:image:width\" content=\"1500\" \/>\n\t<meta property=\"og:image:height\" content=\"1500\" \/>\n\t<meta property=\"og:image:type\" content=\"image\/jpeg\" \/>\n<meta name=\"twitter:card\" content=\"summary_large_image\" \/>\n<meta name=\"twitter:label1\" content=\"Dur\u00e9e de lecture estim\u00e9e\" \/>\n\t<meta name=\"twitter:data1\" content=\"3 minutes\" \/>\n<script type=\"application\/ld+json\" class=\"yoast-schema-graph\">{\"@context\":\"https:\/\/schema.org\",\"@graph\":[{\"@type\":\"WebPage\",\"@id\":\"https:\/\/anasounds.com\/fr\/produit\/full-story-anasounds\/\",\"url\":\"https:\/\/anasounds.com\/fr\/produit\/full-story-anasounds\/\",\"name\":\"full story anasounds | Anasounds\",\"isPartOf\":{\"@id\":\"https:\/\/anasounds.com\/#website\"},\"primaryImageOfPage\":{\"@id\":\"https:\/\/anasounds.com\/fr\/produit\/full-story-anasounds\/#primaryimage\"},\"image\":{\"@id\":\"https:\/\/anasounds.com\/fr\/produit\/full-story-anasounds\/#primaryimage\"},\"thumbnailUrl\":\"https:\/\/anasounds.com\/wp-content\/uploads\/2022\/08\/FullStory-Anasounds-2.jpg\",\"datePublished\":\"2022-08-25T09:07:04+00:00\",\"dateModified\":\"2026-03-27T18:59:11+00:00\",\"description\":\"La Anasounds Full Story propose deux versions id\u00e9ales de la fameuse disto-fuzz massive am\u00e9ricaine, les deux \u00e9tant r\u00e9glables ind\u00e9pendamment pour passer de l\u2019une \u00e0 l\u2019autre via footswitch.\",\"breadcrumb\":{\"@id\":\"https:\/\/anasounds.com\/fr\/produit\/full-story-anasounds\/#breadcrumb\"},\"inLanguage\":\"fr-FR\",\"potentialAction\":[{\"@type\":\"ReadAction\",\"target\":[\"https:\/\/anasounds.com\/fr\/produit\/full-story-anasounds\/\"]}]},{\"@type\":\"ImageObject\",\"inLanguage\":\"fr-FR\",\"@id\":\"https:\/\/anasounds.com\/fr\/produit\/full-story-anasounds\/#primaryimage\",\"url\":\"https:\/\/anasounds.com\/wp-content\/uploads\/2022\/08\/FullStory-Anasounds-2.jpg\",\"contentUrl\":\"https:\/\/anasounds.com\/wp-content\/uploads\/2022\/08\/FullStory-Anasounds-2.jpg\",\"width\":1500,\"height\":1500},{\"@type\":\"BreadcrumbList\",\"@id\":\"https:\/\/anasounds.com\/fr\/produit\/full-story-anasounds\/#breadcrumb\",\"itemListElement\":[{\"@type\":\"ListItem\",\"position\":1,\"name\":\"Home\",\"item\":\"https:\/\/anasounds.com\/fr\/\"},{\"@type\":\"ListItem\",\"position\":2,\"name\":\"boutique\",\"item\":\"https:\/\/anasounds.com\/fr\/shop\/\"},{\"@type\":\"ListItem\",\"position\":3,\"name\":\"full story anasounds\"}]},{\"@type\":\"WebSite\",\"@id\":\"https:\/\/anasounds.com\/#website\",\"url\":\"https:\/\/anasounds.com\/\",\"name\":\"Anasounds\",\"description\":\"P\u00e9dales \u00e0 la Fran\u00e7aise\",\"publisher\":{\"@id\":\"https:\/\/anasounds.com\/#organization\"},\"potentialAction\":[{\"@type\":\"SearchAction\",\"target\":{\"@type\":\"EntryPoint\",\"urlTemplate\":\"https:\/\/anasounds.com\/?s={search_term_string}\"},\"query-input\":{\"@type\":\"PropertyValueSpecification\",\"valueRequired\":true,\"valueName\":\"search_term_string\"}}],\"inLanguage\":\"fr-FR\"},{\"@type\":\"Organization\",\"@id\":\"https:\/\/anasounds.com\/#organization\",\"name\":\"Anasounds\",\"url\":\"https:\/\/anasounds.com\/\",\"logo\":{\"@type\":\"ImageObject\",\"inLanguage\":\"fr-FR\",\"@id\":\"https:\/\/anasounds.com\/#\/schema\/logo\/image\/\",\"url\":\"https:\/\/anasounds.com\/wp-content\/uploads\/2017\/10\/Logomadeinfrnoirblc.png\",\"contentUrl\":\"https:\/\/anasounds.com\/wp-content\/uploads\/2017\/10\/Logomadeinfrnoirblc.png\",\"width\":300,\"height\":300,\"caption\":\"Anasounds\"},\"image\":{\"@id\":\"https:\/\/anasounds.com\/#\/schema\/logo\/image\/\"},\"sameAs\":[\"https:\/\/www.facebook.com\/AnasoundsFX\/\",\"https:\/\/www.instagram.com\/anasounds\/\",\"https:\/\/www.youtube.com\/user\/AnaSoundsFR\"]}]}<\/script>\n<!-- \/ Yoast SEO plugin. -->","yoast_head_json":{"title":"full story anasounds | Anasounds","description":"La Anasounds Full Story propose deux versions id\u00e9ales de la fameuse disto-fuzz massive am\u00e9ricaine, les deux \u00e9tant r\u00e9glables ind\u00e9pendamment pour passer de l\u2019une \u00e0 l\u2019autre via footswitch.","robots":{"index":"index","follow":"follow","max-snippet":"max-snippet:-1","max-image-preview":"max-image-preview:large","max-video-preview":"max-video-preview:-1"},"canonical":"https:\/\/anasounds.com\/fr\/produit\/full-story-anasounds\/","og_locale":"fr_FR","og_type":"article","og_title":"full story anasounds | Anasounds","og_description":"La Anasounds Full Story propose deux versions id\u00e9ales de la fameuse disto-fuzz massive am\u00e9ricaine, les deux \u00e9tant r\u00e9glables ind\u00e9pendamment pour passer de l\u2019une \u00e0 l\u2019autre via footswitch.","og_url":"https:\/\/anasounds.com\/fr\/produit\/full-story-anasounds\/","og_site_name":"Anasounds","article_publisher":"https:\/\/www.facebook.com\/AnasoundsFX\/","article_modified_time":"2026-03-27T18:59:11+00:00","og_image":[{"width":1500,"height":1500,"url":"https:\/\/anasounds.com\/wp-content\/uploads\/2022\/08\/FullStory-Anasounds-2.jpg","type":"image\/jpeg"}],"twitter_card":"summary_large_image","twitter_misc":{"Dur\u00e9e de lecture estim\u00e9e":"3 minutes"},"schema":{"@context":"https:\/\/schema.org","@graph":[{"@type":"WebPage","@id":"https:\/\/anasounds.com\/fr\/produit\/full-story-anasounds\/","url":"https:\/\/anasounds.com\/fr\/produit\/full-story-anasounds\/","name":"full story anasounds | Anasounds","isPartOf":{"@id":"https:\/\/anasounds.com\/#website"},"primaryImageOfPage":{"@id":"https:\/\/anasounds.com\/fr\/produit\/full-story-anasounds\/#primaryimage"},"image":{"@id":"https:\/\/anasounds.com\/fr\/produit\/full-story-anasounds\/#primaryimage"},"thumbnailUrl":"https:\/\/anasounds.com\/wp-content\/uploads\/2022\/08\/FullStory-Anasounds-2.jpg","datePublished":"2022-08-25T09:07:04+00:00","dateModified":"2026-03-27T18:59:11+00:00","description":"La Anasounds Full Story propose deux versions id\u00e9ales de la fameuse disto-fuzz massive am\u00e9ricaine, les deux \u00e9tant r\u00e9glables ind\u00e9pendamment pour passer de l\u2019une \u00e0 l\u2019autre via footswitch.","breadcrumb":{"@id":"https:\/\/anasounds.com\/fr\/produit\/full-story-anasounds\/#breadcrumb"},"inLanguage":"fr-FR","potentialAction":[{"@type":"ReadAction","target":["https:\/\/anasounds.com\/fr\/produit\/full-story-anasounds\/"]}]},{"@type":"ImageObject","inLanguage":"fr-FR","@id":"https:\/\/anasounds.com\/fr\/produit\/full-story-anasounds\/#primaryimage","url":"https:\/\/anasounds.com\/wp-content\/uploads\/2022\/08\/FullStory-Anasounds-2.jpg","contentUrl":"https:\/\/anasounds.com\/wp-content\/uploads\/2022\/08\/FullStory-Anasounds-2.jpg","width":1500,"height":1500},{"@type":"BreadcrumbList","@id":"https:\/\/anasounds.com\/fr\/produit\/full-story-anasounds\/#breadcrumb","itemListElement":[{"@type":"ListItem","position":1,"name":"Home","item":"https:\/\/anasounds.com\/fr\/"},{"@type":"ListItem","position":2,"name":"boutique","item":"https:\/\/anasounds.com\/fr\/shop\/"},{"@type":"ListItem","position":3,"name":"full story anasounds"}]},{"@type":"WebSite","@id":"https:\/\/anasounds.com\/#website","url":"https:\/\/anasounds.com\/","name":"Anasounds","description":"P\u00e9dales \u00e0 la Fran\u00e7aise","publisher":{"@id":"https:\/\/anasounds.com\/#organization"},"potentialAction":[{"@type":"SearchAction","target":{"@type":"EntryPoint","urlTemplate":"https:\/\/anasounds.com\/?s={search_term_string}"},"query-input":{"@type":"PropertyValueSpecification","valueRequired":true,"valueName":"search_term_string"}}],"inLanguage":"fr-FR"},{"@type":"Organization","@id":"https:\/\/anasounds.com\/#organization","name":"Anasounds","url":"https:\/\/anasounds.com\/","logo":{"@type":"ImageObject","inLanguage":"fr-FR","@id":"https:\/\/anasounds.com\/#\/schema\/logo\/image\/","url":"https:\/\/anasounds.com\/wp-content\/uploads\/2017\/10\/Logomadeinfrnoirblc.png","contentUrl":"https:\/\/anasounds.com\/wp-content\/uploads\/2017\/10\/Logomadeinfrnoirblc.png","width":300,"height":300,"caption":"Anasounds"},"image":{"@id":"https:\/\/anasounds.com\/#\/schema\/logo\/image\/"},"sameAs":["https:\/\/www.facebook.com\/AnasoundsFX\/","https:\/\/www.instagram.com\/anasounds\/","https:\/\/www.youtube.com\/user\/AnaSoundsFR"]}]}},"_links":{"self":[{"href":"https:\/\/anasounds.com\/fr\/wp-json\/wp\/v2\/product\/84712","targetHints":{"allow":["GET"]}}],"collection":[{"href":"https:\/\/anasounds.com\/fr\/wp-json\/wp\/v2\/product"}],"about":[{"href":"https:\/\/anasounds.com\/fr\/wp-json\/wp\/v2\/types\/product"}],"replies":[{"embeddable":true,"href":"https:\/\/anasounds.com\/fr\/wp-json\/wp\/v2\/comments?post=84712"}],"wp:featuredmedia":[{"embeddable":true,"href":"https:\/\/anasounds.com\/fr\/wp-json\/wp\/v2\/media\/84734"}],"wp:attachment":[{"href":"https:\/\/anasounds.com\/fr\/wp-json\/wp\/v2\/media?parent=84712"}],"wp:term":[{"taxonomy":"product_brand","embeddable":true,"href":"https:\/\/anasounds.com\/fr\/wp-json\/wp\/v2\/product_brand?post=84712"},{"taxonomy":"product_cat","embeddable":true,"href":"https:\/\/anasounds.com\/fr\/wp-json\/wp\/v2\/product_cat?post=84712"},{"taxonomy":"product_tag","embeddable":true,"href":"https:\/\/anasounds.com\/fr\/wp-json\/wp\/v2\/product_tag?post=84712"}],"curies":[{"name":"wp","href":"https:\/\/api.w.org\/{rel}","templated":true}]}}