{"id":84716,"date":"2022-08-25T11:16:27","date_gmt":"2022-08-25T09:16:27","guid":{"rendered":"https:\/\/anasounds.com\/?post_type=product&#038;p=84716"},"modified":"2026-03-10T21:16:59","modified_gmt":"2026-03-10T20:16:59","slug":"full-story-tone-cards-edition-collector-pack-complet","status":"publish","type":"product","link":"https:\/\/anasounds.com\/fr\/produit\/full-story-tone-cards-edition-collector-pack-complet\/","title":{"rendered":"full story tone cards &#8211; pack \u00e9dition collector complet x7"},"content":{"rendered":"<h1 style=\"text-align: center;\">7 l\u00e9gendes de la disto-fuzz<\/h1>\n<p style=\"text-align: center;\">Vous n\u2019avez pas \u00e9t\u00e9 assez rapide et n\u2019avez pas eu l\u2019occasion de mettre la main sur le coffret Anasounds Full Story en \u00e9dition limit\u00e9e ?<br \/>\nQu\u2019\u00e0 cela ne tienne, vous pouvez retrouver les sept Tone Cards historiques qui \u00e9taient pr\u00e9sentes dans ce coffret gr\u00e2ce \u00e0 ce pack.<br \/>\nLibre \u00e0 vous d\u2019utiliser ces sept sons l\u00e9gendaires avec la version <a href=\"https:\/\/anasounds.com\/fr\/produit\/full-story-anasounds\/\" target=\"_blank\" rel=\"noopener\">Anasounds<\/a> (deux emplacements donc) ou <a href=\"https:\/\/anasounds.com\/fr\/produit\/full-story-fx-teacher-version-assemblee-par-anasounds\/\" target=\"_blank\" rel=\"noopener\">FX Teacher<\/a> (un seul emplacement),<br \/>\ndans les deux cas ces Cards ne sont pas des approximations ou des simulations des p\u00e9dales d\u2019\u00e9poque, ce sont des circuits reproduits \u00e0 l\u2019identique sans aucun compromis.<\/p>\n<h1 style=\"text-align: center;\">contenu du pack<\/h1>\n<p style=\"text-align: center;\">Le kit de sept Cards reprend les <a href=\"https:\/\/anasounds.com\/fr\/histoire-big-muff\/\" target=\"_blank\" rel=\"noopener\">versions principales<\/a> de la fameuse disto-fuzz massive, avec une r\u00e9duction 120\u20ac de par rapport aux cartes individuelles.<br \/>\nChacune de ces versions a des caract\u00e9ristiques sonores qui lui sont propres et qui l\u2019ont rendue importante aupr\u00e8s des guitaristes.<br \/>\nCertaines versions ont plus ou moins de m\u00e9diums, plus ou moins de gain, des graves qui bavent plus ou moins, des aigus plus ou moins tranchants,<br \/>\net il y aura forc\u00e9ment le grain que vous recherchez parmi ces sept merveilles du monde de la disto-fuzz massive.<br \/>\nCe n\u2019est pas pour rien que certaines des p\u00e9dales originales se vendent \u00e0 des prix d\u00e9lirants sur le march\u00e9 de l\u2019occasion :<br \/>\nelles sont toutes diff\u00e9rentes, et plut\u00f4t que de vous perdre dans une qu\u00eate illusoire, vous pouvez directement faire confiance \u00e0 nos concepteurs<br \/>\nqui ont su choisir les plus beaux sons parmi une vaste collection d\u2019inspiratrices. Lancez vous avec nous dans la fabrique de votre propre couleur.<br \/>\nLe display en 1\u00e8re photo n&rsquo;est pas inclus dans le pack.<\/p>\n<h1 style=\"text-align: center;\">la gamme full story<\/h1>\n<p style=\"text-align: center;\">Toutes les Tone Cards sont compatibles avec notre gamme de p\u00e9dales <a href=\"https:\/\/anasounds.com\/fr\/the-full-story\/\" target=\"_blank\" rel=\"noopener\">Full Story<\/a>.<br \/>\nLa version <a href=\"https:\/\/anasounds.com\/fr\/produit\/full-story-anasounds\/\" target=\"_blank\" rel=\"noopener\">Anasounds<\/a> peut contenir deux Tone Cards, avec les 3 r\u00e9glages classiques et un switch de Mid par carte.<br \/>\nLa version <a href=\"https:\/\/anasounds.com\/fr\/produit\/full-story-fx-teacher-version-assemblee-par-anasounds\/\" target=\"_blank\" rel=\"noopener\">FX Teacher<\/a> contient une seule Tone Cards, mais propose de nombreuses options de customisation avec diff\u00e9rentes r\u00e9ponses dans les m\u00e9diums,<br \/>\ndiff\u00e9rents clippings et des borniers pour changer des composants.<\/p>\n","protected":false},"excerpt":{"rendered":"<p>Ce pack contient sept Tone Cards \u00e0 utiliser avec la Anasounds Full Story pour retrouver le son de sept versions historiques de la fameuse disto-fuzz massive qui a fait l\u2019histoire du gros son.<\/p>\n","protected":false},"featured_media":84912,"comment_status":"open","ping_status":"closed","template":"","meta":[],"product_brand":[],"product_cat":[661,433,275,268,1485],"product_tag":[1522,1520],"class_list":{"0":"post-84716","1":"product","2":"type-product","3":"status-publish","4":"has-post-thumbnail","6":"product_cat-nouveau","7":"product_cat-distortion-fr","8":"product_cat-fuzz-fr","9":"product_cat-pedales-anasounds","10":"product_cat-full-story","11":"product_tag-edition-collector","12":"product_tag-tone-cards","14":"first","15":"instock","16":"sale","17":"taxable","18":"shipping-taxable","19":"purchasable","20":"product-type-simple"},"supplier_id":83515,"supplier_sku":"","barcode":null,"atum_controlled":true,"out_stock_date":null,"out_stock_threshold":null,"inheritable":false,"inbound_stock":0,"stock_on_hold":0,"sold_today":0,"sales_last_days":0,"reserved_stock":0,"customer_returns":0,"warehouse_damage":0,"lost_in_post":0,"other_logs":0,"out_stock_days":0,"lost_sales":0,"has_location":false,"update_date":"2026-04-19T01:10:04","atum_locations":[],"atum_stock_status":"instock","restock_status":false,"low_stock_amount":"","sales_update_date":"2026-04-19T01:10:04","calc_backorders":0,"yoast_head":"<!-- This site is optimized with the Yoast SEO plugin v26.5 - https:\/\/yoast.com\/wordpress\/plugins\/seo\/ -->\n<title>full story tone cards - pack \u00e9dition collector complet x7 | Anasounds<\/title>\n<meta name=\"description\" content=\"Ce coffret propose les sept Tone Cards qui retracent l\u2019histoire de la p\u00e9dale de disto-fuzz massive am\u00e9ricaine reproduite par la Anasounds Full Story.\" \/>\n<meta name=\"robots\" content=\"index, follow, max-snippet:-1, max-image-preview:large, max-video-preview:-1\" \/>\n<link rel=\"canonical\" href=\"https:\/\/anasounds.com\/fr\/produit\/full-story-tone-cards-edition-collector-pack-complet\/\" \/>\n<meta property=\"og:locale\" content=\"fr_FR\" \/>\n<meta property=\"og:type\" content=\"article\" \/>\n<meta property=\"og:title\" content=\"full story tone cards - pack \u00e9dition collector complet x7 | Anasounds\" \/>\n<meta property=\"og:description\" content=\"Ce coffret propose les sept Tone Cards qui retracent l\u2019histoire de la p\u00e9dale de disto-fuzz massive am\u00e9ricaine reproduite par la Anasounds Full Story.\" \/>\n<meta property=\"og:url\" content=\"https:\/\/anasounds.com\/fr\/produit\/full-story-tone-cards-edition-collector-pack-complet\/\" \/>\n<meta property=\"og:site_name\" content=\"Anasounds\" \/>\n<meta property=\"article:publisher\" content=\"https:\/\/www.facebook.com\/AnasoundsFX\/\" \/>\n<meta property=\"article:modified_time\" content=\"2026-03-10T20:16:59+00:00\" \/>\n<meta property=\"og:image\" content=\"https:\/\/anasounds.com\/wp-content\/uploads\/2022\/08\/Full_story_tone_cards_pack_7_2.jpg\" \/>\n\t<meta property=\"og:image:width\" content=\"1500\" \/>\n\t<meta property=\"og:image:height\" content=\"1500\" \/>\n\t<meta property=\"og:image:type\" content=\"image\/jpeg\" \/>\n<meta name=\"twitter:card\" content=\"summary_large_image\" \/>\n<meta name=\"twitter:label1\" content=\"Dur\u00e9e de lecture estim\u00e9e\" \/>\n\t<meta name=\"twitter:data1\" content=\"2 minutes\" \/>\n<script type=\"application\/ld+json\" class=\"yoast-schema-graph\">{\"@context\":\"https:\/\/schema.org\",\"@graph\":[{\"@type\":\"WebPage\",\"@id\":\"https:\/\/anasounds.com\/fr\/produit\/full-story-tone-cards-edition-collector-pack-complet\/\",\"url\":\"https:\/\/anasounds.com\/fr\/produit\/full-story-tone-cards-edition-collector-pack-complet\/\",\"name\":\"full story tone cards - pack \u00e9dition collector complet x7 | Anasounds\",\"isPartOf\":{\"@id\":\"https:\/\/anasounds.com\/#website\"},\"primaryImageOfPage\":{\"@id\":\"https:\/\/anasounds.com\/fr\/produit\/full-story-tone-cards-edition-collector-pack-complet\/#primaryimage\"},\"image\":{\"@id\":\"https:\/\/anasounds.com\/fr\/produit\/full-story-tone-cards-edition-collector-pack-complet\/#primaryimage\"},\"thumbnailUrl\":\"https:\/\/anasounds.com\/wp-content\/uploads\/2022\/08\/Full_story_tone_cards_pack_7_2.jpg\",\"datePublished\":\"2022-08-25T09:16:27+00:00\",\"dateModified\":\"2026-03-10T20:16:59+00:00\",\"description\":\"Ce coffret propose les sept Tone Cards qui retracent l\u2019histoire de la p\u00e9dale de disto-fuzz massive am\u00e9ricaine reproduite par la Anasounds Full Story.\",\"breadcrumb\":{\"@id\":\"https:\/\/anasounds.com\/fr\/produit\/full-story-tone-cards-edition-collector-pack-complet\/#breadcrumb\"},\"inLanguage\":\"fr-FR\",\"potentialAction\":[{\"@type\":\"ReadAction\",\"target\":[\"https:\/\/anasounds.com\/fr\/produit\/full-story-tone-cards-edition-collector-pack-complet\/\"]}]},{\"@type\":\"ImageObject\",\"inLanguage\":\"fr-FR\",\"@id\":\"https:\/\/anasounds.com\/fr\/produit\/full-story-tone-cards-edition-collector-pack-complet\/#primaryimage\",\"url\":\"https:\/\/anasounds.com\/wp-content\/uploads\/2022\/08\/Full_story_tone_cards_pack_7_2.jpg\",\"contentUrl\":\"https:\/\/anasounds.com\/wp-content\/uploads\/2022\/08\/Full_story_tone_cards_pack_7_2.jpg\",\"width\":1500,\"height\":1500},{\"@type\":\"BreadcrumbList\",\"@id\":\"https:\/\/anasounds.com\/fr\/produit\/full-story-tone-cards-edition-collector-pack-complet\/#breadcrumb\",\"itemListElement\":[{\"@type\":\"ListItem\",\"position\":1,\"name\":\"Home\",\"item\":\"https:\/\/anasounds.com\/fr\/\"},{\"@type\":\"ListItem\",\"position\":2,\"name\":\"boutique\",\"item\":\"https:\/\/anasounds.com\/fr\/shop\/\"},{\"@type\":\"ListItem\",\"position\":3,\"name\":\"full story tone cards &#8211; pack \u00e9dition collector complet x7\"}]},{\"@type\":\"WebSite\",\"@id\":\"https:\/\/anasounds.com\/#website\",\"url\":\"https:\/\/anasounds.com\/\",\"name\":\"Anasounds\",\"description\":\"P\u00e9dales \u00e0 la Fran\u00e7aise\",\"publisher\":{\"@id\":\"https:\/\/anasounds.com\/#organization\"},\"potentialAction\":[{\"@type\":\"SearchAction\",\"target\":{\"@type\":\"EntryPoint\",\"urlTemplate\":\"https:\/\/anasounds.com\/?s={search_term_string}\"},\"query-input\":{\"@type\":\"PropertyValueSpecification\",\"valueRequired\":true,\"valueName\":\"search_term_string\"}}],\"inLanguage\":\"fr-FR\"},{\"@type\":\"Organization\",\"@id\":\"https:\/\/anasounds.com\/#organization\",\"name\":\"Anasounds\",\"url\":\"https:\/\/anasounds.com\/\",\"logo\":{\"@type\":\"ImageObject\",\"inLanguage\":\"fr-FR\",\"@id\":\"https:\/\/anasounds.com\/#\/schema\/logo\/image\/\",\"url\":\"https:\/\/anasounds.com\/wp-content\/uploads\/2017\/10\/Logomadeinfrnoirblc.png\",\"contentUrl\":\"https:\/\/anasounds.com\/wp-content\/uploads\/2017\/10\/Logomadeinfrnoirblc.png\",\"width\":300,\"height\":300,\"caption\":\"Anasounds\"},\"image\":{\"@id\":\"https:\/\/anasounds.com\/#\/schema\/logo\/image\/\"},\"sameAs\":[\"https:\/\/www.facebook.com\/AnasoundsFX\/\",\"https:\/\/www.instagram.com\/anasounds\/\",\"https:\/\/www.youtube.com\/user\/AnaSoundsFR\"]}]}<\/script>\n<!-- \/ Yoast SEO plugin. -->","yoast_head_json":{"title":"full story tone cards - pack \u00e9dition collector complet x7 | Anasounds","description":"Ce coffret propose les sept Tone Cards qui retracent l\u2019histoire de la p\u00e9dale de disto-fuzz massive am\u00e9ricaine reproduite par la Anasounds Full Story.","robots":{"index":"index","follow":"follow","max-snippet":"max-snippet:-1","max-image-preview":"max-image-preview:large","max-video-preview":"max-video-preview:-1"},"canonical":"https:\/\/anasounds.com\/fr\/produit\/full-story-tone-cards-edition-collector-pack-complet\/","og_locale":"fr_FR","og_type":"article","og_title":"full story tone cards - pack \u00e9dition collector complet x7 | Anasounds","og_description":"Ce coffret propose les sept Tone Cards qui retracent l\u2019histoire de la p\u00e9dale de disto-fuzz massive am\u00e9ricaine reproduite par la Anasounds Full Story.","og_url":"https:\/\/anasounds.com\/fr\/produit\/full-story-tone-cards-edition-collector-pack-complet\/","og_site_name":"Anasounds","article_publisher":"https:\/\/www.facebook.com\/AnasoundsFX\/","article_modified_time":"2026-03-10T20:16:59+00:00","og_image":[{"width":1500,"height":1500,"url":"https:\/\/anasounds.com\/wp-content\/uploads\/2022\/08\/Full_story_tone_cards_pack_7_2.jpg","type":"image\/jpeg"}],"twitter_card":"summary_large_image","twitter_misc":{"Dur\u00e9e de lecture estim\u00e9e":"2 minutes"},"schema":{"@context":"https:\/\/schema.org","@graph":[{"@type":"WebPage","@id":"https:\/\/anasounds.com\/fr\/produit\/full-story-tone-cards-edition-collector-pack-complet\/","url":"https:\/\/anasounds.com\/fr\/produit\/full-story-tone-cards-edition-collector-pack-complet\/","name":"full story tone cards - pack \u00e9dition collector complet x7 | Anasounds","isPartOf":{"@id":"https:\/\/anasounds.com\/#website"},"primaryImageOfPage":{"@id":"https:\/\/anasounds.com\/fr\/produit\/full-story-tone-cards-edition-collector-pack-complet\/#primaryimage"},"image":{"@id":"https:\/\/anasounds.com\/fr\/produit\/full-story-tone-cards-edition-collector-pack-complet\/#primaryimage"},"thumbnailUrl":"https:\/\/anasounds.com\/wp-content\/uploads\/2022\/08\/Full_story_tone_cards_pack_7_2.jpg","datePublished":"2022-08-25T09:16:27+00:00","dateModified":"2026-03-10T20:16:59+00:00","description":"Ce coffret propose les sept Tone Cards qui retracent l\u2019histoire de la p\u00e9dale de disto-fuzz massive am\u00e9ricaine reproduite par la Anasounds Full Story.","breadcrumb":{"@id":"https:\/\/anasounds.com\/fr\/produit\/full-story-tone-cards-edition-collector-pack-complet\/#breadcrumb"},"inLanguage":"fr-FR","potentialAction":[{"@type":"ReadAction","target":["https:\/\/anasounds.com\/fr\/produit\/full-story-tone-cards-edition-collector-pack-complet\/"]}]},{"@type":"ImageObject","inLanguage":"fr-FR","@id":"https:\/\/anasounds.com\/fr\/produit\/full-story-tone-cards-edition-collector-pack-complet\/#primaryimage","url":"https:\/\/anasounds.com\/wp-content\/uploads\/2022\/08\/Full_story_tone_cards_pack_7_2.jpg","contentUrl":"https:\/\/anasounds.com\/wp-content\/uploads\/2022\/08\/Full_story_tone_cards_pack_7_2.jpg","width":1500,"height":1500},{"@type":"BreadcrumbList","@id":"https:\/\/anasounds.com\/fr\/produit\/full-story-tone-cards-edition-collector-pack-complet\/#breadcrumb","itemListElement":[{"@type":"ListItem","position":1,"name":"Home","item":"https:\/\/anasounds.com\/fr\/"},{"@type":"ListItem","position":2,"name":"boutique","item":"https:\/\/anasounds.com\/fr\/shop\/"},{"@type":"ListItem","position":3,"name":"full story tone cards &#8211; pack \u00e9dition collector complet x7"}]},{"@type":"WebSite","@id":"https:\/\/anasounds.com\/#website","url":"https:\/\/anasounds.com\/","name":"Anasounds","description":"P\u00e9dales \u00e0 la Fran\u00e7aise","publisher":{"@id":"https:\/\/anasounds.com\/#organization"},"potentialAction":[{"@type":"SearchAction","target":{"@type":"EntryPoint","urlTemplate":"https:\/\/anasounds.com\/?s={search_term_string}"},"query-input":{"@type":"PropertyValueSpecification","valueRequired":true,"valueName":"search_term_string"}}],"inLanguage":"fr-FR"},{"@type":"Organization","@id":"https:\/\/anasounds.com\/#organization","name":"Anasounds","url":"https:\/\/anasounds.com\/","logo":{"@type":"ImageObject","inLanguage":"fr-FR","@id":"https:\/\/anasounds.com\/#\/schema\/logo\/image\/","url":"https:\/\/anasounds.com\/wp-content\/uploads\/2017\/10\/Logomadeinfrnoirblc.png","contentUrl":"https:\/\/anasounds.com\/wp-content\/uploads\/2017\/10\/Logomadeinfrnoirblc.png","width":300,"height":300,"caption":"Anasounds"},"image":{"@id":"https:\/\/anasounds.com\/#\/schema\/logo\/image\/"},"sameAs":["https:\/\/www.facebook.com\/AnasoundsFX\/","https:\/\/www.instagram.com\/anasounds\/","https:\/\/www.youtube.com\/user\/AnaSoundsFR"]}]}},"_links":{"self":[{"href":"https:\/\/anasounds.com\/fr\/wp-json\/wp\/v2\/product\/84716","targetHints":{"allow":["GET"]}}],"collection":[{"href":"https:\/\/anasounds.com\/fr\/wp-json\/wp\/v2\/product"}],"about":[{"href":"https:\/\/anasounds.com\/fr\/wp-json\/wp\/v2\/types\/product"}],"replies":[{"embeddable":true,"href":"https:\/\/anasounds.com\/fr\/wp-json\/wp\/v2\/comments?post=84716"}],"wp:featuredmedia":[{"embeddable":true,"href":"https:\/\/anasounds.com\/fr\/wp-json\/wp\/v2\/media\/84912"}],"wp:attachment":[{"href":"https:\/\/anasounds.com\/fr\/wp-json\/wp\/v2\/media?parent=84716"}],"wp:term":[{"taxonomy":"product_brand","embeddable":true,"href":"https:\/\/anasounds.com\/fr\/wp-json\/wp\/v2\/product_brand?post=84716"},{"taxonomy":"product_cat","embeddable":true,"href":"https:\/\/anasounds.com\/fr\/wp-json\/wp\/v2\/product_cat?post=84716"},{"taxonomy":"product_tag","embeddable":true,"href":"https:\/\/anasounds.com\/fr\/wp-json\/wp\/v2\/product_tag?post=84716"}],"curies":[{"name":"wp","href":"https:\/\/api.w.org\/{rel}","templated":true}]}}