{"id":84721,"date":"2022-08-25T11:24:42","date_gmt":"2022-08-25T09:24:42","guid":{"rendered":"https:\/\/anasounds.com\/?post_type=product&#038;p=84721"},"modified":"2025-12-29T22:18:05","modified_gmt":"2025-12-29T21:18:05","slug":"full-story-tone-cards-pack-collab-complet","status":"publish","type":"product","link":"https:\/\/anasounds.com\/fr\/produit\/full-story-tone-cards-pack-collab-complet\/","title":{"rendered":"full story tone cards &#8211; pack collab complet &#8211; alh effects &#038; tampco"},"content":{"rendered":"<h3 style=\"text-align: center;\">la gamme de tone cards \u00e9volue<\/h3>\n<p style=\"text-align: center;\">Lorsque nous avons con\u00e7u la Full Story, notre intention \u00e9tait de proposer le plus de variations possibles sur le th\u00e8me de l\u2019ind\u00e9modable disto-fuzz massive<br \/>\nque l\u2019on a entendu sur la plupart des albums enregistr\u00e9s depuis 1969.<br \/>\nIl y a eu de tr\u00e8s nombreuses versions successives de ce circuit, et avant la Full Story les tentatives d\u2019en regrouper plusieurs dans le m\u00eame bo\u00eetier ont plut\u00f4t \u00e9t\u00e9 des compromis et des approximations.<br \/>\nNous avons donc d\u00e9velopp\u00e9 le format Tone Cards afin de profiter du circuit de la Full Story pour exploiter des mini circuits interchangeables :<br \/>\nau lieu de tout faire rentrer au chausse-pied dans un seul bo\u00eetier, il vous suffit de choisir votre carte pour \u00e9couter une nouvelle couleur.<\/p>\n<h3 style=\"text-align: center;\">contenu du pack<\/h3>\n<p style=\"text-align: center;\">Apr\u00e8s avoir propos\u00e9 <a href=\"https:\/\/anasounds.com\/fr\/produit\/full-story-tone-cards-edition-collector-pack-complet\/\" target=\"_blank\" rel=\"noopener\">sept Tone Cards<\/a> reprenant des disto-fuzz historiques puis <a href=\"https:\/\/anasounds.com\/fr\/produit\/full-story-tone-cards-pack-anasounds-fx-teacher-complet\/\" target=\"_blank\" rel=\"noopener\">trois cartes \u201ccustom\u201d<\/a> qui modifient ces versions historiques,<br \/>\nl\u2019\u00e9tape suivante \u00e9tait donc de profiter de ce nouveau format pour collaborer avec d\u2019autres marques.<br \/>\nDeux noms se sont imm\u00e9diatement impos\u00e9s comme des \u00e9vidences absolues : d\u2019une part les nantais de ALH Effects, et d\u2019autre part les nouveaux arrivants de Tampco Pedals,<br \/>\ndeux marques fran\u00e7aises qui partagent les m\u00eames valeurs d\u2019excellence sonore et de fabrication \u00e9thique qu\u2019Anasounds.<br \/>\nLa gamme ALH Effects a \u00e9t\u00e9 construite autour d\u2019un amour fou pour David Gilmour, et leurs p\u00e9dales reprennent donc des circuits qui se trouvaient sur les pedalboards successifs du g\u00e9nial britannique.<br \/>\n\u00c0 ce titre, ils ont donc sorti plusieurs versions de la disto-fuzz massive qui sont suffisamment passionnantes pour m\u00e9riter de devenir des Tone Cards pour la Full Story :<br \/>\nla Battersea, la Pulse et enfin la Piggy, qui est un prototype que la marque n\u2019avait pas encore sorti.<br \/>\nC\u00f4t\u00e9 Tampco, une marque qui s\u2019est fa\u00eete remarquer avec l\u2019excellente All-Bender, leur Tone Card pr\u00e9sente un circuit cr\u00e9\u00e9 sp\u00e9cialement pour l\u2019occasion<br \/>\nqui tend vers la fuzz \u201cgat\u00e9e\u201d typ\u00e9e vintage, parfait pour crachoter du rock garage r\u00e9tro-futuriste.<\/p>\n<p style=\"text-align: center;\">Ce pack de quatre Tone Cards collaborative avec une remise de 99,60\u20ac est donc \u00e0 la fois un excellent moyen d\u2019\u00e9largir le potentiel sonore de votre Full Story (qu\u2019elle soit Anasounds ou FX Teacher),<br \/>\nmais aussi une mani\u00e8re de vous initier aux couleurs sonores d\u2019autres marques passionnantes.<\/p>\n<h3 style=\"text-align: center;\">la gamme full story<\/h3>\n<p style=\"text-align: center;\">Toutes les Tone Cards sont compatibles avec notre gamme de p\u00e9dales <a href=\"https:\/\/anasounds.com\/fr\/the-full-story\/\" target=\"_blank\" rel=\"noopener\">Full Story<\/a>.<br \/>\nLa version <a href=\"https:\/\/anasounds.com\/fr\/produit\/full-story-anasounds\/\" target=\"_blank\" rel=\"noopener\">Anasounds<\/a> peut contenir deux Tone Cards, avec les 3 r\u00e9glages classiques et un switch de Mid par carte.<br \/>\nLa version <a href=\"https:\/\/anasounds.com\/fr\/produit\/full-story-fx-teacher-version-assemblee-par-anasounds\/\" target=\"_blank\" rel=\"noopener\">FX Teacher<\/a> contient une seule Tone Cards, mais propose de nombreuses options de customisation avec diff\u00e9rentes r\u00e9ponses dans les m\u00e9diums,<br \/>\ndiff\u00e9rents clippings et des borniers pour changer des composants.<\/p>\n","protected":false},"excerpt":{"rendered":"<p data-pm-slice=\"1 1 [&quot;list&quot;,{},&quot;list_item&quot;,{&quot;indent&quot;:1,&quot;type&quot;:&quot;bulleted&quot;}]\">Ce pack propose quatre nouvelles Tone Cards pour la Full Story Anasounds con\u00e7ues par d\u2019autres marques de p\u00e9dales boutique qui se sont appropri\u00e9es ce syst\u00e8me.<\/p>\n<p data-pm-slice=\"1 1 [&quot;list&quot;,{},&quot;list_item&quot;,{&quot;indent&quot;:1,&quot;type&quot;:&quot;bulleted&quot;}]\"><strong>Disponible \u00e0 la commande pour une livraison mi-septembre<\/strong><\/p>\n","protected":false},"featured_media":84884,"comment_status":"open","ping_status":"closed","template":"","meta":[],"product_brand":[],"product_cat":[661,1485],"product_tag":[1517,1520],"class_list":{"0":"post-84721","1":"product","2":"type-product","3":"status-publish","4":"has-post-thumbnail","6":"product_cat-nouveau","7":"product_cat-full-story","8":"product_tag-full-story","9":"product_tag-tone-cards","11":"first","12":"instock","13":"sale","14":"taxable","15":"shipping-taxable","16":"purchasable","17":"product-type-simple"},"supplier_id":83515,"supplier_sku":"","barcode":null,"atum_controlled":true,"out_stock_date":null,"out_stock_threshold":null,"inheritable":false,"inbound_stock":0,"stock_on_hold":0,"sold_today":0,"sales_last_days":0,"reserved_stock":0,"customer_returns":0,"warehouse_damage":0,"lost_in_post":0,"other_logs":0,"out_stock_days":0,"lost_sales":0,"has_location":false,"update_date":"2026-04-24T01:12:58","atum_locations":[],"atum_stock_status":"instock","restock_status":false,"low_stock_amount":"","sales_update_date":"2026-04-24T01:12:58","calc_backorders":0,"yoast_head":"<!-- This site is optimized with the Yoast SEO plugin v26.5 - https:\/\/yoast.com\/wordpress\/plugins\/seo\/ -->\n<title>full story tone cards - pack collab complet - alh effects &amp; tampco | Anasounds<\/title>\n<meta name=\"description\" content=\"Ce pack de quatre Tone Cards suppl\u00e9mentaires pour la Anasounds Full Story propose des versions de la disto-fuzz massive vues par les deux marques fran\u00e7aises ALH et Tampco.\" \/>\n<meta name=\"robots\" content=\"index, follow, max-snippet:-1, max-image-preview:large, max-video-preview:-1\" \/>\n<link rel=\"canonical\" href=\"https:\/\/anasounds.com\/fr\/produit\/full-story-tone-cards-pack-collab-complet\/\" \/>\n<meta property=\"og:locale\" content=\"fr_FR\" \/>\n<meta property=\"og:type\" content=\"article\" \/>\n<meta property=\"og:title\" content=\"full story tone cards - pack collab complet - alh effects &amp; tampco | Anasounds\" \/>\n<meta property=\"og:description\" content=\"Ce pack de quatre Tone Cards suppl\u00e9mentaires pour la Anasounds Full Story propose des versions de la disto-fuzz massive vues par les deux marques fran\u00e7aises ALH et Tampco.\" \/>\n<meta property=\"og:url\" content=\"https:\/\/anasounds.com\/fr\/produit\/full-story-tone-cards-pack-collab-complet\/\" \/>\n<meta property=\"og:site_name\" content=\"Anasounds\" \/>\n<meta property=\"article:publisher\" content=\"https:\/\/www.facebook.com\/AnasoundsFX\/\" \/>\n<meta property=\"article:modified_time\" content=\"2025-12-29T21:18:05+00:00\" \/>\n<meta property=\"og:image\" content=\"https:\/\/anasounds.com\/wp-content\/uploads\/2022\/08\/Full_story_tone_cards_pack_4_collab.jpg\" \/>\n\t<meta property=\"og:image:width\" content=\"1500\" \/>\n\t<meta property=\"og:image:height\" content=\"1500\" \/>\n\t<meta property=\"og:image:type\" content=\"image\/jpeg\" \/>\n<meta name=\"twitter:card\" content=\"summary_large_image\" \/>\n<meta name=\"twitter:label1\" content=\"Dur\u00e9e de lecture estim\u00e9e\" \/>\n\t<meta name=\"twitter:data1\" content=\"2 minutes\" \/>\n<script type=\"application\/ld+json\" class=\"yoast-schema-graph\">{\"@context\":\"https:\/\/schema.org\",\"@graph\":[{\"@type\":\"WebPage\",\"@id\":\"https:\/\/anasounds.com\/fr\/produit\/full-story-tone-cards-pack-collab-complet\/\",\"url\":\"https:\/\/anasounds.com\/fr\/produit\/full-story-tone-cards-pack-collab-complet\/\",\"name\":\"full story tone cards - pack collab complet - alh effects & tampco | Anasounds\",\"isPartOf\":{\"@id\":\"https:\/\/anasounds.com\/#website\"},\"primaryImageOfPage\":{\"@id\":\"https:\/\/anasounds.com\/fr\/produit\/full-story-tone-cards-pack-collab-complet\/#primaryimage\"},\"image\":{\"@id\":\"https:\/\/anasounds.com\/fr\/produit\/full-story-tone-cards-pack-collab-complet\/#primaryimage\"},\"thumbnailUrl\":\"https:\/\/anasounds.com\/wp-content\/uploads\/2022\/08\/Full_story_tone_cards_pack_4_collab.jpg\",\"datePublished\":\"2022-08-25T09:24:42+00:00\",\"dateModified\":\"2025-12-29T21:18:05+00:00\",\"description\":\"Ce pack de quatre Tone Cards suppl\u00e9mentaires pour la Anasounds Full Story propose des versions de la disto-fuzz massive vues par les deux marques fran\u00e7aises ALH et Tampco.\",\"breadcrumb\":{\"@id\":\"https:\/\/anasounds.com\/fr\/produit\/full-story-tone-cards-pack-collab-complet\/#breadcrumb\"},\"inLanguage\":\"fr-FR\",\"potentialAction\":[{\"@type\":\"ReadAction\",\"target\":[\"https:\/\/anasounds.com\/fr\/produit\/full-story-tone-cards-pack-collab-complet\/\"]}]},{\"@type\":\"ImageObject\",\"inLanguage\":\"fr-FR\",\"@id\":\"https:\/\/anasounds.com\/fr\/produit\/full-story-tone-cards-pack-collab-complet\/#primaryimage\",\"url\":\"https:\/\/anasounds.com\/wp-content\/uploads\/2022\/08\/Full_story_tone_cards_pack_4_collab.jpg\",\"contentUrl\":\"https:\/\/anasounds.com\/wp-content\/uploads\/2022\/08\/Full_story_tone_cards_pack_4_collab.jpg\",\"width\":1500,\"height\":1500},{\"@type\":\"BreadcrumbList\",\"@id\":\"https:\/\/anasounds.com\/fr\/produit\/full-story-tone-cards-pack-collab-complet\/#breadcrumb\",\"itemListElement\":[{\"@type\":\"ListItem\",\"position\":1,\"name\":\"Home\",\"item\":\"https:\/\/anasounds.com\/fr\/\"},{\"@type\":\"ListItem\",\"position\":2,\"name\":\"boutique\",\"item\":\"https:\/\/anasounds.com\/fr\/shop\/\"},{\"@type\":\"ListItem\",\"position\":3,\"name\":\"full story tone cards &#8211; pack collab complet &#8211; alh effects &#038; tampco\"}]},{\"@type\":\"WebSite\",\"@id\":\"https:\/\/anasounds.com\/#website\",\"url\":\"https:\/\/anasounds.com\/\",\"name\":\"Anasounds\",\"description\":\"P\u00e9dales \u00e0 la Fran\u00e7aise\",\"publisher\":{\"@id\":\"https:\/\/anasounds.com\/#organization\"},\"potentialAction\":[{\"@type\":\"SearchAction\",\"target\":{\"@type\":\"EntryPoint\",\"urlTemplate\":\"https:\/\/anasounds.com\/?s={search_term_string}\"},\"query-input\":{\"@type\":\"PropertyValueSpecification\",\"valueRequired\":true,\"valueName\":\"search_term_string\"}}],\"inLanguage\":\"fr-FR\"},{\"@type\":\"Organization\",\"@id\":\"https:\/\/anasounds.com\/#organization\",\"name\":\"Anasounds\",\"url\":\"https:\/\/anasounds.com\/\",\"logo\":{\"@type\":\"ImageObject\",\"inLanguage\":\"fr-FR\",\"@id\":\"https:\/\/anasounds.com\/#\/schema\/logo\/image\/\",\"url\":\"https:\/\/anasounds.com\/wp-content\/uploads\/2017\/10\/Logomadeinfrnoirblc.png\",\"contentUrl\":\"https:\/\/anasounds.com\/wp-content\/uploads\/2017\/10\/Logomadeinfrnoirblc.png\",\"width\":300,\"height\":300,\"caption\":\"Anasounds\"},\"image\":{\"@id\":\"https:\/\/anasounds.com\/#\/schema\/logo\/image\/\"},\"sameAs\":[\"https:\/\/www.facebook.com\/AnasoundsFX\/\",\"https:\/\/www.instagram.com\/anasounds\/\",\"https:\/\/www.youtube.com\/user\/AnaSoundsFR\"]}]}<\/script>\n<!-- \/ Yoast SEO plugin. -->","yoast_head_json":{"title":"full story tone cards - pack collab complet - alh effects & tampco | Anasounds","description":"Ce pack de quatre Tone Cards suppl\u00e9mentaires pour la Anasounds Full Story propose des versions de la disto-fuzz massive vues par les deux marques fran\u00e7aises ALH et Tampco.","robots":{"index":"index","follow":"follow","max-snippet":"max-snippet:-1","max-image-preview":"max-image-preview:large","max-video-preview":"max-video-preview:-1"},"canonical":"https:\/\/anasounds.com\/fr\/produit\/full-story-tone-cards-pack-collab-complet\/","og_locale":"fr_FR","og_type":"article","og_title":"full story tone cards - pack collab complet - alh effects & tampco | Anasounds","og_description":"Ce pack de quatre Tone Cards suppl\u00e9mentaires pour la Anasounds Full Story propose des versions de la disto-fuzz massive vues par les deux marques fran\u00e7aises ALH et Tampco.","og_url":"https:\/\/anasounds.com\/fr\/produit\/full-story-tone-cards-pack-collab-complet\/","og_site_name":"Anasounds","article_publisher":"https:\/\/www.facebook.com\/AnasoundsFX\/","article_modified_time":"2025-12-29T21:18:05+00:00","og_image":[{"width":1500,"height":1500,"url":"https:\/\/anasounds.com\/wp-content\/uploads\/2022\/08\/Full_story_tone_cards_pack_4_collab.jpg","type":"image\/jpeg"}],"twitter_card":"summary_large_image","twitter_misc":{"Dur\u00e9e de lecture estim\u00e9e":"2 minutes"},"schema":{"@context":"https:\/\/schema.org","@graph":[{"@type":"WebPage","@id":"https:\/\/anasounds.com\/fr\/produit\/full-story-tone-cards-pack-collab-complet\/","url":"https:\/\/anasounds.com\/fr\/produit\/full-story-tone-cards-pack-collab-complet\/","name":"full story tone cards - pack collab complet - alh effects & tampco | Anasounds","isPartOf":{"@id":"https:\/\/anasounds.com\/#website"},"primaryImageOfPage":{"@id":"https:\/\/anasounds.com\/fr\/produit\/full-story-tone-cards-pack-collab-complet\/#primaryimage"},"image":{"@id":"https:\/\/anasounds.com\/fr\/produit\/full-story-tone-cards-pack-collab-complet\/#primaryimage"},"thumbnailUrl":"https:\/\/anasounds.com\/wp-content\/uploads\/2022\/08\/Full_story_tone_cards_pack_4_collab.jpg","datePublished":"2022-08-25T09:24:42+00:00","dateModified":"2025-12-29T21:18:05+00:00","description":"Ce pack de quatre Tone Cards suppl\u00e9mentaires pour la Anasounds Full Story propose des versions de la disto-fuzz massive vues par les deux marques fran\u00e7aises ALH et Tampco.","breadcrumb":{"@id":"https:\/\/anasounds.com\/fr\/produit\/full-story-tone-cards-pack-collab-complet\/#breadcrumb"},"inLanguage":"fr-FR","potentialAction":[{"@type":"ReadAction","target":["https:\/\/anasounds.com\/fr\/produit\/full-story-tone-cards-pack-collab-complet\/"]}]},{"@type":"ImageObject","inLanguage":"fr-FR","@id":"https:\/\/anasounds.com\/fr\/produit\/full-story-tone-cards-pack-collab-complet\/#primaryimage","url":"https:\/\/anasounds.com\/wp-content\/uploads\/2022\/08\/Full_story_tone_cards_pack_4_collab.jpg","contentUrl":"https:\/\/anasounds.com\/wp-content\/uploads\/2022\/08\/Full_story_tone_cards_pack_4_collab.jpg","width":1500,"height":1500},{"@type":"BreadcrumbList","@id":"https:\/\/anasounds.com\/fr\/produit\/full-story-tone-cards-pack-collab-complet\/#breadcrumb","itemListElement":[{"@type":"ListItem","position":1,"name":"Home","item":"https:\/\/anasounds.com\/fr\/"},{"@type":"ListItem","position":2,"name":"boutique","item":"https:\/\/anasounds.com\/fr\/shop\/"},{"@type":"ListItem","position":3,"name":"full story tone cards &#8211; pack collab complet &#8211; alh effects &#038; tampco"}]},{"@type":"WebSite","@id":"https:\/\/anasounds.com\/#website","url":"https:\/\/anasounds.com\/","name":"Anasounds","description":"P\u00e9dales \u00e0 la Fran\u00e7aise","publisher":{"@id":"https:\/\/anasounds.com\/#organization"},"potentialAction":[{"@type":"SearchAction","target":{"@type":"EntryPoint","urlTemplate":"https:\/\/anasounds.com\/?s={search_term_string}"},"query-input":{"@type":"PropertyValueSpecification","valueRequired":true,"valueName":"search_term_string"}}],"inLanguage":"fr-FR"},{"@type":"Organization","@id":"https:\/\/anasounds.com\/#organization","name":"Anasounds","url":"https:\/\/anasounds.com\/","logo":{"@type":"ImageObject","inLanguage":"fr-FR","@id":"https:\/\/anasounds.com\/#\/schema\/logo\/image\/","url":"https:\/\/anasounds.com\/wp-content\/uploads\/2017\/10\/Logomadeinfrnoirblc.png","contentUrl":"https:\/\/anasounds.com\/wp-content\/uploads\/2017\/10\/Logomadeinfrnoirblc.png","width":300,"height":300,"caption":"Anasounds"},"image":{"@id":"https:\/\/anasounds.com\/#\/schema\/logo\/image\/"},"sameAs":["https:\/\/www.facebook.com\/AnasoundsFX\/","https:\/\/www.instagram.com\/anasounds\/","https:\/\/www.youtube.com\/user\/AnaSoundsFR"]}]}},"_links":{"self":[{"href":"https:\/\/anasounds.com\/fr\/wp-json\/wp\/v2\/product\/84721","targetHints":{"allow":["GET"]}}],"collection":[{"href":"https:\/\/anasounds.com\/fr\/wp-json\/wp\/v2\/product"}],"about":[{"href":"https:\/\/anasounds.com\/fr\/wp-json\/wp\/v2\/types\/product"}],"replies":[{"embeddable":true,"href":"https:\/\/anasounds.com\/fr\/wp-json\/wp\/v2\/comments?post=84721"}],"wp:featuredmedia":[{"embeddable":true,"href":"https:\/\/anasounds.com\/fr\/wp-json\/wp\/v2\/media\/84884"}],"wp:attachment":[{"href":"https:\/\/anasounds.com\/fr\/wp-json\/wp\/v2\/media?parent=84721"}],"wp:term":[{"taxonomy":"product_brand","embeddable":true,"href":"https:\/\/anasounds.com\/fr\/wp-json\/wp\/v2\/product_brand?post=84721"},{"taxonomy":"product_cat","embeddable":true,"href":"https:\/\/anasounds.com\/fr\/wp-json\/wp\/v2\/product_cat?post=84721"},{"taxonomy":"product_tag","embeddable":true,"href":"https:\/\/anasounds.com\/fr\/wp-json\/wp\/v2\/product_tag?post=84721"}],"curies":[{"name":"wp","href":"https:\/\/api.w.org\/{rel}","templated":true}]}}