{"id":84748,"date":"2022-08-25T11:47:38","date_gmt":"2022-08-25T09:47:38","guid":{"rendered":"https:\/\/anasounds.com\/?post_type=product&#038;p=84748"},"modified":"2025-07-14T11:08:29","modified_gmt":"2025-07-14T09:08:29","slug":"kit-full-story-tone-cards-cree-ton-propre-son","status":"publish","type":"product","link":"https:\/\/anasounds.com\/fr\/produit\/kit-full-story-tone-cards-cree-ton-propre-son\/","title":{"rendered":"kit full story tone cards &#8211; cr\u00e9e ton propre son !"},"content":{"rendered":"<h3 style=\"text-align: center;\">cr\u00e9e ta propre tone cards au son unique<\/h3>\n<p style=\"text-align: center;\">La gamme Full Story permet d&rsquo;obtenir une quantit\u00e9 de sonorit\u00e9s immense gr\u00e2ce aux nombreuses Tone Cards compatibles avec les p\u00e9dales.<br \/>\nEntre les <a href=\"https:\/\/anasounds.com\/fr\/produit\/full-story-tone-cards-edition-collector-pack-complet\/\" target=\"_blank\" rel=\"noopener\">versions \u00e9dition collector<\/a> qui reprennent les circuits classiques, <a href=\"https:\/\/anasounds.com\/fr\/produit\/full-story-tone-cards-pack-anasounds-fx-teacher-complet\/\" target=\"_blank\" rel=\"noopener\">nos cr\u00e9ations<\/a> qui correspondent \u00e0 notre id\u00e9al sonore,<br \/>\net les <a href=\"https:\/\/anasounds.com\/fr\/produit\/full-story-tone-cards-pack-collab-complet\/\" target=\"_blank\" rel=\"noopener\">versions en collaboration<\/a> avec d&rsquo;autres marques, le choix est d\u00e9j\u00e0 grand.<\/p>\n<p style=\"text-align: center;\">Pour aller toujours plus loin, nous avons d\u00e9cid\u00e9 de d\u00e9velopper une Tone Cards en kit, avec de nombreux composants suppl\u00e9mentaires pour cr\u00e9er un circuit unique !<br \/>\nA toi de d\u00e9velopper ta propre Tone Cards, \u00e0 la maison en te basant sur la th\u00e9orie et notre article (en cours d&rsquo;\u00e9criture, dispo d&rsquo;ici 1-2 semaines),<br \/>\nou en venant \u00e0 une masterclass pour pouvoir \u00e9couter le son de chaque combinaison de composants gr\u00e2ce \u00e0 notre platine de tests.<\/p>\n<h3 style=\"text-align: center;\">les masterclass pour t&rsquo;aider \u00e0 la conception de deux tone cards custom<\/h3>\n<p style=\"text-align: center;\">Si tu d\u00e9cides de <a href=\"https:\/\/anasounds.com\/fr\/les-masterclass-fx-teacher\/\" target=\"_blank\" rel=\"noopener\">participer \u00e0 un weekend masterclass<\/a>, la premi\u00e8re journ\u00e9e sera d\u00e9di\u00e9e \u00e0 l&rsquo;assemblage de la Full Story FX Teacher en kit.<br \/>\nUne journ\u00e9e masterclass classique o\u00f9 tu apprendras les bases de l&rsquo;\u00e9lectronique et du DIY, tout en repartant avec ta p\u00e9dale \u00e0 la fin de la journ\u00e9e.<\/p>\n<p style=\"text-align: center;\">La nouveaut\u00e9 se passe pendant la deuxi\u00e8me journ\u00e9e, avec deux Tone Cards en kit. La premi\u00e8re sera assembl\u00e9e avec une approche th\u00e9orique, sans \u00e9coute,<br \/>\nsimplement en se basant sur l&rsquo;influence th\u00e9orique de chaque composant sur le son.<br \/>\nLa deuxi\u00e8me sera cr\u00e9\u00e9e \u00e0 l&rsquo;aide d&rsquo;une platine de test que l&rsquo;on a d\u00e9velopp\u00e9, qui permet de s\u00e9lectionner et d&rsquo;\u00e9couter la diff\u00e9rence entre chaque choix de composants,<br \/>\npermettant ainsi de savoir quels composants utiliser avant de les souder.<\/p>\n<h3 style=\"text-align: center;\">le contenu du kit<\/h3>\n<p style=\"text-align: center;\">Ce kit contient un pcb de Tone Cards, tous les composants de la Tone Cards FX Teacher, et des composants suppl\u00e9mentaires pour modifier le circuit et cr\u00e9er un son unique.<\/p>\n","protected":false},"excerpt":{"rendered":"<p>Une Tone Cards en kit, avec des composants suppl\u00e9mentaires pour cr\u00e9er toi m\u00eame ton propre circuit au son unique !<\/p>\n","protected":false},"featured_media":84933,"comment_status":"open","ping_status":"closed","template":"","meta":[],"product_brand":[],"product_cat":[661,268,1485,267,521],"product_tag":[1517,755,1520],"class_list":{"0":"post-84748","1":"product","2":"type-product","3":"status-publish","4":"has-post-thumbnail","6":"product_cat-nouveau","7":"product_cat-pedales-anasounds","8":"product_cat-full-story","9":"product_cat-fx-teacher","10":"product_cat-kits","11":"product_tag-full-story","12":"product_tag-masterclass","13":"product_tag-tone-cards","15":"first","16":"instock","17":"taxable","18":"shipping-taxable","19":"purchasable","20":"product-type-simple"},"supplier_id":83515,"supplier_sku":"","barcode":null,"atum_controlled":true,"out_stock_date":null,"out_stock_threshold":null,"inheritable":false,"inbound_stock":0,"stock_on_hold":0,"sold_today":0,"sales_last_days":0,"reserved_stock":0,"customer_returns":0,"warehouse_damage":0,"lost_in_post":0,"other_logs":0,"out_stock_days":0,"lost_sales":0,"has_location":false,"update_date":"2026-04-18T01:05:42","atum_locations":[],"atum_stock_status":"instock","restock_status":false,"low_stock_amount":"","sales_update_date":"2026-04-18T01:05:42","calc_backorders":0,"yoast_head":"<!-- This site is optimized with the Yoast SEO plugin v26.5 - https:\/\/yoast.com\/wordpress\/plugins\/seo\/ -->\n<title>kit full story tone cards - cr\u00e9e ton propre son ! | Anasounds<\/title>\n<meta name=\"description\" content=\"Une Tone Cards en kit compatible avec les Full Story, avec des composants suppl\u00e9mentaires pour cr\u00e9er toi m\u00eame ton propre circuit au son unique !\" \/>\n<meta name=\"robots\" content=\"index, follow, max-snippet:-1, max-image-preview:large, max-video-preview:-1\" \/>\n<link rel=\"canonical\" href=\"https:\/\/anasounds.com\/fr\/produit\/kit-full-story-tone-cards-cree-ton-propre-son\/\" \/>\n<meta property=\"og:locale\" content=\"fr_FR\" \/>\n<meta property=\"og:type\" content=\"article\" \/>\n<meta property=\"og:title\" content=\"kit full story tone cards - cr\u00e9e ton propre son ! | Anasounds\" \/>\n<meta property=\"og:description\" content=\"Une Tone Cards en kit compatible avec les Full Story, avec des composants suppl\u00e9mentaires pour cr\u00e9er toi m\u00eame ton propre circuit au son unique !\" \/>\n<meta property=\"og:url\" content=\"https:\/\/anasounds.com\/fr\/produit\/kit-full-story-tone-cards-cree-ton-propre-son\/\" \/>\n<meta property=\"og:site_name\" content=\"Anasounds\" \/>\n<meta property=\"article:publisher\" content=\"https:\/\/www.facebook.com\/AnasoundsFX\/\" \/>\n<meta property=\"article:modified_time\" content=\"2025-07-14T09:08:29+00:00\" \/>\n<meta property=\"og:image\" content=\"https:\/\/anasounds.com\/wp-content\/uploads\/2022\/08\/Full_story_kit_masterclass.jpg\" \/>\n\t<meta property=\"og:image:width\" content=\"1500\" \/>\n\t<meta property=\"og:image:height\" content=\"1500\" \/>\n\t<meta property=\"og:image:type\" content=\"image\/jpeg\" \/>\n<meta name=\"twitter:card\" content=\"summary_large_image\" \/>\n<meta name=\"twitter:label1\" content=\"Dur\u00e9e de lecture estim\u00e9e\" \/>\n\t<meta name=\"twitter:data1\" content=\"2 minutes\" \/>\n<script type=\"application\/ld+json\" class=\"yoast-schema-graph\">{\"@context\":\"https:\/\/schema.org\",\"@graph\":[{\"@type\":\"WebPage\",\"@id\":\"https:\/\/anasounds.com\/fr\/produit\/kit-full-story-tone-cards-cree-ton-propre-son\/\",\"url\":\"https:\/\/anasounds.com\/fr\/produit\/kit-full-story-tone-cards-cree-ton-propre-son\/\",\"name\":\"kit full story tone cards - cr\u00e9e ton propre son ! | Anasounds\",\"isPartOf\":{\"@id\":\"https:\/\/anasounds.com\/#website\"},\"primaryImageOfPage\":{\"@id\":\"https:\/\/anasounds.com\/fr\/produit\/kit-full-story-tone-cards-cree-ton-propre-son\/#primaryimage\"},\"image\":{\"@id\":\"https:\/\/anasounds.com\/fr\/produit\/kit-full-story-tone-cards-cree-ton-propre-son\/#primaryimage\"},\"thumbnailUrl\":\"https:\/\/anasounds.com\/wp-content\/uploads\/2022\/08\/Full_story_kit_masterclass.jpg\",\"datePublished\":\"2022-08-25T09:47:38+00:00\",\"dateModified\":\"2025-07-14T09:08:29+00:00\",\"description\":\"Une Tone Cards en kit compatible avec les Full Story, avec des composants suppl\u00e9mentaires pour cr\u00e9er toi m\u00eame ton propre circuit au son unique !\",\"breadcrumb\":{\"@id\":\"https:\/\/anasounds.com\/fr\/produit\/kit-full-story-tone-cards-cree-ton-propre-son\/#breadcrumb\"},\"inLanguage\":\"fr-FR\",\"potentialAction\":[{\"@type\":\"ReadAction\",\"target\":[\"https:\/\/anasounds.com\/fr\/produit\/kit-full-story-tone-cards-cree-ton-propre-son\/\"]}]},{\"@type\":\"ImageObject\",\"inLanguage\":\"fr-FR\",\"@id\":\"https:\/\/anasounds.com\/fr\/produit\/kit-full-story-tone-cards-cree-ton-propre-son\/#primaryimage\",\"url\":\"https:\/\/anasounds.com\/wp-content\/uploads\/2022\/08\/Full_story_kit_masterclass.jpg\",\"contentUrl\":\"https:\/\/anasounds.com\/wp-content\/uploads\/2022\/08\/Full_story_kit_masterclass.jpg\",\"width\":1500,\"height\":1500},{\"@type\":\"BreadcrumbList\",\"@id\":\"https:\/\/anasounds.com\/fr\/produit\/kit-full-story-tone-cards-cree-ton-propre-son\/#breadcrumb\",\"itemListElement\":[{\"@type\":\"ListItem\",\"position\":1,\"name\":\"Home\",\"item\":\"https:\/\/anasounds.com\/fr\/\"},{\"@type\":\"ListItem\",\"position\":2,\"name\":\"boutique\",\"item\":\"https:\/\/anasounds.com\/fr\/shop\/\"},{\"@type\":\"ListItem\",\"position\":3,\"name\":\"kit full story tone cards &#8211; cr\u00e9e ton propre son !\"}]},{\"@type\":\"WebSite\",\"@id\":\"https:\/\/anasounds.com\/#website\",\"url\":\"https:\/\/anasounds.com\/\",\"name\":\"Anasounds\",\"description\":\"P\u00e9dales \u00e0 la Fran\u00e7aise\",\"publisher\":{\"@id\":\"https:\/\/anasounds.com\/#organization\"},\"potentialAction\":[{\"@type\":\"SearchAction\",\"target\":{\"@type\":\"EntryPoint\",\"urlTemplate\":\"https:\/\/anasounds.com\/?s={search_term_string}\"},\"query-input\":{\"@type\":\"PropertyValueSpecification\",\"valueRequired\":true,\"valueName\":\"search_term_string\"}}],\"inLanguage\":\"fr-FR\"},{\"@type\":\"Organization\",\"@id\":\"https:\/\/anasounds.com\/#organization\",\"name\":\"Anasounds\",\"url\":\"https:\/\/anasounds.com\/\",\"logo\":{\"@type\":\"ImageObject\",\"inLanguage\":\"fr-FR\",\"@id\":\"https:\/\/anasounds.com\/#\/schema\/logo\/image\/\",\"url\":\"https:\/\/anasounds.com\/wp-content\/uploads\/2017\/10\/Logomadeinfrnoirblc.png\",\"contentUrl\":\"https:\/\/anasounds.com\/wp-content\/uploads\/2017\/10\/Logomadeinfrnoirblc.png\",\"width\":300,\"height\":300,\"caption\":\"Anasounds\"},\"image\":{\"@id\":\"https:\/\/anasounds.com\/#\/schema\/logo\/image\/\"},\"sameAs\":[\"https:\/\/www.facebook.com\/AnasoundsFX\/\",\"https:\/\/www.instagram.com\/anasounds\/\",\"https:\/\/www.youtube.com\/user\/AnaSoundsFR\"]}]}<\/script>\n<!-- \/ Yoast SEO plugin. -->","yoast_head_json":{"title":"kit full story tone cards - cr\u00e9e ton propre son ! | Anasounds","description":"Une Tone Cards en kit compatible avec les Full Story, avec des composants suppl\u00e9mentaires pour cr\u00e9er toi m\u00eame ton propre circuit au son unique !","robots":{"index":"index","follow":"follow","max-snippet":"max-snippet:-1","max-image-preview":"max-image-preview:large","max-video-preview":"max-video-preview:-1"},"canonical":"https:\/\/anasounds.com\/fr\/produit\/kit-full-story-tone-cards-cree-ton-propre-son\/","og_locale":"fr_FR","og_type":"article","og_title":"kit full story tone cards - cr\u00e9e ton propre son ! | Anasounds","og_description":"Une Tone Cards en kit compatible avec les Full Story, avec des composants suppl\u00e9mentaires pour cr\u00e9er toi m\u00eame ton propre circuit au son unique !","og_url":"https:\/\/anasounds.com\/fr\/produit\/kit-full-story-tone-cards-cree-ton-propre-son\/","og_site_name":"Anasounds","article_publisher":"https:\/\/www.facebook.com\/AnasoundsFX\/","article_modified_time":"2025-07-14T09:08:29+00:00","og_image":[{"width":1500,"height":1500,"url":"https:\/\/anasounds.com\/wp-content\/uploads\/2022\/08\/Full_story_kit_masterclass.jpg","type":"image\/jpeg"}],"twitter_card":"summary_large_image","twitter_misc":{"Dur\u00e9e de lecture estim\u00e9e":"2 minutes"},"schema":{"@context":"https:\/\/schema.org","@graph":[{"@type":"WebPage","@id":"https:\/\/anasounds.com\/fr\/produit\/kit-full-story-tone-cards-cree-ton-propre-son\/","url":"https:\/\/anasounds.com\/fr\/produit\/kit-full-story-tone-cards-cree-ton-propre-son\/","name":"kit full story tone cards - cr\u00e9e ton propre son ! | Anasounds","isPartOf":{"@id":"https:\/\/anasounds.com\/#website"},"primaryImageOfPage":{"@id":"https:\/\/anasounds.com\/fr\/produit\/kit-full-story-tone-cards-cree-ton-propre-son\/#primaryimage"},"image":{"@id":"https:\/\/anasounds.com\/fr\/produit\/kit-full-story-tone-cards-cree-ton-propre-son\/#primaryimage"},"thumbnailUrl":"https:\/\/anasounds.com\/wp-content\/uploads\/2022\/08\/Full_story_kit_masterclass.jpg","datePublished":"2022-08-25T09:47:38+00:00","dateModified":"2025-07-14T09:08:29+00:00","description":"Une Tone Cards en kit compatible avec les Full Story, avec des composants suppl\u00e9mentaires pour cr\u00e9er toi m\u00eame ton propre circuit au son unique !","breadcrumb":{"@id":"https:\/\/anasounds.com\/fr\/produit\/kit-full-story-tone-cards-cree-ton-propre-son\/#breadcrumb"},"inLanguage":"fr-FR","potentialAction":[{"@type":"ReadAction","target":["https:\/\/anasounds.com\/fr\/produit\/kit-full-story-tone-cards-cree-ton-propre-son\/"]}]},{"@type":"ImageObject","inLanguage":"fr-FR","@id":"https:\/\/anasounds.com\/fr\/produit\/kit-full-story-tone-cards-cree-ton-propre-son\/#primaryimage","url":"https:\/\/anasounds.com\/wp-content\/uploads\/2022\/08\/Full_story_kit_masterclass.jpg","contentUrl":"https:\/\/anasounds.com\/wp-content\/uploads\/2022\/08\/Full_story_kit_masterclass.jpg","width":1500,"height":1500},{"@type":"BreadcrumbList","@id":"https:\/\/anasounds.com\/fr\/produit\/kit-full-story-tone-cards-cree-ton-propre-son\/#breadcrumb","itemListElement":[{"@type":"ListItem","position":1,"name":"Home","item":"https:\/\/anasounds.com\/fr\/"},{"@type":"ListItem","position":2,"name":"boutique","item":"https:\/\/anasounds.com\/fr\/shop\/"},{"@type":"ListItem","position":3,"name":"kit full story tone cards &#8211; cr\u00e9e ton propre son !"}]},{"@type":"WebSite","@id":"https:\/\/anasounds.com\/#website","url":"https:\/\/anasounds.com\/","name":"Anasounds","description":"P\u00e9dales \u00e0 la Fran\u00e7aise","publisher":{"@id":"https:\/\/anasounds.com\/#organization"},"potentialAction":[{"@type":"SearchAction","target":{"@type":"EntryPoint","urlTemplate":"https:\/\/anasounds.com\/?s={search_term_string}"},"query-input":{"@type":"PropertyValueSpecification","valueRequired":true,"valueName":"search_term_string"}}],"inLanguage":"fr-FR"},{"@type":"Organization","@id":"https:\/\/anasounds.com\/#organization","name":"Anasounds","url":"https:\/\/anasounds.com\/","logo":{"@type":"ImageObject","inLanguage":"fr-FR","@id":"https:\/\/anasounds.com\/#\/schema\/logo\/image\/","url":"https:\/\/anasounds.com\/wp-content\/uploads\/2017\/10\/Logomadeinfrnoirblc.png","contentUrl":"https:\/\/anasounds.com\/wp-content\/uploads\/2017\/10\/Logomadeinfrnoirblc.png","width":300,"height":300,"caption":"Anasounds"},"image":{"@id":"https:\/\/anasounds.com\/#\/schema\/logo\/image\/"},"sameAs":["https:\/\/www.facebook.com\/AnasoundsFX\/","https:\/\/www.instagram.com\/anasounds\/","https:\/\/www.youtube.com\/user\/AnaSoundsFR"]}]}},"_links":{"self":[{"href":"https:\/\/anasounds.com\/fr\/wp-json\/wp\/v2\/product\/84748","targetHints":{"allow":["GET"]}}],"collection":[{"href":"https:\/\/anasounds.com\/fr\/wp-json\/wp\/v2\/product"}],"about":[{"href":"https:\/\/anasounds.com\/fr\/wp-json\/wp\/v2\/types\/product"}],"replies":[{"embeddable":true,"href":"https:\/\/anasounds.com\/fr\/wp-json\/wp\/v2\/comments?post=84748"}],"wp:featuredmedia":[{"embeddable":true,"href":"https:\/\/anasounds.com\/fr\/wp-json\/wp\/v2\/media\/84933"}],"wp:attachment":[{"href":"https:\/\/anasounds.com\/fr\/wp-json\/wp\/v2\/media?parent=84748"}],"wp:term":[{"taxonomy":"product_brand","embeddable":true,"href":"https:\/\/anasounds.com\/fr\/wp-json\/wp\/v2\/product_brand?post=84748"},{"taxonomy":"product_cat","embeddable":true,"href":"https:\/\/anasounds.com\/fr\/wp-json\/wp\/v2\/product_cat?post=84748"},{"taxonomy":"product_tag","embeddable":true,"href":"https:\/\/anasounds.com\/fr\/wp-json\/wp\/v2\/product_tag?post=84748"}],"curies":[{"name":"wp","href":"https:\/\/api.w.org\/{rel}","templated":true}]}}