{"id":84753,"date":"2022-08-25T11:54:43","date_gmt":"2022-08-25T09:54:43","guid":{"rendered":"https:\/\/anasounds.com\/?post_type=product&#038;p=84753"},"modified":"2025-04-25T20:32:49","modified_gmt":"2025-04-25T18:32:49","slug":"tone-cards-edition-collector-iii","status":"publish","type":"product","link":"https:\/\/anasounds.com\/fr\/produit\/tone-cards-edition-collector-iii\/","title":{"rendered":"tone cards \u00e9dition collector &#8211; III"},"content":{"rendered":"<h3 style=\"text-align: center;\">tone cards iii<\/h3>\n<p style=\"text-align: center;\">Reprenant la sonorit\u00e9 plus moderne entendue chez de nombreux groupes des ann\u00e9es 2000, cette carte offre le c\u00f4t\u00e9 brillant et agressif<br \/>\nde la version la plus r\u00e9cente de la fuzz, pour un son moderne qui permettra de se faire entendre dans le mix.<br \/>\nLe son est moins raffin\u00e9, parfait pour des styles rock, grunge voire garage.<\/p>\n<h3 style=\"text-align: center;\">extrait sonore<\/h3>\n<p style=\"text-align: center;\"><iframe loading=\"lazy\" title=\"III by Full Story\" width=\"1220\" height=\"400\" scrolling=\"no\" frameborder=\"no\" src=\"https:\/\/w.soundcloud.com\/player\/?visual=true&#038;url=https%3A%2F%2Fapi.soundcloud.com%2Ftracks%2F1284425950&#038;show_artwork=true&#038;maxheight=1000&#038;maxwidth=1220\"><\/iframe><\/p>\n<h3 style=\"text-align: center;\">les packs de tone cards<\/h3>\n<p style=\"text-align: center;\">Retrouve les 7 Tone Cards \u00e9dition collector reprenant nos versions favorites de la disto \/ fuzz, dans <a href=\"https:\/\/anasounds.com\/fr\/produit\/full-story-tone-cards-edition-collector-pack-complet\/\" target=\"_blank\" rel=\"noopener\">ce pack<\/a> au prix avantageux.<br \/>\nAinsi que les autres packs de Tone Cards d\u00e9velopp\u00e9es <a href=\"https:\/\/anasounds.com\/fr\/produit\/full-story-tone-cards-pack-anasounds-fx-teacher-complet\/\" target=\"_blank\" rel=\"noopener\">par notre \u00e9quipe<\/a> ou en <a href=\"https:\/\/anasounds.com\/fr\/produit\/full-story-tone-cards-pack-collab-complet\/\" target=\"_blank\" rel=\"noopener\">collaboration avec d&rsquo;autres marques<\/a>.<\/p>\n<h3 style=\"text-align: center;\">en savoir plus<\/h3>\n<p style=\"text-align: center;\">Retrouve toutes les infos sur la gamme Full Story et les Tone Cards sur <a href=\"https:\/\/anasounds.com\/fr\/the-full-story\/\" target=\"_blank\" rel=\"noopener\">cette page<\/a>, et dans les manuels d&rsquo;utilisation des Full Story <a href=\"https:\/\/anasounds.com\/fr\/manuel-utilisation-full-story-origins\/\" target=\"_blank\" rel=\"noopener\">Anasounds<\/a> et <a href=\"https:\/\/anasounds.com\/fr\/manuel-utilisation-fx-teacher-full-story\/\" target=\"_blank\" rel=\"noopener\">FX Teacher<\/a>.<\/p>\n","protected":false},"excerpt":{"rendered":"<p>Tone Cards compatible avec les p\u00e9dales de la gamme Full Story, reprenant le circuit de la version de 77&prime; de la mythique disto \/ fuzz.<\/p>\n","protected":false},"featured_media":84959,"comment_status":"open","ping_status":"closed","template":"","meta":[],"product_brand":[],"product_cat":[268,1485],"product_tag":[],"class_list":{"0":"post-84753","1":"product","2":"type-product","3":"status-publish","4":"has-post-thumbnail","6":"product_cat-pedales-anasounds","7":"product_cat-full-story","9":"first","10":"instock","11":"taxable","12":"shipping-taxable","13":"purchasable","14":"product-type-simple"},"supplier_id":83515,"supplier_sku":"","barcode":null,"atum_controlled":true,"out_stock_date":null,"out_stock_threshold":null,"inheritable":false,"inbound_stock":0,"stock_on_hold":0,"sold_today":0,"sales_last_days":0,"reserved_stock":0,"customer_returns":0,"warehouse_damage":0,"lost_in_post":0,"other_logs":0,"out_stock_days":0,"lost_sales":0,"has_location":false,"update_date":"2026-04-04T00:58:54","atum_locations":[],"atum_stock_status":"instock","restock_status":false,"low_stock_amount":"","sales_update_date":"2026-04-04T00:58:54","calc_backorders":0,"yoast_head":"<!-- This site is optimized with the Yoast SEO plugin v26.5 - https:\/\/yoast.com\/wordpress\/plugins\/seo\/ -->\n<title>tone cards \u00e9dition collector - III | Anasounds<\/title>\n<meta name=\"description\" content=\"Tone Cards compatible avec les p\u00e9dales de la gamme Full Story, reprenant le circuit de la version de 77&#039; de la mythique disto \/ fuzz.\" \/>\n<meta name=\"robots\" content=\"index, follow, max-snippet:-1, max-image-preview:large, max-video-preview:-1\" \/>\n<link rel=\"canonical\" href=\"https:\/\/anasounds.com\/fr\/produit\/tone-cards-edition-collector-iii\/\" \/>\n<meta property=\"og:locale\" content=\"fr_FR\" \/>\n<meta property=\"og:type\" content=\"article\" \/>\n<meta property=\"og:title\" content=\"tone cards \u00e9dition collector - III | Anasounds\" \/>\n<meta property=\"og:description\" content=\"Tone Cards compatible avec les p\u00e9dales de la gamme Full Story, reprenant le circuit de la version de 77&#039; de la mythique disto \/ fuzz.\" \/>\n<meta property=\"og:url\" content=\"https:\/\/anasounds.com\/fr\/produit\/tone-cards-edition-collector-iii\/\" \/>\n<meta property=\"og:site_name\" content=\"Anasounds\" \/>\n<meta property=\"article:publisher\" content=\"https:\/\/www.facebook.com\/AnasoundsFX\/\" \/>\n<meta property=\"article:modified_time\" content=\"2025-04-25T18:32:49+00:00\" \/>\n<meta property=\"og:image\" content=\"https:\/\/anasounds.com\/wp-content\/uploads\/2022\/08\/Full_story_tone_cards_pi.jpg\" \/>\n\t<meta property=\"og:image:width\" content=\"1500\" \/>\n\t<meta property=\"og:image:height\" content=\"1500\" \/>\n\t<meta property=\"og:image:type\" content=\"image\/jpeg\" \/>\n<meta name=\"twitter:card\" content=\"summary_large_image\" \/>\n<meta name=\"twitter:label1\" content=\"Dur\u00e9e de lecture estim\u00e9e\" \/>\n\t<meta name=\"twitter:data1\" content=\"1 minute\" \/>\n<script type=\"application\/ld+json\" class=\"yoast-schema-graph\">{\"@context\":\"https:\/\/schema.org\",\"@graph\":[{\"@type\":\"WebPage\",\"@id\":\"https:\/\/anasounds.com\/fr\/produit\/tone-cards-edition-collector-iii\/\",\"url\":\"https:\/\/anasounds.com\/fr\/produit\/tone-cards-edition-collector-iii\/\",\"name\":\"tone cards \u00e9dition collector - III | Anasounds\",\"isPartOf\":{\"@id\":\"https:\/\/anasounds.com\/#website\"},\"primaryImageOfPage\":{\"@id\":\"https:\/\/anasounds.com\/fr\/produit\/tone-cards-edition-collector-iii\/#primaryimage\"},\"image\":{\"@id\":\"https:\/\/anasounds.com\/fr\/produit\/tone-cards-edition-collector-iii\/#primaryimage\"},\"thumbnailUrl\":\"https:\/\/anasounds.com\/wp-content\/uploads\/2022\/08\/Full_story_tone_cards_pi.jpg\",\"datePublished\":\"2022-08-25T09:54:43+00:00\",\"dateModified\":\"2025-04-25T18:32:49+00:00\",\"description\":\"Tone Cards compatible avec les p\u00e9dales de la gamme Full Story, reprenant le circuit de la version de 77' de la mythique disto \/ fuzz.\",\"breadcrumb\":{\"@id\":\"https:\/\/anasounds.com\/fr\/produit\/tone-cards-edition-collector-iii\/#breadcrumb\"},\"inLanguage\":\"fr-FR\",\"potentialAction\":[{\"@type\":\"ReadAction\",\"target\":[\"https:\/\/anasounds.com\/fr\/produit\/tone-cards-edition-collector-iii\/\"]}]},{\"@type\":\"ImageObject\",\"inLanguage\":\"fr-FR\",\"@id\":\"https:\/\/anasounds.com\/fr\/produit\/tone-cards-edition-collector-iii\/#primaryimage\",\"url\":\"https:\/\/anasounds.com\/wp-content\/uploads\/2022\/08\/Full_story_tone_cards_pi.jpg\",\"contentUrl\":\"https:\/\/anasounds.com\/wp-content\/uploads\/2022\/08\/Full_story_tone_cards_pi.jpg\",\"width\":1500,\"height\":1500},{\"@type\":\"BreadcrumbList\",\"@id\":\"https:\/\/anasounds.com\/fr\/produit\/tone-cards-edition-collector-iii\/#breadcrumb\",\"itemListElement\":[{\"@type\":\"ListItem\",\"position\":1,\"name\":\"Home\",\"item\":\"https:\/\/anasounds.com\/fr\/\"},{\"@type\":\"ListItem\",\"position\":2,\"name\":\"boutique\",\"item\":\"https:\/\/anasounds.com\/fr\/shop\/\"},{\"@type\":\"ListItem\",\"position\":3,\"name\":\"tone cards \u00e9dition collector &#8211; III\"}]},{\"@type\":\"WebSite\",\"@id\":\"https:\/\/anasounds.com\/#website\",\"url\":\"https:\/\/anasounds.com\/\",\"name\":\"Anasounds\",\"description\":\"P\u00e9dales \u00e0 la Fran\u00e7aise\",\"publisher\":{\"@id\":\"https:\/\/anasounds.com\/#organization\"},\"potentialAction\":[{\"@type\":\"SearchAction\",\"target\":{\"@type\":\"EntryPoint\",\"urlTemplate\":\"https:\/\/anasounds.com\/?s={search_term_string}\"},\"query-input\":{\"@type\":\"PropertyValueSpecification\",\"valueRequired\":true,\"valueName\":\"search_term_string\"}}],\"inLanguage\":\"fr-FR\"},{\"@type\":\"Organization\",\"@id\":\"https:\/\/anasounds.com\/#organization\",\"name\":\"Anasounds\",\"url\":\"https:\/\/anasounds.com\/\",\"logo\":{\"@type\":\"ImageObject\",\"inLanguage\":\"fr-FR\",\"@id\":\"https:\/\/anasounds.com\/#\/schema\/logo\/image\/\",\"url\":\"https:\/\/anasounds.com\/wp-content\/uploads\/2017\/10\/Logomadeinfrnoirblc.png\",\"contentUrl\":\"https:\/\/anasounds.com\/wp-content\/uploads\/2017\/10\/Logomadeinfrnoirblc.png\",\"width\":300,\"height\":300,\"caption\":\"Anasounds\"},\"image\":{\"@id\":\"https:\/\/anasounds.com\/#\/schema\/logo\/image\/\"},\"sameAs\":[\"https:\/\/www.facebook.com\/AnasoundsFX\/\",\"https:\/\/www.instagram.com\/anasounds\/\",\"https:\/\/www.youtube.com\/user\/AnaSoundsFR\"]}]}<\/script>\n<!-- \/ Yoast SEO plugin. -->","yoast_head_json":{"title":"tone cards \u00e9dition collector - III | Anasounds","description":"Tone Cards compatible avec les p\u00e9dales de la gamme Full Story, reprenant le circuit de la version de 77' de la mythique disto \/ fuzz.","robots":{"index":"index","follow":"follow","max-snippet":"max-snippet:-1","max-image-preview":"max-image-preview:large","max-video-preview":"max-video-preview:-1"},"canonical":"https:\/\/anasounds.com\/fr\/produit\/tone-cards-edition-collector-iii\/","og_locale":"fr_FR","og_type":"article","og_title":"tone cards \u00e9dition collector - III | Anasounds","og_description":"Tone Cards compatible avec les p\u00e9dales de la gamme Full Story, reprenant le circuit de la version de 77' de la mythique disto \/ fuzz.","og_url":"https:\/\/anasounds.com\/fr\/produit\/tone-cards-edition-collector-iii\/","og_site_name":"Anasounds","article_publisher":"https:\/\/www.facebook.com\/AnasoundsFX\/","article_modified_time":"2025-04-25T18:32:49+00:00","og_image":[{"width":1500,"height":1500,"url":"https:\/\/anasounds.com\/wp-content\/uploads\/2022\/08\/Full_story_tone_cards_pi.jpg","type":"image\/jpeg"}],"twitter_card":"summary_large_image","twitter_misc":{"Dur\u00e9e de lecture estim\u00e9e":"1 minute"},"schema":{"@context":"https:\/\/schema.org","@graph":[{"@type":"WebPage","@id":"https:\/\/anasounds.com\/fr\/produit\/tone-cards-edition-collector-iii\/","url":"https:\/\/anasounds.com\/fr\/produit\/tone-cards-edition-collector-iii\/","name":"tone cards \u00e9dition collector - III | Anasounds","isPartOf":{"@id":"https:\/\/anasounds.com\/#website"},"primaryImageOfPage":{"@id":"https:\/\/anasounds.com\/fr\/produit\/tone-cards-edition-collector-iii\/#primaryimage"},"image":{"@id":"https:\/\/anasounds.com\/fr\/produit\/tone-cards-edition-collector-iii\/#primaryimage"},"thumbnailUrl":"https:\/\/anasounds.com\/wp-content\/uploads\/2022\/08\/Full_story_tone_cards_pi.jpg","datePublished":"2022-08-25T09:54:43+00:00","dateModified":"2025-04-25T18:32:49+00:00","description":"Tone Cards compatible avec les p\u00e9dales de la gamme Full Story, reprenant le circuit de la version de 77' de la mythique disto \/ fuzz.","breadcrumb":{"@id":"https:\/\/anasounds.com\/fr\/produit\/tone-cards-edition-collector-iii\/#breadcrumb"},"inLanguage":"fr-FR","potentialAction":[{"@type":"ReadAction","target":["https:\/\/anasounds.com\/fr\/produit\/tone-cards-edition-collector-iii\/"]}]},{"@type":"ImageObject","inLanguage":"fr-FR","@id":"https:\/\/anasounds.com\/fr\/produit\/tone-cards-edition-collector-iii\/#primaryimage","url":"https:\/\/anasounds.com\/wp-content\/uploads\/2022\/08\/Full_story_tone_cards_pi.jpg","contentUrl":"https:\/\/anasounds.com\/wp-content\/uploads\/2022\/08\/Full_story_tone_cards_pi.jpg","width":1500,"height":1500},{"@type":"BreadcrumbList","@id":"https:\/\/anasounds.com\/fr\/produit\/tone-cards-edition-collector-iii\/#breadcrumb","itemListElement":[{"@type":"ListItem","position":1,"name":"Home","item":"https:\/\/anasounds.com\/fr\/"},{"@type":"ListItem","position":2,"name":"boutique","item":"https:\/\/anasounds.com\/fr\/shop\/"},{"@type":"ListItem","position":3,"name":"tone cards \u00e9dition collector &#8211; III"}]},{"@type":"WebSite","@id":"https:\/\/anasounds.com\/#website","url":"https:\/\/anasounds.com\/","name":"Anasounds","description":"P\u00e9dales \u00e0 la Fran\u00e7aise","publisher":{"@id":"https:\/\/anasounds.com\/#organization"},"potentialAction":[{"@type":"SearchAction","target":{"@type":"EntryPoint","urlTemplate":"https:\/\/anasounds.com\/?s={search_term_string}"},"query-input":{"@type":"PropertyValueSpecification","valueRequired":true,"valueName":"search_term_string"}}],"inLanguage":"fr-FR"},{"@type":"Organization","@id":"https:\/\/anasounds.com\/#organization","name":"Anasounds","url":"https:\/\/anasounds.com\/","logo":{"@type":"ImageObject","inLanguage":"fr-FR","@id":"https:\/\/anasounds.com\/#\/schema\/logo\/image\/","url":"https:\/\/anasounds.com\/wp-content\/uploads\/2017\/10\/Logomadeinfrnoirblc.png","contentUrl":"https:\/\/anasounds.com\/wp-content\/uploads\/2017\/10\/Logomadeinfrnoirblc.png","width":300,"height":300,"caption":"Anasounds"},"image":{"@id":"https:\/\/anasounds.com\/#\/schema\/logo\/image\/"},"sameAs":["https:\/\/www.facebook.com\/AnasoundsFX\/","https:\/\/www.instagram.com\/anasounds\/","https:\/\/www.youtube.com\/user\/AnaSoundsFR"]}]}},"_links":{"self":[{"href":"https:\/\/anasounds.com\/fr\/wp-json\/wp\/v2\/product\/84753","targetHints":{"allow":["GET"]}}],"collection":[{"href":"https:\/\/anasounds.com\/fr\/wp-json\/wp\/v2\/product"}],"about":[{"href":"https:\/\/anasounds.com\/fr\/wp-json\/wp\/v2\/types\/product"}],"replies":[{"embeddable":true,"href":"https:\/\/anasounds.com\/fr\/wp-json\/wp\/v2\/comments?post=84753"}],"wp:featuredmedia":[{"embeddable":true,"href":"https:\/\/anasounds.com\/fr\/wp-json\/wp\/v2\/media\/84959"}],"wp:attachment":[{"href":"https:\/\/anasounds.com\/fr\/wp-json\/wp\/v2\/media?parent=84753"}],"wp:term":[{"taxonomy":"product_brand","embeddable":true,"href":"https:\/\/anasounds.com\/fr\/wp-json\/wp\/v2\/product_brand?post=84753"},{"taxonomy":"product_cat","embeddable":true,"href":"https:\/\/anasounds.com\/fr\/wp-json\/wp\/v2\/product_cat?post=84753"},{"taxonomy":"product_tag","embeddable":true,"href":"https:\/\/anasounds.com\/fr\/wp-json\/wp\/v2\/product_tag?post=84753"}],"curies":[{"name":"wp","href":"https:\/\/api.w.org\/{rel}","templated":true}]}}