{"id":84769,"date":"2022-08-25T13:30:39","date_gmt":"2022-08-25T11:30:39","guid":{"rendered":"https:\/\/anasounds.com\/?post_type=product&#038;p=84769"},"modified":"2025-03-28T09:07:57","modified_gmt":"2025-03-28T08:07:57","slug":"full-story-fx-teacher-kit-electronique","status":"publish","type":"product","link":"https:\/\/anasounds.com\/fr\/produit\/full-story-fx-teacher-kit-electronique\/","title":{"rendered":"full story fx teacher &#8211; kit \u00e9lectronique"},"content":{"rendered":"<h3 style=\"text-align: center;\">la full story rejoint la gamme fx teacher<\/h3>\n<p style=\"text-align: center;\">La Full Story reprend le son de la fameuse disto-fuzz massive cr\u00e9\u00e9e aux \u00c9tats-Unis en 1969, qui a depuis \u00e9t\u00e9 utilis\u00e9e par des artistes aussi diff\u00e9rents<br \/>\nque Pink Floyd, The White Stripes, Muse, Dinosaur Jr., The Black Keys ou encore King Crimson.<\/p>\n<p style=\"text-align: center;\">Comme toujours avec FX Teacher, cette version de la Full Story est disponible en kit \u00e0 assembler soi-m\u00eame ou pr\u00e9-mont\u00e9e.<br \/>\nEt comme toujours, il s\u2019agit d\u2019une p\u00e9dale qui a de nombreux tours sonores dans son sac, parfaite pour de nombreuses utilisations.<br \/>\nDe prime abord, on pourrait se laisser aller \u00e0 penser qu\u2019avec seulement trois potards et deux switches on risque de toujours retomber sur les m\u00eames sons.<br \/>\nMais c\u2019est tr\u00e8s loin d\u2019\u00eatre le cas : d\u00e9j\u00e0, la FX Teacher Full Story est compatible avec toutes les Tone Cards, ces mini-circuits qui vous permettent<br \/>\nde changer radicalement la personnalit\u00e9 de votre disto-fuzz massive.<br \/>\nD\u2019origine, elle est \u00e9quip\u00e9e d\u2019une carte reprenant la version la plus populaire de la p\u00e9dale, mais de tr\u00e8s nombreuses autres couleurs sonores sont disponibles.<\/p>\n<p style=\"text-align: center;\">Une fois que vous avez trouv\u00e9 votre version id\u00e9ale, c\u2019est l\u00e0 que la vraie exploration commence :<br \/>\nle switch \u201cmid\u201d change le grain du tout au tout avec une position d\u2019origine (m\u00e9diums bien creus\u00e9s pour le c\u00f4t\u00e9 \u201cmur du son\u201d), une position qui booste les m\u00e9diums,<br \/>\net une position \u201ccustom\u201d pour laquelle vous choisissez la capa via un bornier interne.<br \/>\nLe switch \u201cclip\u201d quant \u00e0 lui vous donne acc\u00e8s au type d\u2019\u00e9cr\u00eatage de la disto-fuzz, des diodes 1N914 (comme l\u2019originale) \u00e0 vos propres diodes (au choix via le bornier)<br \/>\nen passant par une position sans clipping pour une overdrive plus naturelle.<\/p>\n<p style=\"text-align: center;\">Vous l\u2019aurez compris : vous avez donc acc\u00e8s \u00e0 six couleurs sonores diff\u00e9rentes pour chaque Tone Cards directement sur la p\u00e9dale,<br \/>\navant m\u00eame de toucher les deux borniers internes et de changer la Carte.<br \/>\nLa FX Teacher Full Story a beau \u00eatre une p\u00e9dale au format standard, elle contient l\u2019histoire compl\u00e8te d\u2019un son de l\u00e9gende.<\/p>\n<h3 style=\"text-align: center;\">contenu de ce pack<\/h3>\n<p style=\"text-align: center;\">Tout le n\u00e9cessaire pour fabriquer la partie \u00e9lectronique de ta Full Story de A \u00e0 Z ! C\u2019est \u00e0 dire :<\/p>\n<p style=\"text-align: center;\">Le kit \u00e9lectronique Full Story avec tous les composants n\u00e9cessaires. (r\u00e9sistances, capa, diodes, IC, potards\u2026)<br \/>\nUn PCB Full Story.<br \/>\nUn sachet de composants bonus pour mieux la personnaliser.<\/p>\n<h3 style=\"text-align: center;\">ce qu\u2019il pourrait te manquer pour monter ce kit<\/h3>\n<p style=\"text-align: center;\">Un<a href=\"https:\/\/anasounds.com\/fr\/produit\/full-story-fx-teacher-kit-boitier\/\" target=\"_blank\" rel=\"noopener noreferrer\">\u00a0kit boitier<\/a> Full Story ou un <a href=\"https:\/\/anasounds.com\/fr\/produit\/1590n1\/\" target=\"_blank\" rel=\"noopener noreferrer\">boitier vierge<\/a>\u00a0\u00e0 personnaliser.<br \/>\nUn kit true bypass \u00e0\u00a0<a href=\"https:\/\/anasounds.com\/fr\/produit\/3pdt\/\" target=\"_blank\" rel=\"noopener noreferrer\">3PDT<\/a>\u00a0ou \u00e0\u00a0<a href=\"https:\/\/anasounds.com\/fr\/produit\/kit-true-bypass-relais\/\" target=\"_blank\" rel=\"noopener noreferrer\">relais.<\/a><br \/>\nUn\u00a0<a href=\"https:\/\/anasounds.com\/fr\/produit\/testeur-methode-fx-teacher\/\" target=\"_blank\" rel=\"noopener noreferrer\">testeur<\/a>\u00a0pour suivre la m\u00e9thode de montage FX Teacher.<br \/>\nDes outils de soudure, voici notre\u00a0<a href=\"https:\/\/anasounds.com\/fr\/categorie-produit\/fx-teacher\/outils-fx-teacher\/\" target=\"_blank\" rel=\"noopener noreferrer\">s\u00e9lection<\/a>\u00a0si tu n\u2019as pas tout.<\/p>\n<h3 style=\"text-align: center;\">infos compl\u00e9mentaires<\/h3>\n<p style=\"text-align: center;\">Pour d\u00e9couvrir en d\u00e9tails la Full Story, c\u2019est sur <a href=\"https:\/\/anasounds.com\/fr\/the-full-story\/\" target=\"_blank\" rel=\"noopener noreferrer\">cette page.<\/a><\/p>\n<p style=\"text-align: center;\">Pour la fabriquer c\u2019est bien ici. Il suffit d\u2019ajouter ce produit au panier puis,<br \/>\nde suivre le tutoriel d\u2019assemblage <a href=\"https:\/\/anasounds.com\/fr\/assembler-son-kit-full-story-fx-teacher\/\" target=\"_blank\" rel=\"noopener\">par\u00a0ici<\/a>.<\/p>\n<p style=\"text-align: center;\">Pour la Full Story d\u00e9j\u00e0 mont\u00e9e, c\u2019est par <a href=\"https:\/\/anasounds.com\/fr\/produit\/full-story-fx-teacher-version-assemblee-par-anasounds\/\" target=\"_blank\" rel=\"noopener\">ici.<\/a><\/p>\n","protected":false},"excerpt":{"rendered":"<p>Le kit \u00e9lectronique de la Full Story seul.<br \/>\nPour customiser le design de sa p\u00e9dale, avec un boitier s\u00e9par\u00e9.<\/p>\n<p><strong>Disponible \u00e0 la commande pour une livraison mi-septembre<\/strong><\/p>\n","protected":false},"featured_media":85048,"comment_status":"open","ping_status":"closed","template":"","meta":[],"product_brand":[],"product_cat":[267,1557],"product_tag":[],"class_list":{"0":"post-84769","1":"product","2":"type-product","3":"status-publish","4":"has-post-thumbnail","6":"product_cat-fx-teacher","7":"product_cat-kits-pieces-detachees","9":"first","10":"onbackorder","11":"taxable","12":"shipping-taxable","13":"purchasable","14":"product-type-simple"},"supplier_id":83515,"supplier_sku":"","barcode":null,"atum_controlled":true,"out_stock_date":"2025-03-28 09:07:57","out_stock_threshold":null,"inheritable":false,"inbound_stock":0,"stock_on_hold":0,"sold_today":0,"sales_last_days":0,"reserved_stock":0,"customer_returns":0,"warehouse_damage":0,"lost_in_post":0,"other_logs":0,"out_stock_days":371,"lost_sales":0,"has_location":false,"update_date":"2026-04-04T00:59:05","atum_locations":[],"atum_stock_status":"onbackorder","restock_status":false,"low_stock_amount":"","sales_update_date":"2026-04-04T00:59:05","calc_backorders":0,"yoast_head":"<!-- This site is optimized with the Yoast SEO plugin v26.5 - https:\/\/yoast.com\/wordpress\/plugins\/seo\/ -->\n<title>full story fx teacher - kit \u00e9lectronique | Anasounds<\/title>\n<meta name=\"description\" content=\"Le kit \u00e9lectronique de la Full Story FX Teacher, pour cr\u00e9er son propre design.\" \/>\n<meta name=\"robots\" content=\"index, follow, max-snippet:-1, max-image-preview:large, max-video-preview:-1\" \/>\n<link rel=\"canonical\" href=\"https:\/\/anasounds.com\/fr\/produit\/full-story-fx-teacher-kit-electronique\/\" \/>\n<meta property=\"og:locale\" content=\"fr_FR\" \/>\n<meta property=\"og:type\" content=\"article\" \/>\n<meta property=\"og:title\" content=\"full story fx teacher - kit \u00e9lectronique | Anasounds\" \/>\n<meta property=\"og:description\" content=\"Le kit \u00e9lectronique de la Full Story FX Teacher, pour cr\u00e9er son propre design.\" \/>\n<meta property=\"og:url\" content=\"https:\/\/anasounds.com\/fr\/produit\/full-story-fx-teacher-kit-electronique\/\" \/>\n<meta property=\"og:site_name\" content=\"Anasounds\" \/>\n<meta property=\"article:publisher\" content=\"https:\/\/www.facebook.com\/AnasoundsFX\/\" \/>\n<meta property=\"article:modified_time\" content=\"2025-03-28T08:07:57+00:00\" \/>\n<meta property=\"og:image\" content=\"https:\/\/anasounds.com\/wp-content\/uploads\/2022\/08\/Full_story_fx_teacher_kit_electronic.jpg\" \/>\n\t<meta property=\"og:image:width\" content=\"1500\" \/>\n\t<meta property=\"og:image:height\" content=\"1500\" \/>\n\t<meta property=\"og:image:type\" content=\"image\/jpeg\" \/>\n<meta name=\"twitter:card\" content=\"summary_large_image\" \/>\n<meta name=\"twitter:label1\" content=\"Dur\u00e9e de lecture estim\u00e9e\" \/>\n\t<meta name=\"twitter:data1\" content=\"3 minutes\" \/>\n<script type=\"application\/ld+json\" class=\"yoast-schema-graph\">{\"@context\":\"https:\/\/schema.org\",\"@graph\":[{\"@type\":\"WebPage\",\"@id\":\"https:\/\/anasounds.com\/fr\/produit\/full-story-fx-teacher-kit-electronique\/\",\"url\":\"https:\/\/anasounds.com\/fr\/produit\/full-story-fx-teacher-kit-electronique\/\",\"name\":\"full story fx teacher - kit \u00e9lectronique | Anasounds\",\"isPartOf\":{\"@id\":\"https:\/\/anasounds.com\/#website\"},\"primaryImageOfPage\":{\"@id\":\"https:\/\/anasounds.com\/fr\/produit\/full-story-fx-teacher-kit-electronique\/#primaryimage\"},\"image\":{\"@id\":\"https:\/\/anasounds.com\/fr\/produit\/full-story-fx-teacher-kit-electronique\/#primaryimage\"},\"thumbnailUrl\":\"https:\/\/anasounds.com\/wp-content\/uploads\/2022\/08\/Full_story_fx_teacher_kit_electronic.jpg\",\"datePublished\":\"2022-08-25T11:30:39+00:00\",\"dateModified\":\"2025-03-28T08:07:57+00:00\",\"description\":\"Le kit \u00e9lectronique de la Full Story FX Teacher, pour cr\u00e9er son propre design.\",\"breadcrumb\":{\"@id\":\"https:\/\/anasounds.com\/fr\/produit\/full-story-fx-teacher-kit-electronique\/#breadcrumb\"},\"inLanguage\":\"fr-FR\",\"potentialAction\":[{\"@type\":\"ReadAction\",\"target\":[\"https:\/\/anasounds.com\/fr\/produit\/full-story-fx-teacher-kit-electronique\/\"]}]},{\"@type\":\"ImageObject\",\"inLanguage\":\"fr-FR\",\"@id\":\"https:\/\/anasounds.com\/fr\/produit\/full-story-fx-teacher-kit-electronique\/#primaryimage\",\"url\":\"https:\/\/anasounds.com\/wp-content\/uploads\/2022\/08\/Full_story_fx_teacher_kit_electronic.jpg\",\"contentUrl\":\"https:\/\/anasounds.com\/wp-content\/uploads\/2022\/08\/Full_story_fx_teacher_kit_electronic.jpg\",\"width\":1500,\"height\":1500},{\"@type\":\"BreadcrumbList\",\"@id\":\"https:\/\/anasounds.com\/fr\/produit\/full-story-fx-teacher-kit-electronique\/#breadcrumb\",\"itemListElement\":[{\"@type\":\"ListItem\",\"position\":1,\"name\":\"Home\",\"item\":\"https:\/\/anasounds.com\/fr\/\"},{\"@type\":\"ListItem\",\"position\":2,\"name\":\"boutique\",\"item\":\"https:\/\/anasounds.com\/fr\/shop\/\"},{\"@type\":\"ListItem\",\"position\":3,\"name\":\"full story fx teacher &#8211; kit \u00e9lectronique\"}]},{\"@type\":\"WebSite\",\"@id\":\"https:\/\/anasounds.com\/#website\",\"url\":\"https:\/\/anasounds.com\/\",\"name\":\"Anasounds\",\"description\":\"P\u00e9dales \u00e0 la Fran\u00e7aise\",\"publisher\":{\"@id\":\"https:\/\/anasounds.com\/#organization\"},\"potentialAction\":[{\"@type\":\"SearchAction\",\"target\":{\"@type\":\"EntryPoint\",\"urlTemplate\":\"https:\/\/anasounds.com\/?s={search_term_string}\"},\"query-input\":{\"@type\":\"PropertyValueSpecification\",\"valueRequired\":true,\"valueName\":\"search_term_string\"}}],\"inLanguage\":\"fr-FR\"},{\"@type\":\"Organization\",\"@id\":\"https:\/\/anasounds.com\/#organization\",\"name\":\"Anasounds\",\"url\":\"https:\/\/anasounds.com\/\",\"logo\":{\"@type\":\"ImageObject\",\"inLanguage\":\"fr-FR\",\"@id\":\"https:\/\/anasounds.com\/#\/schema\/logo\/image\/\",\"url\":\"https:\/\/anasounds.com\/wp-content\/uploads\/2017\/10\/Logomadeinfrnoirblc.png\",\"contentUrl\":\"https:\/\/anasounds.com\/wp-content\/uploads\/2017\/10\/Logomadeinfrnoirblc.png\",\"width\":300,\"height\":300,\"caption\":\"Anasounds\"},\"image\":{\"@id\":\"https:\/\/anasounds.com\/#\/schema\/logo\/image\/\"},\"sameAs\":[\"https:\/\/www.facebook.com\/AnasoundsFX\/\",\"https:\/\/www.instagram.com\/anasounds\/\",\"https:\/\/www.youtube.com\/user\/AnaSoundsFR\"]}]}<\/script>\n<!-- \/ Yoast SEO plugin. -->","yoast_head_json":{"title":"full story fx teacher - kit \u00e9lectronique | Anasounds","description":"Le kit \u00e9lectronique de la Full Story FX Teacher, pour cr\u00e9er son propre design.","robots":{"index":"index","follow":"follow","max-snippet":"max-snippet:-1","max-image-preview":"max-image-preview:large","max-video-preview":"max-video-preview:-1"},"canonical":"https:\/\/anasounds.com\/fr\/produit\/full-story-fx-teacher-kit-electronique\/","og_locale":"fr_FR","og_type":"article","og_title":"full story fx teacher - kit \u00e9lectronique | Anasounds","og_description":"Le kit \u00e9lectronique de la Full Story FX Teacher, pour cr\u00e9er son propre design.","og_url":"https:\/\/anasounds.com\/fr\/produit\/full-story-fx-teacher-kit-electronique\/","og_site_name":"Anasounds","article_publisher":"https:\/\/www.facebook.com\/AnasoundsFX\/","article_modified_time":"2025-03-28T08:07:57+00:00","og_image":[{"width":1500,"height":1500,"url":"https:\/\/anasounds.com\/wp-content\/uploads\/2022\/08\/Full_story_fx_teacher_kit_electronic.jpg","type":"image\/jpeg"}],"twitter_card":"summary_large_image","twitter_misc":{"Dur\u00e9e de lecture estim\u00e9e":"3 minutes"},"schema":{"@context":"https:\/\/schema.org","@graph":[{"@type":"WebPage","@id":"https:\/\/anasounds.com\/fr\/produit\/full-story-fx-teacher-kit-electronique\/","url":"https:\/\/anasounds.com\/fr\/produit\/full-story-fx-teacher-kit-electronique\/","name":"full story fx teacher - kit \u00e9lectronique | Anasounds","isPartOf":{"@id":"https:\/\/anasounds.com\/#website"},"primaryImageOfPage":{"@id":"https:\/\/anasounds.com\/fr\/produit\/full-story-fx-teacher-kit-electronique\/#primaryimage"},"image":{"@id":"https:\/\/anasounds.com\/fr\/produit\/full-story-fx-teacher-kit-electronique\/#primaryimage"},"thumbnailUrl":"https:\/\/anasounds.com\/wp-content\/uploads\/2022\/08\/Full_story_fx_teacher_kit_electronic.jpg","datePublished":"2022-08-25T11:30:39+00:00","dateModified":"2025-03-28T08:07:57+00:00","description":"Le kit \u00e9lectronique de la Full Story FX Teacher, pour cr\u00e9er son propre design.","breadcrumb":{"@id":"https:\/\/anasounds.com\/fr\/produit\/full-story-fx-teacher-kit-electronique\/#breadcrumb"},"inLanguage":"fr-FR","potentialAction":[{"@type":"ReadAction","target":["https:\/\/anasounds.com\/fr\/produit\/full-story-fx-teacher-kit-electronique\/"]}]},{"@type":"ImageObject","inLanguage":"fr-FR","@id":"https:\/\/anasounds.com\/fr\/produit\/full-story-fx-teacher-kit-electronique\/#primaryimage","url":"https:\/\/anasounds.com\/wp-content\/uploads\/2022\/08\/Full_story_fx_teacher_kit_electronic.jpg","contentUrl":"https:\/\/anasounds.com\/wp-content\/uploads\/2022\/08\/Full_story_fx_teacher_kit_electronic.jpg","width":1500,"height":1500},{"@type":"BreadcrumbList","@id":"https:\/\/anasounds.com\/fr\/produit\/full-story-fx-teacher-kit-electronique\/#breadcrumb","itemListElement":[{"@type":"ListItem","position":1,"name":"Home","item":"https:\/\/anasounds.com\/fr\/"},{"@type":"ListItem","position":2,"name":"boutique","item":"https:\/\/anasounds.com\/fr\/shop\/"},{"@type":"ListItem","position":3,"name":"full story fx teacher &#8211; kit \u00e9lectronique"}]},{"@type":"WebSite","@id":"https:\/\/anasounds.com\/#website","url":"https:\/\/anasounds.com\/","name":"Anasounds","description":"P\u00e9dales \u00e0 la Fran\u00e7aise","publisher":{"@id":"https:\/\/anasounds.com\/#organization"},"potentialAction":[{"@type":"SearchAction","target":{"@type":"EntryPoint","urlTemplate":"https:\/\/anasounds.com\/?s={search_term_string}"},"query-input":{"@type":"PropertyValueSpecification","valueRequired":true,"valueName":"search_term_string"}}],"inLanguage":"fr-FR"},{"@type":"Organization","@id":"https:\/\/anasounds.com\/#organization","name":"Anasounds","url":"https:\/\/anasounds.com\/","logo":{"@type":"ImageObject","inLanguage":"fr-FR","@id":"https:\/\/anasounds.com\/#\/schema\/logo\/image\/","url":"https:\/\/anasounds.com\/wp-content\/uploads\/2017\/10\/Logomadeinfrnoirblc.png","contentUrl":"https:\/\/anasounds.com\/wp-content\/uploads\/2017\/10\/Logomadeinfrnoirblc.png","width":300,"height":300,"caption":"Anasounds"},"image":{"@id":"https:\/\/anasounds.com\/#\/schema\/logo\/image\/"},"sameAs":["https:\/\/www.facebook.com\/AnasoundsFX\/","https:\/\/www.instagram.com\/anasounds\/","https:\/\/www.youtube.com\/user\/AnaSoundsFR"]}]}},"_links":{"self":[{"href":"https:\/\/anasounds.com\/fr\/wp-json\/wp\/v2\/product\/84769","targetHints":{"allow":["GET"]}}],"collection":[{"href":"https:\/\/anasounds.com\/fr\/wp-json\/wp\/v2\/product"}],"about":[{"href":"https:\/\/anasounds.com\/fr\/wp-json\/wp\/v2\/types\/product"}],"replies":[{"embeddable":true,"href":"https:\/\/anasounds.com\/fr\/wp-json\/wp\/v2\/comments?post=84769"}],"wp:featuredmedia":[{"embeddable":true,"href":"https:\/\/anasounds.com\/fr\/wp-json\/wp\/v2\/media\/85048"}],"wp:attachment":[{"href":"https:\/\/anasounds.com\/fr\/wp-json\/wp\/v2\/media?parent=84769"}],"wp:term":[{"taxonomy":"product_brand","embeddable":true,"href":"https:\/\/anasounds.com\/fr\/wp-json\/wp\/v2\/product_brand?post=84769"},{"taxonomy":"product_cat","embeddable":true,"href":"https:\/\/anasounds.com\/fr\/wp-json\/wp\/v2\/product_cat?post=84769"},{"taxonomy":"product_tag","embeddable":true,"href":"https:\/\/anasounds.com\/fr\/wp-json\/wp\/v2\/product_tag?post=84769"}],"curies":[{"name":"wp","href":"https:\/\/api.w.org\/{rel}","templated":true}]}}