{"id":84770,"date":"2022-08-25T13:33:26","date_gmt":"2022-08-25T11:33:26","guid":{"rendered":"https:\/\/anasounds.com\/?post_type=product&#038;p=84770"},"modified":"2023-11-25T22:40:48","modified_gmt":"2023-11-25T21:40:48","slug":"full-story-fx-teacher-kit-boitier","status":"publish","type":"product","link":"https:\/\/anasounds.com\/fr\/produit\/full-story-fx-teacher-kit-boitier\/","title":{"rendered":"full story fx teacher &#8211; kit boitier"},"content":{"rendered":"<h3 style=\"text-align: center;\">la full story rejoint la gamme fx teacher<\/h3>\n<p style=\"text-align: center;\">La Full Story reprend le son de la fameuse disto-fuzz massive cr\u00e9\u00e9e aux \u00c9tats-Unis en 1969, qui a depuis \u00e9t\u00e9 utilis\u00e9e par des artistes aussi diff\u00e9rents<br \/>\nque Pink Floyd, The White Stripes, Muse, Dinosaur Jr., The Black Keys ou encore King Crimson.<\/p>\n<p style=\"text-align: center;\">Comme toujours avec FX Teacher, cette version de la Full Story est disponible en kit \u00e0 assembler soi-m\u00eame ou pr\u00e9-mont\u00e9e.<br \/>\nEt comme toujours, il s\u2019agit d\u2019une p\u00e9dale qui a de nombreux tours sonores dans son sac, parfaite pour de nombreuses utilisations.<br \/>\nDe prime abord, on pourrait se laisser aller \u00e0 penser qu\u2019avec seulement trois potards et deux switches on risque de toujours retomber sur les m\u00eames sons.<br \/>\nMais c\u2019est tr\u00e8s loin d\u2019\u00eatre le cas : d\u00e9j\u00e0, la FX Teacher Full Story est compatible avec toutes les Tone Cards, ces mini-circuits qui vous permettent<br \/>\nde changer radicalement la personnalit\u00e9 de votre disto-fuzz massive.<br \/>\nD\u2019origine, elle est \u00e9quip\u00e9e d\u2019une carte reprenant la version la plus populaire de la p\u00e9dale, mais de tr\u00e8s nombreuses autres couleurs sonores sont disponibles.<\/p>\n<p style=\"text-align: center;\">Une fois que vous avez trouv\u00e9 votre version id\u00e9ale, c\u2019est l\u00e0 que la vraie exploration commence :<br \/>\nle switch \u201cmid\u201d change le grain du tout au tout avec une position d\u2019origine (m\u00e9diums bien creus\u00e9s pour le c\u00f4t\u00e9 \u201cmur du son\u201d), une position qui booste les m\u00e9diums,<br \/>\net une position \u201ccustom\u201d pour laquelle vous choisissez la capa via un bornier interne.<br \/>\nLe switch \u201cclip\u201d quant \u00e0 lui vous donne acc\u00e8s au type d\u2019\u00e9cr\u00eatage de la disto-fuzz, des diodes 1N914 (comme l\u2019originale) \u00e0 vos propres diodes (au choix via le bornier)<br \/>\nen passant par une position sans clipping pour une overdrive plus naturelle.<\/p>\n<p style=\"text-align: center;\">Vous l\u2019aurez compris : vous avez donc acc\u00e8s \u00e0 six couleurs sonores diff\u00e9rentes pour chaque Tone Cards directement sur la p\u00e9dale,<br \/>\navant m\u00eame de toucher les deux borniers internes et de changer la Carte.<br \/>\nLa FX Teacher Full Story a beau \u00eatre une p\u00e9dale au format standard, elle contient l\u2019histoire compl\u00e8te d\u2019un son de l\u00e9gende.<\/p>\n<h3 style=\"text-align: center;\">contenu de ce pack<\/h3>\n<p style=\"text-align: center;\">Un kit boitier Full Story avec le design Anasounds et tous les trous d\u00e9j\u00e0 perc\u00e9s.<br \/>\nTrois knobs transparents.<br \/>\nUn jack d\u2019alimentation viss\u00e9 et coll\u00e9 \u00e0 la bo\u00eete.<\/p>\n<h3 style=\"text-align: center;\">ce qu\u2019il pourrait te manquer pour monter ce kit<\/h3>\n<p style=\"text-align: center;\">Un\u00a0<a href=\"https:\/\/anasounds.com\/fr\/produit\/testeur-methode-fx-teacher\/\" target=\"_blank\" rel=\"noopener\">testeur<\/a>\u00a0pour la m\u00e9thode FX Teacher.<br \/>\nDes outils de soudure, voici notre\u00a0<a href=\"https:\/\/anasounds.com\/fr\/categorie-produit\/fx-teacher\/outils-fx-teacher\/\" target=\"_blank\" rel=\"noopener noreferrer\">s\u00e9lection<\/a>\u00a0si tu n\u2019en as pas assez.<br \/>\nUn kit Full Story \u2013 \u00a0<a href=\"https:\/\/anasounds.com\/fr\/produit\/full-story-fx-teacher-kit-electronique\/\" target=\"_blank\" rel=\"noopener noreferrer\">composants \u00e9lectroniques.<\/a><br \/>\nUn kit true bypass \u00e0<a href=\"https:\/\/anasounds.com\/fr\/produit\/kit-true-bypass-3pdt\/\" target=\"_blank\" rel=\"noopener noreferrer\">\u00a03PDT\u00a0<\/a>ou \u00e0\u00a0<a href=\"https:\/\/anasounds.com\/fr\/produit\/kit-true-bypass-relais\/\" target=\"_blank\" rel=\"noopener noreferrer\">relais.<\/a><\/p>\n<h3 style=\"text-align: center;\">infos compl\u00e9mentaires<\/h3>\n<p style=\"text-align: center;\">Pour d\u00e9couvrir en d\u00e9tails la Full Story, c\u2019est sur <a href=\"https:\/\/anasounds.com\/fr\/the-full-story\/\" target=\"_blank\" rel=\"noopener noreferrer\">cette page.<\/a><\/p>\n<p style=\"text-align: center;\">Pour la fabriquer c\u2019est bien ici. Il suffit d\u2019ajouter ce produit au panier puis,<br \/>\nde suivre le tutoriel d\u2019assemblage <a href=\"https:\/\/anasounds.com\/fr\/assembler-son-kit-full-story-fx-teacher\/\" target=\"_blank\" rel=\"noopener\">par\u00a0ici<\/a>.<\/p>\n<p style=\"text-align: center;\">Pour la Full Story d\u00e9j\u00e0 mont\u00e9e, c\u2019est par <a href=\"https:\/\/anasounds.com\/fr\/produit\/full-story-fx-teacher-version-assemblee-par-anasounds\/\" target=\"_blank\" rel=\"noopener noreferrer\">ici.<\/a><\/p>\n","protected":false},"excerpt":{"rendered":"<p>Le kit boitier de la Full Story.<\/p>\n<p>Pour un boitier de remplacement,<br \/>\nou pour laisser le choix de la partie \u00e9lectronique,<br \/>\navec diff\u00e9rentes options de true bypass.<\/p>\n<p><strong>Disponible \u00e0 la commande pour une livraison mi-septembre<\/strong><\/p>\n","protected":false},"featured_media":85060,"comment_status":"open","ping_status":"closed","template":"","meta":[],"product_brand":[],"product_cat":[267,1557],"product_tag":[],"class_list":{"0":"post-84770","1":"product","2":"type-product","3":"status-publish","4":"has-post-thumbnail","6":"product_cat-fx-teacher","7":"product_cat-kits-pieces-detachees","9":"first","10":"instock","11":"taxable","12":"shipping-taxable","13":"purchasable","14":"product-type-simple"},"supplier_id":83515,"supplier_sku":"","barcode":null,"atum_controlled":true,"out_stock_date":null,"out_stock_threshold":null,"inheritable":false,"inbound_stock":0,"stock_on_hold":0,"sold_today":0,"sales_last_days":0,"reserved_stock":0,"customer_returns":0,"warehouse_damage":0,"lost_in_post":0,"other_logs":0,"out_stock_days":0,"lost_sales":0,"has_location":false,"update_date":"2026-04-06T01:00:04","atum_locations":[],"atum_stock_status":"instock","restock_status":false,"low_stock_amount":"","sales_update_date":"2026-04-06T01:00:03","calc_backorders":0,"yoast_head":"<!-- This site is optimized with the Yoast SEO plugin v26.5 - https:\/\/yoast.com\/wordpress\/plugins\/seo\/ -->\n<title>full story fx teacher - kit boitier | Anasounds<\/title>\n<meta name=\"description\" content=\"Le boitier de la Full Story FX Teacher seul, pour remplacer un boitier abim\u00e9.\" \/>\n<meta name=\"robots\" content=\"index, follow, max-snippet:-1, max-image-preview:large, max-video-preview:-1\" \/>\n<link rel=\"canonical\" href=\"https:\/\/anasounds.com\/fr\/produit\/full-story-fx-teacher-kit-boitier\/\" \/>\n<meta property=\"og:locale\" content=\"fr_FR\" \/>\n<meta property=\"og:type\" content=\"article\" \/>\n<meta property=\"og:title\" content=\"full story fx teacher - kit boitier | Anasounds\" \/>\n<meta property=\"og:description\" content=\"Le boitier de la Full Story FX Teacher seul, pour remplacer un boitier abim\u00e9.\" \/>\n<meta property=\"og:url\" content=\"https:\/\/anasounds.com\/fr\/produit\/full-story-fx-teacher-kit-boitier\/\" \/>\n<meta property=\"og:site_name\" content=\"Anasounds\" \/>\n<meta property=\"article:publisher\" content=\"https:\/\/www.facebook.com\/AnasoundsFX\/\" \/>\n<meta property=\"article:modified_time\" content=\"2023-11-25T21:40:48+00:00\" \/>\n<meta property=\"og:image\" content=\"https:\/\/anasounds.com\/wp-content\/uploads\/2022\/08\/Full_story_fx_teacher_boitier.jpg\" \/>\n\t<meta property=\"og:image:width\" content=\"1500\" \/>\n\t<meta property=\"og:image:height\" content=\"1500\" \/>\n\t<meta property=\"og:image:type\" content=\"image\/jpeg\" \/>\n<meta name=\"twitter:card\" content=\"summary_large_image\" \/>\n<meta name=\"twitter:label1\" content=\"Dur\u00e9e de lecture estim\u00e9e\" \/>\n\t<meta name=\"twitter:data1\" content=\"3 minutes\" \/>\n<script type=\"application\/ld+json\" class=\"yoast-schema-graph\">{\"@context\":\"https:\/\/schema.org\",\"@graph\":[{\"@type\":\"WebPage\",\"@id\":\"https:\/\/anasounds.com\/fr\/produit\/full-story-fx-teacher-kit-boitier\/\",\"url\":\"https:\/\/anasounds.com\/fr\/produit\/full-story-fx-teacher-kit-boitier\/\",\"name\":\"full story fx teacher - kit boitier | Anasounds\",\"isPartOf\":{\"@id\":\"https:\/\/anasounds.com\/#website\"},\"primaryImageOfPage\":{\"@id\":\"https:\/\/anasounds.com\/fr\/produit\/full-story-fx-teacher-kit-boitier\/#primaryimage\"},\"image\":{\"@id\":\"https:\/\/anasounds.com\/fr\/produit\/full-story-fx-teacher-kit-boitier\/#primaryimage\"},\"thumbnailUrl\":\"https:\/\/anasounds.com\/wp-content\/uploads\/2022\/08\/Full_story_fx_teacher_boitier.jpg\",\"datePublished\":\"2022-08-25T11:33:26+00:00\",\"dateModified\":\"2023-11-25T21:40:48+00:00\",\"description\":\"Le boitier de la Full Story FX Teacher seul, pour remplacer un boitier abim\u00e9.\",\"breadcrumb\":{\"@id\":\"https:\/\/anasounds.com\/fr\/produit\/full-story-fx-teacher-kit-boitier\/#breadcrumb\"},\"inLanguage\":\"fr-FR\",\"potentialAction\":[{\"@type\":\"ReadAction\",\"target\":[\"https:\/\/anasounds.com\/fr\/produit\/full-story-fx-teacher-kit-boitier\/\"]}]},{\"@type\":\"ImageObject\",\"inLanguage\":\"fr-FR\",\"@id\":\"https:\/\/anasounds.com\/fr\/produit\/full-story-fx-teacher-kit-boitier\/#primaryimage\",\"url\":\"https:\/\/anasounds.com\/wp-content\/uploads\/2022\/08\/Full_story_fx_teacher_boitier.jpg\",\"contentUrl\":\"https:\/\/anasounds.com\/wp-content\/uploads\/2022\/08\/Full_story_fx_teacher_boitier.jpg\",\"width\":1500,\"height\":1500},{\"@type\":\"BreadcrumbList\",\"@id\":\"https:\/\/anasounds.com\/fr\/produit\/full-story-fx-teacher-kit-boitier\/#breadcrumb\",\"itemListElement\":[{\"@type\":\"ListItem\",\"position\":1,\"name\":\"Home\",\"item\":\"https:\/\/anasounds.com\/fr\/\"},{\"@type\":\"ListItem\",\"position\":2,\"name\":\"boutique\",\"item\":\"https:\/\/anasounds.com\/fr\/shop\/\"},{\"@type\":\"ListItem\",\"position\":3,\"name\":\"full story fx teacher &#8211; kit boitier\"}]},{\"@type\":\"WebSite\",\"@id\":\"https:\/\/anasounds.com\/#website\",\"url\":\"https:\/\/anasounds.com\/\",\"name\":\"Anasounds\",\"description\":\"P\u00e9dales \u00e0 la Fran\u00e7aise\",\"publisher\":{\"@id\":\"https:\/\/anasounds.com\/#organization\"},\"potentialAction\":[{\"@type\":\"SearchAction\",\"target\":{\"@type\":\"EntryPoint\",\"urlTemplate\":\"https:\/\/anasounds.com\/?s={search_term_string}\"},\"query-input\":{\"@type\":\"PropertyValueSpecification\",\"valueRequired\":true,\"valueName\":\"search_term_string\"}}],\"inLanguage\":\"fr-FR\"},{\"@type\":\"Organization\",\"@id\":\"https:\/\/anasounds.com\/#organization\",\"name\":\"Anasounds\",\"url\":\"https:\/\/anasounds.com\/\",\"logo\":{\"@type\":\"ImageObject\",\"inLanguage\":\"fr-FR\",\"@id\":\"https:\/\/anasounds.com\/#\/schema\/logo\/image\/\",\"url\":\"https:\/\/anasounds.com\/wp-content\/uploads\/2017\/10\/Logomadeinfrnoirblc.png\",\"contentUrl\":\"https:\/\/anasounds.com\/wp-content\/uploads\/2017\/10\/Logomadeinfrnoirblc.png\",\"width\":300,\"height\":300,\"caption\":\"Anasounds\"},\"image\":{\"@id\":\"https:\/\/anasounds.com\/#\/schema\/logo\/image\/\"},\"sameAs\":[\"https:\/\/www.facebook.com\/AnasoundsFX\/\",\"https:\/\/www.instagram.com\/anasounds\/\",\"https:\/\/www.youtube.com\/user\/AnaSoundsFR\"]}]}<\/script>\n<!-- \/ Yoast SEO plugin. -->","yoast_head_json":{"title":"full story fx teacher - kit boitier | Anasounds","description":"Le boitier de la Full Story FX Teacher seul, pour remplacer un boitier abim\u00e9.","robots":{"index":"index","follow":"follow","max-snippet":"max-snippet:-1","max-image-preview":"max-image-preview:large","max-video-preview":"max-video-preview:-1"},"canonical":"https:\/\/anasounds.com\/fr\/produit\/full-story-fx-teacher-kit-boitier\/","og_locale":"fr_FR","og_type":"article","og_title":"full story fx teacher - kit boitier | Anasounds","og_description":"Le boitier de la Full Story FX Teacher seul, pour remplacer un boitier abim\u00e9.","og_url":"https:\/\/anasounds.com\/fr\/produit\/full-story-fx-teacher-kit-boitier\/","og_site_name":"Anasounds","article_publisher":"https:\/\/www.facebook.com\/AnasoundsFX\/","article_modified_time":"2023-11-25T21:40:48+00:00","og_image":[{"width":1500,"height":1500,"url":"https:\/\/anasounds.com\/wp-content\/uploads\/2022\/08\/Full_story_fx_teacher_boitier.jpg","type":"image\/jpeg"}],"twitter_card":"summary_large_image","twitter_misc":{"Dur\u00e9e de lecture estim\u00e9e":"3 minutes"},"schema":{"@context":"https:\/\/schema.org","@graph":[{"@type":"WebPage","@id":"https:\/\/anasounds.com\/fr\/produit\/full-story-fx-teacher-kit-boitier\/","url":"https:\/\/anasounds.com\/fr\/produit\/full-story-fx-teacher-kit-boitier\/","name":"full story fx teacher - kit boitier | Anasounds","isPartOf":{"@id":"https:\/\/anasounds.com\/#website"},"primaryImageOfPage":{"@id":"https:\/\/anasounds.com\/fr\/produit\/full-story-fx-teacher-kit-boitier\/#primaryimage"},"image":{"@id":"https:\/\/anasounds.com\/fr\/produit\/full-story-fx-teacher-kit-boitier\/#primaryimage"},"thumbnailUrl":"https:\/\/anasounds.com\/wp-content\/uploads\/2022\/08\/Full_story_fx_teacher_boitier.jpg","datePublished":"2022-08-25T11:33:26+00:00","dateModified":"2023-11-25T21:40:48+00:00","description":"Le boitier de la Full Story FX Teacher seul, pour remplacer un boitier abim\u00e9.","breadcrumb":{"@id":"https:\/\/anasounds.com\/fr\/produit\/full-story-fx-teacher-kit-boitier\/#breadcrumb"},"inLanguage":"fr-FR","potentialAction":[{"@type":"ReadAction","target":["https:\/\/anasounds.com\/fr\/produit\/full-story-fx-teacher-kit-boitier\/"]}]},{"@type":"ImageObject","inLanguage":"fr-FR","@id":"https:\/\/anasounds.com\/fr\/produit\/full-story-fx-teacher-kit-boitier\/#primaryimage","url":"https:\/\/anasounds.com\/wp-content\/uploads\/2022\/08\/Full_story_fx_teacher_boitier.jpg","contentUrl":"https:\/\/anasounds.com\/wp-content\/uploads\/2022\/08\/Full_story_fx_teacher_boitier.jpg","width":1500,"height":1500},{"@type":"BreadcrumbList","@id":"https:\/\/anasounds.com\/fr\/produit\/full-story-fx-teacher-kit-boitier\/#breadcrumb","itemListElement":[{"@type":"ListItem","position":1,"name":"Home","item":"https:\/\/anasounds.com\/fr\/"},{"@type":"ListItem","position":2,"name":"boutique","item":"https:\/\/anasounds.com\/fr\/shop\/"},{"@type":"ListItem","position":3,"name":"full story fx teacher &#8211; kit boitier"}]},{"@type":"WebSite","@id":"https:\/\/anasounds.com\/#website","url":"https:\/\/anasounds.com\/","name":"Anasounds","description":"P\u00e9dales \u00e0 la Fran\u00e7aise","publisher":{"@id":"https:\/\/anasounds.com\/#organization"},"potentialAction":[{"@type":"SearchAction","target":{"@type":"EntryPoint","urlTemplate":"https:\/\/anasounds.com\/?s={search_term_string}"},"query-input":{"@type":"PropertyValueSpecification","valueRequired":true,"valueName":"search_term_string"}}],"inLanguage":"fr-FR"},{"@type":"Organization","@id":"https:\/\/anasounds.com\/#organization","name":"Anasounds","url":"https:\/\/anasounds.com\/","logo":{"@type":"ImageObject","inLanguage":"fr-FR","@id":"https:\/\/anasounds.com\/#\/schema\/logo\/image\/","url":"https:\/\/anasounds.com\/wp-content\/uploads\/2017\/10\/Logomadeinfrnoirblc.png","contentUrl":"https:\/\/anasounds.com\/wp-content\/uploads\/2017\/10\/Logomadeinfrnoirblc.png","width":300,"height":300,"caption":"Anasounds"},"image":{"@id":"https:\/\/anasounds.com\/#\/schema\/logo\/image\/"},"sameAs":["https:\/\/www.facebook.com\/AnasoundsFX\/","https:\/\/www.instagram.com\/anasounds\/","https:\/\/www.youtube.com\/user\/AnaSoundsFR"]}]}},"_links":{"self":[{"href":"https:\/\/anasounds.com\/fr\/wp-json\/wp\/v2\/product\/84770","targetHints":{"allow":["GET"]}}],"collection":[{"href":"https:\/\/anasounds.com\/fr\/wp-json\/wp\/v2\/product"}],"about":[{"href":"https:\/\/anasounds.com\/fr\/wp-json\/wp\/v2\/types\/product"}],"replies":[{"embeddable":true,"href":"https:\/\/anasounds.com\/fr\/wp-json\/wp\/v2\/comments?post=84770"}],"wp:featuredmedia":[{"embeddable":true,"href":"https:\/\/anasounds.com\/fr\/wp-json\/wp\/v2\/media\/85060"}],"wp:attachment":[{"href":"https:\/\/anasounds.com\/fr\/wp-json\/wp\/v2\/media?parent=84770"}],"wp:term":[{"taxonomy":"product_brand","embeddable":true,"href":"https:\/\/anasounds.com\/fr\/wp-json\/wp\/v2\/product_brand?post=84770"},{"taxonomy":"product_cat","embeddable":true,"href":"https:\/\/anasounds.com\/fr\/wp-json\/wp\/v2\/product_cat?post=84770"},{"taxonomy":"product_tag","embeddable":true,"href":"https:\/\/anasounds.com\/fr\/wp-json\/wp\/v2\/product_tag?post=84770"}],"curies":[{"name":"wp","href":"https:\/\/api.w.org\/{rel}","templated":true}]}}