{"id":87306,"date":"2022-11-18T16:46:58","date_gmt":"2022-11-18T15:46:58","guid":{"rendered":"https:\/\/anasounds.com\/?post_type=product&#038;p=87306"},"modified":"2026-02-10T10:08:46","modified_gmt":"2026-02-10T09:08:46","slug":"tape-preamp-pedale-deja-assemblee","status":"publish","type":"product","link":"https:\/\/anasounds.com\/fr\/produit\/tape-preamp-pedale-deja-assemblee\/","title":{"rendered":"Tape Preamp &#8211; p\u00e9dale d\u00e9j\u00e0 assembl\u00e9e"},"content":{"rendered":"<h3 style=\"text-align: center;\">un boost extr\u00eamement simple&#8230;<\/h3>\n<p style=\"text-align: center;\">Tout a commenc\u00e9 comme un projet pour FX Teacher\u2026<br \/>\nFace aux circuits trop complexes de la Ego Driver ou du Tr\u00e9molo, l\u2019\u00e9quipe Anasounds a commenc\u00e9 \u00e0 plancher sur un mod\u00e8le de boost tout simple<br \/>\npour que les masterclasses puissent se faire avec peu de composants et un d\u00e9roul\u00e9 plus fluide.<br \/>\nMais \u00e9videmment cette tentative de rester au plus simple a \u00e9t\u00e9 de courte dur\u00e9e\u2026<\/p>\n<p style=\"text-align: center;\">Le mod\u00e8le choisi \u00e0 l\u2019origine comme base de d\u00e9veloppement \u00e9tait le fameux pr\u00e9ampli \u00e0 transistor d\u2019un \u00e9cho \u00e0 bande am\u00e9ricain fabriqu\u00e9 entre 1970 et 1991,<br \/>\nque l\u2019on entend sur d\u2019innombrables albums dans tous les styles.<br \/>\nDe nombreuses p\u00e9dales d\u00e9riv\u00e9es de ce circuit ont fait leurs preuves sur des millions de pedalboards modernes, et il s\u2019agissait donc d\u2019un bon point de d\u00e9part.<\/p>\n<h3 style=\"text-align: center;\">&#8230;avec des possibilit\u00e9s \u00e9normes<\/h3>\n<p style=\"text-align: center;\">Le FX Teacher Tape Preamp reprend donc le gros son chaud au JFET d\u2019origine, sans en faire un clean boost indolore comme c\u2019est le cas pour d\u2019autres mod\u00e8les.<br \/>\nLa Tape Preamp sonne avec l\u2019\u00e9paisseur et le grain vintage d\u2019un vrai pr\u00e9ampli d\u2019\u00e9cho \u00e0 bande, la seule diff\u00e9rence c\u2019est que vous avez plus de contr\u00f4le sur le rendu<br \/>\n(et que vous n\u2019avez pas \u00e0 trimballer une \u00e9norme bo\u00eete \u00e0 vos concerts).<br \/>\nLe bouton Louder contr\u00f4le le volume g\u00e9n\u00e9ral du boost tandis que Dynamic contr\u00f4le le headroom, c\u2019est-\u00e0-dire qu\u2019il permet de passer d\u2019un r\u00e9glage \u00e9lev\u00e9 o\u00f9 la dynamique de votre son est bien respect\u00e9e<br \/>\n\u00e0 un r\u00e9glage bas qui \u00e9crase le son et lui donne le \u201csag\u201d d\u2019un petit ampli \u00e0 lampes bien pouss\u00e9.<br \/>\nPour parfaire le tout, un switch \u00e0 trois positions permet de couper progressivement les graves afin que le boost ne soit pas trop envahissant sur un ampli d\u00e9j\u00e0 bien pourvu en la mati\u00e8re.<\/p>\n<p style=\"text-align: center;\">Vous pensiez tout conna\u00eetre des boosters de type EP ? Branchez vous donc dans le Tape Preamp et laissez vous surprendre par son \u00e9normit\u00e9 organique et jouissive.<\/p>\n<h3 style=\"text-align: center;\">contenu de ce pack<\/h3>\n<p style=\"text-align: center;\">Une p\u00e9dale Tape Preamp assembl\u00e9e, test\u00e9e et r\u00e9gl\u00e9e par notre \u00e9quipe.<br \/>\nEn bref, compl\u00e8tement finie, pr\u00eate \u00e0 \u00eatre branch\u00e9e.<\/p>\n<h3 style=\"text-align: center;\">infos compl\u00e9mentaires<\/h3>\n<p style=\"text-align: center;\">Pour d\u00e9couvrir en d\u00e9tails le Tape Preamp, c\u2019est sur <a href=\"https:\/\/anasounds.com\/fr\/tape-preamp\/\" target=\"_blank\" rel=\"noopener noreferrer\">cette page.<\/a><\/p>\n<p style=\"text-align: center;\">Pour commander la version d\u00e9j\u00e0 assembl\u00e9e, c\u2019est bien ici. Il suffit d\u2019ajouter le produit au panier.<\/p>\n<p style=\"text-align: center;\">Pour commander la version en kit et la fabriquer soi-m\u00eame, c\u2019est par\u00a0<a href=\"https:\/\/anasounds.com\/fr\/produit\/tape-preamp-kit-complet\/\" target=\"_blank\" rel=\"noopener\">ici.<\/a><\/p>\n<p style=\"text-align: center;\">Les r\u00e9glages de Dynamic et de Louder \u00e9tant connect\u00e9s directement au JFET et \u00e0 son alim,<br \/>\nil est normal d&rsquo;avoir du bruit en les tournant. C&rsquo;est ce qu&rsquo;on appelle le \u00ab\u00a0Crackle\u00a0\u00bb.<\/p>\n","protected":false},"excerpt":{"rendered":"<p>La Tape Preamp s&rsquo;inspire du pr\u00e9amp d&rsquo;un \u00e9cho \u00e0 bande, avec un headroom variable de 3 \u00e0 27V qui permet d&rsquo;\u00e9largir les possibilit\u00e9s sonores.<\/p>\n","protected":false},"featured_media":87308,"comment_status":"open","ping_status":"closed","template":"","meta":[],"product_brand":[],"product_cat":[661,1555,269,433,277,279,267,713],"product_tag":[],"class_list":{"0":"post-87306","1":"product","2":"type-product","3":"status-publish","4":"has-post-thumbnail","6":"product_cat-nouveau","7":"product_cat-type-d-effet","8":"product_cat-booster-fr","9":"product_cat-distortion-fr","10":"product_cat-overdrive-fr","11":"product_cat-preamp-fr","12":"product_cat-fx-teacher","13":"product_cat-fx-teacher-assemblee","15":"first","16":"instock","17":"taxable","18":"shipping-taxable","19":"purchasable","20":"product-type-simple"},"supplier_id":83515,"supplier_sku":"","barcode":null,"atum_controlled":true,"out_stock_date":null,"out_stock_threshold":null,"inheritable":false,"inbound_stock":0,"stock_on_hold":0,"sold_today":0,"sales_last_days":0,"reserved_stock":0,"customer_returns":0,"warehouse_damage":0,"lost_in_post":0,"other_logs":0,"out_stock_days":0,"lost_sales":0,"has_location":false,"update_date":"2026-04-08T01:03:28","atum_locations":[],"atum_stock_status":"instock","restock_status":false,"low_stock_amount":"","sales_update_date":"2026-04-08T01:03:27","calc_backorders":0,"yoast_head":"<!-- This site is optimized with the Yoast SEO plugin v26.5 - https:\/\/yoast.com\/wordpress\/plugins\/seo\/ -->\n<title>Tape Preamp - p\u00e9dale d\u00e9j\u00e0 assembl\u00e9e | Anasounds<\/title>\n<meta name=\"description\" content=\"La FX Teacher Tape Preamp s&#039;inspire d&#039;un pr\u00e9amp d&#039;\u00e9cho \u00e0 bande, aux possibilit\u00e9s d\u00e9multipli\u00e9es gr\u00e2ce \u00e0 headroom variable, ici en version assembl\u00e9e.\" \/>\n<meta name=\"robots\" content=\"index, follow, max-snippet:-1, max-image-preview:large, max-video-preview:-1\" \/>\n<link rel=\"canonical\" href=\"https:\/\/anasounds.com\/fr\/produit\/tape-preamp-pedale-deja-assemblee\/\" \/>\n<meta property=\"og:locale\" content=\"fr_FR\" \/>\n<meta property=\"og:type\" content=\"article\" \/>\n<meta property=\"og:title\" content=\"Tape Preamp - p\u00e9dale d\u00e9j\u00e0 assembl\u00e9e | Anasounds\" \/>\n<meta property=\"og:description\" content=\"La FX Teacher Tape Preamp s&#039;inspire d&#039;un pr\u00e9amp d&#039;\u00e9cho \u00e0 bande, aux possibilit\u00e9s d\u00e9multipli\u00e9es gr\u00e2ce \u00e0 headroom variable, ici en version assembl\u00e9e.\" \/>\n<meta property=\"og:url\" content=\"https:\/\/anasounds.com\/fr\/produit\/tape-preamp-pedale-deja-assemblee\/\" \/>\n<meta property=\"og:site_name\" content=\"Anasounds\" \/>\n<meta property=\"article:publisher\" content=\"https:\/\/www.facebook.com\/AnasoundsFX\/\" \/>\n<meta property=\"article:modified_time\" content=\"2026-02-10T09:08:46+00:00\" \/>\n<meta property=\"og:image\" content=\"https:\/\/anasounds.com\/wp-content\/uploads\/2022\/11\/Fxteacher_tape_preamp-1.jpg\" \/>\n\t<meta property=\"og:image:width\" content=\"1500\" \/>\n\t<meta property=\"og:image:height\" content=\"1500\" \/>\n\t<meta property=\"og:image:type\" content=\"image\/jpeg\" \/>\n<meta name=\"twitter:card\" content=\"summary_large_image\" \/>\n<meta name=\"twitter:label1\" content=\"Dur\u00e9e de lecture estim\u00e9e\" \/>\n\t<meta name=\"twitter:data1\" content=\"3 minutes\" \/>\n<script type=\"application\/ld+json\" class=\"yoast-schema-graph\">{\"@context\":\"https:\/\/schema.org\",\"@graph\":[{\"@type\":\"WebPage\",\"@id\":\"https:\/\/anasounds.com\/fr\/produit\/tape-preamp-pedale-deja-assemblee\/\",\"url\":\"https:\/\/anasounds.com\/fr\/produit\/tape-preamp-pedale-deja-assemblee\/\",\"name\":\"Tape Preamp - p\u00e9dale d\u00e9j\u00e0 assembl\u00e9e | Anasounds\",\"isPartOf\":{\"@id\":\"https:\/\/anasounds.com\/#website\"},\"primaryImageOfPage\":{\"@id\":\"https:\/\/anasounds.com\/fr\/produit\/tape-preamp-pedale-deja-assemblee\/#primaryimage\"},\"image\":{\"@id\":\"https:\/\/anasounds.com\/fr\/produit\/tape-preamp-pedale-deja-assemblee\/#primaryimage\"},\"thumbnailUrl\":\"https:\/\/anasounds.com\/wp-content\/uploads\/2022\/11\/Fxteacher_tape_preamp-1.jpg\",\"datePublished\":\"2022-11-18T15:46:58+00:00\",\"dateModified\":\"2026-02-10T09:08:46+00:00\",\"description\":\"La FX Teacher Tape Preamp s'inspire d'un pr\u00e9amp d'\u00e9cho \u00e0 bande, aux possibilit\u00e9s d\u00e9multipli\u00e9es gr\u00e2ce \u00e0 headroom variable, ici en version assembl\u00e9e.\",\"breadcrumb\":{\"@id\":\"https:\/\/anasounds.com\/fr\/produit\/tape-preamp-pedale-deja-assemblee\/#breadcrumb\"},\"inLanguage\":\"fr-FR\",\"potentialAction\":[{\"@type\":\"ReadAction\",\"target\":[\"https:\/\/anasounds.com\/fr\/produit\/tape-preamp-pedale-deja-assemblee\/\"]}]},{\"@type\":\"ImageObject\",\"inLanguage\":\"fr-FR\",\"@id\":\"https:\/\/anasounds.com\/fr\/produit\/tape-preamp-pedale-deja-assemblee\/#primaryimage\",\"url\":\"https:\/\/anasounds.com\/wp-content\/uploads\/2022\/11\/Fxteacher_tape_preamp-1.jpg\",\"contentUrl\":\"https:\/\/anasounds.com\/wp-content\/uploads\/2022\/11\/Fxteacher_tape_preamp-1.jpg\",\"width\":1500,\"height\":1500},{\"@type\":\"BreadcrumbList\",\"@id\":\"https:\/\/anasounds.com\/fr\/produit\/tape-preamp-pedale-deja-assemblee\/#breadcrumb\",\"itemListElement\":[{\"@type\":\"ListItem\",\"position\":1,\"name\":\"Home\",\"item\":\"https:\/\/anasounds.com\/fr\/\"},{\"@type\":\"ListItem\",\"position\":2,\"name\":\"boutique\",\"item\":\"https:\/\/anasounds.com\/fr\/shop\/\"},{\"@type\":\"ListItem\",\"position\":3,\"name\":\"Tape Preamp &#8211; p\u00e9dale d\u00e9j\u00e0 assembl\u00e9e\"}]},{\"@type\":\"WebSite\",\"@id\":\"https:\/\/anasounds.com\/#website\",\"url\":\"https:\/\/anasounds.com\/\",\"name\":\"Anasounds\",\"description\":\"P\u00e9dales \u00e0 la Fran\u00e7aise\",\"publisher\":{\"@id\":\"https:\/\/anasounds.com\/#organization\"},\"potentialAction\":[{\"@type\":\"SearchAction\",\"target\":{\"@type\":\"EntryPoint\",\"urlTemplate\":\"https:\/\/anasounds.com\/?s={search_term_string}\"},\"query-input\":{\"@type\":\"PropertyValueSpecification\",\"valueRequired\":true,\"valueName\":\"search_term_string\"}}],\"inLanguage\":\"fr-FR\"},{\"@type\":\"Organization\",\"@id\":\"https:\/\/anasounds.com\/#organization\",\"name\":\"Anasounds\",\"url\":\"https:\/\/anasounds.com\/\",\"logo\":{\"@type\":\"ImageObject\",\"inLanguage\":\"fr-FR\",\"@id\":\"https:\/\/anasounds.com\/#\/schema\/logo\/image\/\",\"url\":\"https:\/\/anasounds.com\/wp-content\/uploads\/2017\/10\/Logomadeinfrnoirblc.png\",\"contentUrl\":\"https:\/\/anasounds.com\/wp-content\/uploads\/2017\/10\/Logomadeinfrnoirblc.png\",\"width\":300,\"height\":300,\"caption\":\"Anasounds\"},\"image\":{\"@id\":\"https:\/\/anasounds.com\/#\/schema\/logo\/image\/\"},\"sameAs\":[\"https:\/\/www.facebook.com\/AnasoundsFX\/\",\"https:\/\/www.instagram.com\/anasounds\/\",\"https:\/\/www.youtube.com\/user\/AnaSoundsFR\"]}]}<\/script>\n<!-- \/ Yoast SEO plugin. -->","yoast_head_json":{"title":"Tape Preamp - p\u00e9dale d\u00e9j\u00e0 assembl\u00e9e | Anasounds","description":"La FX Teacher Tape Preamp s'inspire d'un pr\u00e9amp d'\u00e9cho \u00e0 bande, aux possibilit\u00e9s d\u00e9multipli\u00e9es gr\u00e2ce \u00e0 headroom variable, ici en version assembl\u00e9e.","robots":{"index":"index","follow":"follow","max-snippet":"max-snippet:-1","max-image-preview":"max-image-preview:large","max-video-preview":"max-video-preview:-1"},"canonical":"https:\/\/anasounds.com\/fr\/produit\/tape-preamp-pedale-deja-assemblee\/","og_locale":"fr_FR","og_type":"article","og_title":"Tape Preamp - p\u00e9dale d\u00e9j\u00e0 assembl\u00e9e | Anasounds","og_description":"La FX Teacher Tape Preamp s'inspire d'un pr\u00e9amp d'\u00e9cho \u00e0 bande, aux possibilit\u00e9s d\u00e9multipli\u00e9es gr\u00e2ce \u00e0 headroom variable, ici en version assembl\u00e9e.","og_url":"https:\/\/anasounds.com\/fr\/produit\/tape-preamp-pedale-deja-assemblee\/","og_site_name":"Anasounds","article_publisher":"https:\/\/www.facebook.com\/AnasoundsFX\/","article_modified_time":"2026-02-10T09:08:46+00:00","og_image":[{"width":1500,"height":1500,"url":"https:\/\/anasounds.com\/wp-content\/uploads\/2022\/11\/Fxteacher_tape_preamp-1.jpg","type":"image\/jpeg"}],"twitter_card":"summary_large_image","twitter_misc":{"Dur\u00e9e de lecture estim\u00e9e":"3 minutes"},"schema":{"@context":"https:\/\/schema.org","@graph":[{"@type":"WebPage","@id":"https:\/\/anasounds.com\/fr\/produit\/tape-preamp-pedale-deja-assemblee\/","url":"https:\/\/anasounds.com\/fr\/produit\/tape-preamp-pedale-deja-assemblee\/","name":"Tape Preamp - p\u00e9dale d\u00e9j\u00e0 assembl\u00e9e | Anasounds","isPartOf":{"@id":"https:\/\/anasounds.com\/#website"},"primaryImageOfPage":{"@id":"https:\/\/anasounds.com\/fr\/produit\/tape-preamp-pedale-deja-assemblee\/#primaryimage"},"image":{"@id":"https:\/\/anasounds.com\/fr\/produit\/tape-preamp-pedale-deja-assemblee\/#primaryimage"},"thumbnailUrl":"https:\/\/anasounds.com\/wp-content\/uploads\/2022\/11\/Fxteacher_tape_preamp-1.jpg","datePublished":"2022-11-18T15:46:58+00:00","dateModified":"2026-02-10T09:08:46+00:00","description":"La FX Teacher Tape Preamp s'inspire d'un pr\u00e9amp d'\u00e9cho \u00e0 bande, aux possibilit\u00e9s d\u00e9multipli\u00e9es gr\u00e2ce \u00e0 headroom variable, ici en version assembl\u00e9e.","breadcrumb":{"@id":"https:\/\/anasounds.com\/fr\/produit\/tape-preamp-pedale-deja-assemblee\/#breadcrumb"},"inLanguage":"fr-FR","potentialAction":[{"@type":"ReadAction","target":["https:\/\/anasounds.com\/fr\/produit\/tape-preamp-pedale-deja-assemblee\/"]}]},{"@type":"ImageObject","inLanguage":"fr-FR","@id":"https:\/\/anasounds.com\/fr\/produit\/tape-preamp-pedale-deja-assemblee\/#primaryimage","url":"https:\/\/anasounds.com\/wp-content\/uploads\/2022\/11\/Fxteacher_tape_preamp-1.jpg","contentUrl":"https:\/\/anasounds.com\/wp-content\/uploads\/2022\/11\/Fxteacher_tape_preamp-1.jpg","width":1500,"height":1500},{"@type":"BreadcrumbList","@id":"https:\/\/anasounds.com\/fr\/produit\/tape-preamp-pedale-deja-assemblee\/#breadcrumb","itemListElement":[{"@type":"ListItem","position":1,"name":"Home","item":"https:\/\/anasounds.com\/fr\/"},{"@type":"ListItem","position":2,"name":"boutique","item":"https:\/\/anasounds.com\/fr\/shop\/"},{"@type":"ListItem","position":3,"name":"Tape Preamp &#8211; p\u00e9dale d\u00e9j\u00e0 assembl\u00e9e"}]},{"@type":"WebSite","@id":"https:\/\/anasounds.com\/#website","url":"https:\/\/anasounds.com\/","name":"Anasounds","description":"P\u00e9dales \u00e0 la Fran\u00e7aise","publisher":{"@id":"https:\/\/anasounds.com\/#organization"},"potentialAction":[{"@type":"SearchAction","target":{"@type":"EntryPoint","urlTemplate":"https:\/\/anasounds.com\/?s={search_term_string}"},"query-input":{"@type":"PropertyValueSpecification","valueRequired":true,"valueName":"search_term_string"}}],"inLanguage":"fr-FR"},{"@type":"Organization","@id":"https:\/\/anasounds.com\/#organization","name":"Anasounds","url":"https:\/\/anasounds.com\/","logo":{"@type":"ImageObject","inLanguage":"fr-FR","@id":"https:\/\/anasounds.com\/#\/schema\/logo\/image\/","url":"https:\/\/anasounds.com\/wp-content\/uploads\/2017\/10\/Logomadeinfrnoirblc.png","contentUrl":"https:\/\/anasounds.com\/wp-content\/uploads\/2017\/10\/Logomadeinfrnoirblc.png","width":300,"height":300,"caption":"Anasounds"},"image":{"@id":"https:\/\/anasounds.com\/#\/schema\/logo\/image\/"},"sameAs":["https:\/\/www.facebook.com\/AnasoundsFX\/","https:\/\/www.instagram.com\/anasounds\/","https:\/\/www.youtube.com\/user\/AnaSoundsFR"]}]}},"_links":{"self":[{"href":"https:\/\/anasounds.com\/fr\/wp-json\/wp\/v2\/product\/87306","targetHints":{"allow":["GET"]}}],"collection":[{"href":"https:\/\/anasounds.com\/fr\/wp-json\/wp\/v2\/product"}],"about":[{"href":"https:\/\/anasounds.com\/fr\/wp-json\/wp\/v2\/types\/product"}],"replies":[{"embeddable":true,"href":"https:\/\/anasounds.com\/fr\/wp-json\/wp\/v2\/comments?post=87306"}],"wp:featuredmedia":[{"embeddable":true,"href":"https:\/\/anasounds.com\/fr\/wp-json\/wp\/v2\/media\/87308"}],"wp:attachment":[{"href":"https:\/\/anasounds.com\/fr\/wp-json\/wp\/v2\/media?parent=87306"}],"wp:term":[{"taxonomy":"product_brand","embeddable":true,"href":"https:\/\/anasounds.com\/fr\/wp-json\/wp\/v2\/product_brand?post=87306"},{"taxonomy":"product_cat","embeddable":true,"href":"https:\/\/anasounds.com\/fr\/wp-json\/wp\/v2\/product_cat?post=87306"},{"taxonomy":"product_tag","embeddable":true,"href":"https:\/\/anasounds.com\/fr\/wp-json\/wp\/v2\/product_tag?post=87306"}],"curies":[{"name":"wp","href":"https:\/\/api.w.org\/{rel}","templated":true}]}}