{"id":87326,"date":"2022-11-18T17:18:22","date_gmt":"2022-11-18T16:18:22","guid":{"rendered":"https:\/\/anasounds.com\/?post_type=product&#038;p=87326"},"modified":"2026-03-31T12:13:52","modified_gmt":"2026-03-31T10:13:52","slug":"tape-preamp-kit-complet","status":"publish","type":"product","link":"https:\/\/anasounds.com\/fr\/produit\/tape-preamp-kit-complet\/","title":{"rendered":"Tape Preamp &#8211; kit complet"},"content":{"rendered":"<h3 style=\"text-align: center;\">un boost extr\u00eamement simple&#8230;<\/h3>\n<p style=\"text-align: center;\">Tout a commenc\u00e9 comme un projet pour FX Teacher\u2026<br \/>\nFace aux circuits trop complexes de la Ego Driver ou du Tr\u00e9molo, l\u2019\u00e9quipe Anasounds a commenc\u00e9 \u00e0 plancher sur un mod\u00e8le de boost tout simple<br \/>\npour que les masterclasses puissent se faire avec peu de composants et un d\u00e9roul\u00e9 plus fluide.<br \/>\nMais \u00e9videmment cette tentative de rester au plus simple a \u00e9t\u00e9 de courte dur\u00e9e\u2026<\/p>\n<p style=\"text-align: center;\">Le mod\u00e8le choisi \u00e0 l\u2019origine comme base de d\u00e9veloppement \u00e9tait le fameux pr\u00e9ampli \u00e0 transistor d\u2019un \u00e9cho \u00e0 bande am\u00e9ricain fabriqu\u00e9 entre 1970 et 1991,<br \/>\nque l\u2019on entend sur d\u2019innombrables albums dans tous les styles.<br \/>\nDe nombreuses p\u00e9dales d\u00e9riv\u00e9es de ce circuit ont fait leurs preuves sur des millions de pedalboards modernes, et il s\u2019agissait donc d\u2019un bon point de d\u00e9part.<\/p>\n<h3 style=\"text-align: center;\">&#8230;avec des possibilit\u00e9s \u00e9normes<\/h3>\n<p style=\"text-align: center;\">Le FX Teacher Tape Preamp reprend donc le gros son chaud au JFET d\u2019origine, sans en faire un clean boost indolore comme c\u2019est le cas pour d\u2019autres mod\u00e8les.<br \/>\nLa Tape Preamp sonne avec l\u2019\u00e9paisseur et le grain vintage d\u2019un vrai pr\u00e9ampli d\u2019\u00e9cho \u00e0 bande, la seule diff\u00e9rence c\u2019est que vous avez plus de contr\u00f4le sur le rendu<br \/>\n(et que vous n\u2019avez pas \u00e0 trimballer une \u00e9norme bo\u00eete \u00e0 vos concerts).<br \/>\nLe bouton Louder contr\u00f4le le volume g\u00e9n\u00e9ral du boost tandis que Dynamic contr\u00f4le le headroom, c\u2019est-\u00e0-dire qu\u2019il permet de passer d\u2019un r\u00e9glage \u00e9lev\u00e9 o\u00f9 la dynamique de votre son est bien respect\u00e9e<br \/>\n\u00e0 un r\u00e9glage bas qui \u00e9crase le son et lui donne le \u201csag\u201d d\u2019un petit ampli \u00e0 lampes bien pouss\u00e9.<br \/>\nPour parfaire le tout, un switch \u00e0 trois positions permet de couper progressivement les graves afin que le boost ne soit pas trop envahissant sur un ampli d\u00e9j\u00e0 bien pourvu en la mati\u00e8re.<\/p>\n<p style=\"text-align: center;\">Vous pensiez tout conna\u00eetre des boosters de type EP ? Branchez vous donc dans le Tape Preamp et laissez vous surprendre par son \u00e9normit\u00e9 organique et jouissive.<\/p>\n<h3 style=\"text-align: center;\">contenu de ce pack<\/h3>\n<p style=\"text-align: center;\">Tout le n\u00e9cessaire pour fabriquer ton Tape Preamp de A \u00e0 Z ! C\u2019est \u00e0 dire :<\/p>\n<p style=\"text-align: center;\">Un boitier Tape Preamp avec le design Anasounds et tous les trous d\u00e9j\u00e0 perc\u00e9s.<br \/>\nLe kit avec tous les composants n\u00e9cessaires.<br \/>\nUn PCB Tape Preamp.<br \/>\nUn kit true bypass \u00e0 3PDT.<br \/>\nDeux knobs transparents.<\/p>\n<h3 style=\"text-align: center;\">ce qu\u2019il pourrait te manquer pour monter ce kit<\/h3>\n<p style=\"text-align: center;\">Un\u00a0<a href=\"https:\/\/anasounds.com\/fr\/produit\/testeur-methode-fx-teacher\/\" target=\"_blank\" rel=\"noopener noreferrer\">testeur<\/a>\u00a0pour la m\u00e9thode FX Teacher.<br \/>\nDes outils de soudure, voici notre\u00a0<a href=\"https:\/\/anasounds.com\/fr\/categorie-produit\/fx-teacher\/outils-fx-teacher\/\" target=\"_blank\" rel=\"noopener noreferrer\">s\u00e9lection<\/a>\u00a0si tu n\u2019en as pas assez.<\/p>\n<h3 style=\"text-align: center;\">infos compl\u00e9mentaires<\/h3>\n<p style=\"text-align: center;\">Pour d\u00e9couvrir en d\u00e9tails la Tape Preamp, c\u2019est sur <a href=\"https:\/\/anasounds.com\/fr\/tape-preamp\/\" target=\"_blank\" rel=\"noopener noreferrer\">cette page.<\/a><\/p>\n<p style=\"text-align: center;\">Pour la fabriquer c\u2019est bien ici. Il suffit d\u2019ajouter ce produit au panier,<br \/>\npuis de suivre notre tutoriel par\u00a0<a href=\"https:\/\/anasounds.com\/fr\/assembler-son-kit-tape-preamp-fx-teacher\/\" target=\"_blank\" rel=\"noopener\">ici.<\/a><\/p>\n<p style=\"text-align: center;\">Pour la Tape Preamp d\u00e9j\u00e0 mont\u00e9e, c\u2019est par <a href=\"https:\/\/anasounds.com\/fr\/produit\/tape-preamp-pedale-deja-assemblee\/\" target=\"_blank\" rel=\"noopener\">ici.<\/a><\/p>\n","protected":false},"excerpt":{"rendered":"<p>Le kit complet pour assembler soi-m\u00eame la Tape Preamp,<br \/>\npour un boost color\u00e9 ultra polyvalent.<\/p>\n","protected":false},"featured_media":87777,"comment_status":"open","ping_status":"closed","template":"","meta":[],"product_brand":[],"product_cat":[267,521],"product_tag":[],"class_list":{"0":"post-87326","1":"product","2":"type-product","3":"status-publish","4":"has-post-thumbnail","6":"product_cat-fx-teacher","7":"product_cat-kits","9":"first","10":"instock","11":"taxable","12":"shipping-taxable","13":"purchasable","14":"product-type-simple"},"supplier_id":83515,"supplier_sku":"","barcode":null,"atum_controlled":true,"out_stock_date":null,"out_stock_threshold":null,"inheritable":false,"inbound_stock":0,"stock_on_hold":0,"sold_today":0,"sales_last_days":0,"reserved_stock":0,"customer_returns":0,"warehouse_damage":0,"lost_in_post":0,"other_logs":0,"out_stock_days":0,"lost_sales":0,"has_location":false,"update_date":"2026-04-26T01:14:36","atum_locations":[],"atum_stock_status":"instock","restock_status":false,"low_stock_amount":"","sales_update_date":"2026-04-26T01:14:36","calc_backorders":0,"yoast_head":"<!-- This site is optimized with the Yoast SEO plugin v26.5 - https:\/\/yoast.com\/wordpress\/plugins\/seo\/ -->\n<title>Tape Preamp - kit complet | Anasounds<\/title>\n<meta name=\"description\" content=\"Le kit Tape Preamp s&#039;inspire du pr\u00e9amp d&#039;un tape echo l\u00e9gendaire des ann\u00e9es 70, avec un headroom variable pour une grande polyvalence.\" \/>\n<meta name=\"robots\" content=\"index, follow, max-snippet:-1, max-image-preview:large, max-video-preview:-1\" \/>\n<link rel=\"canonical\" href=\"https:\/\/anasounds.com\/fr\/produit\/tape-preamp-kit-complet\/\" \/>\n<meta property=\"og:locale\" content=\"fr_FR\" \/>\n<meta property=\"og:type\" content=\"article\" \/>\n<meta property=\"og:title\" content=\"Tape Preamp - kit complet | Anasounds\" \/>\n<meta property=\"og:description\" content=\"Le kit Tape Preamp s&#039;inspire du pr\u00e9amp d&#039;un tape echo l\u00e9gendaire des ann\u00e9es 70, avec un headroom variable pour une grande polyvalence.\" \/>\n<meta property=\"og:url\" content=\"https:\/\/anasounds.com\/fr\/produit\/tape-preamp-kit-complet\/\" \/>\n<meta property=\"og:site_name\" content=\"Anasounds\" \/>\n<meta property=\"article:publisher\" content=\"https:\/\/www.facebook.com\/AnasoundsFX\/\" \/>\n<meta property=\"article:modified_time\" content=\"2026-03-31T10:13:52+00:00\" \/>\n<meta property=\"og:image\" content=\"https:\/\/anasounds.com\/wp-content\/uploads\/2022\/11\/Fxteacher_tape_preamp_kit.jpg\" \/>\n\t<meta property=\"og:image:width\" content=\"1500\" \/>\n\t<meta property=\"og:image:height\" content=\"1500\" \/>\n\t<meta property=\"og:image:type\" content=\"image\/jpeg\" \/>\n<meta name=\"twitter:card\" content=\"summary_large_image\" \/>\n<meta name=\"twitter:label1\" content=\"Dur\u00e9e de lecture estim\u00e9e\" \/>\n\t<meta name=\"twitter:data1\" content=\"3 minutes\" \/>\n<script type=\"application\/ld+json\" class=\"yoast-schema-graph\">{\"@context\":\"https:\/\/schema.org\",\"@graph\":[{\"@type\":\"WebPage\",\"@id\":\"https:\/\/anasounds.com\/fr\/produit\/tape-preamp-kit-complet\/\",\"url\":\"https:\/\/anasounds.com\/fr\/produit\/tape-preamp-kit-complet\/\",\"name\":\"Tape Preamp - kit complet | Anasounds\",\"isPartOf\":{\"@id\":\"https:\/\/anasounds.com\/#website\"},\"primaryImageOfPage\":{\"@id\":\"https:\/\/anasounds.com\/fr\/produit\/tape-preamp-kit-complet\/#primaryimage\"},\"image\":{\"@id\":\"https:\/\/anasounds.com\/fr\/produit\/tape-preamp-kit-complet\/#primaryimage\"},\"thumbnailUrl\":\"https:\/\/anasounds.com\/wp-content\/uploads\/2022\/11\/Fxteacher_tape_preamp_kit.jpg\",\"datePublished\":\"2022-11-18T16:18:22+00:00\",\"dateModified\":\"2026-03-31T10:13:52+00:00\",\"description\":\"Le kit Tape Preamp s'inspire du pr\u00e9amp d'un tape echo l\u00e9gendaire des ann\u00e9es 70, avec un headroom variable pour une grande polyvalence.\",\"breadcrumb\":{\"@id\":\"https:\/\/anasounds.com\/fr\/produit\/tape-preamp-kit-complet\/#breadcrumb\"},\"inLanguage\":\"fr-FR\",\"potentialAction\":[{\"@type\":\"ReadAction\",\"target\":[\"https:\/\/anasounds.com\/fr\/produit\/tape-preamp-kit-complet\/\"]}]},{\"@type\":\"ImageObject\",\"inLanguage\":\"fr-FR\",\"@id\":\"https:\/\/anasounds.com\/fr\/produit\/tape-preamp-kit-complet\/#primaryimage\",\"url\":\"https:\/\/anasounds.com\/wp-content\/uploads\/2022\/11\/Fxteacher_tape_preamp_kit.jpg\",\"contentUrl\":\"https:\/\/anasounds.com\/wp-content\/uploads\/2022\/11\/Fxteacher_tape_preamp_kit.jpg\",\"width\":1500,\"height\":1500,\"caption\":\"Fxteacher_tape_preamp_kit\"},{\"@type\":\"BreadcrumbList\",\"@id\":\"https:\/\/anasounds.com\/fr\/produit\/tape-preamp-kit-complet\/#breadcrumb\",\"itemListElement\":[{\"@type\":\"ListItem\",\"position\":1,\"name\":\"Home\",\"item\":\"https:\/\/anasounds.com\/fr\/\"},{\"@type\":\"ListItem\",\"position\":2,\"name\":\"boutique\",\"item\":\"https:\/\/anasounds.com\/fr\/shop\/\"},{\"@type\":\"ListItem\",\"position\":3,\"name\":\"Tape Preamp &#8211; kit complet\"}]},{\"@type\":\"WebSite\",\"@id\":\"https:\/\/anasounds.com\/#website\",\"url\":\"https:\/\/anasounds.com\/\",\"name\":\"Anasounds\",\"description\":\"P\u00e9dales \u00e0 la Fran\u00e7aise\",\"publisher\":{\"@id\":\"https:\/\/anasounds.com\/#organization\"},\"potentialAction\":[{\"@type\":\"SearchAction\",\"target\":{\"@type\":\"EntryPoint\",\"urlTemplate\":\"https:\/\/anasounds.com\/?s={search_term_string}\"},\"query-input\":{\"@type\":\"PropertyValueSpecification\",\"valueRequired\":true,\"valueName\":\"search_term_string\"}}],\"inLanguage\":\"fr-FR\"},{\"@type\":\"Organization\",\"@id\":\"https:\/\/anasounds.com\/#organization\",\"name\":\"Anasounds\",\"url\":\"https:\/\/anasounds.com\/\",\"logo\":{\"@type\":\"ImageObject\",\"inLanguage\":\"fr-FR\",\"@id\":\"https:\/\/anasounds.com\/#\/schema\/logo\/image\/\",\"url\":\"https:\/\/anasounds.com\/wp-content\/uploads\/2017\/10\/Logomadeinfrnoirblc.png\",\"contentUrl\":\"https:\/\/anasounds.com\/wp-content\/uploads\/2017\/10\/Logomadeinfrnoirblc.png\",\"width\":300,\"height\":300,\"caption\":\"Anasounds\"},\"image\":{\"@id\":\"https:\/\/anasounds.com\/#\/schema\/logo\/image\/\"},\"sameAs\":[\"https:\/\/www.facebook.com\/AnasoundsFX\/\",\"https:\/\/www.instagram.com\/anasounds\/\",\"https:\/\/www.youtube.com\/user\/AnaSoundsFR\"]}]}<\/script>\n<!-- \/ Yoast SEO plugin. -->","yoast_head_json":{"title":"Tape Preamp - kit complet | Anasounds","description":"Le kit Tape Preamp s'inspire du pr\u00e9amp d'un tape echo l\u00e9gendaire des ann\u00e9es 70, avec un headroom variable pour une grande polyvalence.","robots":{"index":"index","follow":"follow","max-snippet":"max-snippet:-1","max-image-preview":"max-image-preview:large","max-video-preview":"max-video-preview:-1"},"canonical":"https:\/\/anasounds.com\/fr\/produit\/tape-preamp-kit-complet\/","og_locale":"fr_FR","og_type":"article","og_title":"Tape Preamp - kit complet | Anasounds","og_description":"Le kit Tape Preamp s'inspire du pr\u00e9amp d'un tape echo l\u00e9gendaire des ann\u00e9es 70, avec un headroom variable pour une grande polyvalence.","og_url":"https:\/\/anasounds.com\/fr\/produit\/tape-preamp-kit-complet\/","og_site_name":"Anasounds","article_publisher":"https:\/\/www.facebook.com\/AnasoundsFX\/","article_modified_time":"2026-03-31T10:13:52+00:00","og_image":[{"width":1500,"height":1500,"url":"https:\/\/anasounds.com\/wp-content\/uploads\/2022\/11\/Fxteacher_tape_preamp_kit.jpg","type":"image\/jpeg"}],"twitter_card":"summary_large_image","twitter_misc":{"Dur\u00e9e de lecture estim\u00e9e":"3 minutes"},"schema":{"@context":"https:\/\/schema.org","@graph":[{"@type":"WebPage","@id":"https:\/\/anasounds.com\/fr\/produit\/tape-preamp-kit-complet\/","url":"https:\/\/anasounds.com\/fr\/produit\/tape-preamp-kit-complet\/","name":"Tape Preamp - kit complet | Anasounds","isPartOf":{"@id":"https:\/\/anasounds.com\/#website"},"primaryImageOfPage":{"@id":"https:\/\/anasounds.com\/fr\/produit\/tape-preamp-kit-complet\/#primaryimage"},"image":{"@id":"https:\/\/anasounds.com\/fr\/produit\/tape-preamp-kit-complet\/#primaryimage"},"thumbnailUrl":"https:\/\/anasounds.com\/wp-content\/uploads\/2022\/11\/Fxteacher_tape_preamp_kit.jpg","datePublished":"2022-11-18T16:18:22+00:00","dateModified":"2026-03-31T10:13:52+00:00","description":"Le kit Tape Preamp s'inspire du pr\u00e9amp d'un tape echo l\u00e9gendaire des ann\u00e9es 70, avec un headroom variable pour une grande polyvalence.","breadcrumb":{"@id":"https:\/\/anasounds.com\/fr\/produit\/tape-preamp-kit-complet\/#breadcrumb"},"inLanguage":"fr-FR","potentialAction":[{"@type":"ReadAction","target":["https:\/\/anasounds.com\/fr\/produit\/tape-preamp-kit-complet\/"]}]},{"@type":"ImageObject","inLanguage":"fr-FR","@id":"https:\/\/anasounds.com\/fr\/produit\/tape-preamp-kit-complet\/#primaryimage","url":"https:\/\/anasounds.com\/wp-content\/uploads\/2022\/11\/Fxteacher_tape_preamp_kit.jpg","contentUrl":"https:\/\/anasounds.com\/wp-content\/uploads\/2022\/11\/Fxteacher_tape_preamp_kit.jpg","width":1500,"height":1500,"caption":"Fxteacher_tape_preamp_kit"},{"@type":"BreadcrumbList","@id":"https:\/\/anasounds.com\/fr\/produit\/tape-preamp-kit-complet\/#breadcrumb","itemListElement":[{"@type":"ListItem","position":1,"name":"Home","item":"https:\/\/anasounds.com\/fr\/"},{"@type":"ListItem","position":2,"name":"boutique","item":"https:\/\/anasounds.com\/fr\/shop\/"},{"@type":"ListItem","position":3,"name":"Tape Preamp &#8211; kit complet"}]},{"@type":"WebSite","@id":"https:\/\/anasounds.com\/#website","url":"https:\/\/anasounds.com\/","name":"Anasounds","description":"P\u00e9dales \u00e0 la Fran\u00e7aise","publisher":{"@id":"https:\/\/anasounds.com\/#organization"},"potentialAction":[{"@type":"SearchAction","target":{"@type":"EntryPoint","urlTemplate":"https:\/\/anasounds.com\/?s={search_term_string}"},"query-input":{"@type":"PropertyValueSpecification","valueRequired":true,"valueName":"search_term_string"}}],"inLanguage":"fr-FR"},{"@type":"Organization","@id":"https:\/\/anasounds.com\/#organization","name":"Anasounds","url":"https:\/\/anasounds.com\/","logo":{"@type":"ImageObject","inLanguage":"fr-FR","@id":"https:\/\/anasounds.com\/#\/schema\/logo\/image\/","url":"https:\/\/anasounds.com\/wp-content\/uploads\/2017\/10\/Logomadeinfrnoirblc.png","contentUrl":"https:\/\/anasounds.com\/wp-content\/uploads\/2017\/10\/Logomadeinfrnoirblc.png","width":300,"height":300,"caption":"Anasounds"},"image":{"@id":"https:\/\/anasounds.com\/#\/schema\/logo\/image\/"},"sameAs":["https:\/\/www.facebook.com\/AnasoundsFX\/","https:\/\/www.instagram.com\/anasounds\/","https:\/\/www.youtube.com\/user\/AnaSoundsFR"]}]}},"_links":{"self":[{"href":"https:\/\/anasounds.com\/fr\/wp-json\/wp\/v2\/product\/87326","targetHints":{"allow":["GET"]}}],"collection":[{"href":"https:\/\/anasounds.com\/fr\/wp-json\/wp\/v2\/product"}],"about":[{"href":"https:\/\/anasounds.com\/fr\/wp-json\/wp\/v2\/types\/product"}],"replies":[{"embeddable":true,"href":"https:\/\/anasounds.com\/fr\/wp-json\/wp\/v2\/comments?post=87326"}],"wp:featuredmedia":[{"embeddable":true,"href":"https:\/\/anasounds.com\/fr\/wp-json\/wp\/v2\/media\/87777"}],"wp:attachment":[{"href":"https:\/\/anasounds.com\/fr\/wp-json\/wp\/v2\/media?parent=87326"}],"wp:term":[{"taxonomy":"product_brand","embeddable":true,"href":"https:\/\/anasounds.com\/fr\/wp-json\/wp\/v2\/product_brand?post=87326"},{"taxonomy":"product_cat","embeddable":true,"href":"https:\/\/anasounds.com\/fr\/wp-json\/wp\/v2\/product_cat?post=87326"},{"taxonomy":"product_tag","embeddable":true,"href":"https:\/\/anasounds.com\/fr\/wp-json\/wp\/v2\/product_tag?post=87326"}],"curies":[{"name":"wp","href":"https:\/\/api.w.org\/{rel}","templated":true}]}}