{"id":87409,"date":"2022-11-21T15:56:06","date_gmt":"2022-11-21T14:56:06","guid":{"rendered":"https:\/\/anasounds.com\/?post_type=product&#038;p=87409"},"modified":"2023-11-25T22:39:42","modified_gmt":"2023-11-25T21:39:42","slug":"tape-preamp-pcb-seul","status":"publish","type":"product","link":"https:\/\/anasounds.com\/fr\/produit\/tape-preamp-pcb-seul\/","title":{"rendered":"Tape Preamp &#8211; pcb seul"},"content":{"rendered":"<h3 style=\"text-align: center;\">contenu de ce pack<\/h3>\n<p style=\"text-align: center;\">Un PCB Tape Preamp avec son transistor JFET et sa LED.<br \/>\nPour les courageux voulant s\u2019aventurer et innover avec leur propres composants !<\/p>\n<h3 style=\"text-align: center;\">ce qu\u2019il pourrait te manquer pour monter ce kit<\/h3>\n<p style=\"text-align: center;\">Un\u00a0<a href=\"https:\/\/anasounds.com\/fr\/produit\/testeur-methode-fx-teacher\/\" target=\"_blank\" rel=\"noopener noreferrer\">testeur<\/a>\u00a0pour la m\u00e9thode FX Teacher.<br \/>\nDes outils de soudure, voici notre\u00a0<a href=\"https:\/\/anasounds.com\/fr\/categorie-produit\/fx-teacher\/outils-fx-teacher\/\" target=\"_blank\" rel=\"noopener noreferrer\">s\u00e9lection<\/a>\u00a0si tu n\u2019en as pas assez.<br \/>\nLe kit composants\u00a0<a href=\"https:\/\/anasounds.com\/fr\/produit\/tape-preamp-kit-electronique\/\" target=\"_blank\" rel=\"noopener noreferrer\">\u00e9lectroniques.<\/a><br \/>\nUn kit true bypass \u00e0\u00a0<a href=\"https:\/\/anasounds.com\/fr\/produit\/kit-true-bypass-3pdt-nouvelle-version\/\" target=\"_blank\" rel=\"noopener noreferrer\">3PDT<\/a>\u00a0ou \u00e0\u00a0<a href=\"https:\/\/anasounds.com\/fr\/produit\/kit-true-bypass-relais-nouvelle-version\/\" target=\"_blank\" rel=\"noopener noreferrer\">relais.<\/a><br \/>\nUn kit\u00a0<a href=\"https:\/\/anasounds.com\/fr\/produit\/tape-preamp-kit-boitier\/\" target=\"_blank\" rel=\"noopener noreferrer\">boitier<\/a> Tape Preamp.<\/p>\n<h3 style=\"text-align: center;\">infos compl\u00e9mentaires<\/h3>\n<p style=\"text-align: center;\">Pour d\u00e9couvrir en d\u00e9tails la Tape Preamp, c\u2019est sur <a href=\"https:\/\/anasounds.com\/fr\/tape-preamp\/\" target=\"_blank\" rel=\"noopener noreferrer\">cette page.<\/a><\/p>\n<p style=\"text-align: center;\">Pour la fabriquer c\u2019est bien ici. Il suffit d\u2019ajouter ce produit au panier puis,<br \/>\nde suivre le tutoriel d\u2019assemblage par\u00a0<a href=\"https:\/\/anasounds.com\/fr\/assembler-son-kit-tape-preamp-fx-teacher\/\" target=\"_blank\" rel=\"noopener noreferrer\">ici.<\/a><\/p>\n<p style=\"text-align: center;\">Pour la Tape Preamp d\u00e9j\u00e0 mont\u00e9e, c\u2019est par <a href=\"https:\/\/anasounds.com\/fr\/produit\/tape-preamp-pedale-deja-assemblee\/\" target=\"_blank\" rel=\"noopener noreferrer\">ici.<\/a><\/p>\n","protected":false},"excerpt":{"rendered":"<p>Le PCB de la Tape Preamp seul, pour les plus courageux<br \/>\nqui souhaitent assembler leur kit avec leur propres composants !<\/p>\n","protected":false},"featured_media":87759,"comment_status":"open","ping_status":"closed","template":"","meta":[],"product_brand":[],"product_cat":[267,1557],"product_tag":[],"class_list":{"0":"post-87409","1":"product","2":"type-product","3":"status-publish","4":"has-post-thumbnail","6":"product_cat-fx-teacher","7":"product_cat-kits-pieces-detachees","9":"first","10":"instock","11":"taxable","12":"shipping-taxable","13":"purchasable","14":"product-type-simple"},"supplier_id":83515,"supplier_sku":"","barcode":null,"atum_controlled":true,"out_stock_date":null,"out_stock_threshold":null,"inheritable":false,"inbound_stock":0,"stock_on_hold":0,"sold_today":0,"sales_last_days":0,"reserved_stock":0,"customer_returns":0,"warehouse_damage":0,"lost_in_post":0,"other_logs":0,"out_stock_days":0,"lost_sales":0,"has_location":false,"update_date":"2026-04-06T01:00:19","atum_locations":[],"atum_stock_status":"instock","restock_status":false,"low_stock_amount":"","sales_update_date":"2026-04-06T01:00:19","calc_backorders":0,"yoast_head":"<!-- This site is optimized with the Yoast SEO plugin v26.5 - https:\/\/yoast.com\/wordpress\/plugins\/seo\/ -->\n<title>Tape Preamp - pcb seul | Anasounds<\/title>\n<meta name=\"description\" content=\"Le pcb seul du kit FX Teacher Tape Preamp, pour concevoir soi-m\u00eame son propre kit avec ses propres composants, et exp\u00e9rimenter.\" \/>\n<meta name=\"robots\" content=\"index, follow, max-snippet:-1, max-image-preview:large, max-video-preview:-1\" \/>\n<link rel=\"canonical\" href=\"https:\/\/anasounds.com\/fr\/produit\/tape-preamp-pcb-seul\/\" \/>\n<meta property=\"og:locale\" content=\"fr_FR\" \/>\n<meta property=\"og:type\" content=\"article\" \/>\n<meta property=\"og:title\" content=\"Tape Preamp - pcb seul | Anasounds\" \/>\n<meta property=\"og:description\" content=\"Le pcb seul du kit FX Teacher Tape Preamp, pour concevoir soi-m\u00eame son propre kit avec ses propres composants, et exp\u00e9rimenter.\" \/>\n<meta property=\"og:url\" content=\"https:\/\/anasounds.com\/fr\/produit\/tape-preamp-pcb-seul\/\" \/>\n<meta property=\"og:site_name\" content=\"Anasounds\" \/>\n<meta property=\"article:publisher\" content=\"https:\/\/www.facebook.com\/AnasoundsFX\/\" \/>\n<meta property=\"article:modified_time\" content=\"2023-11-25T21:39:42+00:00\" \/>\n<meta property=\"og:image\" content=\"https:\/\/anasounds.com\/wp-content\/uploads\/2022\/11\/Fxteacher_tape_preamp_kit_elec_2.jpg\" \/>\n\t<meta property=\"og:image:width\" content=\"1500\" \/>\n\t<meta property=\"og:image:height\" content=\"1500\" \/>\n\t<meta property=\"og:image:type\" content=\"image\/jpeg\" \/>\n<meta name=\"twitter:card\" content=\"summary_large_image\" \/>\n<meta name=\"twitter:label1\" content=\"Dur\u00e9e de lecture estim\u00e9e\" \/>\n\t<meta name=\"twitter:data1\" content=\"1 minute\" \/>\n<script type=\"application\/ld+json\" class=\"yoast-schema-graph\">{\"@context\":\"https:\/\/schema.org\",\"@graph\":[{\"@type\":\"WebPage\",\"@id\":\"https:\/\/anasounds.com\/fr\/produit\/tape-preamp-pcb-seul\/\",\"url\":\"https:\/\/anasounds.com\/fr\/produit\/tape-preamp-pcb-seul\/\",\"name\":\"Tape Preamp - pcb seul | Anasounds\",\"isPartOf\":{\"@id\":\"https:\/\/anasounds.com\/#website\"},\"primaryImageOfPage\":{\"@id\":\"https:\/\/anasounds.com\/fr\/produit\/tape-preamp-pcb-seul\/#primaryimage\"},\"image\":{\"@id\":\"https:\/\/anasounds.com\/fr\/produit\/tape-preamp-pcb-seul\/#primaryimage\"},\"thumbnailUrl\":\"https:\/\/anasounds.com\/wp-content\/uploads\/2022\/11\/Fxteacher_tape_preamp_kit_elec_2.jpg\",\"datePublished\":\"2022-11-21T14:56:06+00:00\",\"dateModified\":\"2023-11-25T21:39:42+00:00\",\"description\":\"Le pcb seul du kit FX Teacher Tape Preamp, pour concevoir soi-m\u00eame son propre kit avec ses propres composants, et exp\u00e9rimenter.\",\"breadcrumb\":{\"@id\":\"https:\/\/anasounds.com\/fr\/produit\/tape-preamp-pcb-seul\/#breadcrumb\"},\"inLanguage\":\"fr-FR\",\"potentialAction\":[{\"@type\":\"ReadAction\",\"target\":[\"https:\/\/anasounds.com\/fr\/produit\/tape-preamp-pcb-seul\/\"]}]},{\"@type\":\"ImageObject\",\"inLanguage\":\"fr-FR\",\"@id\":\"https:\/\/anasounds.com\/fr\/produit\/tape-preamp-pcb-seul\/#primaryimage\",\"url\":\"https:\/\/anasounds.com\/wp-content\/uploads\/2022\/11\/Fxteacher_tape_preamp_kit_elec_2.jpg\",\"contentUrl\":\"https:\/\/anasounds.com\/wp-content\/uploads\/2022\/11\/Fxteacher_tape_preamp_kit_elec_2.jpg\",\"width\":1500,\"height\":1500,\"caption\":\"Fxteacher_tape_preamp_kit_pcb\"},{\"@type\":\"BreadcrumbList\",\"@id\":\"https:\/\/anasounds.com\/fr\/produit\/tape-preamp-pcb-seul\/#breadcrumb\",\"itemListElement\":[{\"@type\":\"ListItem\",\"position\":1,\"name\":\"Home\",\"item\":\"https:\/\/anasounds.com\/fr\/\"},{\"@type\":\"ListItem\",\"position\":2,\"name\":\"boutique\",\"item\":\"https:\/\/anasounds.com\/fr\/shop\/\"},{\"@type\":\"ListItem\",\"position\":3,\"name\":\"Tape Preamp &#8211; pcb seul\"}]},{\"@type\":\"WebSite\",\"@id\":\"https:\/\/anasounds.com\/#website\",\"url\":\"https:\/\/anasounds.com\/\",\"name\":\"Anasounds\",\"description\":\"P\u00e9dales \u00e0 la Fran\u00e7aise\",\"publisher\":{\"@id\":\"https:\/\/anasounds.com\/#organization\"},\"potentialAction\":[{\"@type\":\"SearchAction\",\"target\":{\"@type\":\"EntryPoint\",\"urlTemplate\":\"https:\/\/anasounds.com\/?s={search_term_string}\"},\"query-input\":{\"@type\":\"PropertyValueSpecification\",\"valueRequired\":true,\"valueName\":\"search_term_string\"}}],\"inLanguage\":\"fr-FR\"},{\"@type\":\"Organization\",\"@id\":\"https:\/\/anasounds.com\/#organization\",\"name\":\"Anasounds\",\"url\":\"https:\/\/anasounds.com\/\",\"logo\":{\"@type\":\"ImageObject\",\"inLanguage\":\"fr-FR\",\"@id\":\"https:\/\/anasounds.com\/#\/schema\/logo\/image\/\",\"url\":\"https:\/\/anasounds.com\/wp-content\/uploads\/2017\/10\/Logomadeinfrnoirblc.png\",\"contentUrl\":\"https:\/\/anasounds.com\/wp-content\/uploads\/2017\/10\/Logomadeinfrnoirblc.png\",\"width\":300,\"height\":300,\"caption\":\"Anasounds\"},\"image\":{\"@id\":\"https:\/\/anasounds.com\/#\/schema\/logo\/image\/\"},\"sameAs\":[\"https:\/\/www.facebook.com\/AnasoundsFX\/\",\"https:\/\/www.instagram.com\/anasounds\/\",\"https:\/\/www.youtube.com\/user\/AnaSoundsFR\"]}]}<\/script>\n<!-- \/ Yoast SEO plugin. -->","yoast_head_json":{"title":"Tape Preamp - pcb seul | Anasounds","description":"Le pcb seul du kit FX Teacher Tape Preamp, pour concevoir soi-m\u00eame son propre kit avec ses propres composants, et exp\u00e9rimenter.","robots":{"index":"index","follow":"follow","max-snippet":"max-snippet:-1","max-image-preview":"max-image-preview:large","max-video-preview":"max-video-preview:-1"},"canonical":"https:\/\/anasounds.com\/fr\/produit\/tape-preamp-pcb-seul\/","og_locale":"fr_FR","og_type":"article","og_title":"Tape Preamp - pcb seul | Anasounds","og_description":"Le pcb seul du kit FX Teacher Tape Preamp, pour concevoir soi-m\u00eame son propre kit avec ses propres composants, et exp\u00e9rimenter.","og_url":"https:\/\/anasounds.com\/fr\/produit\/tape-preamp-pcb-seul\/","og_site_name":"Anasounds","article_publisher":"https:\/\/www.facebook.com\/AnasoundsFX\/","article_modified_time":"2023-11-25T21:39:42+00:00","og_image":[{"width":1500,"height":1500,"url":"https:\/\/anasounds.com\/wp-content\/uploads\/2022\/11\/Fxteacher_tape_preamp_kit_elec_2.jpg","type":"image\/jpeg"}],"twitter_card":"summary_large_image","twitter_misc":{"Dur\u00e9e de lecture estim\u00e9e":"1 minute"},"schema":{"@context":"https:\/\/schema.org","@graph":[{"@type":"WebPage","@id":"https:\/\/anasounds.com\/fr\/produit\/tape-preamp-pcb-seul\/","url":"https:\/\/anasounds.com\/fr\/produit\/tape-preamp-pcb-seul\/","name":"Tape Preamp - pcb seul | Anasounds","isPartOf":{"@id":"https:\/\/anasounds.com\/#website"},"primaryImageOfPage":{"@id":"https:\/\/anasounds.com\/fr\/produit\/tape-preamp-pcb-seul\/#primaryimage"},"image":{"@id":"https:\/\/anasounds.com\/fr\/produit\/tape-preamp-pcb-seul\/#primaryimage"},"thumbnailUrl":"https:\/\/anasounds.com\/wp-content\/uploads\/2022\/11\/Fxteacher_tape_preamp_kit_elec_2.jpg","datePublished":"2022-11-21T14:56:06+00:00","dateModified":"2023-11-25T21:39:42+00:00","description":"Le pcb seul du kit FX Teacher Tape Preamp, pour concevoir soi-m\u00eame son propre kit avec ses propres composants, et exp\u00e9rimenter.","breadcrumb":{"@id":"https:\/\/anasounds.com\/fr\/produit\/tape-preamp-pcb-seul\/#breadcrumb"},"inLanguage":"fr-FR","potentialAction":[{"@type":"ReadAction","target":["https:\/\/anasounds.com\/fr\/produit\/tape-preamp-pcb-seul\/"]}]},{"@type":"ImageObject","inLanguage":"fr-FR","@id":"https:\/\/anasounds.com\/fr\/produit\/tape-preamp-pcb-seul\/#primaryimage","url":"https:\/\/anasounds.com\/wp-content\/uploads\/2022\/11\/Fxteacher_tape_preamp_kit_elec_2.jpg","contentUrl":"https:\/\/anasounds.com\/wp-content\/uploads\/2022\/11\/Fxteacher_tape_preamp_kit_elec_2.jpg","width":1500,"height":1500,"caption":"Fxteacher_tape_preamp_kit_pcb"},{"@type":"BreadcrumbList","@id":"https:\/\/anasounds.com\/fr\/produit\/tape-preamp-pcb-seul\/#breadcrumb","itemListElement":[{"@type":"ListItem","position":1,"name":"Home","item":"https:\/\/anasounds.com\/fr\/"},{"@type":"ListItem","position":2,"name":"boutique","item":"https:\/\/anasounds.com\/fr\/shop\/"},{"@type":"ListItem","position":3,"name":"Tape Preamp &#8211; pcb seul"}]},{"@type":"WebSite","@id":"https:\/\/anasounds.com\/#website","url":"https:\/\/anasounds.com\/","name":"Anasounds","description":"P\u00e9dales \u00e0 la Fran\u00e7aise","publisher":{"@id":"https:\/\/anasounds.com\/#organization"},"potentialAction":[{"@type":"SearchAction","target":{"@type":"EntryPoint","urlTemplate":"https:\/\/anasounds.com\/?s={search_term_string}"},"query-input":{"@type":"PropertyValueSpecification","valueRequired":true,"valueName":"search_term_string"}}],"inLanguage":"fr-FR"},{"@type":"Organization","@id":"https:\/\/anasounds.com\/#organization","name":"Anasounds","url":"https:\/\/anasounds.com\/","logo":{"@type":"ImageObject","inLanguage":"fr-FR","@id":"https:\/\/anasounds.com\/#\/schema\/logo\/image\/","url":"https:\/\/anasounds.com\/wp-content\/uploads\/2017\/10\/Logomadeinfrnoirblc.png","contentUrl":"https:\/\/anasounds.com\/wp-content\/uploads\/2017\/10\/Logomadeinfrnoirblc.png","width":300,"height":300,"caption":"Anasounds"},"image":{"@id":"https:\/\/anasounds.com\/#\/schema\/logo\/image\/"},"sameAs":["https:\/\/www.facebook.com\/AnasoundsFX\/","https:\/\/www.instagram.com\/anasounds\/","https:\/\/www.youtube.com\/user\/AnaSoundsFR"]}]}},"_links":{"self":[{"href":"https:\/\/anasounds.com\/fr\/wp-json\/wp\/v2\/product\/87409","targetHints":{"allow":["GET"]}}],"collection":[{"href":"https:\/\/anasounds.com\/fr\/wp-json\/wp\/v2\/product"}],"about":[{"href":"https:\/\/anasounds.com\/fr\/wp-json\/wp\/v2\/types\/product"}],"replies":[{"embeddable":true,"href":"https:\/\/anasounds.com\/fr\/wp-json\/wp\/v2\/comments?post=87409"}],"wp:featuredmedia":[{"embeddable":true,"href":"https:\/\/anasounds.com\/fr\/wp-json\/wp\/v2\/media\/87759"}],"wp:attachment":[{"href":"https:\/\/anasounds.com\/fr\/wp-json\/wp\/v2\/media?parent=87409"}],"wp:term":[{"taxonomy":"product_brand","embeddable":true,"href":"https:\/\/anasounds.com\/fr\/wp-json\/wp\/v2\/product_brand?post=87409"},{"taxonomy":"product_cat","embeddable":true,"href":"https:\/\/anasounds.com\/fr\/wp-json\/wp\/v2\/product_cat?post=87409"},{"taxonomy":"product_tag","embeddable":true,"href":"https:\/\/anasounds.com\/fr\/wp-json\/wp\/v2\/product_tag?post=87409"}],"curies":[{"name":"wp","href":"https:\/\/api.w.org\/{rel}","templated":true}]}}