{"id":8856,"date":"2018-10-04T10:05:50","date_gmt":"2018-10-04T08:05:50","guid":{"rendered":"https:\/\/anasounds.com\/?post_type=product&#038;p=8856"},"modified":"2023-11-25T22:56:13","modified_gmt":"2023-11-25T21:56:13","slug":"savage-high-voltage-ltd-edition","status":"publish","type":"product","link":"https:\/\/anasounds.com\/fr\/produit\/savage-high-voltage-ltd-edition\/","title":{"rendered":"savage &#038; high voltage &#8211; ltd edition"},"content":{"rendered":"<h3 style=\"text-align: center;\">1 overdrive, 2 overdrives&#8230;<\/h3>\n<p style=\"text-align: center;\">nous sommes ravis de vous pr\u00e9senter cette double p\u00e9dale d&rsquo;overdrive, un nouveau format pour anasounds !<\/p>\n<p style=\"text-align: center;\">une high voltage ainsi qu&rsquo;une savage dans une seule p\u00e9dale ! de quoi faire baver nos fid\u00e8les musiciens.<\/p>\n<h3 style=\"text-align: center;\">ce que cette\u00a0\u00e9dition limit\u00e9e comprend :<\/h3>\n<ul style=\"text-align: center;\">\n<li>1 <a href=\"https:\/\/anasounds.com\/fr\/produits\/origins-pedals\/savage\/\" target=\"_blank\" rel=\"noopener\">savage<\/a>, notre overdrive transparente et dynamique inspir\u00e9e de la klon centaur.<\/li>\n<li>1 <a href=\"https:\/\/anasounds.com\/fr\/produits\/origins-pedals\/high-voltage\/\" target=\"_blank\" rel=\"noopener\">high voltage<\/a>, notre overdrive qui simule un ampli plexi aux sonorit\u00e9s proches d&rsquo;ac\/dc.<\/li>\n<li>1 petit switch qui permet d&rsquo;inverser la cha\u00eene de son. ex, la savage dans la high voltage ou la high voltage dans la savage.<\/li>\n<li>1 circuit d&rsquo;alimentation. vous n&rsquo;avez qu&rsquo;\u00e0 brancher une alim 9v puis on s&rsquo;occupe de tout ! isolation, r\u00e9partition, filtrage&#8230; tout le n\u00e9cessaire pour que tous les circuits soient parfaitement aliment\u00e9s, sans bruit. oubliez les araign\u00e9es !<\/li>\n<li>les 2 p\u00e9dales sont true bypass avec un nouveau syst\u00e8me de relais sans bruit et des boutons poussoirs sans clics !<\/li>\n<li>1 buffer bumper est \u00e9galement inclue dans la p\u00e9dale, il est toujours actif, branch\u00e9 avant les 2 effets et permet d&rsquo;int\u00e9gr\u00e9 facilement cette p\u00e9dale dans son set sans se soucier des pertes de ligne.<\/li>\n<\/ul>\n<h3 style=\"text-align: center;\">ce que vous entendez dans la vid\u00e9o<\/h3>\n<p style=\"text-align: center;\">les diff\u00e9rents sons chaleureux que vous pouvez entendre dans la vid\u00e9o sont les suivant :<\/p>\n<ul style=\"text-align: center;\">\n<li>sur les rythmiques au d\u00e9but, un son plexi en activant uniquement la high voltage dans le syst\u00e8me de simulation two notes (le clean + le cab)<\/li>\n<li>sur le solo, on garde la high voltage et on la boost avec la savage ! cette douce combinaison offre des sons proches d&rsquo;un jcm800. le graal quoi !<\/li>\n<\/ul>\n<p style=\"text-align: center;\">c&rsquo;est maintenant \u00e0 votre tour de d\u00e9couvrir ces sons avec cette \u00e9dition limit\u00e9e !<\/p>\n<h3 style=\"text-align: center;\">n&rsquo;attendez pas, il n&rsquo;y en aura pas pour tout le monde !<\/h3>\n<p style=\"text-align: center;\">nous proposons cette double p\u00e9dale \u00e0 299\u20ac,<\/p>\n<p style=\"text-align: center;\">nous avons pr\u00e9vu de fabriquer seulement 50 pi\u00e8ces num\u00e9rot\u00e9es, apr\u00e8s c&rsquo;est fini.<\/p>\n<p style=\"text-align: center;\">oui oui, 50 pi\u00e8ces !<\/p>\n","protected":false},"excerpt":{"rendered":"<p style=\"text-align: center;\">savage = ampli dynamique et chaleureux<br \/>\nhigh voltage = ampli plexi \u00e0 la ac\/dc<br \/>\nsavage + high voltage = ampli d\u00e9moniaque proche d&rsquo;un jcm800 !<\/p>\n","protected":false},"featured_media":8850,"comment_status":"open","ping_status":"closed","template":"","meta":[],"product_brand":[],"product_cat":[433,277],"product_tag":[65,437,59,58],"class_list":{"0":"post-8856","1":"product","2":"type-product","3":"status-publish","4":"has-post-thumbnail","6":"product_cat-distortion-fr","7":"product_cat-overdrive-fr","8":"product_tag-distortion","9":"product_tag-high-voltage-fr","10":"product_tag-overdrive","11":"product_tag-savage","13":"first","14":"outofstock","15":"featured","16":"taxable","17":"shipping-taxable","18":"purchasable","19":"product-type-simple"},"supplier_id":83515,"supplier_sku":"","barcode":null,"atum_controlled":true,"out_stock_date":"2022-07-05 10:20:15","out_stock_threshold":null,"inheritable":false,"inbound_stock":0,"stock_on_hold":0,"sold_today":0,"sales_last_days":0,"reserved_stock":0,"customer_returns":0,"warehouse_damage":0,"lost_in_post":0,"other_logs":0,"out_stock_days":1379,"lost_sales":0,"has_location":false,"update_date":"2026-04-15T01:05:25","atum_locations":[],"atum_stock_status":"outofstock","restock_status":false,"low_stock_amount":"","sales_update_date":"2026-04-15T01:05:25","calc_backorders":null,"yoast_head":"<!-- This site is optimized with the Yoast SEO plugin v26.5 - https:\/\/yoast.com\/wordpress\/plugins\/seo\/ -->\n<title>SAVAGE &amp; HIGH VOLTAGE - limited edition double overdrive pedal !<\/title>\n<meta name=\"description\" content=\"2 magnifiques overdrive dans une p\u00e9dale ! Retrouvez le son d&#039;un ampli type plexi ou jcm800 dans une seule bo\u00eete ! 299\u20ac, 50 exemplaires dans le monde seulement.\" \/>\n<meta name=\"robots\" content=\"index, follow, max-snippet:-1, max-image-preview:large, max-video-preview:-1\" \/>\n<link rel=\"canonical\" href=\"https:\/\/anasounds.com\/fr\/produit\/savage-high-voltage-ltd-edition\/\" \/>\n<meta property=\"og:locale\" content=\"fr_FR\" \/>\n<meta property=\"og:type\" content=\"article\" \/>\n<meta property=\"og:title\" content=\"SAVAGE &amp; HIGH VOLTAGE - limited edition double overdrive pedal !\" \/>\n<meta property=\"og:description\" content=\"2 magnifiques overdrive dans une p\u00e9dale ! Retrouvez le son d&#039;un ampli type plexi ou jcm800 dans une seule bo\u00eete ! 299\u20ac, 50 exemplaires dans le monde seulement.\" \/>\n<meta property=\"og:url\" content=\"https:\/\/anasounds.com\/fr\/produit\/savage-high-voltage-ltd-edition\/\" \/>\n<meta property=\"og:site_name\" content=\"Anasounds\" \/>\n<meta property=\"article:publisher\" content=\"https:\/\/www.facebook.com\/AnasoundsFX\/\" \/>\n<meta property=\"article:modified_time\" content=\"2023-11-25T21:56:13+00:00\" \/>\n<meta property=\"og:image\" content=\"https:\/\/anasounds.com\/wp-content\/uploads\/2018\/10\/face.jpg\" \/>\n\t<meta property=\"og:image:width\" content=\"2000\" \/>\n\t<meta property=\"og:image:height\" content=\"2000\" \/>\n\t<meta property=\"og:image:type\" content=\"image\/jpeg\" \/>\n<meta name=\"twitter:card\" content=\"summary_large_image\" \/>\n<meta name=\"twitter:label1\" content=\"Dur\u00e9e de lecture estim\u00e9e\" \/>\n\t<meta name=\"twitter:data1\" content=\"2 minutes\" \/>\n<script type=\"application\/ld+json\" class=\"yoast-schema-graph\">{\"@context\":\"https:\/\/schema.org\",\"@graph\":[{\"@type\":\"WebPage\",\"@id\":\"https:\/\/anasounds.com\/fr\/produit\/savage-high-voltage-ltd-edition\/\",\"url\":\"https:\/\/anasounds.com\/fr\/produit\/savage-high-voltage-ltd-edition\/\",\"name\":\"SAVAGE & HIGH VOLTAGE - limited edition double overdrive pedal !\",\"isPartOf\":{\"@id\":\"https:\/\/anasounds.com\/#website\"},\"primaryImageOfPage\":{\"@id\":\"https:\/\/anasounds.com\/fr\/produit\/savage-high-voltage-ltd-edition\/#primaryimage\"},\"image\":{\"@id\":\"https:\/\/anasounds.com\/fr\/produit\/savage-high-voltage-ltd-edition\/#primaryimage\"},\"thumbnailUrl\":\"https:\/\/anasounds.com\/wp-content\/uploads\/2018\/10\/face.jpg\",\"datePublished\":\"2018-10-04T08:05:50+00:00\",\"dateModified\":\"2023-11-25T21:56:13+00:00\",\"description\":\"2 magnifiques overdrive dans une p\u00e9dale ! Retrouvez le son d'un ampli type plexi ou jcm800 dans une seule bo\u00eete ! 299\u20ac, 50 exemplaires dans le monde seulement.\",\"breadcrumb\":{\"@id\":\"https:\/\/anasounds.com\/fr\/produit\/savage-high-voltage-ltd-edition\/#breadcrumb\"},\"inLanguage\":\"fr-FR\",\"potentialAction\":[{\"@type\":\"ReadAction\",\"target\":[\"https:\/\/anasounds.com\/fr\/produit\/savage-high-voltage-ltd-edition\/\"]}]},{\"@type\":\"ImageObject\",\"inLanguage\":\"fr-FR\",\"@id\":\"https:\/\/anasounds.com\/fr\/produit\/savage-high-voltage-ltd-edition\/#primaryimage\",\"url\":\"https:\/\/anasounds.com\/wp-content\/uploads\/2018\/10\/face.jpg\",\"contentUrl\":\"https:\/\/anasounds.com\/wp-content\/uploads\/2018\/10\/face.jpg\",\"width\":2000,\"height\":2000},{\"@type\":\"BreadcrumbList\",\"@id\":\"https:\/\/anasounds.com\/fr\/produit\/savage-high-voltage-ltd-edition\/#breadcrumb\",\"itemListElement\":[{\"@type\":\"ListItem\",\"position\":1,\"name\":\"Home\",\"item\":\"https:\/\/anasounds.com\/fr\/\"},{\"@type\":\"ListItem\",\"position\":2,\"name\":\"boutique\",\"item\":\"https:\/\/anasounds.com\/fr\/shop\/\"},{\"@type\":\"ListItem\",\"position\":3,\"name\":\"savage &#038; high voltage &#8211; ltd edition\"}]},{\"@type\":\"WebSite\",\"@id\":\"https:\/\/anasounds.com\/#website\",\"url\":\"https:\/\/anasounds.com\/\",\"name\":\"Anasounds\",\"description\":\"P\u00e9dales \u00e0 la Fran\u00e7aise\",\"publisher\":{\"@id\":\"https:\/\/anasounds.com\/#organization\"},\"potentialAction\":[{\"@type\":\"SearchAction\",\"target\":{\"@type\":\"EntryPoint\",\"urlTemplate\":\"https:\/\/anasounds.com\/?s={search_term_string}\"},\"query-input\":{\"@type\":\"PropertyValueSpecification\",\"valueRequired\":true,\"valueName\":\"search_term_string\"}}],\"inLanguage\":\"fr-FR\"},{\"@type\":\"Organization\",\"@id\":\"https:\/\/anasounds.com\/#organization\",\"name\":\"Anasounds\",\"url\":\"https:\/\/anasounds.com\/\",\"logo\":{\"@type\":\"ImageObject\",\"inLanguage\":\"fr-FR\",\"@id\":\"https:\/\/anasounds.com\/#\/schema\/logo\/image\/\",\"url\":\"https:\/\/anasounds.com\/wp-content\/uploads\/2017\/10\/Logomadeinfrnoirblc.png\",\"contentUrl\":\"https:\/\/anasounds.com\/wp-content\/uploads\/2017\/10\/Logomadeinfrnoirblc.png\",\"width\":300,\"height\":300,\"caption\":\"Anasounds\"},\"image\":{\"@id\":\"https:\/\/anasounds.com\/#\/schema\/logo\/image\/\"},\"sameAs\":[\"https:\/\/www.facebook.com\/AnasoundsFX\/\",\"https:\/\/www.instagram.com\/anasounds\/\",\"https:\/\/www.youtube.com\/user\/AnaSoundsFR\"]}]}<\/script>\n<!-- \/ Yoast SEO plugin. -->","yoast_head_json":{"title":"SAVAGE & HIGH VOLTAGE - limited edition double overdrive pedal !","description":"2 magnifiques overdrive dans une p\u00e9dale ! Retrouvez le son d'un ampli type plexi ou jcm800 dans une seule bo\u00eete ! 299\u20ac, 50 exemplaires dans le monde seulement.","robots":{"index":"index","follow":"follow","max-snippet":"max-snippet:-1","max-image-preview":"max-image-preview:large","max-video-preview":"max-video-preview:-1"},"canonical":"https:\/\/anasounds.com\/fr\/produit\/savage-high-voltage-ltd-edition\/","og_locale":"fr_FR","og_type":"article","og_title":"SAVAGE & HIGH VOLTAGE - limited edition double overdrive pedal !","og_description":"2 magnifiques overdrive dans une p\u00e9dale ! Retrouvez le son d'un ampli type plexi ou jcm800 dans une seule bo\u00eete ! 299\u20ac, 50 exemplaires dans le monde seulement.","og_url":"https:\/\/anasounds.com\/fr\/produit\/savage-high-voltage-ltd-edition\/","og_site_name":"Anasounds","article_publisher":"https:\/\/www.facebook.com\/AnasoundsFX\/","article_modified_time":"2023-11-25T21:56:13+00:00","og_image":[{"width":2000,"height":2000,"url":"https:\/\/anasounds.com\/wp-content\/uploads\/2018\/10\/face.jpg","type":"image\/jpeg"}],"twitter_card":"summary_large_image","twitter_misc":{"Dur\u00e9e de lecture estim\u00e9e":"2 minutes"},"schema":{"@context":"https:\/\/schema.org","@graph":[{"@type":"WebPage","@id":"https:\/\/anasounds.com\/fr\/produit\/savage-high-voltage-ltd-edition\/","url":"https:\/\/anasounds.com\/fr\/produit\/savage-high-voltage-ltd-edition\/","name":"SAVAGE & HIGH VOLTAGE - limited edition double overdrive pedal !","isPartOf":{"@id":"https:\/\/anasounds.com\/#website"},"primaryImageOfPage":{"@id":"https:\/\/anasounds.com\/fr\/produit\/savage-high-voltage-ltd-edition\/#primaryimage"},"image":{"@id":"https:\/\/anasounds.com\/fr\/produit\/savage-high-voltage-ltd-edition\/#primaryimage"},"thumbnailUrl":"https:\/\/anasounds.com\/wp-content\/uploads\/2018\/10\/face.jpg","datePublished":"2018-10-04T08:05:50+00:00","dateModified":"2023-11-25T21:56:13+00:00","description":"2 magnifiques overdrive dans une p\u00e9dale ! Retrouvez le son d'un ampli type plexi ou jcm800 dans une seule bo\u00eete ! 299\u20ac, 50 exemplaires dans le monde seulement.","breadcrumb":{"@id":"https:\/\/anasounds.com\/fr\/produit\/savage-high-voltage-ltd-edition\/#breadcrumb"},"inLanguage":"fr-FR","potentialAction":[{"@type":"ReadAction","target":["https:\/\/anasounds.com\/fr\/produit\/savage-high-voltage-ltd-edition\/"]}]},{"@type":"ImageObject","inLanguage":"fr-FR","@id":"https:\/\/anasounds.com\/fr\/produit\/savage-high-voltage-ltd-edition\/#primaryimage","url":"https:\/\/anasounds.com\/wp-content\/uploads\/2018\/10\/face.jpg","contentUrl":"https:\/\/anasounds.com\/wp-content\/uploads\/2018\/10\/face.jpg","width":2000,"height":2000},{"@type":"BreadcrumbList","@id":"https:\/\/anasounds.com\/fr\/produit\/savage-high-voltage-ltd-edition\/#breadcrumb","itemListElement":[{"@type":"ListItem","position":1,"name":"Home","item":"https:\/\/anasounds.com\/fr\/"},{"@type":"ListItem","position":2,"name":"boutique","item":"https:\/\/anasounds.com\/fr\/shop\/"},{"@type":"ListItem","position":3,"name":"savage &#038; high voltage &#8211; ltd edition"}]},{"@type":"WebSite","@id":"https:\/\/anasounds.com\/#website","url":"https:\/\/anasounds.com\/","name":"Anasounds","description":"P\u00e9dales \u00e0 la Fran\u00e7aise","publisher":{"@id":"https:\/\/anasounds.com\/#organization"},"potentialAction":[{"@type":"SearchAction","target":{"@type":"EntryPoint","urlTemplate":"https:\/\/anasounds.com\/?s={search_term_string}"},"query-input":{"@type":"PropertyValueSpecification","valueRequired":true,"valueName":"search_term_string"}}],"inLanguage":"fr-FR"},{"@type":"Organization","@id":"https:\/\/anasounds.com\/#organization","name":"Anasounds","url":"https:\/\/anasounds.com\/","logo":{"@type":"ImageObject","inLanguage":"fr-FR","@id":"https:\/\/anasounds.com\/#\/schema\/logo\/image\/","url":"https:\/\/anasounds.com\/wp-content\/uploads\/2017\/10\/Logomadeinfrnoirblc.png","contentUrl":"https:\/\/anasounds.com\/wp-content\/uploads\/2017\/10\/Logomadeinfrnoirblc.png","width":300,"height":300,"caption":"Anasounds"},"image":{"@id":"https:\/\/anasounds.com\/#\/schema\/logo\/image\/"},"sameAs":["https:\/\/www.facebook.com\/AnasoundsFX\/","https:\/\/www.instagram.com\/anasounds\/","https:\/\/www.youtube.com\/user\/AnaSoundsFR"]}]}},"_links":{"self":[{"href":"https:\/\/anasounds.com\/fr\/wp-json\/wp\/v2\/product\/8856","targetHints":{"allow":["GET"]}}],"collection":[{"href":"https:\/\/anasounds.com\/fr\/wp-json\/wp\/v2\/product"}],"about":[{"href":"https:\/\/anasounds.com\/fr\/wp-json\/wp\/v2\/types\/product"}],"replies":[{"embeddable":true,"href":"https:\/\/anasounds.com\/fr\/wp-json\/wp\/v2\/comments?post=8856"}],"wp:featuredmedia":[{"embeddable":true,"href":"https:\/\/anasounds.com\/fr\/wp-json\/wp\/v2\/media\/8850"}],"wp:attachment":[{"href":"https:\/\/anasounds.com\/fr\/wp-json\/wp\/v2\/media?parent=8856"}],"wp:term":[{"taxonomy":"product_brand","embeddable":true,"href":"https:\/\/anasounds.com\/fr\/wp-json\/wp\/v2\/product_brand?post=8856"},{"taxonomy":"product_cat","embeddable":true,"href":"https:\/\/anasounds.com\/fr\/wp-json\/wp\/v2\/product_cat?post=8856"},{"taxonomy":"product_tag","embeddable":true,"href":"https:\/\/anasounds.com\/fr\/wp-json\/wp\/v2\/product_tag?post=8856"}],"curies":[{"name":"wp","href":"https:\/\/api.w.org\/{rel}","templated":true}]}}