{"id":88751,"date":"2023-01-06T17:10:26","date_gmt":"2023-01-06T16:10:26","guid":{"rendered":"https:\/\/anasounds.com\/?post_type=product&#038;p=88751"},"modified":"2026-01-09T18:37:01","modified_gmt":"2026-01-09T17:37:01","slug":"multimetre-pour-tester-les-tensions-et-mesurer-les-resistances","status":"publish","type":"product","link":"https:\/\/anasounds.com\/fr\/produit\/multimetre-pour-tester-les-tensions-et-mesurer-les-resistances\/","title":{"rendered":"multim\u00e8tre | pour tester les tensions et mesurer les r\u00e9sistances"},"content":{"rendered":"<h3 style=\"text-align: center;\">l&rsquo;outil indispensable pour assembler et d\u00e9buguer une p\u00e9dale<\/h3>\n<p style=\"text-align: center;\">Le multim\u00e8tre est un v\u00e9ritable couteau suisse indispensable \u00e0 tout bricoleur bidouillant des appareils \u00e9lectronique.<br \/>\nIl te sera extr\u00eamement utile lors de l&rsquo;assemblage d&rsquo;une p\u00e9dale, pour v\u00e9rifier tes tensions \u00e0 diff\u00e9rents points du circuit,<br \/>\nmesurer tes r\u00e9sistances pour ne plus avoir affaire au code couleur, tester la continuit\u00e9 des pistes entre les composants&#8230;<br \/>\nou simplement mesurer la consommation de ta p\u00e9dale.<\/p>\n<p style=\"text-align: center;\">Un multim\u00e8tre classique permet au minimum de mesurer des tensions DC et AC, des courants en mA et A et des r\u00e9sistances en Ohm.<\/p>\n<h3 style=\"text-align: center;\">tout un tas de fonctions suppl\u00e9mentaires<\/h3>\n<p style=\"text-align: center;\">Ce multim\u00e8tre permet d&rsquo;aller encore plus loin, en mesurant aussi les condensateurs, mais aussi tester des diodes et trouver l&rsquo;anode, la cathode et la tension de seuil,<br \/>\ndes transistors pour mesurer leur hFE&#8230; bref tout un tas de fonctions qui peuvent s&rsquo;av\u00e9rer utile lors de la conception d&rsquo;une p\u00e9dale d&rsquo;effets.<\/p>\n<p style=\"text-align: center;\">C&rsquo;est l&rsquo;outil id\u00e9al \u00e0 poss\u00e9der imp\u00e9rativement lorsque l&rsquo;on se lance dans le DIY, et qui s&rsquo;av\u00e8rera utile dans de nombreuses circonstances, y compris hors \u00e9lectronique audio.<\/p>\n","protected":false},"excerpt":{"rendered":"<p style=\"text-align: center;\">Un multim\u00e8tre indispensable pour tester ses kits lors de l&rsquo;assemblage, pour mesurer les tensions, r\u00e9sistances, courants, transistors&#8230;<\/p>\n","protected":false},"featured_media":88818,"comment_status":"open","ping_status":"closed","template":"","meta":[],"product_brand":[],"product_cat":[522,1047,1048],"product_tag":[541,1540],"class_list":{"0":"post-88751","1":"product","2":"type-product","3":"status-publish","4":"has-post-thumbnail","6":"product_cat-outils-fx-teacher","7":"product_cat-outils-pour-pedales","8":"product_cat-outils-pour-cables-diy","9":"product_tag-fx-maker","10":"product_tag-multimetre","12":"first","13":"instock","14":"taxable","15":"shipping-taxable","16":"purchasable","17":"product-type-simple"},"supplier_id":83677,"supplier_sku":"","barcode":null,"atum_controlled":true,"out_stock_date":null,"out_stock_threshold":null,"inheritable":false,"inbound_stock":50,"stock_on_hold":0,"sold_today":0,"sales_last_days":0,"reserved_stock":0,"customer_returns":0,"warehouse_damage":0,"lost_in_post":0,"other_logs":0,"out_stock_days":0,"lost_sales":0,"has_location":false,"update_date":"2026-04-07T01:03:17","atum_locations":[],"atum_stock_status":"instock","restock_status":false,"low_stock_amount":"","sales_update_date":"2026-04-07T01:03:17","calc_backorders":0,"yoast_head":"<!-- This site is optimized with the Yoast SEO plugin v26.5 - https:\/\/yoast.com\/wordpress\/plugins\/seo\/ -->\n<title>multim\u00e8tre | pour tester les tensions et mesurer les r\u00e9sistance<\/title>\n<meta name=\"description\" content=\"Un multim\u00e8tre indispensable pour monter les kits de p\u00e9dales d&#039;effets, pour mesurer les tensions, courants, r\u00e9sistances, condensateurs, transistors...\" \/>\n<meta name=\"robots\" content=\"index, follow, max-snippet:-1, max-image-preview:large, max-video-preview:-1\" \/>\n<link rel=\"canonical\" href=\"https:\/\/anasounds.com\/fr\/produit\/multimetre-pour-tester-les-tensions-et-mesurer-les-resistances\/\" \/>\n<meta property=\"og:locale\" content=\"fr_FR\" \/>\n<meta property=\"og:type\" content=\"article\" \/>\n<meta property=\"og:title\" content=\"multim\u00e8tre | pour tester les tensions et mesurer les r\u00e9sistance\" \/>\n<meta property=\"og:description\" content=\"Un multim\u00e8tre indispensable pour monter les kits de p\u00e9dales d&#039;effets, pour mesurer les tensions, courants, r\u00e9sistances, condensateurs, transistors...\" \/>\n<meta property=\"og:url\" content=\"https:\/\/anasounds.com\/fr\/produit\/multimetre-pour-tester-les-tensions-et-mesurer-les-resistances\/\" \/>\n<meta property=\"og:site_name\" content=\"Anasounds\" \/>\n<meta property=\"article:publisher\" content=\"https:\/\/www.facebook.com\/AnasoundsFX\/\" \/>\n<meta property=\"article:modified_time\" content=\"2026-01-09T17:37:01+00:00\" \/>\n<meta property=\"og:image\" content=\"https:\/\/anasounds.com\/wp-content\/uploads\/2023\/01\/Multimetre-1.jpg\" \/>\n\t<meta property=\"og:image:width\" content=\"960\" \/>\n\t<meta property=\"og:image:height\" content=\"960\" \/>\n\t<meta property=\"og:image:type\" content=\"image\/jpeg\" \/>\n<meta name=\"twitter:card\" content=\"summary_large_image\" \/>\n<meta name=\"twitter:label1\" content=\"Dur\u00e9e de lecture estim\u00e9e\" \/>\n\t<meta name=\"twitter:data1\" content=\"1 minute\" \/>\n<script type=\"application\/ld+json\" class=\"yoast-schema-graph\">{\"@context\":\"https:\/\/schema.org\",\"@graph\":[{\"@type\":\"WebPage\",\"@id\":\"https:\/\/anasounds.com\/fr\/produit\/multimetre-pour-tester-les-tensions-et-mesurer-les-resistances\/\",\"url\":\"https:\/\/anasounds.com\/fr\/produit\/multimetre-pour-tester-les-tensions-et-mesurer-les-resistances\/\",\"name\":\"multim\u00e8tre | pour tester les tensions et mesurer les r\u00e9sistance\",\"isPartOf\":{\"@id\":\"https:\/\/anasounds.com\/#website\"},\"primaryImageOfPage\":{\"@id\":\"https:\/\/anasounds.com\/fr\/produit\/multimetre-pour-tester-les-tensions-et-mesurer-les-resistances\/#primaryimage\"},\"image\":{\"@id\":\"https:\/\/anasounds.com\/fr\/produit\/multimetre-pour-tester-les-tensions-et-mesurer-les-resistances\/#primaryimage\"},\"thumbnailUrl\":\"https:\/\/anasounds.com\/wp-content\/uploads\/2023\/01\/Multimetre-1.jpg\",\"datePublished\":\"2023-01-06T16:10:26+00:00\",\"dateModified\":\"2026-01-09T17:37:01+00:00\",\"description\":\"Un multim\u00e8tre indispensable pour monter les kits de p\u00e9dales d'effets, pour mesurer les tensions, courants, r\u00e9sistances, condensateurs, transistors...\",\"breadcrumb\":{\"@id\":\"https:\/\/anasounds.com\/fr\/produit\/multimetre-pour-tester-les-tensions-et-mesurer-les-resistances\/#breadcrumb\"},\"inLanguage\":\"fr-FR\",\"potentialAction\":[{\"@type\":\"ReadAction\",\"target\":[\"https:\/\/anasounds.com\/fr\/produit\/multimetre-pour-tester-les-tensions-et-mesurer-les-resistances\/\"]}]},{\"@type\":\"ImageObject\",\"inLanguage\":\"fr-FR\",\"@id\":\"https:\/\/anasounds.com\/fr\/produit\/multimetre-pour-tester-les-tensions-et-mesurer-les-resistances\/#primaryimage\",\"url\":\"https:\/\/anasounds.com\/wp-content\/uploads\/2023\/01\/Multimetre-1.jpg\",\"contentUrl\":\"https:\/\/anasounds.com\/wp-content\/uploads\/2023\/01\/Multimetre-1.jpg\",\"width\":960,\"height\":960},{\"@type\":\"BreadcrumbList\",\"@id\":\"https:\/\/anasounds.com\/fr\/produit\/multimetre-pour-tester-les-tensions-et-mesurer-les-resistances\/#breadcrumb\",\"itemListElement\":[{\"@type\":\"ListItem\",\"position\":1,\"name\":\"Home\",\"item\":\"https:\/\/anasounds.com\/fr\/\"},{\"@type\":\"ListItem\",\"position\":2,\"name\":\"boutique\",\"item\":\"https:\/\/anasounds.com\/fr\/shop\/\"},{\"@type\":\"ListItem\",\"position\":3,\"name\":\"multim\u00e8tre | pour tester les tensions et mesurer les r\u00e9sistances\"}]},{\"@type\":\"WebSite\",\"@id\":\"https:\/\/anasounds.com\/#website\",\"url\":\"https:\/\/anasounds.com\/\",\"name\":\"Anasounds\",\"description\":\"P\u00e9dales \u00e0 la Fran\u00e7aise\",\"publisher\":{\"@id\":\"https:\/\/anasounds.com\/#organization\"},\"potentialAction\":[{\"@type\":\"SearchAction\",\"target\":{\"@type\":\"EntryPoint\",\"urlTemplate\":\"https:\/\/anasounds.com\/?s={search_term_string}\"},\"query-input\":{\"@type\":\"PropertyValueSpecification\",\"valueRequired\":true,\"valueName\":\"search_term_string\"}}],\"inLanguage\":\"fr-FR\"},{\"@type\":\"Organization\",\"@id\":\"https:\/\/anasounds.com\/#organization\",\"name\":\"Anasounds\",\"url\":\"https:\/\/anasounds.com\/\",\"logo\":{\"@type\":\"ImageObject\",\"inLanguage\":\"fr-FR\",\"@id\":\"https:\/\/anasounds.com\/#\/schema\/logo\/image\/\",\"url\":\"https:\/\/anasounds.com\/wp-content\/uploads\/2017\/10\/Logomadeinfrnoirblc.png\",\"contentUrl\":\"https:\/\/anasounds.com\/wp-content\/uploads\/2017\/10\/Logomadeinfrnoirblc.png\",\"width\":300,\"height\":300,\"caption\":\"Anasounds\"},\"image\":{\"@id\":\"https:\/\/anasounds.com\/#\/schema\/logo\/image\/\"},\"sameAs\":[\"https:\/\/www.facebook.com\/AnasoundsFX\/\",\"https:\/\/www.instagram.com\/anasounds\/\",\"https:\/\/www.youtube.com\/user\/AnaSoundsFR\"]}]}<\/script>\n<!-- \/ Yoast SEO plugin. -->","yoast_head_json":{"title":"multim\u00e8tre | pour tester les tensions et mesurer les r\u00e9sistance","description":"Un multim\u00e8tre indispensable pour monter les kits de p\u00e9dales d'effets, pour mesurer les tensions, courants, r\u00e9sistances, condensateurs, transistors...","robots":{"index":"index","follow":"follow","max-snippet":"max-snippet:-1","max-image-preview":"max-image-preview:large","max-video-preview":"max-video-preview:-1"},"canonical":"https:\/\/anasounds.com\/fr\/produit\/multimetre-pour-tester-les-tensions-et-mesurer-les-resistances\/","og_locale":"fr_FR","og_type":"article","og_title":"multim\u00e8tre | pour tester les tensions et mesurer les r\u00e9sistance","og_description":"Un multim\u00e8tre indispensable pour monter les kits de p\u00e9dales d'effets, pour mesurer les tensions, courants, r\u00e9sistances, condensateurs, transistors...","og_url":"https:\/\/anasounds.com\/fr\/produit\/multimetre-pour-tester-les-tensions-et-mesurer-les-resistances\/","og_site_name":"Anasounds","article_publisher":"https:\/\/www.facebook.com\/AnasoundsFX\/","article_modified_time":"2026-01-09T17:37:01+00:00","og_image":[{"width":960,"height":960,"url":"https:\/\/anasounds.com\/wp-content\/uploads\/2023\/01\/Multimetre-1.jpg","type":"image\/jpeg"}],"twitter_card":"summary_large_image","twitter_misc":{"Dur\u00e9e de lecture estim\u00e9e":"1 minute"},"schema":{"@context":"https:\/\/schema.org","@graph":[{"@type":"WebPage","@id":"https:\/\/anasounds.com\/fr\/produit\/multimetre-pour-tester-les-tensions-et-mesurer-les-resistances\/","url":"https:\/\/anasounds.com\/fr\/produit\/multimetre-pour-tester-les-tensions-et-mesurer-les-resistances\/","name":"multim\u00e8tre | pour tester les tensions et mesurer les r\u00e9sistance","isPartOf":{"@id":"https:\/\/anasounds.com\/#website"},"primaryImageOfPage":{"@id":"https:\/\/anasounds.com\/fr\/produit\/multimetre-pour-tester-les-tensions-et-mesurer-les-resistances\/#primaryimage"},"image":{"@id":"https:\/\/anasounds.com\/fr\/produit\/multimetre-pour-tester-les-tensions-et-mesurer-les-resistances\/#primaryimage"},"thumbnailUrl":"https:\/\/anasounds.com\/wp-content\/uploads\/2023\/01\/Multimetre-1.jpg","datePublished":"2023-01-06T16:10:26+00:00","dateModified":"2026-01-09T17:37:01+00:00","description":"Un multim\u00e8tre indispensable pour monter les kits de p\u00e9dales d'effets, pour mesurer les tensions, courants, r\u00e9sistances, condensateurs, transistors...","breadcrumb":{"@id":"https:\/\/anasounds.com\/fr\/produit\/multimetre-pour-tester-les-tensions-et-mesurer-les-resistances\/#breadcrumb"},"inLanguage":"fr-FR","potentialAction":[{"@type":"ReadAction","target":["https:\/\/anasounds.com\/fr\/produit\/multimetre-pour-tester-les-tensions-et-mesurer-les-resistances\/"]}]},{"@type":"ImageObject","inLanguage":"fr-FR","@id":"https:\/\/anasounds.com\/fr\/produit\/multimetre-pour-tester-les-tensions-et-mesurer-les-resistances\/#primaryimage","url":"https:\/\/anasounds.com\/wp-content\/uploads\/2023\/01\/Multimetre-1.jpg","contentUrl":"https:\/\/anasounds.com\/wp-content\/uploads\/2023\/01\/Multimetre-1.jpg","width":960,"height":960},{"@type":"BreadcrumbList","@id":"https:\/\/anasounds.com\/fr\/produit\/multimetre-pour-tester-les-tensions-et-mesurer-les-resistances\/#breadcrumb","itemListElement":[{"@type":"ListItem","position":1,"name":"Home","item":"https:\/\/anasounds.com\/fr\/"},{"@type":"ListItem","position":2,"name":"boutique","item":"https:\/\/anasounds.com\/fr\/shop\/"},{"@type":"ListItem","position":3,"name":"multim\u00e8tre | pour tester les tensions et mesurer les r\u00e9sistances"}]},{"@type":"WebSite","@id":"https:\/\/anasounds.com\/#website","url":"https:\/\/anasounds.com\/","name":"Anasounds","description":"P\u00e9dales \u00e0 la Fran\u00e7aise","publisher":{"@id":"https:\/\/anasounds.com\/#organization"},"potentialAction":[{"@type":"SearchAction","target":{"@type":"EntryPoint","urlTemplate":"https:\/\/anasounds.com\/?s={search_term_string}"},"query-input":{"@type":"PropertyValueSpecification","valueRequired":true,"valueName":"search_term_string"}}],"inLanguage":"fr-FR"},{"@type":"Organization","@id":"https:\/\/anasounds.com\/#organization","name":"Anasounds","url":"https:\/\/anasounds.com\/","logo":{"@type":"ImageObject","inLanguage":"fr-FR","@id":"https:\/\/anasounds.com\/#\/schema\/logo\/image\/","url":"https:\/\/anasounds.com\/wp-content\/uploads\/2017\/10\/Logomadeinfrnoirblc.png","contentUrl":"https:\/\/anasounds.com\/wp-content\/uploads\/2017\/10\/Logomadeinfrnoirblc.png","width":300,"height":300,"caption":"Anasounds"},"image":{"@id":"https:\/\/anasounds.com\/#\/schema\/logo\/image\/"},"sameAs":["https:\/\/www.facebook.com\/AnasoundsFX\/","https:\/\/www.instagram.com\/anasounds\/","https:\/\/www.youtube.com\/user\/AnaSoundsFR"]}]}},"_links":{"self":[{"href":"https:\/\/anasounds.com\/fr\/wp-json\/wp\/v2\/product\/88751","targetHints":{"allow":["GET"]}}],"collection":[{"href":"https:\/\/anasounds.com\/fr\/wp-json\/wp\/v2\/product"}],"about":[{"href":"https:\/\/anasounds.com\/fr\/wp-json\/wp\/v2\/types\/product"}],"replies":[{"embeddable":true,"href":"https:\/\/anasounds.com\/fr\/wp-json\/wp\/v2\/comments?post=88751"}],"wp:featuredmedia":[{"embeddable":true,"href":"https:\/\/anasounds.com\/fr\/wp-json\/wp\/v2\/media\/88818"}],"wp:attachment":[{"href":"https:\/\/anasounds.com\/fr\/wp-json\/wp\/v2\/media?parent=88751"}],"wp:term":[{"taxonomy":"product_brand","embeddable":true,"href":"https:\/\/anasounds.com\/fr\/wp-json\/wp\/v2\/product_brand?post=88751"},{"taxonomy":"product_cat","embeddable":true,"href":"https:\/\/anasounds.com\/fr\/wp-json\/wp\/v2\/product_cat?post=88751"},{"taxonomy":"product_tag","embeddable":true,"href":"https:\/\/anasounds.com\/fr\/wp-json\/wp\/v2\/product_tag?post=88751"}],"curies":[{"name":"wp","href":"https:\/\/api.w.org\/{rel}","templated":true}]}}