{"id":88854,"date":"2023-01-13T16:47:46","date_gmt":"2023-01-13T15:47:46","guid":{"rendered":"https:\/\/anasounds.com\/?post_type=product&#038;p=88854"},"modified":"2025-03-06T10:15:58","modified_gmt":"2025-03-06T09:15:58","slug":"pack-doutils-pour-pedales-deffet-ideal-pour-masterclass","status":"publish","type":"product","link":"https:\/\/anasounds.com\/fr\/produit\/pack-doutils-pour-pedales-deffet-ideal-pour-masterclass\/","title":{"rendered":"Pack d&rsquo;outils pour p\u00e9dales d&rsquo;effet | id\u00e9al pour masterclass"},"content":{"rendered":"<h2 style=\"text-align: center;\">kit d&rsquo;outils pour p\u00e9dales d&rsquo;effet<\/h2>\n<p style=\"text-align: center;\">Ce pack d&rsquo;outils contient tout le n\u00e9cessaire pour assembler et tester une p\u00e9dale d&rsquo;effet de A \u00e0 Z. Il contient le m\u00eame mat\u00e9riel que l&rsquo;on trouve \u00e0 disposition lors de nos masterclasses.<br \/>\nL&rsquo;id\u00e9al si tu n&rsquo;as absolument aucun \u00e9quipement chez toi et que tu souhaites investir sur le long terme !<\/p>\n<p style=\"text-align: center;\">Il est adapt\u00e9 pour une utilisation r\u00e9guli\u00e8re, et contient \u00e9galement de quoi d\u00e9buguer et r\u00e9parer tes p\u00e9dales, avec un multim\u00e8tre et une pompe \u00e0 dessouder.<\/p>\n<h2 style=\"text-align: center;\">contenu du kit<\/h2>\n<p style=\"text-align: center;\">Un\u00a0<a href=\"https:\/\/bit.ly\/2Xi11cu\" target=\"_blank\" rel=\"noopener noreferrer\">fer \u00e0 souder<\/a> de la marque Japonaise, Goot. 30W. Il marche tr\u00e8s bien pour de la soudure sans plomb et les pannes tiennent dans le temps.<br \/>\nUne\u00a0<a href=\"https:\/\/anasounds.com\/fr\/produit\/panne-tournevis-de-rechange-pour-cxr41\/\" target=\"_blank\" rel=\"noopener noreferrer\">panne plate<\/a>\u00a0pour ton\u00a0<a href=\"https:\/\/anasounds.com\/fr\/produit\/fer-a-souder-pour-fx-maker-confirme\/\" target=\"_blank\" rel=\"noopener noreferrer\">fer \u00e0 souder CXR41<\/a>\u00a0car on consid\u00e8re que c\u2019est vital !<br \/>\nDe l\u2019<a href=\"https:\/\/bit.ly\/2RkjBex\" target=\"_blank\" rel=\"noopener noreferrer\">\u00e9tain sans plomb, 50g<\/a>, Sn99.3 Cu0.7 de 1mm de diam\u00e8tre. Test\u00e9 et approuv\u00e9 pour un bon r\u00e9sultat sans prise de t\u00eate.<br \/>\nUn\u00a0<a href=\"https:\/\/anasounds.com\/fr\/produit\/support-de-fer-a-souder-2-en-1\/\" target=\"_blank\" rel=\"noopener noreferrer\">support de fer \u00e0 souder 2 en 1<\/a> avec son \u00e9ponge m\u00e9tallique. C\u2019est vital si on veut \u00e9viter de se cramer.<br \/>\nUn\u00a0<a href=\"https:\/\/anasounds.com\/fr\/produit\/renovateur-de-panne-bs2\/\" target=\"_blank\" rel=\"noopener noreferrer\">r\u00e9novateur de panne<\/a>, car c\u2019est carr\u00e9ment essentiel pour faire une soudure parfaite et garder ta panne plus longtemps !<br \/>\nUn rouleau de <a href=\"https:\/\/anasounds.com\/fr\/produit\/tresse-etamee-ece02-2mm\/\" target=\"_blank\" rel=\"noopener noreferrer\">tresse \u00e0 dessouder<\/a>\u00a0et une\u00a0<a href=\"https:\/\/anasounds.com\/fr\/produit\/pompe-a-dessouder\/\">pompe \u00e0 dessouder<\/a>. Evidemment, pour r\u00e9parer les erreurs c\u2019est plut\u00f4t g\u00e9nial !<br \/>\nUn\u00a0<a href=\"https:\/\/anasounds.com\/fr\/produit\/support-rotatif-pour-pcb-niveau-tous\/\" target=\"_blank\" rel=\"noopener noreferrer\">support rotatif pour PCB<\/a>\u00a0afin de souder dans le confort, la bonne humeur et sans erreurs !<br \/>\nUne\u00a0<a href=\"https:\/\/anasounds.com\/fr\/produit\/3eme-main\/\" target=\"_blank\" rel=\"noopener noreferrer\">3\u00e8me main avec loupe<\/a>, \u00e7a aide \u00e0 c\u00e2bler, \u00e0 voir ce qu\u2019on fait quand les yeux fatiguent\u2026 Vraiment sympa !<br \/>\nUne\u00a0<a href=\"https:\/\/anasounds.com\/fr\/produit\/pince-coupante-pro\/\" target=\"_blank\" rel=\"noopener noreferrer\">pince coupante<\/a>. Rien de particulier mais fait son travail.<br \/>\nUne\u00a0<a href=\"https:\/\/anasounds.com\/fr\/produit\/pince-a-denuder-economisons-les-frais-de-dentiste\/\" target=\"_blank\" rel=\"noopener noreferrer\">pince \u00e0 d\u00e9nuder<\/a>, pour d\u00e9nuder ses c\u00e2bles !<br \/>\nUn <a href=\"https:\/\/bit.ly\/2Lnab1S\" target=\"_blank\" rel=\"noopener noreferrer\">tournevis plat<\/a>. Un tournevis quoi. Tu dois d\u00e9j\u00e0 en avoir 10 ou 12 \u00e0 la maison mais \u00e7a se perd aussi vite que les m\u00e9diators !<br \/>\nUn\u00a0<a href=\"https:\/\/bit.ly\/2WNy7wm\" target=\"_blank\" rel=\"noopener noreferrer\">tournevis Phillips<\/a>\u00a0PHOO. Tu savais qu\u2019on dit souvent cruciforme \u00e0 tord, alors que c\u2019est une t\u00eate Phillips ?<br \/>\nUne\u00a0<a href=\"https:\/\/anasounds.com\/fr\/produit\/cle-a-molette-ct026\/\" target=\"_blank\" rel=\"noopener noreferrer\">cl\u00e9 \u00e0 molette<\/a> pour faire du beau travail d\u2019assemblage.<br \/>\nUn <a href=\"https:\/\/anasounds.com\/fr\/produit\/multimetre-pour-tester-les-tensions-et-mesurer-les-resistances\/\" target=\"_blank\" rel=\"noopener\">multim\u00e8tre<\/a>, pour v\u00e9rifier tes tensions.<br \/>\nUn <a href=\"https:\/\/anasounds.com\/fr\/produit\/testeur-methode-fx-teacher\/\" target=\"_blank\" rel=\"noopener\">kit testeur FX Teacher<\/a> pour mesurer tes tensions et visualiser les signaux pendant l&rsquo;assemblage.<\/p>\n<h2 style=\"text-align: center;\">origine des produits<\/h2>\n<p style=\"text-align: center;\">Les outils sont forc\u00e9ment fabriqu\u00e9s dans une usine asiatique mais l\u00e0 o\u00f9 on a fait fort,<br \/>\nc&rsquo;est que l&rsquo;importateur est en France et il assurera pour nous le SAV, ce qui montre leur engagement concernant la qualit\u00e9 de ce mat\u00e9riel.<\/p>\n","protected":false},"excerpt":{"rendered":"<p style=\"text-align: left;\">Avec ce pack d&rsquo;outils tu disposeras du m\u00eame mat\u00e9riel que lors de nos masterclass,<br \/>\npour assembler et tester tes p\u00e9dales d&rsquo;effets en kit.<\/p>\n","protected":false},"featured_media":88908,"comment_status":"open","ping_status":"closed","template":"","meta":[],"product_brand":[],"product_cat":[522,1047,1049],"product_tag":[533,523,532,535,531,527,534,528],"class_list":{"0":"post-88854","1":"product","2":"type-product","3":"status-publish","4":"has-post-thumbnail","6":"product_cat-outils-fx-teacher","7":"product_cat-outils-pour-pedales","8":"product_cat-packs-doutils","9":"product_tag-etain","10":"product_tag-fer-a-souder","11":"product_tag-kit-demarrage","12":"product_tag-mallette","13":"product_tag-outils","14":"product_tag-pince","15":"product_tag-pompe","16":"product_tag-soudure","18":"first","19":"instock","20":"taxable","21":"shipping-taxable","22":"purchasable","23":"product-type-simple"},"supplier_id":83515,"supplier_sku":"","barcode":null,"atum_controlled":true,"out_stock_date":null,"out_stock_threshold":null,"inheritable":false,"inbound_stock":0,"stock_on_hold":0,"sold_today":0,"sales_last_days":0,"reserved_stock":0,"customer_returns":0,"warehouse_damage":0,"lost_in_post":0,"other_logs":0,"out_stock_days":0,"lost_sales":0,"has_location":false,"update_date":"2026-04-10T01:01:53","atum_locations":[],"atum_stock_status":"instock","restock_status":false,"low_stock_amount":"","sales_update_date":"2026-04-10T01:01:53","calc_backorders":0,"yoast_head":"<!-- This site is optimized with the Yoast SEO plugin v26.5 - https:\/\/yoast.com\/wordpress\/plugins\/seo\/ -->\n<title>Pack d&#039;outils pour p\u00e9dales d&#039;effet | id\u00e9al pour masterclass<\/title>\n<meta name=\"description\" content=\"Un pack d&#039;outils pour r\u00e9aliser tes p\u00e9dales d&#039;effets en kit, contenant fer \u00e0 souder, pinces, pompe \u00e0 dessouder, \u00e9tain etc..., mais aussi un multim\u00e8tre\" \/>\n<meta name=\"robots\" content=\"index, follow, max-snippet:-1, max-image-preview:large, max-video-preview:-1\" \/>\n<link rel=\"canonical\" href=\"https:\/\/anasounds.com\/fr\/produit\/pack-doutils-pour-pedales-deffet-ideal-pour-masterclass\/\" \/>\n<meta property=\"og:locale\" content=\"fr_FR\" \/>\n<meta property=\"og:type\" content=\"article\" \/>\n<meta property=\"og:title\" content=\"Pack d&#039;outils pour p\u00e9dales d&#039;effet | id\u00e9al pour masterclass\" \/>\n<meta property=\"og:description\" content=\"Un pack d&#039;outils pour r\u00e9aliser tes p\u00e9dales d&#039;effets en kit, contenant fer \u00e0 souder, pinces, pompe \u00e0 dessouder, \u00e9tain etc..., mais aussi un multim\u00e8tre\" \/>\n<meta property=\"og:url\" content=\"https:\/\/anasounds.com\/fr\/produit\/pack-doutils-pour-pedales-deffet-ideal-pour-masterclass\/\" \/>\n<meta property=\"og:site_name\" content=\"Anasounds\" \/>\n<meta property=\"article:publisher\" content=\"https:\/\/www.facebook.com\/AnasoundsFX\/\" \/>\n<meta property=\"article:modified_time\" content=\"2025-03-06T09:15:58+00:00\" \/>\n<meta property=\"og:image\" content=\"https:\/\/anasounds.com\/wp-content\/uploads\/2023\/01\/Location_outils_1.jpg\" \/>\n\t<meta property=\"og:image:width\" content=\"1500\" \/>\n\t<meta property=\"og:image:height\" content=\"1500\" \/>\n\t<meta property=\"og:image:type\" content=\"image\/jpeg\" \/>\n<meta name=\"twitter:card\" content=\"summary_large_image\" \/>\n<meta name=\"twitter:label1\" content=\"Dur\u00e9e de lecture estim\u00e9e\" \/>\n\t<meta name=\"twitter:data1\" content=\"3 minutes\" \/>\n<script type=\"application\/ld+json\" class=\"yoast-schema-graph\">{\"@context\":\"https:\/\/schema.org\",\"@graph\":[{\"@type\":\"WebPage\",\"@id\":\"https:\/\/anasounds.com\/fr\/produit\/pack-doutils-pour-pedales-deffet-ideal-pour-masterclass\/\",\"url\":\"https:\/\/anasounds.com\/fr\/produit\/pack-doutils-pour-pedales-deffet-ideal-pour-masterclass\/\",\"name\":\"Pack d'outils pour p\u00e9dales d'effet | id\u00e9al pour masterclass\",\"isPartOf\":{\"@id\":\"https:\/\/anasounds.com\/#website\"},\"primaryImageOfPage\":{\"@id\":\"https:\/\/anasounds.com\/fr\/produit\/pack-doutils-pour-pedales-deffet-ideal-pour-masterclass\/#primaryimage\"},\"image\":{\"@id\":\"https:\/\/anasounds.com\/fr\/produit\/pack-doutils-pour-pedales-deffet-ideal-pour-masterclass\/#primaryimage\"},\"thumbnailUrl\":\"https:\/\/anasounds.com\/wp-content\/uploads\/2023\/01\/Location_outils_1.jpg\",\"datePublished\":\"2023-01-13T15:47:46+00:00\",\"dateModified\":\"2025-03-06T09:15:58+00:00\",\"description\":\"Un pack d'outils pour r\u00e9aliser tes p\u00e9dales d'effets en kit, contenant fer \u00e0 souder, pinces, pompe \u00e0 dessouder, \u00e9tain etc..., mais aussi un multim\u00e8tre\",\"breadcrumb\":{\"@id\":\"https:\/\/anasounds.com\/fr\/produit\/pack-doutils-pour-pedales-deffet-ideal-pour-masterclass\/#breadcrumb\"},\"inLanguage\":\"fr-FR\",\"potentialAction\":[{\"@type\":\"ReadAction\",\"target\":[\"https:\/\/anasounds.com\/fr\/produit\/pack-doutils-pour-pedales-deffet-ideal-pour-masterclass\/\"]}]},{\"@type\":\"ImageObject\",\"inLanguage\":\"fr-FR\",\"@id\":\"https:\/\/anasounds.com\/fr\/produit\/pack-doutils-pour-pedales-deffet-ideal-pour-masterclass\/#primaryimage\",\"url\":\"https:\/\/anasounds.com\/wp-content\/uploads\/2023\/01\/Location_outils_1.jpg\",\"contentUrl\":\"https:\/\/anasounds.com\/wp-content\/uploads\/2023\/01\/Location_outils_1.jpg\",\"width\":1500,\"height\":1500},{\"@type\":\"BreadcrumbList\",\"@id\":\"https:\/\/anasounds.com\/fr\/produit\/pack-doutils-pour-pedales-deffet-ideal-pour-masterclass\/#breadcrumb\",\"itemListElement\":[{\"@type\":\"ListItem\",\"position\":1,\"name\":\"Home\",\"item\":\"https:\/\/anasounds.com\/fr\/\"},{\"@type\":\"ListItem\",\"position\":2,\"name\":\"boutique\",\"item\":\"https:\/\/anasounds.com\/fr\/shop\/\"},{\"@type\":\"ListItem\",\"position\":3,\"name\":\"Pack d&rsquo;outils pour p\u00e9dales d&rsquo;effet | id\u00e9al pour masterclass\"}]},{\"@type\":\"WebSite\",\"@id\":\"https:\/\/anasounds.com\/#website\",\"url\":\"https:\/\/anasounds.com\/\",\"name\":\"Anasounds\",\"description\":\"P\u00e9dales \u00e0 la Fran\u00e7aise\",\"publisher\":{\"@id\":\"https:\/\/anasounds.com\/#organization\"},\"potentialAction\":[{\"@type\":\"SearchAction\",\"target\":{\"@type\":\"EntryPoint\",\"urlTemplate\":\"https:\/\/anasounds.com\/?s={search_term_string}\"},\"query-input\":{\"@type\":\"PropertyValueSpecification\",\"valueRequired\":true,\"valueName\":\"search_term_string\"}}],\"inLanguage\":\"fr-FR\"},{\"@type\":\"Organization\",\"@id\":\"https:\/\/anasounds.com\/#organization\",\"name\":\"Anasounds\",\"url\":\"https:\/\/anasounds.com\/\",\"logo\":{\"@type\":\"ImageObject\",\"inLanguage\":\"fr-FR\",\"@id\":\"https:\/\/anasounds.com\/#\/schema\/logo\/image\/\",\"url\":\"https:\/\/anasounds.com\/wp-content\/uploads\/2017\/10\/Logomadeinfrnoirblc.png\",\"contentUrl\":\"https:\/\/anasounds.com\/wp-content\/uploads\/2017\/10\/Logomadeinfrnoirblc.png\",\"width\":300,\"height\":300,\"caption\":\"Anasounds\"},\"image\":{\"@id\":\"https:\/\/anasounds.com\/#\/schema\/logo\/image\/\"},\"sameAs\":[\"https:\/\/www.facebook.com\/AnasoundsFX\/\",\"https:\/\/www.instagram.com\/anasounds\/\",\"https:\/\/www.youtube.com\/user\/AnaSoundsFR\"]}]}<\/script>\n<!-- \/ Yoast SEO plugin. -->","yoast_head_json":{"title":"Pack d'outils pour p\u00e9dales d'effet | id\u00e9al pour masterclass","description":"Un pack d'outils pour r\u00e9aliser tes p\u00e9dales d'effets en kit, contenant fer \u00e0 souder, pinces, pompe \u00e0 dessouder, \u00e9tain etc..., mais aussi un multim\u00e8tre","robots":{"index":"index","follow":"follow","max-snippet":"max-snippet:-1","max-image-preview":"max-image-preview:large","max-video-preview":"max-video-preview:-1"},"canonical":"https:\/\/anasounds.com\/fr\/produit\/pack-doutils-pour-pedales-deffet-ideal-pour-masterclass\/","og_locale":"fr_FR","og_type":"article","og_title":"Pack d'outils pour p\u00e9dales d'effet | id\u00e9al pour masterclass","og_description":"Un pack d'outils pour r\u00e9aliser tes p\u00e9dales d'effets en kit, contenant fer \u00e0 souder, pinces, pompe \u00e0 dessouder, \u00e9tain etc..., mais aussi un multim\u00e8tre","og_url":"https:\/\/anasounds.com\/fr\/produit\/pack-doutils-pour-pedales-deffet-ideal-pour-masterclass\/","og_site_name":"Anasounds","article_publisher":"https:\/\/www.facebook.com\/AnasoundsFX\/","article_modified_time":"2025-03-06T09:15:58+00:00","og_image":[{"width":1500,"height":1500,"url":"https:\/\/anasounds.com\/wp-content\/uploads\/2023\/01\/Location_outils_1.jpg","type":"image\/jpeg"}],"twitter_card":"summary_large_image","twitter_misc":{"Dur\u00e9e de lecture estim\u00e9e":"3 minutes"},"schema":{"@context":"https:\/\/schema.org","@graph":[{"@type":"WebPage","@id":"https:\/\/anasounds.com\/fr\/produit\/pack-doutils-pour-pedales-deffet-ideal-pour-masterclass\/","url":"https:\/\/anasounds.com\/fr\/produit\/pack-doutils-pour-pedales-deffet-ideal-pour-masterclass\/","name":"Pack d'outils pour p\u00e9dales d'effet | id\u00e9al pour masterclass","isPartOf":{"@id":"https:\/\/anasounds.com\/#website"},"primaryImageOfPage":{"@id":"https:\/\/anasounds.com\/fr\/produit\/pack-doutils-pour-pedales-deffet-ideal-pour-masterclass\/#primaryimage"},"image":{"@id":"https:\/\/anasounds.com\/fr\/produit\/pack-doutils-pour-pedales-deffet-ideal-pour-masterclass\/#primaryimage"},"thumbnailUrl":"https:\/\/anasounds.com\/wp-content\/uploads\/2023\/01\/Location_outils_1.jpg","datePublished":"2023-01-13T15:47:46+00:00","dateModified":"2025-03-06T09:15:58+00:00","description":"Un pack d'outils pour r\u00e9aliser tes p\u00e9dales d'effets en kit, contenant fer \u00e0 souder, pinces, pompe \u00e0 dessouder, \u00e9tain etc..., mais aussi un multim\u00e8tre","breadcrumb":{"@id":"https:\/\/anasounds.com\/fr\/produit\/pack-doutils-pour-pedales-deffet-ideal-pour-masterclass\/#breadcrumb"},"inLanguage":"fr-FR","potentialAction":[{"@type":"ReadAction","target":["https:\/\/anasounds.com\/fr\/produit\/pack-doutils-pour-pedales-deffet-ideal-pour-masterclass\/"]}]},{"@type":"ImageObject","inLanguage":"fr-FR","@id":"https:\/\/anasounds.com\/fr\/produit\/pack-doutils-pour-pedales-deffet-ideal-pour-masterclass\/#primaryimage","url":"https:\/\/anasounds.com\/wp-content\/uploads\/2023\/01\/Location_outils_1.jpg","contentUrl":"https:\/\/anasounds.com\/wp-content\/uploads\/2023\/01\/Location_outils_1.jpg","width":1500,"height":1500},{"@type":"BreadcrumbList","@id":"https:\/\/anasounds.com\/fr\/produit\/pack-doutils-pour-pedales-deffet-ideal-pour-masterclass\/#breadcrumb","itemListElement":[{"@type":"ListItem","position":1,"name":"Home","item":"https:\/\/anasounds.com\/fr\/"},{"@type":"ListItem","position":2,"name":"boutique","item":"https:\/\/anasounds.com\/fr\/shop\/"},{"@type":"ListItem","position":3,"name":"Pack d&rsquo;outils pour p\u00e9dales d&rsquo;effet | id\u00e9al pour masterclass"}]},{"@type":"WebSite","@id":"https:\/\/anasounds.com\/#website","url":"https:\/\/anasounds.com\/","name":"Anasounds","description":"P\u00e9dales \u00e0 la Fran\u00e7aise","publisher":{"@id":"https:\/\/anasounds.com\/#organization"},"potentialAction":[{"@type":"SearchAction","target":{"@type":"EntryPoint","urlTemplate":"https:\/\/anasounds.com\/?s={search_term_string}"},"query-input":{"@type":"PropertyValueSpecification","valueRequired":true,"valueName":"search_term_string"}}],"inLanguage":"fr-FR"},{"@type":"Organization","@id":"https:\/\/anasounds.com\/#organization","name":"Anasounds","url":"https:\/\/anasounds.com\/","logo":{"@type":"ImageObject","inLanguage":"fr-FR","@id":"https:\/\/anasounds.com\/#\/schema\/logo\/image\/","url":"https:\/\/anasounds.com\/wp-content\/uploads\/2017\/10\/Logomadeinfrnoirblc.png","contentUrl":"https:\/\/anasounds.com\/wp-content\/uploads\/2017\/10\/Logomadeinfrnoirblc.png","width":300,"height":300,"caption":"Anasounds"},"image":{"@id":"https:\/\/anasounds.com\/#\/schema\/logo\/image\/"},"sameAs":["https:\/\/www.facebook.com\/AnasoundsFX\/","https:\/\/www.instagram.com\/anasounds\/","https:\/\/www.youtube.com\/user\/AnaSoundsFR"]}]}},"_links":{"self":[{"href":"https:\/\/anasounds.com\/fr\/wp-json\/wp\/v2\/product\/88854","targetHints":{"allow":["GET"]}}],"collection":[{"href":"https:\/\/anasounds.com\/fr\/wp-json\/wp\/v2\/product"}],"about":[{"href":"https:\/\/anasounds.com\/fr\/wp-json\/wp\/v2\/types\/product"}],"replies":[{"embeddable":true,"href":"https:\/\/anasounds.com\/fr\/wp-json\/wp\/v2\/comments?post=88854"}],"wp:featuredmedia":[{"embeddable":true,"href":"https:\/\/anasounds.com\/fr\/wp-json\/wp\/v2\/media\/88908"}],"wp:attachment":[{"href":"https:\/\/anasounds.com\/fr\/wp-json\/wp\/v2\/media?parent=88854"}],"wp:term":[{"taxonomy":"product_brand","embeddable":true,"href":"https:\/\/anasounds.com\/fr\/wp-json\/wp\/v2\/product_brand?post=88854"},{"taxonomy":"product_cat","embeddable":true,"href":"https:\/\/anasounds.com\/fr\/wp-json\/wp\/v2\/product_cat?post=88854"},{"taxonomy":"product_tag","embeddable":true,"href":"https:\/\/anasounds.com\/fr\/wp-json\/wp\/v2\/product_tag?post=88854"}],"curies":[{"name":"wp","href":"https:\/\/api.w.org\/{rel}","templated":true}]}}