{"id":89754,"date":"2023-02-20T12:19:38","date_gmt":"2023-02-20T11:19:38","guid":{"rendered":"https:\/\/anasounds.com\/?post_type=product&#038;p=89754"},"modified":"2024-09-14T14:31:39","modified_gmt":"2024-09-14T12:31:39","slug":"ego-driver-noire-kit-boitier","status":"publish","type":"product","link":"https:\/\/anasounds.com\/fr\/produit\/ego-driver-noire-kit-boitier\/","title":{"rendered":"Ego Driver &#8211; kit boitier"},"content":{"rendered":"<h1 style=\"text-align: center;\">la ego driver<\/h1>\n<p style=\"text-align: center;\">Inspir\u00e9e par une c\u00e9l\u00e8bre overdrive mid-boost verte, la Ego Driver est un outil parfait,<br \/>\npermettant aussi bien de booster un ampli d\u00e9j\u00e0 crunch\u00e9, que de servir de simple overdrive chaleureuse et organique.<\/p>\n<p style=\"text-align: center;\">Pouvant reproduire la sonorit\u00e9 vintage du mod\u00e8le d&rsquo;origine dont elle s&rsquo;inspire, la Ego Driver procure \u00e9galement<br \/>\nune meilleure dynamique gr\u00e2ce \u00e0 son headroom de 18V,<br \/>\ntout en proposant de nombreux r\u00e9glages suppl\u00e9mentaires pour un son sur mesure.<br \/>\nC&rsquo;est l\u00e0 o\u00f9 le concept FX Teacher prend tout son sens, offrant la possibilit\u00e9 de cr\u00e9er sa propre overdrive, de la personnaliser,<br \/>\net comprendre comment mieux la r\u00e9gler pour optimiser le son, gr\u00e2ce \u00e0 toute la <a href=\"https:\/\/anasounds.com\/fr\/blog\/\" target=\"_blank\" rel=\"noopener\">documentation<\/a> disponible sur notre site.<\/p>\n<h1 style=\"text-align: center;\">un nouveau design, et un nouveau voicing<\/h1>\n<p style=\"text-align: center;\">La Ego Driver est la premi\u00e8re p\u00e9dale sortie sous la gamme FX Teacher. Depuis, la gamme s&rsquo;est \u00e9tendue<br \/>\navec de nouveaux produits, et une identit\u00e9 s&rsquo;est \u00e9tablie au fur et \u00e0 mesure entre les diff\u00e9rentes mod\u00e8les<br \/>\n(nouveau boitier noir, design gris et noir, syst\u00e8me de footswitch interchangeable&#8230;).<\/p>\n<p style=\"text-align: center;\">C&rsquo;est pourquoi on a d\u00e9cid\u00e9 de remettre au go\u00fbt du jour l&rsquo;Ego Driver, afin de coller \u00e0 cette nouvelle identit\u00e9.<br \/>\nLe circuit lui reste identique, \u00e0 un changement pr\u00e8s. En effet, on a d\u00e9cid\u00e9 de revenir sur le choix de capas pour le bornier de voicing.<br \/>\nLa 22nF, notre coup de c\u0153ur pour des haut m\u00e9diums per\u00e7ants, correspond d\u00e9sormais \u00e0 la position haute du switch de voicing.<br \/>\nEnsuite, les trois condensateurs suppl\u00e9mentaires permettent une plus grande palette dans les bas m\u00e9diums,<br \/>\npour toujours plus de polyvalence.<\/p>\n<h1 style=\"text-align: center;\">contenu de ce pack<\/h1>\n<p style=\"text-align: center;\">1 boitier Ego Driver avec le nouveau design gris et noir et tous les trous d\u00e9j\u00e0 perc\u00e9s.<br \/>\n3 knobs transparents.<br \/>\n1 jack d&rsquo;alimentation viss\u00e9 et coll\u00e9 \u00e0 la bo\u00eete.<\/p>\n<p style=\"text-align: center;\">ATTENTION, ce boitier n&rsquo;est compatible qu&rsquo;avec le nouveau PCB de la Ego Driver !<br \/>\nPour l&rsquo;ancien boitier bleu et blanc compatible avec les anciennes cartes, c&rsquo;est <a href=\"https:\/\/anasounds.com\/fr\/?post_type=product&#038;p=21199\" target=\"_blank\" rel=\"noopener\">par ici<\/a>.<\/p>\n<h1 style=\"text-align: center;\">ce qu&rsquo;il pourrait te manquer pour monter ce kit<\/h1>\n<p style=\"text-align: center;\">1 <a href=\"https:\/\/anasounds.com\/fr\/produit\/testeur-methode-fx-teacher\/\">testeur<\/a> pour la m\u00e9thode FX Teacher.<br \/>\nDes outils de soudure, voici notre <a href=\"\/?product_cat=outils-2\" target=\"_blank\" rel=\"noopener noreferrer\">s\u00e9lection<\/a> si tu n&rsquo;en as pas assez.<br \/>\n1 kit composants <a href=\"https:\/\/anasounds.com\/fr\/produit\/ego-driver-noire-kit-electronique\/\" target=\"_blank\" rel=\"noopener noreferrer\">\u00e9lectroniques.<\/a><br \/>\n1 kit true bypass V2 <a href=\"https:\/\/anasounds.com\/fr\/produit\/kit-true-bypass-3pdt-nouvelle-version\/\" target=\"_blank\" rel=\"noopener\">3PDT<\/a> ou \u00e0 <a href=\"https:\/\/anasounds.com\/fr\/produit\/kit-true-bypass-relais-nouvelle-version\/\" target=\"_blank\" rel=\"noopener\">relais<\/a>.<\/p>\n<h1 style=\"text-align: center;\">infos compl\u00e9mentaires<\/h1>\n<p style=\"text-align: center;\">Pour d\u00e9couvrir en d\u00e9tails la Ego Driver, c&rsquo;est sur <a href=\"https:\/\/anasounds.com\/fr\/ego-driver\/\" target=\"_blank\" rel=\"noopener noreferrer\">cette page.<\/a><\/p>\n<p style=\"text-align: center;\">Pour la fabriquer c&rsquo;est bien ici. Il suffit d&rsquo;ajouter ce produit au panier,<br \/>\npuis de suivre le tutoriel d&rsquo;assemblage par ici <strong>(CHANGER LE LIEN)<\/strong>.<\/p>\n<p style=\"text-align: center;\">Pour la Ego Driver d\u00e9j\u00e0 mont\u00e9e, c&rsquo;est par <a href=\"https:\/\/anasounds.com\/fr\/produit\/ego-driver-noire-pedale-deja-assemblee\/\" target=\"_blank\" rel=\"noopener noreferrer\">ici.<\/a><\/p>\n","protected":false},"excerpt":{"rendered":"<p>Le boitier Ego Driver tout pr\u00eat.<\/p>\n<p><strong>Il s&rsquo;agit du nouveau boitier compatible uniquement<\/strong><br \/>\n<strong>avec la nouvelle carte de la Ego Driver.<\/strong><\/p>\n","protected":false},"featured_media":89831,"comment_status":"open","ping_status":"closed","template":"","meta":[],"product_brand":[],"product_cat":[267,1557],"product_tag":[],"class_list":{"0":"post-89754","1":"product","2":"type-product","3":"status-publish","4":"has-post-thumbnail","6":"product_cat-fx-teacher","7":"product_cat-kits-pieces-detachees","9":"first","10":"instock","11":"taxable","12":"shipping-taxable","13":"purchasable","14":"product-type-simple"},"supplier_id":83515,"supplier_sku":"","barcode":null,"atum_controlled":true,"out_stock_date":null,"out_stock_threshold":null,"inheritable":false,"inbound_stock":0,"stock_on_hold":0,"sold_today":0,"sales_last_days":0,"reserved_stock":0,"customer_returns":0,"warehouse_damage":0,"lost_in_post":0,"other_logs":0,"out_stock_days":0,"lost_sales":0,"has_location":false,"update_date":"2026-04-14T01:03:27","atum_locations":[],"atum_stock_status":"instock","restock_status":false,"low_stock_amount":"","sales_update_date":"2026-04-14T01:03:27","calc_backorders":0,"yoast_head":"<!-- This site is optimized with the Yoast SEO plugin v26.5 - https:\/\/yoast.com\/wordpress\/plugins\/seo\/ -->\n<title>Ego Driver - kit boitier | Anasounds<\/title>\n<meta name=\"description\" content=\"Le boitier Ego Driver tout pr\u00eat.\" \/>\n<meta name=\"robots\" content=\"index, follow, max-snippet:-1, max-image-preview:large, max-video-preview:-1\" \/>\n<link rel=\"canonical\" href=\"https:\/\/anasounds.com\/fr\/produit\/ego-driver-noire-kit-boitier\/\" \/>\n<meta property=\"og:locale\" content=\"fr_FR\" \/>\n<meta property=\"og:type\" content=\"article\" \/>\n<meta property=\"og:title\" content=\"Ego Driver - kit boitier | Anasounds\" \/>\n<meta property=\"og:description\" content=\"Le boitier Ego Driver tout pr\u00eat.\" \/>\n<meta property=\"og:url\" content=\"https:\/\/anasounds.com\/fr\/produit\/ego-driver-noire-kit-boitier\/\" \/>\n<meta property=\"og:site_name\" content=\"Anasounds\" \/>\n<meta property=\"article:publisher\" content=\"https:\/\/www.facebook.com\/AnasoundsFX\/\" \/>\n<meta property=\"article:modified_time\" content=\"2024-09-14T12:31:39+00:00\" \/>\n<meta property=\"og:image\" content=\"https:\/\/anasounds.com\/wp-content\/uploads\/2023\/02\/Fxteacher_ego_driver_kit_boitier-1.jpg\" \/>\n\t<meta property=\"og:image:width\" content=\"1500\" \/>\n\t<meta property=\"og:image:height\" content=\"1500\" \/>\n\t<meta property=\"og:image:type\" content=\"image\/jpeg\" \/>\n<meta name=\"twitter:card\" content=\"summary_large_image\" \/>\n<meta name=\"twitter:label1\" content=\"Dur\u00e9e de lecture estim\u00e9e\" \/>\n\t<meta name=\"twitter:data1\" content=\"3 minutes\" \/>\n<script type=\"application\/ld+json\" class=\"yoast-schema-graph\">{\"@context\":\"https:\/\/schema.org\",\"@graph\":[{\"@type\":\"WebPage\",\"@id\":\"https:\/\/anasounds.com\/fr\/produit\/ego-driver-noire-kit-boitier\/\",\"url\":\"https:\/\/anasounds.com\/fr\/produit\/ego-driver-noire-kit-boitier\/\",\"name\":\"Ego Driver - kit boitier | Anasounds\",\"isPartOf\":{\"@id\":\"https:\/\/anasounds.com\/#website\"},\"primaryImageOfPage\":{\"@id\":\"https:\/\/anasounds.com\/fr\/produit\/ego-driver-noire-kit-boitier\/#primaryimage\"},\"image\":{\"@id\":\"https:\/\/anasounds.com\/fr\/produit\/ego-driver-noire-kit-boitier\/#primaryimage\"},\"thumbnailUrl\":\"https:\/\/anasounds.com\/wp-content\/uploads\/2023\/02\/Fxteacher_ego_driver_kit_boitier-1.jpg\",\"datePublished\":\"2023-02-20T11:19:38+00:00\",\"dateModified\":\"2024-09-14T12:31:39+00:00\",\"description\":\"Le boitier Ego Driver tout pr\u00eat.\",\"breadcrumb\":{\"@id\":\"https:\/\/anasounds.com\/fr\/produit\/ego-driver-noire-kit-boitier\/#breadcrumb\"},\"inLanguage\":\"fr-FR\",\"potentialAction\":[{\"@type\":\"ReadAction\",\"target\":[\"https:\/\/anasounds.com\/fr\/produit\/ego-driver-noire-kit-boitier\/\"]}]},{\"@type\":\"ImageObject\",\"inLanguage\":\"fr-FR\",\"@id\":\"https:\/\/anasounds.com\/fr\/produit\/ego-driver-noire-kit-boitier\/#primaryimage\",\"url\":\"https:\/\/anasounds.com\/wp-content\/uploads\/2023\/02\/Fxteacher_ego_driver_kit_boitier-1.jpg\",\"contentUrl\":\"https:\/\/anasounds.com\/wp-content\/uploads\/2023\/02\/Fxteacher_ego_driver_kit_boitier-1.jpg\",\"width\":1500,\"height\":1500},{\"@type\":\"BreadcrumbList\",\"@id\":\"https:\/\/anasounds.com\/fr\/produit\/ego-driver-noire-kit-boitier\/#breadcrumb\",\"itemListElement\":[{\"@type\":\"ListItem\",\"position\":1,\"name\":\"Home\",\"item\":\"https:\/\/anasounds.com\/fr\/\"},{\"@type\":\"ListItem\",\"position\":2,\"name\":\"boutique\",\"item\":\"https:\/\/anasounds.com\/fr\/shop\/\"},{\"@type\":\"ListItem\",\"position\":3,\"name\":\"Ego Driver &#8211; kit boitier\"}]},{\"@type\":\"WebSite\",\"@id\":\"https:\/\/anasounds.com\/#website\",\"url\":\"https:\/\/anasounds.com\/\",\"name\":\"Anasounds\",\"description\":\"P\u00e9dales \u00e0 la Fran\u00e7aise\",\"publisher\":{\"@id\":\"https:\/\/anasounds.com\/#organization\"},\"potentialAction\":[{\"@type\":\"SearchAction\",\"target\":{\"@type\":\"EntryPoint\",\"urlTemplate\":\"https:\/\/anasounds.com\/?s={search_term_string}\"},\"query-input\":{\"@type\":\"PropertyValueSpecification\",\"valueRequired\":true,\"valueName\":\"search_term_string\"}}],\"inLanguage\":\"fr-FR\"},{\"@type\":\"Organization\",\"@id\":\"https:\/\/anasounds.com\/#organization\",\"name\":\"Anasounds\",\"url\":\"https:\/\/anasounds.com\/\",\"logo\":{\"@type\":\"ImageObject\",\"inLanguage\":\"fr-FR\",\"@id\":\"https:\/\/anasounds.com\/#\/schema\/logo\/image\/\",\"url\":\"https:\/\/anasounds.com\/wp-content\/uploads\/2017\/10\/Logomadeinfrnoirblc.png\",\"contentUrl\":\"https:\/\/anasounds.com\/wp-content\/uploads\/2017\/10\/Logomadeinfrnoirblc.png\",\"width\":300,\"height\":300,\"caption\":\"Anasounds\"},\"image\":{\"@id\":\"https:\/\/anasounds.com\/#\/schema\/logo\/image\/\"},\"sameAs\":[\"https:\/\/www.facebook.com\/AnasoundsFX\/\",\"https:\/\/www.instagram.com\/anasounds\/\",\"https:\/\/www.youtube.com\/user\/AnaSoundsFR\"]}]}<\/script>\n<!-- \/ Yoast SEO plugin. -->","yoast_head_json":{"title":"Ego Driver - kit boitier | Anasounds","description":"Le boitier Ego Driver tout pr\u00eat.","robots":{"index":"index","follow":"follow","max-snippet":"max-snippet:-1","max-image-preview":"max-image-preview:large","max-video-preview":"max-video-preview:-1"},"canonical":"https:\/\/anasounds.com\/fr\/produit\/ego-driver-noire-kit-boitier\/","og_locale":"fr_FR","og_type":"article","og_title":"Ego Driver - kit boitier | Anasounds","og_description":"Le boitier Ego Driver tout pr\u00eat.","og_url":"https:\/\/anasounds.com\/fr\/produit\/ego-driver-noire-kit-boitier\/","og_site_name":"Anasounds","article_publisher":"https:\/\/www.facebook.com\/AnasoundsFX\/","article_modified_time":"2024-09-14T12:31:39+00:00","og_image":[{"width":1500,"height":1500,"url":"https:\/\/anasounds.com\/wp-content\/uploads\/2023\/02\/Fxteacher_ego_driver_kit_boitier-1.jpg","type":"image\/jpeg"}],"twitter_card":"summary_large_image","twitter_misc":{"Dur\u00e9e de lecture estim\u00e9e":"3 minutes"},"schema":{"@context":"https:\/\/schema.org","@graph":[{"@type":"WebPage","@id":"https:\/\/anasounds.com\/fr\/produit\/ego-driver-noire-kit-boitier\/","url":"https:\/\/anasounds.com\/fr\/produit\/ego-driver-noire-kit-boitier\/","name":"Ego Driver - kit boitier | Anasounds","isPartOf":{"@id":"https:\/\/anasounds.com\/#website"},"primaryImageOfPage":{"@id":"https:\/\/anasounds.com\/fr\/produit\/ego-driver-noire-kit-boitier\/#primaryimage"},"image":{"@id":"https:\/\/anasounds.com\/fr\/produit\/ego-driver-noire-kit-boitier\/#primaryimage"},"thumbnailUrl":"https:\/\/anasounds.com\/wp-content\/uploads\/2023\/02\/Fxteacher_ego_driver_kit_boitier-1.jpg","datePublished":"2023-02-20T11:19:38+00:00","dateModified":"2024-09-14T12:31:39+00:00","description":"Le boitier Ego Driver tout pr\u00eat.","breadcrumb":{"@id":"https:\/\/anasounds.com\/fr\/produit\/ego-driver-noire-kit-boitier\/#breadcrumb"},"inLanguage":"fr-FR","potentialAction":[{"@type":"ReadAction","target":["https:\/\/anasounds.com\/fr\/produit\/ego-driver-noire-kit-boitier\/"]}]},{"@type":"ImageObject","inLanguage":"fr-FR","@id":"https:\/\/anasounds.com\/fr\/produit\/ego-driver-noire-kit-boitier\/#primaryimage","url":"https:\/\/anasounds.com\/wp-content\/uploads\/2023\/02\/Fxteacher_ego_driver_kit_boitier-1.jpg","contentUrl":"https:\/\/anasounds.com\/wp-content\/uploads\/2023\/02\/Fxteacher_ego_driver_kit_boitier-1.jpg","width":1500,"height":1500},{"@type":"BreadcrumbList","@id":"https:\/\/anasounds.com\/fr\/produit\/ego-driver-noire-kit-boitier\/#breadcrumb","itemListElement":[{"@type":"ListItem","position":1,"name":"Home","item":"https:\/\/anasounds.com\/fr\/"},{"@type":"ListItem","position":2,"name":"boutique","item":"https:\/\/anasounds.com\/fr\/shop\/"},{"@type":"ListItem","position":3,"name":"Ego Driver &#8211; kit boitier"}]},{"@type":"WebSite","@id":"https:\/\/anasounds.com\/#website","url":"https:\/\/anasounds.com\/","name":"Anasounds","description":"P\u00e9dales \u00e0 la Fran\u00e7aise","publisher":{"@id":"https:\/\/anasounds.com\/#organization"},"potentialAction":[{"@type":"SearchAction","target":{"@type":"EntryPoint","urlTemplate":"https:\/\/anasounds.com\/?s={search_term_string}"},"query-input":{"@type":"PropertyValueSpecification","valueRequired":true,"valueName":"search_term_string"}}],"inLanguage":"fr-FR"},{"@type":"Organization","@id":"https:\/\/anasounds.com\/#organization","name":"Anasounds","url":"https:\/\/anasounds.com\/","logo":{"@type":"ImageObject","inLanguage":"fr-FR","@id":"https:\/\/anasounds.com\/#\/schema\/logo\/image\/","url":"https:\/\/anasounds.com\/wp-content\/uploads\/2017\/10\/Logomadeinfrnoirblc.png","contentUrl":"https:\/\/anasounds.com\/wp-content\/uploads\/2017\/10\/Logomadeinfrnoirblc.png","width":300,"height":300,"caption":"Anasounds"},"image":{"@id":"https:\/\/anasounds.com\/#\/schema\/logo\/image\/"},"sameAs":["https:\/\/www.facebook.com\/AnasoundsFX\/","https:\/\/www.instagram.com\/anasounds\/","https:\/\/www.youtube.com\/user\/AnaSoundsFR"]}]}},"_links":{"self":[{"href":"https:\/\/anasounds.com\/fr\/wp-json\/wp\/v2\/product\/89754","targetHints":{"allow":["GET"]}}],"collection":[{"href":"https:\/\/anasounds.com\/fr\/wp-json\/wp\/v2\/product"}],"about":[{"href":"https:\/\/anasounds.com\/fr\/wp-json\/wp\/v2\/types\/product"}],"replies":[{"embeddable":true,"href":"https:\/\/anasounds.com\/fr\/wp-json\/wp\/v2\/comments?post=89754"}],"wp:featuredmedia":[{"embeddable":true,"href":"https:\/\/anasounds.com\/fr\/wp-json\/wp\/v2\/media\/89831"}],"wp:attachment":[{"href":"https:\/\/anasounds.com\/fr\/wp-json\/wp\/v2\/media?parent=89754"}],"wp:term":[{"taxonomy":"product_brand","embeddable":true,"href":"https:\/\/anasounds.com\/fr\/wp-json\/wp\/v2\/product_brand?post=89754"},{"taxonomy":"product_cat","embeddable":true,"href":"https:\/\/anasounds.com\/fr\/wp-json\/wp\/v2\/product_cat?post=89754"},{"taxonomy":"product_tag","embeddable":true,"href":"https:\/\/anasounds.com\/fr\/wp-json\/wp\/v2\/product_tag?post=89754"}],"curies":[{"name":"wp","href":"https:\/\/api.w.org\/{rel}","templated":true}]}}