{"id":89756,"date":"2023-02-20T12:19:42","date_gmt":"2023-02-20T11:19:42","guid":{"rendered":"https:\/\/anasounds.com\/?post_type=product&#038;p=89756"},"modified":"2026-04-18T16:29:10","modified_gmt":"2026-04-18T14:29:10","slug":"ego-driver-noire-pedale-deja-assemblee","status":"publish","type":"product","link":"https:\/\/anasounds.com\/fr\/produit\/ego-driver-noire-pedale-deja-assemblee\/","title":{"rendered":"Ego Driver &#8211; p\u00e9dale d\u00e9j\u00e0 assembl\u00e9e"},"content":{"rendered":"<h1 style=\"text-align: center;\">la ego driver<\/h1>\n<p style=\"text-align: center;\">Inspir\u00e9e par une c\u00e9l\u00e8bre overdrive mid-boost verte, la Ego Driver est un outil parfait,<br \/>\npermettant aussi bien de booster un ampli d\u00e9j\u00e0 crunch\u00e9, que de servir de simple overdrive chaleureuse et organique.<\/p>\n<p style=\"text-align: center;\">Pouvant reproduire la sonorit\u00e9 vintage du mod\u00e8le d&rsquo;origine dont elle s&rsquo;inspire, la Ego Driver procure \u00e9galement<br \/>\nune meilleure dynamique gr\u00e2ce \u00e0 son headroom de 18V,<br \/>\ntout en proposant de nombreux r\u00e9glages suppl\u00e9mentaires pour un son sur mesure.<br \/>\nC&rsquo;est l\u00e0 o\u00f9 le concept FX Teacher prend tout son sens, offrant la possibilit\u00e9 de cr\u00e9er sa propre overdrive, de la personnaliser,<br \/>\net comprendre comment mieux la r\u00e9gler pour optimiser le son, gr\u00e2ce \u00e0 toute la <a href=\"https:\/\/anasounds.com\/fr\/blog\/\" target=\"_blank\" rel=\"noopener\">documentation<\/a> disponible sur notre site.<\/p>\n<h1 style=\"text-align: center;\">un nouveau design, et un nouveau voicing<\/h1>\n<p style=\"text-align: center;\">La Ego Driver est la premi\u00e8re p\u00e9dale sortie sous la gamme FX Teacher. Depuis, la gamme s&rsquo;est \u00e9tendue<br \/>\navec de nouveaux produits, et une identit\u00e9 s&rsquo;est \u00e9tablie au fur et \u00e0 mesure entre les diff\u00e9rentes mod\u00e8les<br \/>\n(nouveau boitier noir, design gris et noir, syst\u00e8me de footswitch interchangeable&#8230;).<\/p>\n<p style=\"text-align: center;\">C&rsquo;est pourquoi on a d\u00e9cid\u00e9 de remettre au go\u00fbt du jour l&rsquo;Ego Driver, afin de coller \u00e0 cette nouvelle identit\u00e9.<br \/>\nLe circuit lui reste identique, \u00e0 un changement pr\u00e8s. En effet, on a d\u00e9cid\u00e9 de revenir sur le choix de capas pour le bornier de voicing.<br \/>\nLa 22nF, notre coup de c\u0153ur pour des haut m\u00e9diums per\u00e7ants, correspond d\u00e9sormais \u00e0 la position haute du switch de voicing.<br \/>\nEnsuite, les trois condensateurs suppl\u00e9mentaires permettent une plus grande palette dans les bas m\u00e9diums,<br \/>\npour toujours plus de polyvalence.<\/p>\n<h1 style=\"text-align: center;\">contenu de ce pack<\/h1>\n<p style=\"text-align: center;\">1 p\u00e9dale Ego Driver assembl\u00e9e, test\u00e9e, r\u00e9gl\u00e9e. Bref, compl\u00e8tement finie.<br \/>\n1 sachet de composants bonus pour mieux la personnaliser.<\/p>\n<h1 style=\"text-align: center;\">infos compl\u00e9mentaires<\/h1>\n<p style=\"text-align: center;\">Pour d\u00e9couvrir en d\u00e9tails la Ego Driver, c&rsquo;est sur <a href=\"https:\/\/anasounds.com\/fr\/ego-driver\/\" target=\"_blank\" rel=\"noopener noreferrer\">cette page.<\/a><\/p>\n<p style=\"text-align: center;\">Pour la commander c&rsquo;est bien ici. Il suffit d&rsquo;ajouter le produit au panier.<\/p>\n<p style=\"text-align: center;\">Pour la fabriquer soi-m\u00eame, c&rsquo;est par <a href=\"https:\/\/anasounds.com\/fr\/produit\/ego-driver-noire-kit-complet\/\" target=\"_blank\" rel=\"noopener\">ici.<\/a><\/p>\n","protected":false},"excerpt":{"rendered":"<p>La Ego Driver d\u00e9j\u00e0 assembl\u00e9e, pr\u00eate \u00e0 jouer !<\/p>\n","protected":false},"featured_media":89821,"comment_status":"open","ping_status":"closed","template":"","meta":[],"product_brand":[],"product_cat":[1555,269,277,267,713],"product_tag":[],"class_list":{"0":"post-89756","1":"product","2":"type-product","3":"status-publish","4":"has-post-thumbnail","6":"product_cat-type-d-effet","7":"product_cat-booster-fr","8":"product_cat-overdrive-fr","9":"product_cat-fx-teacher","10":"product_cat-fx-teacher-assemblee","12":"first","13":"instock","14":"taxable","15":"shipping-taxable","16":"purchasable","17":"product-type-simple"},"supplier_id":83515,"supplier_sku":"","barcode":null,"atum_controlled":true,"out_stock_date":null,"out_stock_threshold":null,"inheritable":false,"inbound_stock":0,"stock_on_hold":0,"sold_today":0,"sales_last_days":0,"reserved_stock":0,"customer_returns":0,"warehouse_damage":0,"lost_in_post":0,"other_logs":0,"out_stock_days":0,"lost_sales":0,"has_location":false,"update_date":"2026-04-21T01:12:43","atum_locations":[],"atum_stock_status":"instock","restock_status":false,"low_stock_amount":"","sales_update_date":"2026-04-21T01:12:42","calc_backorders":0,"yoast_head":"<!-- This site is optimized with the Yoast SEO plugin v26.5 - https:\/\/yoast.com\/wordpress\/plugins\/seo\/ -->\n<title>Ego Driver - p\u00e9dale d\u00e9j\u00e0 assembl\u00e9e | Anasounds<\/title>\n<meta name=\"description\" content=\"La Ego Driver, plus qu&#039;un simple boost, inspir\u00e9e de la fameuse 808. Ici il s&#039;agit de la p\u00e9dale d\u00e9j\u00e0 assembl\u00e9e, c&#039;est donc \u00e0 toi de jouer !\" \/>\n<meta name=\"robots\" content=\"index, follow, max-snippet:-1, max-image-preview:large, max-video-preview:-1\" \/>\n<link rel=\"canonical\" href=\"https:\/\/anasounds.com\/fr\/produit\/ego-driver-noire-pedale-deja-assemblee\/\" \/>\n<meta property=\"og:locale\" content=\"fr_FR\" \/>\n<meta property=\"og:type\" content=\"article\" \/>\n<meta property=\"og:title\" content=\"Ego Driver - p\u00e9dale d\u00e9j\u00e0 assembl\u00e9e | Anasounds\" \/>\n<meta property=\"og:description\" content=\"La Ego Driver, plus qu&#039;un simple boost, inspir\u00e9e de la fameuse 808. Ici il s&#039;agit de la p\u00e9dale d\u00e9j\u00e0 assembl\u00e9e, c&#039;est donc \u00e0 toi de jouer !\" \/>\n<meta property=\"og:url\" content=\"https:\/\/anasounds.com\/fr\/produit\/ego-driver-noire-pedale-deja-assemblee\/\" \/>\n<meta property=\"og:site_name\" content=\"Anasounds\" \/>\n<meta property=\"article:publisher\" content=\"https:\/\/www.facebook.com\/AnasoundsFX\/\" \/>\n<meta property=\"article:modified_time\" content=\"2026-04-18T14:29:10+00:00\" \/>\n<meta property=\"og:image\" content=\"https:\/\/anasounds.com\/wp-content\/uploads\/2023\/02\/Fxteacher_ego_driver_assemble\u0301-1.jpg\" \/>\n\t<meta property=\"og:image:width\" content=\"1500\" \/>\n\t<meta property=\"og:image:height\" content=\"1500\" \/>\n\t<meta property=\"og:image:type\" content=\"image\/jpeg\" \/>\n<meta name=\"twitter:card\" content=\"summary_large_image\" \/>\n<meta name=\"twitter:label1\" content=\"Dur\u00e9e de lecture estim\u00e9e\" \/>\n\t<meta name=\"twitter:data1\" content=\"2 minutes\" \/>\n<script type=\"application\/ld+json\" class=\"yoast-schema-graph\">{\"@context\":\"https:\/\/schema.org\",\"@graph\":[{\"@type\":\"WebPage\",\"@id\":\"https:\/\/anasounds.com\/fr\/produit\/ego-driver-noire-pedale-deja-assemblee\/\",\"url\":\"https:\/\/anasounds.com\/fr\/produit\/ego-driver-noire-pedale-deja-assemblee\/\",\"name\":\"Ego Driver - p\u00e9dale d\u00e9j\u00e0 assembl\u00e9e | Anasounds\",\"isPartOf\":{\"@id\":\"https:\/\/anasounds.com\/#website\"},\"primaryImageOfPage\":{\"@id\":\"https:\/\/anasounds.com\/fr\/produit\/ego-driver-noire-pedale-deja-assemblee\/#primaryimage\"},\"image\":{\"@id\":\"https:\/\/anasounds.com\/fr\/produit\/ego-driver-noire-pedale-deja-assemblee\/#primaryimage\"},\"thumbnailUrl\":\"https:\/\/anasounds.com\/wp-content\/uploads\/2023\/02\/Fxteacher_ego_driver_assemble\u0301-1.jpg\",\"datePublished\":\"2023-02-20T11:19:42+00:00\",\"dateModified\":\"2026-04-18T14:29:10+00:00\",\"description\":\"La Ego Driver, plus qu'un simple boost, inspir\u00e9e de la fameuse 808. Ici il s'agit de la p\u00e9dale d\u00e9j\u00e0 assembl\u00e9e, c'est donc \u00e0 toi de jouer !\",\"breadcrumb\":{\"@id\":\"https:\/\/anasounds.com\/fr\/produit\/ego-driver-noire-pedale-deja-assemblee\/#breadcrumb\"},\"inLanguage\":\"fr-FR\",\"potentialAction\":[{\"@type\":\"ReadAction\",\"target\":[\"https:\/\/anasounds.com\/fr\/produit\/ego-driver-noire-pedale-deja-assemblee\/\"]}]},{\"@type\":\"ImageObject\",\"inLanguage\":\"fr-FR\",\"@id\":\"https:\/\/anasounds.com\/fr\/produit\/ego-driver-noire-pedale-deja-assemblee\/#primaryimage\",\"url\":\"https:\/\/anasounds.com\/wp-content\/uploads\/2023\/02\/Fxteacher_ego_driver_assemble\u0301-1.jpg\",\"contentUrl\":\"https:\/\/anasounds.com\/wp-content\/uploads\/2023\/02\/Fxteacher_ego_driver_assemble\u0301-1.jpg\",\"width\":1500,\"height\":1500},{\"@type\":\"BreadcrumbList\",\"@id\":\"https:\/\/anasounds.com\/fr\/produit\/ego-driver-noire-pedale-deja-assemblee\/#breadcrumb\",\"itemListElement\":[{\"@type\":\"ListItem\",\"position\":1,\"name\":\"Home\",\"item\":\"https:\/\/anasounds.com\/fr\/\"},{\"@type\":\"ListItem\",\"position\":2,\"name\":\"boutique\",\"item\":\"https:\/\/anasounds.com\/fr\/shop\/\"},{\"@type\":\"ListItem\",\"position\":3,\"name\":\"Ego Driver &#8211; p\u00e9dale d\u00e9j\u00e0 assembl\u00e9e\"}]},{\"@type\":\"WebSite\",\"@id\":\"https:\/\/anasounds.com\/#website\",\"url\":\"https:\/\/anasounds.com\/\",\"name\":\"Anasounds\",\"description\":\"P\u00e9dales \u00e0 la Fran\u00e7aise\",\"publisher\":{\"@id\":\"https:\/\/anasounds.com\/#organization\"},\"potentialAction\":[{\"@type\":\"SearchAction\",\"target\":{\"@type\":\"EntryPoint\",\"urlTemplate\":\"https:\/\/anasounds.com\/?s={search_term_string}\"},\"query-input\":{\"@type\":\"PropertyValueSpecification\",\"valueRequired\":true,\"valueName\":\"search_term_string\"}}],\"inLanguage\":\"fr-FR\"},{\"@type\":\"Organization\",\"@id\":\"https:\/\/anasounds.com\/#organization\",\"name\":\"Anasounds\",\"url\":\"https:\/\/anasounds.com\/\",\"logo\":{\"@type\":\"ImageObject\",\"inLanguage\":\"fr-FR\",\"@id\":\"https:\/\/anasounds.com\/#\/schema\/logo\/image\/\",\"url\":\"https:\/\/anasounds.com\/wp-content\/uploads\/2017\/10\/Logomadeinfrnoirblc.png\",\"contentUrl\":\"https:\/\/anasounds.com\/wp-content\/uploads\/2017\/10\/Logomadeinfrnoirblc.png\",\"width\":300,\"height\":300,\"caption\":\"Anasounds\"},\"image\":{\"@id\":\"https:\/\/anasounds.com\/#\/schema\/logo\/image\/\"},\"sameAs\":[\"https:\/\/www.facebook.com\/AnasoundsFX\/\",\"https:\/\/www.instagram.com\/anasounds\/\",\"https:\/\/www.youtube.com\/user\/AnaSoundsFR\"]}]}<\/script>\n<!-- \/ Yoast SEO plugin. -->","yoast_head_json":{"title":"Ego Driver - p\u00e9dale d\u00e9j\u00e0 assembl\u00e9e | Anasounds","description":"La Ego Driver, plus qu'un simple boost, inspir\u00e9e de la fameuse 808. Ici il s'agit de la p\u00e9dale d\u00e9j\u00e0 assembl\u00e9e, c'est donc \u00e0 toi de jouer !","robots":{"index":"index","follow":"follow","max-snippet":"max-snippet:-1","max-image-preview":"max-image-preview:large","max-video-preview":"max-video-preview:-1"},"canonical":"https:\/\/anasounds.com\/fr\/produit\/ego-driver-noire-pedale-deja-assemblee\/","og_locale":"fr_FR","og_type":"article","og_title":"Ego Driver - p\u00e9dale d\u00e9j\u00e0 assembl\u00e9e | Anasounds","og_description":"La Ego Driver, plus qu'un simple boost, inspir\u00e9e de la fameuse 808. Ici il s'agit de la p\u00e9dale d\u00e9j\u00e0 assembl\u00e9e, c'est donc \u00e0 toi de jouer !","og_url":"https:\/\/anasounds.com\/fr\/produit\/ego-driver-noire-pedale-deja-assemblee\/","og_site_name":"Anasounds","article_publisher":"https:\/\/www.facebook.com\/AnasoundsFX\/","article_modified_time":"2026-04-18T14:29:10+00:00","og_image":[{"width":1500,"height":1500,"url":"https:\/\/anasounds.com\/wp-content\/uploads\/2023\/02\/Fxteacher_ego_driver_assemble\u0301-1.jpg","type":"image\/jpeg"}],"twitter_card":"summary_large_image","twitter_misc":{"Dur\u00e9e de lecture estim\u00e9e":"2 minutes"},"schema":{"@context":"https:\/\/schema.org","@graph":[{"@type":"WebPage","@id":"https:\/\/anasounds.com\/fr\/produit\/ego-driver-noire-pedale-deja-assemblee\/","url":"https:\/\/anasounds.com\/fr\/produit\/ego-driver-noire-pedale-deja-assemblee\/","name":"Ego Driver - p\u00e9dale d\u00e9j\u00e0 assembl\u00e9e | Anasounds","isPartOf":{"@id":"https:\/\/anasounds.com\/#website"},"primaryImageOfPage":{"@id":"https:\/\/anasounds.com\/fr\/produit\/ego-driver-noire-pedale-deja-assemblee\/#primaryimage"},"image":{"@id":"https:\/\/anasounds.com\/fr\/produit\/ego-driver-noire-pedale-deja-assemblee\/#primaryimage"},"thumbnailUrl":"https:\/\/anasounds.com\/wp-content\/uploads\/2023\/02\/Fxteacher_ego_driver_assemble\u0301-1.jpg","datePublished":"2023-02-20T11:19:42+00:00","dateModified":"2026-04-18T14:29:10+00:00","description":"La Ego Driver, plus qu'un simple boost, inspir\u00e9e de la fameuse 808. Ici il s'agit de la p\u00e9dale d\u00e9j\u00e0 assembl\u00e9e, c'est donc \u00e0 toi de jouer !","breadcrumb":{"@id":"https:\/\/anasounds.com\/fr\/produit\/ego-driver-noire-pedale-deja-assemblee\/#breadcrumb"},"inLanguage":"fr-FR","potentialAction":[{"@type":"ReadAction","target":["https:\/\/anasounds.com\/fr\/produit\/ego-driver-noire-pedale-deja-assemblee\/"]}]},{"@type":"ImageObject","inLanguage":"fr-FR","@id":"https:\/\/anasounds.com\/fr\/produit\/ego-driver-noire-pedale-deja-assemblee\/#primaryimage","url":"https:\/\/anasounds.com\/wp-content\/uploads\/2023\/02\/Fxteacher_ego_driver_assemble\u0301-1.jpg","contentUrl":"https:\/\/anasounds.com\/wp-content\/uploads\/2023\/02\/Fxteacher_ego_driver_assemble\u0301-1.jpg","width":1500,"height":1500},{"@type":"BreadcrumbList","@id":"https:\/\/anasounds.com\/fr\/produit\/ego-driver-noire-pedale-deja-assemblee\/#breadcrumb","itemListElement":[{"@type":"ListItem","position":1,"name":"Home","item":"https:\/\/anasounds.com\/fr\/"},{"@type":"ListItem","position":2,"name":"boutique","item":"https:\/\/anasounds.com\/fr\/shop\/"},{"@type":"ListItem","position":3,"name":"Ego Driver &#8211; p\u00e9dale d\u00e9j\u00e0 assembl\u00e9e"}]},{"@type":"WebSite","@id":"https:\/\/anasounds.com\/#website","url":"https:\/\/anasounds.com\/","name":"Anasounds","description":"P\u00e9dales \u00e0 la Fran\u00e7aise","publisher":{"@id":"https:\/\/anasounds.com\/#organization"},"potentialAction":[{"@type":"SearchAction","target":{"@type":"EntryPoint","urlTemplate":"https:\/\/anasounds.com\/?s={search_term_string}"},"query-input":{"@type":"PropertyValueSpecification","valueRequired":true,"valueName":"search_term_string"}}],"inLanguage":"fr-FR"},{"@type":"Organization","@id":"https:\/\/anasounds.com\/#organization","name":"Anasounds","url":"https:\/\/anasounds.com\/","logo":{"@type":"ImageObject","inLanguage":"fr-FR","@id":"https:\/\/anasounds.com\/#\/schema\/logo\/image\/","url":"https:\/\/anasounds.com\/wp-content\/uploads\/2017\/10\/Logomadeinfrnoirblc.png","contentUrl":"https:\/\/anasounds.com\/wp-content\/uploads\/2017\/10\/Logomadeinfrnoirblc.png","width":300,"height":300,"caption":"Anasounds"},"image":{"@id":"https:\/\/anasounds.com\/#\/schema\/logo\/image\/"},"sameAs":["https:\/\/www.facebook.com\/AnasoundsFX\/","https:\/\/www.instagram.com\/anasounds\/","https:\/\/www.youtube.com\/user\/AnaSoundsFR"]}]}},"_links":{"self":[{"href":"https:\/\/anasounds.com\/fr\/wp-json\/wp\/v2\/product\/89756","targetHints":{"allow":["GET"]}}],"collection":[{"href":"https:\/\/anasounds.com\/fr\/wp-json\/wp\/v2\/product"}],"about":[{"href":"https:\/\/anasounds.com\/fr\/wp-json\/wp\/v2\/types\/product"}],"replies":[{"embeddable":true,"href":"https:\/\/anasounds.com\/fr\/wp-json\/wp\/v2\/comments?post=89756"}],"wp:featuredmedia":[{"embeddable":true,"href":"https:\/\/anasounds.com\/fr\/wp-json\/wp\/v2\/media\/89821"}],"wp:attachment":[{"href":"https:\/\/anasounds.com\/fr\/wp-json\/wp\/v2\/media?parent=89756"}],"wp:term":[{"taxonomy":"product_brand","embeddable":true,"href":"https:\/\/anasounds.com\/fr\/wp-json\/wp\/v2\/product_brand?post=89756"},{"taxonomy":"product_cat","embeddable":true,"href":"https:\/\/anasounds.com\/fr\/wp-json\/wp\/v2\/product_cat?post=89756"},{"taxonomy":"product_tag","embeddable":true,"href":"https:\/\/anasounds.com\/fr\/wp-json\/wp\/v2\/product_tag?post=89756"}],"curies":[{"name":"wp","href":"https:\/\/api.w.org\/{rel}","templated":true}]}}