{"id":90612,"date":"2023-05-23T10:45:34","date_gmt":"2023-05-23T08:45:34","guid":{"rendered":"https:\/\/anasounds.com\/?post_type=product&#038;p=90612"},"modified":"2026-02-09T16:13:13","modified_gmt":"2026-02-09T15:13:13","slug":"sandman","status":"publish","type":"product","link":"https:\/\/anasounds.com\/fr\/produit\/sandman\/","title":{"rendered":"\u00c9dition limit\u00e9e Sandman"},"content":{"rendered":"<p style=\"text-align: center;\">Vous l\u2019avez demand\u00e9, nous l\u2019avons fait ! Apr\u00e8s le succ\u00e8s massif de la premi\u00e8re r\u00e9\u00e9dition de la Savage MkI (\u201cla grosse\u201d),<br \/>\nvous nous avez demand\u00e9 de ressortir le fameux circuit d\u2019overdrive transparente qui a lanc\u00e9 Anasounds en 2015, une p\u00e9dale r\u00e9put\u00e9e pour l\u2019\u00e9paisseur et la richesse des sons qu\u2019elle produit.<\/p>\n<p style=\"text-align: center;\">Nous vous avons \u00e9cout\u00e9s, mais nous avons fait encore mieux : voici donc la Sandman, qui combine la Savage MkI (footswitch de gauche et gros boutons)<br \/>\navec la FX Teacher Ego Driver, notre version am\u00e9lior\u00e9e d\u2019une overdrive classique boost\u00e9e dans les m\u00e9diums.<br \/>\nSi vous r\u00eaviez du beau son vintage de la Savage MkI, elle est bien l\u00e0 avec son switch Germanium \/ Silicium pour choisir le clipping (l\u2019\u00e9quivalent du switch Vintage \/ Modern sur la Savage originale),<br \/>\nmais vous pouvez aussi d\u00e9sormais la pousser bien au-del\u00e0 de ce dont elle \u00e9tait capable en termes de gain disponible et de pr\u00e9sence des m\u00e9diums.<\/p>\n<p style=\"text-align: center;\">La Ego Driver conserve son switch de tonalit\u00e9 \u00e0 trois positions (bas m\u00e9diums boost\u00e9s, m\u00e9diums boost\u00e9s, hauts m\u00e9diums boost\u00e9s),<br \/>\nce qui multiplie les possibilit\u00e9s de stacking et d\u2019interaction sonore entre les deux parties de la Anasounds Sandman.<\/p>\n<p style=\"text-align: center;\">Nous cherchons toujours \u00e0 vous proposer les meilleures p\u00e9dales qu\u2019il est possible de fabriquer, et les stocks de composants disponibles pour la Savage MkI sont limit\u00e9s.<br \/>\nLa Sandman est donc une \u00e9dition limit\u00e9e que vous pouvez commander pour 299 euros seulement entre le 2 et le 16 juin.<br \/>\nUne fois cette date pass\u00e9e, vous aurez une deuxi\u00e8me chance \u00e0 la rentr\u00e9e pour 369 euros dans les magasins qui l\u2019auront r\u00e9serv\u00e9e au cours de cette m\u00eame p\u00e9riode de deux semaines.<br \/>\nApr\u00e8s ces deux \u00e9ch\u00e9ances, la Sandman redeviendra le r\u00eave qu\u2019elle a toujours \u00e9t\u00e9, \u00e0 part pour ceux qui auront eu la bonne id\u00e9e de la capturer \u00e0 temps.<\/p>\n","protected":false},"excerpt":{"rendered":"<p>La Anasounds Sandman est une double overdrive en \u00e9dition limit\u00e9e qui r\u00e9unit notre Savage MkI et la Ego Driver.<\/p>\n<p><b>Les pr\u00e9commandes sont termin\u00e9es !<br \/>\nRetrouvez d\u00e8s \u00e0 pr\u00e9sent l&rsquo;\u00e9dition limit\u00e9e Sandman chez nos revendeurs partenaires jusqu&rsquo;\u00e0 \u00e9puisement des stocks :\u00a0<\/b><\/p>\n<ul>\n<li>Art Rock Music Store, Crolles<\/li>\n<li>Broc Music, Nimes<\/li>\n<li>Deal Music, Antibes<\/li>\n<li>D\u00e9cibel Musique, Annemasse<\/li>\n<li>Diapason Music, Narbonne<\/li>\n<li>Dodo Musique, La R\u00e9union<\/li>\n<li>Effect On Line, Lyon<\/li>\n<li>Espace Culturel E.Leclerc, Douarmenez<\/li>\n<li>Guitar Maniac, Nice<\/li>\n<li>Guitare Village, Domont<\/li>\n<li>Hurricane Music, Bordeaux<\/li>\n<li>L&rsquo;atelier du Piano, Lannion<\/li>\n<li>La Cl\u00e9 de Sol, Dijon<\/li>\n<li>La Cl\u00e9 de Sol, Montbelliard<\/li>\n<li>Le Guitarium, Paris<\/li>\n<li>Lordel Musique, Caen<\/li>\n<li>Marclay Music, Martigny<\/li>\n<li>Michel Musique, Grenoble<\/li>\n<li>Michenaud.com<\/li>\n<li>Music Lab, Poissy<\/li>\n<li>Music Leader, Marseille<\/li>\n<li>Music Passion, Limoges<\/li>\n<li>MusiX.com<\/li>\n<li>Palf.fr<\/li>\n<li>Paul Beuscher, Paris<\/li>\n<li>Sam Music, Saint-L\u00f4<\/li>\n<li>Silver Wold Music, Lons<\/li>\n<li>St Genis Music, Saint-Genis-Pouilly<\/li>\n<li>Station Music, Montgermont<\/li>\n<li>Ze Shop, La R\u00e9union<\/li>\n<li>Woodbrass.com<\/li>\n<li>Wood Stock Guitares, Ensisheim<\/li>\n<\/ul>\n","protected":false},"featured_media":90613,"comment_status":"open","ping_status":"closed","template":"","meta":[],"product_brand":[],"product_cat":[1555,277,268,1561],"product_tag":[],"class_list":{"0":"post-90612","1":"product","2":"type-product","3":"status-publish","4":"has-post-thumbnail","6":"product_cat-type-d-effet","7":"product_cat-overdrive-fr","8":"product_cat-pedales-anasounds","9":"product_cat-savage","11":"first","12":"outofstock","13":"taxable","14":"shipping-taxable","15":"purchasable","16":"product-type-simple"},"supplier_id":83515,"supplier_sku":"","barcode":null,"atum_controlled":true,"out_stock_date":null,"out_stock_threshold":null,"inheritable":false,"inbound_stock":0,"stock_on_hold":0,"sold_today":0,"sales_last_days":0,"reserved_stock":0,"customer_returns":0,"warehouse_damage":0,"lost_in_post":0,"other_logs":0,"out_stock_days":0,"lost_sales":0,"has_location":false,"update_date":"2026-04-04T01:02:04","atum_locations":[],"atum_stock_status":"outofstock","restock_status":false,"low_stock_amount":"","sales_update_date":"2026-04-04T01:02:04","calc_backorders":null,"yoast_head":"<!-- This site is optimized with the Yoast SEO plugin v26.5 - https:\/\/yoast.com\/wordpress\/plugins\/seo\/ -->\n<title>\u00c9dition limit\u00e9e Sandman | Anasounds<\/title>\n<meta name=\"description\" content=\"La Anasounds Sandman regroupe le circuit de l\u2019overdrive transparente Savage MkI et l\u2019overdrive boost\u00e9e Ego Driver, le tout pour une versatilit\u00e9 extr\u00eame.\" \/>\n<meta name=\"robots\" content=\"index, follow, max-snippet:-1, max-image-preview:large, max-video-preview:-1\" \/>\n<link rel=\"canonical\" href=\"https:\/\/anasounds.com\/fr\/produit\/sandman\/\" \/>\n<meta property=\"og:locale\" content=\"fr_FR\" \/>\n<meta property=\"og:type\" content=\"article\" \/>\n<meta property=\"og:title\" content=\"\u00c9dition limit\u00e9e Sandman | Anasounds\" \/>\n<meta property=\"og:description\" content=\"La Anasounds Sandman regroupe le circuit de l\u2019overdrive transparente Savage MkI et l\u2019overdrive boost\u00e9e Ego Driver, le tout pour une versatilit\u00e9 extr\u00eame.\" \/>\n<meta property=\"og:url\" content=\"https:\/\/anasounds.com\/fr\/produit\/sandman\/\" \/>\n<meta property=\"og:site_name\" content=\"Anasounds\" \/>\n<meta property=\"article:publisher\" content=\"https:\/\/www.facebook.com\/AnasoundsFX\/\" \/>\n<meta property=\"article:modified_time\" content=\"2026-02-09T15:13:13+00:00\" \/>\n<meta property=\"og:image\" content=\"https:\/\/anasounds.com\/wp-content\/uploads\/2023\/05\/Anasounds_sandman.jpg\" \/>\n\t<meta property=\"og:image:width\" content=\"1500\" \/>\n\t<meta property=\"og:image:height\" content=\"1500\" \/>\n\t<meta property=\"og:image:type\" content=\"image\/jpeg\" \/>\n<meta name=\"twitter:card\" content=\"summary_large_image\" \/>\n<meta name=\"twitter:label1\" content=\"Dur\u00e9e de lecture estim\u00e9e\" \/>\n\t<meta name=\"twitter:data1\" content=\"2 minutes\" \/>\n<script type=\"application\/ld+json\" class=\"yoast-schema-graph\">{\"@context\":\"https:\/\/schema.org\",\"@graph\":[{\"@type\":\"WebPage\",\"@id\":\"https:\/\/anasounds.com\/fr\/produit\/sandman\/\",\"url\":\"https:\/\/anasounds.com\/fr\/produit\/sandman\/\",\"name\":\"\u00c9dition limit\u00e9e Sandman | Anasounds\",\"isPartOf\":{\"@id\":\"https:\/\/anasounds.com\/#website\"},\"primaryImageOfPage\":{\"@id\":\"https:\/\/anasounds.com\/fr\/produit\/sandman\/#primaryimage\"},\"image\":{\"@id\":\"https:\/\/anasounds.com\/fr\/produit\/sandman\/#primaryimage\"},\"thumbnailUrl\":\"https:\/\/anasounds.com\/wp-content\/uploads\/2023\/05\/Anasounds_sandman.jpg\",\"datePublished\":\"2023-05-23T08:45:34+00:00\",\"dateModified\":\"2026-02-09T15:13:13+00:00\",\"description\":\"La Anasounds Sandman regroupe le circuit de l\u2019overdrive transparente Savage MkI et l\u2019overdrive boost\u00e9e Ego Driver, le tout pour une versatilit\u00e9 extr\u00eame.\",\"breadcrumb\":{\"@id\":\"https:\/\/anasounds.com\/fr\/produit\/sandman\/#breadcrumb\"},\"inLanguage\":\"fr-FR\",\"potentialAction\":[{\"@type\":\"ReadAction\",\"target\":[\"https:\/\/anasounds.com\/fr\/produit\/sandman\/\"]}]},{\"@type\":\"ImageObject\",\"inLanguage\":\"fr-FR\",\"@id\":\"https:\/\/anasounds.com\/fr\/produit\/sandman\/#primaryimage\",\"url\":\"https:\/\/anasounds.com\/wp-content\/uploads\/2023\/05\/Anasounds_sandman.jpg\",\"contentUrl\":\"https:\/\/anasounds.com\/wp-content\/uploads\/2023\/05\/Anasounds_sandman.jpg\",\"width\":1500,\"height\":1500},{\"@type\":\"BreadcrumbList\",\"@id\":\"https:\/\/anasounds.com\/fr\/produit\/sandman\/#breadcrumb\",\"itemListElement\":[{\"@type\":\"ListItem\",\"position\":1,\"name\":\"Home\",\"item\":\"https:\/\/anasounds.com\/fr\/\"},{\"@type\":\"ListItem\",\"position\":2,\"name\":\"boutique\",\"item\":\"https:\/\/anasounds.com\/fr\/shop\/\"},{\"@type\":\"ListItem\",\"position\":3,\"name\":\"\u00c9dition limit\u00e9e Sandman\"}]},{\"@type\":\"WebSite\",\"@id\":\"https:\/\/anasounds.com\/#website\",\"url\":\"https:\/\/anasounds.com\/\",\"name\":\"Anasounds\",\"description\":\"P\u00e9dales \u00e0 la Fran\u00e7aise\",\"publisher\":{\"@id\":\"https:\/\/anasounds.com\/#organization\"},\"potentialAction\":[{\"@type\":\"SearchAction\",\"target\":{\"@type\":\"EntryPoint\",\"urlTemplate\":\"https:\/\/anasounds.com\/?s={search_term_string}\"},\"query-input\":{\"@type\":\"PropertyValueSpecification\",\"valueRequired\":true,\"valueName\":\"search_term_string\"}}],\"inLanguage\":\"fr-FR\"},{\"@type\":\"Organization\",\"@id\":\"https:\/\/anasounds.com\/#organization\",\"name\":\"Anasounds\",\"url\":\"https:\/\/anasounds.com\/\",\"logo\":{\"@type\":\"ImageObject\",\"inLanguage\":\"fr-FR\",\"@id\":\"https:\/\/anasounds.com\/#\/schema\/logo\/image\/\",\"url\":\"https:\/\/anasounds.com\/wp-content\/uploads\/2017\/10\/Logomadeinfrnoirblc.png\",\"contentUrl\":\"https:\/\/anasounds.com\/wp-content\/uploads\/2017\/10\/Logomadeinfrnoirblc.png\",\"width\":300,\"height\":300,\"caption\":\"Anasounds\"},\"image\":{\"@id\":\"https:\/\/anasounds.com\/#\/schema\/logo\/image\/\"},\"sameAs\":[\"https:\/\/www.facebook.com\/AnasoundsFX\/\",\"https:\/\/www.instagram.com\/anasounds\/\",\"https:\/\/www.youtube.com\/user\/AnaSoundsFR\"]}]}<\/script>\n<!-- \/ Yoast SEO plugin. -->","yoast_head_json":{"title":"\u00c9dition limit\u00e9e Sandman | Anasounds","description":"La Anasounds Sandman regroupe le circuit de l\u2019overdrive transparente Savage MkI et l\u2019overdrive boost\u00e9e Ego Driver, le tout pour une versatilit\u00e9 extr\u00eame.","robots":{"index":"index","follow":"follow","max-snippet":"max-snippet:-1","max-image-preview":"max-image-preview:large","max-video-preview":"max-video-preview:-1"},"canonical":"https:\/\/anasounds.com\/fr\/produit\/sandman\/","og_locale":"fr_FR","og_type":"article","og_title":"\u00c9dition limit\u00e9e Sandman | Anasounds","og_description":"La Anasounds Sandman regroupe le circuit de l\u2019overdrive transparente Savage MkI et l\u2019overdrive boost\u00e9e Ego Driver, le tout pour une versatilit\u00e9 extr\u00eame.","og_url":"https:\/\/anasounds.com\/fr\/produit\/sandman\/","og_site_name":"Anasounds","article_publisher":"https:\/\/www.facebook.com\/AnasoundsFX\/","article_modified_time":"2026-02-09T15:13:13+00:00","og_image":[{"width":1500,"height":1500,"url":"https:\/\/anasounds.com\/wp-content\/uploads\/2023\/05\/Anasounds_sandman.jpg","type":"image\/jpeg"}],"twitter_card":"summary_large_image","twitter_misc":{"Dur\u00e9e de lecture estim\u00e9e":"2 minutes"},"schema":{"@context":"https:\/\/schema.org","@graph":[{"@type":"WebPage","@id":"https:\/\/anasounds.com\/fr\/produit\/sandman\/","url":"https:\/\/anasounds.com\/fr\/produit\/sandman\/","name":"\u00c9dition limit\u00e9e Sandman | Anasounds","isPartOf":{"@id":"https:\/\/anasounds.com\/#website"},"primaryImageOfPage":{"@id":"https:\/\/anasounds.com\/fr\/produit\/sandman\/#primaryimage"},"image":{"@id":"https:\/\/anasounds.com\/fr\/produit\/sandman\/#primaryimage"},"thumbnailUrl":"https:\/\/anasounds.com\/wp-content\/uploads\/2023\/05\/Anasounds_sandman.jpg","datePublished":"2023-05-23T08:45:34+00:00","dateModified":"2026-02-09T15:13:13+00:00","description":"La Anasounds Sandman regroupe le circuit de l\u2019overdrive transparente Savage MkI et l\u2019overdrive boost\u00e9e Ego Driver, le tout pour une versatilit\u00e9 extr\u00eame.","breadcrumb":{"@id":"https:\/\/anasounds.com\/fr\/produit\/sandman\/#breadcrumb"},"inLanguage":"fr-FR","potentialAction":[{"@type":"ReadAction","target":["https:\/\/anasounds.com\/fr\/produit\/sandman\/"]}]},{"@type":"ImageObject","inLanguage":"fr-FR","@id":"https:\/\/anasounds.com\/fr\/produit\/sandman\/#primaryimage","url":"https:\/\/anasounds.com\/wp-content\/uploads\/2023\/05\/Anasounds_sandman.jpg","contentUrl":"https:\/\/anasounds.com\/wp-content\/uploads\/2023\/05\/Anasounds_sandman.jpg","width":1500,"height":1500},{"@type":"BreadcrumbList","@id":"https:\/\/anasounds.com\/fr\/produit\/sandman\/#breadcrumb","itemListElement":[{"@type":"ListItem","position":1,"name":"Home","item":"https:\/\/anasounds.com\/fr\/"},{"@type":"ListItem","position":2,"name":"boutique","item":"https:\/\/anasounds.com\/fr\/shop\/"},{"@type":"ListItem","position":3,"name":"\u00c9dition limit\u00e9e Sandman"}]},{"@type":"WebSite","@id":"https:\/\/anasounds.com\/#website","url":"https:\/\/anasounds.com\/","name":"Anasounds","description":"P\u00e9dales \u00e0 la Fran\u00e7aise","publisher":{"@id":"https:\/\/anasounds.com\/#organization"},"potentialAction":[{"@type":"SearchAction","target":{"@type":"EntryPoint","urlTemplate":"https:\/\/anasounds.com\/?s={search_term_string}"},"query-input":{"@type":"PropertyValueSpecification","valueRequired":true,"valueName":"search_term_string"}}],"inLanguage":"fr-FR"},{"@type":"Organization","@id":"https:\/\/anasounds.com\/#organization","name":"Anasounds","url":"https:\/\/anasounds.com\/","logo":{"@type":"ImageObject","inLanguage":"fr-FR","@id":"https:\/\/anasounds.com\/#\/schema\/logo\/image\/","url":"https:\/\/anasounds.com\/wp-content\/uploads\/2017\/10\/Logomadeinfrnoirblc.png","contentUrl":"https:\/\/anasounds.com\/wp-content\/uploads\/2017\/10\/Logomadeinfrnoirblc.png","width":300,"height":300,"caption":"Anasounds"},"image":{"@id":"https:\/\/anasounds.com\/#\/schema\/logo\/image\/"},"sameAs":["https:\/\/www.facebook.com\/AnasoundsFX\/","https:\/\/www.instagram.com\/anasounds\/","https:\/\/www.youtube.com\/user\/AnaSoundsFR"]}]}},"_links":{"self":[{"href":"https:\/\/anasounds.com\/fr\/wp-json\/wp\/v2\/product\/90612","targetHints":{"allow":["GET"]}}],"collection":[{"href":"https:\/\/anasounds.com\/fr\/wp-json\/wp\/v2\/product"}],"about":[{"href":"https:\/\/anasounds.com\/fr\/wp-json\/wp\/v2\/types\/product"}],"replies":[{"embeddable":true,"href":"https:\/\/anasounds.com\/fr\/wp-json\/wp\/v2\/comments?post=90612"}],"wp:featuredmedia":[{"embeddable":true,"href":"https:\/\/anasounds.com\/fr\/wp-json\/wp\/v2\/media\/90613"}],"wp:attachment":[{"href":"https:\/\/anasounds.com\/fr\/wp-json\/wp\/v2\/media?parent=90612"}],"wp:term":[{"taxonomy":"product_brand","embeddable":true,"href":"https:\/\/anasounds.com\/fr\/wp-json\/wp\/v2\/product_brand?post=90612"},{"taxonomy":"product_cat","embeddable":true,"href":"https:\/\/anasounds.com\/fr\/wp-json\/wp\/v2\/product_cat?post=90612"},{"taxonomy":"product_tag","embeddable":true,"href":"https:\/\/anasounds.com\/fr\/wp-json\/wp\/v2\/product_tag?post=90612"}],"curies":[{"name":"wp","href":"https:\/\/api.w.org\/{rel}","templated":true}]}}