{"id":92753,"date":"2023-11-16T15:42:42","date_gmt":"2023-11-16T14:42:42","guid":{"rendered":"https:\/\/anasounds.com\/?post_type=product&#038;p=92753"},"modified":"2023-12-20T23:03:42","modified_gmt":"2023-12-20T22:03:42","slug":"dystopia","status":"publish","type":"product","link":"https:\/\/anasounds.com\/fr\/produit\/dystopia\/","title":{"rendered":"\u00c9dition limit\u00e9e Dystopia"},"content":{"rendered":"<h3><\/h3>\n<p>&nbsp;<\/p>\n<h1 style=\"text-align: center;\">la dystopia, un delay extr\u00eame en \u00e9dition limit\u00e9e<\/h1>\n<p>&nbsp;<\/p>\n<p style=\"text-align: center;\">Si vous cherchez un beau delay aux nombreuses options dont le son \u00e9voque les \u00e9chos \u00e0 bande vintage<br \/>\nmais sans leur c\u00f4t\u00e9 capricieux et impr\u00e9visible, la Anasounds <a href=\"https:\/\/anasounds.com\/fr\/dystopia\/\">Dystopia<\/a> est fa\u00eete pour vous.<\/p>\n<p style=\"text-align: center;\">Mais si vous fa\u00eetes partie de ces sauvages qui aiment utiliser le matos \u00e0 contre-emploi, qui aiment transformer leur guitare en outil de bruit qui ressemble<br \/>\n\u00e0 tout sauf \u00e0 un beau son clair, si vous \u00eates plus Kevin Shields que The Edge et que le mot \u201cshoegaze\u201d ne fait pas juste allusion pour<br \/>\nvous au fait de regarder ses chaussures, alors vous risquez de ne pas trouver votre dose de brutalit\u00e9 sonore dans l\u2019Utopia Deluxe.<br \/>\nD\u2019ailleurs, vous avez s\u00fbrement \u00e9t\u00e9 d\u00e9\u00e7u ou frustr\u00e9 par pas mal de delays du march\u00e9, puisqu\u2019il y a tr\u00e8s peu de mod\u00e8les qui permettent<br \/>\nd\u2019aller au bout de cette approche, surtout en restant capable de donner un delay traditionnel au beau son chaud et en restant ultra simple \u00e0 r\u00e9gler.<\/p>\n<p style=\"text-align: center;\">Tout \u00e7a, c\u2019\u00e9tait avec la Dystopia. La Anasounds Dystopia est \u00e0 la fois un delay qui sonne magnifiquement, une v\u00e9ritable machine \u00e0<br \/>\nsalet\u00e9 sonore et une p\u00e9dale aux r\u00e9glages intuitifs et \u00e9l\u00e9mentaires. Et c\u2019est aussi une \u00e9dition limit\u00e9e que vous<br \/>\nne pouvez commander que pendant deux semaines du 1er au 17 d\u00e9cembre, ne tardez donc pas trop \u00e0 rejoindre le c\u00f4t\u00e9 obscur.<\/p>\n<p>&nbsp;<\/p>\n<h1 style=\"text-align: center;\">un tap tempo mais pas que<\/h1>\n<p>&nbsp;<\/p>\n<p style=\"text-align: center;\">Au centre de la Anasounds Dystopia, nous avons mis le m\u00eame delay PT2399 que sur la <a href=\"https:\/\/anasounds.com\/fr\/utopia-deluxe\/\">Utopia Deluxe,<\/a><br \/>\nmais avec un voicing plus sale renforc\u00e9 par un pr\u00e9ampli bien plus crunchy et noisy que celui de l\u2019Utopia.<br \/>\nNon seulement il est plus proche de l\u2019overdrive que du booster, mais il est plac\u00e9 apr\u00e8s les r\u00e9p\u00e9titions du delay<br \/>\npour un son vintage potentiellement envahissant et chaotique.<\/p>\n<p style=\"text-align: center;\">Mais le centre n\u00e9vralgique de la Anasounds Dystopia est le potard central de Pain. Ce centre de la douleur ajuste en fait la modulation<br \/>\nint\u00e9gr\u00e9e avec quatre types au choix (tape echo, vibrato, lo fi et ring mod), et pour chaque type des zones qui ajustent \u00e0 la fois la profondeur et la<br \/>\nvitesse pour passer d\u2019un l\u00e9ger mouvement musical \u00e0 la destruction absolue. Et ce n\u2019est que le d\u00e9but, puisque c\u2019est aussi<br \/>\nPain qui programme le s\u00e9quenceur int\u00e9gr\u00e9. Il peut \u00eatre \u00e0 deux, trois ou quatre \u00e9tapes, avec un r\u00e9glage de Time diff\u00e9rent pour chaque pas,<br \/>\net donc une variation du pitch avec effet de glide r\u00e9glable. Vous imaginez bien \u00e0 quel point le r\u00e9sultat<br \/>\npeut \u00eatre un outil d\u2019exp\u00e9rimentation sonore absolument fascinant, digne des meilleurs synth\u00e9s modulaires.<\/p>\n<p style=\"text-align: center;\">Si vous n\u2019avez jamais trouv\u00e9 votre compte parmi les delay \u201cnormaux\u201d mais que vous ne voulez pas pour autant<br \/>\nsacrifier le grain sonore, alors ne laissez pas passer la Anasounds Dystopia.<br \/>\nCette belle bo\u00eete \u00e0 inspiration a \u00e9t\u00e9 con\u00e7ue pour vous suivre dans toutes vos humeurs, m\u00eame les pires.<\/p>\n<p>&nbsp;<\/p>\n<h3 style=\"text-align: center;\">pour plus d&rsquo;informations sur la dystopia,<br \/>\nrendez-vous sur sa <a href=\"https:\/\/anasounds.com\/fr\/dystopia\/\">page de pr\u00e9sentation<\/a> ou <a href=\"https:\/\/anasounds.com\/wp-content\/uploads\/2023\/11\/Dystopia_FR-1.pdf\">t\u00e9l\u00e9chargez sa notice<\/a>.<\/h3>\n<p>&nbsp;<\/p>\n<p>&nbsp;<\/p>\n","protected":false},"excerpt":{"rendered":"<p>La Anasounds Dystopia est un delay type analogique d\u00e9riv\u00e9 de l\u2019Utopia Deluxe en plus bruyant et exp\u00e9rimental.<\/p>\n<p><b>Les pr\u00e9commandes sont termin\u00e9es sur notre site internet !<br \/>\nCependant quelques Dystopia seront disponibles (jusqu&rsquo;\u00e0 \u00e9puisement des stocks) dans votre point de vente favori, n&rsquo;h\u00e9sitez pas \u00e0 nous contacter, on sera ravis de vous aider \u00e0 la retrouver.<\/b><\/p>\n<p>Liste des points de vente participants \u00e0 ce jour :<\/p>\n<p>Palf<br \/>\nMichenaud<br \/>\nWoodbrass<br \/>\nLa Cl\u00e9 de Sol<br \/>\nSam Music<br \/>\nFX Pedal Planet<br \/>\nGuitar Maniac<br \/>\nMichel Musique<br \/>\nBackstage Distribution<\/p>\n","protected":false},"featured_media":92762,"comment_status":"open","ping_status":"closed","template":"","meta":[],"product_brand":[],"product_cat":[661,1555,272,273,268,1556],"product_tag":[1569,74,1571,1573,1567,1572,1570,1568,684,76],"class_list":{"0":"post-92753","1":"product","2":"type-product","3":"status-publish","4":"has-post-thumbnail","6":"product_cat-nouveau","7":"product_cat-type-d-effet","8":"product_cat-delay-fr","9":"product_cat-echo-fr","10":"product_cat-pedales-anasounds","11":"product_cat-gamme-utopia","12":"product_tag-bande","13":"product_tag-delay","14":"product_tag-distopia","15":"product_tag-distopie","16":"product_tag-dystopia","17":"product_tag-dystopie","18":"product_tag-echo","19":"product_tag-echo-a-bande","20":"product_tag-tap-tempo","21":"product_tag-utopia","23":"first","24":"outofstock","25":"taxable","26":"shipping-taxable","27":"purchasable","28":"product-type-simple"},"supplier_id":83515,"supplier_sku":"","barcode":null,"atum_controlled":true,"out_stock_date":null,"out_stock_threshold":null,"inheritable":false,"inbound_stock":0,"stock_on_hold":0,"sold_today":0,"sales_last_days":0,"reserved_stock":0,"customer_returns":0,"warehouse_damage":0,"lost_in_post":0,"other_logs":0,"out_stock_days":0,"lost_sales":0,"has_location":false,"update_date":"2026-04-09T01:00:40","atum_locations":[],"atum_stock_status":"outofstock","restock_status":false,"low_stock_amount":"","sales_update_date":"2026-04-09T01:00:40","calc_backorders":null,"yoast_head":"<!-- This site is optimized with the Yoast SEO plugin v26.5 - https:\/\/yoast.com\/wordpress\/plugins\/seo\/ -->\n<title>Dystopia - Anasounds | Delay analogique aux possibilit\u00e9s bruitistes<\/title>\n<meta name=\"description\" content=\"La Anasounds Dystopia peut sonner comme un tape echo vintage mais aussi comme un robot en train d&#039;agoniser, et toutes les nuances interm\u00e9diaires.\" \/>\n<meta name=\"robots\" content=\"index, follow, max-snippet:-1, max-image-preview:large, max-video-preview:-1\" \/>\n<link rel=\"canonical\" href=\"https:\/\/anasounds.com\/fr\/produit\/dystopia\/\" \/>\n<meta property=\"og:locale\" content=\"fr_FR\" \/>\n<meta property=\"og:type\" content=\"article\" \/>\n<meta property=\"og:title\" content=\"Dystopia - Anasounds | Delay analogique aux possibilit\u00e9s bruitistes\" \/>\n<meta property=\"og:description\" content=\"La Anasounds Dystopia peut sonner comme un tape echo vintage mais aussi comme un robot en train d&#039;agoniser, et toutes les nuances interm\u00e9diaires.\" \/>\n<meta property=\"og:url\" content=\"https:\/\/anasounds.com\/fr\/produit\/dystopia\/\" \/>\n<meta property=\"og:site_name\" content=\"Anasounds\" \/>\n<meta property=\"article:publisher\" content=\"https:\/\/www.facebook.com\/AnasoundsFX\/\" \/>\n<meta property=\"article:modified_time\" content=\"2023-12-20T22:03:42+00:00\" \/>\n<meta property=\"og:image\" content=\"https:\/\/anasounds.com\/wp-content\/uploads\/2023\/11\/Anasounds_dystopia.jpg\" \/>\n\t<meta property=\"og:image:width\" content=\"1500\" \/>\n\t<meta property=\"og:image:height\" content=\"1500\" \/>\n\t<meta property=\"og:image:type\" content=\"image\/jpeg\" \/>\n<meta name=\"twitter:card\" content=\"summary_large_image\" \/>\n<meta name=\"twitter:label1\" content=\"Dur\u00e9e de lecture estim\u00e9e\" \/>\n\t<meta name=\"twitter:data1\" content=\"3 minutes\" \/>\n<script type=\"application\/ld+json\" class=\"yoast-schema-graph\">{\"@context\":\"https:\/\/schema.org\",\"@graph\":[{\"@type\":\"WebPage\",\"@id\":\"https:\/\/anasounds.com\/fr\/produit\/dystopia\/\",\"url\":\"https:\/\/anasounds.com\/fr\/produit\/dystopia\/\",\"name\":\"Dystopia - Anasounds | Delay analogique aux possibilit\u00e9s bruitistes\",\"isPartOf\":{\"@id\":\"https:\/\/anasounds.com\/#website\"},\"primaryImageOfPage\":{\"@id\":\"https:\/\/anasounds.com\/fr\/produit\/dystopia\/#primaryimage\"},\"image\":{\"@id\":\"https:\/\/anasounds.com\/fr\/produit\/dystopia\/#primaryimage\"},\"thumbnailUrl\":\"https:\/\/anasounds.com\/wp-content\/uploads\/2023\/11\/Anasounds_dystopia.jpg\",\"datePublished\":\"2023-11-16T14:42:42+00:00\",\"dateModified\":\"2023-12-20T22:03:42+00:00\",\"description\":\"La Anasounds Dystopia peut sonner comme un tape echo vintage mais aussi comme un robot en train d'agoniser, et toutes les nuances interm\u00e9diaires.\",\"breadcrumb\":{\"@id\":\"https:\/\/anasounds.com\/fr\/produit\/dystopia\/#breadcrumb\"},\"inLanguage\":\"fr-FR\",\"potentialAction\":[{\"@type\":\"ReadAction\",\"target\":[\"https:\/\/anasounds.com\/fr\/produit\/dystopia\/\"]}]},{\"@type\":\"ImageObject\",\"inLanguage\":\"fr-FR\",\"@id\":\"https:\/\/anasounds.com\/fr\/produit\/dystopia\/#primaryimage\",\"url\":\"https:\/\/anasounds.com\/wp-content\/uploads\/2023\/11\/Anasounds_dystopia.jpg\",\"contentUrl\":\"https:\/\/anasounds.com\/wp-content\/uploads\/2023\/11\/Anasounds_dystopia.jpg\",\"width\":1500,\"height\":1500},{\"@type\":\"BreadcrumbList\",\"@id\":\"https:\/\/anasounds.com\/fr\/produit\/dystopia\/#breadcrumb\",\"itemListElement\":[{\"@type\":\"ListItem\",\"position\":1,\"name\":\"Home\",\"item\":\"https:\/\/anasounds.com\/fr\/\"},{\"@type\":\"ListItem\",\"position\":2,\"name\":\"boutique\",\"item\":\"https:\/\/anasounds.com\/fr\/shop\/\"},{\"@type\":\"ListItem\",\"position\":3,\"name\":\"\u00c9dition limit\u00e9e Dystopia\"}]},{\"@type\":\"WebSite\",\"@id\":\"https:\/\/anasounds.com\/#website\",\"url\":\"https:\/\/anasounds.com\/\",\"name\":\"Anasounds\",\"description\":\"P\u00e9dales \u00e0 la Fran\u00e7aise\",\"publisher\":{\"@id\":\"https:\/\/anasounds.com\/#organization\"},\"potentialAction\":[{\"@type\":\"SearchAction\",\"target\":{\"@type\":\"EntryPoint\",\"urlTemplate\":\"https:\/\/anasounds.com\/?s={search_term_string}\"},\"query-input\":{\"@type\":\"PropertyValueSpecification\",\"valueRequired\":true,\"valueName\":\"search_term_string\"}}],\"inLanguage\":\"fr-FR\"},{\"@type\":\"Organization\",\"@id\":\"https:\/\/anasounds.com\/#organization\",\"name\":\"Anasounds\",\"url\":\"https:\/\/anasounds.com\/\",\"logo\":{\"@type\":\"ImageObject\",\"inLanguage\":\"fr-FR\",\"@id\":\"https:\/\/anasounds.com\/#\/schema\/logo\/image\/\",\"url\":\"https:\/\/anasounds.com\/wp-content\/uploads\/2017\/10\/Logomadeinfrnoirblc.png\",\"contentUrl\":\"https:\/\/anasounds.com\/wp-content\/uploads\/2017\/10\/Logomadeinfrnoirblc.png\",\"width\":300,\"height\":300,\"caption\":\"Anasounds\"},\"image\":{\"@id\":\"https:\/\/anasounds.com\/#\/schema\/logo\/image\/\"},\"sameAs\":[\"https:\/\/www.facebook.com\/AnasoundsFX\/\",\"https:\/\/www.instagram.com\/anasounds\/\",\"https:\/\/www.youtube.com\/user\/AnaSoundsFR\"]}]}<\/script>\n<!-- \/ Yoast SEO plugin. -->","yoast_head_json":{"title":"Dystopia - Anasounds | Delay analogique aux possibilit\u00e9s bruitistes","description":"La Anasounds Dystopia peut sonner comme un tape echo vintage mais aussi comme un robot en train d'agoniser, et toutes les nuances interm\u00e9diaires.","robots":{"index":"index","follow":"follow","max-snippet":"max-snippet:-1","max-image-preview":"max-image-preview:large","max-video-preview":"max-video-preview:-1"},"canonical":"https:\/\/anasounds.com\/fr\/produit\/dystopia\/","og_locale":"fr_FR","og_type":"article","og_title":"Dystopia - Anasounds | Delay analogique aux possibilit\u00e9s bruitistes","og_description":"La Anasounds Dystopia peut sonner comme un tape echo vintage mais aussi comme un robot en train d'agoniser, et toutes les nuances interm\u00e9diaires.","og_url":"https:\/\/anasounds.com\/fr\/produit\/dystopia\/","og_site_name":"Anasounds","article_publisher":"https:\/\/www.facebook.com\/AnasoundsFX\/","article_modified_time":"2023-12-20T22:03:42+00:00","og_image":[{"width":1500,"height":1500,"url":"https:\/\/anasounds.com\/wp-content\/uploads\/2023\/11\/Anasounds_dystopia.jpg","type":"image\/jpeg"}],"twitter_card":"summary_large_image","twitter_misc":{"Dur\u00e9e de lecture estim\u00e9e":"3 minutes"},"schema":{"@context":"https:\/\/schema.org","@graph":[{"@type":"WebPage","@id":"https:\/\/anasounds.com\/fr\/produit\/dystopia\/","url":"https:\/\/anasounds.com\/fr\/produit\/dystopia\/","name":"Dystopia - Anasounds | Delay analogique aux possibilit\u00e9s bruitistes","isPartOf":{"@id":"https:\/\/anasounds.com\/#website"},"primaryImageOfPage":{"@id":"https:\/\/anasounds.com\/fr\/produit\/dystopia\/#primaryimage"},"image":{"@id":"https:\/\/anasounds.com\/fr\/produit\/dystopia\/#primaryimage"},"thumbnailUrl":"https:\/\/anasounds.com\/wp-content\/uploads\/2023\/11\/Anasounds_dystopia.jpg","datePublished":"2023-11-16T14:42:42+00:00","dateModified":"2023-12-20T22:03:42+00:00","description":"La Anasounds Dystopia peut sonner comme un tape echo vintage mais aussi comme un robot en train d'agoniser, et toutes les nuances interm\u00e9diaires.","breadcrumb":{"@id":"https:\/\/anasounds.com\/fr\/produit\/dystopia\/#breadcrumb"},"inLanguage":"fr-FR","potentialAction":[{"@type":"ReadAction","target":["https:\/\/anasounds.com\/fr\/produit\/dystopia\/"]}]},{"@type":"ImageObject","inLanguage":"fr-FR","@id":"https:\/\/anasounds.com\/fr\/produit\/dystopia\/#primaryimage","url":"https:\/\/anasounds.com\/wp-content\/uploads\/2023\/11\/Anasounds_dystopia.jpg","contentUrl":"https:\/\/anasounds.com\/wp-content\/uploads\/2023\/11\/Anasounds_dystopia.jpg","width":1500,"height":1500},{"@type":"BreadcrumbList","@id":"https:\/\/anasounds.com\/fr\/produit\/dystopia\/#breadcrumb","itemListElement":[{"@type":"ListItem","position":1,"name":"Home","item":"https:\/\/anasounds.com\/fr\/"},{"@type":"ListItem","position":2,"name":"boutique","item":"https:\/\/anasounds.com\/fr\/shop\/"},{"@type":"ListItem","position":3,"name":"\u00c9dition limit\u00e9e Dystopia"}]},{"@type":"WebSite","@id":"https:\/\/anasounds.com\/#website","url":"https:\/\/anasounds.com\/","name":"Anasounds","description":"P\u00e9dales \u00e0 la Fran\u00e7aise","publisher":{"@id":"https:\/\/anasounds.com\/#organization"},"potentialAction":[{"@type":"SearchAction","target":{"@type":"EntryPoint","urlTemplate":"https:\/\/anasounds.com\/?s={search_term_string}"},"query-input":{"@type":"PropertyValueSpecification","valueRequired":true,"valueName":"search_term_string"}}],"inLanguage":"fr-FR"},{"@type":"Organization","@id":"https:\/\/anasounds.com\/#organization","name":"Anasounds","url":"https:\/\/anasounds.com\/","logo":{"@type":"ImageObject","inLanguage":"fr-FR","@id":"https:\/\/anasounds.com\/#\/schema\/logo\/image\/","url":"https:\/\/anasounds.com\/wp-content\/uploads\/2017\/10\/Logomadeinfrnoirblc.png","contentUrl":"https:\/\/anasounds.com\/wp-content\/uploads\/2017\/10\/Logomadeinfrnoirblc.png","width":300,"height":300,"caption":"Anasounds"},"image":{"@id":"https:\/\/anasounds.com\/#\/schema\/logo\/image\/"},"sameAs":["https:\/\/www.facebook.com\/AnasoundsFX\/","https:\/\/www.instagram.com\/anasounds\/","https:\/\/www.youtube.com\/user\/AnaSoundsFR"]}]}},"_links":{"self":[{"href":"https:\/\/anasounds.com\/fr\/wp-json\/wp\/v2\/product\/92753","targetHints":{"allow":["GET"]}}],"collection":[{"href":"https:\/\/anasounds.com\/fr\/wp-json\/wp\/v2\/product"}],"about":[{"href":"https:\/\/anasounds.com\/fr\/wp-json\/wp\/v2\/types\/product"}],"replies":[{"embeddable":true,"href":"https:\/\/anasounds.com\/fr\/wp-json\/wp\/v2\/comments?post=92753"}],"wp:featuredmedia":[{"embeddable":true,"href":"https:\/\/anasounds.com\/fr\/wp-json\/wp\/v2\/media\/92762"}],"wp:attachment":[{"href":"https:\/\/anasounds.com\/fr\/wp-json\/wp\/v2\/media?parent=92753"}],"wp:term":[{"taxonomy":"product_brand","embeddable":true,"href":"https:\/\/anasounds.com\/fr\/wp-json\/wp\/v2\/product_brand?post=92753"},{"taxonomy":"product_cat","embeddable":true,"href":"https:\/\/anasounds.com\/fr\/wp-json\/wp\/v2\/product_cat?post=92753"},{"taxonomy":"product_tag","embeddable":true,"href":"https:\/\/anasounds.com\/fr\/wp-json\/wp\/v2\/product_tag?post=92753"}],"curies":[{"name":"wp","href":"https:\/\/api.w.org\/{rel}","templated":true}]}}