{"id":92801,"date":"2023-11-16T17:42:39","date_gmt":"2023-11-16T16:42:39","guid":{"rendered":"https:\/\/anasounds.com\/?post_type=product&#038;p=92801"},"modified":"2026-04-16T17:31:03","modified_gmt":"2026-04-16T15:31:03","slug":"utopia-deluxe","status":"publish","type":"product","link":"https:\/\/anasounds.com\/fr\/produit\/utopia-deluxe\/","title":{"rendered":"Utopia Deluxe"},"content":{"rendered":"<h3><\/h3>\n<p>&nbsp;<\/p>\n<h1 style=\"text-align: center;\">la anasounds utopia deluxe<\/h1>\n<p>&nbsp;<\/p>\n<p style=\"text-align: center;\">La <a href=\"https:\/\/anasounds.com\/fr\/produits\/origins-pedals\/utopia\/\">Utopia originale<\/a> est la p\u00e9dale qui a fait d\u2019Anasounds ce que nous sommes \u00e0 l\u2019heure actuelle, l\u2019\u00e9tincelle qui a mis le feu<br \/>\naux poudres et n\u2019a jamais cess\u00e9 d\u2019\u00eatre un des mod\u00e8les les plus demand\u00e9s du catalogue depuis 2015.<br \/>\nEntre-temps, vous nous avez souvent demand\u00e9 une version plus compl\u00e8te de l\u2019Utopia, notamment avec le tap tempo<br \/>\nqui \u00e9tait de loin l\u2019option suppl\u00e9mentaire la plus sollicit\u00e9e. Mais nous ne voulions pas nous contenter de rajouter un footswitch de tap tempo<br \/>\n\u00e0 l\u2019Utopia originale, nous avons donc compl\u00e8tement revu le circuit pour un nouveau voicing encore plus musical,<br \/>\nplus agr\u00e9able \u00e0 jouer et tirant pleinement parti des possibilit\u00e9s \u00e9normes de la fameuse puce PT2399.<\/p>\n<p>&nbsp;<\/p>\n<h1 style=\"text-align: center;\">un tap tempo mais pas que<\/h1>\n<p>&nbsp;<\/p>\n<p style=\"text-align: center;\">Il nous aura fallu de nombreuses ann\u00e9es pour y parvenir (vous avez dit perfectionnistes ?), mais voici enfin la<br \/>\nAnasounds Utopia Deluxe, et nous pensons qu\u2019elle m\u00e9ritait bien cette attente.<br \/>\nIl y a bien s\u00fbr le tap tempo, avec son propre footswitch qui peut aussi d\u00e9clencher des r\u00e9p\u00e9titions infinies<br \/>\nlorsque vous restez appuy\u00e9 dessus, et bien s\u00fbr vous pouvez choisir votre subdivision avec la croche point\u00e9e (oui, nous aussi<br \/>\non aime bien The Edge et David Gilmour). Mais nous ne nous sommes pas arr\u00eat\u00e9s l\u00e0, puisque vous trouverez aussi un r\u00e9glage<br \/>\nde Tone pour des r\u00e9p\u00e9titions plus ou moins sombres, et un pr\u00e9ampli int\u00e9gr\u00e9 qui reprend le beau son<br \/>\net les harmoniques chatoyantes du EP.<br \/>\nVous avez acc\u00e8s \u00e0 son volume, mais aussi \u00e0 un switch qui permet de l\u2019activer ou m\u00eame<br \/>\nde le mettre en mode \u201calways on\u201d, m\u00eame quand le delay n\u2019est pas enclench\u00e9.<\/p>\n<p style=\"text-align: center;\">Enfin, le potard central \u201cBliss\u201d s\u2019occupe de la modulation. Il est divis\u00e9 en trois r\u00e9gions correspondant<br \/>\n\u00e0 trois effets diff\u00e9rents (tape echo, chorus, vibrato), et la zone de l\u2019effet permet d\u2019ajuster automatiquement la profondeur<br \/>\net la vitesse pour arriver uniquement \u00e0 des sons utilisables, du plus discret au plus marqu\u00e9.<\/p>\n<p style=\"text-align: center;\">La r\u00e9f\u00e9rence a encore pris du gallon, et il faudra d\u00e9sormais compter avec la<br \/>\nnouvelle patronne du delay simple mais toutes options, la Anasounds Utopia Deluxe.<\/p>\n<p>&nbsp;<\/p>\n<h3 style=\"text-align: center;\">pour plus d&rsquo;informations sur la utopia deluxe,<br \/>\nrendez-vous sur sa <a href=\"https:\/\/anasounds.com\/fr\/utopia-deluxe\/\">page de pr\u00e9sentation<\/a> ou <a href=\"https:\/\/anasounds.com\/wp-content\/uploads\/2023\/11\/Utopia_FR-1.pdf\">t\u00e9l\u00e9chargez sa notice<\/a>.<\/h3>\n<p>&nbsp;<\/p>\n<p>&nbsp;<\/p>\n","protected":false},"excerpt":{"rendered":"<p><span style=\"font-weight: 400;\">La Anasounds Utopia Deluxe est la version am\u00e9lior\u00e9e du delay au son chaud et analogique qui a fait la r\u00e9putation de la marque.<\/span><\/p>\n","protected":false},"featured_media":92810,"comment_status":"open","ping_status":"closed","template":"","meta":[],"product_brand":[],"product_cat":[661,1555,272,273,268,1556],"product_tag":[1569,74,1568,684,1575,76,1576,1577,1574],"class_list":{"0":"post-92801","1":"product","2":"type-product","3":"status-publish","4":"has-post-thumbnail","6":"product_cat-nouveau","7":"product_cat-type-d-effet","8":"product_cat-delay-fr","9":"product_cat-echo-fr","10":"product_cat-pedales-anasounds","11":"product_cat-gamme-utopia","12":"product_tag-bande","13":"product_tag-delay","14":"product_tag-echo-a-bande","15":"product_tag-tap-tempo","16":"product_tag-utopi","17":"product_tag-utopia","18":"product_tag-utopia-deluxe","19":"product_tag-utopia-dlx","20":"product_tag-utopie","22":"first","23":"instock","24":"taxable","25":"shipping-taxable","26":"purchasable","27":"product-type-simple"},"supplier_id":83515,"supplier_sku":"","barcode":null,"atum_controlled":true,"out_stock_date":null,"out_stock_threshold":null,"inheritable":false,"inbound_stock":0,"stock_on_hold":0,"sold_today":0,"sales_last_days":0,"reserved_stock":0,"customer_returns":0,"warehouse_damage":0,"lost_in_post":0,"other_logs":0,"out_stock_days":0,"lost_sales":0,"has_location":false,"update_date":"2026-04-22T01:12:46","atum_locations":[],"atum_stock_status":"instock","restock_status":false,"low_stock_amount":"","sales_update_date":"2026-04-22T01:12:46","calc_backorders":0,"yoast_head":"<!-- This site is optimized with the Yoast SEO plugin v26.5 - https:\/\/yoast.com\/wordpress\/plugins\/seo\/ -->\n<title>Utopia Deluxe - Anasounds | Delay analogique avec modulations<\/title>\n<meta name=\"description\" content=\"La Utopia Deluxe est \u00e0 la fois un delay PT2399 dont le son rappelle le beau son d\u2019un \u00e9cho \u00e0 bandes, facile d\u2019utilisation et bourr\u00e9e d\u2019options passionnantes.\" \/>\n<meta name=\"robots\" content=\"index, follow, max-snippet:-1, max-image-preview:large, max-video-preview:-1\" \/>\n<link rel=\"canonical\" href=\"https:\/\/anasounds.com\/fr\/produit\/utopia-deluxe\/\" \/>\n<meta property=\"og:locale\" content=\"fr_FR\" \/>\n<meta property=\"og:type\" content=\"article\" \/>\n<meta property=\"og:title\" content=\"Utopia Deluxe - Anasounds | Delay analogique avec modulations\" \/>\n<meta property=\"og:description\" content=\"La Utopia Deluxe est \u00e0 la fois un delay PT2399 dont le son rappelle le beau son d\u2019un \u00e9cho \u00e0 bandes, facile d\u2019utilisation et bourr\u00e9e d\u2019options passionnantes.\" \/>\n<meta property=\"og:url\" content=\"https:\/\/anasounds.com\/fr\/produit\/utopia-deluxe\/\" \/>\n<meta property=\"og:site_name\" content=\"Anasounds\" \/>\n<meta property=\"article:publisher\" content=\"https:\/\/www.facebook.com\/AnasoundsFX\/\" \/>\n<meta property=\"article:modified_time\" content=\"2026-04-16T15:31:03+00:00\" \/>\n<meta property=\"og:image\" content=\"https:\/\/anasounds.com\/wp-content\/uploads\/2023\/11\/Anasounds_utopia_deluxe.jpg\" \/>\n\t<meta property=\"og:image:width\" content=\"1500\" \/>\n\t<meta property=\"og:image:height\" content=\"1500\" \/>\n\t<meta property=\"og:image:type\" content=\"image\/jpeg\" \/>\n<meta name=\"twitter:card\" content=\"summary_large_image\" \/>\n<meta name=\"twitter:label1\" content=\"Dur\u00e9e de lecture estim\u00e9e\" \/>\n\t<meta name=\"twitter:data1\" content=\"2 minutes\" \/>\n<script type=\"application\/ld+json\" class=\"yoast-schema-graph\">{\"@context\":\"https:\/\/schema.org\",\"@graph\":[{\"@type\":\"WebPage\",\"@id\":\"https:\/\/anasounds.com\/fr\/produit\/utopia-deluxe\/\",\"url\":\"https:\/\/anasounds.com\/fr\/produit\/utopia-deluxe\/\",\"name\":\"Utopia Deluxe - Anasounds | Delay analogique avec modulations\",\"isPartOf\":{\"@id\":\"https:\/\/anasounds.com\/#website\"},\"primaryImageOfPage\":{\"@id\":\"https:\/\/anasounds.com\/fr\/produit\/utopia-deluxe\/#primaryimage\"},\"image\":{\"@id\":\"https:\/\/anasounds.com\/fr\/produit\/utopia-deluxe\/#primaryimage\"},\"thumbnailUrl\":\"https:\/\/anasounds.com\/wp-content\/uploads\/2023\/11\/Anasounds_utopia_deluxe.jpg\",\"datePublished\":\"2023-11-16T16:42:39+00:00\",\"dateModified\":\"2026-04-16T15:31:03+00:00\",\"description\":\"La Utopia Deluxe est \u00e0 la fois un delay PT2399 dont le son rappelle le beau son d\u2019un \u00e9cho \u00e0 bandes, facile d\u2019utilisation et bourr\u00e9e d\u2019options passionnantes.\",\"breadcrumb\":{\"@id\":\"https:\/\/anasounds.com\/fr\/produit\/utopia-deluxe\/#breadcrumb\"},\"inLanguage\":\"fr-FR\",\"potentialAction\":[{\"@type\":\"ReadAction\",\"target\":[\"https:\/\/anasounds.com\/fr\/produit\/utopia-deluxe\/\"]}]},{\"@type\":\"ImageObject\",\"inLanguage\":\"fr-FR\",\"@id\":\"https:\/\/anasounds.com\/fr\/produit\/utopia-deluxe\/#primaryimage\",\"url\":\"https:\/\/anasounds.com\/wp-content\/uploads\/2023\/11\/Anasounds_utopia_deluxe.jpg\",\"contentUrl\":\"https:\/\/anasounds.com\/wp-content\/uploads\/2023\/11\/Anasounds_utopia_deluxe.jpg\",\"width\":1500,\"height\":1500},{\"@type\":\"BreadcrumbList\",\"@id\":\"https:\/\/anasounds.com\/fr\/produit\/utopia-deluxe\/#breadcrumb\",\"itemListElement\":[{\"@type\":\"ListItem\",\"position\":1,\"name\":\"Home\",\"item\":\"https:\/\/anasounds.com\/fr\/\"},{\"@type\":\"ListItem\",\"position\":2,\"name\":\"boutique\",\"item\":\"https:\/\/anasounds.com\/fr\/shop\/\"},{\"@type\":\"ListItem\",\"position\":3,\"name\":\"Utopia Deluxe\"}]},{\"@type\":\"WebSite\",\"@id\":\"https:\/\/anasounds.com\/#website\",\"url\":\"https:\/\/anasounds.com\/\",\"name\":\"Anasounds\",\"description\":\"P\u00e9dales \u00e0 la Fran\u00e7aise\",\"publisher\":{\"@id\":\"https:\/\/anasounds.com\/#organization\"},\"potentialAction\":[{\"@type\":\"SearchAction\",\"target\":{\"@type\":\"EntryPoint\",\"urlTemplate\":\"https:\/\/anasounds.com\/?s={search_term_string}\"},\"query-input\":{\"@type\":\"PropertyValueSpecification\",\"valueRequired\":true,\"valueName\":\"search_term_string\"}}],\"inLanguage\":\"fr-FR\"},{\"@type\":\"Organization\",\"@id\":\"https:\/\/anasounds.com\/#organization\",\"name\":\"Anasounds\",\"url\":\"https:\/\/anasounds.com\/\",\"logo\":{\"@type\":\"ImageObject\",\"inLanguage\":\"fr-FR\",\"@id\":\"https:\/\/anasounds.com\/#\/schema\/logo\/image\/\",\"url\":\"https:\/\/anasounds.com\/wp-content\/uploads\/2017\/10\/Logomadeinfrnoirblc.png\",\"contentUrl\":\"https:\/\/anasounds.com\/wp-content\/uploads\/2017\/10\/Logomadeinfrnoirblc.png\",\"width\":300,\"height\":300,\"caption\":\"Anasounds\"},\"image\":{\"@id\":\"https:\/\/anasounds.com\/#\/schema\/logo\/image\/\"},\"sameAs\":[\"https:\/\/www.facebook.com\/AnasoundsFX\/\",\"https:\/\/www.instagram.com\/anasounds\/\",\"https:\/\/www.youtube.com\/user\/AnaSoundsFR\"]}]}<\/script>\n<!-- \/ Yoast SEO plugin. -->","yoast_head_json":{"title":"Utopia Deluxe - Anasounds | Delay analogique avec modulations","description":"La Utopia Deluxe est \u00e0 la fois un delay PT2399 dont le son rappelle le beau son d\u2019un \u00e9cho \u00e0 bandes, facile d\u2019utilisation et bourr\u00e9e d\u2019options passionnantes.","robots":{"index":"index","follow":"follow","max-snippet":"max-snippet:-1","max-image-preview":"max-image-preview:large","max-video-preview":"max-video-preview:-1"},"canonical":"https:\/\/anasounds.com\/fr\/produit\/utopia-deluxe\/","og_locale":"fr_FR","og_type":"article","og_title":"Utopia Deluxe - Anasounds | Delay analogique avec modulations","og_description":"La Utopia Deluxe est \u00e0 la fois un delay PT2399 dont le son rappelle le beau son d\u2019un \u00e9cho \u00e0 bandes, facile d\u2019utilisation et bourr\u00e9e d\u2019options passionnantes.","og_url":"https:\/\/anasounds.com\/fr\/produit\/utopia-deluxe\/","og_site_name":"Anasounds","article_publisher":"https:\/\/www.facebook.com\/AnasoundsFX\/","article_modified_time":"2026-04-16T15:31:03+00:00","og_image":[{"width":1500,"height":1500,"url":"https:\/\/anasounds.com\/wp-content\/uploads\/2023\/11\/Anasounds_utopia_deluxe.jpg","type":"image\/jpeg"}],"twitter_card":"summary_large_image","twitter_misc":{"Dur\u00e9e de lecture estim\u00e9e":"2 minutes"},"schema":{"@context":"https:\/\/schema.org","@graph":[{"@type":"WebPage","@id":"https:\/\/anasounds.com\/fr\/produit\/utopia-deluxe\/","url":"https:\/\/anasounds.com\/fr\/produit\/utopia-deluxe\/","name":"Utopia Deluxe - Anasounds | Delay analogique avec modulations","isPartOf":{"@id":"https:\/\/anasounds.com\/#website"},"primaryImageOfPage":{"@id":"https:\/\/anasounds.com\/fr\/produit\/utopia-deluxe\/#primaryimage"},"image":{"@id":"https:\/\/anasounds.com\/fr\/produit\/utopia-deluxe\/#primaryimage"},"thumbnailUrl":"https:\/\/anasounds.com\/wp-content\/uploads\/2023\/11\/Anasounds_utopia_deluxe.jpg","datePublished":"2023-11-16T16:42:39+00:00","dateModified":"2026-04-16T15:31:03+00:00","description":"La Utopia Deluxe est \u00e0 la fois un delay PT2399 dont le son rappelle le beau son d\u2019un \u00e9cho \u00e0 bandes, facile d\u2019utilisation et bourr\u00e9e d\u2019options passionnantes.","breadcrumb":{"@id":"https:\/\/anasounds.com\/fr\/produit\/utopia-deluxe\/#breadcrumb"},"inLanguage":"fr-FR","potentialAction":[{"@type":"ReadAction","target":["https:\/\/anasounds.com\/fr\/produit\/utopia-deluxe\/"]}]},{"@type":"ImageObject","inLanguage":"fr-FR","@id":"https:\/\/anasounds.com\/fr\/produit\/utopia-deluxe\/#primaryimage","url":"https:\/\/anasounds.com\/wp-content\/uploads\/2023\/11\/Anasounds_utopia_deluxe.jpg","contentUrl":"https:\/\/anasounds.com\/wp-content\/uploads\/2023\/11\/Anasounds_utopia_deluxe.jpg","width":1500,"height":1500},{"@type":"BreadcrumbList","@id":"https:\/\/anasounds.com\/fr\/produit\/utopia-deluxe\/#breadcrumb","itemListElement":[{"@type":"ListItem","position":1,"name":"Home","item":"https:\/\/anasounds.com\/fr\/"},{"@type":"ListItem","position":2,"name":"boutique","item":"https:\/\/anasounds.com\/fr\/shop\/"},{"@type":"ListItem","position":3,"name":"Utopia Deluxe"}]},{"@type":"WebSite","@id":"https:\/\/anasounds.com\/#website","url":"https:\/\/anasounds.com\/","name":"Anasounds","description":"P\u00e9dales \u00e0 la Fran\u00e7aise","publisher":{"@id":"https:\/\/anasounds.com\/#organization"},"potentialAction":[{"@type":"SearchAction","target":{"@type":"EntryPoint","urlTemplate":"https:\/\/anasounds.com\/?s={search_term_string}"},"query-input":{"@type":"PropertyValueSpecification","valueRequired":true,"valueName":"search_term_string"}}],"inLanguage":"fr-FR"},{"@type":"Organization","@id":"https:\/\/anasounds.com\/#organization","name":"Anasounds","url":"https:\/\/anasounds.com\/","logo":{"@type":"ImageObject","inLanguage":"fr-FR","@id":"https:\/\/anasounds.com\/#\/schema\/logo\/image\/","url":"https:\/\/anasounds.com\/wp-content\/uploads\/2017\/10\/Logomadeinfrnoirblc.png","contentUrl":"https:\/\/anasounds.com\/wp-content\/uploads\/2017\/10\/Logomadeinfrnoirblc.png","width":300,"height":300,"caption":"Anasounds"},"image":{"@id":"https:\/\/anasounds.com\/#\/schema\/logo\/image\/"},"sameAs":["https:\/\/www.facebook.com\/AnasoundsFX\/","https:\/\/www.instagram.com\/anasounds\/","https:\/\/www.youtube.com\/user\/AnaSoundsFR"]}]}},"_links":{"self":[{"href":"https:\/\/anasounds.com\/fr\/wp-json\/wp\/v2\/product\/92801","targetHints":{"allow":["GET"]}}],"collection":[{"href":"https:\/\/anasounds.com\/fr\/wp-json\/wp\/v2\/product"}],"about":[{"href":"https:\/\/anasounds.com\/fr\/wp-json\/wp\/v2\/types\/product"}],"replies":[{"embeddable":true,"href":"https:\/\/anasounds.com\/fr\/wp-json\/wp\/v2\/comments?post=92801"}],"wp:featuredmedia":[{"embeddable":true,"href":"https:\/\/anasounds.com\/fr\/wp-json\/wp\/v2\/media\/92810"}],"wp:attachment":[{"href":"https:\/\/anasounds.com\/fr\/wp-json\/wp\/v2\/media?parent=92801"}],"wp:term":[{"taxonomy":"product_brand","embeddable":true,"href":"https:\/\/anasounds.com\/fr\/wp-json\/wp\/v2\/product_brand?post=92801"},{"taxonomy":"product_cat","embeddable":true,"href":"https:\/\/anasounds.com\/fr\/wp-json\/wp\/v2\/product_cat?post=92801"},{"taxonomy":"product_tag","embeddable":true,"href":"https:\/\/anasounds.com\/fr\/wp-json\/wp\/v2\/product_tag?post=92801"}],"curies":[{"name":"wp","href":"https:\/\/api.w.org\/{rel}","templated":true}]}}