{"id":94587,"date":"2024-07-04T16:28:50","date_gmt":"2024-07-04T14:28:50","guid":{"rendered":"https:\/\/anasounds.com\/?post_type=product&#038;p=94587"},"modified":"2026-04-13T18:19:43","modified_gmt":"2026-04-13T16:19:43","slug":"la-grotte","status":"publish","type":"product","link":"https:\/\/anasounds.com\/fr\/produit\/la-grotte\/","title":{"rendered":"La Grotte"},"content":{"rendered":"<p>&nbsp;<\/p>\n<h1 style=\"text-align: center; margin-left: 50px; margin-right: 50px;\">Jack White et Anasounds : une histoire d\u2019amour r\u00e9verb\u00e9r\u00e9e<\/h1>\n<p style=\"text-align: center; margin-left: 50px; margin-right: 50px;\">Il y a des cons\u00e9crations auxquelles on n\u2019ose m\u00eame pas r\u00eaver. Et pourtant\u2026 Apr\u00e8s avoir jou\u00e9 sur une Element, c\u2019est un Jack White convaincu qui nous a contact\u00e9s afin de d\u00e9velopper une reverb \u00e0 ressort pour Third Man Hardware, sa marque de p\u00e9dales parmi lesquelles on trouve des collaborations avec MXR ou Gamechanger audio, excusez du peu. Jack White est l\u2019un des artistes les plus libres et int\u00e9ressants de notre \u00e9poque, et un guitariste qui n\u2019a jamais cach\u00e9 sa passion du matos, son amour pour le potentiel d\u2019inspiration de ses guitares, ses amplis et ses p\u00e9dales. \u00c0 ce titre, c\u2019\u00e9tait donc un v\u00e9ritable honneur pour Anasounds que de chercher \u00e0 satisfaire ses demandes.<\/p>\n<h1><\/h1>\n<h1 style=\"text-align: center; margin-left: 50px; margin-right: 50px;\">Une simple reverb ?<\/h1>\n<p style=\"text-align: center; margin-left: 50px; margin-right: 50px;\">La Grotte combine en fait un pr\u00e9ampli \u00e0 haut headroom d\u00e9velopp\u00e9 par Tampco et une reverb \u00e0 trois ressorts, le tout contr\u00f4l\u00e9 par deux volumes s\u00e9par\u00e9s pour le signal d\u2019origine et le signal trait\u00e9, et par une EQ deux bandes qui n\u2019affecte que le son de la reverb. C\u2019est une p\u00e9dale qui est donc n\u00e9e d\u2019un besoin sonore de White, et nous avons donc pass\u00e9 beaucoup de temps \u00e0 ajuster tr\u00e8s finement le rendu pour un son de reverb \u00e0 ressort \u00e0 la fois profond, spongieux, brillant et naturel, qui se pr\u00eate \u00e0 la fois \u00e0 une utilisation surf \/ garage classique mais aussi \u00e0 quelque chose de plus moderne. Gr\u00e2ce au pad de niveau, c\u2019est m\u00eame un outil qui peut servir pour la basse, le synth\u00e9 ou comme effet de studio pour vos mixes. Au-del\u00e0 de la fiert\u00e9 que nous ressentons d\u2019avoir pu contenter un artiste exigeant comme Jack White, La Grotte est aussi la meilleure version possible de notre reverb \u00e0 ressort, et \u00e0 ce titre elle trouvera forc\u00e9ment sa place sur votre pedalboard.<\/p>\n<p style=\"text-align: center;\">Dimensions de La Grotte : 15 x 12.3 x 6,2cm &#8211; 5.9 x 4.9 x 2,5 inches<\/p>\n<p>&nbsp;<\/p>\n<h3 style=\"text-align: center; margin-left: 50px; margin-right: 50px;\">pour plus d&rsquo;informations sur La Grotte, rendez-vous sur sa <a href=\"https:\/\/anasounds.com\/fr\/la-grotte\/\">page de pr\u00e9sentation<\/a> ou retrouvez sa notice <a href=\"https:\/\/anasounds.com\/fr\/la-grotte-manuel-dutilisation\/\">ici<\/a>.<\/h3>\n<p>&nbsp;<\/p>\n<p>&nbsp;<\/p>\n","protected":false},"excerpt":{"rendered":"<p>La Anasounds La Grotte est une reverb \u00e0 ressort analogique con\u00e7ue en collaboration avec Jack White pour un son vintage bien chaud et typ\u00e9.<\/p>\n","protected":false},"featured_media":94589,"comment_status":"open","ping_status":"closed","template":"","meta":[],"product_brand":[],"product_cat":[1586,661,1555,1565,268],"product_tag":[477,1588,1589,1587,483,478,1591,484,480,1590],"class_list":{"0":"post-94587","1":"product","2":"type-product","3":"status-publish","4":"has-post-thumbnail","6":"product_cat-la-grotte","7":"product_cat-nouveau","8":"product_cat-type-d-effet","9":"product_cat-reverb-fr","10":"product_cat-pedales-anasounds","11":"product_tag-element","12":"product_tag-grotte","13":"product_tag-jack-white","14":"product_tag-la-grotte","15":"product_tag-ressort","16":"product_tag-reverb","17":"product_tag-reverbe","18":"product_tag-spring","19":"product_tag-tank","20":"product_tag-white","22":"first","23":"instock","24":"taxable","25":"shipping-taxable","26":"purchasable","27":"product-type-simple"},"supplier_id":83515,"supplier_sku":"","barcode":null,"atum_controlled":true,"out_stock_date":null,"out_stock_threshold":null,"inheritable":false,"inbound_stock":0,"stock_on_hold":0,"sold_today":0,"sales_last_days":0,"reserved_stock":0,"customer_returns":0,"warehouse_damage":0,"lost_in_post":0,"other_logs":0,"out_stock_days":0,"lost_sales":0,"has_location":false,"update_date":"2026-04-29T01:15:48","atum_locations":[],"atum_stock_status":"instock","restock_status":false,"low_stock_amount":"","sales_update_date":"2026-04-29T01:15:48","calc_backorders":0,"yoast_head":"<!-- This site is optimized with the Yoast SEO plugin v26.5 - https:\/\/yoast.com\/wordpress\/plugins\/seo\/ -->\n<title>La Grotte - Anasounds | Reverb \u00e0 ressort signature Jack White<\/title>\n<meta name=\"description\" content=\"La Anasounds La Grotte a \u00e9t\u00e9 d\u00e9velopp\u00e9e pour Third Man Hardware et c\u2019est une spring reverb avec un vrai ressort et un pr\u00e9ampli au son bien \u00e9pais et puissant.\" \/>\n<meta name=\"robots\" content=\"index, follow, max-snippet:-1, max-image-preview:large, max-video-preview:-1\" \/>\n<link rel=\"canonical\" href=\"https:\/\/anasounds.com\/fr\/produit\/la-grotte\/\" \/>\n<meta property=\"og:locale\" content=\"fr_FR\" \/>\n<meta property=\"og:type\" content=\"article\" \/>\n<meta property=\"og:title\" content=\"La Grotte - Anasounds | Reverb \u00e0 ressort signature Jack White\" \/>\n<meta property=\"og:description\" content=\"La Anasounds La Grotte a \u00e9t\u00e9 d\u00e9velopp\u00e9e pour Third Man Hardware et c\u2019est une spring reverb avec un vrai ressort et un pr\u00e9ampli au son bien \u00e9pais et puissant.\" \/>\n<meta property=\"og:url\" content=\"https:\/\/anasounds.com\/fr\/produit\/la-grotte\/\" \/>\n<meta property=\"og:site_name\" content=\"Anasounds\" \/>\n<meta property=\"article:publisher\" content=\"https:\/\/www.facebook.com\/AnasoundsFX\/\" \/>\n<meta property=\"article:modified_time\" content=\"2026-04-13T16:19:43+00:00\" \/>\n<meta property=\"og:image\" content=\"https:\/\/anasounds.com\/wp-content\/uploads\/2024\/07\/La_grotte.jpg\" \/>\n\t<meta property=\"og:image:width\" content=\"1500\" \/>\n\t<meta property=\"og:image:height\" content=\"1500\" \/>\n\t<meta property=\"og:image:type\" content=\"image\/jpeg\" \/>\n<meta name=\"twitter:card\" content=\"summary_large_image\" \/>\n<meta name=\"twitter:label1\" content=\"Dur\u00e9e de lecture estim\u00e9e\" \/>\n\t<meta name=\"twitter:data1\" content=\"2 minutes\" \/>\n<script type=\"application\/ld+json\" class=\"yoast-schema-graph\">{\"@context\":\"https:\/\/schema.org\",\"@graph\":[{\"@type\":\"WebPage\",\"@id\":\"https:\/\/anasounds.com\/fr\/produit\/la-grotte\/\",\"url\":\"https:\/\/anasounds.com\/fr\/produit\/la-grotte\/\",\"name\":\"La Grotte - Anasounds | Reverb \u00e0 ressort signature Jack White\",\"isPartOf\":{\"@id\":\"https:\/\/anasounds.com\/#website\"},\"primaryImageOfPage\":{\"@id\":\"https:\/\/anasounds.com\/fr\/produit\/la-grotte\/#primaryimage\"},\"image\":{\"@id\":\"https:\/\/anasounds.com\/fr\/produit\/la-grotte\/#primaryimage\"},\"thumbnailUrl\":\"https:\/\/anasounds.com\/wp-content\/uploads\/2024\/07\/La_grotte.jpg\",\"datePublished\":\"2024-07-04T14:28:50+00:00\",\"dateModified\":\"2026-04-13T16:19:43+00:00\",\"description\":\"La Anasounds La Grotte a \u00e9t\u00e9 d\u00e9velopp\u00e9e pour Third Man Hardware et c\u2019est une spring reverb avec un vrai ressort et un pr\u00e9ampli au son bien \u00e9pais et puissant.\",\"breadcrumb\":{\"@id\":\"https:\/\/anasounds.com\/fr\/produit\/la-grotte\/#breadcrumb\"},\"inLanguage\":\"fr-FR\",\"potentialAction\":[{\"@type\":\"ReadAction\",\"target\":[\"https:\/\/anasounds.com\/fr\/produit\/la-grotte\/\"]}]},{\"@type\":\"ImageObject\",\"inLanguage\":\"fr-FR\",\"@id\":\"https:\/\/anasounds.com\/fr\/produit\/la-grotte\/#primaryimage\",\"url\":\"https:\/\/anasounds.com\/wp-content\/uploads\/2024\/07\/La_grotte.jpg\",\"contentUrl\":\"https:\/\/anasounds.com\/wp-content\/uploads\/2024\/07\/La_grotte.jpg\",\"width\":1500,\"height\":1500},{\"@type\":\"BreadcrumbList\",\"@id\":\"https:\/\/anasounds.com\/fr\/produit\/la-grotte\/#breadcrumb\",\"itemListElement\":[{\"@type\":\"ListItem\",\"position\":1,\"name\":\"Home\",\"item\":\"https:\/\/anasounds.com\/fr\/\"},{\"@type\":\"ListItem\",\"position\":2,\"name\":\"boutique\",\"item\":\"https:\/\/anasounds.com\/fr\/shop\/\"},{\"@type\":\"ListItem\",\"position\":3,\"name\":\"La Grotte\"}]},{\"@type\":\"WebSite\",\"@id\":\"https:\/\/anasounds.com\/#website\",\"url\":\"https:\/\/anasounds.com\/\",\"name\":\"Anasounds\",\"description\":\"P\u00e9dales \u00e0 la Fran\u00e7aise\",\"publisher\":{\"@id\":\"https:\/\/anasounds.com\/#organization\"},\"potentialAction\":[{\"@type\":\"SearchAction\",\"target\":{\"@type\":\"EntryPoint\",\"urlTemplate\":\"https:\/\/anasounds.com\/?s={search_term_string}\"},\"query-input\":{\"@type\":\"PropertyValueSpecification\",\"valueRequired\":true,\"valueName\":\"search_term_string\"}}],\"inLanguage\":\"fr-FR\"},{\"@type\":\"Organization\",\"@id\":\"https:\/\/anasounds.com\/#organization\",\"name\":\"Anasounds\",\"url\":\"https:\/\/anasounds.com\/\",\"logo\":{\"@type\":\"ImageObject\",\"inLanguage\":\"fr-FR\",\"@id\":\"https:\/\/anasounds.com\/#\/schema\/logo\/image\/\",\"url\":\"https:\/\/anasounds.com\/wp-content\/uploads\/2017\/10\/Logomadeinfrnoirblc.png\",\"contentUrl\":\"https:\/\/anasounds.com\/wp-content\/uploads\/2017\/10\/Logomadeinfrnoirblc.png\",\"width\":300,\"height\":300,\"caption\":\"Anasounds\"},\"image\":{\"@id\":\"https:\/\/anasounds.com\/#\/schema\/logo\/image\/\"},\"sameAs\":[\"https:\/\/www.facebook.com\/AnasoundsFX\/\",\"https:\/\/www.instagram.com\/anasounds\/\",\"https:\/\/www.youtube.com\/user\/AnaSoundsFR\"]}]}<\/script>\n<!-- \/ Yoast SEO plugin. -->","yoast_head_json":{"title":"La Grotte - Anasounds | Reverb \u00e0 ressort signature Jack White","description":"La Anasounds La Grotte a \u00e9t\u00e9 d\u00e9velopp\u00e9e pour Third Man Hardware et c\u2019est une spring reverb avec un vrai ressort et un pr\u00e9ampli au son bien \u00e9pais et puissant.","robots":{"index":"index","follow":"follow","max-snippet":"max-snippet:-1","max-image-preview":"max-image-preview:large","max-video-preview":"max-video-preview:-1"},"canonical":"https:\/\/anasounds.com\/fr\/produit\/la-grotte\/","og_locale":"fr_FR","og_type":"article","og_title":"La Grotte - Anasounds | Reverb \u00e0 ressort signature Jack White","og_description":"La Anasounds La Grotte a \u00e9t\u00e9 d\u00e9velopp\u00e9e pour Third Man Hardware et c\u2019est une spring reverb avec un vrai ressort et un pr\u00e9ampli au son bien \u00e9pais et puissant.","og_url":"https:\/\/anasounds.com\/fr\/produit\/la-grotte\/","og_site_name":"Anasounds","article_publisher":"https:\/\/www.facebook.com\/AnasoundsFX\/","article_modified_time":"2026-04-13T16:19:43+00:00","og_image":[{"width":1500,"height":1500,"url":"https:\/\/anasounds.com\/wp-content\/uploads\/2024\/07\/La_grotte.jpg","type":"image\/jpeg"}],"twitter_card":"summary_large_image","twitter_misc":{"Dur\u00e9e de lecture estim\u00e9e":"2 minutes"},"schema":{"@context":"https:\/\/schema.org","@graph":[{"@type":"WebPage","@id":"https:\/\/anasounds.com\/fr\/produit\/la-grotte\/","url":"https:\/\/anasounds.com\/fr\/produit\/la-grotte\/","name":"La Grotte - Anasounds | Reverb \u00e0 ressort signature Jack White","isPartOf":{"@id":"https:\/\/anasounds.com\/#website"},"primaryImageOfPage":{"@id":"https:\/\/anasounds.com\/fr\/produit\/la-grotte\/#primaryimage"},"image":{"@id":"https:\/\/anasounds.com\/fr\/produit\/la-grotte\/#primaryimage"},"thumbnailUrl":"https:\/\/anasounds.com\/wp-content\/uploads\/2024\/07\/La_grotte.jpg","datePublished":"2024-07-04T14:28:50+00:00","dateModified":"2026-04-13T16:19:43+00:00","description":"La Anasounds La Grotte a \u00e9t\u00e9 d\u00e9velopp\u00e9e pour Third Man Hardware et c\u2019est une spring reverb avec un vrai ressort et un pr\u00e9ampli au son bien \u00e9pais et puissant.","breadcrumb":{"@id":"https:\/\/anasounds.com\/fr\/produit\/la-grotte\/#breadcrumb"},"inLanguage":"fr-FR","potentialAction":[{"@type":"ReadAction","target":["https:\/\/anasounds.com\/fr\/produit\/la-grotte\/"]}]},{"@type":"ImageObject","inLanguage":"fr-FR","@id":"https:\/\/anasounds.com\/fr\/produit\/la-grotte\/#primaryimage","url":"https:\/\/anasounds.com\/wp-content\/uploads\/2024\/07\/La_grotte.jpg","contentUrl":"https:\/\/anasounds.com\/wp-content\/uploads\/2024\/07\/La_grotte.jpg","width":1500,"height":1500},{"@type":"BreadcrumbList","@id":"https:\/\/anasounds.com\/fr\/produit\/la-grotte\/#breadcrumb","itemListElement":[{"@type":"ListItem","position":1,"name":"Home","item":"https:\/\/anasounds.com\/fr\/"},{"@type":"ListItem","position":2,"name":"boutique","item":"https:\/\/anasounds.com\/fr\/shop\/"},{"@type":"ListItem","position":3,"name":"La Grotte"}]},{"@type":"WebSite","@id":"https:\/\/anasounds.com\/#website","url":"https:\/\/anasounds.com\/","name":"Anasounds","description":"P\u00e9dales \u00e0 la Fran\u00e7aise","publisher":{"@id":"https:\/\/anasounds.com\/#organization"},"potentialAction":[{"@type":"SearchAction","target":{"@type":"EntryPoint","urlTemplate":"https:\/\/anasounds.com\/?s={search_term_string}"},"query-input":{"@type":"PropertyValueSpecification","valueRequired":true,"valueName":"search_term_string"}}],"inLanguage":"fr-FR"},{"@type":"Organization","@id":"https:\/\/anasounds.com\/#organization","name":"Anasounds","url":"https:\/\/anasounds.com\/","logo":{"@type":"ImageObject","inLanguage":"fr-FR","@id":"https:\/\/anasounds.com\/#\/schema\/logo\/image\/","url":"https:\/\/anasounds.com\/wp-content\/uploads\/2017\/10\/Logomadeinfrnoirblc.png","contentUrl":"https:\/\/anasounds.com\/wp-content\/uploads\/2017\/10\/Logomadeinfrnoirblc.png","width":300,"height":300,"caption":"Anasounds"},"image":{"@id":"https:\/\/anasounds.com\/#\/schema\/logo\/image\/"},"sameAs":["https:\/\/www.facebook.com\/AnasoundsFX\/","https:\/\/www.instagram.com\/anasounds\/","https:\/\/www.youtube.com\/user\/AnaSoundsFR"]}]}},"_links":{"self":[{"href":"https:\/\/anasounds.com\/fr\/wp-json\/wp\/v2\/product\/94587","targetHints":{"allow":["GET"]}}],"collection":[{"href":"https:\/\/anasounds.com\/fr\/wp-json\/wp\/v2\/product"}],"about":[{"href":"https:\/\/anasounds.com\/fr\/wp-json\/wp\/v2\/types\/product"}],"replies":[{"embeddable":true,"href":"https:\/\/anasounds.com\/fr\/wp-json\/wp\/v2\/comments?post=94587"}],"wp:featuredmedia":[{"embeddable":true,"href":"https:\/\/anasounds.com\/fr\/wp-json\/wp\/v2\/media\/94589"}],"wp:attachment":[{"href":"https:\/\/anasounds.com\/fr\/wp-json\/wp\/v2\/media?parent=94587"}],"wp:term":[{"taxonomy":"product_brand","embeddable":true,"href":"https:\/\/anasounds.com\/fr\/wp-json\/wp\/v2\/product_brand?post=94587"},{"taxonomy":"product_cat","embeddable":true,"href":"https:\/\/anasounds.com\/fr\/wp-json\/wp\/v2\/product_cat?post=94587"},{"taxonomy":"product_tag","embeddable":true,"href":"https:\/\/anasounds.com\/fr\/wp-json\/wp\/v2\/product_tag?post=94587"}],"curies":[{"name":"wp","href":"https:\/\/api.w.org\/{rel}","templated":true}]}}