{"id":95718,"date":"2024-11-26T23:20:20","date_gmt":"2024-11-26T22:20:20","guid":{"rendered":"https:\/\/anasounds.com\/?post_type=product&#038;p=95718"},"modified":"2026-04-23T14:33:08","modified_gmt":"2026-04-23T12:33:08","slug":"blues-believer-en-kit","status":"publish","type":"product","link":"https:\/\/anasounds.com\/fr\/produit\/blues-believer-en-kit\/","title":{"rendered":"Blues Believer &#8211; En kit"},"content":{"rendered":"<h3 class=\"p1\" style=\"text-align: center;\">L\u2019overdrive transparente originale<\/h3>\n<p class=\"p1\" style=\"text-align: center;\">Ce ne sont pas les overdrives qui manquent sur le march\u00e9.<br \/>\nPourtant, lorsque le circuit \u00e0 l\u2019origine de la Blues Believer est arriv\u00e9 en 1991,<br \/>\nles guitaristes se sont empar\u00e9s avec d\u00e9lectation de ce grain inspir\u00e9 des amplis britanniques vintage qui a lanc\u00e9 une nouvelle mani\u00e8re d\u2019envisager sa cha\u00eene de son.<br \/>\nLorsque l\u2019on parle de son britannique, on s\u2019imagine g\u00e9n\u00e9ralement le gros crunch rond et un peu sombre du Plexi, mais la FX Teacher Blues Believer ne mange pas de ce pain-l\u00e0 :<br \/>\nil s\u2019agit d\u2019une overdrive au son brillant, l\u2019anc\u00eatre de ce que l\u2019on appellera overdrive transparente (sans le son clean r\u00e9inject\u00e9 qui vient g\u00e2cher le beau crunch),<br \/>\n\u00e0 la fois tr\u00e8s respectueuse des caract\u00e9ristiques de votre ampli, de votre guitare, tr\u00e8s sensible \u00e0 vos variations de dynamique dans le jeu,<br \/>\nmais avec un caract\u00e8re \u00e9pais et riche en sustain typique des amplis \u00e0 lampes.<br \/>\nAutrement dit, vous pouvez \u00e0 la fois utiliser la FX Teacher Blues Believer comme base de crunch sur un ampli ultra clean, comme boost pour tout faire basculer,<br \/>\ncomme gras suppl\u00e9mentaire sur un ampli d\u00e9j\u00e0 bien nerveux, ou m\u00eame pour retrouver des sensations de jeu agr\u00e9ables sur un ampli de location qui n\u2019a aucune envie de faire son boulot correctement.<\/p>\n<h3 class=\"p1\" style=\"text-align: center;\">Overdrive ou distortion ?<\/h3>\n<p class=\"p1\" style=\"text-align: center;\">La FX Teacher Blues Believer reprend les trois r\u00e9glages classiques de toute overdrive qui se respecte : Out pour le volume de sortie, Gain pour le taux de saturation et Tone pour le caract\u00e8re du rendu.<br \/>\n\u00c0 noter que, par un caprice du circuit d\u2019origine que nous avons choisi de conserver, le son devient de plus en plus brillant au fur et \u00e0 mesure que vous augmentez le gain.<br \/>\nSi c\u2019est un probl\u00e8me pour vous, le switch de Voice a \u00e9t\u00e9 con\u00e7u exactement pour pallier \u00e0 \u00e7a en calmant progressivement les aigus.<br \/>\nLe deuxi\u00e8me switch, Disto, rajoute un troisi\u00e8me \u00e9tage de saturation<i> <\/i>au circuit classique \u00e0 deux \u00e9tages<br \/>\npour atteindre des niveaux de gain in\u00e9dits qui am\u00e8nent dans le domaine de la franche distortion nerveuse \u00e0 souhait.<br \/>\nEt si \u00e7a n\u2019est toujours pas suffisant pour vous, il y a deux trimpots \u00e0 l\u2019int\u00e9rieur pour pousser le gain encore plus loin.<br \/>\nMais il ne faudra pas venir vous plaindre si tous vos plans en legato passent beaucoup trop facilement.<\/p>\n<h3 class=\"p3\" style=\"text-align: center;\">Fait main avec amour, par Anasounds ou par vous !<\/h3>\n<p class=\"p1\" style=\"text-align: center;\">Comme toujours chez FX Teacher, la Blues Believer est disponible en kit ou en version pr\u00e9-assembl\u00e9e,<br \/>\net le visuel a aussi \u00e9t\u00e9 soigneusement \u00e9tudi\u00e9 avec une sc\u00e8ne tout droit sortie d\u2019un film noir des ann\u00e9es 50.<br \/>\nAllez savoir ce que cherche le d\u00e9tective en question, mais s\u2019il est en qu\u00eate de l\u2019overdrive ultime, il ferait bien de s\u2019int\u00e9resser \u00e0 la FX Teacher Blues Believer.<\/p>\n","protected":false},"excerpt":{"rendered":"<h3>La FX Teacher Blues Believer reprend une fameuse overdrive transparente britannique<br \/>\nen l\u2019amenant au niveau sup\u00e9rieur.<\/h3>\n","protected":false},"featured_media":95727,"comment_status":"open","ping_status":"closed","template":"","meta":[],"product_brand":[],"product_cat":[661,1555,433,277,279,267,713],"product_tag":[1631,1627,1625,1624,1626,1628,1629,435,949,1630,59,119],"class_list":{"0":"post-95718","1":"product","2":"type-product","3":"status-publish","4":"has-post-thumbnail","6":"product_cat-nouveau","7":"product_cat-type-d-effet","8":"product_cat-distortion-fr","9":"product_cat-overdrive-fr","10":"product_cat-preamp-fr","11":"product_cat-fx-teacher","12":"product_cat-fx-teacher-assemblee","13":"product_tag-amp-in-a-box-fr","14":"product_tag-belief","15":"product_tag-believer","16":"product_tag-blues","17":"product_tag-blues-believer","18":"product_tag-blues-breaker","19":"product_tag-bluesbreaker","20":"product_tag-disto-fr","21":"product_tag-kit","22":"product_tag-od","23":"product_tag-overdrive","24":"product_tag-preamp","26":"first","27":"instock","28":"taxable","29":"shipping-taxable","30":"purchasable","31":"product-type-simple"},"supplier_id":83515,"supplier_sku":"","barcode":"3760257573562","atum_controlled":true,"out_stock_date":null,"out_stock_threshold":null,"inheritable":false,"inbound_stock":0,"stock_on_hold":0,"sold_today":0,"sales_last_days":0,"reserved_stock":0,"customer_returns":0,"warehouse_damage":0,"lost_in_post":0,"other_logs":0,"out_stock_days":0,"lost_sales":0,"has_location":false,"update_date":"2026-04-25T01:14:50","atum_locations":[],"atum_stock_status":"instock","restock_status":false,"low_stock_amount":"","sales_update_date":"2026-04-25T01:14:50","calc_backorders":0,"yoast_head":"<!-- This site is optimized with the Yoast SEO plugin v26.5 - https:\/\/yoast.com\/wordpress\/plugins\/seo\/ -->\n<title>Blues Believer - kit | Overdrive bleue, bluesy et polyvalente<\/title>\n<meta name=\"description\" content=\"La FX Teacher Blues Believer est une overdrive \u00e0 la fois transparente et tr\u00e8s sensible aux nuances du jeu, qui fonctionne aussi bien en boost tr\u00e8s l\u00e9ger...\" \/>\n<meta name=\"robots\" content=\"index, follow, max-snippet:-1, max-image-preview:large, max-video-preview:-1\" \/>\n<link rel=\"canonical\" href=\"https:\/\/anasounds.com\/fr\/produit\/blues-believer-en-kit\/\" \/>\n<meta property=\"og:locale\" content=\"fr_FR\" \/>\n<meta property=\"og:type\" content=\"article\" \/>\n<meta property=\"og:title\" content=\"Blues Believer - kit | Overdrive bleue, bluesy et polyvalente\" \/>\n<meta property=\"og:description\" content=\"La FX Teacher Blues Believer est une overdrive \u00e0 la fois transparente et tr\u00e8s sensible aux nuances du jeu, qui fonctionne aussi bien en boost tr\u00e8s l\u00e9ger...\" \/>\n<meta property=\"og:url\" content=\"https:\/\/anasounds.com\/fr\/produit\/blues-believer-en-kit\/\" \/>\n<meta property=\"og:site_name\" content=\"Anasounds\" \/>\n<meta property=\"article:publisher\" content=\"https:\/\/www.facebook.com\/AnasoundsFX\/\" \/>\n<meta property=\"article:modified_time\" content=\"2026-04-23T12:33:08+00:00\" \/>\n<meta property=\"og:image\" content=\"https:\/\/anasounds.com\/wp-content\/uploads\/2024\/11\/Fx-Teacher-BluesBeliever-Anasounds-1.jpg\" \/>\n\t<meta property=\"og:image:width\" content=\"1500\" \/>\n\t<meta property=\"og:image:height\" content=\"1500\" \/>\n\t<meta property=\"og:image:type\" content=\"image\/jpeg\" \/>\n<meta name=\"twitter:card\" content=\"summary_large_image\" \/>\n<meta name=\"twitter:label1\" content=\"Dur\u00e9e de lecture estim\u00e9e\" \/>\n\t<meta name=\"twitter:data1\" content=\"3 minutes\" \/>\n<script type=\"application\/ld+json\" class=\"yoast-schema-graph\">{\"@context\":\"https:\/\/schema.org\",\"@graph\":[{\"@type\":\"WebPage\",\"@id\":\"https:\/\/anasounds.com\/fr\/produit\/blues-believer-en-kit\/\",\"url\":\"https:\/\/anasounds.com\/fr\/produit\/blues-believer-en-kit\/\",\"name\":\"Blues Believer - kit | Overdrive bleue, bluesy et polyvalente\",\"isPartOf\":{\"@id\":\"https:\/\/anasounds.com\/#website\"},\"primaryImageOfPage\":{\"@id\":\"https:\/\/anasounds.com\/fr\/produit\/blues-believer-en-kit\/#primaryimage\"},\"image\":{\"@id\":\"https:\/\/anasounds.com\/fr\/produit\/blues-believer-en-kit\/#primaryimage\"},\"thumbnailUrl\":\"https:\/\/anasounds.com\/wp-content\/uploads\/2024\/11\/Fx-Teacher-BluesBeliever-Anasounds-1.jpg\",\"datePublished\":\"2024-11-26T22:20:20+00:00\",\"dateModified\":\"2026-04-23T12:33:08+00:00\",\"description\":\"La FX Teacher Blues Believer est une overdrive \u00e0 la fois transparente et tr\u00e8s sensible aux nuances du jeu, qui fonctionne aussi bien en boost tr\u00e8s l\u00e9ger...\",\"breadcrumb\":{\"@id\":\"https:\/\/anasounds.com\/fr\/produit\/blues-believer-en-kit\/#breadcrumb\"},\"inLanguage\":\"fr-FR\",\"potentialAction\":[{\"@type\":\"ReadAction\",\"target\":[\"https:\/\/anasounds.com\/fr\/produit\/blues-believer-en-kit\/\"]}]},{\"@type\":\"ImageObject\",\"inLanguage\":\"fr-FR\",\"@id\":\"https:\/\/anasounds.com\/fr\/produit\/blues-believer-en-kit\/#primaryimage\",\"url\":\"https:\/\/anasounds.com\/wp-content\/uploads\/2024\/11\/Fx-Teacher-BluesBeliever-Anasounds-1.jpg\",\"contentUrl\":\"https:\/\/anasounds.com\/wp-content\/uploads\/2024\/11\/Fx-Teacher-BluesBeliever-Anasounds-1.jpg\",\"width\":1500,\"height\":1500},{\"@type\":\"BreadcrumbList\",\"@id\":\"https:\/\/anasounds.com\/fr\/produit\/blues-believer-en-kit\/#breadcrumb\",\"itemListElement\":[{\"@type\":\"ListItem\",\"position\":1,\"name\":\"Home\",\"item\":\"https:\/\/anasounds.com\/fr\/\"},{\"@type\":\"ListItem\",\"position\":2,\"name\":\"boutique\",\"item\":\"https:\/\/anasounds.com\/fr\/shop\/\"},{\"@type\":\"ListItem\",\"position\":3,\"name\":\"Blues Believer &#8211; En kit\"}]},{\"@type\":\"WebSite\",\"@id\":\"https:\/\/anasounds.com\/#website\",\"url\":\"https:\/\/anasounds.com\/\",\"name\":\"Anasounds\",\"description\":\"P\u00e9dales \u00e0 la Fran\u00e7aise\",\"publisher\":{\"@id\":\"https:\/\/anasounds.com\/#organization\"},\"potentialAction\":[{\"@type\":\"SearchAction\",\"target\":{\"@type\":\"EntryPoint\",\"urlTemplate\":\"https:\/\/anasounds.com\/?s={search_term_string}\"},\"query-input\":{\"@type\":\"PropertyValueSpecification\",\"valueRequired\":true,\"valueName\":\"search_term_string\"}}],\"inLanguage\":\"fr-FR\"},{\"@type\":\"Organization\",\"@id\":\"https:\/\/anasounds.com\/#organization\",\"name\":\"Anasounds\",\"url\":\"https:\/\/anasounds.com\/\",\"logo\":{\"@type\":\"ImageObject\",\"inLanguage\":\"fr-FR\",\"@id\":\"https:\/\/anasounds.com\/#\/schema\/logo\/image\/\",\"url\":\"https:\/\/anasounds.com\/wp-content\/uploads\/2017\/10\/Logomadeinfrnoirblc.png\",\"contentUrl\":\"https:\/\/anasounds.com\/wp-content\/uploads\/2017\/10\/Logomadeinfrnoirblc.png\",\"width\":300,\"height\":300,\"caption\":\"Anasounds\"},\"image\":{\"@id\":\"https:\/\/anasounds.com\/#\/schema\/logo\/image\/\"},\"sameAs\":[\"https:\/\/www.facebook.com\/AnasoundsFX\/\",\"https:\/\/www.instagram.com\/anasounds\/\",\"https:\/\/www.youtube.com\/user\/AnaSoundsFR\"]}]}<\/script>\n<!-- \/ Yoast SEO plugin. -->","yoast_head_json":{"title":"Blues Believer - kit | Overdrive bleue, bluesy et polyvalente","description":"La FX Teacher Blues Believer est une overdrive \u00e0 la fois transparente et tr\u00e8s sensible aux nuances du jeu, qui fonctionne aussi bien en boost tr\u00e8s l\u00e9ger...","robots":{"index":"index","follow":"follow","max-snippet":"max-snippet:-1","max-image-preview":"max-image-preview:large","max-video-preview":"max-video-preview:-1"},"canonical":"https:\/\/anasounds.com\/fr\/produit\/blues-believer-en-kit\/","og_locale":"fr_FR","og_type":"article","og_title":"Blues Believer - kit | Overdrive bleue, bluesy et polyvalente","og_description":"La FX Teacher Blues Believer est une overdrive \u00e0 la fois transparente et tr\u00e8s sensible aux nuances du jeu, qui fonctionne aussi bien en boost tr\u00e8s l\u00e9ger...","og_url":"https:\/\/anasounds.com\/fr\/produit\/blues-believer-en-kit\/","og_site_name":"Anasounds","article_publisher":"https:\/\/www.facebook.com\/AnasoundsFX\/","article_modified_time":"2026-04-23T12:33:08+00:00","og_image":[{"width":1500,"height":1500,"url":"https:\/\/anasounds.com\/wp-content\/uploads\/2024\/11\/Fx-Teacher-BluesBeliever-Anasounds-1.jpg","type":"image\/jpeg"}],"twitter_card":"summary_large_image","twitter_misc":{"Dur\u00e9e de lecture estim\u00e9e":"3 minutes"},"schema":{"@context":"https:\/\/schema.org","@graph":[{"@type":"WebPage","@id":"https:\/\/anasounds.com\/fr\/produit\/blues-believer-en-kit\/","url":"https:\/\/anasounds.com\/fr\/produit\/blues-believer-en-kit\/","name":"Blues Believer - kit | Overdrive bleue, bluesy et polyvalente","isPartOf":{"@id":"https:\/\/anasounds.com\/#website"},"primaryImageOfPage":{"@id":"https:\/\/anasounds.com\/fr\/produit\/blues-believer-en-kit\/#primaryimage"},"image":{"@id":"https:\/\/anasounds.com\/fr\/produit\/blues-believer-en-kit\/#primaryimage"},"thumbnailUrl":"https:\/\/anasounds.com\/wp-content\/uploads\/2024\/11\/Fx-Teacher-BluesBeliever-Anasounds-1.jpg","datePublished":"2024-11-26T22:20:20+00:00","dateModified":"2026-04-23T12:33:08+00:00","description":"La FX Teacher Blues Believer est une overdrive \u00e0 la fois transparente et tr\u00e8s sensible aux nuances du jeu, qui fonctionne aussi bien en boost tr\u00e8s l\u00e9ger...","breadcrumb":{"@id":"https:\/\/anasounds.com\/fr\/produit\/blues-believer-en-kit\/#breadcrumb"},"inLanguage":"fr-FR","potentialAction":[{"@type":"ReadAction","target":["https:\/\/anasounds.com\/fr\/produit\/blues-believer-en-kit\/"]}]},{"@type":"ImageObject","inLanguage":"fr-FR","@id":"https:\/\/anasounds.com\/fr\/produit\/blues-believer-en-kit\/#primaryimage","url":"https:\/\/anasounds.com\/wp-content\/uploads\/2024\/11\/Fx-Teacher-BluesBeliever-Anasounds-1.jpg","contentUrl":"https:\/\/anasounds.com\/wp-content\/uploads\/2024\/11\/Fx-Teacher-BluesBeliever-Anasounds-1.jpg","width":1500,"height":1500},{"@type":"BreadcrumbList","@id":"https:\/\/anasounds.com\/fr\/produit\/blues-believer-en-kit\/#breadcrumb","itemListElement":[{"@type":"ListItem","position":1,"name":"Home","item":"https:\/\/anasounds.com\/fr\/"},{"@type":"ListItem","position":2,"name":"boutique","item":"https:\/\/anasounds.com\/fr\/shop\/"},{"@type":"ListItem","position":3,"name":"Blues Believer &#8211; En kit"}]},{"@type":"WebSite","@id":"https:\/\/anasounds.com\/#website","url":"https:\/\/anasounds.com\/","name":"Anasounds","description":"P\u00e9dales \u00e0 la Fran\u00e7aise","publisher":{"@id":"https:\/\/anasounds.com\/#organization"},"potentialAction":[{"@type":"SearchAction","target":{"@type":"EntryPoint","urlTemplate":"https:\/\/anasounds.com\/?s={search_term_string}"},"query-input":{"@type":"PropertyValueSpecification","valueRequired":true,"valueName":"search_term_string"}}],"inLanguage":"fr-FR"},{"@type":"Organization","@id":"https:\/\/anasounds.com\/#organization","name":"Anasounds","url":"https:\/\/anasounds.com\/","logo":{"@type":"ImageObject","inLanguage":"fr-FR","@id":"https:\/\/anasounds.com\/#\/schema\/logo\/image\/","url":"https:\/\/anasounds.com\/wp-content\/uploads\/2017\/10\/Logomadeinfrnoirblc.png","contentUrl":"https:\/\/anasounds.com\/wp-content\/uploads\/2017\/10\/Logomadeinfrnoirblc.png","width":300,"height":300,"caption":"Anasounds"},"image":{"@id":"https:\/\/anasounds.com\/#\/schema\/logo\/image\/"},"sameAs":["https:\/\/www.facebook.com\/AnasoundsFX\/","https:\/\/www.instagram.com\/anasounds\/","https:\/\/www.youtube.com\/user\/AnaSoundsFR"]}]}},"_links":{"self":[{"href":"https:\/\/anasounds.com\/fr\/wp-json\/wp\/v2\/product\/95718","targetHints":{"allow":["GET"]}}],"collection":[{"href":"https:\/\/anasounds.com\/fr\/wp-json\/wp\/v2\/product"}],"about":[{"href":"https:\/\/anasounds.com\/fr\/wp-json\/wp\/v2\/types\/product"}],"replies":[{"embeddable":true,"href":"https:\/\/anasounds.com\/fr\/wp-json\/wp\/v2\/comments?post=95718"}],"wp:featuredmedia":[{"embeddable":true,"href":"https:\/\/anasounds.com\/fr\/wp-json\/wp\/v2\/media\/95727"}],"wp:attachment":[{"href":"https:\/\/anasounds.com\/fr\/wp-json\/wp\/v2\/media?parent=95718"}],"wp:term":[{"taxonomy":"product_brand","embeddable":true,"href":"https:\/\/anasounds.com\/fr\/wp-json\/wp\/v2\/product_brand?post=95718"},{"taxonomy":"product_cat","embeddable":true,"href":"https:\/\/anasounds.com\/fr\/wp-json\/wp\/v2\/product_cat?post=95718"},{"taxonomy":"product_tag","embeddable":true,"href":"https:\/\/anasounds.com\/fr\/wp-json\/wp\/v2\/product_tag?post=95718"}],"curies":[{"name":"wp","href":"https:\/\/api.w.org\/{rel}","templated":true}]}}