{"id":97392,"date":"2025-09-05T14:17:48","date_gmt":"2025-09-05T12:17:48","guid":{"rendered":"https:\/\/anasounds.com\/?post_type=product&#038;p=97392"},"modified":"2026-04-07T09:21:29","modified_gmt":"2026-04-07T07:21:29","slug":"utopia-mk2","status":"publish","type":"product","link":"https:\/\/anasounds.com\/fr\/produit\/utopia-mk2\/","title":{"rendered":"Utopia Mk2"},"content":{"rendered":"<h3><\/h3>\n<h3 style=\"text-align: center;\">La grande histoire de l&rsquo;Utopia<\/h3>\n<p class=\"p1\" style=\"text-align: center;\">Dans l\u2019histoire d\u2019Anasounds, la Utopia a une place particuli\u00e8re : avec la Savage, c\u2019est la p\u00e9dale qui a fait conna\u00eetre la marque.<br \/>\nElle a prouv\u00e9 que l\u2019on pouvait proposer une fa\u00e7on diff\u00e9rente de concevoir le delay, sans sacrifier ni la brillance ni l\u2019\u00e9paisseur.<br \/>\nLes \u00e9chos \u00e0 bande ou bucket brigade ont un charme ind\u00e9niable mais leur son est sans piti\u00e9 avec vos fr\u00e9quences aigu\u00ebs, tandis que les delays num\u00e9riques pr\u00e9servent votre spectre sonore mais n\u2019ont pas cette personnalit\u00e9 marqu\u00e9e.<br \/>\nLes guitaristes ont longtemps consid\u00e9r\u00e9 qu\u2019il fallait faire un choix, mais avec la puce PT2399 et un jeu de filtrage pouss\u00e9,<br \/>\ncertains fabricants boutique ont fini par trouver le parfait \u00e9quilibre entre les deux (et encore mieux, une fa\u00e7on de vous donner le contr\u00f4le de cet \u00e9quilibre).<\/p>\n<p class=\"p1\" style=\"text-align: center;\">La premi\u00e8re version de l\u2019Utopia est sortie il y a dix ans, et \u00e0 l\u2019\u00e9poque elle r\u00e9pondait \u00e0 notre qu\u00eate inlassable de conserver les aigus de notre signal.<br \/>\nDe nombreux musiciens sont devenus fans de cette approche, mais ils en voulaient toujours plus.<br \/>\nC\u2019est pour cette raison que nous avons sorti la Utopia Deluxe et la Dystopia, des appareils de delay complets et complexes qui ont demand\u00e9 pas moins de trois ans de recherche et d\u00e9veloppement.<\/p>\n<h3 style=\"text-align: center;\">L&rsquo;Utopia Mk2<\/h3>\n<p class=\"p1\" style=\"text-align: center;\">Mais la qu\u00eate n\u2019\u00e9tait toujours pas termin\u00e9e, et voici donc enfin la v\u00e9ritable Utopia Mk2, dont le bruit de fond quasi nul repr\u00e9sente encore une \u00e9volution sonore par rapport \u00e0 la version Deluxe.<br \/>\nPar ailleurs, la Mk2 n\u2019a qu\u2019une puce PT2399 au lieu des deux de la Deluxe, et elle propose donc des temps de delay moins \u00e9lev\u00e9s (m\u00eame si vous pourrez quand m\u00eame vous prendre pour David Gilmour en 1973), et donc un slapback de meilleure qualit\u00e9.<\/p>\n<h3 style=\"text-align: center;\">Bien plus qu&rsquo;un effet de retard<\/h3>\n<p class=\"p1\" style=\"text-align: center;\">Mais la diff\u00e9rence principale par rapport \u00e0 la Deluxe est le retour \u00e0 la simplicit\u00e9 du format compact.<br \/>\nLa Utopia Mk2 reprend le m\u00eame bo\u00eetier que nos p\u00e9dales classiques (\u00e0 ceci pr\u00e8s qu\u2019il est blanc), mais elle pr\u00e9sente quand m\u00eame une EQ Tilt qui permet d\u2019un c\u00f4t\u00e9 de baisser les aigus et de monter les graves,<br \/>\net de l\u2019autre de baisser les graves et de monter les aigus, et surtout une modulation int\u00e9gr\u00e9e pour retrouver les vagues du Memory Man vintage.<br \/>\nLe switch \u00e0 trois positions en face avant permet de d\u00e9sactiver cette modulation, de l\u2019activer en mode \u201c\u00e9cho \u00e0 bande vintage\u201d pour une modulation douce et musicale, ou de l\u2019activer selon les r\u00e9glages des deux trimpots internes pour un rendu qui vous ressemble.<br \/>\nEnfin, vous trouverez aussi \u00e0 l\u2019int\u00e9rieur une fonction pour choisir entre un True Bypass ou un Bypass qui finit les r\u00e9p\u00e9titions avant d\u2019arr\u00eater l\u2019effet.<\/p>\n<p class=\"p1\" style=\"text-align: center;\">La Utopia a acquis une solide r\u00e9putation de delay musical simple \u00e0 utiliser mais redoutable en toutes circonstances, la Utopia Mk2 a tous les arguments pour confirmer et asseoir cette r\u00e9putation.<\/p>\n<h3 style=\"text-align: center;\">Obtenez <a href=\"https:\/\/anasounds.com\/contact\/30days\/\" target=\"_blank\" rel=\"noopener noreferrer\">30 jours d\u2019essai gratuit<\/a><\/h3>\n<p>&nbsp;<\/p>\n","protected":false},"excerpt":{"rendered":"<h3 class=\"p1\">La Utopia Mk2 est la nouvelle version du delay qui a tout lanc\u00e9 pour Anasounds, avec un son encore meilleur et une simplicit\u00e9 pr\u00e9serv\u00e9e.<\/h3>\n<p>Il s&rsquo;agit d&rsquo;une pr\u00e9commande, nous avons d\u00e9j\u00e0 commenc\u00e9 la production depuis plusieurs semaines et nous devrions livrer au plus tard fin Septembre 2025.<\/p>\n","protected":false},"featured_media":97366,"comment_status":"open","ping_status":"closed","template":"","meta":[],"product_brand":[],"product_cat":[661,1555,272,268,1556],"product_tag":[1570,1651,1652,1653],"class_list":{"0":"post-97392","1":"product","2":"type-product","3":"status-publish","4":"has-post-thumbnail","6":"product_cat-nouveau","7":"product_cat-type-d-effet","8":"product_cat-delay-fr","9":"product_cat-pedales-anasounds","10":"product_cat-gamme-utopia","11":"product_tag-echo","12":"product_tag-feedback-fr","13":"product_tag-oscillation-fr","14":"product_tag-tape-echo-fr","16":"first","17":"instock","18":"taxable","19":"shipping-taxable","20":"purchasable","21":"product-type-variable"},"supplier_id":null,"supplier_sku":"","barcode":null,"atum_controlled":true,"out_stock_date":null,"out_stock_threshold":null,"inheritable":true,"inbound_stock":0,"stock_on_hold":0,"sold_today":0,"sales_last_days":0,"reserved_stock":0,"customer_returns":0,"warehouse_damage":0,"lost_in_post":0,"other_logs":0,"out_stock_days":0,"lost_sales":0,"has_location":false,"update_date":"2026-04-22T01:12:22","atum_locations":[],"atum_stock_status":"instock","restock_status":false,"low_stock_amount":"","sales_update_date":"2026-04-22T01:12:22","calc_backorders":0,"yoast_head":"<!-- This site is optimized with the Yoast SEO plugin v26.5 - https:\/\/yoast.com\/wordpress\/plugins\/seo\/ -->\n<title>Utopia Mk2 | Anasounds<\/title>\n<meta name=\"description\" content=\"La Utopia Mk2 est la nouvelle version de notre delay \u201canalog voiced\u201d qui permet de choisir ses r\u00e9glages de modulation et la tone de l&#039;effet.\" \/>\n<meta name=\"robots\" content=\"index, follow, max-snippet:-1, max-image-preview:large, max-video-preview:-1\" \/>\n<link rel=\"canonical\" href=\"https:\/\/anasounds.com\/fr\/produit\/utopia-mk2\/\" \/>\n<meta property=\"og:locale\" content=\"fr_FR\" \/>\n<meta property=\"og:type\" content=\"article\" \/>\n<meta property=\"og:title\" content=\"Utopia Mk2 | Anasounds\" \/>\n<meta property=\"og:description\" content=\"La Utopia Mk2 est la nouvelle version de notre delay \u201canalog voiced\u201d qui permet de choisir ses r\u00e9glages de modulation et la tone de l&#039;effet.\" \/>\n<meta property=\"og:url\" content=\"https:\/\/anasounds.com\/fr\/produit\/utopia-mk2\/\" \/>\n<meta property=\"og:site_name\" content=\"Anasounds\" \/>\n<meta property=\"article:publisher\" content=\"https:\/\/www.facebook.com\/AnasoundsFX\/\" \/>\n<meta property=\"article:modified_time\" content=\"2026-04-07T07:21:29+00:00\" \/>\n<meta property=\"og:image\" content=\"https:\/\/anasounds.com\/wp-content\/uploads\/2025\/09\/1-Anasounds_Utopia-MK2_edition-limitee.jpg\" \/>\n\t<meta property=\"og:image:width\" content=\"1422\" \/>\n\t<meta property=\"og:image:height\" content=\"1422\" \/>\n\t<meta property=\"og:image:type\" content=\"image\/jpeg\" \/>\n<meta name=\"twitter:card\" content=\"summary_large_image\" \/>\n<meta name=\"twitter:label1\" content=\"Dur\u00e9e de lecture estim\u00e9e\" \/>\n\t<meta name=\"twitter:data1\" content=\"3 minutes\" \/>\n<script type=\"application\/ld+json\" class=\"yoast-schema-graph\">{\"@context\":\"https:\/\/schema.org\",\"@graph\":[{\"@type\":\"WebPage\",\"@id\":\"https:\/\/anasounds.com\/fr\/produit\/utopia-mk2\/\",\"url\":\"https:\/\/anasounds.com\/fr\/produit\/utopia-mk2\/\",\"name\":\"Utopia Mk2 | Anasounds\",\"isPartOf\":{\"@id\":\"https:\/\/anasounds.com\/#website\"},\"primaryImageOfPage\":{\"@id\":\"https:\/\/anasounds.com\/fr\/produit\/utopia-mk2\/#primaryimage\"},\"image\":{\"@id\":\"https:\/\/anasounds.com\/fr\/produit\/utopia-mk2\/#primaryimage\"},\"thumbnailUrl\":\"https:\/\/anasounds.com\/wp-content\/uploads\/2025\/09\/1-Anasounds_Utopia-MK2_edition-limitee.jpg\",\"datePublished\":\"2025-09-05T12:17:48+00:00\",\"dateModified\":\"2026-04-07T07:21:29+00:00\",\"description\":\"La Utopia Mk2 est la nouvelle version de notre delay \u201canalog voiced\u201d qui permet de choisir ses r\u00e9glages de modulation et la tone de l'effet.\",\"breadcrumb\":{\"@id\":\"https:\/\/anasounds.com\/fr\/produit\/utopia-mk2\/#breadcrumb\"},\"inLanguage\":\"fr-FR\",\"potentialAction\":[{\"@type\":\"ReadAction\",\"target\":[\"https:\/\/anasounds.com\/fr\/produit\/utopia-mk2\/\"]}]},{\"@type\":\"ImageObject\",\"inLanguage\":\"fr-FR\",\"@id\":\"https:\/\/anasounds.com\/fr\/produit\/utopia-mk2\/#primaryimage\",\"url\":\"https:\/\/anasounds.com\/wp-content\/uploads\/2025\/09\/1-Anasounds_Utopia-MK2_edition-limitee.jpg\",\"contentUrl\":\"https:\/\/anasounds.com\/wp-content\/uploads\/2025\/09\/1-Anasounds_Utopia-MK2_edition-limitee.jpg\",\"width\":1422,\"height\":1422},{\"@type\":\"BreadcrumbList\",\"@id\":\"https:\/\/anasounds.com\/fr\/produit\/utopia-mk2\/#breadcrumb\",\"itemListElement\":[{\"@type\":\"ListItem\",\"position\":1,\"name\":\"Home\",\"item\":\"https:\/\/anasounds.com\/fr\/\"},{\"@type\":\"ListItem\",\"position\":2,\"name\":\"boutique\",\"item\":\"https:\/\/anasounds.com\/fr\/shop\/\"},{\"@type\":\"ListItem\",\"position\":3,\"name\":\"Utopia Mk2\"}]},{\"@type\":\"WebSite\",\"@id\":\"https:\/\/anasounds.com\/#website\",\"url\":\"https:\/\/anasounds.com\/\",\"name\":\"Anasounds\",\"description\":\"P\u00e9dales \u00e0 la Fran\u00e7aise\",\"publisher\":{\"@id\":\"https:\/\/anasounds.com\/#organization\"},\"potentialAction\":[{\"@type\":\"SearchAction\",\"target\":{\"@type\":\"EntryPoint\",\"urlTemplate\":\"https:\/\/anasounds.com\/?s={search_term_string}\"},\"query-input\":{\"@type\":\"PropertyValueSpecification\",\"valueRequired\":true,\"valueName\":\"search_term_string\"}}],\"inLanguage\":\"fr-FR\"},{\"@type\":\"Organization\",\"@id\":\"https:\/\/anasounds.com\/#organization\",\"name\":\"Anasounds\",\"url\":\"https:\/\/anasounds.com\/\",\"logo\":{\"@type\":\"ImageObject\",\"inLanguage\":\"fr-FR\",\"@id\":\"https:\/\/anasounds.com\/#\/schema\/logo\/image\/\",\"url\":\"https:\/\/anasounds.com\/wp-content\/uploads\/2017\/10\/Logomadeinfrnoirblc.png\",\"contentUrl\":\"https:\/\/anasounds.com\/wp-content\/uploads\/2017\/10\/Logomadeinfrnoirblc.png\",\"width\":300,\"height\":300,\"caption\":\"Anasounds\"},\"image\":{\"@id\":\"https:\/\/anasounds.com\/#\/schema\/logo\/image\/\"},\"sameAs\":[\"https:\/\/www.facebook.com\/AnasoundsFX\/\",\"https:\/\/www.instagram.com\/anasounds\/\",\"https:\/\/www.youtube.com\/user\/AnaSoundsFR\"]}]}<\/script>\n<!-- \/ Yoast SEO plugin. -->","yoast_head_json":{"title":"Utopia Mk2 | Anasounds","description":"La Utopia Mk2 est la nouvelle version de notre delay \u201canalog voiced\u201d qui permet de choisir ses r\u00e9glages de modulation et la tone de l'effet.","robots":{"index":"index","follow":"follow","max-snippet":"max-snippet:-1","max-image-preview":"max-image-preview:large","max-video-preview":"max-video-preview:-1"},"canonical":"https:\/\/anasounds.com\/fr\/produit\/utopia-mk2\/","og_locale":"fr_FR","og_type":"article","og_title":"Utopia Mk2 | Anasounds","og_description":"La Utopia Mk2 est la nouvelle version de notre delay \u201canalog voiced\u201d qui permet de choisir ses r\u00e9glages de modulation et la tone de l'effet.","og_url":"https:\/\/anasounds.com\/fr\/produit\/utopia-mk2\/","og_site_name":"Anasounds","article_publisher":"https:\/\/www.facebook.com\/AnasoundsFX\/","article_modified_time":"2026-04-07T07:21:29+00:00","og_image":[{"width":1422,"height":1422,"url":"https:\/\/anasounds.com\/wp-content\/uploads\/2025\/09\/1-Anasounds_Utopia-MK2_edition-limitee.jpg","type":"image\/jpeg"}],"twitter_card":"summary_large_image","twitter_misc":{"Dur\u00e9e de lecture estim\u00e9e":"3 minutes"},"schema":{"@context":"https:\/\/schema.org","@graph":[{"@type":"WebPage","@id":"https:\/\/anasounds.com\/fr\/produit\/utopia-mk2\/","url":"https:\/\/anasounds.com\/fr\/produit\/utopia-mk2\/","name":"Utopia Mk2 | Anasounds","isPartOf":{"@id":"https:\/\/anasounds.com\/#website"},"primaryImageOfPage":{"@id":"https:\/\/anasounds.com\/fr\/produit\/utopia-mk2\/#primaryimage"},"image":{"@id":"https:\/\/anasounds.com\/fr\/produit\/utopia-mk2\/#primaryimage"},"thumbnailUrl":"https:\/\/anasounds.com\/wp-content\/uploads\/2025\/09\/1-Anasounds_Utopia-MK2_edition-limitee.jpg","datePublished":"2025-09-05T12:17:48+00:00","dateModified":"2026-04-07T07:21:29+00:00","description":"La Utopia Mk2 est la nouvelle version de notre delay \u201canalog voiced\u201d qui permet de choisir ses r\u00e9glages de modulation et la tone de l'effet.","breadcrumb":{"@id":"https:\/\/anasounds.com\/fr\/produit\/utopia-mk2\/#breadcrumb"},"inLanguage":"fr-FR","potentialAction":[{"@type":"ReadAction","target":["https:\/\/anasounds.com\/fr\/produit\/utopia-mk2\/"]}]},{"@type":"ImageObject","inLanguage":"fr-FR","@id":"https:\/\/anasounds.com\/fr\/produit\/utopia-mk2\/#primaryimage","url":"https:\/\/anasounds.com\/wp-content\/uploads\/2025\/09\/1-Anasounds_Utopia-MK2_edition-limitee.jpg","contentUrl":"https:\/\/anasounds.com\/wp-content\/uploads\/2025\/09\/1-Anasounds_Utopia-MK2_edition-limitee.jpg","width":1422,"height":1422},{"@type":"BreadcrumbList","@id":"https:\/\/anasounds.com\/fr\/produit\/utopia-mk2\/#breadcrumb","itemListElement":[{"@type":"ListItem","position":1,"name":"Home","item":"https:\/\/anasounds.com\/fr\/"},{"@type":"ListItem","position":2,"name":"boutique","item":"https:\/\/anasounds.com\/fr\/shop\/"},{"@type":"ListItem","position":3,"name":"Utopia Mk2"}]},{"@type":"WebSite","@id":"https:\/\/anasounds.com\/#website","url":"https:\/\/anasounds.com\/","name":"Anasounds","description":"P\u00e9dales \u00e0 la Fran\u00e7aise","publisher":{"@id":"https:\/\/anasounds.com\/#organization"},"potentialAction":[{"@type":"SearchAction","target":{"@type":"EntryPoint","urlTemplate":"https:\/\/anasounds.com\/?s={search_term_string}"},"query-input":{"@type":"PropertyValueSpecification","valueRequired":true,"valueName":"search_term_string"}}],"inLanguage":"fr-FR"},{"@type":"Organization","@id":"https:\/\/anasounds.com\/#organization","name":"Anasounds","url":"https:\/\/anasounds.com\/","logo":{"@type":"ImageObject","inLanguage":"fr-FR","@id":"https:\/\/anasounds.com\/#\/schema\/logo\/image\/","url":"https:\/\/anasounds.com\/wp-content\/uploads\/2017\/10\/Logomadeinfrnoirblc.png","contentUrl":"https:\/\/anasounds.com\/wp-content\/uploads\/2017\/10\/Logomadeinfrnoirblc.png","width":300,"height":300,"caption":"Anasounds"},"image":{"@id":"https:\/\/anasounds.com\/#\/schema\/logo\/image\/"},"sameAs":["https:\/\/www.facebook.com\/AnasoundsFX\/","https:\/\/www.instagram.com\/anasounds\/","https:\/\/www.youtube.com\/user\/AnaSoundsFR"]}]}},"_links":{"self":[{"href":"https:\/\/anasounds.com\/fr\/wp-json\/wp\/v2\/product\/97392","targetHints":{"allow":["GET"]}}],"collection":[{"href":"https:\/\/anasounds.com\/fr\/wp-json\/wp\/v2\/product"}],"about":[{"href":"https:\/\/anasounds.com\/fr\/wp-json\/wp\/v2\/types\/product"}],"replies":[{"embeddable":true,"href":"https:\/\/anasounds.com\/fr\/wp-json\/wp\/v2\/comments?post=97392"}],"wp:featuredmedia":[{"embeddable":true,"href":"https:\/\/anasounds.com\/fr\/wp-json\/wp\/v2\/media\/97366"}],"wp:attachment":[{"href":"https:\/\/anasounds.com\/fr\/wp-json\/wp\/v2\/media?parent=97392"}],"wp:term":[{"taxonomy":"product_brand","embeddable":true,"href":"https:\/\/anasounds.com\/fr\/wp-json\/wp\/v2\/product_brand?post=97392"},{"taxonomy":"product_cat","embeddable":true,"href":"https:\/\/anasounds.com\/fr\/wp-json\/wp\/v2\/product_cat?post=97392"},{"taxonomy":"product_tag","embeddable":true,"href":"https:\/\/anasounds.com\/fr\/wp-json\/wp\/v2\/product_tag?post=97392"}],"curies":[{"name":"wp","href":"https:\/\/api.w.org\/{rel}","templated":true}]}}