{"id":9892,"date":"2018-11-21T19:59:20","date_gmt":"2018-11-21T18:59:20","guid":{"rendered":"https:\/\/anasounds.com\/?post_type=product&#038;p=9892"},"modified":"2023-11-25T22:55:59","modified_gmt":"2023-11-25T21:55:59","slug":"savage-cerberus-ltd-edition","status":"publish","type":"product","link":"https:\/\/anasounds.com\/fr\/produit\/savage-cerberus-ltd-edition\/","title":{"rendered":"savage &#038; cerberus &#8211; ltd edition"},"content":{"rendered":"<h3 style=\"text-align: center;\">1 overdrive, 2 overdrives&#8230;<\/h3>\n<p style=\"text-align: center;\">dans la continuit\u00e9 de l&rsquo;\u00e9dition limit\u00e9e <a href=\"https:\/\/anasounds.com\/fr\/produit\/savage-high-voltage-ltd-edition\/\" target=\"_blank\" rel=\"noopener\">high voltage &#8211; savage<\/a>,<br \/>\nnous sommes ravis de vous pr\u00e9senter la cerberus &#8211; savage !<\/p>\n<p style=\"text-align: center;\">de quoi obtenir un bon claquant en rythmique ainsi que des solos bien massifs !<\/p>\n<h3 style=\"text-align: center;\">ce que comprend cette\u00a0\u00e9dition limit\u00e9e :<\/h3>\n<ul style=\"text-align: center;\">\n<li>1 <a href=\"https:\/\/anasounds.com\/fr\/produits\/origins-pedals\/savage\/\" target=\"_blank\" rel=\"noopener\">savage<\/a>, notre overdrive transparente et dynamique inspir\u00e9e de la klon centaur,<br \/>\nsp\u00e9cialement pour cette \u00e9dition limit\u00e9e, nous avons rajout\u00e9 un switch permettant de passer<br \/>\ndes diodes silicium aux diodes au germanium, pour plus de saturation et de compression !<\/li>\n<li>1 <a href=\"https:\/\/anasounds.com\/fr\/produits\/origins-pedals\/cerberus\/\" target=\"_blank\" rel=\"noopener\">cerberus<\/a>, notre overdrive 3 en 1 afin de traverser les diff\u00e9rents styles blues, rock&#8230;<\/li>\n<li>1 switch permettant d&rsquo;inverser la cha\u00eene de son. ex, la savage dans la cerberus ou la cerberus dans la savage.<\/li>\n<li>1 circuit d&rsquo;alimentation. en partant d&rsquo;une alimentation 9v, on l&rsquo;isole, on la filtre et on alimente les diff\u00e9rents circuit&#8230;<br \/>\nencore mieux qu&rsquo;avec un bloc d&rsquo;alim et sans bruit !<\/li>\n<li>les 2 p\u00e9dales sont true bypass avec un nouveau syst\u00e8me de relais sans bruit et des boutons poussoirs sans clics !<br \/>\ntr\u00e8s redoutable, fiable et indestructible.<\/li>\n<li>1 buffer bumper est \u00e9galement inclus dans la p\u00e9dale, il est toujours actif,<br \/>\nbranch\u00e9 avant les 2 effets il permet de jouer avec un long jack sans craindre de perdre des aigu\u00ebs !<\/li>\n<\/ul>\n<h3 style=\"text-align: center;\">ce que vous entendez dans la vid\u00e9o<\/h3>\n<p style=\"text-align: center;\">les diff\u00e9rents sons chaleureux que vous pouvez entendre dans la vid\u00e9o sont les suivant :<\/p>\n<ul style=\"text-align: center;\">\n<li>sur l&rsquo;intro, la savage en l\u00e9ger clean boost de hauts mediums<\/li>\n<li>sur les rythmiques, la savage un peu plus pouss\u00e9e en gain et harmoniques<\/li>\n<li>sur les solos la m\u00eame savage est boost\u00e9e par la cerberus, le combo parfait !<\/li>\n<\/ul>\n<p style=\"text-align: center;\">c&rsquo;est maintenant \u00e0 votre tour de d\u00e9couvrir ces sons puis de cr\u00e9er les v\u00f4tres gr\u00e2ce \u00e0 cette \u00e9dition limit\u00e9e<br \/>\net \u00e0 votre cr\u00e9ativit\u00e9 sans limite !<br \/>\nc&rsquo;est pourquoi swan continue sa vid\u00e9o avec quelques exemples d&rsquo;utilisation de cette p\u00e9dale sur un ampli \u00e0 lampe clean.<br \/>\nen l&rsquo;occurence, un laney irt studio.<\/p>\n<h3 style=\"text-align: center;\">n&rsquo;attendez pas, il n&rsquo;y en aura pas pour tout le monde !<\/h3>\n<p style=\"text-align: center;\">nous proposons cette double p\u00e9dale \u00e0 299\u20ac. (ce qui est plus int\u00e9ressant que 2 p\u00e9dales + buffer + jacks + alim&#8230;),<\/p>\n<p style=\"text-align: center;\">nous avons pr\u00e9vu de fabriquer seulement 50 pi\u00e8ces num\u00e9rot\u00e9es, apr\u00e8s c&rsquo;est fini.<\/p>\n<p style=\"text-align: center;\">oui oui, 50 pi\u00e8ces comme pour la <a href=\"https:\/\/anasounds.com\/fr\/produit\/savage-high-voltage-ltd-edition\/\" target=\"_blank\" rel=\"noopener\">1\u00e8re version<\/a> qui est d\u00e9j\u00e0 en rupture de stock !<\/p>\n<p>&nbsp;<\/p>\n","protected":false},"excerpt":{"rendered":"<p style=\"text-align: center;\">savage = ampli dynamique et chaleureux<br \/>\ncerberus = 3 overdrive<br \/>\nsavage + cerberus = killer tone !<\/p>\n","protected":false},"featured_media":9917,"comment_status":"open","ping_status":"closed","template":"","meta":[],"product_brand":[],"product_cat":[433,277],"product_tag":[59,58],"class_list":{"0":"post-9892","1":"product","2":"type-product","3":"status-publish","4":"has-post-thumbnail","6":"product_cat-distortion-fr","7":"product_cat-overdrive-fr","8":"product_tag-overdrive","9":"product_tag-savage","11":"first","12":"outofstock","13":"featured","14":"taxable","15":"shipping-taxable","16":"purchasable","17":"product-type-simple"},"supplier_id":83515,"supplier_sku":"","barcode":null,"atum_controlled":true,"out_stock_date":"2022-07-05 10:17:50","out_stock_threshold":null,"inheritable":false,"inbound_stock":0,"stock_on_hold":0,"sold_today":0,"sales_last_days":0,"reserved_stock":0,"customer_returns":0,"warehouse_damage":0,"lost_in_post":0,"other_logs":0,"out_stock_days":1390,"lost_sales":0,"has_location":false,"update_date":"2026-04-26T01:11:49","atum_locations":[],"atum_stock_status":"outofstock","restock_status":false,"low_stock_amount":"","sales_update_date":"2026-04-26T01:11:49","calc_backorders":null,"yoast_head":"<!-- This site is optimized with the Yoast SEO plugin v26.5 - https:\/\/yoast.com\/wordpress\/plugins\/seo\/ -->\n<title>SAVAGE &amp; CERBERUS - limited edition double overdrive pedal !<\/title>\n<meta name=\"description\" content=\"2 magnifiques overdrive dans une p\u00e9dale ! Retrouvez la dynamique de la Savage coupl\u00e9e \u00e0 l&#039;agressivit\u00e9 de la Cerberus et de ses 3 voicings dans une seule boite ! 299\u20ac, seulement 50 exemplaires dans le monde.\" \/>\n<meta name=\"robots\" content=\"index, follow, max-snippet:-1, max-image-preview:large, max-video-preview:-1\" \/>\n<link rel=\"canonical\" href=\"https:\/\/anasounds.com\/fr\/produit\/savage-cerberus-ltd-edition\/\" \/>\n<meta property=\"og:locale\" content=\"fr_FR\" \/>\n<meta property=\"og:type\" content=\"article\" \/>\n<meta property=\"og:title\" content=\"SAVAGE &amp; CERBERUS - limited edition double overdrive pedal !\" \/>\n<meta property=\"og:description\" content=\"2 magnifiques overdrive dans une p\u00e9dale ! Retrouvez la dynamique de la Savage coupl\u00e9e \u00e0 l&#039;agressivit\u00e9 de la Cerberus et de ses 3 voicings dans une seule boite ! 299\u20ac, seulement 50 exemplaires dans le monde.\" \/>\n<meta property=\"og:url\" content=\"https:\/\/anasounds.com\/fr\/produit\/savage-cerberus-ltd-edition\/\" \/>\n<meta property=\"og:site_name\" content=\"Anasounds\" \/>\n<meta property=\"article:publisher\" content=\"https:\/\/www.facebook.com\/AnasoundsFX\/\" \/>\n<meta property=\"article:modified_time\" content=\"2023-11-25T21:55:59+00:00\" \/>\n<meta property=\"og:image\" content=\"https:\/\/anasounds.com\/wp-content\/uploads\/2018\/11\/face-1.jpg\" \/>\n\t<meta property=\"og:image:width\" content=\"2500\" \/>\n\t<meta property=\"og:image:height\" content=\"1667\" \/>\n\t<meta property=\"og:image:type\" content=\"image\/jpeg\" \/>\n<meta name=\"twitter:card\" content=\"summary_large_image\" \/>\n<meta name=\"twitter:label1\" content=\"Dur\u00e9e de lecture estim\u00e9e\" \/>\n\t<meta name=\"twitter:data1\" content=\"2 minutes\" \/>\n<script type=\"application\/ld+json\" class=\"yoast-schema-graph\">{\"@context\":\"https:\/\/schema.org\",\"@graph\":[{\"@type\":\"WebPage\",\"@id\":\"https:\/\/anasounds.com\/fr\/produit\/savage-cerberus-ltd-edition\/\",\"url\":\"https:\/\/anasounds.com\/fr\/produit\/savage-cerberus-ltd-edition\/\",\"name\":\"SAVAGE & CERBERUS - limited edition double overdrive pedal !\",\"isPartOf\":{\"@id\":\"https:\/\/anasounds.com\/#website\"},\"primaryImageOfPage\":{\"@id\":\"https:\/\/anasounds.com\/fr\/produit\/savage-cerberus-ltd-edition\/#primaryimage\"},\"image\":{\"@id\":\"https:\/\/anasounds.com\/fr\/produit\/savage-cerberus-ltd-edition\/#primaryimage\"},\"thumbnailUrl\":\"https:\/\/anasounds.com\/wp-content\/uploads\/2018\/11\/face-1.jpg\",\"datePublished\":\"2018-11-21T18:59:20+00:00\",\"dateModified\":\"2023-11-25T21:55:59+00:00\",\"description\":\"2 magnifiques overdrive dans une p\u00e9dale ! Retrouvez la dynamique de la Savage coupl\u00e9e \u00e0 l'agressivit\u00e9 de la Cerberus et de ses 3 voicings dans une seule boite ! 299\u20ac, seulement 50 exemplaires dans le monde.\",\"breadcrumb\":{\"@id\":\"https:\/\/anasounds.com\/fr\/produit\/savage-cerberus-ltd-edition\/#breadcrumb\"},\"inLanguage\":\"fr-FR\",\"potentialAction\":[{\"@type\":\"ReadAction\",\"target\":[\"https:\/\/anasounds.com\/fr\/produit\/savage-cerberus-ltd-edition\/\"]}]},{\"@type\":\"ImageObject\",\"inLanguage\":\"fr-FR\",\"@id\":\"https:\/\/anasounds.com\/fr\/produit\/savage-cerberus-ltd-edition\/#primaryimage\",\"url\":\"https:\/\/anasounds.com\/wp-content\/uploads\/2018\/11\/face-1.jpg\",\"contentUrl\":\"https:\/\/anasounds.com\/wp-content\/uploads\/2018\/11\/face-1.jpg\",\"width\":2500,\"height\":1667},{\"@type\":\"BreadcrumbList\",\"@id\":\"https:\/\/anasounds.com\/fr\/produit\/savage-cerberus-ltd-edition\/#breadcrumb\",\"itemListElement\":[{\"@type\":\"ListItem\",\"position\":1,\"name\":\"Home\",\"item\":\"https:\/\/anasounds.com\/fr\/\"},{\"@type\":\"ListItem\",\"position\":2,\"name\":\"boutique\",\"item\":\"https:\/\/anasounds.com\/fr\/shop\/\"},{\"@type\":\"ListItem\",\"position\":3,\"name\":\"savage &#038; cerberus &#8211; ltd edition\"}]},{\"@type\":\"WebSite\",\"@id\":\"https:\/\/anasounds.com\/#website\",\"url\":\"https:\/\/anasounds.com\/\",\"name\":\"Anasounds\",\"description\":\"P\u00e9dales \u00e0 la Fran\u00e7aise\",\"publisher\":{\"@id\":\"https:\/\/anasounds.com\/#organization\"},\"potentialAction\":[{\"@type\":\"SearchAction\",\"target\":{\"@type\":\"EntryPoint\",\"urlTemplate\":\"https:\/\/anasounds.com\/?s={search_term_string}\"},\"query-input\":{\"@type\":\"PropertyValueSpecification\",\"valueRequired\":true,\"valueName\":\"search_term_string\"}}],\"inLanguage\":\"fr-FR\"},{\"@type\":\"Organization\",\"@id\":\"https:\/\/anasounds.com\/#organization\",\"name\":\"Anasounds\",\"url\":\"https:\/\/anasounds.com\/\",\"logo\":{\"@type\":\"ImageObject\",\"inLanguage\":\"fr-FR\",\"@id\":\"https:\/\/anasounds.com\/#\/schema\/logo\/image\/\",\"url\":\"https:\/\/anasounds.com\/wp-content\/uploads\/2017\/10\/Logomadeinfrnoirblc.png\",\"contentUrl\":\"https:\/\/anasounds.com\/wp-content\/uploads\/2017\/10\/Logomadeinfrnoirblc.png\",\"width\":300,\"height\":300,\"caption\":\"Anasounds\"},\"image\":{\"@id\":\"https:\/\/anasounds.com\/#\/schema\/logo\/image\/\"},\"sameAs\":[\"https:\/\/www.facebook.com\/AnasoundsFX\/\",\"https:\/\/www.instagram.com\/anasounds\/\",\"https:\/\/www.youtube.com\/user\/AnaSoundsFR\"]}]}<\/script>\n<!-- \/ Yoast SEO plugin. -->","yoast_head_json":{"title":"SAVAGE & CERBERUS - limited edition double overdrive pedal !","description":"2 magnifiques overdrive dans une p\u00e9dale ! Retrouvez la dynamique de la Savage coupl\u00e9e \u00e0 l'agressivit\u00e9 de la Cerberus et de ses 3 voicings dans une seule boite ! 299\u20ac, seulement 50 exemplaires dans le monde.","robots":{"index":"index","follow":"follow","max-snippet":"max-snippet:-1","max-image-preview":"max-image-preview:large","max-video-preview":"max-video-preview:-1"},"canonical":"https:\/\/anasounds.com\/fr\/produit\/savage-cerberus-ltd-edition\/","og_locale":"fr_FR","og_type":"article","og_title":"SAVAGE & CERBERUS - limited edition double overdrive pedal !","og_description":"2 magnifiques overdrive dans une p\u00e9dale ! Retrouvez la dynamique de la Savage coupl\u00e9e \u00e0 l'agressivit\u00e9 de la Cerberus et de ses 3 voicings dans une seule boite ! 299\u20ac, seulement 50 exemplaires dans le monde.","og_url":"https:\/\/anasounds.com\/fr\/produit\/savage-cerberus-ltd-edition\/","og_site_name":"Anasounds","article_publisher":"https:\/\/www.facebook.com\/AnasoundsFX\/","article_modified_time":"2023-11-25T21:55:59+00:00","og_image":[{"width":2500,"height":1667,"url":"https:\/\/anasounds.com\/wp-content\/uploads\/2018\/11\/face-1.jpg","type":"image\/jpeg"}],"twitter_card":"summary_large_image","twitter_misc":{"Dur\u00e9e de lecture estim\u00e9e":"2 minutes"},"schema":{"@context":"https:\/\/schema.org","@graph":[{"@type":"WebPage","@id":"https:\/\/anasounds.com\/fr\/produit\/savage-cerberus-ltd-edition\/","url":"https:\/\/anasounds.com\/fr\/produit\/savage-cerberus-ltd-edition\/","name":"SAVAGE & CERBERUS - limited edition double overdrive pedal !","isPartOf":{"@id":"https:\/\/anasounds.com\/#website"},"primaryImageOfPage":{"@id":"https:\/\/anasounds.com\/fr\/produit\/savage-cerberus-ltd-edition\/#primaryimage"},"image":{"@id":"https:\/\/anasounds.com\/fr\/produit\/savage-cerberus-ltd-edition\/#primaryimage"},"thumbnailUrl":"https:\/\/anasounds.com\/wp-content\/uploads\/2018\/11\/face-1.jpg","datePublished":"2018-11-21T18:59:20+00:00","dateModified":"2023-11-25T21:55:59+00:00","description":"2 magnifiques overdrive dans une p\u00e9dale ! Retrouvez la dynamique de la Savage coupl\u00e9e \u00e0 l'agressivit\u00e9 de la Cerberus et de ses 3 voicings dans une seule boite ! 299\u20ac, seulement 50 exemplaires dans le monde.","breadcrumb":{"@id":"https:\/\/anasounds.com\/fr\/produit\/savage-cerberus-ltd-edition\/#breadcrumb"},"inLanguage":"fr-FR","potentialAction":[{"@type":"ReadAction","target":["https:\/\/anasounds.com\/fr\/produit\/savage-cerberus-ltd-edition\/"]}]},{"@type":"ImageObject","inLanguage":"fr-FR","@id":"https:\/\/anasounds.com\/fr\/produit\/savage-cerberus-ltd-edition\/#primaryimage","url":"https:\/\/anasounds.com\/wp-content\/uploads\/2018\/11\/face-1.jpg","contentUrl":"https:\/\/anasounds.com\/wp-content\/uploads\/2018\/11\/face-1.jpg","width":2500,"height":1667},{"@type":"BreadcrumbList","@id":"https:\/\/anasounds.com\/fr\/produit\/savage-cerberus-ltd-edition\/#breadcrumb","itemListElement":[{"@type":"ListItem","position":1,"name":"Home","item":"https:\/\/anasounds.com\/fr\/"},{"@type":"ListItem","position":2,"name":"boutique","item":"https:\/\/anasounds.com\/fr\/shop\/"},{"@type":"ListItem","position":3,"name":"savage &#038; cerberus &#8211; ltd edition"}]},{"@type":"WebSite","@id":"https:\/\/anasounds.com\/#website","url":"https:\/\/anasounds.com\/","name":"Anasounds","description":"P\u00e9dales \u00e0 la Fran\u00e7aise","publisher":{"@id":"https:\/\/anasounds.com\/#organization"},"potentialAction":[{"@type":"SearchAction","target":{"@type":"EntryPoint","urlTemplate":"https:\/\/anasounds.com\/?s={search_term_string}"},"query-input":{"@type":"PropertyValueSpecification","valueRequired":true,"valueName":"search_term_string"}}],"inLanguage":"fr-FR"},{"@type":"Organization","@id":"https:\/\/anasounds.com\/#organization","name":"Anasounds","url":"https:\/\/anasounds.com\/","logo":{"@type":"ImageObject","inLanguage":"fr-FR","@id":"https:\/\/anasounds.com\/#\/schema\/logo\/image\/","url":"https:\/\/anasounds.com\/wp-content\/uploads\/2017\/10\/Logomadeinfrnoirblc.png","contentUrl":"https:\/\/anasounds.com\/wp-content\/uploads\/2017\/10\/Logomadeinfrnoirblc.png","width":300,"height":300,"caption":"Anasounds"},"image":{"@id":"https:\/\/anasounds.com\/#\/schema\/logo\/image\/"},"sameAs":["https:\/\/www.facebook.com\/AnasoundsFX\/","https:\/\/www.instagram.com\/anasounds\/","https:\/\/www.youtube.com\/user\/AnaSoundsFR"]}]}},"_links":{"self":[{"href":"https:\/\/anasounds.com\/fr\/wp-json\/wp\/v2\/product\/9892","targetHints":{"allow":["GET"]}}],"collection":[{"href":"https:\/\/anasounds.com\/fr\/wp-json\/wp\/v2\/product"}],"about":[{"href":"https:\/\/anasounds.com\/fr\/wp-json\/wp\/v2\/types\/product"}],"replies":[{"embeddable":true,"href":"https:\/\/anasounds.com\/fr\/wp-json\/wp\/v2\/comments?post=9892"}],"wp:featuredmedia":[{"embeddable":true,"href":"https:\/\/anasounds.com\/fr\/wp-json\/wp\/v2\/media\/9917"}],"wp:attachment":[{"href":"https:\/\/anasounds.com\/fr\/wp-json\/wp\/v2\/media?parent=9892"}],"wp:term":[{"taxonomy":"product_brand","embeddable":true,"href":"https:\/\/anasounds.com\/fr\/wp-json\/wp\/v2\/product_brand?post=9892"},{"taxonomy":"product_cat","embeddable":true,"href":"https:\/\/anasounds.com\/fr\/wp-json\/wp\/v2\/product_cat?post=9892"},{"taxonomy":"product_tag","embeddable":true,"href":"https:\/\/anasounds.com\/fr\/wp-json\/wp\/v2\/product_tag?post=9892"}],"curies":[{"name":"wp","href":"https:\/\/api.w.org\/{rel}","templated":true}]}}